{"id":40694,"date":"2025-08-13T16:15:19","date_gmt":"2025-08-13T09:15:19","guid":{"rendered":"https:\/\/havamall.vn\/?post_type=product&#038;p=40694"},"modified":"2025-08-13T17:01:05","modified_gmt":"2025-08-13T10:01:05","slug":"rong-bien-an-lien-huu-co-naeiae-15g-10-goi-x-1-5g-organic-roasted-seaweed","status":"publish","type":"product","link":"https:\/\/havamall.vn\/en\/shop\/rong-bien-an-lien-huu-co-naeiae-15g-10-goi-x-1-5g-organic-roasted-seaweed\/","title":{"rendered":"Rong Bi\u1ec3n H\u1eefu C\u01a1 T\u00e1ch Mu\u1ed1i Naeiae 15g (10 g\u00f3i x 1.5g) &#8211; Organic Desalted Seaweed"},"content":{"rendered":"<blockquote>\n<h2><em><strong>TH\u00d4NG TIN CHUNG<\/strong><\/em><\/h2>\n<\/blockquote>\n<div class=\"horizontal-scroll-wrapper\">\n<div class=\"table-block-component\">\n<div class=\"table-block has-export-button\">\n<div class=\"table-content not-end-of-paragraph\">\n<table style=\"width: 85.2564%;height: 230px\">\n<tbody>\n<tr style=\"height: 48px\">\n<td style=\"width: 22.3427%;height: 48px\"><b>Th\u01b0\u01a1ng hi\u1ec7u<\/b><\/td>\n<td style=\"width: 76.1388%;height: 48px\">Naeiae<\/td>\n<\/tr>\n<tr style=\"height: 24px\">\n<td style=\"width: 22.3427%;height: 24px\"><b>Xu\u1ea5t x\u1ee9<\/b><\/td>\n<td style=\"width: 76.1388%;height: 24px\">H\u00e0n Qu\u1ed1c<\/td>\n<\/tr>\n<tr style=\"height: 24px\">\n<td style=\"width: 22.3427%;height: 24px\"><b>Th\u00e0nh ph\u1ea7n<\/b><\/td>\n<td style=\"width: 76.1388%;height: 24px\">Rong bi\u1ec3n h\u1eefu c\u01a1, d\u1ea7u oliu h\u1eefu c\u01a1, mu\u1ed1i bi\u1ec3n<\/td>\n<\/tr>\n<tr style=\"height: 48px\">\n<td style=\"width: 22.3427%;height: 48px\"><b>H\u1ea1n s\u1eed d\u1ee5ng<\/b><\/td>\n<td style=\"width: 76.1388%;height: 48px\">Xem tr\u00ean bao b\u00ec<\/td>\n<\/tr>\n<tr style=\"height: 48px\">\n<td style=\"width: 22.3427%;height: 48px\"><b>B\u1ea3o qu\u1ea3n<\/b><\/td>\n<td style=\"width: 76.1388%;height: 48px\">N\u01a1i kh\u00f4 r\u00e1o, tho\u00e1ng m\u00e1t, tr\u00e1nh \u00e1nh n\u1eafng tr\u1ef1c ti\u1ebfp<\/td>\n<\/tr>\n<tr style=\"height: 24px\">\n<td style=\"width: 22.3427%;height: 24px\"><b>Kh\u1ed1i l\u01b0\u1ee3ng<\/b><\/td>\n<td style=\"width: 76.1388%;height: 24px\">15g (10 g\u00f3i x 1.5g)<\/td>\n<\/tr>\n<\/tbody>\n<\/table>\n<p>T\u1eeb v\u00f9ng bi\u1ec3n trong l\u00e0nh c\u1ee7a H\u00e0n Qu\u1ed1c, th\u01b0\u01a1ng hi\u1ec7u\u00a0<strong>Naeiae<\/strong>\u00a0\u0111\u00e3 mang \u0111\u1ebfn m\u1ed9t s\u1ea3n ph\u1ea9m rong bi\u1ec3n kh\u00f4ng ch\u1ec9 th\u01a1m ngon m\u00e0 c\u00f2n \u0111\u1eb7c bi\u1ec7t an to\u00e0n v\u00e0 l\u00e0nh m\u1ea1nh: Rong bi\u1ec3n h\u1eefu c\u01a1 t\u00e1ch mu\u1ed1i Naeiae, l\u00e0 l\u1ef1a ch\u1ecdn ho\u00e0n h\u1ea3o cho nh\u1eefng ai \u0111ang t\u00ecm ki\u1ebfm m\u1ed9t m\u00f3n \u0103n v\u1eb7t b\u1ed5 d\u01b0\u1ee1ng, m\u1ed9t nguy\u00ean li\u1ec7u ch\u1ea5t l\u01b0\u1ee3ng cao cho b\u1eefa c\u01a1m gia \u0111\u00ecnh, \u0111\u1eb7c bi\u1ec7t l\u00e0 v\u1edbi c\u00e1c em b\u00e9 \u0111ang \u1edf giai \u0111o\u1ea1n \u0103n d\u1eb7m. V\u1edbi quy tr\u00ecnh t\u00e1ch mu\u1ed1i \u0111\u1eb7c bi\u1ec7t, s\u1ea3n ph\u1ea9m gi\u1eef tr\u1ecdn v\u1eb9n h\u01b0\u01a1ng v\u1ecb t\u1ef1 nhi\u00ean c\u1ee7a rong bi\u1ec3n m\u00e0 kh\u00f4ng c\u1ea7n s\u1eed d\u1ee5ng nhi\u1ec1u gia v\u1ecb, \u0111\u1ea3m b\u1ea3o s\u1ef1 tinh khi\u1ebft t\u1ed1i \u0111a.<\/p>\n<p><img fetchpriority=\"high\" decoding=\"async\" class=\"aligncenter wp-image-41658\" src=\"https:\/\/havamall.com\/wp-content\/uploads\/2025\/08\/s-l1200-1.jpg\" alt=\"\" width=\"800\" height=\"640\" \/><\/p>\n<p>\u0110i\u1ec1u l\u00e0m n\u00ean s\u1ef1 kh\u00e1c bi\u1ec7t c\u1ee7a rong bi\u1ec3n Naeiae ch\u00ednh l\u00e0 quy tr\u00ecnh s\u1ea3n xu\u1ea5t \u0111\u1eb7c tr\u01b0ng, t\u1eadp trung v\u00e0o s\u1ef1 tinh khi\u1ebft v\u00e0 an to\u00e0n. Nguy\u00ean li\u1ec7u \u0111\u01b0\u1ee3c s\u1eed d\u1ee5ng l\u00e0 100% rong bi\u1ec3n h\u1eefu c\u01a1, \u0111\u01b0\u1ee3c nu\u00f4i tr\u1ed3ng trong m\u00f4i tr\u01b0\u1eddng bi\u1ec3n s\u1ea1ch c\u1ee7a H\u00e0n Qu\u1ed1c, \u0111\u1ea3m b\u1ea3o kh\u00f4ng c\u00f3 h\u00f3a ch\u1ea5t \u0111\u1ed9c h\u1ea1i. \u0110i\u1ec3m nh\u1ea5n c\u1ee7a quy tr\u00ecnh n\u00e0y l\u00e0 c\u00f4ng ngh\u1ec7 t\u00e1ch mu\u1ed1i ti\u00ean ti\u1ebfn. Nh\u1edd \u0111\u00f3, s\u1ea3n ph\u1ea9m lo\u1ea1i b\u1ecf ph\u1ea7n l\u1edbn l\u01b0\u1ee3ng mu\u1ed1i t\u1ef1 nhi\u00ean c\u00f3 trong rong bi\u1ec3n, mang l\u1ea1i m\u1ed9t h\u01b0\u01a1ng v\u1ecb thanh khi\u1ebft, kh\u00f4ng m\u1eb7n g\u1eaft, r\u1ea5t ph\u00f9 h\u1ee3p v\u1edbi kh\u1ea9u v\u1ecb c\u1ee7a tr\u1ebb nh\u1ecf v\u00e0 nh\u1eefng ng\u01b0\u1eddi \u0103n ki\u00eang.<\/p>\n<p>\u2013 To\u00e0n b\u1ed9 quy tr\u00ecnh t\u1eeb nu\u00f4i tr\u1ed3ng, thu ho\u1ea1ch \u0111\u1ebfn ch\u1ebf bi\u1ebfn \u0111\u1ec1u tu\u00e2n th\u1ee7 c\u00e1c ti\u00eau chu\u1ea9n nghi\u00eam ng\u1eb7t, \u0111\u1ea1t ch\u1ee9ng nh\u1eadn h\u1eefu c\u01a1 qu\u1ed1c t\u1ebf v\u00e0 HACCP.<\/p>\n<p>\u2013 M\u1ed7i l\u00e1 rong bi\u1ec3n \u0111\u01b0\u1ee3c n\u01b0\u1edbng m\u1ed9t c\u00e1ch nh\u1eb9 nh\u00e0ng, gi\u1eef l\u1ea1i \u0111\u1ed9 gi\u00f2n, h\u01b0\u01a1ng th\u01a1m t\u1ef1 nhi\u00ean m\u00e0 kh\u00f4ng c\u1ea7n \u0111\u1ebfn d\u1ea7u m\u1ee1 hay c\u00e1c lo\u1ea1i gia v\u1ecb c\u1ea7u k\u1ef3 kh\u00e1c.<\/p>\n<p>\u2013 K\u1ebft qu\u1ea3 l\u00e0 m\u1ed9t m\u00f3n \u0103n gi\u00f2n, th\u01a1m, tan ngay trong mi\u1ec7ng, kh\u00f4ng g\u00e2y c\u1ea3m gi\u00e1c ng\u00e1n hay kh\u00f3 ch\u1ecbu.<\/p>\n<p><img decoding=\"async\" class=\"aligncenter\" src=\"https:\/\/havamall.com\/wp-content\/uploads\/2025\/08\/news-p.v1.20250723.05bc5026017745cba22ec6c5d41bc0f2_P1.jpg\" alt=\"Korea's dried seaweed went global. Now, it's going green - The Korea Herald\" width=\"800\" height=\"533\" \/><\/p>\n<p>V\u1edbi h\u01b0\u01a1ng v\u1ecb d\u1ecbu nh\u1eb9 v\u00e0 \u0111\u1eb7c t\u00ednh kh\u00f4ng mu\u1ed1i, rong bi\u1ec3n Naeiae l\u00e0 m\u1ed9t nguy\u00ean li\u1ec7u \u0111a n\u0103ng trong \u1ea9m th\u1ef1c, \u0111\u1eb7c bi\u1ec7t l\u00e0 v\u1edbi c\u00e1c gia \u0111\u00ecnh c\u00f3 tr\u1ebb nh\u1ecf.<\/p>\n<p>\u2013 M\u00f3n \u0103n d\u1eb7m: C\u00f3 th\u1ec3 x\u00e9 nh\u1ecf, r\u1eafc v\u00e0o ch\u00e1o, s\u00fap ho\u1eb7c c\u00e1c m\u00f3n b\u1ed9t \u0103n d\u1eb7m c\u1ee7a b\u00e9 \u0111\u1ec3 b\u1ed5 sung d\u01b0\u1ee1ng ch\u1ea5t v\u00e0 t\u0103ng h\u01b0\u01a1ng v\u1ecb m\u1ed9t c\u00e1ch t\u1ef1 nhi\u00ean.<\/p>\n<p>\u2013 \u0102n tr\u1ef1c ti\u1ebfp: D\u00f9ng nh\u01b0 m\u1ed9t m\u00f3n \u0103n v\u1eb7t l\u00e0nh m\u1ea1nh cho tr\u1ebb em v\u00e0 ng\u01b0\u1eddi l\u1edbn, cung c\u1ea5p n\u0103ng l\u01b0\u1ee3ng nhanh ch\u00f3ng m\u00e0 kh\u00f4ng lo v\u1ec1 l\u01b0\u1ee3ng mu\u1ed1i.<\/p>\n<p>\u2013 G\u00f3i c\u01a1m: Rong bi\u1ec3n t\u00e1ch mu\u1ed1i Naeiae r\u1ea5t ph\u00f9 h\u1ee3p \u0111\u1ec3 g\u00f3i c\u01a1m n\u1eafm ho\u1eb7c c\u01a1m cu\u1ed9n, mang \u0111\u1ebfn m\u1ed9t b\u1eefa \u0103n \u0111\u01a1n gi\u1ea3n nh\u01b0ng \u0111\u1ea7y \u0111\u1ee7 dinh d\u01b0\u1ee1ng.<\/p>\n<p>\u2013 K\u1ebft h\u1ee3p v\u1edbi m\u00f3n \u0103n: Th\u00eam v\u00e0o c\u00e1c m\u00f3n salad, m\u00ec, ho\u1eb7c d\u00f9ng k\u00e8m v\u1edbi c\u00e1c m\u00f3n c\u00e1 n\u01b0\u1edbng, th\u1ecbt lu\u1ed9c \u0111\u1ec3 l\u00e0m t\u0103ng h\u01b0\u01a1ng v\u1ecb m\u1ed9t c\u00e1ch tinh t\u1ebf.<\/p>\n<p><img decoding=\"async\" class=\"aligncenter wp-image-41659\" src=\"https:\/\/havamall.com\/wp-content\/uploads\/2025\/08\/Tuna-Seaweed-Snacks-Walder-Wellness-6-1-scaled.jpg\" alt=\"\" width=\"800\" height=\"640\" \/><\/p>\n<p>Rong bi\u1ec3n t\u1eeb l\u00e2u \u0111\u00e3 \u0111\u01b0\u1ee3c bi\u1ebft \u0111\u1ebfn l\u00e0 m\u1ed9t &#8220;si\u00eau th\u1ef1c ph\u1ea9m&#8221; t\u1eeb \u0111\u1ea1i d\u01b0\u01a1ng, v\u00e0 rong bi\u1ec3n h\u1eefu c\u01a1 t\u00e1ch mu\u1ed1i Naeiae v\u1eabn gi\u1eef tr\u1ecdn v\u1eb9n nh\u1eefng gi\u00e1 tr\u1ecb dinh d\u01b0\u1ee1ng \u0111\u00f3. S\u1ea3n ph\u1ea9m n\u00e0y l\u00e0 ngu\u1ed3n cung c\u1ea5p i-\u1ed1t d\u1ed3i d\u00e0o, m\u1ed9t kho\u00e1ng ch\u1ea5t thi\u1ebft y\u1ebfu cho s\u1ef1 ph\u00e1t tri\u1ec3n c\u1ee7a n\u00e3o b\u1ed9 v\u00e0 ch\u1ee9c n\u0103ng tuy\u1ebfn gi\u00e1p. Ngo\u00e0i ra, rong bi\u1ec3n c\u00f2n ch\u1ee9a nhi\u1ec1u vitamin v\u00e0 kho\u00e1ng ch\u1ea5t kh\u00e1c nh\u01b0 canxi, s\u1eaft, vitamin A, C, v\u00e0 ch\u1ea5t x\u01a1. V\u1edbi \u0111\u1eb7c t\u00ednh \u0111\u01b0\u1ee3c t\u00e1ch mu\u1ed1i, rong bi\u1ec3n Naeiae tr\u1edf th\u00e0nh m\u1ed9t l\u1ef1a ch\u1ecdn l\u00fd t\u01b0\u1edfng \u0111\u1ec3 t\u1eadn d\u1ee5ng t\u1ed1i \u0111a c\u00e1c l\u1ee3i \u00edch c\u1ee7a rong bi\u1ec3n m\u00e0 kh\u00f4ng ph\u1ea3i lo l\u1eafng v\u1ec1 l\u01b0\u1ee3ng natri n\u1ea1p v\u00e0o c\u01a1 th\u1ec3, r\u1ea5t t\u1ed1t cho h\u1ec7 tim m\u1ea1ch v\u00e0 s\u1ee9c kh\u1ecfe t\u1ed5ng th\u1ec3.<\/p>\n<p><img loading=\"lazy\" decoding=\"async\" class=\"aligncenter\" src=\"https:\/\/havamall.com\/wp-content\/uploads\/2025\/08\/tuna-kimchi-jumeokbap-3-1024x768.webp\" alt=\"Easy Kimchi Tuna Jumeokbap: Korean Rice Balls | Blonde Kimchi\" width=\"800\" height=\"600\" \/><\/p>\n<p>Rong bi\u1ec3n h\u1eefu c\u01a1 t\u00e1ch mu\u1ed1i Naeiae l\u00e0 s\u1ef1 k\u1ebft h\u1ee3p ho\u00e0n h\u1ea3o gi\u1eefa h\u01b0\u01a1ng v\u1ecb t\u1ef1 nhi\u00ean v\u00e0 gi\u00e1 tr\u1ecb dinh d\u01b0\u1ee1ng cao, mang \u0111\u1ebfn s\u1ef1 an t\u00e2m tuy\u1ec7t \u0111\u1ed1i cho ng\u01b0\u1eddi ti\u00eau d\u00f9ng. V\u1edbi s\u1ef1 ti\u1ec7n l\u1ee3i v\u00e0 ch\u1ea5t l\u01b0\u1ee3ng v\u01b0\u1ee3t tr\u1ed9i, rong bi\u1ec3n Naeiae x\u1ee9ng \u0111\u00e1ng c\u00f3 m\u1eb7t trong m\u1ecdi gian b\u1ebfp gia \u0111\u00ecnh. S\u1ea3n ph\u1ea9m hi\u1ec7n \u0111ang \u0111\u01b0\u1ee3c b\u00e1n t\u1ea1i Havamall.<\/p>\n<\/div>\n<\/div>\n<\/div>\n<\/div>","protected":false},"excerpt":{"rendered":"<p>TH\u00d4NG TIN CHUNG Th\u01b0\u01a1ng hi\u1ec7u Naeiae Xu\u1ea5t x\u1ee9 H\u00e0n Qu\u1ed1c Th\u00e0nh ph\u1ea7n Rong bi\u1ec3n h\u1eefu c\u01a1, d\u1ea7u oliu h\u1eefu c\u01a1,<\/p>","protected":false},"featured_media":40696,"comment_status":"open","ping_status":"closed","template":"","meta":[],"product_brand":[],"product_cat":[676,256],"product_tag":[],"class_list":{"0":"post-40694","1":"product","2":"type-product","3":"status-publish","4":"has-post-thumbnail","6":"product_cat-nhap-khau-han-quoc","7":"product_cat-thuc-pham-huu-co","9":"first","10":"instock","11":"sale","12":"shipping-taxable","13":"purchasable","14":"product-type-simple"},"_links":{"self":[{"href":"https:\/\/havamall.vn\/en\/wp-json\/wp\/v2\/product\/40694"}],"collection":[{"href":"https:\/\/havamall.vn\/en\/wp-json\/wp\/v2\/product"}],"about":[{"href":"https:\/\/havamall.vn\/en\/wp-json\/wp\/v2\/types\/product"}],"replies":[{"embeddable":true,"href":"https:\/\/havamall.vn\/en\/wp-json\/wp\/v2\/comments?post=40694"}],"version-history":[{"count":0,"href":"https:\/\/havamall.vn\/en\/wp-json\/wp\/v2\/product\/40694\/revisions"}],"wp:featuredmedia":[{"embeddable":true,"href":"https:\/\/havamall.vn\/en\/wp-json\/wp\/v2\/media\/40696"}],"wp:attachment":[{"href":"https:\/\/havamall.vn\/en\/wp-json\/wp\/v2\/media?parent=40694"}],"wp:term":[{"taxonomy":"product_brand","embeddable":true,"href":"https:\/\/havamall.vn\/en\/wp-json\/wp\/v2\/product_brand?post=40694"},{"taxonomy":"product_cat","embeddable":true,"href":"https:\/\/havamall.vn\/en\/wp-json\/wp\/v2\/product_cat?post=40694"},{"taxonomy":"product_tag","embeddable":true,"href":"https:\/\/havamall.vn\/en\/wp-json\/wp\/v2\/product_tag?post=40694"}],"curies":[{"name":"wp","href":"https:\/\/api.w.org\/{rel}","templated":true}]}}