{"id":40485,"date":"2025-08-03T14:28:08","date_gmt":"2025-08-03T07:28:08","guid":{"rendered":"https:\/\/havamall.vn\/?post_type=product&#038;p=40485"},"modified":"2025-08-03T14:28:15","modified_gmt":"2025-08-03T07:28:15","slug":"ca-chua-say-kho-ngam-dau-metro-chef-hu-340g-pomodori-secchi-in-olio-metro-chef","status":"publish","type":"product","link":"https:\/\/havamall.vn\/en\/shop\/ca-chua-say-kho-ngam-dau-metro-chef-hu-340g-pomodori-secchi-in-olio-metro-chef\/","title":{"rendered":"C\u00e0 Chua S\u1ea5y Kh\u00f4 Ng\u00e2m D\u1ea7u Metro Chef H\u0169 340g \u2013 Pomodori Secchi In Olio Metro Chef"},"content":{"rendered":"<blockquote>\n<h2 class=\"product-detail__specs-title\"><em><strong>TH\u00d4NG TIN CHUNG<\/strong><\/em><\/h2>\n<\/blockquote>\n<div id=\"js-product-detail__specs\" class=\"product-detail__specs\">\n<div class=\"row\">\n<div class=\"col-sm-12\">\n<div class=\"product-specs__table\">\n<table style=\"width: 56.0386%;height: 214px\">\n<tbody>\n<tr>\n<td class=\"specs-table__property\" style=\"width: 29.9658%\">Th\u01b0\u01a1ng hi\u1ec7u<\/td>\n<td class=\"specs-table__value\" style=\"width: 74.3151%\">Metro Chef<\/td>\n<\/tr>\n<tr>\n<td class=\"specs-table__property\" style=\"width: 29.9658%\">Xu\u1ea5t x\u1ee9<\/td>\n<td class=\"specs-table__value\" style=\"width: 74.3151%\">\u00dd<\/td>\n<\/tr>\n<tr>\n<td class=\"specs-table__property\" style=\"width: 29.9658%\">H\u1ea1n s\u1eed d\u1ee5ng<\/td>\n<td class=\"specs-table__value\" style=\"width: 74.3151%\">12 th\u00e1ng<\/td>\n<\/tr>\n<tr>\n<td class=\"specs-table__property\" style=\"width: 29.9658%\">H\u01b0\u1edbng d\u1eabn s\u1eed d\u1ee5ng<\/td>\n<td class=\"specs-table__value\" style=\"width: 74.3151%\">D\u00f9ng tr\u1ef1c ti\u1ebfp ho\u1eb7c d\u00f9ng ch\u1ebf bi\u1ebfn c\u00e1c m\u00f3n \u0103n tu\u1ef3 th\u00edch<\/td>\n<\/tr>\n<tr>\n<td class=\"specs-table__property\" style=\"width: 29.9658%\">H\u01b0\u1edbng d\u1eabn b\u1ea3o qu\u1ea3n<\/td>\n<td class=\"specs-table__value\" style=\"width: 74.3151%\">B\u1ea3o qu\u1ea3n n\u01a1i kh\u00f4 r\u00e1o, tho\u00e1ng m\u00e1t<\/td>\n<\/tr>\n<tr>\n<td class=\"specs-table__property\" style=\"width: 29.9658%\">Th\u00e0nh ph\u1ea7n nguy\u00ean li\u1ec7u<\/td>\n<td class=\"specs-table__value\" style=\"width: 74.3151%\">Nh\u01b0 tr\u00ean bao b\u00ec<\/td>\n<\/tr>\n<tr>\n<td class=\"specs-table__property\" style=\"width: 29.9658%\">Th\u1ec3 t\u00edch<\/td>\n<td class=\"specs-table__value\" style=\"width: 74.3151%\">340g<\/td>\n<\/tr>\n<\/tbody>\n<\/table>\n<article class=\"text-token-text-primary w-full focus:outline-none scroll-mt-[calc(var(--header-height)+min(200px,max(70px,20svh)))]\" dir=\"auto\" data-testid=\"conversation-turn-32\" data-scroll-anchor=\"true\" data-turn=\"assistant\">\n<div class=\"text-base my-auto mx-auto pb-10 [--thread-content-margin:--spacing(4)] @[37rem]:[--thread-content-margin:--spacing(6)] @[72rem]:[--thread-content-margin:--spacing(16)] px-(--thread-content-margin)\">\n<div class=\"[--thread-content-max-width:32rem] @[34rem]:[--thread-content-max-width:40rem] @[64rem]:[--thread-content-max-width:48rem] mx-auto max-w-(--thread-content-max-width) flex-1 group\/turn-messages focus-visible:outline-hidden relative flex w-full min-w-0 flex-col agent-turn\">\n<div class=\"flex max-w-full flex-col grow\">\n<div class=\"min-h-8 text-message relative flex w-full flex-col items-end gap-2 text-start break-words whitespace-normal [.text-message+&amp;]:mt-5\" dir=\"auto\" data-message-author-role=\"assistant\" data-message-id=\"d9b9ebb2-b345-45aa-94fe-7e82eece8f86\" data-message-model-slug=\"gpt-4o\">\n<div class=\"flex w-full flex-col gap-1 empty:hidden first:pt-[3px]\">\n<div class=\"markdown prose dark:prose-invert w-full break-words light markdown-new-styling\">\n<p data-start=\"192\" data-end=\"764\">\u1ea8m th\u1ef1c kh\u00f4ng ch\u1ec9 l\u00e0 s\u1ef1 k\u1ebft h\u1ee3p gi\u1eefa nguy\u00ean li\u1ec7u v\u00e0 c\u00f4ng th\u1ee9c, m\u00e0 c\u00f2n l\u00e0 h\u00e0nh tr\u00ecnh g\u00f3i gh\u00e9m nh\u1eefng tr\u1ea3i nghi\u1ec7m c\u1ee7a v\u00f9ng \u0111\u1ea5t, kh\u00ed h\u1eadu v\u00e0 con ng\u01b0\u1eddi n\u01a1i s\u1ea3n v\u1eadt \u0111\u01b0\u1ee3c sinh ra. Nh\u1eefng v\u00f9ng n\u1eafng gi\u00f3 quanh n\u0103m nh\u01b0 mi\u1ec1n Nam n\u01b0\u1edbc \u00dd \u0111\u00e3 s\u1ea3n sinh ra nhi\u1ec1u nguy\u00ean li\u1ec7u \u0111\u1eb7c bi\u1ec7t, trong \u0111\u00f3 c\u00e0 chua s\u1ea5y kh\u00f4 ng\u00e2m d\u1ea7u \u2013 hay c\u00f2n g\u1ecdi l\u00e0\u00a0<em data-start=\"508\" data-end=\"533\">Pomodori Secchi in Olio<\/em>\u00a0\u2013 l\u00e0 m\u1ed9t vi\u00ean ng\u1ecdc qu\u00fd trong kho t\u00e0ng th\u1ef1c ph\u1ea9m truy\u1ec1n th\u1ed1ng. D\u01b0 v\u1ecb n\u1ed3ng n\u00e0n c\u1ee7a n\u1eafng, gi\u00f3 v\u00e0 th\u1ea3o m\u1ed9c \u0111\u1eadm ch\u1ea5t \u0110\u1ecba Trung H\u1ea3i gi\u1edd \u0111\u00e2y \u0111\u00e3 c\u00f3 m\u1eb7t trong c\u0103n b\u1ebfp hi\u1ec7n \u0111\u1ea1i, mang \u0111\u1ebfn s\u1ef1 ph\u00e1 c\u00e1ch \u0111\u1ea7y quy\u1ebfn r\u0169 cho nh\u1eefng m\u00f3n \u0103n quen thu\u1ed9c.<\/p>\n<p data-start=\"192\" data-end=\"764\"><img fetchpriority=\"high\" decoding=\"async\" class=\"aligncenter\" src=\"https:\/\/havamall.com\/wp-content\/uploads\/2025\/08\/SUN-DRIED-TOMATOES-01-035671-WEB.jpg\" width=\"800\" height=\"1000\" \/><\/p>\n<blockquote>\n<h3 data-start=\"766\" data-end=\"824\"><span style=\"font-size: 18pt\"><strong><em>Pomodori Secchi In Olio<\/em><\/strong><\/span><\/h3>\n<\/blockquote>\n<p data-start=\"826\" data-end=\"1264\"><strong><em data-start=\"826\" data-end=\"851\">Pomodori Secchi in Olio<\/em><\/strong>\u00a0l\u00e0 nh\u1eefng tr\u00e1i c\u00e0 chua \u0111\u01b0\u1ee3c ch\u1ecdn l\u1ecdc k\u1ef9 l\u01b0\u1ee1ng, ph\u01a1i kh\u00f4 t\u1eeb t\u1eeb d\u01b0\u1edbi \u00e1nh n\u1eafng t\u1ef1 nhi\u00ean \u0111\u1ec3 gi\u1eef l\u1ea1i v\u1ecb ng\u1ecdt \u0111\u1eadm v\u00e0 \u0111\u1ed9 m\u1ec1m d\u1ebbo l\u00fd t\u01b0\u1edfng. Sau \u0111\u00f3, c\u00e0 chua \u0111\u01b0\u1ee3c ng\u00e2m trong h\u1ed7n h\u1ee3p d\u1ea7u th\u1ef1c v\u1eadt v\u00e0 c\u00e1c lo\u1ea1i th\u1ea3o m\u1ed9c nh\u01b0 oregano, h\u00fang qu\u1ebf, t\u1ecfi\u2026 gi\u00fap t\u0103ng h\u01b0\u01a1ng v\u00e0 b\u1ea3o qu\u1ea3n t\u1ef1 nhi\u00ean. Th\u01b0\u01a1ng hi\u1ec7u\u00a0<em><strong>Metro Chef<\/strong>\u00a0<\/em>\u0111\u00e3 t\u00e1i hi\u1ec7n \u0111\u00fang tinh th\u1ea7n c\u1ee7a m\u00f3n \u0103n c\u1ed5 \u0111i\u1ec3n n\u00e0y \u2013 \u0111\u1eadm \u0111\u00e0, c\u00e2n b\u1eb1ng v\u00e0 s\u1eb5n s\u00e0ng l\u00e0m b\u1eebng s\u00e1ng c\u1ea3 m\u1ed9t m\u00f3n \u0103n \u0111\u01a1n gi\u1ea3n.<\/p>\n<p data-start=\"1266\" data-end=\"1504\">Nh\u1eefng mi\u1ebfng c\u00e0 chua ng\u00e2m d\u1ea7u c\u00f3 k\u1ebft c\u1ea5u m\u1ec1m d\u1ebbo, v\u1ecb ng\u1ecdt d\u1ecbu xen l\u1eabn ch\u00fat m\u1eb7n nh\u1eb9 t\u1ef1 nhi\u00ean, k\u00e8m theo l\u1edbp d\u1ea7u mang h\u01b0\u01a1ng th\u1ea3o m\u1ed9c r\u1ea5t \u201cm\u1edf v\u1ecb\u201d. Ch\u00ednh s\u1ef1 t\u01b0\u01a1ng ph\u1ea3n n\u00e0y t\u1ea1o n\u00ean \u0111i\u1ec3m nh\u1ea5n khi k\u1ebft h\u1ee3p c\u00f9ng c\u00e1c m\u00f3n \u0103n hi\u1ec7n \u0111\u1ea1i hay truy\u1ec1n th\u1ed1ng.<\/p>\n<p data-start=\"1266\" data-end=\"1504\"><img decoding=\"async\" class=\"aligncenter  wp-image-41555\" src=\"https:\/\/havamall.com\/wp-content\/uploads\/2025\/08\/526347736_1054261460166315_6334526742723210338_n.jpg\" alt=\"\" width=\"800\" height=\"1000\" \/><\/p>\n<blockquote>\n<h3 data-start=\"1506\" data-end=\"1545\"><strong><em><span style=\"font-size: 18pt\">G\u1ee3i \u00fd s\u1eed d\u1ee5ng \u2013 \u0110\u01a1n gi\u1ea3n m\u00e0 \u0111\u1eb7c s\u1eafc<\/span><\/em><\/strong><\/h3>\n<\/blockquote>\n<p data-start=\"1547\" data-end=\"1675\">Kh\u00f4ng c\u1ea7n \u0111\u1ebfn k\u1ef9 thu\u1eadt ph\u1ee9c t\u1ea1p, ch\u1ec9 v\u1edbi m\u1ed9t v\u00e0i mi\u1ebfng c\u00e0 chua ng\u00e2m d\u1ea7u l\u00e0 b\u1ea1n \u0111\u00e3 c\u00f3 th\u1ec3 n\u00e2ng t\u1ea7m h\u01b0\u01a1ng v\u1ecb cho b\u1eefa \u0103n h\u1eb1ng ng\u00e0y:<\/p>\n<p data-start=\"1677\" data-end=\"2071\">\u2013 Th\u00eam v\u00e0o sandwich, b\u00e1nh m\u00ec n\u01b0\u1edbng ho\u1eb7c focaccia \u0111\u1ec3 t\u0103ng chi\u1ec1u s\u00e2u h\u01b0\u01a1ng v\u1ecb<br data-start=\"1752\" data-end=\"1755\" \/>\u2013 C\u1eaft nh\u1ecf tr\u1ed9n c\u00f9ng salad, m\u00ec \u00dd ngu\u1ed9i ho\u1eb7c couscous<br data-start=\"1806\" data-end=\"1809\" \/>\u2013 L\u00e0m topping cho pizza, bruschetta ho\u1eb7c panini<br data-start=\"1856\" data-end=\"1859\" \/>\u2013 Nghi\u1ec1n nhuy\u1ec5n c\u00f9ng d\u1ea7u \u00f4 liu v\u00e0 h\u1ea1t \u0111\u1ec3 l\u00e0m s\u1ed1t ch\u1ea5m, s\u1ed1t tr\u1ed9n pasta<br data-start=\"1928\" data-end=\"1931\" \/>\u2013 K\u1ebft h\u1ee3p c\u00f9ng c\u00e1c lo\u1ea1i ph\u00f4 mai nh\u01b0 mozzarella, ricotta ho\u1eb7c burrata<br data-start=\"1999\" data-end=\"2002\" \/>\u2013 D\u00f9ng l\u00e0m nguy\u00ean li\u1ec7u \u01b0\u1edbp cho c\u00e1c m\u00f3n n\u01b0\u1edbng nh\u01b0 th\u1ecbt g\u00e0, c\u00e1 ho\u1eb7c n\u1ea5m<\/p>\n<p data-start=\"1677\" data-end=\"2071\"><img decoding=\"async\" class=\"aligncenter\" src=\"https:\/\/havamall.com\/wp-content\/uploads\/2025\/08\/easy-sun-dried-tomato-pizza-2.jpg\" alt=\"Easy Sun-Dried Tomato Pizza - A Quaint Life\" width=\"800\" height=\"533\" \/><\/p>\n<p data-start=\"2073\" data-end=\"2299\">M\u1ed9t \u01b0u \u0111i\u1ec3m n\u1eefa c\u1ee7a\u00a0<em data-start=\"2093\" data-end=\"2118\">Pomodori Secchi in Olio<\/em>\u00a0l\u00e0 th\u1eddi h\u1ea1n b\u1ea3o qu\u1ea3n l\u00e2u d\u00e0i m\u00e0 kh\u00f4ng c\u1ea7n ph\u1ee5 gia nh\u00e2n t\u1ea1o. Khi k\u1ebft h\u1ee3p c\u00f9ng c\u00e1c nguy\u00ean li\u1ec7u t\u01b0\u01a1i, m\u00f3n \u0103n v\u1eeba gi\u1eef \u0111\u01b0\u1ee3c \u0111\u1ed9 an to\u00e0n th\u1ef1c ph\u1ea9m v\u1eeba th\u1ec3 hi\u1ec7n gu th\u1ea9m m\u1ef9 \u1ea9m th\u1ef1c tinh t\u1ebf.<\/p>\n<p data-start=\"2073\" data-end=\"2299\"><img loading=\"lazy\" decoding=\"async\" class=\"aligncenter\" src=\"https:\/\/havamall.com\/wp-content\/uploads\/2025\/08\/Vegan-Pesto-and-Sun-Dried-Tomato-Sandwiches.jpg\" alt=\"Vegan Pesto and Sun-dried Tomato Sandwich\" width=\"801\" height=\"534\" \/><\/p>\n<p data-start=\"2361\" data-end=\"2807\"><em><strong>Th\u01b0\u01a1ng hi\u1ec7u Metro Chef<\/strong><\/em>\u00a0v\u1ed1n n\u1ed5i ti\u1ebfng v\u1edbi nh\u1eefng d\u00f2ng th\u1ef1c ph\u1ea9m ch\u1ea5t l\u01b0\u1ee3ng cao chuy\u00ean d\u00f9ng cho b\u1ebfp nh\u00e0 h\u00e0ng v\u00e0 kh\u00e1ch s\u1ea1n. Khi mang s\u1ea3n ph\u1ea9m v\u00e0o th\u1ecb tr\u01b0\u1eddng ti\u00eau d\u00f9ng gia \u0111\u00ecnh, Metro Chef v\u1eabn gi\u1eef nguy\u00ean ti\u00eau chu\u1ea9n ch\u1ecdn l\u1ecdc nghi\u00eam ng\u1eb7t, quy tr\u00ecnh b\u1ea3o qu\u1ea3n an to\u00e0n v\u00e0 h\u01b0\u01a1ng v\u1ecb chu\u1ea9n m\u1ef1c. C\u00e0 chua s\u1ea5y kh\u00f4 ng\u00e2m d\u1ea7u c\u1ee7a th\u01b0\u01a1ng hi\u1ec7u n\u00e0y kh\u00f4ng ch\u1ec9 mang \u0111\u00fang h\u01b0\u01a1ng v\u1ecb g\u1ed1c \u00dd, m\u00e0 c\u00f2n \u0111\u01b0\u1ee3c \u0111\u00f3ng g\u00f3i ti\u1ec7n l\u1ee3i, d\u1ec5 s\u1eed d\u1ee5ng v\u00e0 b\u1ea3o qu\u1ea3n trong t\u1ee7 l\u1ea1nh sau khi m\u1edf n\u1eafp.<\/p>\n<p data-start=\"2814\" data-end=\"3034\" data-is-last-node=\"\" data-is-only-node=\"\">Hi\u1ec7n c\u00e0 chua s\u1ea5y kh\u00f4 ng\u00e2m d\u1ea7u\u00a0<strong><em data-start=\"2844\" data-end=\"2887\">Pomodori Secchi In Olio \u2013 Metro Chef\u00a0<\/em><\/strong>\u0111ang \u0111\u01b0\u1ee3c ph\u00e2n ph\u1ed1i t\u1ea1i\u00a0<strong data-start=\"2912\" data-end=\"2924\">Havamall,\u00a0<\/strong>l\u00e0 l\u1ef1a ch\u1ecdn x\u1ee9ng \u0111\u00e1ng \u0111\u1ec3 b\u1ea1n tr\u1ea3i nghi\u1ec7m h\u01b0\u01a1ng v\u1ecb n\u1ed3ng n\u00e0n c\u1ee7a \u0110\u1ecba Trung H\u1ea3i trong t\u1eebng m\u00f3n \u0103n m\u1ed7i ng\u00e0y.<\/p>\n<\/div>\n<\/div>\n<\/div>\n<\/div>\n<\/div>\n<\/div>\n<\/article>\n<\/div>\n<\/div>\n<\/div>\n<\/div>\n","protected":false},"excerpt":{"rendered":"<p>TH\u00d4NG TIN CHUNG Th\u01b0\u01a1ng hi\u1ec7u Metro Chef Xu\u1ea5t x\u1ee9 \u00dd H\u1ea1n s\u1eed d\u1ee5ng 12 th\u00e1ng H\u01b0\u1edbng d\u1eabn s\u1eed d\u1ee5ng D\u00f9ng<\/p>","protected":false},"featured_media":40486,"comment_status":"open","ping_status":"closed","template":"","meta":[],"product_brand":[],"product_cat":[672,143],"product_tag":[],"class_list":{"0":"post-40485","1":"product","2":"type-product","3":"status-publish","4":"has-post-thumbnail","6":"product_cat-nhap-khau-y","7":"product_cat-thuc-pham-dong-hop","9":"first","10":"instock","11":"sale","12":"shipping-taxable","13":"purchasable","14":"product-type-simple"},"_links":{"self":[{"href":"https:\/\/havamall.vn\/en\/wp-json\/wp\/v2\/product\/40485"}],"collection":[{"href":"https:\/\/havamall.vn\/en\/wp-json\/wp\/v2\/product"}],"about":[{"href":"https:\/\/havamall.vn\/en\/wp-json\/wp\/v2\/types\/product"}],"replies":[{"embeddable":true,"href":"https:\/\/havamall.vn\/en\/wp-json\/wp\/v2\/comments?post=40485"}],"version-history":[{"count":0,"href":"https:\/\/havamall.vn\/en\/wp-json\/wp\/v2\/product\/40485\/revisions"}],"wp:featuredmedia":[{"embeddable":true,"href":"https:\/\/havamall.vn\/en\/wp-json\/wp\/v2\/media\/40486"}],"wp:attachment":[{"href":"https:\/\/havamall.vn\/en\/wp-json\/wp\/v2\/media?parent=40485"}],"wp:term":[{"taxonomy":"product_brand","embeddable":true,"href":"https:\/\/havamall.vn\/en\/wp-json\/wp\/v2\/product_brand?post=40485"},{"taxonomy":"product_cat","embeddable":true,"href":"https:\/\/havamall.vn\/en\/wp-json\/wp\/v2\/product_cat?post=40485"},{"taxonomy":"product_tag","embeddable":true,"href":"https:\/\/havamall.vn\/en\/wp-json\/wp\/v2\/product_tag?post=40485"}],"curies":[{"name":"wp","href":"https:\/\/api.w.org\/{rel}","templated":true}]}}