{"id":40470,"date":"2025-08-02T17:11:00","date_gmt":"2025-08-02T10:11:00","guid":{"rendered":"https:\/\/havamall.vn\/?post_type=product&#038;p=40470"},"modified":"2026-03-28T11:57:38","modified_gmt":"2026-03-28T04:57:38","slug":"dau-bo-la-tourangelle-nhap-khau-chai-250ml-la-tourangelle-avocado-oil","status":"publish","type":"product","link":"https:\/\/havamall.vn\/en\/shop\/dau-bo-la-tourangelle-nhap-khau-chai-250ml-la-tourangelle-avocado-oil\/","title":{"rendered":"D\u1ea7u B\u01a1 La Tourangelle Nh\u1eadp Kh\u1ea9u Chai 250ml \u2013 La Tourangelle Avocado Oil"},"content":{"rendered":"<blockquote>\n<h2 class=\"product-detail__specs-title\"><em><strong>TH\u00d4NG TIN CHUNG<\/strong><\/em><\/h2>\n<\/blockquote>\n<div id=\"js-product-detail__specs\" class=\"product-detail__specs\">\n<div class=\"row\">\n<div class=\"col-sm-12\">\n<div class=\"product-specs__table\">\n<table style=\"width: 58.4792%;\">\n<tbody>\n<tr>\n<td class=\"specs-table__property\" style=\"width: 29.9658%;\">Th\u01b0\u01a1ng hi\u1ec7u<\/td>\n<td class=\"specs-table__value\" style=\"width: 104.919%;\">La Tourangelle<\/td>\n<\/tr>\n<tr>\n<td class=\"specs-table__property\" style=\"width: 29.9658%;\">Xu\u1ea5t x\u1ee9<\/td>\n<td class=\"specs-table__value\" style=\"width: 104.919%;\">Ph\u00e1p<\/td>\n<\/tr>\n<tr>\n<td class=\"specs-table__property\" style=\"width: 29.9658%;\">H\u1ea1n s\u1eed d\u1ee5ng<\/td>\n<td class=\"specs-table__value\" style=\"width: 104.919%;\">12 th\u00e1ng<\/td>\n<\/tr>\n<tr>\n<td class=\"specs-table__property\" style=\"width: 29.9658%;\">H\u01b0\u1edbng d\u1eabn s\u1eed d\u1ee5ng<\/td>\n<td class=\"specs-table__value\" style=\"width: 104.919%;\">D\u00f9ng tr\u1ef1c ti\u1ebfp ho\u1eb7c d\u00f9ng ch\u1ebf bi\u1ebfn c\u00e1c m\u00f3n \u0103n tu\u1ef3 th\u00edch<\/td>\n<\/tr>\n<tr>\n<td class=\"specs-table__property\" style=\"width: 29.9658%;\">H\u01b0\u1edbng d\u1eabn b\u1ea3o qu\u1ea3n<\/td>\n<td class=\"specs-table__value\" style=\"width: 104.919%;\">B\u1ea3o qu\u1ea3n n\u01a1i kh\u00f4 r\u00e1o, tho\u00e1ng m\u00e1t<\/td>\n<\/tr>\n<tr>\n<td class=\"specs-table__property\" style=\"width: 29.9658%;\">Th\u00e0nh ph\u1ea7n nguy\u00ean li\u1ec7u<\/td>\n<td class=\"specs-table__value\" style=\"width: 104.919%;\">Nh\u01b0 tr\u00ean bao b\u00ec<\/td>\n<\/tr>\n<tr>\n<td class=\"specs-table__property\" style=\"width: 29.9658%;\">Th\u1ec3 t\u00edch<\/td>\n<td class=\"specs-table__value\" style=\"width: 104.919%;\">250ml<\/td>\n<\/tr>\n<\/tbody>\n<\/table>\n<p data-start=\"299\" data-end=\"726\">T\u1eeb l\u00e2u, d\u1ea7u th\u1ef1c v\u1eadt \u0111\u00e3 kh\u00f4ng ch\u1ec9 \u0111\u01a1n thu\u1ea7n l\u00e0 nguy\u00ean li\u1ec7u n\u1ea5u \u0103n m\u00e0 c\u00f2n tr\u1edf th\u00e0nh m\u1ed9t ph\u1ea7n quan tr\u1ecdng trong l\u1ed1i s\u1ed1ng l\u00e0nh m\u1ea1nh. Trong s\u1ed1 \u0111\u00f3, d\u1ea7u b\u01a1 \u0111\u01b0\u1ee3c xem l\u00e0 m\u1ed9t l\u1ef1a ch\u1ecdn v\u01b0\u1ee3t tr\u1ed9i b\u1edfi s\u1ef1 c\u00e2n b\u1eb1ng gi\u1eefa h\u01b0\u01a1ng v\u1ecb t\u1ef1 nhi\u00ean v\u00e0 gi\u00e1 tr\u1ecb dinh d\u01b0\u1ee1ng. V\u1edbi th\u00e0nh ph\u1ea7n \u0111\u01b0\u1ee3c chi\u1ebft xu\u1ea5t ho\u00e0n to\u00e0n t\u1eeb ph\u1ea7n th\u1ecbt qu\u1ea3 b\u01a1 ch\u00edn, d\u1ea7u b\u01a1 gi\u1eef l\u1ea1i \u0111\u01b0\u1ee3c h\u01b0\u01a1ng th\u01a1m d\u1ecbu nh\u1eb9, m\u00e0u xanh ng\u1ecdc \u0111\u1eb7c tr\u01b0ng c\u00f9ng h\u00e0m l\u01b0\u1ee3ng ch\u1ea5t b\u00e9o t\u1ed1t l\u00fd t\u01b0\u1edfng cho s\u1ee9c kh\u1ecfe.<\/p>\n<p data-start=\"299\" data-end=\"726\"><img fetchpriority=\"high\" decoding=\"async\" class=\"aligncenter\" src=\"https:\/\/havamall.com\/wp-content\/uploads\/2025\/08\/11146580-10153305870034735-7410746066479555302-o.jpg\" width=\"800\" height=\"571\" \/><\/p>\n<p data-start=\"341\" data-end=\"838\"><strong><em>La Tourangelle<\/em>\u00a0<\/strong>l\u00e0 m\u1ed9t trong nh\u1eefng th\u01b0\u01a1ng hi\u1ec7u d\u1ea7u th\u1ef1c v\u1eadt n\u1ed5i ti\u1ebfng th\u1ebf gi\u1edbi, c\u00f3 xu\u1ea5t x\u1ee9 t\u1eeb v\u00f9ng Loire Valley n\u01b0\u1edbc Ph\u00e1p. H\u00e3ng s\u1edf h\u1eefu k\u1ef9 thu\u1eadt \u00e9p l\u1ea1nh truy\u1ec1n th\u1ed1ng \u0111\u01b0\u1ee3c l\u01b0u truy\u1ec1n h\u01a1n 150 n\u0103m, chuy\u00ean s\u1ea3n xu\u1ea5t c\u00e1c lo\u1ea1i d\u1ea7u nguy\u00ean ch\u1ea5t t\u1eeb h\u1ea1t v\u00e0 tr\u00e1i c\u00e2y thi\u00ean nhi\u00ean nh\u01b0 \u00f3c ch\u00f3, h\u1ea1t m\u00e8, m\u1eafc ca, b\u01a1\u2026 V\u1edbi tri\u1ebft l\u00fd &#8220;t\u1eeb n\u00f4ng tr\u1ea1i \u0111\u1ebfn b\u00e0n \u0103n&#8221;, La Tourangelle ch\u00fa tr\u1ecdng ch\u1ecdn nguy\u00ean li\u1ec7u t\u1eeb c\u00e1c v\u00f9ng canh t\u00e1c b\u1ec1n v\u1eefng, k\u1ebft h\u1ee3p k\u1ef9 thu\u1eadt ch\u1ebf bi\u1ebfn nh\u1eb9 nh\u00e0ng \u0111\u1ec3 gi\u1eef tr\u1ecdn h\u01b0\u01a1ng v\u1ecb t\u1ef1 nhi\u00ean v\u00e0 dinh d\u01b0\u1ee1ng t\u1ed1i \u0111a.<\/p>\n<p data-start=\"341\" data-end=\"838\"><img decoding=\"async\" class=\"aligncenter\" src=\"https:\/\/havamall.com\/wp-content\/uploads\/2025\/08\/500mL_Salads_Saute_Avo_Oil_Lifestyle_1_1200x.jpg\" width=\"800\" height=\"1066\" \/><\/p>\n<p data-start=\"840\" data-end=\"1179\"><strong><em>D\u1ea7u b\u01a1 c\u1ee7a La Tourangelle<\/em><\/strong>\u00a0l\u00e0 m\u1ed9t minh ch\u1ee9ng \u0111i\u1ec3n h\u00ecnh cho s\u1ef1 h\u00f2a quy\u1ec7n gi\u1eefa tay ngh\u1ec1 th\u1ee7 c\u00f4ng Ph\u00e1p v\u00e0 ngu\u1ed3n nguy\u00ean li\u1ec7u ch\u1ea5t l\u01b0\u1ee3ng cao t\u1eeb nh\u1eefng v\u00f9ng tr\u1ed3ng b\u01a1 \u0111\u1ea1t ti\u00eau chu\u1ea9n h\u1eefu c\u01a1 t\u1ea1i Mexico v\u00e0 California. Nh\u1edd \u0111\u00f3, s\u1ea3n ph\u1ea9m kh\u00f4ng ch\u1ec9 \u0111\u00e1p \u1ee9ng nhu c\u1ea7u \u1ea9m th\u1ef1c cao c\u1ea5p m\u00e0 c\u00f2n tr\u1edf th\u00e0nh l\u1ef1a ch\u1ecdn h\u00e0ng \u0111\u1ea7u cho phong c\u00e1ch s\u1ed1ng l\u00e0nh m\u1ea1nh hi\u1ec7n \u0111\u1ea1i.<\/p>\n<p data-start=\"840\" data-end=\"1179\"><img decoding=\"async\" class=\"aligncenter\" src=\"https:\/\/havamall.com\/wp-content\/uploads\/2025\/08\/5_facd0645-0e55-44c8-9738-9b01745e7574_converted.jpg\" width=\"800\" height=\"800\" \/><\/p>\n<p data-start=\"1244\" data-end=\"1565\">Kh\u00f4ng gi\u1ed1ng nh\u01b0 nhi\u1ec1u lo\u1ea1i d\u1ea7u th\u1ef1c v\u1eadt kh\u00e1c v\u1ed1n \u0111\u01b0\u1ee3c chi\u1ebft xu\u1ea5t t\u1eeb h\u1ea1t, d\u1ea7u b\u01a1 \u0111\u01b0\u1ee3c \u00e9p t\u1eeb ph\u1ea7n th\u1ecbt qu\u1ea3 b\u01a1 ch\u00edn \u2013 ph\u1ea7n gi\u00e0u d\u01b0\u1ee1ng ch\u1ea5t nh\u1ea5t. Qu\u00e1 tr\u00ecnh \u00e9p l\u1ea1nh gi\u00fap gi\u1eef l\u1ea1i h\u1ea7u h\u1ebft c\u00e1c th\u00e0nh ph\u1ea7n t\u1ef1 nhi\u00ean qu\u00fd gi\u00e1 nh\u01b0 axit b\u00e9o kh\u00f4ng b\u00e3o h\u00f2a \u0111\u01a1n (Oleic Acid), vitamin E, phytosterol v\u00e0 c\u00e1c ch\u1ea5t ch\u1ed1ng oxy h\u00f3a t\u1ef1 nhi\u00ean kh\u00e1c.<\/p>\n<p data-start=\"1567\" data-end=\"1794\">K\u1ebft qu\u1ea3 l\u00e0 m\u1ed9t lo\u1ea1i d\u1ea7u m\u00e0u xanh ng\u1ecdc d\u1ecbu m\u1eaft, k\u1ebft c\u1ea5u m\u01b0\u1ee3t nh\u1eb9, h\u01b0\u01a1ng th\u01a1m tho\u1ea3ng m\u00f9i b\u01a1 t\u01b0\u01a1i, h\u1eadu v\u1ecb b\u00e9o ng\u1eady nh\u01b0ng kh\u00f4ng ng\u00e1n. \u0110\u00e2y l\u00e0 lo\u1ea1i d\u1ea7u l\u00fd t\u01b0\u1edfng \u0111\u1ec3 n\u1ea5u \u0103n m\u1ed7i ng\u00e0y, nh\u01b0ng c\u0169ng \u0111\u1ee7 tinh t\u1ebf \u0111\u1ec3 d\u00f9ng trong c\u00e1c m\u00f3n cao c\u1ea5p.<\/p>\n<p data-start=\"1567\" data-end=\"1794\"><img loading=\"lazy\" decoding=\"async\" class=\"aligncenter\" src=\"https:\/\/havamall.com\/wp-content\/uploads\/2025\/08\/500mL_Salads_Saute_Avo_Oil_Lifestyle_2_1200x.jpg\" width=\"800\" height=\"533\" \/><\/p>\n<blockquote>\n<h3 data-start=\"1801\" data-end=\"1856\"><em><span style=\"font-size: 18pt;\"><strong data-start=\"1805\" data-end=\"1856\">C\u00f4ng d\u1ee5ng v\u00e0 c\u00e1ch d\u00f9ng<\/strong><\/span><\/em><\/h3>\n<\/blockquote>\n<p data-start=\"1857\" data-end=\"2050\">\u0110i\u1ec3m m\u1ea1nh n\u1ed5i b\u1eadt c\u1ee7a d\u1ea7u b\u01a1 La Tourangelle ch\u00ednh l\u00e0 kh\u1ea3 n\u0103ng ch\u1ecbu nhi\u1ec7t cao, kho\u1ea3ng\u00a0<strong data-start=\"1942\" data-end=\"1955\">190\u2013200\u00b0C<\/strong>, cao h\u01a1n nhi\u1ec1u lo\u1ea1i d\u1ea7u ph\u1ed5 bi\u1ebfn nh\u01b0 d\u1ea7u oliu nguy\u00ean ch\u1ea5t. Nh\u1edd v\u1eady, d\u1ea7u c\u00f3 th\u1ec3 d\u00f9ng linh ho\u1ea1t:<\/p>\n<p data-start=\"2053\" data-end=\"2120\"><strong data-start=\"2053\" data-end=\"2074\">\u2013 Chi\u00ean, x\u00e0o, n\u01b0\u1edbng<\/strong>: kh\u00f4ng t\u1ea1o kh\u00f3i, kh\u00f4ng ph\u00e1 v\u1ee1 c\u1ea5u tr\u00fac d\u1ea7u.<\/p>\n<p data-start=\"2053\" data-end=\"2120\"><strong data-start=\"2123\" data-end=\"2151\">\u2013 Tr\u1ed9n salad, l\u00e0m n\u01b0\u1edbc s\u1ed1t<\/strong>: t\u1ea1o \u0111\u1ed9 b\u00f3ng, b\u00e9o m\u01b0\u1ee3t t\u1ef1 nhi\u00ean.<\/p>\n<p data-start=\"2053\" data-end=\"2120\"><strong data-start=\"2189\" data-end=\"2229\">\u2013 Th\u00eam v\u00e0o sinh t\u1ed1, s\u00fap, ch\u00e1o y\u1ebfn m\u1ea1ch<\/strong>: t\u0103ng h\u01b0\u01a1ng v\u1ecb v\u00e0 b\u1ed5 sung ch\u1ea5t b\u00e9o l\u00e0nh m\u1ea1nh.<\/p>\n<p data-start=\"2053\" data-end=\"2120\"><strong data-start=\"2280\" data-end=\"2302\">\u2013 D\u00f9ng ngo\u00e0i da, t\u00f3c<\/strong>: d\u01b0\u1ee1ng \u1ea9m t\u1ef1 nhi\u00ean, l\u00e0m m\u1ec1m t\u00f3c, c\u1ea3i thi\u1ec7n da kh\u00f4 n\u1ebb.<\/p>\n<p data-start=\"2053\" data-end=\"2120\"><img loading=\"lazy\" decoding=\"async\" class=\"aligncenter\" src=\"https:\/\/havamall.com\/wp-content\/uploads\/2025\/08\/6_dc537436-e238-4fe9-888c-4fb6ae19d41f_converted.jpg\" width=\"800\" height=\"800\" \/><\/p>\n<blockquote>\n<p data-start=\"2358\" data-end=\"2414\"><strong><em>M\u1ed9t s\u1ed1 g\u1ee3i \u00fd m\u00f3n \u0103n tuy\u1ec7t v\u1eddi v\u1edbi d\u1ea7u b\u01a1 La Tourangelle:<\/em><\/strong><\/p>\n<\/blockquote>\n<p data-start=\"2417\" data-end=\"2461\"><strong data-start=\"2053\" data-end=\"2074\">\u2013\u00a0<\/strong>Tr\u1ee9ng chi\u00ean l\u00f2ng \u0111\u00e0o c\u00f9ng v\u00e0i gi\u1ecdt d\u1ea7u b\u01a1.<\/p>\n<p data-start=\"2464\" data-end=\"2494\"><strong data-start=\"2053\" data-end=\"2074\">\u2013\u00a0<\/strong>C\u00e1 h\u1ed3i \u00e1p ch\u1ea3o s\u1ed1t chanh b\u01a1.<\/p>\n<p data-start=\"2497\" data-end=\"2553\"><strong data-start=\"2053\" data-end=\"2074\">\u2013\u00a0<\/strong>Salad rau m\u1ea7m mix h\u1ea1t \u00f3c ch\u00f3 v\u00e0 s\u1ed1t d\u1ea7u b\u01a1 \u2013 gi\u1ea5m t\u00e1o.<\/p>\n<p data-start=\"2556\" data-end=\"2602\"><strong data-start=\"2053\" data-end=\"2074\">\u2013\u00a0<\/strong>Sinh t\u1ed1 xo\u00e0i \u2013 c\u1ea3i b\u00f3 x\u00f4i \u2013 d\u1ea7u b\u01a1 \u2013 h\u1ea1t chia.<\/p>\n<p data-start=\"2556\" data-end=\"2602\"><img loading=\"lazy\" decoding=\"async\" class=\"aligncenter\" src=\"https:\/\/havamall.com\/wp-content\/uploads\/2025\/08\/810xAJepvL.jpg\" width=\"800\" height=\"800\" \/><\/p>\n<blockquote>\n<h3 data-start=\"2609\" data-end=\"2673\"><em><strong data-start=\"2613\" data-end=\"2673\">Gi\u00e1 tr\u1ecb dinh d\u01b0\u1ee1ng n\u1ed5i b\u1eadt<\/strong><\/em><\/h3>\n<\/blockquote>\n<p data-start=\"2674\" data-end=\"2757\">D\u1ea7u b\u01a1 kh\u00f4ng ch\u1ec9 l\u00e0 nguy\u00ean li\u1ec7u b\u1ebfp n\u00fac, m\u00e0 c\u00f2n l\u00e0 m\u1ed9t \u201csi\u00eau th\u1ef1c ph\u1ea9m\u201d \u0111\u00fang ngh\u0129a:<\/p>\n<p data-start=\"2760\" data-end=\"2878\"><strong data-start=\"2760\" data-end=\"2800\">\u2013 Ch\u1ea5t b\u00e9o kh\u00f4ng b\u00e3o h\u00f2a \u0111\u01a1n (Omega-9)<\/strong>: gi\u00fap gi\u1ea3m cholesterol x\u1ea5u (LDL), b\u1ea3o v\u1ec7 tim m\u1ea1ch, h\u1ed7 tr\u1ee3 \u1ed5n \u0111\u1ecbnh huy\u1ebft \u00e1p.<\/p>\n<p data-start=\"2881\" data-end=\"3003\"><strong data-start=\"2881\" data-end=\"2903\">\u2013 Vitamin E t\u1ef1 nhi\u00ean<\/strong>: m\u1ed9t ch\u1ea5t ch\u1ed1ng oxy h\u00f3a m\u1ea1nh m\u1ebd, gi\u00fap ng\u0103n ng\u1eeba l\u00e3o h\u00f3a, l\u00e0m \u0111\u1eb9p da, t\u00f3c v\u00e0 t\u0103ng c\u01b0\u1eddng mi\u1ec5n d\u1ecbch.<\/p>\n<p data-start=\"3006\" data-end=\"3083\"><strong data-start=\"3006\" data-end=\"3030\">\u2013 Lutein &amp; Chlorophyll<\/strong>: ch\u1ea5t ch\u1ed1ng vi\u00eam, h\u1ed7 tr\u1ee3 th\u1ecb l\u1ef1c v\u00e0 b\u1ea3o v\u1ec7 t\u1ebf b\u00e0o.<\/p>\n<p data-start=\"3086\" data-end=\"3192\"><strong data-start=\"3086\" data-end=\"3134\">\u2013 Th\u00edch h\u1ee3p cho ng\u01b0\u1eddi \u0103n chay, keto, eat clean<\/strong>: kh\u00f4ng ch\u1ee9a cholesterol, kh\u00f4ng tinh luy\u1ec7n, kh\u00f4ng ph\u1ee5 gia.<\/p>\n<\/div>\n<\/div>\n<\/div>\n<\/div>","protected":false},"excerpt":{"rendered":"<p>TH\u00d4NG TIN CHUNG Th\u01b0\u01a1ng hi\u1ec7u La Tourangelle Xu\u1ea5t x\u1ee9 Ph\u00e1p H\u1ea1n s\u1eed d\u1ee5ng 12 th\u00e1ng H\u01b0\u1edbng d\u1eabn s\u1eed d\u1ee5ng D\u00f9ng<\/p>","protected":false},"featured_media":40471,"comment_status":"open","ping_status":"closed","template":"","meta":[],"product_brand":[],"product_cat":[595,671,154,143],"product_tag":[],"class_list":{"0":"post-40470","1":"product","2":"type-product","3":"status-publish","4":"has-post-thumbnail","6":"product_cat-gia-vi-va-che-bien","7":"product_cat-nhap-khau-phap","8":"product_cat-gia-vi","9":"product_cat-thuc-pham-dong-hop","11":"first","12":"instock","13":"sale","14":"shipping-taxable","15":"purchasable","16":"product-type-simple"},"_links":{"self":[{"href":"https:\/\/havamall.vn\/en\/wp-json\/wp\/v2\/product\/40470"}],"collection":[{"href":"https:\/\/havamall.vn\/en\/wp-json\/wp\/v2\/product"}],"about":[{"href":"https:\/\/havamall.vn\/en\/wp-json\/wp\/v2\/types\/product"}],"replies":[{"embeddable":true,"href":"https:\/\/havamall.vn\/en\/wp-json\/wp\/v2\/comments?post=40470"}],"version-history":[{"count":0,"href":"https:\/\/havamall.vn\/en\/wp-json\/wp\/v2\/product\/40470\/revisions"}],"wp:featuredmedia":[{"embeddable":true,"href":"https:\/\/havamall.vn\/en\/wp-json\/wp\/v2\/media\/40471"}],"wp:attachment":[{"href":"https:\/\/havamall.vn\/en\/wp-json\/wp\/v2\/media?parent=40470"}],"wp:term":[{"taxonomy":"product_brand","embeddable":true,"href":"https:\/\/havamall.vn\/en\/wp-json\/wp\/v2\/product_brand?post=40470"},{"taxonomy":"product_cat","embeddable":true,"href":"https:\/\/havamall.vn\/en\/wp-json\/wp\/v2\/product_cat?post=40470"},{"taxonomy":"product_tag","embeddable":true,"href":"https:\/\/havamall.vn\/en\/wp-json\/wp\/v2\/product_tag?post=40470"}],"curies":[{"name":"wp","href":"https:\/\/api.w.org\/{rel}","templated":true}]}}