{"id":40435,"date":"2025-07-31T17:20:40","date_gmt":"2025-07-31T10:20:40","guid":{"rendered":"https:\/\/havamall.vn\/?post_type=product&#038;p=40435"},"modified":"2025-07-31T17:23:23","modified_gmt":"2025-07-31T10:23:23","slug":"mut-filling-viet-quat-golden-farm-950g-blueberry-filling-jam-golden-farm-950g","status":"publish","type":"product","link":"https:\/\/havamall.vn\/en\/shop\/mut-filling-viet-quat-golden-farm-950g-blueberry-filling-jam-golden-farm-950g\/","title":{"rendered":"M\u1ee9t Filling Vi\u1ec7t Qu\u1ea5t Golden Farm 950g \u2013 Blueberry Filling Jam Golden Farm 950g"},"content":{"rendered":"<blockquote>\n<h2><em><strong>TH\u00d4NG TIN CHUNG<\/strong><\/em><\/h2>\n<\/blockquote>\n<table>\n<tbody>\n<tr>\n<td>Th\u01b0\u01a1ng hi\u1ec7u<\/td>\n<td>Golden Farm<\/td>\n<\/tr>\n<tr>\n<td>Xu\u1ea5t x\u1ee9<\/td>\n<td data-col-size=\"md\" data-start=\"3195\" data-end=\"3235\">Vi\u1ec7t Nam<\/td>\n<\/tr>\n<tr>\n<td>Th\u00e0nh Ph\u1ea7n<\/td>\n<td>Xem tr\u00ean bao b\u00ec<\/td>\n<\/tr>\n<tr>\n<td>H\u1ea1n s\u1eed d\u1ee5ng<\/td>\n<td data-col-size=\"md\" data-start=\"3377\" data-end=\"3417\">18 th\u00e1ng k\u1ec3 t\u1eeb ng\u00e0y s\u1ea3n xu\u1ea5t<\/td>\n<\/tr>\n<tr>\n<td>B\u1ea3o qu\u1ea3n<\/td>\n<td data-col-size=\"md\" data-start=\"3438\" data-end=\"3541\">B\u1ea3o qu\u1ea3n n\u01a1i kh\u00f4 r\u00e1o, tr\u00e1nh \u00e1nh n\u1eafng. Sau khi m\u1edf n\u1eafp n\u00ean b\u1ea3o qu\u1ea3n l\u1ea1nh v\u00e0 d\u00f9ng trong th\u1eddi gian ng\u1eafn<\/td>\n<\/tr>\n<tr>\n<td>Kh\u1ed1i l\u01b0\u1ee3ng<\/td>\n<td>950g<\/td>\n<\/tr>\n<\/tbody>\n<\/table>\n<p data-start=\"3120\" data-end=\"3262\">S\u1ef1 \u0111a d\u1ea1ng trong nguy\u00ean li\u1ec7u l\u00e0m b\u00e1nh lu\u00f4n l\u00e0 y\u1ebfu t\u1ed1 quan tr\u1ecdng \u0111\u1ec3 n\u00e2ng t\u1ea7m tr\u1ea3i nghi\u1ec7m th\u01b0\u1edfng th\u1ee9c. Trong th\u1ebf gi\u1edbi \u1ea9m th\u1ef1c, c\u00e1c lo\u1ea1i nh\u00e2n b\u00e1nh kh\u00f4ng ch\u1ec9 \u0111\u01a1n thu\u1ea7n mang v\u1ecb ng\u1ecdt m\u00e0 c\u00f2n g\u00f3p ph\u1ea7n t\u1ea1o \u0111i\u1ec3m nh\u1ea5n v\u1ec1 h\u01b0\u01a1ng v\u1ecb v\u00e0 m\u00e0u s\u1eafc, gi\u00fap m\u1ed7i chi\u1ebfc b\u00e1nh tr\u1edf n\u00ean h\u1ea5p d\u1eabn h\u01a1n.<\/p>\n<p data-start=\"3120\" data-end=\"3262\"><img fetchpriority=\"high\" decoding=\"async\" class=\"aligncenter\" src=\"https:\/\/tasteofthesouthmagazine.com\/wp-content\/uploads\/2020\/07\/taste_image006_RGB_1080x1080.jpg\" alt=\"Blackberry Jam Cake\" width=\"801\" height=\"801\" \/><\/p>\n<p data-start=\"3120\" data-end=\"3262\">M\u1ee9t Filling Vi\u1ec7t Qu\u1ea5t c\u1ee7a Golden Farm mang \u0111\u1ebfn m\u1ed9t tr\u1ea3i nghi\u1ec7m kh\u00e1c bi\u1ec7t cho c\u00e1c m\u00f3n b\u00e1nh, b\u00e1nh ng\u1ecdt hay \u0111\u1ed3 \u0103n nh\u1eb9. V\u1edbi h\u01b0\u01a1ng v\u1ecb Vi\u1ec7t Qu\u1ea5t t\u1ef1 nhi\u00ean, ph\u1ea7n nh\u00e2n m\u1ec1m m\u1ecbn h\u00f2a quy\u1ec7n v\u1ecb chua nh\u1eb9 thanh tho\u00e1t, t\u1ea1o c\u1ea3m gi\u00e1c t\u01b0\u01a1i m\u1edbi v\u00e0 tinh t\u1ebf. M\u1ee9t n\u00e0y kh\u00f4ng ch\u1ec9 gi\u00fap t\u0103ng h\u01b0\u01a1ng th\u01a1m \u0111\u1eb7c tr\u01b0ng m\u00e0 c\u00f2n g\u00f3p ph\u1ea7n l\u00e0m n\u1ed5i b\u1eadt m\u00e0u s\u1eafc h\u1ea5p d\u1eabn, mang l\u1ea1i n\u00e9t th\u1ea9m m\u1ef9 cao cho m\u1ecdi lo\u1ea1i b\u00e1nh.<\/p>\n<p data-start=\"3120\" data-end=\"3262\"><img decoding=\"async\" class=\"aligncenter\" src=\"https:\/\/havamall.com\/wp-content\/uploads\/2025\/07\/Mini-Blueberry-Pies-Featured-Image.jpg\" alt=\"Mini Blueberry Pies Recipe\" width=\"801\" height=\"801\" \/><\/p>\n<p data-start=\"862\" data-end=\"1230\">\u0110i\u1ec3m \u0111\u1eb7c bi\u1ec7t c\u1ee7a m\u1ee9t filling n\u00e0y ch\u00ednh l\u00e0 \u0111\u1ed9 s\u00e1nh v\u1eeba ph\u1ea3i, kh\u00f4ng qu\u00e1 \u0111\u1eb7c c\u0169ng kh\u00f4ng lo\u00e3ng, gi\u00fap nh\u00e2n d\u1ec5 d\u00e0ng h\u00f2a quy\u1ec7n c\u00f9ng ph\u1ea7n v\u1ecf b\u00e1nh ho\u1eb7c l\u1edbp kem ph\u1ee7 b\u00ean ngo\u00e0i m\u00e0 kh\u00f4ng l\u00e0m m\u1ea5t \u0111i c\u1ea5u tr\u00fac ban \u0111\u1ea7u. Ngo\u00e0i ra, h\u01b0\u01a1ng v\u1ecb Vi\u1ec7t Qu\u1ea5t c\u00e2n b\u1eb1ng gi\u1eefa ng\u1ecdt v\u00e0 chua, \u0111em l\u1ea1i c\u1ea3m gi\u00e1c thanh m\u00e1t m\u00e0 v\u1eabn \u0111\u1eadm \u0111\u00e0, ph\u00f9 h\u1ee3p v\u1edbi nhi\u1ec1u \u0111\u1ed1i t\u01b0\u1ee3ng th\u01b0\u1edfng th\u1ee9c t\u1eeb tr\u1ebb nh\u1ecf \u0111\u1ebfn ng\u01b0\u1eddi l\u1edbn.<\/p>\n<p data-start=\"862\" data-end=\"1230\"><img decoding=\"async\" class=\"aligncenter\" src=\"https:\/\/havamall.com\/wp-content\/uploads\/2025\/07\/blueberry-banana-waffle-00377.jpg\" width=\"800\" height=\"534\" \/><\/p>\n<p data-start=\"1232\" data-end=\"1649\">Kh\u00f4ng ch\u1ec9 d\u00e0nh ri\u00eang cho c\u00e1c lo\u1ea1i b\u00e1nh truy\u1ec1n th\u1ed1ng, m\u1ee9t filling n\u00e0y c\u00f2n \u0111\u01b0\u1ee3c s\u1eed d\u1ee5ng \u0111a d\u1ea1ng trong c\u00e1c m\u00f3n tr\u00e1ng mi\u1ec7ng nh\u01b0 cheesecake, tart, b\u00e1nh m\u00ec ng\u1ecdt ho\u1eb7c th\u1eadm ch\u00ed l\u00e0 l\u00e0m topping cho kem v\u00e0 s\u1eefa chua. T\u00ednh linh ho\u1ea1t c\u1ee7a m\u1ee9t cho ph\u00e9p c\u00e1c \u0111\u1ea7u b\u1ebfp v\u00e0 ng\u01b0\u1eddi l\u00e0m b\u00e1nh t\u1eadn d\u1ee5ng t\u1ed1i \u0111a s\u00e1ng t\u1ea1o trong t\u1eebng c\u00f4ng th\u1ee9c. Ngo\u00e0i ra, m\u1ee9t \u0111\u01b0\u1ee3c ch\u1ebf bi\u1ebfn t\u1eeb nguy\u00ean li\u1ec7u ch\u1ecdn l\u1ecdc, \u0111\u1ea3m b\u1ea3o \u0111\u1ed9 t\u01b0\u01a1i ngon v\u00e0 an to\u00e0n v\u1ec7 sinh th\u1ef1c ph\u1ea9m.<\/p>\n<p data-start=\"1232\" data-end=\"1649\"><img loading=\"lazy\" decoding=\"async\" class=\"aligncenter\" src=\"https:\/\/havamall.com\/wp-content\/uploads\/2025\/07\/blueberry-lavender-859x1200.jpg\" alt=\"Blueberry-Lavender Tart\" width=\"800\" height=\"1118\" \/><\/p>\n<p data-start=\"1651\" data-end=\"1965\">S\u1ef1 \u1ed5n \u0111\u1ecbnh v\u1ec1 ch\u1ea5t l\u01b0\u1ee3ng c\u0169ng gi\u00fap m\u1ee9t filling Vi\u1ec7t Qu\u1ea5t Golden Farm tr\u1edf th\u00e0nh l\u1ef1a ch\u1ecdn tin c\u1eady trong c\u00e1c ti\u1ec7m b\u00e1nh hay nh\u00e0 h\u00e0ng mu\u1ed1n cung c\u1ea5p nh\u1eefng m\u00f3n \u0103n ch\u1ea5t l\u01b0\u1ee3ng cao. M\u1ed7i l\u1ea7n s\u1eed d\u1ee5ng \u0111\u1ec1u \u0111\u1ea3m b\u1ea3o h\u01b0\u01a1ng v\u1ecb \u0111\u1ed3ng \u0111\u1ec1u, kh\u00f4ng b\u1ecb bi\u1ebfn \u0111\u1ed5i hay t\u00e1ch n\u01b0\u1edbc, gi\u00fap ti\u1ebft ki\u1ec7m th\u1eddi gian v\u00e0 c\u00f4ng s\u1ee9c trong qu\u00e1 tr\u00ecnh l\u00e0m b\u00e1nh.<\/p>\n<p data-start=\"2224\" data-end=\"2503\">M\u1ee9t filling Vi\u1ec7t Qu\u1ea5t Golden Farm mang l\u1ea1i s\u1ef1 h\u00e0i h\u00f2a gi\u1eefa h\u01b0\u01a1ng v\u1ecb t\u1ef1 nhi\u00ean v\u00e0 k\u1ebft c\u1ea5u ho\u00e0n h\u1ea3o, h\u1ed7 tr\u1ee3 \u0111\u1eafc l\u1ef1c cho qu\u00e1 tr\u00ecnh l\u00e0m b\u00e1nh hay ch\u1ebf bi\u1ebfn c\u00e1c m\u00f3n tr\u00e1ng mi\u1ec7ng. Nh\u1eefng ai y\u00eau th\u00edch s\u1ef1 t\u01b0\u01a1i m\u1edbi trong h\u01b0\u01a1ng v\u1ecb ch\u1eafc ch\u1eafn s\u1ebd b\u1ecb thu h\u00fat b\u1edfi n\u00e9t \u0111\u1eb7c tr\u01b0ng c\u1ee7a m\u1ee9t n\u00e0y.\u00a0S\u1ea3n ph\u1ea9m \u0111ang \u0111\u01b0\u1ee3c b\u00e0y b\u00e1n t\u1ea1i Havamall, n\u01a1i quy t\u1ee5 c\u00e1c nguy\u00ean li\u1ec7u ch\u1ea5t l\u01b0\u1ee3ng, gi\u00fap nh\u1eefng ng\u01b0\u1eddi \u0111am m\u00ea \u1ea9m th\u1ef1c d\u1ec5 d\u00e0ng t\u00ecm th\u1ea5y v\u00e0 tr\u1ea3i nghi\u1ec7m.<\/p>","protected":false},"excerpt":{"rendered":"<p>TH\u00d4NG TIN CHUNG Th\u01b0\u01a1ng hi\u1ec7u Golden Farm Xu\u1ea5t x\u1ee9 Vi\u1ec7t Nam Th\u00e0nh Ph\u1ea7n Xem tr\u00ean bao b\u00ec H\u1ea1n s\u1eed d\u1ee5ng<\/p>","protected":false},"featured_media":40436,"comment_status":"open","ping_status":"closed","template":"","meta":[],"product_brand":[],"product_cat":[677,255,131],"product_tag":[],"class_list":{"0":"post-40435","1":"product","2":"type-product","3":"status-publish","4":"has-post-thumbnail","6":"product_cat-cac-nuoc-khac","7":"product_cat-nguyen-lieu-lam-banh","8":"product_cat-nguyen-lieu-lam-bep","9":"pa_brand-golden-farm","11":"first","12":"instock","13":"sale","14":"shipping-taxable","15":"purchasable","16":"product-type-simple"},"_links":{"self":[{"href":"https:\/\/havamall.vn\/en\/wp-json\/wp\/v2\/product\/40435"}],"collection":[{"href":"https:\/\/havamall.vn\/en\/wp-json\/wp\/v2\/product"}],"about":[{"href":"https:\/\/havamall.vn\/en\/wp-json\/wp\/v2\/types\/product"}],"replies":[{"embeddable":true,"href":"https:\/\/havamall.vn\/en\/wp-json\/wp\/v2\/comments?post=40435"}],"version-history":[{"count":0,"href":"https:\/\/havamall.vn\/en\/wp-json\/wp\/v2\/product\/40435\/revisions"}],"wp:featuredmedia":[{"embeddable":true,"href":"https:\/\/havamall.vn\/en\/wp-json\/wp\/v2\/media\/40436"}],"wp:attachment":[{"href":"https:\/\/havamall.vn\/en\/wp-json\/wp\/v2\/media?parent=40435"}],"wp:term":[{"taxonomy":"product_brand","embeddable":true,"href":"https:\/\/havamall.vn\/en\/wp-json\/wp\/v2\/product_brand?post=40435"},{"taxonomy":"product_cat","embeddable":true,"href":"https:\/\/havamall.vn\/en\/wp-json\/wp\/v2\/product_cat?post=40435"},{"taxonomy":"product_tag","embeddable":true,"href":"https:\/\/havamall.vn\/en\/wp-json\/wp\/v2\/product_tag?post=40435"}],"curies":[{"name":"wp","href":"https:\/\/api.w.org\/{rel}","templated":true}]}}