{"id":40428,"date":"2025-07-31T16:43:22","date_gmt":"2025-07-31T09:43:22","guid":{"rendered":"https:\/\/havamall.vn\/?post_type=product&#038;p=40428"},"modified":"2025-07-31T16:43:27","modified_gmt":"2025-07-31T09:43:27","slug":"mut-filling-chanh-day-golden-farm-950g-passion-fruit-filling-golden-farm-950g","status":"publish","type":"product","link":"https:\/\/havamall.vn\/en\/shop\/mut-filling-chanh-day-golden-farm-950g-passion-fruit-filling-golden-farm-950g\/","title":{"rendered":"M\u1ee9t Filling Chanh D\u00e2y Golden Farm 950g \u2013 Passion Fruit Filling Golden Farm 950g"},"content":{"rendered":"<blockquote>\n<h2><em><strong>TH\u00d4NG TIN CHUNG<\/strong><\/em><\/h2>\n<\/blockquote>\n<table style=\"width: 91.7031%;height: 168px\">\n<tbody>\n<tr>\n<td>Th\u01b0\u01a1ng hi\u1ec7u<\/td>\n<td>Golden Farm<\/td>\n<\/tr>\n<tr>\n<td>Xu\u1ea5t x\u1ee9<\/td>\n<td data-col-size=\"md\" data-start=\"3195\" data-end=\"3235\">Vi\u1ec7t Nam<\/td>\n<\/tr>\n<tr>\n<td>Th\u00e0nh Ph\u1ea7n<\/td>\n<td>M\u1ee9t chanh d\u00e2y (\u0111\u01b0\u1eddng, n\u01b0\u1edbc, n\u01b0\u1edbc c\u1ed1t chanh d\u00e2y 20%, ch\u1ea5t \u1ed5n \u0111\u1ecbnh E440, ch\u1ea5t b\u1ea3o qu\u1ea3n E202)<\/td>\n<\/tr>\n<tr>\n<td>H\u1ea1n s\u1eed d\u1ee5ng<\/td>\n<td data-col-size=\"md\" data-start=\"3377\" data-end=\"3417\">18 th\u00e1ng k\u1ec3 t\u1eeb ng\u00e0y s\u1ea3n xu\u1ea5t<\/td>\n<\/tr>\n<tr>\n<td>B\u1ea3o qu\u1ea3n<\/td>\n<td data-col-size=\"md\" data-start=\"3438\" data-end=\"3541\">B\u1ea3o qu\u1ea3n n\u01a1i kh\u00f4 r\u00e1o, tr\u00e1nh \u00e1nh n\u1eafng. Sau khi m\u1edf n\u1eafp n\u00ean b\u1ea3o qu\u1ea3n l\u1ea1nh v\u00e0 d\u00f9ng trong th\u1eddi gian ng\u1eafn<\/td>\n<\/tr>\n<tr>\n<td>Kh\u1ed1i l\u01b0\u1ee3ng<\/td>\n<td>950g<\/td>\n<\/tr>\n<\/tbody>\n<\/table>\n<p data-start=\"1147\" data-end=\"1708\">Gi\u1eefa r\u1ea5t nhi\u1ec1u nguy\u00ean li\u1ec7u trang tr\u00ed b\u00e1nh v\u00e0 pha ch\u1ebf \u0111\u1ed3 u\u1ed1ng tr\u00ean th\u1ecb tr\u01b0\u1eddng, nh\u1eefng lo\u1ea1i m\u1ee9t filling v\u1ecb tr\u00e1i c\u00e2y \u0111ang ng\u00e0y c\u00e0ng \u0111\u01b0\u1ee3c \u01b0a chu\u1ed9ng b\u1edfi kh\u1ea3 n\u0103ng mang l\u1ea1i c\u1ea3 m\u00e0u s\u1eafc b\u1eaft m\u1eaft l\u1eabn h\u01b0\u01a1ng v\u1ecb n\u1ed5i b\u1eadt. Trong s\u1ed1 \u0111\u00f3, m\u1ee9t filling chanh d\u00e2y v\u1edbi m\u00e0u v\u00e0ng r\u1ef1c r\u1ee1 v\u00e0 h\u01b0\u01a1ng v\u1ecb nhi\u1ec7t \u0111\u1edbi \u0111\u1eb7c tr\u01b0ng lu\u00f4n chi\u1ebfm \u0111\u01b0\u1ee3c c\u1ea3m t\u00ecnh c\u1ee7a nh\u1eefng ai y\u00eau th\u00edch s\u1ef1 m\u1edbi m\u1ebb, thanh nh\u1eb9 m\u00e0 v\u1eabn \u0111\u1eadm \u0111\u00e0. D\u00f2ng m\u1ee9t filling chanh d\u00e2y Golden Farm ch\u00ednh l\u00e0 l\u1ef1a ch\u1ecdn l\u00fd t\u01b0\u1edfng khi c\u1ea7n m\u1ed9t nguy\u00ean li\u1ec7u v\u1eeba ti\u1ec7n l\u1ee3i v\u1eeba ch\u1ea5t l\u01b0\u1ee3ng cho c\u00e1c m\u00f3n b\u00e1nh, th\u1ee9c u\u1ed1ng, m\u00f3n tr\u00e1ng mi\u1ec7ng hay topping s\u00e1ng t\u1ea1o.<\/p>\n<p data-start=\"1147\" data-end=\"1708\"><img fetchpriority=\"high\" decoding=\"async\" class=\"aligncenter  wp-image-41520\" src=\"https:\/\/havamall.com\/wp-content\/uploads\/2025\/07\/passion-fruit-mousse.jpg\" alt=\"\" width=\"801\" height=\"801\" \/><\/p>\n<p data-start=\"1710\" data-end=\"2290\">Chanh d\u00e2y l\u00e0 lo\u1ea1i qu\u1ea3 nhi\u1ec7t \u0111\u1edbi n\u1ed5i b\u1eadt v\u1edbi h\u01b0\u01a1ng th\u01a1m n\u1ed3ng n\u00e0n v\u00e0 v\u1ecb chua ng\u1ecdt d\u1ec5 ch\u1ecbu, th\u01b0\u1eddng \u0111\u01b0\u1ee3c d\u00f9ng \u0111\u1ec3 ch\u1ebf bi\u1ebfn c\u00e1c lo\u1ea1i n\u01b0\u1edbc \u00e9p, sinh t\u1ed1 ho\u1eb7c m\u00f3n tr\u00e1ng mi\u1ec7ng. Vi\u1ec7c \u1ee9ng d\u1ee5ng h\u01b0\u01a1ng v\u1ecb c\u1ee7a chanh d\u00e2y v\u00e0o d\u00f2ng m\u1ee9t filling gi\u00fap gi\u1eef l\u1ea1i to\u00e0n b\u1ed9 c\u00e1 t\u00ednh \u0111\u1eb7c tr\u01b0ng c\u1ee7a tr\u00e1i c\u00e2y t\u01b0\u01a1i: t\u1eeb m\u00f9i th\u01a1m quy\u1ebfn r\u0169 \u0111\u1ebfn \u0111\u1ed9 chua thanh, ng\u1ecdt d\u1ecbu t\u1ef1 nhi\u00ean. M\u1ee9t filling chanh d\u00e2y Golden Farm kh\u00f4ng ch\u1ec9 gi\u1eef \u0111\u01b0\u1ee3c ph\u1ea7n th\u1ecbt v\u00e0 h\u1ea1t li ti \u0111\u1eb7c tr\u01b0ng c\u1ee7a tr\u00e1i chanh d\u00e2y m\u00e0 c\u00f2n mang \u0111\u1ebfn m\u1ed9t l\u1edbp m\u1ee9t s\u1ec7t m\u1ec1m, d\u1ec5 s\u1eed d\u1ee5ng, gi\u00fap l\u1edbp nh\u00e2n khi ph\u1ebft b\u00e1nh ho\u1eb7c cho v\u00e0o ly n\u01b0\u1edbc v\u1eabn t\u1ea1o c\u1ea3m gi\u00e1c t\u01b0\u01a1i ngon, h\u1ea5p d\u1eabn.<\/p>\n<p data-start=\"1710\" data-end=\"2290\"><img decoding=\"async\" class=\"aligncenter\" src=\"https:\/\/klaraslife.com\/wp-content\/uploads\/2019\/03\/tropical-kuchenDSC09823.jpg\" width=\"800\" height=\"1064\" \/><\/p>\n<p data-start=\"2292\" data-end=\"2833\">D\u00f2ng m\u1ee9t nh\u00e2n n\u00e0y c\u00f3 k\u1ebft c\u1ea5u s\u1ec7t m\u1ecbn v\u1eeba ph\u1ea3i, kh\u00f4ng b\u1ecb qu\u00e1 l\u1ecfng hay qu\u00e1 \u0111\u1eb7c, r\u1ea5t th\u00edch h\u1ee3p \u0111\u1ec3 ph\u1ebft l\u00ean b\u00e1nh m\u00ec, b\u00e1nh crepe, d\u00f9ng l\u00e0m nh\u00e2n b\u00e1nh b\u00f4ng lan cu\u1ed9n, ho\u1eb7c bi\u1ebfn t\u1ea5u th\u00e0nh l\u1edbp topping h\u1ea5p d\u1eabn cho c\u00e1c lo\u1ea1i b\u00e1nh mousse, tart, cheesecake. V\u1edbi \u0111\u1eb7c t\u00ednh gi\u1eef h\u00ecnh kh\u1ed1i v\u00e0 \u0111\u1ed9 s\u1ec7t \u1ed5n \u0111\u1ecbnh, m\u1ee9t filling chanh d\u00e2y Golden Farm c\u00f2n l\u00e0 nguy\u00ean li\u1ec7u l\u00fd t\u01b0\u1edfng \u0111\u1ec3 s\u00e1ng t\u1ea1o \u0111\u1ed3 u\u1ed1ng pha ch\u1ebf nh\u01b0 \u0111\u00e1 xay, yogurt \u0111\u00e1, tr\u00e0 chanh d\u00e2y hay mix v\u00e0o soda. L\u1edbp m\u1ee9t s\u1ebd t\u1ea1o hi\u1ec7u \u1ee9ng v\u00e2n m\u00e0u v\u00e0ng \u00f3ng \u00e1nh trong ly, l\u00e0m t\u0103ng gi\u00e1 tr\u1ecb th\u1ea9m m\u1ef9 c\u0169ng nh\u01b0 h\u01b0\u01a1ng v\u1ecb t\u1ed5ng th\u1ec3.<\/p>\n<p data-start=\"2292\" data-end=\"2833\"><img decoding=\"async\" class=\"aligncenter\" src=\"https:\/\/havamall.com\/wp-content\/uploads\/2025\/07\/mini-passionfruit-condensed-milk-tarts-recipe-174488-1.jpg\" alt=\"Mini passionfruit condensed milk tarts recipe\" width=\"801\" height=\"601\" \/><\/p>\n<p data-start=\"2835\" data-end=\"3208\">M\u1ed9t \u0111i\u1ec3m m\u1ea1nh \u0111\u00e1ng ch\u00fa \u00fd l\u00e0 s\u1ea3n ph\u1ea9m \u0111\u01b0\u1ee3c \u0111\u00f3ng g\u00f3i trong h\u0169 nh\u1ef1a ti\u1ec7n l\u1ee3i v\u1edbi dung t\u00edch l\u1edbn, th\u00edch h\u1ee3p s\u1eed d\u1ee5ng cho m\u00f4 h\u00ecnh kinh doanh c\u00e0 ph\u00ea, ti\u1ec7m b\u00e1nh, nh\u00e0 h\u00e0ng ho\u1eb7c c\u00e1c b\u1ea1n y\u00eau b\u1ebfp c\u1ea7n nguy\u00ean li\u1ec7u \u1ed5n \u0111\u1ecbnh cho nhi\u1ec1u m\u00f3n. M\u1ee9t c\u00f3 th\u1ec3 \u0111\u01b0\u1ee3c b\u1ea3o qu\u1ea3n l\u00e2u trong \u0111i\u1ec1u ki\u1ec7n m\u00e1t m\u1ebb, ch\u1ec9 c\u1ea7n \u0111\u1eady k\u00edn v\u00e0 gi\u1eef l\u1ea1nh sau khi m\u1edf n\u1eafp l\u00e0 c\u00f3 th\u1ec3 d\u00f9ng nhi\u1ec1u l\u1ea7n m\u00e0 kh\u00f4ng \u1ea3nh h\u01b0\u1edfng ch\u1ea5t l\u01b0\u1ee3ng.<\/p>\n<p data-start=\"2835\" data-end=\"3208\"><img loading=\"lazy\" decoding=\"async\" class=\"aligncenter\" src=\"https:\/\/havamall.com\/wp-content\/uploads\/2025\/07\/passion-fruit-tart.jpg\" width=\"801\" height=\"534\" \/><\/p>\n<p data-start=\"3210\" data-end=\"3690\">Golden Farm \u2013 th\u01b0\u01a1ng hi\u1ec7u uy t\u00edn trong ng\u00e0nh th\u1ef1c ph\u1ea9m \u2013 \u0111\u00e3 lu\u00f4n n\u1ed5i b\u1eadt v\u1edbi c\u00e1c d\u00f2ng s\u1ea3n ph\u1ea9m tr\u00e1i c\u00e2y ch\u1ebf bi\u1ebfn v\u00e0 topping pha ch\u1ebf. V\u1edbi d\u00f2ng m\u1ee9t filling, th\u01b0\u01a1ng hi\u1ec7u n\u00e0y ti\u1ebfp t\u1ee5c ch\u1ee9ng minh s\u1ef1 \u0111\u1ea7u t\u01b0 k\u1ef9 l\u01b0\u1ee1ng t\u1eeb c\u00f4ng th\u1ee9c \u0111\u1ebfn quy tr\u00ecnh s\u1ea3n xu\u1ea5t, \u0111\u1ea3m b\u1ea3o s\u1ef1 ti\u1ec7n l\u1ee3i cho ng\u01b0\u1eddi d\u00f9ng nh\u01b0ng v\u1eabn gi\u1eef \u0111\u01b0\u1ee3c tr\u1ecdn v\u1ecb t\u01b0\u01a1i ngon t\u1ef1 nhi\u00ean. T\u1eebng h\u0169 m\u1ee9t \u0111\u1ec1u \u0111\u01b0\u1ee3c ch\u1ecdn l\u1ecdc nguy\u00ean li\u1ec7u k\u1ef9 l\u01b0\u1ee1ng, n\u1ea5u \u1edf nhi\u1ec7t \u0111\u1ed9 ph\u00f9 h\u1ee3p \u0111\u1ec3 kh\u00f4ng l\u00e0m m\u1ea5t \u0111i s\u1eafc v\u00e0ng \u0111\u1eb7c tr\u01b0ng v\u00e0 m\u00f9i th\u01a1m nguy\u00ean b\u1ea3n c\u1ee7a chanh d\u00e2y.<\/p>\n<p data-start=\"4334\" data-end=\"4519\">S\u1ea3n ph\u1ea9m hi\u1ec7n \u0111\u00e3 c\u00f3 m\u1eb7t t\u1ea1i Havamall v\u1edbi gi\u00e1 h\u1ee3p l\u00fd c\u00f9ng ch\u1ea5t l\u01b0\u1ee3ng \u0111\u1ea3m b\u1ea3o. \u0110\u1eebng b\u1ecf l\u1ee1 c\u01a1 h\u1ed9i mang s\u1eafc v\u00e0ng nhi\u1ec7t \u0111\u1edbi v\u00e0o t\u1eebng c\u00f4ng th\u1ee9c m\u00f3n ngon v\u1edbi m\u1ee9t filling chanh d\u00e2y Golden Farm.<\/p>","protected":false},"excerpt":{"rendered":"<p>TH\u00d4NG TIN CHUNG Th\u01b0\u01a1ng hi\u1ec7u Golden Farm Xu\u1ea5t x\u1ee9 Vi\u1ec7t Nam Th\u00e0nh Ph\u1ea7n M\u1ee9t chanh d\u00e2y (\u0111\u01b0\u1eddng, n\u01b0\u1edbc, n\u01b0\u1edbc c\u1ed1t<\/p>","protected":false},"featured_media":40429,"comment_status":"open","ping_status":"closed","template":"","meta":[],"product_brand":[],"product_cat":[677,255,131],"product_tag":[],"class_list":{"0":"post-40428","1":"product","2":"type-product","3":"status-publish","4":"has-post-thumbnail","6":"product_cat-cac-nuoc-khac","7":"product_cat-nguyen-lieu-lam-banh","8":"product_cat-nguyen-lieu-lam-bep","9":"pa_brand-golden-farm","11":"first","12":"instock","13":"sale","14":"shipping-taxable","15":"purchasable","16":"product-type-simple"},"_links":{"self":[{"href":"https:\/\/havamall.vn\/en\/wp-json\/wp\/v2\/product\/40428"}],"collection":[{"href":"https:\/\/havamall.vn\/en\/wp-json\/wp\/v2\/product"}],"about":[{"href":"https:\/\/havamall.vn\/en\/wp-json\/wp\/v2\/types\/product"}],"replies":[{"embeddable":true,"href":"https:\/\/havamall.vn\/en\/wp-json\/wp\/v2\/comments?post=40428"}],"version-history":[{"count":0,"href":"https:\/\/havamall.vn\/en\/wp-json\/wp\/v2\/product\/40428\/revisions"}],"wp:featuredmedia":[{"embeddable":true,"href":"https:\/\/havamall.vn\/en\/wp-json\/wp\/v2\/media\/40429"}],"wp:attachment":[{"href":"https:\/\/havamall.vn\/en\/wp-json\/wp\/v2\/media?parent=40428"}],"wp:term":[{"taxonomy":"product_brand","embeddable":true,"href":"https:\/\/havamall.vn\/en\/wp-json\/wp\/v2\/product_brand?post=40428"},{"taxonomy":"product_cat","embeddable":true,"href":"https:\/\/havamall.vn\/en\/wp-json\/wp\/v2\/product_cat?post=40428"},{"taxonomy":"product_tag","embeddable":true,"href":"https:\/\/havamall.vn\/en\/wp-json\/wp\/v2\/product_tag?post=40428"}],"curies":[{"name":"wp","href":"https:\/\/api.w.org\/{rel}","templated":true}]}}