{"id":40421,"date":"2025-07-31T16:07:21","date_gmt":"2025-07-31T09:07:21","guid":{"rendered":"https:\/\/havamall.vn\/?post_type=product&#038;p=40421"},"modified":"2025-07-31T16:07:26","modified_gmt":"2025-07-31T09:07:26","slug":"mut-filling-kiwi-golden-farm-950g-kiwi-filling-jam-golden-farm-950g","status":"publish","type":"product","link":"https:\/\/havamall.vn\/en\/shop\/mut-filling-kiwi-golden-farm-950g-kiwi-filling-jam-golden-farm-950g\/","title":{"rendered":"M\u1ee9t Filling Kiwi Golden Farm 950g \u2013 Kiwi Filling Jam Golden Farm 950g"},"content":{"rendered":"<blockquote>\n<h2><em><strong>TH\u00d4NG TIN CHUNG<\/strong><\/em><\/h2>\n<\/blockquote>\n<table style=\"width: 76.8771%;height: 177px\">\n<tbody>\n<tr>\n<td style=\"width: 16.8744%;text-align: left\"><strong>Th\u01b0\u01a1ng hi\u1ec7u<\/strong><\/td>\n<th style=\"text-align: left;width: 82.3586%\" data-start=\"3073\" data-end=\"3113\" data-col-size=\"md\"><strong>Golden Farm<\/strong><\/th>\n<\/tr>\n<tr>\n<td style=\"width: 16.8744%;text-align: left\"><strong>Xu\u1ea5t x\u1ee9<\/strong><\/td>\n<td style=\"width: 82.3586%;text-align: left\" data-col-size=\"md\" data-start=\"3195\" data-end=\"3235\"><strong>Vi\u1ec7t Nam<\/strong><\/td>\n<\/tr>\n<tr>\n<td style=\"width: 16.8744%;text-align: left\"><strong>Th\u00e0nh ph\u1ea7n<\/strong><\/td>\n<th style=\"width: 82.3586%;text-align: left\" data-start=\"426\" data-end=\"562\" data-col-size=\"lg\"><strong>Kiwi xay nhuy\u1ec5n (t\u1ed1i thi\u1ec3u 35%), \u0111\u01b0\u1eddng, pectin, ch\u1ea5t \u0111i\u1ec1u ch\u1ec9nh \u0111\u1ed9 axit (E330), h\u01b0\u01a1ng kiwi t\u1ed5ng h\u1ee3p, ph\u1ea9m m\u00e0u th\u1ef1c ph\u1ea9m (E102, E133)<\/strong><\/th>\n<\/tr>\n<tr>\n<td style=\"width: 16.8744%;text-align: left\"><strong>H\u1ea1n s\u1eed d\u1ee5ng<\/strong><\/td>\n<td style=\"width: 82.3586%;text-align: left\" data-col-size=\"md\" data-start=\"3377\" data-end=\"3417\"><strong>18 th\u00e1ng k\u1ec3 t\u1eeb ng\u00e0y s\u1ea3n xu\u1ea5t<\/strong><\/td>\n<\/tr>\n<tr>\n<td style=\"width: 16.8744%;text-align: left\"><strong>B\u1ea3o qu\u1ea3n<\/strong><\/td>\n<td style=\"width: 82.3586%;text-align: left\" data-col-size=\"md\" data-start=\"3438\" data-end=\"3541\"><strong>B\u1ea3o qu\u1ea3n n\u01a1i kh\u00f4 r\u00e1o, tr\u00e1nh \u00e1nh n\u1eafng. Sau khi m\u1edf n\u1eafp n\u00ean b\u1ea3o qu\u1ea3n l\u1ea1nh v\u00e0 d\u00f9ng trong th\u1eddi gian ng\u1eafn<\/strong><\/td>\n<\/tr>\n<tr>\n<td style=\"width: 16.8744%;text-align: left\"><strong>Kh\u1ed1i l\u01b0\u1ee3ng<\/strong><\/td>\n<td style=\"width: 82.3586%;text-align: left\"><strong>950g<\/strong><\/td>\n<\/tr>\n<\/tbody>\n<\/table>\n<p data-start=\"1259\" data-end=\"1631\">H\u01b0\u01a1ng v\u1ecb tr\u00e1i c\u00e2y t\u01b0\u01a1i m\u00e1t lu\u00f4n l\u00e0 ngu\u1ed3n c\u1ea3m h\u1ee9ng trong nhi\u1ec1u m\u00f3n b\u00e1nh tr\u00e1ng mi\u1ec7ng, v\u00e0 kiwi \u2013 v\u1edbi v\u1ecb chua nh\u1eb9 \u0111\u1eb7c tr\u01b0ng \u2013 l\u00e0 m\u1ed9t trong nh\u1eefng l\u1ef1a ch\u1ecdn n\u1ed5i b\u1eadt. Nh\u1eefng ai y\u00eau th\u00edch s\u1ef1 k\u1ebft h\u1ee3p gi\u1eefa chua thanh v\u00e0 ng\u1ecdt d\u1ecbu ch\u1eafc ch\u1eafn s\u1ebd \u1ea5n t\u01b0\u1ee3ng v\u1edbi l\u1edbp nh\u00e2n kiwi mang m\u00e0u xanh m\u01b0\u1edbt, t\u01b0\u01a1i s\u00e1ng, d\u1ec5 d\u00e0ng mang l\u1ea1i \u0111i\u1ec3m nh\u1ea5n v\u1ec1 v\u1ecb gi\u00e1c v\u00e0 th\u1ecb gi\u00e1c cho nhi\u1ec1u lo\u1ea1i b\u00e1nh ng\u1ecdt hi\u1ec7n \u0111\u1ea1i.<\/p>\n<p data-start=\"1259\" data-end=\"1631\"><img fetchpriority=\"high\" decoding=\"async\" class=\"aligncenter  wp-image-41513\" src=\"https:\/\/havamall.com\/wp-content\/uploads\/2025\/07\/Crostata-Kiwi-1080x1350-1.jpg\" alt=\"\" width=\"800\" height=\"800\" \/><\/p>\n<p data-start=\"1633\" data-end=\"2014\"><strong><em>M\u1ee9t Filling Kiwi Golden Farm<\/em><\/strong>\u00a0l\u00e0 lo\u1ea1i m\u1ee9t tr\u00e1i c\u00e2y xay nhuy\u1ec5n c\u00f3 k\u1ebft c\u1ea5u m\u1ecbn d\u1ebbo, \u0111\u01b0\u1ee3c l\u00e0m t\u1eeb th\u1ecbt kiwi t\u1ef1 nhi\u00ean, kh\u00f4ng ch\u1ec9 gi\u1eef \u0111\u01b0\u1ee3c m\u00e0u s\u1eafc v\u00e0 h\u01b0\u01a1ng th\u01a1m \u0111\u1eb7c tr\u01b0ng c\u1ee7a kiwi m\u00e0 c\u00f2n t\u1ea1o \u0111\u1ed9 k\u1ebft d\u00ednh t\u1ed1t, ph\u00f9 h\u1ee3p v\u1edbi nhi\u1ec1u ph\u01b0\u01a1ng ph\u00e1p ch\u1ebf bi\u1ebfn kh\u00e1c nhau. Vi\u1ec7c \u1ee9ng d\u1ee5ng m\u1ee9t trong l\u00e0m b\u00e1nh gi\u00fap ti\u1ebft ki\u1ec7m th\u1eddi gian s\u01a1 ch\u1ebf tr\u00e1i c\u00e2y, \u0111\u1ed3ng th\u1eddi \u0111\u1ea3m b\u1ea3o ch\u1ea5t l\u01b0\u1ee3ng \u0111\u1ed3ng \u0111\u1ec1u cho t\u1eebng m\u1ebb b\u00e1nh.<\/p>\n<p data-start=\"1633\" data-end=\"2014\"><img decoding=\"async\" class=\"aligncenter\" src=\"https:\/\/havamall.com\/wp-content\/uploads\/2025\/07\/kiwi-cheesecake-18.jpg\" alt=\"Easy Kiwi Cheesecake | Babaganosh\" width=\"800\" height=\"533\" \/><\/p>\n<p data-start=\"2016\" data-end=\"2390\">S\u1ea3n ph\u1ea9m ph\u00f9 h\u1ee3p \u0111\u1ec3 l\u00e0m nh\u00e2n b\u00e1nh tart, b\u00e1nh mousse, b\u00e1nh crepe, b\u00e1nh quy k\u1eb9p, ho\u1eb7c l\u00e0m l\u1edbp ph\u1ee7 b\u1ec1 m\u1eb7t b\u00e1nh kem. V\u1edbi v\u1ecb kiwi \u0111\u1eb7c tr\u01b0ng, m\u1ee9t kh\u00f4ng ch\u1ec9 t\u0103ng \u0111\u1ed9 ng\u1ecdt ng\u00e0o m\u00e0 c\u00f2n c\u00e2n b\u1eb1ng kh\u1ea9u v\u1ecb b\u1eb1ng ch\u00fat chua thanh nh\u1eb9, t\u1ea1o c\u1ea3m gi\u00e1c \u0103n kh\u00f4ng ng\u00e1n. Khi tr\u1ed9n c\u00f9ng s\u1eefa chua, ph\u00f4 mai t\u01b0\u01a1i ho\u1eb7c sinh t\u1ed1, m\u1ee9t kiwi c\u0169ng gi\u00fap t\u0103ng c\u01b0\u1eddng h\u01b0\u01a1ng v\u1ecb v\u00e0 m\u00e0u s\u1eafc, khi\u1ebfn m\u00f3n \u0103n th\u00eam h\u1ea5p d\u1eabn.<\/p>\n<p data-start=\"2016\" data-end=\"2390\"><img decoding=\"async\" class=\"aligncenter\" src=\"https:\/\/havamall.com\/wp-content\/uploads\/2025\/07\/Kiwi-lemon-cheese-cake-recipe-6.jpg\" alt=\"Kiwi Cheesecake Recipe\" width=\"800\" height=\"531\" \/><\/p>\n<p data-start=\"2392\" data-end=\"2769\">Kh\u00f4ng ch\u1ec9 d\u00f9ng cho ti\u1ec7m b\u00e1nh chuy\u00ean nghi\u1ec7p, M\u1ee9t Filling Kiwi Golden Farm c\u00f2n \u0111\u01b0\u1ee3c nhi\u1ec1u gia \u0111\u00ecnh \u01b0a chu\u1ed9ng nh\u1edd c\u00e1ch s\u1eed d\u1ee5ng \u0111\u01a1n gi\u1ea3n. M\u1ed7i l\u1ea7n m\u1edf n\u1eafp l\u00e0 c\u00f3 th\u1ec3 d\u00f9ng ngay, kh\u00f4ng c\u1ea7n pha ch\u1ebf, kh\u00f4ng c\u1ea7n th\u00eam \u0111\u01b0\u1eddng, ti\u1ebft ki\u1ec7m th\u1eddi gian m\u00e0 v\u1eabn \u0111\u1ea3m b\u1ea3o \u0111\u1ed9 ngon \u1ed5n \u0111\u1ecbnh. S\u1ea3n ph\u1ea9m c\u00f2n th\u00edch h\u1ee3p \u0111\u1ec3 trang tr\u00ed b\u00e1nh sinh nh\u1eadt ho\u1eb7c t\u1ea1o hi\u1ec7u \u1ee9ng m\u00e0u s\u1eafc sinh \u0111\u1ed9ng trong m\u00f3n tr\u00e1ng mi\u1ec7ng l\u1ea1nh.<\/p>\n<p data-start=\"2392\" data-end=\"2769\"><img loading=\"lazy\" decoding=\"async\" class=\"aligncenter\" src=\"https:\/\/havamall.com\/wp-content\/uploads\/2025\/07\/kiwi-lime-tarts-feature.jpg\" alt=\"Kiwi Lime Tarts\" width=\"800\" height=\"800\" \/><\/p>\n<p data-start=\"2771\" data-end=\"3175\">Golden Farm \u2013 th\u01b0\u01a1ng hi\u1ec7u quen thu\u1ed9c trong ng\u00e0nh th\u1ef1c ph\u1ea9m ch\u1ebf bi\u1ebfn \u2013 lu\u00f4n ch\u00fa tr\u1ecdng \u0111\u1ebfn nguy\u00ean li\u1ec7u \u0111\u1ea7u v\u00e0o v\u00e0 d\u00e2y chuy\u1ec1n s\u1ea3n xu\u1ea5t hi\u1ec7n \u0111\u1ea1i. Nh\u1edd \u0111\u00f3, m\u1ee9t kiwi lu\u00f4n c\u00f3 m\u00e0u t\u01b0\u01a1i s\u00e1ng, kh\u00f4ng b\u1ecb t\u00e1ch n\u01b0\u1edbc, gi\u1eef \u0111\u01b0\u1ee3c v\u1ecb nguy\u00ean b\u1ea3n, gi\u00fap n\u00e2ng t\u1ea7m m\u00f3n b\u00e1nh v\u1ec1 c\u1ea3 h\u00ecnh th\u1ee9c l\u1eabn h\u01b0\u01a1ng v\u1ecb. V\u1edbi h\u0169 dung t\u00edch l\u1edbn, d\u00f2ng m\u1ee9t filling n\u00e0y c\u0169ng mang l\u1ea1i hi\u1ec7u qu\u1ea3 kinh t\u1ebf cao cho c\u00e1c h\u1ed9 kinh doanh, ti\u1ec7m b\u00e1nh ho\u1eb7c nh\u00e0 h\u00e0ng.<\/p>\n<p data-start=\"3177\" data-end=\"3460\">M\u1ee9t Filling Kiwi Golden Farm hi\u1ec7n \u0111\u00e3 c\u00f3 m\u1eb7t t\u1ea1i h\u1ec7 th\u1ed1ng Havamall, gi\u00fap ng\u01b0\u1eddi n\u1ed9i tr\u1ee3 v\u00e0 th\u1ee3 l\u00e0m b\u00e1nh d\u1ec5 d\u00e0ng ti\u1ebfp c\u1eadn ngu\u1ed3n nguy\u00ean li\u1ec7u ch\u1ea5t l\u01b0\u1ee3ng, gi\u00e1 c\u1ea3 h\u1ee3p l\u00fd. M\u1ed9t l\u1ef1a ch\u1ecdn l\u00fd t\u01b0\u1edfng \u0111\u1ec3 s\u00e1ng t\u1ea1o ra nh\u1eefng chi\u1ebfc b\u00e1nh \u1ea5n t\u01b0\u1ee3ng v\u1edbi m\u00e0u xanh t\u01b0\u01a1i m\u1edbi v\u00e0 h\u01b0\u01a1ng kiwi ng\u1ecdt thanh cu\u1ed1n h\u00fat.<\/p>","protected":false},"excerpt":{"rendered":"<p>TH\u00d4NG TIN CHUNG Th\u01b0\u01a1ng hi\u1ec7u Golden Farm Xu\u1ea5t x\u1ee9 Vi\u1ec7t Nam Th\u00e0nh ph\u1ea7n Kiwi xay nhuy\u1ec5n (t\u1ed1i thi\u1ec3u 35%), \u0111\u01b0\u1eddng,<\/p>","protected":false},"featured_media":40422,"comment_status":"open","ping_status":"closed","template":"","meta":[],"product_brand":[],"product_cat":[677,255,131],"product_tag":[],"class_list":{"0":"post-40421","1":"product","2":"type-product","3":"status-publish","4":"has-post-thumbnail","6":"product_cat-cac-nuoc-khac","7":"product_cat-nguyen-lieu-lam-banh","8":"product_cat-nguyen-lieu-lam-bep","10":"first","11":"instock","12":"sale","13":"shipping-taxable","14":"purchasable","15":"product-type-simple"},"_links":{"self":[{"href":"https:\/\/havamall.vn\/en\/wp-json\/wp\/v2\/product\/40421"}],"collection":[{"href":"https:\/\/havamall.vn\/en\/wp-json\/wp\/v2\/product"}],"about":[{"href":"https:\/\/havamall.vn\/en\/wp-json\/wp\/v2\/types\/product"}],"replies":[{"embeddable":true,"href":"https:\/\/havamall.vn\/en\/wp-json\/wp\/v2\/comments?post=40421"}],"version-history":[{"count":0,"href":"https:\/\/havamall.vn\/en\/wp-json\/wp\/v2\/product\/40421\/revisions"}],"wp:featuredmedia":[{"embeddable":true,"href":"https:\/\/havamall.vn\/en\/wp-json\/wp\/v2\/media\/40422"}],"wp:attachment":[{"href":"https:\/\/havamall.vn\/en\/wp-json\/wp\/v2\/media?parent=40421"}],"wp:term":[{"taxonomy":"product_brand","embeddable":true,"href":"https:\/\/havamall.vn\/en\/wp-json\/wp\/v2\/product_brand?post=40421"},{"taxonomy":"product_cat","embeddable":true,"href":"https:\/\/havamall.vn\/en\/wp-json\/wp\/v2\/product_cat?post=40421"},{"taxonomy":"product_tag","embeddable":true,"href":"https:\/\/havamall.vn\/en\/wp-json\/wp\/v2\/product_tag?post=40421"}],"curies":[{"name":"wp","href":"https:\/\/api.w.org\/{rel}","templated":true}]}}