{"id":40417,"date":"2025-07-31T15:43:15","date_gmt":"2025-07-31T08:43:15","guid":{"rendered":"https:\/\/havamall.vn\/?post_type=product&#038;p=40417"},"modified":"2025-07-31T15:43:16","modified_gmt":"2025-07-31T08:43:16","slug":"mut-filling-thom-golden-farm-950g-pineapple-filling-jam-golden-farm-950g","status":"publish","type":"product","link":"https:\/\/havamall.vn\/en\/shop\/mut-filling-thom-golden-farm-950g-pineapple-filling-jam-golden-farm-950g\/","title":{"rendered":"M\u1ee9t Filling Th\u01a1m Golden Farm 950g \u2013 Pineapple Filling Jam Golden Farm 950g"},"content":{"rendered":"<blockquote>\n<h2><em><strong>TH\u00d4NG TIN CHUNG<\/strong><\/em><\/h2>\n<\/blockquote>\n<table style=\"width: 73.2212%;height: 150px\">\n<tbody>\n<tr>\n<td>Th\u01b0\u01a1ng hi\u1ec7u<\/td>\n<th data-start=\"3073\" data-end=\"3113\" data-col-size=\"md\">Golden Farm<\/th>\n<\/tr>\n<tr>\n<td>Xu\u1ea5t x\u1ee9<\/td>\n<td data-col-size=\"md\" data-start=\"3195\" data-end=\"3235\">Vi\u1ec7t Nam<\/td>\n<\/tr>\n<tr>\n<td>Th\u00e0nh ph\u1ea7n<\/td>\n<td data-col-size=\"lg\" data-start=\"422\" data-end=\"507\">Th\u01a1m (d\u1ee9a), \u0111\u01b0\u1eddng, ch\u1ea5t \u1ed5n \u0111\u1ecbnh, ch\u1ea5t t\u1ea1o gel, h\u01b0\u01a1ng li\u1ec7u t\u1ed5ng h\u1ee3p d\u00f9ng th\u1ef1c ph\u1ea9m<\/td>\n<\/tr>\n<tr>\n<td>H\u1ea1n s\u1eed d\u1ee5ng<\/td>\n<td data-col-size=\"md\" data-start=\"3377\" data-end=\"3417\">18 th\u00e1ng k\u1ec3 t\u1eeb ng\u00e0y s\u1ea3n xu\u1ea5t<\/td>\n<\/tr>\n<tr>\n<td>B\u1ea3o qu\u1ea3n<\/td>\n<td data-col-size=\"md\" data-start=\"3438\" data-end=\"3541\">B\u1ea3o qu\u1ea3n n\u01a1i kh\u00f4 r\u00e1o, tr\u00e1nh \u00e1nh n\u1eafng. Sau khi m\u1edf n\u1eafp n\u00ean b\u1ea3o qu\u1ea3n l\u1ea1nh v\u00e0 d\u00f9ng trong th\u1eddi gian ng\u1eafn<\/td>\n<\/tr>\n<tr>\n<td>Kh\u1ed1i l\u01b0\u1ee3ng<\/td>\n<td>950g<\/td>\n<\/tr>\n<\/tbody>\n<\/table>\n<p data-start=\"788\" data-end=\"1258\">Kh\u00f4ng ph\u1ea3i lo\u1ea1i m\u1ee9t n\u00e0o c\u0169ng c\u00f3 kh\u1ea3 n\u0103ng l\u00e0m d\u1eady l\u00ean m\u00f9i v\u1ecb nhi\u1ec7t \u0111\u1edbi t\u01b0\u01a1i m\u1edbi nh\u01b0 m\u1ee9t th\u01a1m. T\u1eeb l\u00e2u, th\u01a1m (hay c\u00f2n g\u1ecdi l\u00e0 d\u1ee9a) \u0111\u00e3 tr\u1edf th\u00e0nh m\u1ed9t trong nh\u1eefng lo\u1ea1i tr\u00e1i c\u00e2y \u0111\u01b0\u1ee3c \u01b0a chu\u1ed9ng trong c\u1ea3 ch\u1ebf bi\u1ebfn m\u00f3n \u0103n l\u1eabn l\u00e0m b\u00e1nh, nh\u1edd v\u1ecb chua ng\u1ecdt \u0111\u1eb7c tr\u01b0ng v\u00e0 m\u00f9i th\u01a1m d\u1ec5 ch\u1ecbu. Khi \u0111\u01b0\u1ee3c ch\u1ebf bi\u1ebfn th\u00e0nh m\u1ee9t filling, nguy\u00ean li\u1ec7u n\u00e0y kh\u00f4ng ch\u1ec9 gi\u1eef tr\u1ecdn h\u01b0\u01a1ng v\u1ecb t\u01b0\u01a1i ngon m\u00e0 c\u00f2n c\u00f3 k\u1ebft c\u1ea5u s\u00e1nh m\u1ecbn, ph\u00f9 h\u1ee3p cho nhi\u1ec1u \u1ee9ng d\u1ee5ng \u0111a d\u1ea1ng trong ng\u00e0nh b\u00e1nh ng\u1ecdt v\u00e0 th\u1ee9c u\u1ed1ng hi\u1ec7n \u0111\u1ea1i.<\/p>\n<p data-start=\"788\" data-end=\"1258\"><img fetchpriority=\"high\" decoding=\"async\" class=\"aligncenter  wp-image-41507\" src=\"https:\/\/havamall.com\/wp-content\/uploads\/2025\/07\/Pineapple-Fridge-Tart2.jpg\" alt=\"\" width=\"800\" height=\"990\" \/><\/p>\n<p data-start=\"1260\" data-end=\"1702\"><em><strong>M\u1ee9t Filling Th\u01a1m Golden Farm 950g<\/strong>\u00a0<\/em>l\u00e0 s\u1ef1 k\u1ebft h\u1ee3p h\u00e0i h\u00f2a gi\u1eefa tr\u00e1i th\u01a1m t\u01b0\u01a1i t\u1ef1 nhi\u00ean v\u00e0 c\u00f4ng ngh\u1ec7 ch\u1ebf bi\u1ebfn hi\u1ec7n \u0111\u1ea1i. T\u1eebng th\u00eca m\u1ee9t mang \u0111\u1eadm v\u1ecb th\u01a1m ng\u1ecdt thanh, h\u1eadu v\u1ecb chua nh\u1eb9 l\u00e0m d\u1ecbu v\u1ecb gi\u00e1c. Kh\u00f4ng ch\u1ec9 \u0111\u00f3ng vai tr\u00f2 nh\u01b0 m\u1ed9t nguy\u00ean li\u1ec7u trong c\u00e1c lo\u1ea1i b\u00e1nh m\u00ec n\u01b0\u1edbng, b\u00e1nh tart hay b\u00e1nh kem, m\u1ee9t c\u00f2n c\u00f3 th\u1ec3 \u0111\u01b0\u1ee3c d\u00f9ng nh\u01b0 topping cho c\u00e1c m\u00f3n s\u1eefa chua, \u0111\u00e1 b\u00e0o, ho\u1eb7c l\u00e0m nh\u00e2n b\u00e1nh trung thu, b\u00e1nh mochi, b\u00e1nh quy k\u1eb9p v\u00e0 nhi\u1ec1u m\u00f3n tr\u00e1ng mi\u1ec7ng kh\u00e1c.<\/p>\n<p data-start=\"1260\" data-end=\"1702\"><img decoding=\"async\" class=\"aligncenter\" src=\"https:\/\/havamall.com\/wp-content\/uploads\/2025\/07\/Pineapple-Filling.jpg\" alt=\"Pineapple Pie Filling Recipe - Australian Bakels | Bread Improver\" width=\"800\" height=\"600\" \/><\/p>\n<p data-start=\"1704\" data-end=\"2056\">C\u1ea5u tr\u00fac m\u1ee9t d\u1ebbo m\u1ecbn, kh\u00f4ng qu\u00e1 l\u1ecfng c\u0169ng kh\u00f4ng \u0111\u1eb7c qu\u00e1, \u0111\u1ea3m b\u1ea3o d\u1ec5 ph\u1ebft l\u00ean b\u00e1nh m\u00e0 kh\u00f4ng b\u1ecb ch\u1ea3y n\u01b0\u1edbc hay t\u00e1ch l\u1edbp. \u0110\u1ed9 s\u00e1nh \u0111\u1ed3ng \u0111\u1ec1u gi\u00fap cho m\u1ee9t b\u00e1m t\u1ed1t tr\u00ean b\u1ec1 m\u1eb7t b\u00e1nh ho\u1eb7c h\u00f2a quy\u1ec7n m\u01b0\u1ee3t m\u00e0 v\u00e0o l\u1edbp kem t\u01b0\u01a1i hay b\u1ed9t b\u00e1nh, l\u00e0 \u0111i\u1ec3m c\u1ed9ng l\u1edbn cho nh\u1eefng ai l\u00e0m b\u00e1nh t\u1ea1i nh\u00e0 ho\u1eb7c c\u1ea7n s\u1eed d\u1ee5ng m\u1ee9t trong quy tr\u00ecnh s\u1ea3n xu\u1ea5t th\u1ef1c ph\u1ea9m quy m\u00f4 v\u1eeba v\u00e0 nh\u1ecf.<\/p>\n<p data-start=\"1704\" data-end=\"2056\"><img decoding=\"async\" class=\"aligncenter  wp-image-41508\" src=\"https:\/\/havamall.com\/wp-content\/uploads\/2025\/07\/Coconut-Macaroons-with-Pineapple-Jam-2.jpg\" alt=\"\" width=\"800\" height=\"800\" \/><\/p>\n<p data-start=\"2058\" data-end=\"2410\">V\u1ec1 m\u00e0u s\u1eafc, s\u1ea3n ph\u1ea9m c\u00f3 m\u00e0u v\u00e0ng t\u01b0\u01a1i t\u1ef1 nhi\u00ean, b\u1eaft m\u1eaft v\u00e0 d\u1ec5 t\u1ea1o hi\u1ec7u \u1ee9ng th\u1ecb gi\u00e1c h\u1ea5p d\u1eabn tr\u00ean c\u00e1c m\u00f3n b\u00e1nh ho\u1eb7c \u0111\u1ed3 u\u1ed1ng. M\u00f9i th\u01a1m t\u1ef1 nhi\u00ean t\u1eeb d\u1ee9a ch\u00edn gi\u00fap kh\u01a1i g\u1ee3i c\u1ea3m gi\u00e1c d\u1ec5 ch\u1ecbu ngay khi m\u1edf n\u1eafp h\u0169. M\u1ee9t \u0111\u01b0\u1ee3c \u0111\u00f3ng trong h\u0169 l\u1edbn 950g, ph\u00f9 h\u1ee3p v\u1edbi nh\u1eefng ng\u01b0\u1eddi l\u00e0m b\u00e1nh chuy\u00ean nghi\u1ec7p, c\u00e1c ti\u1ec7m c\u00e0 ph\u00ea ho\u1eb7c gia \u0111\u00ecnh y\u00eau th\u00edch l\u00e0m b\u00e1nh th\u1ee7 c\u00f4ng t\u1ea1i nh\u00e0.<\/p>\n<p data-start=\"2412\" data-end=\"2736\">Golden Farm \u2013 th\u01b0\u01a1ng hi\u1ec7u uy t\u00edn chuy\u00ean v\u1ec1 c\u00e1c lo\u1ea1i m\u1ee9t, siro, s\u1ed1t v\u00e0 nguy\u00ean li\u1ec7u pha ch\u1ebf \u2013 \u0111\u00e3 duy tr\u00ec ch\u1ea5t l\u01b0\u1ee3ng \u1ed5n \u0111\u1ecbnh nhi\u1ec1u n\u0103m nay. S\u1ea3n ph\u1ea9m \u0111\u1ea1t ti\u00eau chu\u1ea9n an to\u00e0n th\u1ef1c ph\u1ea9m v\u00e0 kh\u00f4ng ch\u1ee9a ph\u1ea9m m\u00e0u \u0111\u1ed9c h\u1ea1i, th\u00edch h\u1ee3p s\u1eed d\u1ee5ng cho c\u1ea3 ng\u01b0\u1eddi l\u1edbn v\u00e0 tr\u1ebb nh\u1ecf. H\u0169 nh\u1ef1a c\u00f3 n\u1eafp v\u1eb7n k\u00edn, gi\u00fap b\u1ea3o qu\u1ea3n t\u1ed1t v\u00e0 ti\u1ec7n l\u1ee3i khi s\u1eed d\u1ee5ng.<\/p>\n<p data-start=\"2412\" data-end=\"2736\"><img loading=\"lazy\" decoding=\"async\" class=\"aligncenter\" src=\"https:\/\/havamall.com\/wp-content\/uploads\/2025\/07\/506264765_122159249204436404_7403147165821242535_n-1.png\" width=\"799\" height=\"275\" \/><\/p>\n<p data-start=\"2738\" data-end=\"3006\">M\u1ee9t Filling Th\u01a1m Golden Farm kh\u00f4ng ch\u1ec9 l\u00e0 nguy\u00ean li\u1ec7u, m\u00e0 c\u00f2n l\u00e0 \u0111i\u1ec3m nh\u1ea5n h\u01b0\u01a1ng v\u1ecb gi\u00fap c\u00e1c m\u00f3n \u0103n tr\u1edf n\u00ean tr\u00f2n tr\u1ecba, h\u1ea5p d\u1eabn h\u01a1n. D\u00f9 l\u00e0 \u0111\u1ea7u b\u1ebfp chuy\u00ean nghi\u1ec7p hay ng\u01b0\u1eddi y\u00eau th\u00edch l\u00e0m b\u00e1nh t\u1ea1i gia, \u0111\u1ec1u c\u00f3 th\u1ec3 d\u1ec5 d\u00e0ng \u1ee9ng d\u1ee5ng lo\u1ea1i m\u1ee9t n\u00e0y v\u00e0o v\u00f4 s\u1ed1 m\u00f3n ngon h\u00e0ng ng\u00e0y.<\/p>\n<p data-start=\"3008\" data-end=\"3236\">Hi\u1ec7n s\u1ea3n ph\u1ea9m \u0111ang c\u00f3 m\u1eb7t t\u1ea1i Havamall \u2013 k\u00eanh ph\u00e2n ph\u1ed1i th\u1ef1c ph\u1ea9m v\u00e0 nguy\u00ean li\u1ec7u l\u00e0m b\u00e1nh uy t\u00edn, n\u01a1i quy t\u1ee5 nh\u1eefng th\u01b0\u01a1ng hi\u1ec7u ch\u1ea5t l\u01b0\u1ee3ng cao. \u0110\u1eb7t mua ngay \u0111\u1ec3 tr\u1ea3i nghi\u1ec7m h\u01b0\u01a1ng v\u1ecb nhi\u1ec7t \u0111\u1edbi th\u01a1m ngon trong t\u1eebng th\u00eca m\u1ee9t m\u1ec1m m\u1ecbn.<\/p>","protected":false},"excerpt":{"rendered":"<p>TH\u00d4NG TIN CHUNG Th\u01b0\u01a1ng hi\u1ec7u Golden Farm Xu\u1ea5t x\u1ee9 Vi\u1ec7t Nam Th\u00e0nh ph\u1ea7n Th\u01a1m (d\u1ee9a), \u0111\u01b0\u1eddng, ch\u1ea5t \u1ed5n \u0111\u1ecbnh, ch\u1ea5t<\/p>","protected":false},"featured_media":40418,"comment_status":"open","ping_status":"closed","template":"","meta":[],"product_brand":[],"product_cat":[677,255,131],"product_tag":[],"class_list":{"0":"post-40417","1":"product","2":"type-product","3":"status-publish","4":"has-post-thumbnail","6":"product_cat-cac-nuoc-khac","7":"product_cat-nguyen-lieu-lam-banh","8":"product_cat-nguyen-lieu-lam-bep","9":"pa_brand-golden-farm","11":"first","12":"instock","13":"sale","14":"shipping-taxable","15":"purchasable","16":"product-type-simple"},"_links":{"self":[{"href":"https:\/\/havamall.vn\/en\/wp-json\/wp\/v2\/product\/40417"}],"collection":[{"href":"https:\/\/havamall.vn\/en\/wp-json\/wp\/v2\/product"}],"about":[{"href":"https:\/\/havamall.vn\/en\/wp-json\/wp\/v2\/types\/product"}],"replies":[{"embeddable":true,"href":"https:\/\/havamall.vn\/en\/wp-json\/wp\/v2\/comments?post=40417"}],"version-history":[{"count":0,"href":"https:\/\/havamall.vn\/en\/wp-json\/wp\/v2\/product\/40417\/revisions"}],"wp:featuredmedia":[{"embeddable":true,"href":"https:\/\/havamall.vn\/en\/wp-json\/wp\/v2\/media\/40418"}],"wp:attachment":[{"href":"https:\/\/havamall.vn\/en\/wp-json\/wp\/v2\/media?parent=40417"}],"wp:term":[{"taxonomy":"product_brand","embeddable":true,"href":"https:\/\/havamall.vn\/en\/wp-json\/wp\/v2\/product_brand?post=40417"},{"taxonomy":"product_cat","embeddable":true,"href":"https:\/\/havamall.vn\/en\/wp-json\/wp\/v2\/product_cat?post=40417"},{"taxonomy":"product_tag","embeddable":true,"href":"https:\/\/havamall.vn\/en\/wp-json\/wp\/v2\/product_tag?post=40417"}],"curies":[{"name":"wp","href":"https:\/\/api.w.org\/{rel}","templated":true}]}}