{"id":40409,"date":"2025-07-31T15:12:08","date_gmt":"2025-07-31T08:12:08","guid":{"rendered":"https:\/\/havamall.vn\/?post_type=product&#038;p=40409"},"modified":"2025-07-31T15:12:14","modified_gmt":"2025-07-31T08:12:14","slug":"mut-filling-dau-golden-farm-950g-strawberry-filling-golden-farm-950g","status":"publish","type":"product","link":"https:\/\/havamall.vn\/en\/shop\/mut-filling-dau-golden-farm-950g-strawberry-filling-golden-farm-950g\/","title":{"rendered":"M\u1ee9t Filling D\u00e2u Golden Farm 950g \u2013 Strawberry Filling Golden Farm 950g"},"content":{"rendered":"<blockquote>\n<h2><em><strong>TH\u00d4NG TIN CHUNG<\/strong><\/em><\/h2>\n<\/blockquote>\n<table>\n<tbody>\n<tr>\n<td>Th\u01b0\u01a1ng hi\u1ec7u<\/td>\n<th data-start=\"3073\" data-end=\"3113\" data-col-size=\"md\">Golden Farm<\/th>\n<\/tr>\n<tr>\n<td>Xu\u1ea5t x\u1ee9<\/td>\n<td data-col-size=\"md\" data-start=\"3195\" data-end=\"3235\">Vi\u1ec7t Nam<\/td>\n<\/tr>\n<tr>\n<td>Th\u00e0nh ph\u1ea7n<\/td>\n<td data-col-size=\"md\" data-start=\"3256\" data-end=\"3356\">D\u00e2u t\u00e2y (40%), \u0111\u01b0\u1eddng, ch\u1ea5t l\u00e0m d\u00e0y (E440i), ch\u1ea5t \u0111i\u1ec1u ch\u1ec9nh \u0111\u1ed9 acid (E330), ch\u1ea5t b\u1ea3o qu\u1ea3n (E202)<\/td>\n<\/tr>\n<tr>\n<td>H\u1ea1n s\u1eed d\u1ee5ng<\/td>\n<td data-col-size=\"md\" data-start=\"3377\" data-end=\"3417\">18 th\u00e1ng k\u1ec3 t\u1eeb ng\u00e0y s\u1ea3n xu\u1ea5t<\/td>\n<\/tr>\n<tr>\n<td>B\u1ea3o qu\u1ea3n<\/td>\n<td data-col-size=\"md\" data-start=\"3438\" data-end=\"3541\">B\u1ea3o qu\u1ea3n n\u01a1i kh\u00f4 r\u00e1o, tr\u00e1nh \u00e1nh n\u1eafng. Sau khi m\u1edf n\u1eafp n\u00ean b\u1ea3o qu\u1ea3n l\u1ea1nh v\u00e0 d\u00f9ng trong th\u1eddi gian ng\u1eafn<\/td>\n<\/tr>\n<tr>\n<td>Kh\u1ed1i l\u01b0\u1ee3ng<\/td>\n<td data-start=\"3542\" data-end=\"3562\" data-col-size=\"sm\">950g<\/td>\n<\/tr>\n<\/tbody>\n<\/table>\n<p data-start=\"340\" data-end=\"848\">Trong th\u1ebf gi\u1edbi b\u00e1nh ng\u1ecdt v\u00e0 \u0111\u1ed3 tr\u00e1ng mi\u1ec7ng hi\u1ec7n \u0111\u1ea1i, nh\u1eefng nguy\u00ean li\u1ec7u s\u1eb5n c\u00f3, ti\u1ec7n d\u1ee5ng nh\u01b0ng v\u1eabn gi\u1eef \u0111\u01b0\u1ee3c h\u01b0\u01a1ng v\u1ecb t\u1ef1 nhi\u00ean lu\u00f4n \u0111\u01b0\u1ee3c s\u0103n \u0111\u00f3n. \u0110\u1eb7c bi\u1ec7t v\u1edbi nh\u1eefng ai y\u00eau th\u00edch vi\u1ec7c l\u00e0m b\u00e1nh t\u1ea1i nh\u00e0 ho\u1eb7c \u0111ang v\u1eadn h\u00e0nh m\u00f4 h\u00ecnh c\u00e0 ph\u00ea \u2013 ti\u1ec7m b\u00e1nh, vi\u1ec7c l\u1ef1a ch\u1ecdn m\u1ed9t lo\u1ea1i nh\u00e2n m\u1ee9t d\u00e2u c\u00f3 th\u1ec3 mang \u0111\u1ebfn \u0111\u1ed9 t\u01b0\u01a1i, th\u01a1m v\u00e0 k\u1ebft c\u1ea5u ho\u00e0n h\u1ea3o ch\u00ednh l\u00e0 y\u1ebfu t\u1ed1 kh\u00f4ng th\u1ec3 xem nh\u1eb9.\u00a0<em><strong>M\u1ee9t Filling D\u00e2u Golden Farm 950g<\/strong><\/em>\u00a0l\u00e0 m\u1ed9t trong nh\u1eefng l\u1ef1a ch\u1ecdn n\u1ed5i b\u1eadt nh\u1edd h\u01b0\u01a1ng v\u1ecb g\u1ea7n g\u0169i, ti\u1ec7n d\u1ee5ng v\u00e0 d\u1ec5 d\u00e0ng k\u1ebft h\u1ee3p trong \u0111a d\u1ea1ng m\u00f3n \u0103n.<\/p>\n<p data-start=\"340\" data-end=\"848\"><img fetchpriority=\"high\" decoding=\"async\" class=\"aligncenter  wp-image-41497\" src=\"https:\/\/havamall.com\/wp-content\/uploads\/2025\/07\/strabwerry-cheesecake-dumpcake-19-scaled-1.jpg\" alt=\"\" width=\"800\" height=\"1000\" \/><\/p>\n<p data-start=\"850\" data-end=\"1247\">Kh\u00f4ng gi\u1ed1ng c\u00e1c lo\u1ea1i m\u1ee9t \u0111\u00f3ng h\u1ed9p th\u00f4ng th\u01b0\u1eddng,\u00a0<strong><em>Filling D\u00e2u c\u1ee7a Golden Farm<\/em>\u00a0<\/strong>kh\u00f4ng qu\u00e1 lo\u00e3ng c\u0169ng kh\u00f4ng \u0111\u1eb7c qu\u00e1nh, m\u00e0 \u0111\u1ea1t \u0111\u01b0\u1ee3c \u0111\u1ed9 s\u00e1nh v\u1eeba ph\u1ea3i \u2013 \u0111\u1ee7 \u0111\u1ec3 ph\u1ee7 \u0111\u1ec1u l\u00ean m\u1eb7t b\u00e1nh, ph\u1ebft v\u00e0o nh\u00e2n, ho\u1eb7c tr\u1ed9n v\u00e0o s\u1eefa chua, kem l\u1ea1nh m\u00e0 v\u1eabn gi\u1eef \u0111\u01b0\u1ee3c \u0111\u1ed9 h\u00f2a quy\u1ec7n t\u1ed1t. Ch\u00ednh k\u1ebft c\u1ea5u \u1ea5y \u0111\u00e3 l\u00e0m n\u00ean t\u00ean tu\u1ed5i cho d\u00f2ng filling c\u1ee7a th\u01b0\u01a1ng hi\u1ec7u n\u00e0y, gi\u00fap ti\u1ebft ki\u1ec7m th\u1eddi gian thao t\u00e1c m\u00e0 v\u1eabn t\u1ea1o ra th\u00e0nh ph\u1ea9m tr\u1ecdn v\u1ecb.<\/p>\n<p data-start=\"850\" data-end=\"1247\"><img decoding=\"async\" class=\"aligncenter\" src=\"https:\/\/havamall.com\/wp-content\/uploads\/2025\/07\/StrawberryCreamFilling_285500_06.jpg\" alt=\"How to Make Strawberry Cream Cake Filling | Wilton's Baking Blog | Baking  Recipes, Cake Decorating, and Desserts\" width=\"800\" height=\"500\" \/><\/p>\n<p data-start=\"1249\" data-end=\"1697\"><em><strong>Golden Farm<\/strong><\/em>\u00a0l\u00e0 th\u01b0\u01a1ng hi\u1ec7u g\u1eafn li\u1ec1n v\u1edbi nh\u1eefng s\u1ea3n ph\u1ea9m c\u00f3 ngu\u1ed3n nguy\u00ean li\u1ec7u an to\u00e0n, s\u1ea3n xu\u1ea5t theo d\u00e2y chuy\u1ec1n hi\u1ec7n \u0111\u1ea1i v\u00e0 c\u00f3 m\u1eb7t r\u1ed9ng r\u00e3i t\u1ea1i th\u1ecb tr\u01b0\u1eddng Vi\u1ec7t Nam. \u0110\u1ed1i v\u1edbi m\u1ee9t d\u00e2u, th\u01b0\u01a1ng hi\u1ec7u n\u00e0y s\u1eed d\u1ee5ng d\u00e2u t\u00e2y t\u01b0\u01a1i tuy\u1ec3n ch\u1ecdn k\u1ef9 l\u01b0\u1ee1ng, tr\u1ea3i qua qu\u00e1 tr\u00ecnh ch\u1ebf bi\u1ebfn gi\u1eef l\u1ea1i t\u1ed1i \u0111a h\u01b0\u01a1ng th\u01a1m v\u00e0 s\u1eafc \u0111\u1ecf t\u1ef1 nhi\u00ean \u0111\u1eb7c tr\u01b0ng. Khi m\u1edf n\u1eafp h\u1ed9p, ng\u01b0\u1eddi d\u00f9ng c\u00f3 th\u1ec3 c\u1ea3m nh\u1eadn r\u00f5 h\u01b0\u01a1ng d\u00e2u d\u1ecbu ng\u1ecdt, kh\u00f4ng g\u1eaft, kh\u00f4ng h\u1eafc m\u00f9i ph\u1ea9m, r\u1ea5t g\u1ea7n v\u1edbi m\u00f9i d\u00e2u t\u00e2y th\u1eadt.<\/p>\n<p data-start=\"1249\" data-end=\"1697\"><img decoding=\"async\" class=\"aligncenter  wp-image-41499\" src=\"https:\/\/havamall.com\/wp-content\/uploads\/2025\/07\/506264765_122159249204436404_7403147165821242535_n-1.png\" alt=\"\" width=\"802\" height=\"276\" \/><\/p>\n<blockquote>\n<p data-start=\"1699\" data-end=\"2065\"><span style=\"font-size: 18pt\"><strong><em>Filling D\u00e2u Golden Farm th\u00edch h\u1ee3p cho nhi\u1ec1u \u1ee9ng d\u1ee5ng:<\/em><\/strong><\/span><\/p>\n<\/blockquote>\n<p data-start=\"1699\" data-end=\"2065\">\u2013 L\u00e0m nh\u00e2n cho b\u00e1nh b\u00f4ng lan cu\u1ed9n, b\u00e1nh quy, b\u00e1nh tart<br \/>\n\u2013 Ph\u1ee7 m\u1eb7t b\u00e1nh kem, b\u00e1nh mousse, b\u00e1nh cheesecake<br \/>\n\u2013 Pha ch\u1ebf th\u1ee9c u\u1ed1ng, \u0111\u1eb7c bi\u1ec7t l\u00e0 d\u00f2ng \u0111\u00e1 xay, s\u1eefa chua \u0111\u00e1nh ho\u1eb7c cocktail tr\u00e1i c\u00e2y<br \/>\n\u2013 \u0102n k\u00e8m v\u1edbi b\u00e1nh m\u00ec, b\u00e1nh crepe, pancake cho b\u1eefa s\u00e1ng nh\u1eb9 nh\u00e0ng<br \/>\n\u2013 Trang tr\u00ed m\u00f3n tr\u00e1ng mi\u1ec7ng nh\u01b0 panna cotta, kem ho\u1eb7c yogurt<\/p>\n<p data-start=\"1699\" data-end=\"2065\"><img loading=\"lazy\" decoding=\"async\" class=\"aligncenter\" src=\"https:\/\/wildwildwhisk.com\/wp-content\/uploads\/2018\/07\/Strawberry-Rose-Tart-2.jpg\" alt=\"Strawberry Tart with Roses - Wild Wild Whisk\" width=\"800\" height=\"1200\" \/><\/p>\n<p data-start=\"2067\" data-end=\"2414\">\u0110i\u1ec3m c\u1ed9ng l\u1edbn c\u1ee7a d\u00f2ng m\u1ee9t n\u00e0y l\u00e0 c\u00f3 v\u1ecb ng\u1ecdt v\u1eeba ph\u1ea3i, kh\u00f4ng g\u00e2y ng\u00e1n, ph\u00f9 h\u1ee3p kh\u1ea9u v\u1ecb ng\u01b0\u1eddi Vi\u1ec7t. \u0110\u1ed3ng th\u1eddi, k\u1ebft c\u1ea5u d\u1ebbo m\u1ecbn gi\u00fap m\u1ee9t gi\u1eef \u0111\u01b0\u1ee3c h\u00ecnh d\u00e1ng v\u00e0 m\u00e0u s\u1eafc \u0111\u1eb9p khi l\u00ean th\u00e0nh ph\u1ea9m, kh\u00f4ng b\u1ecb ch\u1ea3y n\u01b0\u1edbc hay t\u00e1ch l\u1edbp trong \u0111i\u1ec1u ki\u1ec7n b\u1ea3o qu\u1ea3n ti\u00eau chu\u1ea9n. \u0110\u1ed1i v\u1edbi ng\u00e0nh F&amp;B, \u0111\u00f3 l\u00e0 l\u1ee3i th\u1ebf l\u1edbn khi t\u1ea1o ra c\u00e1c m\u00f3n \u0103n kh\u00f4ng ch\u1ec9 ngon m\u00e0 c\u00f2n \u0111\u1eb9p m\u1eaft.<\/p>\n<p data-start=\"2067\" data-end=\"2414\"><img loading=\"lazy\" decoding=\"async\" class=\"aligncenter\" src=\"https:\/\/havamall.com\/wp-content\/uploads\/2025\/07\/Strawberry-Cheesecake-Hand-Pies-3.jpg\" alt=\"Strawberry Cheesecake Hand Pies\" width=\"800\" height=\"1000\" \/><\/p>\n<p data-start=\"2741\" data-end=\"3022\">M\u1ee9t Filling D\u00e2u Golden Farm hi\u1ec7n \u0111ang \u0111\u01b0\u1ee3c ph\u00e2n ph\u1ed1i ch\u00ednh th\u1ee9c t\u1ea1i\u00a0<em><strong>Havamall<\/strong>\u00a0<\/em>\u2013 n\u01a1i h\u1ed9i t\u1ee5 nh\u1eefng s\u1ea3n ph\u1ea9m th\u1ef1c ph\u1ea9m ch\u1ea5t l\u01b0\u1ee3ng, ch\u00ednh h\u00e3ng v\u00e0 \u0111a d\u1ea1ng. \u0110\u00e2y l\u00e0 l\u1ef1a ch\u1ecdn \u0111\u00e1ng tin c\u1eady cho m\u1ecdi ai \u0111ang t\u00ecm ki\u1ebfm m\u1ed9t lo\u1ea1i nh\u00e2n m\u1ee9t ngon, ti\u1ec7n d\u1ee5ng, gi\u00e1 h\u1ee3p l\u00fd cho c\u00e1c m\u00f3n b\u00e1nh ng\u1ecdt m\u1ed7i ng\u00e0y.<\/p>","protected":false},"excerpt":{"rendered":"<p>TH\u00d4NG TIN CHUNG Th\u01b0\u01a1ng hi\u1ec7u Golden Farm Xu\u1ea5t x\u1ee9 Vi\u1ec7t Nam Th\u00e0nh ph\u1ea7n D\u00e2u t\u00e2y (40%), \u0111\u01b0\u1eddng, ch\u1ea5t l\u00e0m d\u00e0y<\/p>","protected":false},"featured_media":40410,"comment_status":"open","ping_status":"closed","template":"","meta":[],"product_brand":[],"product_cat":[677,255,131],"product_tag":[],"class_list":{"0":"post-40409","1":"product","2":"type-product","3":"status-publish","4":"has-post-thumbnail","6":"product_cat-cac-nuoc-khac","7":"product_cat-nguyen-lieu-lam-banh","8":"product_cat-nguyen-lieu-lam-bep","10":"first","11":"instock","12":"sale","13":"shipping-taxable","14":"purchasable","15":"product-type-simple"},"_links":{"self":[{"href":"https:\/\/havamall.vn\/en\/wp-json\/wp\/v2\/product\/40409"}],"collection":[{"href":"https:\/\/havamall.vn\/en\/wp-json\/wp\/v2\/product"}],"about":[{"href":"https:\/\/havamall.vn\/en\/wp-json\/wp\/v2\/types\/product"}],"replies":[{"embeddable":true,"href":"https:\/\/havamall.vn\/en\/wp-json\/wp\/v2\/comments?post=40409"}],"version-history":[{"count":0,"href":"https:\/\/havamall.vn\/en\/wp-json\/wp\/v2\/product\/40409\/revisions"}],"wp:featuredmedia":[{"embeddable":true,"href":"https:\/\/havamall.vn\/en\/wp-json\/wp\/v2\/media\/40410"}],"wp:attachment":[{"href":"https:\/\/havamall.vn\/en\/wp-json\/wp\/v2\/media?parent=40409"}],"wp:term":[{"taxonomy":"product_brand","embeddable":true,"href":"https:\/\/havamall.vn\/en\/wp-json\/wp\/v2\/product_brand?post=40409"},{"taxonomy":"product_cat","embeddable":true,"href":"https:\/\/havamall.vn\/en\/wp-json\/wp\/v2\/product_cat?post=40409"},{"taxonomy":"product_tag","embeddable":true,"href":"https:\/\/havamall.vn\/en\/wp-json\/wp\/v2\/product_tag?post=40409"}],"curies":[{"name":"wp","href":"https:\/\/api.w.org\/{rel}","templated":true}]}}