{"id":40400,"date":"2025-07-31T11:39:47","date_gmt":"2025-07-31T04:39:47","guid":{"rendered":"https:\/\/havamall.vn\/?post_type=product&#038;p=40400"},"modified":"2025-07-31T11:39:47","modified_gmt":"2025-07-31T04:39:47","slug":"men-kho-instant-vang-hop-55g-5-goi-x-11g-u-nhanh-saf-instant-gold-yeast-55g","status":"publish","type":"product","link":"https:\/\/havamall.vn\/en\/shop\/men-kho-instant-vang-hop-55g-5-goi-x-11g-u-nhanh-saf-instant-gold-yeast-55g\/","title":{"rendered":"Men Kh\u00f4 Instant V\u00e0ng H\u1ed9p 55g (5 G\u00f3i x 11g) \u1ee6 Nhanh \u2013 Saf Instant Gold Yeast 55g"},"content":{"rendered":"<blockquote>\n<h2><em><strong>TH\u00d4NG TIN CHUNG<\/strong><\/em><\/h2>\n<\/blockquote>\n<table>\n<tbody>\n<tr>\n<td>Th\u01b0\u01a1ng hi\u1ec7u<\/td>\n<td>Saf Instant (Lesaffre)<\/td>\n<\/tr>\n<tr>\n<td>Xu\u1ea5t x\u1ee9<\/td>\n<td>Ph\u00e1p<\/td>\n<\/tr>\n<tr>\n<td>Th\u00e0nh ph\u1ea7n<\/td>\n<td>Xem tr\u00ean bao b\u00ec<\/td>\n<\/tr>\n<tr>\n<td>H\u1ea1n s\u1eed d\u1ee5ng<\/td>\n<td>Xem tren bao b\u00ec<\/td>\n<\/tr>\n<tr>\n<td>B\u1ea3o qu\u1ea3n<\/td>\n<td data-col-size=\"md\" data-start=\"550\" data-end=\"633\">N\u01a1i kh\u00f4 r\u00e1o, tho\u00e1ng m\u00e1t, tr\u00e1nh \u00e1nh n\u1eafng tr\u1ef1c ti\u1ebfp; b\u1ea3o qu\u1ea3n l\u1ea1nh sau khi m\u1edf g\u00f3i<\/td>\n<\/tr>\n<tr>\n<td>Kh\u1ed1i l\u01b0\u1ee3ng<\/td>\n<td>G\u00f3i 55g\u00a0(5 g\u00f3i nh\u1ecf x 11g)<\/td>\n<\/tr>\n<\/tbody>\n<\/table>\n<p data-start=\"709\" data-end=\"1184\">Khi n\u00f3i \u0111\u1ebfn ngh\u1ec7 thu\u1eadt l\u00e0m b\u00e1nh, m\u1ed9t trong nh\u1eefng y\u1ebfu t\u1ed1 quan tr\u1ecdng nh\u1ea5t \u0111\u1ec3 t\u1ea1o ra nh\u1eefng chi\u1ebfc b\u00e1nh m\u1ec1m x\u1ed1p v\u00e0 \u0111\u1ea1t \u0111\u1ed9 n\u1edf ho\u00e0n h\u1ea3o ch\u00ednh l\u00e0 men n\u1edf. Trong th\u1ebf gi\u1edbi c\u1ee7a nh\u1eefng ng\u01b0\u1eddi th\u1ee3 l\u00e0m b\u00e1nh chuy\u00ean nghi\u1ec7p v\u00e0 c\u1ea3 nh\u1eefng ai y\u00eau th\u00edch n\u1ea5u n\u01b0\u1edbng t\u1ea1i nh\u00e0, Saf Instant l\u00e0 c\u00e1i t\u00ean g\u1ea7n nh\u01b0 kh\u00f4ng th\u1ec3 thi\u1ebfu. V\u1edbi kinh nghi\u1ec7m h\u01a1n 150 n\u0103m trong ng\u00e0nh men c\u1ee7a t\u1eadp \u0111o\u00e0n Lesaffre (Ph\u00e1p), d\u00f2ng\u00a0<strong data-start=\"1084\" data-end=\"1108\">men kh\u00f4 Instant V\u00e0ng<\/strong>\u00a0lu\u00f4n \u0111\u01b0\u1ee3c \u0111\u00e1nh gi\u00e1 cao v\u1ec1 \u0111\u1ed9 \u1ed5n \u0111\u1ecbnh, hi\u1ec7u su\u1ea5t n\u1edf v\u00e0 ch\u1ea5t l\u01b0\u1ee3ng b\u1ed9t sau \u1ee7.<\/p>\n<p data-start=\"709\" data-end=\"1184\"><img fetchpriority=\"high\" decoding=\"async\" class=\"aligncenter  wp-image-41490\" src=\"https:\/\/havamall.com\/wp-content\/uploads\/2025\/07\/321184861_930568878103621_4919351362133917141_n.jpg\" alt=\"\" width=\"800\" height=\"800\" \/><\/p>\n<p data-start=\"1186\" data-end=\"1657\">Lo\u1ea1i men n\u00e0y \u0111\u01b0\u1ee3c thi\u1ebft k\u1ebf \u0111\u1eb7c bi\u1ec7t \u0111\u1ec3 ho\u1ea1t \u0111\u1ed9ng m\u1ea1nh trong m\u00f4i tr\u01b0\u1eddng c\u00f3 l\u01b0\u1ee3ng \u0111\u01b0\u1eddng trung b\u00ecnh \u0111\u1ebfn cao \u2013 \u0111i\u1ec1u l\u00fd t\u01b0\u1edfng cho c\u00e1c c\u00f4ng th\u1ee9c b\u00e1nh ng\u1ecdt nh\u01b0 b\u00e1nh m\u00ec hoa c\u00fac, brioche, b\u00e1nh donut, b\u00e1nh m\u00ec s\u1eefa, b\u00e1nh m\u00ec sandwich, b\u00e1nh cu\u1ed9n, v\u00e0 nhi\u1ec1u lo\u1ea1i b\u00e1nh c\u00f3 \u0111\u1ed9 b\u00e9o cao kh\u00e1c. \u0110\u1eb7c \u0111i\u1ec3m v\u01b0\u1ee3t tr\u1ed9i c\u1ee7a men Saf Instant V\u00e0ng l\u00e0 kh\u1ea3 n\u0103ng t\u1ea1o h\u01a1i kh\u00ed \u1ed5n \u0111\u1ecbnh gi\u00fap kh\u1ed1i b\u1ed9t ph\u00e1t tri\u1ec3n \u0111\u1ec1u, gi\u1eef \u1ea9m t\u1ed1t, kh\u00f4ng b\u1ecb kh\u00f4 b\u1ec1 m\u1eb7t khi n\u01b0\u1edbng, \u0111\u1ed3ng th\u1eddi kh\u00f4ng t\u1ea1o m\u00f9i men kh\u00f3 ch\u1ecbu sau khi ch\u00edn.<\/p>\n<p data-start=\"1186\" data-end=\"1657\"><img decoding=\"async\" class=\"aligncenter  wp-image-41492\" src=\"https:\/\/havamall.com\/wp-content\/uploads\/2025\/07\/173977771_457549741979160_8791845669417927459_n.jpg\" alt=\"\" width=\"800\" height=\"728\" \/><\/p>\n<p data-start=\"1659\" data-end=\"2082\">S\u1ea3n ph\u1ea9m c\u00f3 d\u1ea1ng h\u1ea1t m\u1ecbn, d\u1ec5 h\u00f2a tan v\u00e0 tr\u1ed9n tr\u1ef1c ti\u1ebfp v\u00e0o b\u1ed9t m\u00e0 kh\u00f4ng c\u1ea7n k\u00edch ho\u1ea1t tr\u01b0\u1edbc. Vi\u1ec7c \u0111\u00f3ng g\u00f3i th\u00e0nh 5 g\u00f3i nh\u1ecf 11g ti\u1ec7n l\u1ee3i gi\u00fap ng\u01b0\u1eddi d\u00f9ng s\u1eed d\u1ee5ng \u0111\u00fang li\u1ec1u l\u01b0\u1ee3ng, kh\u00f4ng lo b\u1ecb \u1ea9m hay hao h\u1ee5t n\u1ebfu ch\u1ec9 l\u00e0m b\u00e1nh v\u1edbi l\u01b0\u1ee3ng b\u1ed9t nh\u1ecf. Ngo\u00e0i ra, lo\u1ea1i men n\u00e0y c\u00f3 kh\u1ea3 n\u0103ng ho\u1ea1t \u0111\u1ed9ng hi\u1ec7u qu\u1ea3 \u1edf nhi\u1ec7t \u0111\u1ed9 ph\u00f2ng v\u00e0 c\u1ea3 trong c\u00e1c \u0111i\u1ec1u ki\u1ec7n \u1ee7 l\u1ea1nh qua \u0111\u00eam, ph\u00f9 h\u1ee3p v\u1edbi nhi\u1ec1u k\u1ef9 thu\u1eadt \u1ee7 kh\u00e1c nhau m\u00e0 ng\u01b0\u1eddi l\u00e0m b\u00e1nh \u0111ang \u00e1p d\u1ee5ng.<\/p>\n<p data-start=\"1659\" data-end=\"2082\"><img decoding=\"async\" class=\"aligncenter  wp-image-41491\" src=\"https:\/\/havamall.com\/wp-content\/uploads\/2025\/07\/275121219_629739134762729_2713792782592142801_n.jpg\" alt=\"\" width=\"801\" height=\"801\" \/><\/p>\n<p data-start=\"2084\" data-end=\"2424\">\u0110\u1ed1i v\u1edbi ng\u01b0\u1eddi m\u1edbi b\u1eaft \u0111\u1ea7u, vi\u1ec7c s\u1eed d\u1ee5ng men Saf Instant V\u00e0ng gi\u00fap gi\u1ea3m b\u1edbt lo l\u1eafng v\u1ec1 kh\u00e2u l\u00ean men v\u1ed1n kh\u00e1 nh\u1ea1y c\u1ea3m. Nh\u1edd \u0111\u1eb7c t\u00ednh \u1ed5n \u0111\u1ecbnh v\u00e0 d\u1ec5 ki\u1ec3m so\u00e1t, lo\u1ea1i men n\u00e0y kh\u00f4ng ch\u1ec9 gi\u00fap qu\u00e1 tr\u00ecnh l\u00e0m b\u00e1nh tr\u1edf n\u00ean d\u1ec5 d\u00e0ng h\u01a1n m\u00e0 c\u00f2n g\u00f3p ph\u1ea7n t\u1ea1o ra th\u00e0nh ph\u1ea9m ngon mi\u1ec7ng v\u1edbi c\u1ea5u tr\u00fac ru\u1ed9t b\u00e1nh m\u1ecbn, t\u01a1i, c\u00f3 \u0111\u1ed9 \u0111\u00e0n h\u1ed3i nh\u1eb9 v\u00e0 h\u01b0\u01a1ng th\u01a1m h\u1ea5p d\u1eabn.<\/p>\n<p data-start=\"2084\" data-end=\"2424\"><img loading=\"lazy\" decoding=\"async\" class=\"aligncenter  wp-image-41493\" src=\"https:\/\/havamall.com\/wp-content\/uploads\/2025\/07\/321524649_882601726270447_4775326281931840166_n.jpg\" alt=\"\" width=\"800\" height=\"800\" \/><\/p>\n<p data-start=\"2426\" data-end=\"2730\">Saf Instant V\u00e0ng kh\u00f4ng ch\u1ec9 ph\u1ed5 bi\u1ebfn t\u1ea1i c\u00e1c l\u00f2 b\u00e1nh chuy\u00ean nghi\u1ec7p m\u00e0 c\u00f2n tr\u1edf th\u00e0nh nguy\u00ean li\u1ec7u quen thu\u1ed9c trong c\u00e1c gian b\u1ebfp gia \u0111\u00ecnh y\u00eau th\u00edch b\u00e1nh ng\u1ecdt ph\u01b0\u01a1ng T\u00e2y. M\u1ed9t g\u00f3i nh\u1ecf 11g th\u01b0\u1eddng d\u00f9ng cho 500g \u2013 1kg b\u1ed9t m\u00ec t\u00f9y c\u00f4ng th\u1ee9c, cho th\u1ea5y t\u00ednh kinh t\u1ebf v\u00e0 ti\u1ec7n d\u1ee5ng r\u00f5 r\u1ec7t trong ph\u00e2n kh\u00fac men n\u1edf cao c\u1ea5p.<\/p>\n<p data-start=\"2732\" data-end=\"3048\">Hi\u1ec7n nay,\u00a0<strong data-start=\"2742\" data-end=\"2811\">Men Kh\u00f4 Instant V\u00e0ng G\u00f3i Nh\u1ecf \u1ee6 Nhanh \u2013 Saf Instant Gold Yeast 55g<\/strong>\u00a0\u0111ang \u0111\u01b0\u1ee3c ph\u00e2n ph\u1ed1i ch\u00ednh h\u00e3ng t\u1ea1i Havamall \u2013 n\u01a1i cung c\u1ea5p \u0111a d\u1ea1ng nguy\u00ean li\u1ec7u v\u00e0 d\u1ee5ng c\u1ee5 l\u00e0m b\u00e1nh ch\u1ea5t l\u01b0\u1ee3ng. \u0110\u00e2y l\u00e0 l\u1ef1a ch\u1ecdn l\u00fd t\u01b0\u1edfng cho nh\u1eefng ai mu\u1ed1n n\u00e2ng cao ch\u1ea5t l\u01b0\u1ee3ng m\u00f3n b\u00e1nh c\u1ee7a m\u00ecnh v\u1edbi nguy\u00ean li\u1ec7u men \u1ed5n \u0111\u1ecbnh v\u00e0 \u0111\u00e1ng tin c\u1eady.<\/p>","protected":false},"excerpt":{"rendered":"<p>TH\u00d4NG TIN CHUNG Th\u01b0\u01a1ng hi\u1ec7u Saf Instant (Lesaffre) Xu\u1ea5t x\u1ee9 Ph\u00e1p Th\u00e0nh ph\u1ea7n Xem tr\u00ean bao b\u00ec H\u1ea1n s\u1eed d\u1ee5ng<\/p>","protected":false},"featured_media":40401,"comment_status":"open","ping_status":"closed","template":"","meta":[],"product_brand":[],"product_cat":[255,671],"product_tag":[],"class_list":{"0":"post-40400","1":"product","2":"type-product","3":"status-publish","4":"has-post-thumbnail","6":"product_cat-nguyen-lieu-lam-banh","7":"product_cat-nhap-khau-phap","9":"first","10":"instock","11":"sale","12":"shipping-taxable","13":"purchasable","14":"product-type-simple"},"_links":{"self":[{"href":"https:\/\/havamall.vn\/en\/wp-json\/wp\/v2\/product\/40400"}],"collection":[{"href":"https:\/\/havamall.vn\/en\/wp-json\/wp\/v2\/product"}],"about":[{"href":"https:\/\/havamall.vn\/en\/wp-json\/wp\/v2\/types\/product"}],"replies":[{"embeddable":true,"href":"https:\/\/havamall.vn\/en\/wp-json\/wp\/v2\/comments?post=40400"}],"version-history":[{"count":0,"href":"https:\/\/havamall.vn\/en\/wp-json\/wp\/v2\/product\/40400\/revisions"}],"wp:featuredmedia":[{"embeddable":true,"href":"https:\/\/havamall.vn\/en\/wp-json\/wp\/v2\/media\/40401"}],"wp:attachment":[{"href":"https:\/\/havamall.vn\/en\/wp-json\/wp\/v2\/media?parent=40400"}],"wp:term":[{"taxonomy":"product_brand","embeddable":true,"href":"https:\/\/havamall.vn\/en\/wp-json\/wp\/v2\/product_brand?post=40400"},{"taxonomy":"product_cat","embeddable":true,"href":"https:\/\/havamall.vn\/en\/wp-json\/wp\/v2\/product_cat?post=40400"},{"taxonomy":"product_tag","embeddable":true,"href":"https:\/\/havamall.vn\/en\/wp-json\/wp\/v2\/product_tag?post=40400"}],"curies":[{"name":"wp","href":"https:\/\/api.w.org\/{rel}","templated":true}]}}