{"id":40379,"date":"2025-07-30T14:21:29","date_gmt":"2025-07-30T07:21:29","guid":{"rendered":"https:\/\/havamall.vn\/?post_type=product&#038;p=40379"},"modified":"2025-09-13T10:35:40","modified_gmt":"2025-09-13T03:35:40","slug":"keo-dan-nhanh-dang-gel-sieu-dinh-2g-super-glue-gel-multipurpose","status":"publish","type":"product","link":"https:\/\/havamall.vn\/en\/shop\/keo-dan-nhanh-dang-gel-sieu-dinh-2g-super-glue-gel-multipurpose\/","title":{"rendered":"Keo D\u00e1n Nhanh D\u1ea1ng Gel Si\u00eau D\u00ednh 2g \u2013 Super Glue Gel Multipurpose"},"content":{"rendered":"<blockquote>\n<h2><em><strong>TH\u00d4NG TIN CHUNG<\/strong><\/em><\/h2>\n<\/blockquote>\n<table class=\"w-fit min-w-(--thread-content-width)\" style=\"width: 60.8029%;height: 235px\" data-start=\"328\" data-end=\"631\">\n<thead data-start=\"328\" data-end=\"360\">\n<tr data-start=\"328\" data-end=\"360\">\n<th style=\"text-align: left\" data-start=\"328\" data-end=\"346\" data-col-size=\"sm\">Th\u01b0\u01a1ng hi\u1ec7u<\/th>\n<th style=\"text-align: left\" data-start=\"346\" data-end=\"360\" data-col-size=\"md\">Super Glue<\/th>\n<\/tr>\n<\/thead>\n<tbody data-start=\"394\" data-end=\"631\">\n<tr data-start=\"394\" data-end=\"426\">\n<td data-start=\"394\" data-end=\"412\" data-col-size=\"sm\">Xu\u1ea5t x\u1ee9<\/td>\n<td data-start=\"412\" data-end=\"426\" data-col-size=\"md\">M\u1ef9 (USA)<\/td>\n<\/tr>\n<tr data-start=\"427\" data-end=\"478\">\n<td data-start=\"427\" data-end=\"445\" data-col-size=\"sm\">Th\u00e0nh ph\u1ea7n<\/td>\n<td data-start=\"445\" data-end=\"478\" data-col-size=\"md\">Cyanoacrylate (keo si\u00eau d\u00ednh)<\/td>\n<\/tr>\n<tr data-start=\"479\" data-end=\"516\">\n<td data-start=\"479\" data-end=\"497\" data-col-size=\"sm\">H\u1ea1n s\u1eed d\u1ee5ng<\/td>\n<td data-start=\"497\" data-end=\"516\" data-col-size=\"md\">Xem tr\u00ean bao b\u00ec<\/td>\n<\/tr>\n<tr data-start=\"517\" data-end=\"595\">\n<td data-start=\"517\" data-end=\"535\" data-col-size=\"sm\">C\u00e1ch b\u1ea3o qu\u1ea3n<\/td>\n<td data-start=\"535\" data-end=\"595\" data-col-size=\"md\">\u0110\u1ec3 n\u01a1i kh\u00f4 r\u00e1o, tr\u00e1nh nhi\u1ec7t \u0111\u1ed9 cao v\u00e0 \u00e1nh n\u1eafng tr\u1ef1c ti\u1ebfp<\/td>\n<\/tr>\n<tr data-start=\"596\" data-end=\"631\">\n<td data-start=\"596\" data-end=\"616\" data-col-size=\"sm\">Quy c\u00e1ch \u0111\u00f3ng g\u00f3i<\/td>\n<td data-start=\"616\" data-end=\"631\" data-col-size=\"md\">2 tu\u00fdp x 2g<\/td>\n<\/tr>\n<\/tbody>\n<\/table>\n<p data-start=\"658\" data-end=\"1044\">Trong \u0111\u1eddi s\u1ed1ng h\u00e0ng ng\u00e0y, vi\u1ec7c c\u1ea7n \u0111\u1ebfn m\u1ed9t lo\u1ea1i keo c\u00f3 th\u1ec3 x\u1eed l\u00fd nhanh c\u00e1c v\u1ea5n \u0111\u1ec1 v\u1eb7t v\u00e3nh nh\u01b0 \u0111\u1ed3 nh\u1ef1a b\u1ecb g\u00e3y, g\u1ed7 bong keo, s\u1ee9t m\u00e9p g\u1ea1ch men hay c\u00e1c v\u1eadt d\u1ee5ng nh\u1ecf c\u1ea7n d\u00ednh l\u1ea1i l\u00e0 \u0111i\u1ec1u th\u01b0\u1eddng g\u1eb7p. V\u1edbi nh\u1eefng t\u00ecnh hu\u1ed1ng nh\u01b0 v\u1eady,\u00a0<strong data-start=\"883\" data-end=\"949\">Keo D\u00e1n Nhanh D\u1ea1ng Gel Si\u00eau D\u00ednh \u2013 Super Glue Gel Multipurpose<\/strong>\u00a0l\u00e0 l\u1ef1a ch\u1ecdn ti\u1ec7n l\u1ee3i v\u00e0 hi\u1ec7u qu\u1ea3, nh\u1edd kh\u1ea3 n\u0103ng k\u1ebft d\u00ednh g\u1ea7n nh\u01b0 t\u1ee9c th\u00ec v\u00e0 \u0111\u1ed9 b\u00e1m ch\u1eafc b\u1ec1n b\u1ec9.<\/p>\n<p data-start=\"658\" data-end=\"1044\"><img fetchpriority=\"high\" decoding=\"async\" class=\"aligncenter size-full wp-image-41463\" src=\"https:\/\/havamall.com\/wp-content\/uploads\/2025\/07\/keo-1.png\" alt=\"\" width=\"800\" height=\"800\" \/><\/p>\n<p data-start=\"1046\" data-end=\"1494\">\u2013 D\u1ea1ng gel gi\u00fap ki\u1ec3m so\u00e1t l\u01b0\u1ee3ng keo d\u1ec5 d\u00e0ng h\u01a1n, h\u1ea1n ch\u1ebf b\u1ecb lem ho\u1eb7c ch\u1ea3y lan ra ngo\u00e0i b\u1ec1 m\u1eb7t.<br data-start=\"1140\" data-end=\"1143\" \/>\u2013 C\u00f4ng th\u1ee9c si\u00eau d\u00ednh t\u1eeb Cyanoacrylate gi\u00fap k\u1ebft d\u00ednh nhanh ch\u00f3ng trong v\u00f2ng v\u00e0i gi\u00e2y, r\u00fat ng\u1eafn th\u1eddi gian ch\u1edd \u0111\u1ee3i.<\/p>\n<p data-start=\"1046\" data-end=\"1494\"><img decoding=\"async\" class=\"aligncenter size-full wp-image-41464\" src=\"https:\/\/havamall.com\/wp-content\/uploads\/2025\/07\/keooo.png\" alt=\"\" width=\"800\" height=\"800\" \/><br data-start=\"1256\" data-end=\"1259\" \/>\u2013 C\u00f3 th\u1ec3 s\u1eed d\u1ee5ng tr\u00ean nhi\u1ec1u ch\u1ea5t li\u1ec7u kh\u00e1c nhau nh\u01b0 nh\u1ef1a, g\u1ed7, g\u1ed1m, kim lo\u1ea1i, cao su\u2026 n\u00ean r\u1ea5t linh ho\u1ea1t trong \u1ee9ng d\u1ee5ng.<br data-start=\"1377\" data-end=\"1380\" \/>\u2013 Thi\u1ebft k\u1ebf \u0111\u1ea7u tu\u00fdp nh\u1ecdn nh\u1ecf cho ph\u00e9p \u0111i\u1ec1u khi\u1ec3n l\u01b0\u1ee3ng keo ch\u00ednh x\u00e1c, ph\u00f9 h\u1ee3p c\u1ea3 v\u1edbi c\u00e1c b\u1ec1 m\u1eb7t h\u1eb9p, chi ti\u1ebft nh\u1ecf.<\/p>\n<p data-start=\"1046\" data-end=\"1494\"><img decoding=\"async\" class=\"aligncenter size-full wp-image-41465\" src=\"https:\/\/havamall.com\/wp-content\/uploads\/2025\/07\/keooooo.png\" alt=\"\" width=\"800\" height=\"800\" \/><\/p>\n<p data-start=\"1496\" data-end=\"1666\">Ngo\u00e0i ra, m\u1ed7i g\u00f3i g\u1ed3m hai tu\u00fdp nh\u1ecf 2g \u2013 thu\u1eadn ti\u1ec7n mang theo ho\u1eb7c c\u1ea5t tr\u1eef l\u00e2u d\u00e0i m\u00e0 kh\u00f4ng s\u1ee3 keo b\u1ecb kh\u00f4. \u0110\u1eb7c bi\u1ec7t ph\u00f9 h\u1ee3p cho c\u1ea3 h\u1ed9 gia \u0111\u00ecnh, th\u1ee3 s\u1eeda ch\u1eefa hay v\u0103n ph\u00f2ng.\u00a0M\u1ed9t \u0111i\u1ec3m c\u1ed9ng kh\u00e1c l\u00e0 kh\u1ea3 n\u0103ng kh\u00f4 nhanh v\u00e0 \u0111\u1ed9 b\u1ec1n k\u1ebft d\u00ednh cao, gi\u00fap ti\u1ebft ki\u1ec7m th\u1eddi gian x\u1eed l\u00fd v\u00e0 \u0111\u1ea3m b\u1ea3o \u0111\u1ed9 ch\u1eafc ch\u1eafn l\u00e2u d\u00e0i sau khi d\u00e1n.<\/p>\n<p data-start=\"1496\" data-end=\"1666\"><img loading=\"lazy\" decoding=\"async\" class=\"aligncenter size-full wp-image-41466\" src=\"https:\/\/havamall.com\/wp-content\/uploads\/2025\/07\/keoooooo.png\" alt=\"\" width=\"800\" height=\"800\" \/><\/p>\n<p data-start=\"1810\" data-end=\"2110\"><strong data-start=\"1810\" data-end=\"1876\">Keo D\u00e1n Nhanh D\u1ea1ng Gel Si\u00eau D\u00ednh \u2013 Super Glue Gel Multipurpose<\/strong>\u00a0hi\u1ec7n \u0111\u00e3 c\u00f3 m\u1eb7t t\u1ea1i Havamall \u2013 n\u01a1i t\u1eadp h\u1ee3p nh\u1eefng s\u1ea3n ph\u1ea9m ti\u1ec7n \u00edch, ch\u1ea5t l\u01b0\u1ee3ng cho cu\u1ed9c s\u1ed1ng hi\u1ec7n \u0111\u1ea1i. \u0110\u1eebng \u0111\u1ec3 nh\u1eefng h\u1ecfng h\u00f3c nh\u1ecf l\u00e0m gi\u00e1n \u0111o\u1ea1n sinh ho\u1ea1t, h\u00e3y trang b\u1ecb s\u1eb5n m\u1ed9t tu\u00fdp keo gel trong nh\u00e0 \u0111\u1ec3 ch\u1ee7 \u0111\u1ed9ng \u1ee9ng ph\u00f3 b\u1ea5t k\u1ef3 l\u00fac n\u00e0o.<\/p>","protected":false},"excerpt":{"rendered":"<p>TH\u00d4NG TIN CHUNG Th\u01b0\u01a1ng hi\u1ec7u Super Glue Xu\u1ea5t x\u1ee9 M\u1ef9 (USA) Th\u00e0nh ph\u1ea7n Cyanoacrylate (keo si\u00eau d\u00ednh) H\u1ea1n s\u1eed d\u1ee5ng<\/p>","protected":false},"featured_media":40380,"comment_status":"open","ping_status":"closed","template":"","meta":[],"product_brand":[],"product_cat":[669,395,35],"product_tag":[],"class_list":{"0":"post-40379","1":"product","2":"type-product","3":"status-publish","4":"has-post-thumbnail","6":"product_cat-nhap-khau-my","7":"product_cat-van-phong-pham","8":"product_cat-nha-cua-doi-song","10":"first","11":"instock","12":"sale","13":"shipping-taxable","14":"purchasable","15":"product-type-variable"},"_links":{"self":[{"href":"https:\/\/havamall.vn\/en\/wp-json\/wp\/v2\/product\/40379"}],"collection":[{"href":"https:\/\/havamall.vn\/en\/wp-json\/wp\/v2\/product"}],"about":[{"href":"https:\/\/havamall.vn\/en\/wp-json\/wp\/v2\/types\/product"}],"replies":[{"embeddable":true,"href":"https:\/\/havamall.vn\/en\/wp-json\/wp\/v2\/comments?post=40379"}],"version-history":[{"count":0,"href":"https:\/\/havamall.vn\/en\/wp-json\/wp\/v2\/product\/40379\/revisions"}],"wp:featuredmedia":[{"embeddable":true,"href":"https:\/\/havamall.vn\/en\/wp-json\/wp\/v2\/media\/40380"}],"wp:attachment":[{"href":"https:\/\/havamall.vn\/en\/wp-json\/wp\/v2\/media?parent=40379"}],"wp:term":[{"taxonomy":"product_brand","embeddable":true,"href":"https:\/\/havamall.vn\/en\/wp-json\/wp\/v2\/product_brand?post=40379"},{"taxonomy":"product_cat","embeddable":true,"href":"https:\/\/havamall.vn\/en\/wp-json\/wp\/v2\/product_cat?post=40379"},{"taxonomy":"product_tag","embeddable":true,"href":"https:\/\/havamall.vn\/en\/wp-json\/wp\/v2\/product_tag?post=40379"}],"curies":[{"name":"wp","href":"https:\/\/api.w.org\/{rel}","templated":true}]}}