{"id":40376,"date":"2025-07-29T16:54:22","date_gmt":"2025-07-29T09:54:22","guid":{"rendered":"https:\/\/havamall.vn\/?post_type=product&#038;p=40376"},"modified":"2025-09-22T09:18:29","modified_gmt":"2025-09-22T02:18:29","slug":"khoai-tay-cat-mui-dong-lanh-bem-brasil-25-kg-bem-brasil-rustic-frozen-potato-2-5-kg","status":"publish","type":"product","link":"https:\/\/havamall.vn\/en\/shop\/khoai-tay-cat-mui-dong-lanh-bem-brasil-25-kg-bem-brasil-rustic-frozen-potato-2-5-kg\/","title":{"rendered":"Khoai T\u00e2y C\u1eaft M\u00fai \u0110\u00f4ng L\u1ea1nh Bem Brasil 2,5\u202fkg \u2013 Bem Brasil Rustic Frozen Potato 2.5\u202fkg"},"content":{"rendered":"<blockquote>\n<h2><em><strong>TH\u00d4NG TIN CHUNG<\/strong><\/em><\/h2>\n<\/blockquote>\n<div dir=\"auto\">\n<div dir=\"auto\">\n<table style=\"width: 54.4102%\">\n<tbody>\n<tr>\n<td style=\"width: 43.4211%\">Th\u01b0\u01a1ng hi\u1ec7u<\/td>\n<td style=\"width: 137.255%\">Bem Brazil<\/td>\n<\/tr>\n<tr>\n<td style=\"width: 43.4211%\">Xu\u1ea5t x\u1ee9 th\u01b0\u01a1ng hi\u1ec7u<\/td>\n<td style=\"width: 137.255%\">Brazil<\/td>\n<\/tr>\n<tr>\n<td style=\"width: 43.4211%\">H\u1ea1n s\u1eed d\u1ee5ng<\/td>\n<td style=\"width: 137.255%\">18 th\u00e1ng k\u1ec3 t\u1eeb ng\u00e0y s\u1ea3n xu\u1ea5t<\/td>\n<\/tr>\n<tr>\n<td style=\"width: 43.4211%\">H\u01b0\u1edbng d\u1eabn b\u1ea3o qu\u1ea3n<\/td>\n<td style=\"width: 137.255%\">Gi\u1eef \u0111\u00f4ng \u1edf nhi\u1ec7t \u0111\u1ed9 \u201318\u202f\u00b0C ho\u1eb7c th\u1ea5p h\u01a1n; kh\u00f4ng t\u00e1i \u0111\u00f4ng<\/td>\n<\/tr>\n<tr>\n<td style=\"width: 43.4211%\">H\u01b0\u1edbng d\u1eabn s\u1eed d\u1ee5ng<\/td>\n<td style=\"width: 137.255%\">D\u00f9ng \u0111\u1ec3 n\u1ea5u \u0103n<\/td>\n<\/tr>\n<tr>\n<td style=\"width: 43.4211%\">Xu\u1ea5t x\u1ee9<\/td>\n<td style=\"width: 137.255%\">Brazil<\/td>\n<\/tr>\n<tr>\n<td style=\"width: 43.4211%\">Tr\u1ecdng l\u01b0\u1ee3ng s\u1ea3n ph\u1ea9m<\/td>\n<td style=\"width: 137.255%\">2,5kg<\/td>\n<\/tr>\n<tr>\n<td style=\"width: 43.4211%\">Quy c\u00e1ch \u0111\u00f3ng g\u00f3i<\/td>\n<td style=\"width: 137.255%\">T\u00fai nh\u1ef1a<\/td>\n<\/tr>\n<tr>\n<td style=\"width: 43.4211%\">Th\u00e0nh ph\u1ea7n<\/td>\n<td style=\"width: 137.255%\">Xem tr\u00ean bao b\u00ec<\/td>\n<\/tr>\n<\/tbody>\n<\/table>\n<p data-start=\"1229\" data-end=\"1646\">Trong nhi\u1ec1u n\u0103m qua, batata r\u00fastica \u2013 khoai t\u00e2y \u0111\u00f4ng l\u1ea1nh c\u1eaft v\u1ecf gi\u1eef v\u1ecf \u2013 \u0111\u00e3 tr\u1edf th\u00e0nh l\u1ef1a ch\u1ecdn y\u00eau th\u00edch c\u1ee7a c\u00e1c qu\u00e1n \u0103n nhanh, gia \u0111\u00ecnh, nh\u00e0 h\u00e0ng nh\u1edd \u0111\u1ed9 ti\u1ec7n l\u1ee3i, h\u01b0\u01a1ng v\u1ecb \u0111\u1eb7c tr\u01b0ng v\u00e0 kh\u1ea3 n\u0103ng ch\u1ebf bi\u1ebfn nhanh.\u00a0<strong data-start=\"1441\" data-end=\"1487\">Batata R\u00fastica \u0110\u00f4ng L\u1ea1nh Bem Brasil 2,5\u202fkg<\/strong>\u00a0l\u00e0 m\u1ed9t s\u1ea3n ph\u1ea9m ti\u00eau bi\u1ec3u trong d\u00f2ng n\u00e0y, mang \u0111\u1ebfn tr\u1ea3i nghi\u1ec7m b\u1eefa \u0103n nhanh phong c\u00e1ch chu \u0111\u00e1o, v\u1eeba ngon v\u1eeba \u0111\u1ea7y c\u1ea3m gi\u00e1c t\u1ef1 nhi\u00ean nh\u01b0 khoai t\u00e2y t\u01b0\u01a1i t\u1ef1 th\u00e1i.<\/p>\n<p data-start=\"1229\" data-end=\"1646\"><img fetchpriority=\"high\" decoding=\"async\" class=\"aligncenter wp-image-41454\" src=\"https:\/\/havamall.com\/wp-content\/uploads\/2025\/07\/GLP00237-min-scaled-1.jpg\" alt=\"\" width=\"801\" height=\"534\" \/><\/p>\n<p data-start=\"1648\" data-end=\"2044\">\u0110i\u1ec3m kh\u00e1c bi\u1ec7t l\u1edbn nh\u1ea5t n\u1eb1m \u1edf c\u00e1ch x\u1eed l\u00fd v\u00e0 ch\u1ebf bi\u1ebfn. Khoai t\u00e2y \u0111\u01b0\u1ee3c r\u1eeda s\u1ea1ch, c\u1eaft theo ki\u1ec3u r\u00fastica gi\u1eef v\u1ecf \u0111\u1ec3 l\u01b0u gi\u1eef h\u01b0\u01a1ng v\u1ecb v\u00e0 dinh d\u01b0\u1ee1ng t\u1ef1 nhi\u00ean. V\u1ecf khoai m\u1ecfng t\u1ea1o th\u00eam chi\u1ec1u s\u00e2u v\u1ecb gi\u00e1c: khi chi\u00ean ho\u1eb7c n\u01b0\u1edbng, l\u1edbp v\u1ecf b\u00ean ngo\u00e0i gi\u00f2n nh\u1eb9, ph\u1ea7n th\u1ecbt b\u00ean trong m\u1ec1m \u1ea9m, h\u00f2a quy\u1ec7n t\u1ea1o c\u1ea3m gi\u00e1c v\u1eeba quen v\u1eeba m\u1edbi l\u1ea1. \u0110\u00e2y c\u0169ng l\u00e0 l\u00fd do s\u1ea3n ph\u1ea9m \u0111\u01b0\u1ee3c nhi\u1ec1u ng\u01b0\u1eddi d\u00f9ng l\u1eabn c\u1ed9ng \u0111\u1ed3ng pha ch\u1ebf ch\u1ecdn d\u00f9ng.<\/p>\n<p data-start=\"1648\" data-end=\"2044\"><img decoding=\"async\" class=\"aligncenter wp-image-41455\" src=\"https:\/\/havamall.com\/wp-content\/uploads\/2025\/07\/Roast-Potatoes-4-scaled-1.jpg\" alt=\"\" width=\"800\" height=\"800\" \/><\/p>\n<p data-start=\"2046\" data-end=\"2509\">S\u1ea3n xu\u1ea5t theo ti\u00eau chu\u1ea9n Bem Brasil \u2013 th\u01b0\u01a1ng hi\u1ec7u uy t\u00edn n\u1ed5i ti\u1ebfng t\u1ea1i Brazil \u2013 s\u1ea3n ph\u1ea9m tr\u1ea3i qua quy tr\u00ecnh c\u1ea5p \u0111\u00f4ng nhanh, nh\u1eb1m gi\u1eef k\u1ebft c\u1ea5u, \u0111\u1ed9 \u1ea9m v\u00e0 h\u01b0\u01a1ng v\u1ecb. Khi ch\u1ebf bi\u1ebfn b\u1eb1ng air fryer ho\u1eb7c chi\u00ean ng\u1eadp d\u1ea7u \u1edf 175\u2013180\u202f\u00b0C, th\u00e0nh ph\u1ea9m th\u01b0\u1eddng ch\u00edn \u0111\u1ec1u, v\u00e0ng r\u1ed9m v\u00e0 gi\u1eef \u0111\u01b0\u1ee3c \u0111\u1ed9 gi\u00f2n l\u00e2u sau khi l\u1ea5y ra kh\u1ecfi nhi\u1ec7t \u0111\u1ed9 cao. V\u1edbi th\u1eddi gian chi\u00ean nhanh (kho\u1ea3ng 4\u20136 ph\u00fat), \u0111\u00e2y c\u00f2n l\u00e0 l\u1ef1a ch\u1ecdn l\u00fd t\u01b0\u1edfng khi ph\u1ee5c v\u1ee5 \u0111\u00f4ng kh\u00e1ch ho\u1eb7c c\u1ea7n chu\u1ea9n b\u1ecb nhanh m\u00f3n \u0103n nh\u1eb9 cho gia \u0111\u00ecnh.<\/p>\n<p data-start=\"2046\" data-end=\"2509\"><img decoding=\"async\" class=\"aligncenter size-full wp-image-41456\" src=\"https:\/\/havamall.com\/wp-content\/uploads\/2025\/07\/Roast-Potatoes-14-Edit.jpg\" alt=\"\" width=\"800\" height=\"1200\" \/><\/p>\n<p data-start=\"2511\" data-end=\"2933\">Kh\u00f4ng ch\u1ec9 xem nh\u01b0 m\u00f3n \u0103n ph\u1ee5, batata r\u00fastica c\u00f2n ho\u1ea1t \u0111\u1ed9ng nh\u01b0 \u201cph\u1ee5 ki\u1ec7n\u201d n\u00e2ng t\u1ea7m h\u01b0\u01a1ng v\u1ecb trong nhi\u1ec1u m\u00f3n \u00c2u \u2013 \u00c1. Ph\u1ed5 bi\u1ebfn khi k\u1ebft h\u1ee3p c\u00f9ng m\u00f3n b\u00edt t\u1ebft, g\u00e0 n\u01b0\u1edbng, burger ho\u1eb7c sandwich, ho\u1eb7c \u0111\u01a1n gi\u1ea3n l\u00e0 m\u00f3n b\u00e0o khoai t\u00e2y r\u1eafc ph\u00f4 mai, herbs, ti\u00eau ho\u1eb7c s\u1ed1t mayonnaise n\u01b0\u1edbng. L\u1edbp v\u1ecf t\u1ef1 nhi\u00ean mang th\u00eam \u0111\u1ed9 gi\u00f2n, t\u00ednh th\u1ea9m m\u1ef9, c\u00f2n ph\u1ea7n trong gi\u1eef \u0111\u1ed9 m\u1ec1m \u2013 r\u1ea5t ph\u00f9 h\u1ee3p v\u1edbi c\u1ea3 b\u1eefa \u0103n gia \u0111\u00ecnh ho\u1eb7c th\u1ef1c \u0111\u01a1n buffet, qu\u00e1n \u0103n nhanh.<\/p>\n<p data-start=\"2511\" data-end=\"2933\"><img loading=\"lazy\" decoding=\"async\" class=\"aligncenter wp-image-41457\" src=\"https:\/\/havamall.com\/wp-content\/uploads\/2025\/07\/501051366_1104199278403933_5039842290642049365_n.jpg\" alt=\"\" width=\"800\" height=\"535\" \/><\/p>\n<p data-start=\"2935\" data-end=\"3216\">C\u00f4ng th\u1ee9c b\u1ed9t t\u1ea9m t\u1ed1i gi\u1ea3n, kh\u00f4ng c\u00f3 gluten, kh\u00f4ng ch\u1ee9a ch\u1ea5t b\u1ea3o qu\u1ea3n, ph\u00f9 h\u1ee3p cho nh\u1eefng ng\u01b0\u1eddi mu\u1ed1n l\u1ef1a ch\u1ecdn th\u1ef1c ph\u1ea9m s\u1ea1ch m\u00e0 v\u1eabn c\u1ea7n \u0111\u1ed9 ti\u1ec7n l\u1ee3i cao. C\u00e1c th\u00e0nh ph\u1ea7n ph\u1ee5 ch\u1ec9 g\u1ed3m ch\u1ea5t \u1ed5n \u0111\u1ecbnh pirophosphate gi\u00fap ng\u0103n v\u1ee1 k\u1ebft c\u1ea5u khi \u0111\u00f4ng, gi\u1eef b\u1ec1 m\u1eb7t s\u1ea1ch v\u00e0 ngon mi\u1ec7ng sau khi chi\u00ean.<\/p>\n<p data-start=\"3692\" data-end=\"3923\">V\u1edbi thi\u1ebft k\u1ebf bao b\u00ec c\u00f3 kh\u00f3a zip v\u00e0 dung t\u00edch l\u1edbn, s\u1ea3n ph\u1ea9m d\u1ec5 b\u1ea3o qu\u1ea3n l\u00e2u, c\u00f3 th\u1ec3 chia l\u00e0m nhi\u1ec1u l\u1ea7n s\u1eed d\u1ee5ng m\u00e0 kh\u00f4ng lo h\u00fat \u1ea9m ho\u1eb7c l\u1eabn t\u1ea1p ch\u1ea5t. Khi c\u1ea7n, ch\u1ec9 c\u1ea7n l\u1ea5y \u0111\u00fang l\u01b0\u1ee3ng d\u00f9ng v\u00e0 kh\u00f3a l\u1ea1i c\u1ea9n th\u1eadn tr\u01b0\u1edbc khi \u0111\u1ec3 v\u00e0o ng\u0103n \u0111\u00e1.<\/p>\n<p data-start=\"3692\" data-end=\"3923\"><img loading=\"lazy\" decoding=\"async\" class=\"aligncenter wp-image-41458\" src=\"https:\/\/havamall.com\/wp-content\/uploads\/2025\/07\/GLP00203-min-scaled-1.jpg\" alt=\"\" width=\"801\" height=\"534\" \/><\/p>\n<p data-start=\"3925\" data-end=\"4276\"><strong data-start=\"3925\" data-end=\"3971\">Batata R\u00fastica \u0110\u00f4ng L\u1ea1nh Bem Brasil 2,5\u202fkg<\/strong>\u00a0hi\u1ec7n c\u00f3 m\u1eb7t t\u1ea1i\u00a0<strong data-start=\"3988\" data-end=\"4000\">Havamall<\/strong>\u00a0\u2013 n\u01a1i quy t\u1ee5 nhi\u1ec1u l\u1ef1a ch\u1ecdn th\u1ef1c ph\u1ea9m \u0111\u00f4ng l\u1ea1nh ch\u1ea5t l\u01b0\u1ee3ng cao. N\u1ebfu b\u1ea1n c\u1ea7n chu\u1ea9n b\u1ecb m\u00f3n \u0103n nhanh, topping cho burger, hay \u0111\u01a1n gi\u1ea3n l\u00e0 khoai t\u00e2y chi\u00ean r\u01a1m v\u1eeba mi\u1ec7ng nhanh g\u1ecdn, \u0111\u00e2y \u0111\u00edch th\u1ef1c l\u00e0 l\u1ef1a ch\u1ecdn l\u00fd t\u01b0\u1edfng: ngon t\u1ef1 nhi\u00ean, ti\u1ec7n s\u1eed d\u1ee5ng v\u00e0 \u0111\u1eadm \u0111\u00e0 h\u01b0\u01a1ng v\u1ecb v\u00f9ng \u0111\u1ea5t Nam M\u1ef9.<\/p>\n<\/div>\n<\/div>","protected":false},"excerpt":{"rendered":"<p>TH\u00d4NG TIN CHUNG Th\u01b0\u01a1ng hi\u1ec7u Bem Brazil Xu\u1ea5t x\u1ee9 th\u01b0\u01a1ng hi\u1ec7u Brazil H\u1ea1n s\u1eed d\u1ee5ng 18 th\u00e1ng k\u1ec3 t\u1eeb ng\u00e0y<\/p>","protected":false},"featured_media":40377,"comment_status":"open","ping_status":"closed","template":"","meta":[],"product_brand":[],"product_cat":[677,275],"product_tag":[],"class_list":{"0":"post-40376","1":"product","2":"type-product","3":"status-publish","4":"has-post-thumbnail","6":"product_cat-cac-nuoc-khac","7":"product_cat-thuc-pham-dong-lanh","9":"first","10":"outofstock","11":"sale","12":"shipping-taxable","13":"purchasable","14":"product-type-simple"},"_links":{"self":[{"href":"https:\/\/havamall.vn\/en\/wp-json\/wp\/v2\/product\/40376"}],"collection":[{"href":"https:\/\/havamall.vn\/en\/wp-json\/wp\/v2\/product"}],"about":[{"href":"https:\/\/havamall.vn\/en\/wp-json\/wp\/v2\/types\/product"}],"replies":[{"embeddable":true,"href":"https:\/\/havamall.vn\/en\/wp-json\/wp\/v2\/comments?post=40376"}],"version-history":[{"count":0,"href":"https:\/\/havamall.vn\/en\/wp-json\/wp\/v2\/product\/40376\/revisions"}],"wp:featuredmedia":[{"embeddable":true,"href":"https:\/\/havamall.vn\/en\/wp-json\/wp\/v2\/media\/40377"}],"wp:attachment":[{"href":"https:\/\/havamall.vn\/en\/wp-json\/wp\/v2\/media?parent=40376"}],"wp:term":[{"taxonomy":"product_brand","embeddable":true,"href":"https:\/\/havamall.vn\/en\/wp-json\/wp\/v2\/product_brand?post=40376"},{"taxonomy":"product_cat","embeddable":true,"href":"https:\/\/havamall.vn\/en\/wp-json\/wp\/v2\/product_cat?post=40376"},{"taxonomy":"product_tag","embeddable":true,"href":"https:\/\/havamall.vn\/en\/wp-json\/wp\/v2\/product_tag?post=40376"}],"curies":[{"name":"wp","href":"https:\/\/api.w.org\/{rel}","templated":true}]}}