{"id":40372,"date":"2025-07-29T12:12:03","date_gmt":"2025-07-29T05:12:03","guid":{"rendered":"https:\/\/havamall.vn\/?post_type=product&#038;p=40372"},"modified":"2025-12-08T11:34:22","modified_gmt":"2025-12-08T04:34:22","slug":"bot-cacao-nguyen-chat-vietblend-goi-500g-pure-cocoa-powder-vietblend","status":"publish","type":"product","link":"https:\/\/havamall.vn\/en\/shop\/bot-cacao-nguyen-chat-vietblend-goi-500g-pure-cocoa-powder-vietblend\/","title":{"rendered":"B\u1ed9t CaCao Nguy\u00ean Ch\u1ea5t VietBlend G\u00f3i 500g \u2013 Pure Cocoa Powder VietBlend"},"content":{"rendered":"<blockquote><p><span style=\"font-size: 18pt\"><em><strong>TH\u00d4NG TIN S\u1ea2N PH\u1ea8M<\/strong><\/em><\/span><\/p><\/blockquote>\n<table class=\"w-fit min-w-(--thread-content-width)\" style=\"width: 59.4261%;height: 174px\" data-start=\"106\" data-end=\"636\">\n<tbody data-start=\"228\" data-end=\"636\">\n<tr>\n<td>Th\u01b0\u01a1ng hi\u1ec7u<\/td>\n<td>Vietblend<\/td>\n<\/tr>\n<tr data-start=\"228\" data-end=\"288\">\n<td data-start=\"228\" data-end=\"249\" data-col-size=\"sm\">Xu\u1ea5t x\u1ee9<\/td>\n<td data-col-size=\"lg\" data-start=\"249\" data-end=\"288\">Vi\u1ec7t Nam<\/td>\n<\/tr>\n<tr data-start=\"289\" data-end=\"422\">\n<td data-start=\"289\" data-end=\"310\" data-col-size=\"sm\">Th\u00e0nh ph\u1ea7n<\/td>\n<td data-col-size=\"lg\" data-start=\"310\" data-end=\"422\">Xem chi ti\u1ebft tr\u00ean bao b\u00ec<\/td>\n<\/tr>\n<tr data-start=\"423\" data-end=\"482\">\n<td data-start=\"423\" data-end=\"444\" data-col-size=\"sm\">H\u1ea1n s\u1eed d\u1ee5ng<\/td>\n<td data-col-size=\"lg\" data-start=\"444\" data-end=\"482\">12 th\u00e1ng k\u1ec3 t\u1eeb ng\u00e0y s\u1ea3n xu\u1ea5t<\/td>\n<\/tr>\n<tr data-start=\"483\" data-end=\"575\">\n<td data-start=\"483\" data-end=\"504\" data-col-size=\"sm\">C\u00e1ch b\u1ea3o qu\u1ea3n<\/td>\n<td data-col-size=\"lg\" data-start=\"504\" data-end=\"575\">\u0110\u1ec3 n\u01a1i kh\u00f4 r\u00e1o, tr\u00e1nh \u00e1nh n\u1eafng tr\u1ef1c ti\u1ebfp, \u0111\u1eady k\u00edn sau khi m\u1edf bao b\u00ec<\/td>\n<\/tr>\n<tr data-start=\"576\" data-end=\"636\">\n<td data-start=\"576\" data-end=\"597\" data-col-size=\"sm\">Quy c\u00e1ch kh\u1ed1i l\u01b0\u1ee3ng<\/td>\n<td data-col-size=\"lg\" data-start=\"597\" data-end=\"636\">500g<\/td>\n<\/tr>\n<\/tbody>\n<\/table>\n<p data-start=\"974\" data-end=\"1461\"><em><strong>Ca cao<\/strong><\/em>\u00a0l\u00e0 nguy\u00ean li\u1ec7u truy\u1ec1n th\u1ed1ng \u0111\u00e3 c\u00f3 m\u1eb7t trong nhi\u1ec1u c\u00f4ng th\u1ee9c pha ch\u1ebf v\u00e0 l\u00e0m b\u00e1nh, nh\u01b0ng gi\u00e1 tr\u1ecb th\u1eadt s\u1ef1 c\u1ee7a b\u1ed9t ca cao nguy\u00ean ch\u1ea5t ch\u1ec9 th\u1ef1c s\u1ef1 \u0111\u01b0\u1ee3c \u0111\u00e1nh gi\u00e1 \u0111\u00fang khi tr\u1ea3i nghi\u1ec7m \u0111\u01b0\u1ee3c h\u01b0\u01a1ng v\u1ecb \u0111\u1eadm \u0111\u00e0, h\u1eadu v\u1ecb n\u1ed3ng n\u00e0n, m\u00e0u s\u1eafc \u0111\u1eb9p m\u1eaft v\u00e0 \u0111\u1eb7c bi\u1ec7t l\u00e0 kh\u00f4ng ch\u1ee9a \u0111\u01b0\u1eddng hay h\u01b0\u01a1ng li\u1ec7u nh\u00e2n t\u1ea1o. Trong s\u1ed1 c\u00e1c l\u1ef1a ch\u1ecdn tr\u00ean th\u1ecb tr\u01b0\u1eddng, B\u1ed9t CaCao VietBlend n\u1ed5i b\u1eadt b\u1edfi ch\u1ea5t l\u01b0\u1ee3ng nguy\u00ean b\u1ea3n v\u00e0 quy tr\u00ecnh s\u1ea3n xu\u1ea5t k\u1ef9 l\u01b0\u1ee1ng, ph\u00f9 h\u1ee3p cho c\u1ea3 m\u1ee5c \u0111\u00edch pha ch\u1ebf chuy\u00ean nghi\u1ec7p l\u1eabn s\u1eed d\u1ee5ng t\u1ea1i nh\u00e0.<\/p>\n<p data-start=\"974\" data-end=\"1461\"><img fetchpriority=\"high\" decoding=\"async\" class=\"aligncenter wp-image-41445\" src=\"https:\/\/havamall.com\/wp-content\/uploads\/2025\/07\/easy-vegan-hot-chocolate-recipe-1.jpg\" alt=\"\" width=\"800\" height=\"780\" \/><\/p>\n<p data-start=\"1463\" data-end=\"1822\">\u0110i\u1ec3m kh\u00e1c bi\u1ec7t quan tr\u1ecdng n\u1eb1m \u1edf ngu\u1ed3n nguy\u00ean li\u1ec7u. H\u1ea1t ca cao \u0111\u01b0\u1ee3c tuy\u1ec3n ch\u1ecdn k\u1ef9 l\u01b0\u1ee1ng t\u1eeb nh\u1eefng v\u00f9ng nguy\u00ean li\u1ec7u s\u1ea1ch, sau \u0111\u00f3 tr\u1ea3i qua quy tr\u00ecnh rang ch\u1eadm \u0111\u1ec3 gi\u1eef l\u1ea1i to\u00e0n b\u1ed9 m\u00f9i h\u01b0\u01a1ng \u0111\u1eb7c tr\u01b0ng. C\u00f4ng \u0111o\u1ea1n nghi\u1ec1n m\u1ecbn gi\u00fap b\u1ed9t ca cao \u0111\u1ea1t \u0111\u01b0\u1ee3c \u0111\u1ed9 m\u01b0\u1ee3t m\u00e0, kh\u00f4ng l\u1eabn c\u1eb7n, d\u1ec5 h\u00f2a tan trong n\u01b0\u1edbc n\u00f3ng v\u00e0 k\u1ebft h\u1ee3p ho\u00e0n h\u1ea3o v\u1edbi s\u1eefa t\u01b0\u01a1i, s\u1eefa h\u1ea1t ho\u1eb7c c\u00e1c lo\u1ea1i kem n\u1ec1n.<\/p>\n<p data-start=\"1463\" data-end=\"1822\"><img decoding=\"async\" class=\"aligncenter wp-image-41447\" src=\"https:\/\/havamall.com\/wp-content\/uploads\/2025\/07\/cach-lam-kem-cacao-hat-dieu-1-scaled-1.jpg\" alt=\"\" width=\"801\" height=\"610\" \/><\/p>\n<p data-start=\"1824\" data-end=\"2421\">\u2013 \u0110\u1ed1i v\u1edbi ng\u00e0nh pha ch\u1ebf, b\u1ed9t ca cao c\u1ee7a VietBlend mang l\u1ea1i s\u1eafc n\u00e2u tr\u1ea7m \u1ed5n \u0111\u1ecbnh, v\u1ecb ch\u00e1t nh\u1eb9 c\u00e2n b\u1eb1ng v\u1edbi \u0111\u1ed9 b\u00e9o t\u1ef1 nhi\u00ean c\u1ee7a h\u1ea1t, ph\u00f9 h\u1ee3p \u0111\u1ec3 pha ch\u1ebf c\u00e1c m\u00f3n hot cocoa, ice blended ho\u1eb7c d\u00f9ng nh\u01b0 nguy\u00ean li\u1ec7u n\u1ec1n cho c\u00e1c m\u00f3n \u0111\u00e1 xay.<br data-start=\"2054\" data-end=\"2057\" \/>\u2013 Trong l\u00e0m b\u00e1nh, s\u1ea3n ph\u1ea9m c\u00f3 kh\u1ea3 n\u0103ng gi\u1eef h\u01b0\u01a1ng l\u00e2u sau n\u01b0\u1edbng, gi\u00fap b\u00e1nh brownie, cookies hay b\u00f4ng lan chocolate th\u00eam ph\u1ea7n d\u1eady m\u00f9i, m\u00e0u n\u00e2u quy\u1ebfn r\u0169 m\u00e0 kh\u00f4ng c\u1ea7n s\u1eed d\u1ee5ng th\u00eam ph\u1ea9m m\u00e0u.<br data-start=\"2242\" data-end=\"2245\" \/>\u2013 Kh\u00f4ng ch\u1ec9 v\u1eady, nhi\u1ec1u ng\u01b0\u1eddi c\u00f2n d\u00f9ng b\u1ed9t ca cao \u0111\u1ec3 ph\u1ed1i tr\u1ed9n sinh t\u1ed1, s\u1eefa chua ho\u1eb7c ng\u0169 c\u1ed1c bu\u1ed5i s\u00e1ng nh\u1eb1m t\u0103ng gi\u00e1 tr\u1ecb dinh d\u01b0\u1ee1ng v\u00e0 t\u1ea1o th\u00eam \u0111\u1ed9 h\u1ea5p d\u1eabn cho b\u1eefa \u0103n h\u1eb1ng ng\u00e0y.<\/p>\n<p data-start=\"1824\" data-end=\"2421\"><img decoding=\"async\" class=\"aligncenter wp-image-41446\" src=\"https:\/\/havamall.com\/wp-content\/uploads\/2025\/07\/cach-lam-chocolate-salami-scaled-1.jpg\" alt=\"\" width=\"800\" height=\"651\" \/><\/p>\n<p data-start=\"2423\" data-end=\"2656\">\u0110i\u1ec1u khi\u1ebfn nhi\u1ec1u ng\u01b0\u1eddi \u01b0a chu\u1ed9ng l\u00e0 v\u00ec s\u1ea3n ph\u1ea9m kh\u00f4ng ch\u1ee9a \u0111\u01b0\u1eddng hay ch\u1ea5t t\u1ea1o ng\u1ecdt, gi\u00fap d\u1ec5 ki\u1ec3m so\u00e1t kh\u1ea9u v\u1ecb khi pha ch\u1ebf. C\u0169ng nh\u1edd v\u1eady m\u00e0 B\u1ed9t CaCao VietBlend ph\u00f9 h\u1ee3p v\u1edbi nh\u1eefng ai \u0111ang \u0103n ki\u00eang, th\u1ef1c hi\u1ec7n ch\u1ebf \u0111\u1ed9 \u0103n low-carb hay keto.<\/p>\n<p data-start=\"2658\" data-end=\"2983\">Ngo\u00e0i ra, lo\u1ea1i b\u1ed9t n\u00e0y c\u00f2n \u0111\u01b0\u1ee3c \u0111\u00e1nh gi\u00e1 cao b\u1edfi \u0111\u1ed9 m\u1ecbn v\u01b0\u1ee3t tr\u1ed9i. Khi h\u00f2a tan v\u00e0o n\u01b0\u1edbc n\u00f3ng, b\u1ed9t kh\u00f4ng b\u1ecb v\u00f3n c\u1ee5c hay l\u1eafng c\u1eb7n, t\u1ea1o c\u1ea3m gi\u00e1c m\u01b0\u1ee3t m\u00e0 ngay t\u1eeb ng\u1ee5m \u0111\u1ea7u ti\u00ean. \u0110\u1eb7c bi\u1ec7t, khi ph\u1ed1i tr\u1ed9n c\u00f9ng c\u00e1c d\u00f2ng syrup ho\u1eb7c kem s\u1eefa, b\u1ed9t ca cao kh\u00f4ng h\u1ec1 \u00e1t \u0111i h\u01b0\u01a1ng v\u1ecb kh\u00e1c m\u00e0 ng\u01b0\u1ee3c l\u1ea1i, l\u00e0m n\u1ed5i b\u1eadt chi\u1ec1u s\u00e2u c\u1ee7a m\u00f3n th\u1ee9c u\u1ed1ng.<\/p>\n<p data-start=\"2658\" data-end=\"2983\"><img loading=\"lazy\" decoding=\"async\" class=\"aligncenter\" src=\"https:\/\/havamall.com\/wp-content\/uploads\/2025\/07\/chocolate-acai-bowl-square.jpg\" alt=\"Chocolate Acai Bowl\" width=\"801\" height=\"801\" \/><\/p>\n<p data-start=\"2985\" data-end=\"3179\">S\u1ef1 ti\u1ec7n l\u1ee3i trong c\u00e1ch b\u1ea3o qu\u1ea3n c\u0169ng l\u00e0 m\u1ed9t \u01b0u \u0111i\u1ec3m. Bao b\u00ec zip kraft ch\u1eafc ch\u1eafn, c\u00f3 kh\u1ea3 n\u0103ng ch\u1ed1ng \u1ea9m t\u1ed1t, thu\u1eadn ti\u1ec7n cho ng\u01b0\u1eddi d\u00f9ng b\u1ea3o qu\u1ea3n sau m\u1ed7i l\u1ea7n s\u1eed d\u1ee5ng m\u00e0 kh\u00f4ng lo ch\u1ea5t l\u01b0\u1ee3ng gi\u1ea3m s\u00fat.<\/p>\n<p data-start=\"3181\" data-end=\"3417\">V\u1edbi cam k\u1ebft v\u1ec1 ch\u1ea5t l\u01b0\u1ee3ng nguy\u00ean ch\u1ea5t, \u0111\u1ed9 rang v\u1eeba ph\u1ea3i, kh\u00f4ng th\u00eam ph\u1ee5 gia, b\u1ed9t ca cao t\u1eeb VietBlend \u0111\u00e3 v\u00e0 \u0111ang tr\u1edf th\u00e0nh m\u1ed9t nguy\u00ean li\u1ec7u \u0111\u01b0\u1ee3c \u01b0a chu\u1ed9ng trong nhi\u1ec1u qu\u00e1n c\u00e0 ph\u00ea, ti\u1ec7m b\u00e1nh v\u00e0 h\u1ed9 gia \u0111\u00ecnh y\u00eau th\u00edch n\u1ea5u n\u01b0\u1edbng t\u1ea1i Vi\u1ec7t Nam.<\/p>\n<p data-start=\"3419\" data-end=\"3662\">S\u1ea3n ph\u1ea9m hi\u1ec7n \u0111\u00e3 c\u00f3 m\u1eb7t t\u1ea1i Havamall v\u1edbi m\u1ee9c gi\u00e1 c\u1ea1nh tranh, thu\u1eadn ti\u1ec7n \u0111\u1ec3 \u0111\u1eb7t mua v\u00e0 giao h\u00e0ng t\u1eadn n\u01a1i. L\u1ef1a ch\u1ecdn B\u1ed9t CaCao VietBlend kh\u00f4ng ch\u1ec9 l\u00e0 l\u1ef1a ch\u1ecdn nguy\u00ean li\u1ec7u m\u00e0 c\u00f2n l\u00e0 s\u1ef1 n\u00e2ng t\u1ea7m ch\u1ea5t l\u01b0\u1ee3ng trong m\u1ed7i m\u00f3n \u0111\u1ed3 u\u1ed1ng, m\u00f3n b\u00e1nh y\u00eau th\u00edch.<\/p>","protected":false},"excerpt":{"rendered":"<p>TH\u00d4NG TIN S\u1ea2N PH\u1ea8M Th\u01b0\u01a1ng hi\u1ec7u Vietblend Xu\u1ea5t x\u1ee9 Vi\u1ec7t Nam Th\u00e0nh ph\u1ea7n Xem chi ti\u1ebft tr\u00ean bao b\u00ec H\u1ea1n<\/p>","protected":false},"featured_media":43697,"comment_status":"open","ping_status":"closed","template":"","meta":[],"product_brand":[],"product_cat":[677,255,131],"product_tag":[],"class_list":{"0":"post-40372","1":"product","2":"type-product","3":"status-publish","4":"has-post-thumbnail","6":"product_cat-cac-nuoc-khac","7":"product_cat-nguyen-lieu-lam-banh","8":"product_cat-nguyen-lieu-lam-bep","9":"pa_brand-vietblend","11":"first","12":"instock","13":"sale","14":"shipping-taxable","15":"purchasable","16":"product-type-simple"},"_links":{"self":[{"href":"https:\/\/havamall.vn\/en\/wp-json\/wp\/v2\/product\/40372"}],"collection":[{"href":"https:\/\/havamall.vn\/en\/wp-json\/wp\/v2\/product"}],"about":[{"href":"https:\/\/havamall.vn\/en\/wp-json\/wp\/v2\/types\/product"}],"replies":[{"embeddable":true,"href":"https:\/\/havamall.vn\/en\/wp-json\/wp\/v2\/comments?post=40372"}],"version-history":[{"count":0,"href":"https:\/\/havamall.vn\/en\/wp-json\/wp\/v2\/product\/40372\/revisions"}],"wp:featuredmedia":[{"embeddable":true,"href":"https:\/\/havamall.vn\/en\/wp-json\/wp\/v2\/media\/43697"}],"wp:attachment":[{"href":"https:\/\/havamall.vn\/en\/wp-json\/wp\/v2\/media?parent=40372"}],"wp:term":[{"taxonomy":"product_brand","embeddable":true,"href":"https:\/\/havamall.vn\/en\/wp-json\/wp\/v2\/product_brand?post=40372"},{"taxonomy":"product_cat","embeddable":true,"href":"https:\/\/havamall.vn\/en\/wp-json\/wp\/v2\/product_cat?post=40372"},{"taxonomy":"product_tag","embeddable":true,"href":"https:\/\/havamall.vn\/en\/wp-json\/wp\/v2\/product_tag?post=40372"}],"curies":[{"name":"wp","href":"https:\/\/api.w.org\/{rel}","templated":true}]}}