{"id":40361,"date":"2025-07-28T17:03:56","date_gmt":"2025-07-28T10:03:56","guid":{"rendered":"https:\/\/havamall.vn\/?post_type=product&#038;p=40361"},"modified":"2026-03-30T08:50:51","modified_gmt":"2026-03-30T01:50:51","slug":"bot-foam-pho-mai-vietblend-500g-cheese-foam-powder-vietblend-500g","status":"publish","type":"product","link":"https:\/\/havamall.vn\/en\/shop\/bot-foam-pho-mai-vietblend-500g-cheese-foam-powder-vietblend-500g\/","title":{"rendered":"B\u1ed9t Foam Ph\u00f4 Mai VietBlend 500g \u2013 Cheese Foam Powder VietBlend 500g"},"content":{"rendered":"<blockquote><p><span style=\"font-size: 18pt\"><em><strong>TH\u00d4NG TIN S\u1ea2N PH\u1ea8M<\/strong><\/em><\/span><\/p><\/blockquote>\n<table class=\"w-fit min-w-(--thread-content-width)\" data-start=\"106\" data-end=\"636\">\n<tbody data-start=\"228\" data-end=\"636\">\n<tr>\n<td>Th\u01b0\u01a1ng hi\u1ec7u<\/td>\n<td>Vietblend<\/td>\n<\/tr>\n<tr data-start=\"228\" data-end=\"288\">\n<td data-start=\"228\" data-end=\"249\" data-col-size=\"sm\">Xu\u1ea5t x\u1ee9<\/td>\n<td data-col-size=\"lg\" data-start=\"249\" data-end=\"288\">Vi\u1ec7t Nam<\/td>\n<\/tr>\n<tr data-start=\"289\" data-end=\"422\">\n<td data-start=\"289\" data-end=\"310\" data-col-size=\"sm\">Th\u00e0nh ph\u1ea7n<\/td>\n<td data-col-size=\"lg\" data-start=\"310\" data-end=\"422\">B\u1ed9t kem kh\u00f4ng s\u1eefa, ph\u00f4 mai d\u1ea1ng b\u1ed9t, \u0111\u01b0\u1eddng, mu\u1ed1i, h\u01b0\u01a1ng li\u1ec7u th\u1ef1c ph\u1ea9m t\u1ed5ng h\u1ee3p, ch\u1ea5t \u1ed5n \u0111\u1ecbnh, ch\u1ea5t nh\u0169 h\u00f3a\u2026<\/td>\n<\/tr>\n<tr data-start=\"423\" data-end=\"482\">\n<td data-start=\"423\" data-end=\"444\" data-col-size=\"sm\">H\u1ea1n s\u1eed d\u1ee5ng<\/td>\n<td data-col-size=\"lg\" data-start=\"444\" data-end=\"482\">12 th\u00e1ng k\u1ec3 t\u1eeb ng\u00e0y s\u1ea3n xu\u1ea5t<\/td>\n<\/tr>\n<tr data-start=\"483\" data-end=\"575\">\n<td data-start=\"483\" data-end=\"504\" data-col-size=\"sm\">C\u00e1ch b\u1ea3o qu\u1ea3n<\/td>\n<td data-col-size=\"lg\" data-start=\"504\" data-end=\"575\">\u0110\u1ec3 n\u01a1i kh\u00f4 r\u00e1o, tr\u00e1nh \u00e1nh n\u1eafng tr\u1ef1c ti\u1ebfp, \u0111\u1eady k\u00edn sau khi m\u1edf bao b\u00ec<\/td>\n<\/tr>\n<tr data-start=\"576\" data-end=\"636\">\n<td data-start=\"576\" data-end=\"597\" data-col-size=\"sm\">Quy c\u00e1ch kh\u1ed1i l\u01b0\u1ee3ng<\/td>\n<td data-col-size=\"lg\" data-start=\"597\" data-end=\"636\">500g<\/td>\n<\/tr>\n<\/tbody>\n<\/table>\n<p data-start=\"643\" data-end=\"1145\"><strong><em>B\u1ed9t foam ph\u00f4 mai<\/em><\/strong>\u00a0l\u00e0 m\u1ed9t trong nh\u1eefng nguy\u00ean li\u1ec7u kh\u00f4ng th\u1ec3 thi\u1ebfu trong ng\u00e0nh pha ch\u1ebf hi\u1ec7n \u0111\u1ea1i, \u0111\u1eb7c bi\u1ec7t l\u00e0 v\u1edbi nh\u1eefng lo\u1ea1i \u0111\u1ed3 u\u1ed1ng mang t\u00ednh xu h\u01b0\u1edbng nh\u01b0 tr\u00e0 s\u1eefa, tr\u00e0 tr\u00e1i c\u00e2y hay macchiato. V\u1edbi mong mu\u1ed1n mang \u0111\u1ebfn gi\u1ea3i ph\u00e1p ti\u1ec7n l\u1ee3i v\u00e0 \u0111\u1ed3ng b\u1ed9 v\u1ec1 ch\u1ea5t l\u01b0\u1ee3ng, VietBlend \u2013 \u0111\u01a1n v\u1ecb chuy\u00ean cung c\u1ea5p nguy\u00ean li\u1ec7u \u0111\u1ed3 u\u1ed1ng h\u00e0ng \u0111\u1ea7u \u2013 \u0111\u00e3 cho ra \u0111\u1eddi d\u00f2ng\u00a0<strong data-start=\"985\" data-end=\"1015\">B\u1ed9t Foam Ph\u00f4 Mai VietBlend<\/strong>, gi\u00fap c\u00e1c c\u1eeda h\u00e0ng, qu\u00e1n c\u00e0 ph\u00ea v\u00e0 ng\u01b0\u1eddi y\u00eau pha ch\u1ebf d\u1ec5 d\u00e0ng t\u1ea1o l\u1edbp kem cheese b\u1ed3ng b\u1ec1nh, s\u00e1nh m\u1ecbn v\u00e0 \u0111\u1eadm \u0111\u00e0 h\u01b0\u01a1ng v\u1ecb \u0111\u1eb7c tr\u01b0ng.<\/p>\n<p data-start=\"643\" data-end=\"1145\"><img fetchpriority=\"high\" decoding=\"async\" class=\"aligncenter wp-image-41434\" src=\"https:\/\/havamall.com\/wp-content\/uploads\/2025\/07\/Cheese-Foam-Takestwoeggs-Final-Photography-1-1.jpg\" alt=\"\" width=\"800\" height=\"1000\" \/><\/p>\n<p data-start=\"1147\" data-end=\"1610\"><em><strong>Foam cheese<\/strong><\/em>\u00a0l\u00e0 l\u1edbp kem m\u1ecbn, b\u00e9o nh\u1eb9 v\u00e0 m\u1eb1n m\u1eb7n tinh t\u1ebf ph\u1ee7 tr\u00ean m\u1eb7t \u0111\u1ed3 u\u1ed1ng, kh\u00f4ng ch\u1ec9 mang \u0111\u1ebfn tr\u1ea3i nghi\u1ec7m th\u00fa v\u1ecb khi u\u1ed1ng m\u00e0 c\u00f2n gi\u00fap c\u00e2n b\u1eb1ng v\u1ecb ng\u1ecdt v\u00e0 t\u1ea1o \u0111i\u1ec3m nh\u1ea5n cho th\u1ee9c u\u1ed1ng. Vi\u1ec7c l\u00e0m foam b\u1eb1ng b\u1ed9t ph\u00f4 mai truy\u1ec1n th\u1ed1ng th\u01b0\u1eddng \u0111\u00f2i h\u1ecfi nhi\u1ec1u c\u00f4ng \u0111o\u1ea1n, t\u1eeb c\u00e2n \u0111o nguy\u00ean li\u1ec7u \u0111\u1ebfn \u0111\u00e1nh kem chu\u1ea9n k\u1ef9 thu\u1eadt. Tuy nhi\u00ean, v\u1edbi\u00a0<strong data-start=\"1474\" data-end=\"1504\">B\u1ed9t Foam Ph\u00f4 Mai VietBlend<\/strong>, to\u00e0n b\u1ed9 qu\u00e1 tr\u00ecnh n\u00e0y \u0111\u01b0\u1ee3c \u0111\u01a1n gi\u1ea3n h\u00f3a \u0111\u00e1ng k\u1ec3 m\u00e0 v\u1eabn \u0111\u1ea3m b\u1ea3o l\u1edbp kem \u0111\u1ea1t chu\u1ea9n v\u1ec1 h\u01b0\u01a1ng v\u1ecb v\u00e0 k\u1ebft c\u1ea5u.<\/p>\n<p data-start=\"1147\" data-end=\"1610\"><img decoding=\"async\" class=\"aligncenter\" src=\"https:\/\/havamall.com\/wp-content\/uploads\/2025\/07\/how-to-make-cheese-foam-step.webp\" alt=\"How to make cheese foam\" width=\"800\" height=\"640\" \/><\/p>\n<p data-start=\"1612\" data-end=\"1954\">S\u1ea3n ph\u1ea9m c\u00f3 c\u00f4ng th\u1ee9c ph\u1ed1i tr\u1ed9n t\u1ed1i \u01b0u gi\u1eefa b\u1ed9t kem kh\u00f4ng s\u1eefa, ph\u00f4 mai d\u1ea1ng b\u1ed9t c\u00f9ng c\u00e1c ph\u1ee5 gia an to\u00e0n th\u1ef1c ph\u1ea9m, gi\u00fap l\u1edbp foam t\u1ea1o ra c\u00f3 \u0111\u1ed9 b\u00f4ng m\u1ecbn, s\u00e1nh v\u00e0 gi\u1eef form l\u00e2u h\u01a1n khi ph\u1ee7 l\u00ean b\u1ec1 m\u1eb7t \u0111\u1ed3 u\u1ed1ng. H\u01b0\u01a1ng ph\u00f4 mai lan t\u1ecfa nh\u1eb9, kh\u00f4ng qu\u00e1 g\u1eaft, \u0111\u1ee7 \u0111\u1ec3 ng\u01b0\u1eddi th\u01b0\u1edfng th\u1ee9c c\u1ea3m nh\u1eadn \u0111\u01b0\u1ee3c s\u1ef1 m\u1eb7n m\u00e0, b\u00e9o ng\u1eady h\u00e0i h\u00f2a v\u1edbi ph\u1ea7n n\u01b0\u1edbc u\u1ed1ng b\u00ean d\u01b0\u1edbi.<\/p>\n<p data-start=\"1612\" data-end=\"1954\"><img decoding=\"async\" class=\"aligncenter wp-image-41435\" src=\"https:\/\/havamall.com\/wp-content\/uploads\/2025\/07\/earl-grey-tea-with-cheese-foam-scaled-1.jpg\" alt=\"\" width=\"800\" height=\"800\" \/><\/p>\n<p data-start=\"1956\" data-end=\"2334\">M\u1ed9t \u01b0u \u0111i\u1ec3m n\u1ed5i b\u1eadt c\u1ee7a d\u00f2ng b\u1ed9t foam n\u00e0y l\u00e0 kh\u1ea3 n\u0103ng \u1ee9ng d\u1ee5ng linh ho\u1ea1t trong nhi\u1ec1u c\u00f4ng th\u1ee9c kh\u00e1c nhau. C\u00f3 th\u1ec3 d\u1ec5 d\u00e0ng \u0111i\u1ec1u ch\u1ec9nh \u0111\u1ed9 \u0111\u1eb7c ho\u1eb7c lo\u00e3ng c\u1ee7a l\u1edbp foam b\u1eb1ng t\u1ef7 l\u1ec7 n\u01b0\u1edbc v\u00e0 \u0111\u00e1 l\u1ea1nh, t\u1eeb \u0111\u00f3 t\u1ea1o n\u00ean nhi\u1ec1u phong c\u00e1ch kh\u00e1c nhau ph\u00f9 h\u1ee3p v\u1edbi t\u1eebng d\u00f2ng \u0111\u1ed3 u\u1ed1ng \u2013 t\u1eeb c\u00e1c lo\u1ea1i tr\u00e0 s\u1eefa truy\u1ec1n th\u1ed1ng, tr\u00e0 tr\u00e1i c\u00e2y, c\u00e0 ph\u00ea macchiato cho \u0111\u1ebfn nh\u1eefng s\u00e1ng t\u1ea1o mang t\u00ednh c\u00e1 nh\u00e2n h\u00f3a cao.<\/p>\n<p data-start=\"2336\" data-end=\"2575\">Ngo\u00e0i kh\u1ea3 n\u0103ng t\u1ea1o foam, b\u1ed9t c\u0169ng c\u00f3 th\u1ec3 \u0111\u01b0\u1ee3c \u1ee9ng d\u1ee5ng nh\u01b0 th\u00e0nh ph\u1ea7n t\u1ea1o topping, tr\u1ed9n chung v\u1edbi c\u00e1c nguy\u00ean li\u1ec7u \u0111\u1ec3 l\u00e0m mousse ph\u00f4 mai, b\u00e1nh ng\u1ecdt ho\u1eb7c s\u1ed1t ch\u1ea5m, m\u1edf ra kh\u00f4ng gian s\u00e1ng t\u1ea1o phong ph\u00fa cho ng\u01b0\u1eddi l\u00e0m \u0111\u1ed3 u\u1ed1ng v\u00e0 m\u00f3n tr\u00e1ng mi\u1ec7ng.<\/p>\n<p data-start=\"2336\" data-end=\"2575\"><img loading=\"lazy\" decoding=\"async\" class=\"aligncenter wp-image-40363\" src=\"https:\/\/havamall.com\/wp-content\/uploads\/2025\/07\/9d33c6617fd1ba87b9030a6eca923c44_1697620870.webp\" alt=\"\" width=\"800\" height=\"800\" srcset=\"https:\/\/havamall.vn\/wp-content\/uploads\/2025\/07\/9d33c6617fd1ba87b9030a6eca923c44_1697620870.webp 1000w, https:\/\/havamall.vn\/wp-content\/uploads\/2025\/07\/9d33c6617fd1ba87b9030a6eca923c44_1697620870-300x300.webp 300w, https:\/\/havamall.vn\/wp-content\/uploads\/2025\/07\/9d33c6617fd1ba87b9030a6eca923c44_1697620870-800x800.webp 800w, https:\/\/havamall.vn\/wp-content\/uploads\/2025\/07\/9d33c6617fd1ba87b9030a6eca923c44_1697620870-150x150.webp 150w, https:\/\/havamall.vn\/wp-content\/uploads\/2025\/07\/9d33c6617fd1ba87b9030a6eca923c44_1697620870-768x768.webp 768w, https:\/\/havamall.vn\/wp-content\/uploads\/2025\/07\/9d33c6617fd1ba87b9030a6eca923c44_1697620870-12x12.webp 12w, https:\/\/havamall.vn\/wp-content\/uploads\/2025\/07\/9d33c6617fd1ba87b9030a6eca923c44_1697620870-430x430.webp 430w, https:\/\/havamall.vn\/wp-content\/uploads\/2025\/07\/9d33c6617fd1ba87b9030a6eca923c44_1697620870-700x700.webp 700w\" sizes=\"(max-width: 800px) 100vw, 800px\" \/><\/p>\n<p data-start=\"2864\" data-end=\"3190\"><strong data-start=\"2864\" data-end=\"2939\">B\u1ed9t Foam Ph\u00f4 Mai VietBlend 500g \u2013 Cheese Milk Cap Powder VietBlend 500g<\/strong>\u00a0kh\u00f4ng ch\u1ec9 gi\u00fap ti\u1ebft ki\u1ec7m th\u1eddi gian, chi ph\u00ed trong v\u1eadn h\u00e0nh qu\u00e1n m\u00e0 c\u00f2n n\u00e2ng cao t\u00ednh chuy\u00ean nghi\u1ec7p trong m\u1ed7i ly \u0111\u1ed3 u\u1ed1ng. V\u1edbi v\u1ecb ph\u00f4 mai tr\u00f2n \u0111\u1ea7y, h\u1eadu v\u1ecb d\u1ec5 ch\u1ecbu v\u00e0 \u0111\u1ed9 b\u00f4ng m\u1ecbn l\u00fd t\u01b0\u1edfng, s\u1ea3n ph\u1ea9m n\u00e0y x\u1ee9ng \u0111\u00e1ng c\u00f3 m\u1eb7t trong m\u1ecdi menu th\u1ee9c u\u1ed1ng hi\u1ec7n \u0111\u1ea1i.\u00a0Hi\u1ec7n\u00a0<strong data-start=\"3197\" data-end=\"3227\">B\u1ed9t Foam Ph\u00f4 Mai VietBlend<\/strong>\u00a0\u0111ang \u0111\u01b0\u1ee3c ph\u00e2n ph\u1ed1i ch\u00ednh th\u1ee9c t\u1ea1i\u00a0<strong data-start=\"3263\" data-end=\"3275\">Havamall<\/strong>\u00a0\u2013 n\u1ec1n t\u1ea3ng mua s\u1eafm nguy\u00ean li\u1ec7u pha ch\u1ebf uy t\u00edn v\u00e0 ti\u1ec7n l\u1ee3i tr\u00ean to\u00e0n qu\u1ed1c.<\/p>","protected":false},"excerpt":{"rendered":"<p>TH\u00d4NG TIN S\u1ea2N PH\u1ea8M Th\u01b0\u01a1ng hi\u1ec7u Vietblend Xu\u1ea5t x\u1ee9 Vi\u1ec7t Nam Th\u00e0nh ph\u1ea7n B\u1ed9t kem kh\u00f4ng s\u1eefa, ph\u00f4 mai d\u1ea1ng<\/p>","protected":false},"featured_media":40362,"comment_status":"open","ping_status":"closed","template":"","meta":[],"product_brand":[],"product_cat":[677,131],"product_tag":[],"class_list":{"0":"post-40361","1":"product","2":"type-product","3":"status-publish","4":"has-post-thumbnail","6":"product_cat-cac-nuoc-khac","7":"product_cat-nguyen-lieu-lam-bep","8":"pa_brand-vietblend","10":"first","11":"outofstock","12":"sale","13":"shipping-taxable","14":"purchasable","15":"product-type-simple"},"_links":{"self":[{"href":"https:\/\/havamall.vn\/en\/wp-json\/wp\/v2\/product\/40361"}],"collection":[{"href":"https:\/\/havamall.vn\/en\/wp-json\/wp\/v2\/product"}],"about":[{"href":"https:\/\/havamall.vn\/en\/wp-json\/wp\/v2\/types\/product"}],"replies":[{"embeddable":true,"href":"https:\/\/havamall.vn\/en\/wp-json\/wp\/v2\/comments?post=40361"}],"version-history":[{"count":0,"href":"https:\/\/havamall.vn\/en\/wp-json\/wp\/v2\/product\/40361\/revisions"}],"wp:featuredmedia":[{"embeddable":true,"href":"https:\/\/havamall.vn\/en\/wp-json\/wp\/v2\/media\/40362"}],"wp:attachment":[{"href":"https:\/\/havamall.vn\/en\/wp-json\/wp\/v2\/media?parent=40361"}],"wp:term":[{"taxonomy":"product_brand","embeddable":true,"href":"https:\/\/havamall.vn\/en\/wp-json\/wp\/v2\/product_brand?post=40361"},{"taxonomy":"product_cat","embeddable":true,"href":"https:\/\/havamall.vn\/en\/wp-json\/wp\/v2\/product_cat?post=40361"},{"taxonomy":"product_tag","embeddable":true,"href":"https:\/\/havamall.vn\/en\/wp-json\/wp\/v2\/product_tag?post=40361"}],"curies":[{"name":"wp","href":"https:\/\/api.w.org\/{rel}","templated":true}]}}