{"id":40357,"date":"2025-07-28T14:49:09","date_gmt":"2025-07-28T07:49:09","guid":{"rendered":"https:\/\/havamall.vn\/?post_type=product&#038;p=40357"},"modified":"2025-07-28T14:49:10","modified_gmt":"2025-07-28T07:49:10","slug":"bot-foam-sua-nguyen-vi-vietblend-goi-500g-original-milk-foam-powder-vietblend","status":"publish","type":"product","link":"https:\/\/havamall.vn\/en\/shop\/bot-foam-sua-nguyen-vi-vietblend-goi-500g-original-milk-foam-powder-vietblend\/","title":{"rendered":"B\u1ed9t Foam S\u1eefa Nguy\u00ean V\u1ecb VietBlend G\u00f3i 500g \u2013 Original Milk Foam Powder VietBlend"},"content":{"rendered":"<p><span style=\"font-size: 18pt\"><em><strong>TH\u00d4NG TIN S\u1ea2N PH\u1ea8M<\/strong><\/em><\/span><\/p>\n<table class=\"w-fit min-w-(--thread-content-width)\" style=\"width: 53.1046%;height: 181px\" data-start=\"2987\" data-end=\"3429\">\n<tbody data-start=\"3101\" data-end=\"3429\">\n<tr>\n<td><strong>Th\u01b0\u01a1ng hi\u1ec7u<\/strong><\/td>\n<td>Vietblend<\/td>\n<\/tr>\n<tr data-start=\"3101\" data-end=\"3157\">\n<td data-start=\"3101\" data-end=\"3119\" data-col-size=\"sm\"><strong>Xu\u1ea5t x\u1ee9<\/strong><\/td>\n<td data-col-size=\"md\" data-start=\"3119\" data-end=\"3157\">Vi\u1ec7t Nam<\/td>\n<\/tr>\n<tr data-start=\"3158\" data-end=\"3240\">\n<td data-start=\"3158\" data-end=\"3176\" data-col-size=\"sm\"><strong>Th\u00e0nh ph\u1ea7n<\/strong><\/td>\n<td data-col-size=\"md\" data-start=\"3176\" data-end=\"3240\">B\u1ed9t kem kh\u00f4ng s\u1eefa, s\u1eefa b\u1ed9t, \u0111\u01b0\u1eddng, ph\u1ee5 gia th\u1ef1c ph\u1ea9m an to\u00e0n<\/td>\n<\/tr>\n<tr data-start=\"3241\" data-end=\"3297\">\n<td data-start=\"3241\" data-end=\"3259\" data-col-size=\"sm\"><strong>H\u1ea1n s\u1eed d\u1ee5ng<\/strong><\/td>\n<td data-col-size=\"md\" data-start=\"3259\" data-end=\"3297\">12 th\u00e1ng k\u1ec3 t\u1eeb ng\u00e0y s\u1ea3n xu\u1ea5t<\/td>\n<\/tr>\n<tr data-start=\"3298\" data-end=\"3372\">\n<td data-start=\"3298\" data-end=\"3316\" data-col-size=\"sm\"><strong>C\u00e1ch b\u1ea3o qu\u1ea3n<\/strong><\/td>\n<td data-col-size=\"md\" data-start=\"3316\" data-end=\"3372\">\u0110\u1ec3 n\u01a1i kh\u00f4 r\u00e1o, tho\u00e1ng m\u00e1t, tr\u00e1nh \u00e1nh n\u1eafng tr\u1ef1c ti\u1ebfp<\/td>\n<\/tr>\n<tr data-start=\"3373\" data-end=\"3429\">\n<td data-start=\"3373\" data-end=\"3391\" data-col-size=\"sm\"><strong>Quy c\u00e1ch<\/strong><\/td>\n<td data-col-size=\"md\" data-start=\"3391\" data-end=\"3429\">T\u00fai zip 500g<\/td>\n<\/tr>\n<\/tbody>\n<\/table>\n<p data-start=\"221\" data-end=\"726\">Trong th\u1ebf gi\u1edbi pha ch\u1ebf hi\u1ec7n \u0111\u1ea1i, l\u1edbp foam m\u1ecbn m\u00e0ng, b\u00e9o ng\u1eady \u0111\u00e3 tr\u1edf th\u00e0nh y\u1ebfu t\u1ed1 t\u1ea1o n\u00ean s\u1ef1 kh\u00e1c bi\u1ec7t cho nh\u1eefng ly tr\u00e0 s\u1eefa, tr\u00e0 tr\u00e1i c\u00e2y hay c\u00e0 ph\u00ea \u0111\u00e1 xay. Kh\u00f4ng ch\u1ec9 l\u00e0m t\u0103ng t\u00ednh th\u1ea9m m\u1ef9, l\u1edbp b\u1ecdt s\u1eefa c\u00f2n g\u00f3p ph\u1ea7n ho\u00e0n thi\u1ec7n v\u1ecb gi\u00e1c v\u00e0 n\u00e2ng t\u1ea7m tr\u1ea3i nghi\u1ec7m th\u01b0\u1edfng th\u1ee9c. Hi\u1ec3u \u0111\u01b0\u1ee3c \u0111i\u1ec1u \u0111\u00f3,\u00a0<em><strong>VietBlend<\/strong>\u00a0<\/em>\u2013 th\u01b0\u01a1ng hi\u1ec7u chuy\u00ean v\u1ec1 nguy\u00ean li\u1ec7u pha ch\u1ebf cao c\u1ea5p \u2013 \u0111\u00e3 nghi\u00ean c\u1ee9u v\u00e0 cho ra \u0111\u1eddi d\u00f2ng\u00a0<strong data-start=\"607\" data-end=\"633\">B\u1ed9t Foam S\u1eefa Nguy\u00ean V\u1ecb<\/strong>, tr\u1edf th\u00e0nh l\u1ef1a ch\u1ecdn l\u00fd t\u01b0\u1edfng cho c\u1ea3 qu\u00e1n c\u00e0 ph\u00ea chuy\u00ean nghi\u1ec7p l\u1eabn ng\u01b0\u1eddi y\u00eau pha ch\u1ebf t\u1ea1i nh\u00e0.<\/p>\n<p data-start=\"221\" data-end=\"726\"><img fetchpriority=\"high\" decoding=\"async\" class=\"aligncenter  wp-image-41428\" src=\"https:\/\/havamall.com\/wp-content\/uploads\/2025\/07\/milk-foam-04-scaled.jpg\" alt=\"\" width=\"800\" height=\"475\" \/><\/p>\n<p data-start=\"728\" data-end=\"1117\"><strong data-start=\"607\" data-end=\"633\">B\u1ed9t Foam S\u1eefa Nguy\u00ean V\u1ecb\u00a0<\/strong>\u0111\u01b0\u1ee3c ph\u00e1t tri\u1ec3n t\u1eeb c\u00f4ng th\u1ee9c c\u00e2n b\u1eb1ng gi\u1eefa \u0111\u1ed9 b\u00e9o, \u0111\u1ed9 ng\u1ecdt nh\u1eb9 v\u00e0 \u0111\u1ed9 b\u00f4ng x\u1ed1p c\u1ea7n thi\u1ebft. Khi \u0111\u00e1nh b\u1eb1ng m\u00e1y ho\u1eb7c c\u1ea7m tay, b\u1ed9t foam s\u1eefa d\u1ec5 d\u00e0ng t\u1ea1o n\u00ean l\u1edbp b\u1ecdt m\u1ecbn, ch\u1eafc, kh\u00f4ng b\u1ecb t\u00e1ch n\u01b0\u1edbc trong th\u1eddi gian d\u00e0i, \u0111\u1ea3m b\u1ea3o gi\u1eef nguy\u00ean h\u00ecnh th\u1ee9c \u0111\u1eb9p m\u1eaft cho \u0111\u1ed3 u\u1ed1ng. \u0110\u00e2y l\u00e0 m\u1ed9t \u01b0u \u0111i\u1ec3m quan tr\u1ecdng, gi\u00fap c\u00e1c c\u1eeda h\u00e0ng ti\u1ebft ki\u1ec7m th\u1eddi gian m\u00e0 v\u1eabn \u0111\u1ea1t \u0111\u01b0\u1ee3c ch\u1ea5t l\u01b0\u1ee3ng \u0111\u1ed3ng \u0111\u1ec1u cho m\u1ed7i ly n\u01b0\u1edbc.<\/p>\n<p data-start=\"728\" data-end=\"1117\"><img decoding=\"async\" class=\"aligncenter  wp-image-41429\" src=\"https:\/\/havamall.com\/wp-content\/uploads\/2025\/07\/MilkFoam_Powder-scaled.webp\" alt=\"\" width=\"800\" height=\"600\" \/><\/p>\n<p data-start=\"1119\" data-end=\"1639\">Nguy\u00ean li\u1ec7u ch\u00ednh c\u1ee7a b\u1ed9t foam s\u1eefa l\u00e0\u00a0<em><strong>s\u1eefa b\u1ed9t, b\u1ed9t kem kh\u00f4ng s\u1eefa<\/strong><\/em>\u00a0v\u00e0 m\u1ed9t s\u1ed1 ch\u1ea5t \u0111i\u1ec1u ch\u1ec9nh c\u1ea5u tr\u00fac an to\u00e0n trong th\u1ef1c ph\u1ea9m. Nh\u1edd th\u00e0nh ph\u1ea7n s\u1eefa th\u1eadt, v\u1ecb foam kh\u00f4ng h\u1ec1 b\u1ecb g\u1eaft hay qu\u00e1 ng\u1ecdt nh\u00e2n t\u1ea1o nh\u01b0 m\u1ed9t s\u1ed1 lo\u1ea1i th\u00f4ng th\u01b0\u1eddng tr\u00ean th\u1ecb tr\u01b0\u1eddng.\u00a0<strong><em>V\u1ecb s\u1eefa thu\u1ea7n, thanh v\u00e0 th\u01a1m nh\u1eb9<\/em><\/strong>\u00a0mang l\u1ea1i c\u1ea3m gi\u00e1c d\u1ec5 ch\u1ecbu, kh\u00f4ng l\u1ea5n \u00e1t h\u01b0\u01a1ng tr\u00e0 hay c\u00e0 ph\u00ea, l\u00e0 l\u00fd do khi\u1ebfn s\u1ea3n ph\u1ea9m ph\u00f9 h\u1ee3p v\u1edbi nhi\u1ec1u d\u00f2ng th\u1ee9c u\u1ed1ng kh\u00e1c nhau \u2013 t\u1eeb tr\u00e0 s\u1eefa truy\u1ec1n th\u1ed1ng, tr\u00e0 \u0111\u00e0o foam s\u1eefa, tr\u00e0 xanh matcha foam, \u0111\u1ebfn c\u00e0 ph\u00ea \u0111\u00e1 xay hay latte l\u1ea1nh ph\u1ee7 kem.<\/p>\n<p data-start=\"1119\" data-end=\"1639\"><img decoding=\"async\" class=\"aligncenter\" src=\"https:\/\/havamall.com\/wp-content\/uploads\/2025\/07\/BTHCO._Original_Cheese_Foam_Topping_for_Bubble_Tea_Supplies_United_Kingdom__98092.1747055031.jpg\" alt=\"Premium Cheese Foam Powder - Topping for Bubble Tea 1kg\" width=\"800\" height=\"1000\" \/><\/p>\n<p data-start=\"1641\" data-end=\"2131\">\u0110\u1eb7c bi\u1ec7t, kh\u1ea3 n\u0103ng k\u1ebft h\u1ee3p linh ho\u1ea1t c\u1ee7a b\u1ed9t foam VietBlend c\u00f2n m\u1edf ra nhi\u1ec1u h\u01b0\u1edbng s\u00e1ng t\u1ea1o cho ng\u01b0\u1eddi l\u00e0m \u0111\u1ed3 u\u1ed1ng. Ng\u01b0\u1eddi d\u00f9ng c\u00f3 th\u1ec3 \u0111i\u1ec1u ch\u1ec9nh \u0111\u1ed9 b\u00e9o \u2013 ng\u1ecdt theo kh\u1ea9u v\u1ecb b\u1eb1ng c\u00e1ch thay \u0111\u1ed5i t\u1ef7 l\u1ec7 s\u1eefa t\u01b0\u01a1i ho\u1eb7c kem t\u01b0\u01a1i khi \u0111\u00e1nh c\u00f9ng b\u1ed9t foam. Ngo\u00e0i ra, c\u00f3 th\u1ec3 th\u00eam b\u1ed9t v\u1ecb nh\u01b0 matcha, cacao, ph\u00f4 mai b\u1ed9t \u0111\u1ec3 t\u1ea1o n\u00ean l\u1edbp kem v\u1ecb \u0111\u1eb7c tr\u01b0ng theo \u00fd th\u00edch, m\u00e0 v\u1eabn gi\u1eef \u0111\u01b0\u1ee3c k\u1ebft c\u1ea5u chu\u1ea9n, l\u00e0 c\u00f4ng c\u1ee5 l\u00fd t\u01b0\u1edfng \u0111\u1ec3 t\u1ea1o \u0111i\u1ec3m nh\u1ea5n cho menu \u0111\u1ed3 u\u1ed1ng, gi\u00fap qu\u00e1n t\u1ea1o d\u1ea5u \u1ea5n ri\u00eang v\u1edbi t\u1eebng c\u00f4ng th\u1ee9c.<\/p>\n<p data-start=\"1641\" data-end=\"2131\"><img loading=\"lazy\" decoding=\"async\" class=\"aligncenter  wp-image-41430\" src=\"https:\/\/havamall.com\/wp-content\/uploads\/2025\/07\/ICEHOT-Beverages-Foam-Leaflet-01-1-scaled-1.jpg\" alt=\"\" width=\"800\" height=\"691\" \/><\/p>\n<p data-start=\"2133\" data-end=\"2402\">Kh\u00f4ng ch\u1ec9 ch\u00fa tr\u1ecdng ch\u1ea5t l\u01b0\u1ee3ng b\u00ean trong, VietBlend c\u00f2n \u0111\u1ea7u t\u01b0 v\u00e0o kh\u00e2u \u0111\u00f3ng g\u00f3i b\u1eb1ng t\u00fai zip ch\u1eafc ch\u1eafn, d\u1ec5 b\u1ea3o qu\u1ea3n, gi\u00fap gi\u1eef tr\u1ecdn h\u01b0\u01a1ng v\u1ecb sau m\u1ed7i l\u1ea7n s\u1eed d\u1ee5ng. S\u1ea3n ph\u1ea9m kh\u00f4ng y\u00eau c\u1ea7u \u0111i\u1ec1u ki\u1ec7n b\u1ea3o qu\u1ea3n ph\u1ee9c t\u1ea1p, c\u00f3 th\u1ec3 \u0111\u1ec3 \u1edf n\u01a1i kh\u00f4 r\u00e1o tho\u00e1ng m\u00e1t m\u00e0 kh\u00f4ng lo v\u00f3n c\u1ee5c.<\/p>\n<p data-start=\"2708\" data-end=\"2956\">Hi\u1ec7n s\u1ea3n ph\u1ea9m \u0111ang \u0111\u01b0\u1ee3c ph\u00e2n ph\u1ed1i ch\u00ednh th\u1ee9c t\u1ea1i\u00a0<strong data-start=\"2757\" data-end=\"2769\">Havamall<\/strong>\u00a0v\u1edbi m\u1ee9c gi\u00e1 h\u1ee3p l\u00fd c\u00f9ng d\u1ecbch v\u1ee5 giao h\u00e0ng nhanh ch\u00f3ng. \u0110\u00e2y l\u00e0 l\u1ef1a ch\u1ecdn \u0111\u00e1ng tin c\u1eady d\u00e0nh cho ng\u01b0\u1eddi \u0111am m\u00ea pha ch\u1ebf, \u0111ang t\u00ecm ki\u1ebfm m\u1ed9t nguy\u00ean li\u1ec7u foam s\u1eefa ch\u1ea5t l\u01b0\u1ee3ng \u0111\u1ec3 \u0111\u1ed3ng h\u00e0nh l\u00e2u d\u00e0i.<\/p>","protected":false},"excerpt":{"rendered":"<p>TH\u00d4NG TIN S\u1ea2N PH\u1ea8M Th\u01b0\u01a1ng hi\u1ec7u Vietblend Xu\u1ea5t x\u1ee9 Vi\u1ec7t Nam Th\u00e0nh ph\u1ea7n B\u1ed9t kem kh\u00f4ng s\u1eefa, s\u1eefa b\u1ed9t, \u0111\u01b0\u1eddng,<\/p>","protected":false},"featured_media":40358,"comment_status":"open","ping_status":"closed","template":"","meta":[],"product_brand":[],"product_cat":[677,131],"product_tag":[],"class_list":{"0":"post-40357","1":"product","2":"type-product","3":"status-publish","4":"has-post-thumbnail","6":"product_cat-cac-nuoc-khac","7":"product_cat-nguyen-lieu-lam-bep","8":"pa_brand-vietblend","10":"first","11":"instock","12":"sale","13":"shipping-taxable","14":"purchasable","15":"product-type-simple"},"_links":{"self":[{"href":"https:\/\/havamall.vn\/en\/wp-json\/wp\/v2\/product\/40357"}],"collection":[{"href":"https:\/\/havamall.vn\/en\/wp-json\/wp\/v2\/product"}],"about":[{"href":"https:\/\/havamall.vn\/en\/wp-json\/wp\/v2\/types\/product"}],"replies":[{"embeddable":true,"href":"https:\/\/havamall.vn\/en\/wp-json\/wp\/v2\/comments?post=40357"}],"version-history":[{"count":0,"href":"https:\/\/havamall.vn\/en\/wp-json\/wp\/v2\/product\/40357\/revisions"}],"wp:featuredmedia":[{"embeddable":true,"href":"https:\/\/havamall.vn\/en\/wp-json\/wp\/v2\/media\/40358"}],"wp:attachment":[{"href":"https:\/\/havamall.vn\/en\/wp-json\/wp\/v2\/media?parent=40357"}],"wp:term":[{"taxonomy":"product_brand","embeddable":true,"href":"https:\/\/havamall.vn\/en\/wp-json\/wp\/v2\/product_brand?post=40357"},{"taxonomy":"product_cat","embeddable":true,"href":"https:\/\/havamall.vn\/en\/wp-json\/wp\/v2\/product_cat?post=40357"},{"taxonomy":"product_tag","embeddable":true,"href":"https:\/\/havamall.vn\/en\/wp-json\/wp\/v2\/product_tag?post=40357"}],"curies":[{"name":"wp","href":"https:\/\/api.w.org\/{rel}","templated":true}]}}