{"id":40344,"date":"2025-07-27T17:09:04","date_gmt":"2025-07-27T10:09:04","guid":{"rendered":"https:\/\/havamall.vn\/?post_type=product&#038;p=40344"},"modified":"2025-07-27T17:16:17","modified_gmt":"2025-07-27T10:16:17","slug":"bot-tra-xanh-nguyen-chat-vu-xuan-vietblend-spring-harvest-matcha-powder-vietblend","status":"publish","type":"product","link":"https:\/\/havamall.vn\/en\/shop\/bot-tra-xanh-nguyen-chat-vu-xuan-vietblend-spring-harvest-matcha-powder-vietblend\/","title":{"rendered":"B\u1ed9t Tr\u00e0 Xanh Nguy\u00ean Ch\u1ea5t V\u1ee5 Xu\u00e2n VietBlend 100g \u2013 Spring Harvest Matcha Powder VietBlend"},"content":{"rendered":"<blockquote>\n<h3 data-start=\"165\" data-end=\"191\"><em><strong>TH\u00d4NG TIN S\u1ea2N PH\u1ea8M<\/strong><\/em><\/h3>\n<\/blockquote>\n<table class=\"w-fit min-w-(--thread-content-width)\" style=\"width: 54.34%;height: 182px\" data-start=\"3459\" data-end=\"3994\">\n<tbody data-start=\"3593\" data-end=\"3994\">\n<tr data-start=\"3593\" data-end=\"3659\">\n<td data-start=\"3593\" data-end=\"3614\" data-col-size=\"sm\">Th\u01b0\u01a1ng hi\u1ec7u<\/td>\n<td data-col-size=\"sm\" data-start=\"3614\" data-end=\"3659\">VietBlend<\/td>\n<\/tr>\n<tr data-start=\"3660\" data-end=\"3726\">\n<td data-start=\"3660\" data-end=\"3681\" data-col-size=\"sm\">Xu\u1ea5t x\u1ee9<\/td>\n<td data-col-size=\"sm\" data-start=\"3681\" data-end=\"3726\">Vi\u1ec7t Nam<\/td>\n<\/tr>\n<tr data-start=\"3727\" data-end=\"3793\">\n<td data-start=\"3727\" data-end=\"3748\" data-col-size=\"sm\">Th\u00e0nh ph\u1ea7n<\/td>\n<td data-col-size=\"sm\" data-start=\"3748\" data-end=\"3793\">100% b\u1ed9t tr\u00e0 xanh matcha nguy\u00ean ch\u1ea5t<\/td>\n<\/tr>\n<tr data-start=\"3794\" data-end=\"3860\">\n<td data-start=\"3794\" data-end=\"3815\" data-col-size=\"sm\">H\u1ea1n s\u1eed d\u1ee5ng<\/td>\n<td data-col-size=\"sm\" data-start=\"3815\" data-end=\"3860\">12 th\u00e1ng k\u1ec3 t\u1eeb ng\u00e0y s\u1ea3n xu\u1ea5t<\/td>\n<\/tr>\n<tr data-start=\"3861\" data-end=\"3926\">\n<td data-start=\"3861\" data-end=\"3882\" data-col-size=\"sm\">C\u00e1ch b\u1ea3o qu\u1ea3n<\/td>\n<td data-col-size=\"sm\" data-start=\"3882\" data-end=\"3926\">\u0110\u1ec3 n\u01a1i kh\u00f4 r\u00e1o, tr\u00e1nh \u00e1nh n\u1eafng tr\u1ef1c ti\u1ebfp<\/td>\n<\/tr>\n<tr data-start=\"3927\" data-end=\"3994\">\n<td data-start=\"3927\" data-end=\"3948\" data-col-size=\"sm\">Quy c\u00e1ch kh\u1ed1i l\u01b0\u1ee3ng<\/td>\n<td data-col-size=\"sm\" data-start=\"3948\" data-end=\"3994\">100g \/ g\u00f3i<\/td>\n<\/tr>\n<\/tbody>\n<\/table>\n<p style=\"text-align: justify\" data-start=\"567\" data-end=\"1076\">Trong th\u1ebf gi\u1edbi \u1ea9m th\u1ef1c hi\u1ec7n \u0111\u1ea1i, matcha \u0111\u00e3 v\u01b0\u1ee3t qua gi\u1edbi h\u1ea1n l\u00e0 m\u1ed9t lo\u1ea1i tr\u00e0 truy\u1ec1n th\u1ed1ng \u0111\u1ec3 tr\u1edf th\u00e0nh m\u1ed9t nguy\u00ean li\u1ec7u kh\u00f4ng th\u1ec3 thi\u1ebfu trong nhi\u1ec1u m\u00f3n \u0103n v\u00e0 th\u1ee9c u\u1ed1ng cao c\u1ea5p. T\u1eeb c\u00e1c m\u00f3n b\u00e1nh n\u01b0\u1edbng, kem l\u1ea1nh \u0111\u1ebfn c\u00e1c lo\u1ea1i \u0111\u1ed3 u\u1ed1ng thanh m\u00e1t, b\u1ed9t tr\u00e0 xanh nguy\u00ean ch\u1ea5t lu\u00f4n gi\u1eef v\u1ecb tr\u00ed trung t\u00e2m nh\u1edd h\u01b0\u01a1ng v\u1ecb \u0111\u1ed9c \u0111\u00e1o, m\u00e0u s\u1eafc b\u1eaft m\u1eaft v\u00e0 nh\u1eefng l\u1ee3i \u00edch s\u1ee9c kh\u1ecfe v\u01b0\u1ee3t tr\u1ed9i. \u0110\u1eb7c bi\u1ec7t, b\u1ed9t matcha thu ho\u1ea1ch v\u00e0o v\u1ee5 xu\u00e2n nh\u01b0 c\u1ee7a VietBlend \u0111\u01b0\u1ee3c \u0111\u00e1nh gi\u00e1 cao nh\u1edd h\u00e0m l\u01b0\u1ee3ng d\u01b0\u1ee1ng ch\u1ea5t cao v\u00e0 h\u01b0\u01a1ng th\u01a1m thanh khi\u1ebft t\u1ef1 nhi\u00ean.<\/p>\n<p data-start=\"567\" data-end=\"1076\"><img fetchpriority=\"high\" decoding=\"async\" class=\"aligncenter wp-image-41414\" src=\"https:\/\/havamall.com\/wp-content\/uploads\/2025\/07\/AdobeStock_177591884_small_ac7418da-2425-4dc5-8333-420a2b2f87d6_1400x.webp\" alt=\"\" width=\"800\" height=\"533\" \/><\/p>\n<p style=\"text-align: justify\" data-start=\"1078\" data-end=\"1579\"><strong><em>Tr\u00e0 v\u1ee5 xu\u00e2n<\/em><\/strong>\u00a0\u2013 t\u1ee9c lo\u1ea1i \u0111\u01b0\u1ee3c thu h\u00e1i v\u00e0o \u0111\u1ee3t \u0111\u1ea7u n\u0103m \u2013 l\u00e0 ni\u1ec1m t\u1ef1 h\u00e0o c\u1ee7a nh\u1eefng v\u00f9ng tr\u1ed3ng tr\u00e0 l\u00e2u \u0111\u1eddi. Giai \u0111o\u1ea1n n\u00e0y, nh\u1eefng l\u00e1 tr\u00e0 non \u0111\u1ea7u ti\u00ean sau k\u1ef3 ng\u1ee7 \u0111\u00f4ng ch\u1ee9a nhi\u1ec1u axit amin, \u0111\u1eb7c bi\u1ec7t l\u00e0 L-theanine, mang \u0111\u1ebfn v\u1ecb ng\u1ecdt d\u1ecbu v\u00e0 h\u1eadu v\u1ecb s\u00e2u l\u1eafng. B\u1ed9t tr\u00e0 xanh matcha c\u1ee7a VietBlend \u0111\u01b0\u1ee3c ch\u1ebf bi\u1ebfn t\u1eeb nh\u1eefng b\u00fap tr\u00e0 \u0111\u01b0\u1ee3c tuy\u1ec3n ch\u1ecdn k\u1ef9 l\u01b0\u1ee1ng trong \u0111\u1ee3t xu\u00e2n s\u1edbm. L\u00e1 tr\u00e0 \u0111\u01b0\u1ee3c h\u1ea5p nh\u1eb9 \u0111\u1ec3 gi\u1eef nguy\u00ean m\u00e0u xanh t\u1ef1 nhi\u00ean, sau \u0111\u00f3 s\u1ea5y kh\u00f4 v\u00e0 nghi\u1ec1n b\u1eb1ng c\u1ed1i \u0111\u00e1 truy\u1ec1n th\u1ed1ng gi\u00fap b\u1ea3o t\u1ed3n t\u1ed1i \u0111a m\u00f9i v\u1ecb v\u00e0 d\u01b0\u1ee1ng ch\u1ea5t.<\/p>\n<p data-start=\"1078\" data-end=\"1579\"><img decoding=\"async\" class=\"aligncenter\" src=\"https:\/\/havamall.com\/wp-content\/uploads\/2025\/07\/22-8c9bf87f-d8ff-4b59-8ebd-1a9c130043b8.jpg\" alt=\"V\u00ec sao Tr\u00e0 V\u1ee5 Xu\u00e2n l\u00e0 th\u1ee9c tr\u00e0 ngon &amp; tuy\u1ec7t h\u1ea3o nh\u1ea5t trong n\u0103m? | Plantrip Cha\" width=\"800\" height=\"533\" \/><\/p>\n<p style=\"text-align: justify\" data-start=\"1581\" data-end=\"2002\">Nh\u1edd quy tr\u00ecnh s\u1ea3n xu\u1ea5t nghi\u00eam ng\u1eb7t, b\u1ed9t matcha VietBlend c\u00f3 m\u00e0u xanh t\u01b0\u01a1i thu\u1ea7n khi\u1ebft, m\u00f9i th\u01a1m nh\u1eb9 c\u1ee7a l\u00e1 tr\u00e0 non, v\u1ecb ng\u1ecdt d\u1ecbu xen l\u1eabn ch\u00fat \u0111\u1eafng \u0111\u1eb7c tr\u01b0ng. Khi pha v\u1edbi n\u01b0\u1edbc \u1ea5m, l\u1edbp b\u1ecdt tr\u00e0 m\u1ecbn n\u1ed5i l\u00ean ch\u1ee9ng t\u1ecf ch\u1ea5t l\u01b0\u1ee3ng h\u1ea3o h\u1ea1ng c\u1ee7a matcha. Lo\u1ea1i b\u1ed9t n\u00e0y ph\u00f9 h\u1ee3p \u0111\u1ec3 s\u1eed d\u1ee5ng trong nhi\u1ec1u m\u1ee5c \u0111\u00edch \u2013 t\u1eeb pha tr\u00e0 u\u1ed1ng h\u00e0ng ng\u00e0y, l\u00e0m latte, cho t\u1edbi l\u00e0m b\u00e1nh matcha, kem matcha hay th\u1eadm ch\u00ed l\u00e0 topping trong th\u1ee9c u\u1ed1ng s\u00e1ng t\u1ea1o.<\/p>\n<p data-start=\"1581\" data-end=\"2002\"><img decoding=\"async\" class=\"aligncenter wp-image-41415\" src=\"https:\/\/havamall.com\/wp-content\/uploads\/2025\/07\/487711899_1091510733006118_1037091406042819253_n.jpg\" alt=\"\" width=\"800\" height=\"800\" \/><\/p>\n<p style=\"text-align: justify\" data-start=\"2004\" data-end=\"2390\">Ngo\u00e0i h\u01b0\u01a1ng v\u1ecb tuy\u1ec7t h\u1ea3o, b\u1ed9t tr\u00e0 xanh matcha c\u00f2n \u0111\u01b0\u1ee3c \u01b0a chu\u1ed9ng nh\u1edd c\u00f4ng d\u1ee5ng h\u1ed7 tr\u1ee3 s\u1ee9c kh\u1ecfe. V\u1edbi h\u00e0m l\u01b0\u1ee3ng cao ch\u1ea5t ch\u1ed1ng oxy h\u00f3a (nh\u1ea5t l\u00e0 EGCG), s\u1ea3n ph\u1ea9m gi\u00fap t\u0103ng c\u01b0\u1eddng trao \u0111\u1ed5i ch\u1ea5t, h\u1ed7 tr\u1ee3 ti\u00eau h\u00f3a v\u00e0 l\u00e0m ch\u1eadm qu\u00e1 tr\u00ecnh l\u00e3o h\u00f3a. L-theanine trong matcha gi\u00fap gi\u1ea3m c\u0103ng th\u1eb3ng v\u00e0 c\u1ea3i thi\u1ec7n s\u1ef1 t\u1eadp trung tinh th\u1ea7n, t\u1ea1o c\u1ea3m gi\u00e1c t\u1ec9nh t\u00e1o nh\u01b0ng kh\u00f4ng g\u00e2y k\u00edch th\u00edch qu\u00e1 m\u1ee9c nh\u01b0 c\u00e0 ph\u00ea.<\/p>\n<p data-start=\"2004\" data-end=\"2390\"><img loading=\"lazy\" decoding=\"async\" class=\"aligncenter wp-image-41416\" src=\"https:\/\/havamall.com\/wp-content\/uploads\/2025\/07\/Matcha_Scoop-scaled.jpg\" alt=\"\" width=\"800\" height=\"771\" \/><\/p>\n<p style=\"text-align: justify\" data-start=\"2392\" data-end=\"2723\">\u0110\u1ed1i v\u1edbi nh\u1eefng ng\u01b0\u1eddi l\u00e0m trong ng\u00e0nh F&amp;B, l\u1ef1a ch\u1ecdn b\u1ed9t matcha ch\u1ea5t l\u01b0\u1ee3ng l\u00e0 \u0111i\u1ec1u ki\u1ec7n ti\u00ean quy\u1ebft \u0111\u1ec3 t\u1ea1o n\u00ean nh\u1eefng ly \u0111\u1ed3 u\u1ed1ng chu\u1ea9n v\u1ecb, gi\u1eef m\u00e0u s\u1eafc \u1ed5n \u0111\u1ecbnh v\u00e0 m\u00f9i h\u01b0\u01a1ng h\u1ea5p d\u1eabn. V\u1edbi s\u1ea3n ph\u1ea9m t\u1eeb VietBlend, ng\u01b0\u1eddi d\u00f9ng kh\u00f4ng ch\u1ec9 c\u00f3 \u0111\u01b0\u1ee3c nguy\u00ean li\u1ec7u s\u1ea1ch, m\u00e0 c\u00f2n y\u00ean t\u00e2m v\u1ec1 \u0111\u1ed9 an to\u00e0n nh\u1edd ngu\u1ed3n nguy\u00ean li\u1ec7u r\u00f5 r\u00e0ng v\u00e0 kh\u00f4ng ch\u1ea5t ph\u1ee5 gia.<\/p>\n<p style=\"text-align: justify\" data-start=\"3089\" data-end=\"3428\">S\u1ea3n ph\u1ea9m hi\u1ec7n \u0111\u00e3 c\u00f3 m\u1eb7t t\u1ea1i h\u1ec7 th\u1ed1ng Havamall \u2013 n\u01a1i quy t\u1ee5 nh\u1eefng m\u1eb7t h\u00e0ng th\u1ef1c ph\u1ea9m s\u1ea1ch, nguy\u00ean li\u1ec7u pha ch\u1ebf ch\u1ea5t l\u01b0\u1ee3ng cao v\u00e0 \u0111\u01b0\u1ee3c c\u00e1c th\u01b0\u01a1ng hi\u1ec7u uy t\u00edn tin ch\u1ecdn. B\u1ed9t Tr\u00e0 Xanh Nguy\u00ean Ch\u1ea5t V\u1ee5 Xu\u00e2n VietBlend h\u1ee9a h\u1eb9n s\u1ebd l\u00e0 l\u1ef1a ch\u1ecdn l\u00fd t\u01b0\u1edfng cho nh\u1eefng ai y\u00eau th\u00edch s\u1ef1 thanh thu\u1ea7n, m\u1ed9c m\u1ea1c m\u00e0 tinh t\u1ebf trong t\u1eebng ng\u1ee5m tr\u00e0 hay m\u00f3n \u0103n m\u1ed7i ng\u00e0y.<\/p>","protected":false},"excerpt":{"rendered":"<p>TH\u00d4NG TIN S\u1ea2N PH\u1ea8M Th\u01b0\u01a1ng hi\u1ec7u VietBlend Xu\u1ea5t x\u1ee9 Vi\u1ec7t Nam Th\u00e0nh ph\u1ea7n 100% b\u1ed9t tr\u00e0 xanh matcha nguy\u00ean ch\u1ea5t<\/p>","protected":false},"featured_media":40345,"comment_status":"open","ping_status":"closed","template":"","meta":[],"product_brand":[],"product_cat":[677,255,131],"product_tag":[],"class_list":{"0":"post-40344","1":"product","2":"type-product","3":"status-publish","4":"has-post-thumbnail","6":"product_cat-cac-nuoc-khac","7":"product_cat-nguyen-lieu-lam-banh","8":"product_cat-nguyen-lieu-lam-bep","9":"pa_brand-vietblend","11":"first","12":"instock","13":"sale","14":"shipping-taxable","15":"purchasable","16":"product-type-simple"},"_links":{"self":[{"href":"https:\/\/havamall.vn\/en\/wp-json\/wp\/v2\/product\/40344"}],"collection":[{"href":"https:\/\/havamall.vn\/en\/wp-json\/wp\/v2\/product"}],"about":[{"href":"https:\/\/havamall.vn\/en\/wp-json\/wp\/v2\/types\/product"}],"replies":[{"embeddable":true,"href":"https:\/\/havamall.vn\/en\/wp-json\/wp\/v2\/comments?post=40344"}],"version-history":[{"count":0,"href":"https:\/\/havamall.vn\/en\/wp-json\/wp\/v2\/product\/40344\/revisions"}],"wp:featuredmedia":[{"embeddable":true,"href":"https:\/\/havamall.vn\/en\/wp-json\/wp\/v2\/media\/40345"}],"wp:attachment":[{"href":"https:\/\/havamall.vn\/en\/wp-json\/wp\/v2\/media?parent=40344"}],"wp:term":[{"taxonomy":"product_brand","embeddable":true,"href":"https:\/\/havamall.vn\/en\/wp-json\/wp\/v2\/product_brand?post=40344"},{"taxonomy":"product_cat","embeddable":true,"href":"https:\/\/havamall.vn\/en\/wp-json\/wp\/v2\/product_cat?post=40344"},{"taxonomy":"product_tag","embeddable":true,"href":"https:\/\/havamall.vn\/en\/wp-json\/wp\/v2\/product_tag?post=40344"}],"curies":[{"name":"wp","href":"https:\/\/api.w.org\/{rel}","templated":true}]}}