{"id":40335,"date":"2025-07-27T15:53:58","date_gmt":"2025-07-27T08:53:58","guid":{"rendered":"https:\/\/havamall.vn\/?post_type=product&#038;p=40335"},"modified":"2025-07-27T15:55:05","modified_gmt":"2025-07-27T08:55:05","slug":"sua-yen-mach-otis-vietblend-1-lit-otis-oat-milk-vietblend-1l","status":"publish","type":"product","link":"https:\/\/havamall.vn\/en\/shop\/sua-yen-mach-otis-vietblend-1-lit-otis-oat-milk-vietblend-1l\/","title":{"rendered":"S\u1eefa Y\u1ebfn M\u1ea1ch Otis VietBlend 1 L\u00edt \u2013 Otis Oat Milk VietBlend 1L"},"content":{"rendered":"<blockquote>\n<h3 data-start=\"165\" data-end=\"191\"><em><strong>TH\u00d4NG TIN S\u1ea2N PH\u1ea8M<\/strong><\/em><\/h3>\n<\/blockquote>\n<table class=\"w-fit min-w-(--thread-content-width)\" data-start=\"289\" data-end=\"926\">\n<tbody data-start=\"461\" data-end=\"926\">\n<tr data-start=\"461\" data-end=\"547\">\n<td data-start=\"461\" data-end=\"481\" data-col-size=\"sm\">Th\u01b0\u01a1ng hi\u1ec7u<\/td>\n<td data-col-size=\"md\" data-start=\"481\" data-end=\"547\">Otis VietBlend<\/td>\n<\/tr>\n<tr data-start=\"548\" data-end=\"634\">\n<td data-start=\"548\" data-end=\"568\" data-col-size=\"sm\">Xu\u1ea5t x\u1ee9<\/td>\n<td data-col-size=\"md\" data-start=\"568\" data-end=\"634\">Vi\u1ec7t Nam<\/td>\n<\/tr>\n<tr data-start=\"635\" data-end=\"721\">\n<td data-start=\"635\" data-end=\"655\" data-col-size=\"sm\">Quy c\u00e1ch \u0111\u00f3ng g\u00f3i<\/td>\n<td data-col-size=\"md\" data-start=\"655\" data-end=\"721\">H\u1ed9p 1 L\u00edt<\/td>\n<\/tr>\n<tr data-start=\"722\" data-end=\"807\">\n<td data-start=\"722\" data-end=\"742\" data-col-size=\"sm\">H\u1ea1n s\u1eed d\u1ee5ng<\/td>\n<td data-col-size=\"md\" data-start=\"742\" data-end=\"807\">12 th\u00e1ng k\u1ec3 t\u1eeb ng\u00e0y s\u1ea3n xu\u1ea5t<\/td>\n<\/tr>\n<tr data-start=\"808\" data-end=\"926\">\n<td data-start=\"808\" data-end=\"828\" data-col-size=\"sm\">C\u00e1ch b\u1ea3o qu\u1ea3n<\/td>\n<td data-col-size=\"md\" data-start=\"828\" data-end=\"926\">B\u1ea3o qu\u1ea3n n\u01a1i kh\u00f4 r\u00e1o, tr\u00e1nh \u00e1nh n\u1eafng tr\u1ef1c ti\u1ebfp. Sau khi m\u1edf h\u1ed9p, gi\u1eef l\u1ea1nh v\u00e0 d\u00f9ng trong 7 ng\u00e0y.<\/td>\n<\/tr>\n<tr>\n<td>Th\u00e0nh ph\u1ea7n<\/td>\n<td>Xem tr\u00ean bao b\u00ec<\/td>\n<\/tr>\n<\/tbody>\n<\/table>\n<p data-start=\"1007\" data-end=\"1573\">Khi c\u00e1c xu h\u01b0\u1edbng s\u1ed1ng xanh v\u00e0 l\u00e0nh m\u1ea1nh ng\u00e0y c\u00e0ng ph\u1ed5 bi\u1ebfn, s\u1eefa y\u1ebfn m\u1ea1ch \u0111\u00e3 nhanh ch\u00f3ng tr\u1edf th\u00e0nh m\u1ed9t trong nh\u1eefng l\u1ef1a ch\u1ecdn n\u1ed5i b\u1eadt cho ng\u01b0\u1eddi quan t\u00e2m \u0111\u1ebfn dinh d\u01b0\u1ee1ng v\u00e0 s\u1ee9c kh\u1ecfe. Kh\u00f4ng ch\u1ec9 ph\u00f9 h\u1ee3p cho ng\u01b0\u1eddi \u0103n chay, thu\u1ea7n chay, s\u1eefa y\u1ebfn m\u1ea1ch c\u00f2n \u0111\u1eb7c bi\u1ec7t l\u00fd t\u01b0\u1edfng v\u1edbi nh\u1eefng ai kh\u00f4ng dung n\u1ea1p lactose ho\u1eb7c \u0111\u01a1n gi\u1ea3n mu\u1ed1n thay th\u1ebf s\u1eefa \u0111\u1ed9ng v\u1eadt b\u1eb1ng m\u1ed9t gi\u1ea3i ph\u00e1p nh\u1eb9 nh\u00e0ng h\u01a1n. Trong \u0111\u00f3,\u00a0<strong data-start=\"1390\" data-end=\"1421\">S\u1eefa Y\u1ebfn M\u1ea1ch Otis VietBlend<\/strong>\u00a0l\u00e0 \u0111\u1ea1i di\u1ec7n n\u1ed5i b\u1eadt t\u1eeb th\u01b0\u01a1ng hi\u1ec7u n\u1ed9i \u0111\u1ecba mang ti\u00eau chu\u1ea9n qu\u1ed1c t\u1ebf, chinh ph\u1ee5c ng\u01b0\u1eddi d\u00f9ng b\u1edfi ch\u1ea5t l\u01b0\u1ee3ng tinh khi\u1ebft v\u00e0 v\u1ecb ngon t\u1ef1 nhi\u00ean t\u1eeb y\u1ebfn m\u1ea1ch \u00dac.<\/p>\n<p data-start=\"1007\" data-end=\"1573\"><img fetchpriority=\"high\" decoding=\"async\" class=\"aligncenter wp-image-41406\" src=\"https:\/\/havamall.com\/wp-content\/uploads\/2025\/07\/489501446_636513069298025_7463305464621176625_n.jpg\" alt=\"\" width=\"800\" height=\"628\" \/><\/p>\n<p data-start=\"1575\" data-end=\"1985\">Kh\u00f4ng gi\u1ed1ng nh\u01b0 c\u00e1c d\u00f2ng s\u1eefa c\u00f3 v\u1ecb ng\u1ecdt g\u1eaft ho\u1eb7c n\u1eb7ng d\u1ea7u, s\u1eefa y\u1ebfn m\u1ea1ch mang \u0111\u1ebfn c\u1ea3m gi\u00e1c thanh d\u1ecbu, nh\u1eb9 b\u1ee5ng m\u00e0 v\u1eabn \u0111\u1ea3m b\u1ea3o n\u0103ng l\u01b0\u1ee3ng c\u1ea7n thi\u1ebft cho ng\u00e0y d\u00e0i. Nh\u1edd v\u00e0o<strong><em> quy tr\u00ecnh s\u1ea3n xu\u1ea5t hi\u1ec7n \u0111\u1ea1i<\/em><\/strong>, Otis VietBlend gi\u1eef tr\u1ecdn v\u1eb9n h\u01b0\u01a1ng v\u1ecb y\u1ebfn m\u1ea1ch nguy\u00ean ch\u1ea5t, <strong><em>kh\u00f4ng can thi\u1ec7p th\u00eam \u0111\u01b0\u1eddng hay ph\u1ee5 gia<\/em><\/strong>, gi\u00fap s\u1ea3n ph\u1ea9m ph\u00f9 h\u1ee3p cho m\u1ecdi \u0111\u1ed1i t\u01b0\u1ee3ng \u2013 t\u1eeb tr\u1ebb em, ng\u01b0\u1eddi l\u1edbn \u0111\u1ebfn ng\u01b0\u1eddi \u0111ang \u0103n ki\u00eang ho\u1eb7c ki\u1ec3m so\u00e1t \u0111\u01b0\u1eddng huy\u1ebft.<\/p>\n<p data-start=\"1575\" data-end=\"1985\"><img decoding=\"async\" class=\"aligncenter wp-image-41408\" src=\"https:\/\/havamall.com\/wp-content\/uploads\/2025\/07\/481205426_607436975538968_112007047021132025_n.jpg\" alt=\"\" width=\"800\" height=\"800\" \/><\/p>\n<p data-start=\"1987\" data-end=\"2355\">D\u1ec5 s\u1eed d\u1ee5ng trong nhi\u1ec1u m\u00f3n \u0103n v\u00e0 th\u1ee9c u\u1ed1ng, s\u1eefa y\u1ebfn m\u1ea1ch Otis kh\u00f4ng ch\u1ec9 \u0111\u01a1n thu\u1ea7n \u0111\u1ec3 u\u1ed1ng tr\u1ef1c ti\u1ebfp m\u00e0 c\u00f2n c\u00f3 th\u1ec3 d\u00f9ng pha c\u00e0 ph\u00ea, l\u00e0m sinh t\u1ed1, ch\u1ebf bi\u1ebfn m\u00f3n ng\u0169 c\u1ed1c bu\u1ed5i s\u00e1ng hay l\u00e0m nguy\u00ean li\u1ec7u cho c\u00e1c m\u00f3n tr\u00e1ng mi\u1ec7ng nh\u01b0 pudding, kem chay ho\u1eb7c b\u00e1nh n\u01b0\u1edbng. Ch\u00ednh s\u1ef1 linh ho\u1ea1t n\u00e0y \u0111\u00e3 khi\u1ebfn s\u1ea3n ph\u1ea9m tr\u1edf th\u00e0nh ng\u01b0\u1eddi b\u1ea1n \u0111\u1ed3ng h\u00e0nh kh\u00f4ng th\u1ec3 thi\u1ebfu trong c\u0103n b\u1ebfp hi\u1ec7n \u0111\u1ea1i.<\/p>\n<p data-start=\"1987\" data-end=\"2355\"><img decoding=\"async\" class=\"aligncenter\" src=\"https:\/\/havamall.com\/wp-content\/uploads\/2025\/07\/Product_Barista_LS_NZ.jpg\" width=\"800\" height=\"800\" \/><\/p>\n<p data-start=\"2357\" data-end=\"2681\">M\u1ed9t \u0111i\u1ec3m c\u1ed9ng l\u1edbn kh\u00e1c l\u00e0 s\u1eefa y\u1ebfn m\u1ea1ch Otis ph\u00f9 h\u1ee3p v\u1edbi \u0111\u1ecbnh h\u01b0\u1edbng s\u1ed1ng xanh \u2013 s\u1ea3n ph\u1ea9m ho\u00e0n to\u00e0n c\u00f3 ngu\u1ed3n g\u1ed1c th\u1ef1c v\u1eadt, kh\u00f4ng s\u1eed d\u1ee5ng nguy\u00ean li\u1ec7u t\u1eeb \u0111\u1ed9ng v\u1eadt, gi\u1ea3m t\u00e1c \u0111\u1ed9ng \u0111\u1ebfn m\u00f4i tr\u01b0\u1eddng. Bao b\u00ec c\u0169ng \u0111\u01b0\u1ee3c thi\u1ebft k\u1ebf ti\u1ec7n l\u1ee3i, ch\u1eafc ch\u1eafn v\u00e0 d\u1ec5 t\u00e1i ch\u1ebf, th\u1ec3 hi\u1ec7n tinh th\u1ea7n th\u00e2n thi\u1ec7n v\u1edbi thi\u00ean nhi\u00ean ngay t\u1eeb nh\u1eefng chi ti\u1ebft nh\u1ecf.<\/p>\n<p data-start=\"2683\" data-end=\"3052\">Ch\u1ea5t l\u01b0\u1ee3ng y\u1ebfn m\u1ea1ch trong s\u1eefa c\u0169ng l\u00e0 y\u1ebfu t\u1ed1 quan tr\u1ecdng. Otis VietBlend s\u1eed d\u1ee5ng y\u1ebfn m\u1ea1ch nh\u1eadp kh\u1ea9u t\u1eeb \u00dac \u2013 v\u00f9ng nguy\u00ean li\u1ec7u \u0111\u01b0\u1ee3c \u0111\u00e1nh gi\u00e1 cao v\u1ec1 \u0111\u1ed9 s\u1ea1ch, kh\u00f4ng bi\u1ebfn \u0111\u1ed5i gen v\u00e0 quy tr\u00ecnh canh t\u00e1c b\u1ec1n v\u1eefng. Nh\u1edd \u0111\u00f3, s\u1ea3n ph\u1ea9m \u0111\u1ea7u ra \u0111\u1ea1t ti\u00eau chu\u1ea9n cao v\u1ec1 \u0111\u1ed9 an to\u00e0n v\u00e0 gi\u00e1 tr\u1ecb dinh d\u01b0\u1ee1ng, gi\u00e0u ch\u1ea5t x\u01a1 h\u00f2a tan, beta-glucan \u2013 h\u1ee3p ch\u1ea5t h\u1ed7 tr\u1ee3 t\u1ed1t cho h\u1ec7 tim m\u1ea1ch v\u00e0 ti\u00eau h\u00f3a.<\/p>\n<p data-start=\"2683\" data-end=\"3052\"><img loading=\"lazy\" decoding=\"async\" class=\"aligncenter wp-image-41409\" src=\"https:\/\/havamall.com\/wp-content\/uploads\/2025\/07\/498721724_18313923037237021_904350616463307388_n.jpg\" alt=\"\" width=\"800\" height=\"999\" \/><\/p>\n<p data-start=\"3054\" data-end=\"3351\">Kh\u00f4ng ch\u1ec9 l\u00e0 th\u1ee9c u\u1ed1ng thay th\u1ebf, s\u1eefa y\u1ebfn m\u1ea1ch \u0111ang d\u1ea7n tr\u1edf th\u00e0nh bi\u1ec3u t\u01b0\u1ee3ng cho l\u1ed1i s\u1ed1ng l\u00e0nh m\u1ea1nh, t\u1ed1i gi\u1ea3n v\u00e0 c\u00e2n b\u1eb1ng. V\u1edbi\u00a0<strong data-start=\"3180\" data-end=\"3198\">Otis VietBlend<\/strong>, m\u1ed7i h\u1ed9p s\u1eefa l\u00e0 s\u1ef1 k\u1ebft h\u1ee3p gi\u1eefa h\u01b0\u01a1ng v\u1ecb t\u1ef1 nhi\u00ean, dinh d\u01b0\u1ee1ng th\u1ef1c v\u1eadt v\u00e0 cam k\u1ebft ch\u1ea5t l\u01b0\u1ee3ng b\u1ec1n v\u1eefng \u2013 t\u1ea5t c\u1ea3 trong m\u1ed9t l\u1ef1a ch\u1ecdn \u0111\u01a1n gi\u1ea3n nh\u01b0ng \u0111\u1ee7 \u0111\u1ea7y.<\/p>\n<p data-start=\"3353\" data-end=\"3595\">Hi\u1ec7n\u00a0<strong data-start=\"3358\" data-end=\"3389\">S\u1eefa Y\u1ebfn M\u1ea1ch Otis VietBlend<\/strong>\u00a0\u0111ang \u0111\u01b0\u1ee3c ph\u00e2n ph\u1ed1i ch\u00ednh th\u1ee9c t\u1ea1i\u00a0<strong data-start=\"3425\" data-end=\"3437\">Havamall<\/strong>\u00a0\u2013 n\u01a1i quy t\u1ee5 nh\u1eefng th\u01b0\u01a1ng hi\u1ec7u uy t\u00edn, s\u1ea3n ph\u1ea9m ch\u1ea5t l\u01b0\u1ee3ng cao v\u00ec s\u1ee9c kh\u1ecfe c\u1ed9ng \u0111\u1ed3ng. \u0110\u1eebng b\u1ecf l\u1ee1 c\u01a1 h\u1ed9i \u0111\u1ec3 \u0111\u01b0a l\u1ef1a ch\u1ecdn l\u00e0nh m\u1ea1nh n\u00e0y v\u00e0o th\u1ef1c \u0111\u01a1n h\u1eb1ng ng\u00e0y.<\/p>","protected":false},"excerpt":{"rendered":"<p>TH\u00d4NG TIN S\u1ea2N PH\u1ea8M Th\u01b0\u01a1ng hi\u1ec7u Otis VietBlend Xu\u1ea5t x\u1ee9 Vi\u1ec7t Nam Quy c\u00e1ch \u0111\u00f3ng g\u00f3i H\u1ed9p 1 L\u00edt H\u1ea1n<\/p>","protected":false},"featured_media":40341,"comment_status":"open","ping_status":"closed","template":"","meta":[],"product_brand":[],"product_cat":[677,131,135],"product_tag":[],"class_list":{"0":"post-40335","1":"product","2":"type-product","3":"status-publish","4":"has-post-thumbnail","6":"product_cat-cac-nuoc-khac","7":"product_cat-nguyen-lieu-lam-bep","8":"product_cat-sua-do-uong","10":"first","11":"instock","12":"sale","13":"shipping-taxable","14":"purchasable","15":"product-type-simple"},"_links":{"self":[{"href":"https:\/\/havamall.vn\/en\/wp-json\/wp\/v2\/product\/40335"}],"collection":[{"href":"https:\/\/havamall.vn\/en\/wp-json\/wp\/v2\/product"}],"about":[{"href":"https:\/\/havamall.vn\/en\/wp-json\/wp\/v2\/types\/product"}],"replies":[{"embeddable":true,"href":"https:\/\/havamall.vn\/en\/wp-json\/wp\/v2\/comments?post=40335"}],"version-history":[{"count":0,"href":"https:\/\/havamall.vn\/en\/wp-json\/wp\/v2\/product\/40335\/revisions"}],"wp:featuredmedia":[{"embeddable":true,"href":"https:\/\/havamall.vn\/en\/wp-json\/wp\/v2\/media\/40341"}],"wp:attachment":[{"href":"https:\/\/havamall.vn\/en\/wp-json\/wp\/v2\/media?parent=40335"}],"wp:term":[{"taxonomy":"product_brand","embeddable":true,"href":"https:\/\/havamall.vn\/en\/wp-json\/wp\/v2\/product_brand?post=40335"},{"taxonomy":"product_cat","embeddable":true,"href":"https:\/\/havamall.vn\/en\/wp-json\/wp\/v2\/product_cat?post=40335"},{"taxonomy":"product_tag","embeddable":true,"href":"https:\/\/havamall.vn\/en\/wp-json\/wp\/v2\/product_tag?post=40335"}],"curies":[{"name":"wp","href":"https:\/\/api.w.org\/{rel}","templated":true}]}}