{"id":40325,"date":"2025-07-26T10:52:33","date_gmt":"2025-07-26T03:52:33","guid":{"rendered":"https:\/\/havamall.vn\/?post_type=product&#038;p=40325"},"modified":"2025-07-26T10:52:33","modified_gmt":"2025-07-26T03:52:33","slug":"muoi-sach-tinh-khiet-777-700g-pure-refined-salt-777","status":"publish","type":"product","link":"https:\/\/havamall.vn\/en\/shop\/muoi-sach-tinh-khiet-777-700g-pure-refined-salt-777\/","title":{"rendered":"Mu\u1ed1i S\u1ea1ch Tinh Khi\u1ebft 777 700g \u2013 Pure Refined Salt 777"},"content":{"rendered":"<blockquote>\n<h3 data-start=\"165\" data-end=\"191\"><em><strong>TH\u00d4NG TIN S\u1ea2N PH\u1ea8M<\/strong><\/em><\/h3>\n<\/blockquote>\n<table style=\"width: 48.5424%;height: 192px\">\n<thead>\n<tr>\n<th style=\"text-align: left\"><strong>Th\u01b0\u01a1ng hi\u1ec7u<\/strong><\/th>\n<th style=\"text-align: left\">777 \u2013 C\u00f4ng Ty TNHH Mu\u1ed1i Vi\u1ec7t Nam<\/th>\n<\/tr>\n<\/thead>\n<tbody>\n<tr>\n<td><strong>Xu\u1ea5t x\u1ee9<\/strong><\/td>\n<td>Vi\u1ec7t Nam<\/td>\n<\/tr>\n<tr>\n<td><strong>Th\u00e0nh ph\u1ea7n<\/strong><\/td>\n<td>100% mu\u1ed1i bi\u1ec3n tinh khi\u1ebft \u0111\u00e3 qua tinh luy\u1ec7n<\/td>\n<\/tr>\n<tr>\n<td><strong>H\u1ea1n s\u1eed d\u1ee5ng<\/strong><\/td>\n<td>5 n\u0103m k\u1ec3 t\u1eeb ng\u00e0y s\u1ea3n xu\u1ea5t<\/td>\n<\/tr>\n<tr>\n<td><strong>C\u00e1ch b\u1ea3o qu\u1ea3n<\/strong><\/td>\n<td>\u0110\u1ec3 n\u01a1i kh\u00f4 r\u00e1o, tho\u00e1ng m\u00e1t, tr\u00e1nh \u00e1nh n\u1eafng<\/td>\n<\/tr>\n<tr>\n<td><strong>Kh\u1ed1i l\u01b0\u1ee3ng t\u1ecbnh<\/strong><\/td>\n<td>700g<\/td>\n<\/tr>\n<\/tbody>\n<\/table>\n<p data-start=\"637\" data-end=\"1075\">T\u1eeb l\u00e2u, mu\u1ed1i \u0111\u00e3 tr\u1edf th\u00e0nh m\u1ed9t ph\u1ea7n thi\u1ebft y\u1ebfu trong m\u1ed7i c\u0103n b\u1ebfp. Kh\u00f4ng ch\u1ec9 l\u00e0 gia v\u1ecb c\u0103n b\u1ea3n trong h\u1ea7u h\u1ebft c\u00e1c m\u00f3n \u0103n, mu\u1ed1i c\u00f2n g\u00f3p ph\u1ea7n \u0111\u1ecbnh h\u00ecnh h\u01b0\u01a1ng v\u1ecb, c\u00e2n b\u1eb1ng v\u1ecb gi\u00e1c v\u00e0 b\u1ea3o qu\u1ea3n th\u1ef1c ph\u1ea9m hi\u1ec7u qu\u1ea3. Tuy nhi\u00ean, kh\u00f4ng ph\u1ea3i lo\u1ea1i mu\u1ed1i n\u00e0o c\u0169ng gi\u1ed1ng nhau. Gi\u1eefa r\u1ea5t nhi\u1ec1u l\u1ef1a ch\u1ecdn tr\u00ean th\u1ecb tr\u01b0\u1eddng,\u00a0<strong data-start=\"936\" data-end=\"953\">Mu\u1ed1i S\u1ea1ch 777<\/strong>\u00a0n\u1ed5i b\u1eadt v\u1edbi s\u1ef1 tinh khi\u1ebft, an to\u00e0n v\u00e0 \u1ed5n \u0111\u1ecbnh nh\u1edd quy tr\u00ecnh tinh luy\u1ec7n hi\u1ec7n \u0111\u1ea1i v\u00e0 ngu\u1ed3n nguy\u00ean li\u1ec7u tuy\u1ec3n ch\u1ecdn k\u1ef9 l\u01b0\u1ee1ng.<\/p>\n<p data-start=\"637\" data-end=\"1075\"><img fetchpriority=\"high\" decoding=\"async\" class=\"aligncenter  wp-image-41389\" src=\"https:\/\/havamall.com\/wp-content\/uploads\/2025\/07\/hand-sprinkle-salt-salad.jpg\" alt=\"\" width=\"800\" height=\"533\" \/><\/p>\n<p data-start=\"1077\" data-end=\"1481\"><strong><em>Mu\u1ed1i S\u1ea1ch 777<\/em><\/strong>\u00a0c\u00f3 ngu\u1ed3n g\u1ed1c t\u1eeb\u00a0<strong><em>mu\u1ed1i bi\u1ec3n t\u1ef1 nhi\u00ean Vi\u1ec7t Nam<\/em><\/strong>\u00a0\u2013 lo\u1ea1i mu\u1ed1i \u0111\u01b0\u1ee3c thu ho\u1ea1ch t\u1eeb c\u00e1c v\u00f9ng bi\u1ec3n s\u1ea1ch, gi\u00e0u kho\u00e1ng ch\u1ea5t v\u00e0 \u00edt ch\u1ecbu \u1ea3nh h\u01b0\u1edfng c\u1ee7a c\u00f4ng nghi\u1ec7p h\u00f3a. Nh\u1edd \u0111\u00f3, h\u1ea1t mu\u1ed1i\u00a0<strong><em>c\u00f3 \u0111\u1ed9 tr\u1eafng cao, v\u1ecb m\u1eb7n d\u1ecbu v\u00e0 kh\u00f4ng b\u1ecb l\u1eabn t\u1ea1p ch\u1ea5t hay m\u00f9i h\u01b0\u01a1ng l\u1ea1,\u00a0<\/em><\/strong>l\u00e0 \u0111i\u1ec3m c\u1ed9ng l\u1edbn cho nh\u1eefng ng\u01b0\u1eddi n\u1ed9i tr\u1ee3 k\u1ef9 t\u00ednh, mong mu\u1ed1n c\u00f3 \u0111\u01b0\u1ee3c m\u1ed9t lo\u1ea1i mu\u1ed1i v\u1eeba s\u1ea1ch v\u1eeba gi\u1eef \u0111\u01b0\u1ee3c \u0111\u1ed9 \u0111\u1eadm \u0111\u00e0 t\u1ef1 nhi\u00ean trong ch\u1ebf bi\u1ebfn m\u00f3n \u0103n.<\/p>\n<p data-start=\"1077\" data-end=\"1481\"><img decoding=\"async\" class=\"aligncenter  wp-image-41390\" src=\"https:\/\/havamall.com\/wp-content\/uploads\/2025\/07\/vkebqg4hvfbr7m5fmkxmar5lb4.jpg\" alt=\"\" width=\"802\" height=\"534\" \/><\/p>\n<p data-start=\"1483\" data-end=\"2042\">\u0110i\u1ec3m \u0111\u1eb7c bi\u1ec7t c\u1ee7a Mu\u1ed1i S\u1ea1ch 777 n\u1eb1m \u1edf<strong><em>\u00a0c\u00f4ng ngh\u1ec7 tinh luy\u1ec7n hi\u1ec7n \u0111\u1ea1i<\/em><\/strong>, lo\u1ea1i b\u1ecf ho\u00e0n to\u00e0n t\u1ea1p ch\u1ea5t c\u01a1 h\u1ecdc, vi sinh v\u00e0 kim lo\u1ea1i n\u1eb7ng th\u01b0\u1eddng xu\u1ea5t hi\u1ec7n trong c\u00e1c d\u00f2ng mu\u1ed1i th\u00f4 ch\u01b0a qua x\u1eed l\u00fd. Quy tr\u00ecnh n\u00e0y c\u0169ng gi\u00fap mu\u1ed1i c\u00f3 \u0111\u1ed9 m\u1ecbn \u0111\u1ed3ng \u0111\u1ec1u, kh\u00f4ng v\u00f3n c\u1ee5c, d\u1ec5 d\u00e0ng s\u1eed d\u1ee5ng trong nhi\u1ec1u ph\u01b0\u01a1ng ph\u00e1p n\u1ea5u \u0103n kh\u00e1c nhau: t\u1eeb \u01b0\u1edbp, kho, n\u01b0\u1edbng \u0111\u1ebfn n\u00eam tr\u1ef1c ti\u1ebfp v\u00e0o canh, s\u00fap hay salad. Ngo\u00e0i ra, lo\u1ea1i mu\u1ed1i n\u00e0y c\u00f2n\u00a0<em><strong>th\u00edch h\u1ee3p \u0111\u1ec3 d\u00f9ng trong ch\u1ebf bi\u1ebfn th\u1ef1c ph\u1ea9m \u0111\u00f3ng g\u00f3i<\/strong><\/em>, s\u1ea3n xu\u1ea5t c\u00f4ng nghi\u1ec7p ho\u1eb7c\u00a0<strong><em>l\u00e0m nguy\u00ean li\u1ec7u trong c\u00e1c c\u00f4ng th\u1ee9c ng\u00e2m d\u01b0a, l\u00e0m n\u01b0\u1edbc m\u1eafm, l\u00e0m b\u00e1nh truy\u1ec1n th\u1ed1ng.<\/em><\/strong><\/p>\n<p data-start=\"1483\" data-end=\"2042\"><img decoding=\"async\" class=\"aligncenter  wp-image-41391\" src=\"https:\/\/havamall.com\/wp-content\/uploads\/2025\/07\/p.118-Quick-Salted-Egg-Yolks.-MIRACLE-OF-SALT-by-Naomi-Duguid-Gear.webp\" alt=\"\" width=\"801\" height=\"534\" \/><\/p>\n<p data-start=\"2044\" data-end=\"2487\">Kh\u00f4ng ch\u1ec9 h\u1eefu \u00edch trong \u1ea9m th\u1ef1c, mu\u1ed1i tinh luy\u1ec7n c\u00f2n c\u00f3 vai tr\u00f2 trong vi\u1ec7c b\u1ea3o v\u1ec7 s\u1ee9c kh\u1ecfe n\u1ebfu \u0111\u01b0\u1ee3c s\u1eed d\u1ee5ng h\u1ee3p l\u00fd. So v\u1edbi m\u1ed9t s\u1ed1 lo\u1ea1i mu\u1ed1i bi\u1ec3n th\u00f4 c\u00f2n l\u1eabn t\u1ea1p ch\u1ea5t, vi\u1ec7c d\u00f9ng mu\u1ed1i s\u1ea1ch gi\u00fap\u00a0<strong><em>gi\u1ea3m nguy c\u01a1 t\u00edch t\u1ee5 c\u00e1c \u0111\u1ed9c t\u1ed1<\/em>\u00a0<\/strong>kh\u00f4ng mong mu\u1ed1n. \u0110\u1ed3ng th\u1eddi,\u00a0<strong><em>h\u1ea1t mu\u1ed1i nh\u1ecf, m\u1ecbn v\u00e0 kh\u00f4<\/em><\/strong>\u00a0gi\u00fap ng\u01b0\u1eddi d\u00f9ng d\u1ec5 ki\u1ec3m so\u00e1t li\u1ec1u l\u01b0\u1ee3ng khi n\u00eam n\u1ebfm, t\u1eeb \u0111\u00f3 g\u00f3p ph\u1ea7n \u0111i\u1ec1u ch\u1ec9nh l\u01b0\u1ee3ng natri \u0111\u01b0a v\u00e0o c\u01a1 th\u1ec3 \u2013 m\u1ed9t y\u1ebfu t\u1ed1 quan tr\u1ecdng trong vi\u1ec7c duy tr\u00ec huy\u1ebft \u00e1p \u1ed5n \u0111\u1ecbnh.<\/p>\n<p data-start=\"2044\" data-end=\"2487\"><img loading=\"lazy\" decoding=\"async\" class=\"aligncenter  wp-image-41392\" src=\"https:\/\/havamall.com\/wp-content\/uploads\/2025\/07\/SaltRoastPotatoes_HERO_011323_45636-scaled.webp\" alt=\"\" width=\"800\" height=\"450\" \/><\/p>\n<p data-start=\"2778\" data-end=\"3122\">Trong xu h\u01b0\u1edbng s\u1ed1ng l\u00e0nh m\u1ea1nh v\u00e0 ch\u1ecdn l\u1ecdc k\u1ef9 l\u01b0\u1ee1ng t\u1eebng nguy\u00ean li\u1ec7u trong c\u0103n b\u1ebfp, vi\u1ec7c ch\u1ecdn lo\u1ea1i mu\u1ed1i s\u1ea1ch, r\u00f5 ngu\u1ed3n g\u1ed1c v\u00e0 \u0111\u01b0\u1ee3c s\u1ea3n xu\u1ea5t theo ti\u00eau chu\u1ea9n nghi\u00eam ng\u1eb7t l\u00e0 \u0111i\u1ec1u h\u1ebft s\u1ee9c c\u1ea7n thi\u1ebft. V\u1edbi h\u01b0\u01a1ng v\u1ecb thu\u1ea7n khi\u1ebft, \u0111\u1ed9 m\u1eb7n d\u1ec5 ch\u1ecbu v\u00e0 an to\u00e0n tuy\u1ec7t \u0111\u1ed1i trong ch\u1ebf bi\u1ebfn, Mu\u1ed1i S\u1ea1ch 777 tr\u1edf th\u00e0nh l\u1ef1a ch\u1ecdn \u0111\u00e1ng tin c\u1eady cho m\u1ecdi gian b\u1ebfp hi\u1ec7n \u0111\u1ea1i.<\/p>\n<p data-start=\"2778\" data-end=\"3122\"><img loading=\"lazy\" decoding=\"async\" class=\"aligncenter  wp-image-41393\" src=\"https:\/\/havamall.com\/wp-content\/uploads\/2025\/07\/shutterstock_377733145-scaled-e1667511725163.jpg\" alt=\"\" width=\"801\" height=\"534\" \/><\/p>\n<p data-start=\"2763\" data-end=\"3069\">Hi\u1ec7n t\u1ea1i,\u00a0<strong><em>Mu\u1ed1i S\u1ea1ch Tinh Khi\u1ebft 777 700g<\/em>\u00a0<\/strong>\u0111\u00e3 c\u00f3 m\u1eb7t t\u1ea1i\u00a0<strong data-start=\"2817\" data-end=\"2829\">Havamall<\/strong>\u00a0\u2013 n\u01a1i quy t\u1ee5 nh\u1eefng m\u1eb7t h\u00e0ng thi\u1ebft y\u1ebfu, uy t\u00edn, \u0111\u1ea3m b\u1ea3o ch\u1ea5t l\u01b0\u1ee3ng v\u00e0 ngu\u1ed3n g\u1ed1c r\u00f5 r\u00e0ng. N\u1ebfu \u0111ang t\u00ecm ki\u1ebfm m\u1ed9t lo\u1ea1i mu\u1ed1i \u0103n v\u1eeba an to\u00e0n, v\u1eeba ti\u1ec7n l\u1ee3i, th\u00ec l\u1ef1a ch\u1ecdn n\u00e0y ch\u00ednh l\u00e0 gi\u1ea3i ph\u00e1p ho\u00e0n h\u1ea3o \u0111\u1ec3 b\u1ea3o v\u1ec7 s\u1ee9c kh\u1ecfe cho c\u1ea3 gia \u0111\u00ecnh m\u1ed7i ng\u00e0y.<\/p>","protected":false},"excerpt":{"rendered":"<p>TH\u00d4NG TIN S\u1ea2N PH\u1ea8M Th\u01b0\u01a1ng hi\u1ec7u 777 \u2013 C\u00f4ng Ty TNHH Mu\u1ed1i Vi\u1ec7t Nam Xu\u1ea5t x\u1ee9 Vi\u1ec7t Nam Th\u00e0nh ph\u1ea7n<\/p>","protected":false},"featured_media":40326,"comment_status":"open","ping_status":"closed","template":"","meta":[],"product_brand":[],"product_cat":[677,595,154],"product_tag":[],"class_list":{"0":"post-40325","1":"product","2":"type-product","3":"status-publish","4":"has-post-thumbnail","6":"product_cat-cac-nuoc-khac","7":"product_cat-gia-vi-va-che-bien","8":"product_cat-gia-vi","10":"first","11":"instock","12":"sale","13":"shipping-taxable","14":"purchasable","15":"product-type-simple"},"_links":{"self":[{"href":"https:\/\/havamall.vn\/en\/wp-json\/wp\/v2\/product\/40325"}],"collection":[{"href":"https:\/\/havamall.vn\/en\/wp-json\/wp\/v2\/product"}],"about":[{"href":"https:\/\/havamall.vn\/en\/wp-json\/wp\/v2\/types\/product"}],"replies":[{"embeddable":true,"href":"https:\/\/havamall.vn\/en\/wp-json\/wp\/v2\/comments?post=40325"}],"version-history":[{"count":0,"href":"https:\/\/havamall.vn\/en\/wp-json\/wp\/v2\/product\/40325\/revisions"}],"wp:featuredmedia":[{"embeddable":true,"href":"https:\/\/havamall.vn\/en\/wp-json\/wp\/v2\/media\/40326"}],"wp:attachment":[{"href":"https:\/\/havamall.vn\/en\/wp-json\/wp\/v2\/media?parent=40325"}],"wp:term":[{"taxonomy":"product_brand","embeddable":true,"href":"https:\/\/havamall.vn\/en\/wp-json\/wp\/v2\/product_brand?post=40325"},{"taxonomy":"product_cat","embeddable":true,"href":"https:\/\/havamall.vn\/en\/wp-json\/wp\/v2\/product_cat?post=40325"},{"taxonomy":"product_tag","embeddable":true,"href":"https:\/\/havamall.vn\/en\/wp-json\/wp\/v2\/product_tag?post=40325"}],"curies":[{"name":"wp","href":"https:\/\/api.w.org\/{rel}","templated":true}]}}