{"id":40320,"date":"2025-07-26T09:41:04","date_gmt":"2025-07-26T02:41:04","guid":{"rendered":"https:\/\/havamall.vn\/?post_type=product&#038;p=40320"},"modified":"2025-07-26T09:41:35","modified_gmt":"2025-07-26T02:41:35","slug":"nuoc-uong-tra-xanh-dong-chai-500ml-haruna-tea-master-legend-green-tea","status":"publish","type":"product","link":"https:\/\/havamall.vn\/en\/shop\/nuoc-uong-tra-xanh-dong-chai-500ml-haruna-tea-master-legend-green-tea\/","title":{"rendered":"N\u01b0\u1edbc U\u1ed1ng Tr\u00e0 Xanh \u0110\u00f3ng Chai 500ml Haruna \u2013 Tea Master Legend Green Tea"},"content":{"rendered":"<blockquote>\n<h3 data-start=\"165\" data-end=\"191\"><em><strong>TH\u00d4NG TIN S\u1ea2N PH\u1ea8M<\/strong><\/em><\/h3>\n<\/blockquote>\n<table class=\"w-fit min-w-(--thread-content-width)\" style=\"width: 80.3199%;height: 192px\" data-start=\"236\" data-end=\"801\">\n<tbody data-start=\"386\" data-end=\"801\">\n<tr>\n<td><strong data-start=\"388\" data-end=\"399\">Th\u01b0\u01a1ng hi\u1ec7u<\/strong><\/td>\n<td>Haruna<\/td>\n<\/tr>\n<tr data-start=\"386\" data-end=\"460\">\n<td data-start=\"386\" data-end=\"408\" data-col-size=\"sm\"><strong data-start=\"388\" data-end=\"399\">Xu\u1ea5t x\u1ee9<\/strong><\/td>\n<td data-start=\"408\" data-end=\"460\" data-col-size=\"md\">Nh\u1eadt B\u1ea3n<\/td>\n<\/tr>\n<tr data-start=\"461\" data-end=\"535\">\n<td data-start=\"461\" data-end=\"483\" data-col-size=\"sm\"><strong data-start=\"463\" data-end=\"477\">Th\u00e0nh ph\u1ea7n<\/strong><\/td>\n<td data-start=\"483\" data-end=\"535\" data-col-size=\"md\">N\u01b0\u1edbc, chi\u1ebft xu\u1ea5t tr\u00e0 xanh, ch\u1ea5t ch\u1ed1ng oxy h\u00f3a<\/td>\n<\/tr>\n<tr data-start=\"536\" data-end=\"610\">\n<td data-start=\"536\" data-end=\"558\" data-col-size=\"sm\"><strong data-start=\"538\" data-end=\"553\">H\u1ea1n s\u1eed d\u1ee5ng<\/strong><\/td>\n<td data-start=\"558\" data-end=\"610\" data-col-size=\"md\">12 th\u00e1ng k\u1ec3 t\u1eeb ng\u00e0y s\u1ea3n xu\u1ea5t<\/td>\n<\/tr>\n<tr data-start=\"611\" data-end=\"727\">\n<td data-start=\"611\" data-end=\"633\" data-col-size=\"sm\"><strong data-start=\"613\" data-end=\"630\">C\u00e1ch b\u1ea3o qu\u1ea3n<\/strong><\/td>\n<td data-start=\"633\" data-end=\"727\" data-col-size=\"md\">B\u1ea3o qu\u1ea3n n\u01a1i kh\u00f4 r\u00e1o, tr\u00e1nh \u00e1nh n\u1eafng tr\u1ef1c ti\u1ebfp; sau khi m\u1edf n\u1eafp n\u00ean gi\u1eef l\u1ea1nh v\u00e0 s\u1eed d\u1ee5ng s\u1edbm<\/td>\n<\/tr>\n<tr data-start=\"728\" data-end=\"801\">\n<td data-start=\"728\" data-end=\"750\" data-col-size=\"sm\"><strong data-start=\"730\" data-end=\"742\">Quy c\u00e1ch<\/strong><\/td>\n<td data-start=\"750\" data-end=\"801\" data-col-size=\"md\">Chai nh\u1ef1a 500ml<\/td>\n<\/tr>\n<\/tbody>\n<\/table>\n<p>Trong b\u1ed1i c\u1ea3nh \u0111\u1eddi s\u1ed1ng hi\u1ec7n \u0111\u1ea1i ng\u00e0y c\u00e0ng t\u1ea5t b\u1eadt, vi\u1ec7c t\u00ecm l\u1ea1i c\u1ea3m gi\u00e1c t\u0129nh t\u1ea1i v\u00e0 c\u00e2n b\u1eb1ng tr\u1edf n\u00ean quan tr\u1ecdng h\u01a1n bao gi\u1edd h\u1ebft. M\u1ed9t trong nh\u1eefng c\u00e1ch \u0111\u01a1n gi\u1ea3n m\u00e0 tinh t\u1ebf \u0111\u1ec3 l\u00e0m \u0111i\u1ec1u \u0111\u00f3 l\u00e0 th\u01b0\u1edfng th\u1ee9c m\u1ed9t ng\u1ee5m tr\u00e0 xanh thanh m\u00e1t, mang \u0111\u1eadm tinh th\u1ea7n Thi\u1ec1n \u2013 nh\u01b0 m\u1ed9t nh\u1ecbp ch\u1eadm trong gu\u1ed3ng quay g\u1ea5p g\u00e1p.<\/p>\n<p><img fetchpriority=\"high\" decoding=\"async\" class=\"aligncenter\" src=\"https:\/\/havamall.com\/wp-content\/uploads\/2025\/07\/everything-you-need-to-know-about-japanese-green-tea-japanese-taste.jpg\" alt=\"Everything You Need To Know About Japanese Green Tea \u2013 Japanese Taste\" width=\"802\" height=\"535\" \/><\/p>\n<p>L\u1ea5y c\u1ea3m h\u1ee9ng t\u1eeb tinh th\u1ea7n tr\u00e0 \u0111\u1ea1o Nh\u1eadt B\u1ea3n, d\u00f2ng s\u1ea3n ph\u1ea9m\u00a0<strong data-start=\"1390\" data-end=\"1411\">Tea Master Legend<\/strong>\u00a0c\u1ee7a Haruna \u0111\u01b0\u1ee3c ch\u1ebf bi\u1ebfn t\u1eeb nh\u1eefng l\u00e1 tr\u00e0 xanh \u0111\u01b0\u1ee3c tuy\u1ec3n ch\u1ecdn k\u1ef9 l\u01b0\u1ee1ng, canh t\u00e1c theo ph\u01b0\u01a1ng ph\u00e1p s\u1ea1ch, r\u1ed3i chi\u1ebft xu\u1ea5t tinh t\u1ebf \u0111\u1ec3 gi\u1eef nguy\u00ean h\u01b0\u01a1ng th\u01a1m thu\u1ea7n khi\u1ebft, v\u1ecb ch\u00e1t nh\u1eb9 v\u00e0 h\u1eadu ng\u1ecdt d\u1ecbu. C\u00f4ng ngh\u1ec7 s\u1ea3n xu\u1ea5t ti\u00ean ti\u1ebfn t\u1ea1i Nh\u1eadt B\u1ea3n gi\u00fap gi\u1eef tr\u1ecdn h\u01b0\u01a1ng v\u1ecb t\u1ef1 nhi\u00ean m\u00e0 kh\u00f4ng c\u1ea7n th\u00eam ch\u1ea5t t\u1ea1o ng\u1ecdt nh\u00e2n t\u1ea1o, mang l\u1ea1i tr\u1ea3i nghi\u1ec7m u\u1ed1ng g\u1ea7n v\u1edbi tr\u00e0 pha truy\u1ec1n th\u1ed1ng nh\u1ea5t c\u00f3 th\u1ec3.<\/p>\n<p>Chai tr\u00e0 \u0111\u01b0\u1ee3c thi\u1ebft k\u1ebf \u0111\u01a1n gi\u1ea3n nh\u01b0ng trang nh\u00e3, v\u1edbi nh\u00e3n tr\u1eafng \u2013 \u0111en \u0111\u1ed1i l\u1eadp t\u01b0\u1ee3ng tr\u01b0ng cho s\u1ef1 c\u00e2n b\u1eb1ng, c\u00f9ng d\u00f2ng ch\u1eef \u201cTea Master Legend\u201d nh\u01b0 m\u1ed9t s\u1ef1 t\u00f4n vinh nh\u1eefng ngh\u1ec7 nh\u00e2n tr\u00e0 \u2013 nh\u1eefng ng\u01b0\u1eddi g\u00ecn gi\u1eef tinh th\u1ea7n Nh\u1eadt B\u1ea3n qua t\u1eebng l\u00e1 tr\u00e0. Dung t\u00edch 500ml v\u1eeba v\u1eb7n, th\u00edch h\u1ee3p mang theo trong m\u1ecdi ho\u00e0n c\u1ea3nh: khi l\u00e0m vi\u1ec7c, luy\u1ec7n t\u1eadp th\u1ec3 thao, hay \u0111\u01a1n gi\u1ea3n l\u00e0 th\u01b0 gi\u00e3n gi\u1eefa bu\u1ed5i chi\u1ec1u h\u00e8.<\/p>\n<p><img decoding=\"async\" class=\"aligncenter\" src=\"https:\/\/havamall.com\/wp-content\/uploads\/2025\/07\/bg_kv_202210.png\" width=\"803\" height=\"556\" \/><\/p>\n<p><b>N\u01b0\u1edbc Tr\u00e0 Xanh Nh\u1eadt Haruna Tea Meister Legend 500ml<\/b>\u00a0kh\u00f4ng ch\u1ec9 l\u00e0 m\u1ed9t th\u1ee9c u\u1ed1ng gi\u1ea3i kh\u00e1t th\u00f4ng th\u01b0\u1eddng, m\u00e0 c\u00f2n l\u00e0 l\u1eddi m\u1eddi g\u1ecdi b\u01b0\u1edbc v\u00e0o m\u1ed9t kho\u1ea3ng l\u1eb7ng y\u00ean, gi\u00fap c\u01a1 th\u1ec3 thanh l\u1ecdc v\u00e0 tinh th\u1ea7n tr\u1edf n\u00ean t\u1ec9nh t\u00e1o. V\u1edbi th\u00e0nh ph\u1ea7n \u0111\u01a1n gi\u1ea3n, kh\u00f4ng ch\u1ea5t b\u1ea3o qu\u1ea3n v\u00e0 \u00edt calo, th\u1ee9c u\u1ed1ng n\u00e0y ph\u00f9 h\u1ee3p v\u1edbi ng\u01b0\u1eddi theo l\u1ed1i s\u1ed1ng l\u00e0nh m\u1ea1nh, \u0103n u\u1ed1ng t\u1ef1 nhi\u00ean ho\u1eb7c c\u1ea7n gi\u1ea3m thi\u1ec3u l\u01b0\u1ee3ng \u0111\u01b0\u1eddng ti\u00eau th\u1ee5 h\u00e0ng ng\u00e0y.<\/p>\n<p><img decoding=\"async\" class=\"aligncenter  wp-image-41382\" src=\"https:\/\/havamall.com\/wp-content\/uploads\/2025\/07\/1.a-glass-of-yellow-adenosma-glutinosum-tea-sparkli.jpg\" alt=\"\" width=\"801\" height=\"534\" \/><\/p>\n<blockquote><p><span style=\"font-size: 18pt\"><em><b>L\u1ee3i \u00cdch S\u1ee9c Kh\u1ecfe V\u01b0\u1ee3t Tr\u1ed9i C\u1ee7a Tr\u00e0 Xanh:<\/b><\/em><\/span><\/p><\/blockquote>\n<p><b>\u2013\u00a0H\u1ed7 tr\u1ee3 ch\u1ed1ng oxy h\u00f3a:<\/b>\u00a0Gi\u00fap b\u1ea3o v\u1ec7 c\u01a1 th\u1ec3 kh\u1ecfi t\u00e1c \u0111\u1ed9ng c\u1ee7a c\u00e1c g\u1ed1c t\u1ef1 do.<\/p>\n<p><b>\u2013\u00a0T\u0103ng c\u01b0\u1eddng trao \u0111\u1ed5i ch\u1ea5t:<\/b>\u00a0H\u1ed7 tr\u1ee3 qu\u00e1 tr\u00ecnh chuy\u1ec3n h\u00f3a n\u0103ng l\u01b0\u1ee3ng hi\u1ec7u qu\u1ea3 h\u01a1n.<\/p>\n<p><b>\u2013\u00a0C\u1ea3i thi\u1ec7n s\u1ef1 t\u1ec9nh t\u00e1o:<\/b>\u00a0Mang l\u1ea1i s\u1ef1 t\u1eadp trung m\u00e0 kh\u00f4ng g\u00e2y k\u00edch th\u00edch qu\u00e1 m\u1ea1nh nh\u01b0 c\u00e0 ph\u00ea.<\/p>\n<p><img loading=\"lazy\" decoding=\"async\" class=\"aligncenter  wp-image-41383\" src=\"https:\/\/havamall.com\/wp-content\/uploads\/2025\/07\/4.refreshing-tea-helps-cool-the-body-quickly-yellow.jpg\" alt=\"\" width=\"801\" height=\"534\" \/><\/p>\n<p data-start=\"2856\" data-end=\"3088\">Hi\u1ec7n nay,\u00a0<strong data-start=\"2866\" data-end=\"2921\">Tr\u00e0 Xanh Haruna 500ml \u2013 Tea Master Legend Green Tea<\/strong>\u00a0\u0111\u00e3 c\u00f3 m\u1eb7t t\u1ea1i\u00a0<strong data-start=\"2936\" data-end=\"2948\">Havamall<\/strong>, tr\u1edf th\u00e0nh l\u1ef1a ch\u1ecdn l\u00fd t\u01b0\u1edfng cho nh\u1eefng ai y\u00eau th\u00edch v\u1ecb tr\u00e0 th\u1eadt v\u00e0 mong mu\u1ed1n gi\u1eef cho m\u00ecnh m\u1ed9t th\u00f3i quen s\u1ed1ng nh\u1eb9 nh\u00e0ng, l\u00e0nh m\u1ea1nh m\u1ed7i ng\u00e0y.<\/p>","protected":false},"excerpt":{"rendered":"<p>TH\u00d4NG TIN S\u1ea2N PH\u1ea8M Th\u01b0\u01a1ng hi\u1ec7u Haruna Xu\u1ea5t x\u1ee9 Nh\u1eadt B\u1ea3n Th\u00e0nh ph\u1ea7n N\u01b0\u1edbc, chi\u1ebft xu\u1ea5t tr\u00e0 xanh, ch\u1ea5t ch\u1ed1ng<\/p>","protected":false},"featured_media":40321,"comment_status":"open","ping_status":"closed","template":"","meta":[],"product_brand":[],"product_cat":[675,135],"product_tag":[],"class_list":{"0":"post-40320","1":"product","2":"type-product","3":"status-publish","4":"has-post-thumbnail","6":"product_cat-nhap-khau-nhat-ban","7":"product_cat-sua-do-uong","9":"first","10":"instock","11":"sale","12":"shipping-taxable","13":"purchasable","14":"product-type-simple"},"_links":{"self":[{"href":"https:\/\/havamall.vn\/en\/wp-json\/wp\/v2\/product\/40320"}],"collection":[{"href":"https:\/\/havamall.vn\/en\/wp-json\/wp\/v2\/product"}],"about":[{"href":"https:\/\/havamall.vn\/en\/wp-json\/wp\/v2\/types\/product"}],"replies":[{"embeddable":true,"href":"https:\/\/havamall.vn\/en\/wp-json\/wp\/v2\/comments?post=40320"}],"version-history":[{"count":0,"href":"https:\/\/havamall.vn\/en\/wp-json\/wp\/v2\/product\/40320\/revisions"}],"wp:featuredmedia":[{"embeddable":true,"href":"https:\/\/havamall.vn\/en\/wp-json\/wp\/v2\/media\/40321"}],"wp:attachment":[{"href":"https:\/\/havamall.vn\/en\/wp-json\/wp\/v2\/media?parent=40320"}],"wp:term":[{"taxonomy":"product_brand","embeddable":true,"href":"https:\/\/havamall.vn\/en\/wp-json\/wp\/v2\/product_brand?post=40320"},{"taxonomy":"product_cat","embeddable":true,"href":"https:\/\/havamall.vn\/en\/wp-json\/wp\/v2\/product_cat?post=40320"},{"taxonomy":"product_tag","embeddable":true,"href":"https:\/\/havamall.vn\/en\/wp-json\/wp\/v2\/product_tag?post=40320"}],"curies":[{"name":"wp","href":"https:\/\/api.w.org\/{rel}","templated":true}]}}