{"id":40316,"date":"2025-07-25T16:48:19","date_gmt":"2025-07-25T09:48:19","guid":{"rendered":"https:\/\/havamall.vn\/?post_type=product&#038;p=40316"},"modified":"2026-02-25T10:00:12","modified_gmt":"2026-02-25T03:00:12","slug":"mat-ong-manuka-hoat-tinh-mgo-100-barnes-naturals-250g-australian-active-manuka-honey-mgo-100","status":"publish","type":"product","link":"https:\/\/havamall.vn\/en\/shop\/mat-ong-manuka-hoat-tinh-mgo-100-barnes-naturals-250g-australian-active-manuka-honey-mgo-100\/","title":{"rendered":"M\u1eadt Ong Manuka Ho\u1ea1t T\u00ednh MGO 100+ Barnes Naturals 250g \u2013 Australian Active Manuka Honey MGO 100+"},"content":{"rendered":"<blockquote>\n<h3 data-start=\"165\" data-end=\"191\"><em><strong data-start=\"169\" data-end=\"191\">TH\u00d4NG TIN S\u1ea2N PH\u1ea8M<\/strong><\/em><\/h3>\n<\/blockquote>\n<table class=\"w-fit min-w-(--thread-content-width)\" style=\"width: 64.6889%;height: 159px\" data-start=\"412\" data-end=\"846\">\n<thead data-start=\"412\" data-end=\"467\">\n<tr data-start=\"412\" data-end=\"467\">\n<th data-start=\"412\" data-end=\"431\" data-col-size=\"sm\">Th\u01b0\u01a1ng hi\u1ec7u<\/th>\n<th data-start=\"431\" data-end=\"467\" data-col-size=\"md\">Barnes Naturals<\/th>\n<\/tr>\n<\/thead>\n<tbody data-start=\"524\" data-end=\"846\">\n<tr data-start=\"524\" data-end=\"579\">\n<td data-start=\"524\" data-end=\"543\" data-col-size=\"sm\">Xu\u1ea5t x\u1ee9<\/td>\n<td data-col-size=\"md\" data-start=\"543\" data-end=\"579\">\u00dac<\/td>\n<\/tr>\n<tr data-start=\"580\" data-end=\"678\">\n<td data-start=\"580\" data-end=\"599\" data-col-size=\"sm\">Th\u00e0nh ph\u1ea7n<\/td>\n<td data-col-size=\"md\" data-start=\"599\" data-end=\"678\">Xem tr\u00ean bao b\u00ec<\/td>\n<\/tr>\n<tr data-start=\"679\" data-end=\"734\">\n<td data-start=\"679\" data-end=\"698\" data-col-size=\"sm\">H\u1ea1n s\u1eed d\u1ee5ng<\/td>\n<td data-col-size=\"md\" data-start=\"698\" data-end=\"734\">3 n\u0103m t\u1eeb NSX<\/td>\n<\/tr>\n<tr data-start=\"735\" data-end=\"790\">\n<td data-start=\"735\" data-end=\"754\" data-col-size=\"sm\">B\u1ea3o qu\u1ea3n<\/td>\n<td data-col-size=\"md\" data-start=\"754\" data-end=\"790\">\u0110\u1ec3 n\u01a1i kh\u00f4 r\u00e1o, tho\u00e1ng m\u00e1t, tr\u00e1nh \u00e1nh n\u1eafng tr\u1ef1c ti\u1ebfp<\/td>\n<\/tr>\n<tr data-start=\"791\" data-end=\"846\">\n<td data-start=\"791\" data-end=\"810\" data-col-size=\"sm\">Quy c\u00e1ch<\/td>\n<td data-col-size=\"md\" data-start=\"810\" data-end=\"846\">H\u0169 250g<\/td>\n<\/tr>\n<\/tbody>\n<\/table>\n<p data-start=\"647\" data-end=\"1128\">T\u1eeb l\u00e2u,\u00a0<em><strong>m\u1eadt ong Manuka<\/strong><\/em>\u00a0\u0111\u00e3 \u0111\u01b0\u1ee3c bi\u1ebft \u0111\u1ebfn nh\u01b0 m\u1ed9t \u201csi\u00eau th\u1ef1c ph\u1ea9m\u201d \u0111\u01b0\u1ee3c s\u0103n \u0111\u00f3n tr\u00ean to\u00e0n th\u1ebf gi\u1edbi b\u1edfi c\u00e1c \u0111\u1eb7c t\u00ednh qu\u00fd gi\u00e1 cho s\u1ee9c kh\u1ecfe. Kh\u00f4ng ch\u1ec9 \u0111\u01a1n thu\u1ea7n l\u00e0 m\u1eadt ong, Manuka c\u00f2n\u00a0<em><strong>s\u1edf h\u1eefu ho\u1ea1t t\u00ednh sinh h\u1ecdc cao<\/strong><\/em>\u00a0nh\u1edd\u00a0<strong><em>h\u1ee3p ch\u1ea5t methylglyoxal (MGO)<\/em><\/strong>\u00a0\u2013 ch\u1ea5t c\u00f3 \u0111\u1eb7c t\u00ednh kh\u00e1ng khu\u1ea9n m\u1ea1nh m\u1ebd. Trong s\u1ed1 c\u00e1c th\u01b0\u01a1ng hi\u1ec7u n\u1ed5i b\u1eadt tr\u00ean th\u1ecb tr\u01b0\u1eddng hi\u1ec7n nay,\u00a0<em><strong>Barnes Naturals<\/strong><\/em>\u00a0l\u00e0 c\u00e1i t\u00ean \u0111\u01b0\u1ee3c tin t\u01b0\u1edfng t\u1ea1i \u00dac nh\u1edd v\u00e0o quy tr\u00ecnh khai th\u00e1c chu\u1ea9n m\u1ef1c v\u00e0 cam k\u1ebft ch\u1ea5t l\u01b0\u1ee3ng t\u1eeb ngu\u1ed3n hoa Manuka nguy\u00ean b\u1ea3n.<\/p>\n<p data-start=\"647\" data-end=\"1128\"><img fetchpriority=\"high\" decoding=\"async\" class=\"aligncenter wp-image-41371\" src=\"https:\/\/havamall.com\/wp-content\/uploads\/2025\/07\/334298124_1301713707224309_5893188396743946187_n.png\" alt=\"\" width=\"801\" height=\"801\" \/><\/p>\n<p data-start=\"1130\" data-end=\"1594\"><strong><em>M\u1eadt Ong Manuka Ho\u1ea1t T\u00ednh MGO 100+ Barnes Naturals 250g<\/em><\/strong>\u00a0l\u00e0 l\u1ef1a ch\u1ecdn l\u00fd t\u01b0\u1edfng cho nh\u1eefng ai \u0111ang t\u00ecm ki\u1ebfm m\u1ed9t lo\u1ea1i m\u1eadt ong v\u1eeba c\u00f3 th\u1ec3 b\u1ed5 sung dinh d\u01b0\u1ee1ng m\u1ed7i ng\u00e0y, v\u1eeba h\u1ed7 tr\u1ee3 t\u0103ng c\u01b0\u1eddng mi\u1ec5n d\u1ecbch v\u00e0 b\u1ea3o v\u1ec7 c\u01a1 th\u1ec3 tr\u01b0\u1edbc c\u00e1c t\u00e1c nh\u00e2n g\u00e2y h\u1ea1i t\u1eeb m\u00f4i tr\u01b0\u1eddng. MGO 100+ t\u01b0\u01a1ng \u0111\u01b0\u01a1ng v\u1edbi NPA (Non-Peroxide Activity) c\u1ea5p \u0111\u1ed9 6+, cho th\u1ea5y \u0111\u00e2y l\u00e0 lo\u1ea1i m\u1eadt ong c\u00f3 ho\u1ea1t t\u00ednh sinh h\u1ecdc \u1edf m\u1ee9c \u0111\u00e1ng k\u1ec3 \u2013\u00a0<strong><em>ph\u00f9 h\u1ee3p \u0111\u1ec3 s\u1eed d\u1ee5ng h\u00e0ng ng\u00e0y nh\u01b0 m\u1ed9t ph\u01b0\u01a1ng th\u1ee9c t\u0103ng c\u01b0\u1eddng s\u1ee9c \u0111\u1ec1 kh\u00e1ng t\u1ef1 nhi\u00ean<\/em><\/strong>.<\/p>\n<p data-start=\"1130\" data-end=\"1594\"><img decoding=\"async\" class=\"aligncenter wp-image-41373\" src=\"https:\/\/havamall.com\/wp-content\/uploads\/2025\/07\/70292308_2618023864875134_7312557046590362609_n.jpg\" alt=\"\" width=\"800\" height=\"533\" \/><\/p>\n<p data-start=\"1596\" data-end=\"2064\">M\u1ed9t trong nh\u1eefng \u0111i\u1ec3m kh\u00e1c bi\u1ec7t \u0111\u00e1ng ch\u00fa \u00fd c\u1ee7a Barnes Naturals l\u00e0 cam k\u1ebft kh\u00f4ng pha tr\u1ed9n, kh\u00f4ng qua x\u1eed l\u00fd nhi\u1ec7t l\u00e0m m\u1ea5t ch\u1ea5t, gi\u1eef nguy\u00ean v\u1eb9n gi\u00e1 tr\u1ecb sinh h\u1ecdc trong t\u1eebng gi\u1ecdt m\u1eadt. M\u1eadt \u0111\u01b0\u1ee3c thu ho\u1ea1ch t\u1eeb c\u00e1c v\u00f9ng hoa Manuka hoang d\u00e3, n\u01a1i kh\u00f4ng c\u00f3 can thi\u1ec7p h\u00f3a ch\u1ea5t hay nu\u00f4i tr\u1ed3ng nh\u00e2n t\u1ea1o.\u00a0<strong><em>H\u01b0\u01a1ng th\u01a1m m\u1ea1nh m\u1ebd, h\u1eadu v\u1ecb h\u01a1i cay nh\u1eb9 \u0111\u1eb7c tr\u01b0ng v\u00e0 \u0111\u1ed9 s\u00e1nh m\u1ecbn t\u1ef1 nhi\u00ean<\/em>\u00a0<\/strong>l\u00e0 nh\u1eefng y\u1ebfu t\u1ed1 gi\u00fap m\u1eadt ong Manuka t\u1eeb th\u01b0\u01a1ng hi\u1ec7u n\u00e0y tr\u1edf n\u00ean d\u1ec5 nh\u1eadn bi\u1ebft v\u00e0 \u0111\u01b0\u1ee3c gi\u1edbi ti\u00eau d\u00f9ng tin ch\u1ecdn.<\/p>\n<p data-start=\"1596\" data-end=\"2064\"><img decoding=\"async\" class=\"aligncenter wp-image-41372\" src=\"https:\/\/havamall.com\/wp-content\/uploads\/2025\/07\/342196958_1023193482019303_8608695090670483633_n.png\" alt=\"\" width=\"800\" height=\"1000\" \/><\/p>\n<p data-start=\"2066\" data-end=\"2346\">S\u1ea3n ph\u1ea9m th\u00edch h\u1ee3p\u00a0<em><strong>d\u00f9ng tr\u1ef1c ti\u1ebfp m\u1ed7i s\u00e1ng<\/strong><\/em>\u00a0\u2013 m\u1ed9t th\u00eca c\u00e0 ph\u00ea\u00a0<strong><em>gi\u00fap c\u1ed5 h\u1ecdng d\u1ecbu nh\u1eb9, l\u00e0m s\u1ea1ch \u0111\u01b0\u1eddng h\u00f4 h\u1ea5p, h\u1ed7 tr\u1ee3 ti\u00eau h\u00f3a.<\/em><\/strong>\u00a0Ngo\u00e0i ra, m\u1eadt ong Manuka c\u00f2n \u0111\u01b0\u1ee3c \u1ee9ng d\u1ee5ng trong ch\u0103m s\u00f3c da \u2013 l\u00e0m d\u1ecbu t\u1ed5n th\u01b0\u01a1ng, gi\u1ea3m vi\u00eam, kh\u00e1ng khu\u1ea9n t\u1ea1i ch\u1ed7 ho\u1eb7c k\u1ebft h\u1ee3p c\u00f9ng m\u1eb7t n\u1ea1 d\u01b0\u1ee1ng da t\u1ef1 nhi\u00ean.<\/p>\n<p data-start=\"2066\" data-end=\"2346\"><img loading=\"lazy\" decoding=\"async\" class=\"aligncenter wp-image-41374\" src=\"https:\/\/havamall.com\/wp-content\/uploads\/2025\/07\/480294036_1025019769646018_932094211193545121_n.jpg\" alt=\"\" width=\"800\" height=\"573\" \/><\/p>\n<p data-start=\"2348\" data-end=\"2676\">Trong th\u1ebf gi\u1edbi hi\u1ec7n \u0111\u1ea1i, n\u01a1i s\u1ee9c kh\u1ecfe ng\u00e0y c\u00e0ng \u0111\u01b0\u1ee3c \u01b0u ti\u00ean, vi\u1ec7c l\u1ef1a ch\u1ecdn c\u00e1c nguy\u00ean li\u1ec7u t\u1ef1 nhi\u00ean, c\u00f3 gi\u00e1 tr\u1ecb b\u1ea3o v\u1ec7 c\u01a1 th\u1ec3 th\u1ef1c s\u1ef1 l\u00e0 m\u1ed9t xu h\u01b0\u1edbng t\u00edch c\u1ef1c. M\u1eadt Ong Manuka Ho\u1ea1t T\u00ednh MGO 100+ c\u1ee7a Barnes Naturals kh\u00f4ng ch\u1ec9 l\u00e0 m\u1ed9t lo\u1ea1i m\u1eadt ng\u1ecdt, m\u00e0 c\u00f2n l\u00e0 ngu\u1ed3n dinh d\u01b0\u1ee1ng c\u00f3 l\u1ee3i cho c\u1ea3 gia \u0111\u00ecnh, t\u1eeb tr\u1ebb nh\u1ecf \u0111\u1ebfn ng\u01b0\u1eddi l\u1edbn tu\u1ed5i.<\/p>\n<p data-start=\"2348\" data-end=\"2676\"><img loading=\"lazy\" decoding=\"async\" class=\"aligncenter wp-image-41375\" src=\"https:\/\/havamall.com\/wp-content\/uploads\/2025\/07\/481317202_1037764495038212_8833300229868431439_n.jpg\" alt=\"\" width=\"801\" height=\"534\" \/><\/p>\n<p data-start=\"2678\" data-end=\"2975\">Hi\u1ec7n s\u1ea3n ph\u1ea9m \u0111ang \u0111\u01b0\u1ee3c ph\u00e2n ph\u1ed1i ch\u00ednh h\u00e3ng t\u1ea1i\u00a0<strong data-start=\"2727\" data-end=\"2739\">Havamall<\/strong>, b\u1ea3o \u0111\u1ea3m ch\u1ea5t l\u01b0\u1ee3ng nh\u1eadp kh\u1ea9u t\u1eeb \u00dac v\u00e0 \u0111\u1ea7y \u0111\u1ee7 ch\u1ee9ng nh\u1eadn uy t\u00edn v\u1ec1 h\u00e0m l\u01b0\u1ee3ng ho\u1ea1t t\u00ednh. \u0110\u00e2y l\u00e0 th\u1eddi \u0111i\u1ec3m l\u00fd t\u01b0\u1edfng \u0111\u1ec3 b\u1ed5 sung v\u00e0o ch\u1ebf \u0111\u1ed9 ch\u0103m s\u00f3c s\u1ee9c kh\u1ecfe m\u1ed7i ng\u00e0y b\u1eb1ng m\u1ed9t lo\u1ea1i m\u1eadt ong v\u1eeba ngon mi\u1ec7ng v\u1eeba gi\u00e0u l\u1ee3i \u00edch sinh h\u1ecdc th\u1ef1c th\u1ee5.<\/p>","protected":false},"excerpt":{"rendered":"<p>TH\u00d4NG TIN S\u1ea2N PH\u1ea8M Th\u01b0\u01a1ng hi\u1ec7u Barnes Naturals Xu\u1ea5t x\u1ee9 \u00dac Th\u00e0nh ph\u1ea7n Xem tr\u00ean bao b\u00ec H\u1ea1n s\u1eed d\u1ee5ng<\/p>","protected":false},"featured_media":40317,"comment_status":"open","ping_status":"closed","template":"","meta":[],"product_brand":[],"product_cat":[677,255,131],"product_tag":[],"class_list":{"0":"post-40316","1":"product","2":"type-product","3":"status-publish","4":"has-post-thumbnail","6":"product_cat-cac-nuoc-khac","7":"product_cat-nguyen-lieu-lam-banh","8":"product_cat-nguyen-lieu-lam-bep","10":"first","11":"outofstock","12":"sale","13":"shipping-taxable","14":"purchasable","15":"product-type-simple"},"_links":{"self":[{"href":"https:\/\/havamall.vn\/en\/wp-json\/wp\/v2\/product\/40316"}],"collection":[{"href":"https:\/\/havamall.vn\/en\/wp-json\/wp\/v2\/product"}],"about":[{"href":"https:\/\/havamall.vn\/en\/wp-json\/wp\/v2\/types\/product"}],"replies":[{"embeddable":true,"href":"https:\/\/havamall.vn\/en\/wp-json\/wp\/v2\/comments?post=40316"}],"version-history":[{"count":0,"href":"https:\/\/havamall.vn\/en\/wp-json\/wp\/v2\/product\/40316\/revisions"}],"wp:featuredmedia":[{"embeddable":true,"href":"https:\/\/havamall.vn\/en\/wp-json\/wp\/v2\/media\/40317"}],"wp:attachment":[{"href":"https:\/\/havamall.vn\/en\/wp-json\/wp\/v2\/media?parent=40316"}],"wp:term":[{"taxonomy":"product_brand","embeddable":true,"href":"https:\/\/havamall.vn\/en\/wp-json\/wp\/v2\/product_brand?post=40316"},{"taxonomy":"product_cat","embeddable":true,"href":"https:\/\/havamall.vn\/en\/wp-json\/wp\/v2\/product_cat?post=40316"},{"taxonomy":"product_tag","embeddable":true,"href":"https:\/\/havamall.vn\/en\/wp-json\/wp\/v2\/product_tag?post=40316"}],"curies":[{"name":"wp","href":"https:\/\/api.w.org\/{rel}","templated":true}]}}