{"id":40296,"date":"2025-07-25T14:07:44","date_gmt":"2025-07-25T07:07:44","guid":{"rendered":"https:\/\/havamall.vn\/?post_type=product&#038;p=40296"},"modified":"2025-07-25T14:07:57","modified_gmt":"2025-07-25T07:07:57","slug":"kem-mingo-vi-dua-co-dien-hu-60g-classic-coconut-ice-cream-mingo","status":"publish","type":"product","link":"https:\/\/havamall.vn\/en\/shop\/kem-mingo-vi-dua-co-dien-hu-60g-classic-coconut-ice-cream-mingo\/","title":{"rendered":"Kem Mingo V\u1ecb D\u1eeba C\u1ed5 \u0110i\u1ec3n H\u0169 60g \u2013 Classic Coconut Ice Cream Mingo"},"content":{"rendered":"<blockquote>\n<h3 data-start=\"165\" data-end=\"191\"><span style=\"font-size: 18pt\"><em><strong data-start=\"169\" data-end=\"191\">TH\u00d4NG TIN S\u1ea2N PH\u1ea8M<\/strong><\/em><\/span><\/h3>\n<\/blockquote>\n<table class=\"w-fit min-w-(--thread-content-width)\" style=\"width: 70.584%;height: 144px\" data-start=\"412\" data-end=\"846\">\n<thead data-start=\"412\" data-end=\"467\">\n<tr data-start=\"412\" data-end=\"467\">\n<th data-start=\"412\" data-end=\"431\" data-col-size=\"sm\">Th\u01b0\u01a1ng hi\u1ec7u<\/th>\n<th data-start=\"431\" data-end=\"467\" data-col-size=\"md\">Mingo<\/th>\n<\/tr>\n<\/thead>\n<tbody data-start=\"524\" data-end=\"846\">\n<tr data-start=\"524\" data-end=\"579\">\n<td data-start=\"524\" data-end=\"543\" data-col-size=\"sm\">Xu\u1ea5t x\u1ee9<\/td>\n<td data-col-size=\"md\" data-start=\"543\" data-end=\"579\">Th\u00e1i Lan<\/td>\n<\/tr>\n<tr data-start=\"580\" data-end=\"678\">\n<td data-start=\"580\" data-end=\"599\" data-col-size=\"sm\">Th\u00e0nh ph\u1ea7n<\/td>\n<td data-col-size=\"md\" data-start=\"599\" data-end=\"678\">Kem s\u1eefa, b\u1ed9t cacao, s\u00f4 c\u00f4 la chip, \u0111\u01b0\u1eddng, ch\u1ea5t \u1ed5n \u0111\u1ecbnh, h\u01b0\u01a1ng li\u1ec7u t\u1ef1 nhi\u00ean<\/td>\n<\/tr>\n<tr data-start=\"679\" data-end=\"734\">\n<td data-start=\"679\" data-end=\"698\" data-col-size=\"sm\">H\u1ea1n s\u1eed d\u1ee5ng<\/td>\n<td data-col-size=\"md\" data-start=\"698\" data-end=\"734\">18 th\u00e1ng k\u1ec3 t\u1eeb NSX<\/td>\n<\/tr>\n<tr data-start=\"735\" data-end=\"790\">\n<td data-start=\"735\" data-end=\"754\" data-col-size=\"sm\">B\u1ea3o qu\u1ea3n<\/td>\n<td data-col-size=\"md\" data-start=\"754\" data-end=\"790\">\u1ede nhi\u1ec7t \u0111\u1ed9 -18\u00b0C ho\u1eb7c th\u1ea5p h\u01a1n<\/td>\n<\/tr>\n<tr data-start=\"791\" data-end=\"846\">\n<td data-start=\"791\" data-end=\"810\" data-col-size=\"sm\">Quy c\u00e1ch<\/td>\n<td data-col-size=\"md\" data-start=\"810\" data-end=\"846\">H\u1ed9p 60g<\/td>\n<\/tr>\n<\/tbody>\n<\/table>\n<p data-start=\"261\" data-end=\"762\"><em><strong>Mingo<\/strong>\u00a0<\/em>\u2013 th\u01b0\u01a1ng hi\u1ec7u kem n\u1ed5i ti\u1ebfng \u0111\u1ebfn t\u1eeb Th\u00e1i Lan \u2013 t\u1eeb l\u00e2u \u0111\u00e3 t\u1ea1o d\u1ef1ng \u0111\u01b0\u1ee3c v\u1ecb th\u1ebf v\u1eefng ch\u1eafc trong l\u00f2ng ng\u01b0\u1eddi y\u00eau th\u00edch m\u00f3n tr\u00e1ng mi\u1ec7ng l\u1ea1nh. V\u1edbi tri\u1ebft l\u00fd k\u1ebft h\u1ee3p gi\u1eefa ch\u1ea5t l\u01b0\u1ee3ng nguy\u00ean li\u1ec7u v\u00e0 h\u01b0\u01a1ng v\u1ecb truy\u1ec1n th\u1ed1ng ch\u00e2u \u00c1, Mingo kh\u00f4ng ng\u1eebng \u0111\u1ed5i m\u1edbi \u0111\u1ec3 mang \u0111\u1ebfn nh\u1eefng tr\u1ea3i nghi\u1ec7m m\u00e1t l\u1ea1nh \u0111\u1ea7y c\u1ea3m h\u1ee9ng. C\u00e1c d\u00f2ng kem c\u1ee7a Mingo \u0111\u01b0\u1ee3c s\u1ea3n xu\u1ea5t tr\u00ean d\u00e2y chuy\u1ec1n hi\u1ec7n \u0111\u1ea1i, \u0111\u1ea1t ti\u00eau chu\u1ea9n an to\u00e0n th\u1ef1c ph\u1ea9m qu\u1ed1c t\u1ebf, v\u1edbi th\u00e0nh ph\u1ea7n t\u1ef1 nhi\u00ean t\u1eeb s\u1eefa t\u01b0\u01a1i, tr\u00e1i c\u00e2y th\u1eadt v\u00e0 h\u01b0\u01a1ng v\u1ecb \u0111\u1eb7c tr\u01b0ng t\u1eebng v\u00f9ng nhi\u1ec7t \u0111\u1edbi.<\/p>\n<p data-start=\"261\" data-end=\"762\"><img fetchpriority=\"high\" decoding=\"async\" class=\"aligncenter\" src=\"https:\/\/scontent.fsgn19-1.fna.fbcdn.net\/v\/t39.30808-6\/354471451_597347722465769_721551063934764879_n.png?_nc_cat=101&amp;ccb=1-7&amp;_nc_sid=6ee11a&amp;_nc_ohc=Emkzh6mAgX0Q7kNvwHoDFBw&amp;_nc_oc=Adkwozap7G8Q6GBU8HAWxov_Iz2BbS1731UdD-wB1wnaJz0kzRZtxS7Qo-vYrt_6Bo97dgo32LWawXhv7bs1Cf9Z&amp;_nc_zt=23&amp;_nc_ht=scontent.fsgn19-1.fna&amp;_nc_gid=N2e5Typ9qGBNdj8CNEmS2Q&amp;oh=00_AfSTEXeyWLC3OzLaE5zby-RxuchNrYCZgvwPTAkoy5ejsw&amp;oe=6888CD70\" alt=\"Kh\u00f4ng c\u00f3 m\u00f4 t\u1ea3 \u1ea3nh.\" width=\"800\" height=\"800\" \/><\/p>\n<p data-start=\"764\" data-end=\"1148\">M\u1ed9t trong nh\u1eefng l\u1ef1a ch\u1ecdn \u0111\u01b0\u1ee3c y\u00eau th\u00edch nh\u1ea5t c\u1ee7a th\u01b0\u01a1ng hi\u1ec7u n\u00e0y ch\u00ednh l\u00e0\u00a0<strong data-start=\"838\" data-end=\"867\">Kem Classic D\u1eeba Mingo 60g<\/strong>\u00a0\u2013 vi\u00ean ng\u1ecdc gi\u1eefa l\u00f2ng m\u00f9a h\u00e8, g\u1ee3i nh\u1edb \u0111\u1ebfn nh\u1eefng b\u00e3i bi\u1ec3n n\u1eafng v\u00e0ng v\u00e0 l\u00e0n gi\u00f3 m\u1eb7n m\u00e0 c\u1ee7a v\u00f9ng nhi\u1ec7t \u0111\u1edbi. H\u01b0\u01a1ng d\u1eeba t\u1ef1 nhi\u00ean t\u1eeb n\u01b0\u1edbc c\u1ed1t v\u00e0 c\u01a1m d\u1eeba b\u00e9o th\u01a1m \u0111\u01b0\u1ee3c ch\u1ecdn l\u1ecdc k\u1ef9 l\u01b0\u1ee1ng, k\u1ebft h\u1ee3p c\u00f9ng v\u1ecb s\u1eefa d\u1ecbu nh\u1eb9, t\u1ea1o n\u00ean thanh \u00e2m ng\u1ecdt ng\u00e0o c\u1ee7a thi\u00ean nhi\u00ean tan ch\u1ea3y trong t\u1eebng que kem.<\/p>\n<p data-start=\"764\" data-end=\"1148\"><img decoding=\"async\" class=\"aligncenter\" src=\"https:\/\/havamall.com\/wp-content\/uploads\/2025\/07\/toasted.coconut.ice.jpg\" alt=\"Philly-Style Toasted Coconut Ice Cream \u2014 ButterYum \u2014 a tasty little food  blog\" width=\"800\" height=\"530\" \/><\/p>\n<p data-start=\"1150\" data-end=\"1478\"><em><strong>K\u1ebft c\u1ea5u kem m\u1ecbn m\u01b0\u1ee3t<\/strong><\/em>\u00a0nh\u01b0ng kh\u00f4ng h\u1ec1 \u0111\u1eb7c qu\u00e1nh, gi\u00fap m\u1ed7i mi\u1ebfng \u0111\u1ec1u d\u1ec5 d\u00e0ng tan tr\u00ean \u0111\u1ea7u l\u01b0\u1ee1i m\u00e0 kh\u00f4ng g\u00e2y c\u1ea3m gi\u00e1c ng\u1ea5y. Kh\u00f4ng nh\u01b0 nhi\u1ec1u lo\u1ea1i kem kh\u00e1c d\u1ec5 b\u1ecb ng\u1ecdt g\u1eaft ho\u1eb7c b\u00e9o n\u1eb7ng, phi\u00ean b\u1ea3n v\u1ecb d\u1eeba c\u1ee7a Mingo \u0111\u1ea1t \u0111\u1ebfn s\u1ef1 c\u00e2n b\u1eb1ng l\u00fd t\u01b0\u1edfng gi\u1eefa \u0111\u1ed9 b\u00e9o, ng\u1ecdt v\u00e0 m\u00e1t l\u1ea1nh \u2013 khi\u1ebfn ng\u01b0\u1eddi th\u01b0\u1edfng th\u1ee9c lu\u00f4n c\u1ea3m th\u1ea5y nh\u1eb9 nh\u00e0ng, s\u1ea3ng kho\u00e1i.<\/p>\n<p data-start=\"1480\" data-end=\"1852\">\u0110i\u1ec3m nh\u1ea5n \u0111\u1ed9c \u0111\u00e1o n\u1eb1m \u1edf ph\u1ea7n c\u01a1m d\u1eeba xay nhuy\u1ec5n \u0111\u01b0\u1ee3c h\u00f2a quy\u1ec7n tr\u1ef1c ti\u1ebfp v\u00e0o kem. T\u1eebng th\u1edb d\u1eeba m\u1ec1m, th\u01a1m v\u00e0 tho\u1ea3ng m\u00f9i bi\u1ec3n kh\u01a1i, nh\u01b0 \u0111\u00e1nh th\u1ee9c nh\u1eefng k\u00fd \u1ee9c tu\u1ed5i th\u01a1 v\u1edbi m\u00f3n d\u1eeba t\u01b0\u01a1i ven \u0111\u01b0\u1eddng hay nh\u1eefng ly ch\u00e8 d\u1eeba m\u00e1t l\u1ea1nh ng\u00e0y h\u00e8. Thi\u1ebft k\u1ebf d\u1ea1ng que ti\u1ec7n l\u1ee3i, v\u1eeba v\u1eb7n trong l\u00f2ng b\u00e0n tay gi\u00fap s\u1ea3n ph\u1ea9m tr\u1edf th\u00e0nh m\u00f3n \u0103n v\u1eb7t l\u00fd t\u01b0\u1edfng cho m\u1ecdi \u0111\u1ed9 tu\u1ed5i \u2013 t\u1eeb tr\u1ebb em \u0111\u1ebfn ng\u01b0\u1eddi l\u1edbn.<\/p>\n<p data-start=\"1480\" data-end=\"1852\"><img decoding=\"async\" class=\"aligncenter\" src=\"https:\/\/havamall.com\/wp-content\/uploads\/2025\/07\/Ninja-Creami-Coconut-Ice-Cream.jpg\" alt=\"Ninja Creami Coconut Ice Cream\" width=\"801\" height=\"801\" \/><\/p>\n<blockquote>\n<h4 data-start=\"1854\" data-end=\"1908\"><strong><em><span style=\"font-size: 18pt\">Nh\u1eefng G\u1ee3i \u00dd Th\u01b0\u1edfng Th\u1ee9c M\u1edbi L\u1ea1 C\u00f9ng Kem D\u1eeba Mingo<\/span><\/em><\/strong><\/h4>\n<\/blockquote>\n<p data-start=\"1910\" data-end=\"2493\">\u2013\u00a0<strong data-start=\"1912\" data-end=\"1938\">K\u1eb9p Gi\u1eefa B\u00e1nh Quy Gi\u00f2n<\/strong>: Que kem d\u1eeba khi k\u1eb9p gi\u1eefa hai l\u1edbp b\u00e1nh quy y\u1ebfn m\u1ea1ch t\u1ea1o n\u00ean m\u00f3n b\u00e1nh k\u1eb9p m\u00e1t l\u1ea1nh \u0111\u1ed9c \u0111\u00e1o, th\u00edch h\u1ee3p l\u00e0m m\u00f3n tr\u00e1ng mi\u1ec7ng cu\u1ed1i b\u1eefa \u0103n.<br data-start=\"2072\" data-end=\"2075\" \/>\u2013\u00a0<strong data-start=\"2077\" data-end=\"2103\">R\u1eafc Th\u00eam H\u1ea1t \u0110i\u1ec1u Rang<\/strong>: V\u1ecb b\u00f9i b\u00e9o c\u1ee7a h\u1ea1t \u0111i\u1ec1u k\u1ebft h\u1ee3p c\u00f9ng kem d\u1eeba s\u1ebd mang l\u1ea1i chi\u1ec1u s\u00e2u h\u01b0\u01a1ng v\u1ecb r\u1ea5t ri\u00eang, g\u1ee3i nh\u1edb c\u00e1c m\u00f3n tr\u00e1ng mi\u1ec7ng truy\u1ec1n th\u1ed1ng \u0110\u00f4ng Nam \u00c1.<br data-start=\"2244\" data-end=\"2247\" \/>\u2013\u00a0<strong data-start=\"2249\" data-end=\"2271\">\u0102n K\u00e8m Chu\u1ed1i N\u01b0\u1edbng<\/strong>: \u0110\u1eb7t m\u1ed9t que kem b\u00ean c\u1ea1nh ph\u1ea7n chu\u1ed1i n\u01b0\u1edbng th\u01a1m l\u1eebng s\u1ebd t\u1ea1o th\u00e0nh m\u00f3n &#8220;kem chu\u1ed1i c\u00e1ch t\u00e2n&#8221; \u0111\u1ea7y s\u00e1ng t\u1ea1o.<br data-start=\"2376\" data-end=\"2379\" \/>\u2013\u00a0<strong data-start=\"2381\" data-end=\"2406\">Th\u00eam V\u00e0i L\u00e1t D\u1ee9a T\u01b0\u01a1i<\/strong>: H\u01b0\u01a1ng th\u01a1m d\u1ee9a k\u1ebft h\u1ee3p v\u1edbi kem d\u1eeba khi\u1ebfn m\u00f3n \u0103n c\u00e0ng tr\u1edf n\u00ean nhi\u1ec7t \u0111\u1edbi v\u00e0 s\u1ea3ng kho\u00e1i.<\/p>\n<p data-start=\"1910\" data-end=\"2493\"><img loading=\"lazy\" decoding=\"async\" class=\"aligncenter\" src=\"https:\/\/havamall.com\/wp-content\/uploads\/2025\/07\/thai-sweet-dessert-coconut-ice-cream-with-bread-free-photo.jpg\" alt=\"Thai sweet dessert. Coconut ice cream with bread 7322732 Stock Photo at  Vecteezy\" width=\"801\" height=\"534\" \/><\/p>\n<h4 data-start=\"2495\" data-end=\"2529\">H\u01af\u1edaNG D\u1eaaN S\u1eec D\u1ee4NG V\u00c0 B\u1ea2O QU\u1ea2N<\/h4>\n<p data-start=\"2531\" data-end=\"2685\">\u2013 C\u00e1ch d\u00f9ng: \u0102n tr\u1ef1c ti\u1ebfp sau khi l\u1ea5y ra t\u1eeb ng\u0103n \u0111\u00e1. Kh\u00f4ng t\u00e1i \u0111\u00f4ng l\u1ea1i sau khi kem \u0111\u00e3 r\u00e3.<br data-start=\"2621\" data-end=\"2624\" \/>\u2013 B\u1ea3o qu\u1ea3n: Gi\u1eef l\u1ea1nh \u1edf -18\u00b0C ho\u1eb7c ng\u0103n \u0111\u00f4ng t\u1ee7 l\u1ea1nh gia \u0111\u00ecnh.<\/p>\n<p data-start=\"2692\" data-end=\"2983\">Hi\u1ec7n nay,\u00a0<strong data-start=\"2702\" data-end=\"2765\">Kem Classic D\u1eeba Mingo 60g \u2013 Mingo Classic Coconut Ice Cream<\/strong>\u00a0\u0111\u00e3 c\u00f3 m\u1eb7t t\u1ea1i\u00a0<strong data-start=\"2780\" data-end=\"2792\">Havamall<\/strong>\u00a0\u2013 n\u01a1i cung c\u1ea5p h\u00e0ng ch\u00ednh h\u00e3ng v\u1edbi d\u1ecbch v\u1ee5 giao h\u00e0ng nhanh v\u00e0 ti\u1ec7n l\u1ee3i. \u0110\u1eebng b\u1ecf l\u1ee1 c\u01a1 h\u1ed9i kh\u00e1m ph\u00e1 h\u01b0\u01a1ng v\u1ecb nhi\u1ec7t \u0111\u1edbi \u0111\u1ea7y m\u00ea ho\u1eb7c n\u00e0y cho m\u00f9a h\u00e8 tr\u1edf n\u00ean m\u00e1t l\u1ea1nh v\u00e0 \u0111\u00e1ng nh\u1edb h\u01a1n bao gi\u1edd h\u1ebft!<\/p>","protected":false},"excerpt":{"rendered":"<p>TH\u00d4NG TIN S\u1ea2N PH\u1ea8M Th\u01b0\u01a1ng hi\u1ec7u Mingo Xu\u1ea5t x\u1ee9 Th\u00e1i Lan Th\u00e0nh ph\u1ea7n Kem s\u1eefa, b\u1ed9t cacao, s\u00f4 c\u00f4 la<\/p>","protected":false},"featured_media":40297,"comment_status":"open","ping_status":"closed","template":"","meta":[],"product_brand":[],"product_cat":[677,684],"product_tag":[],"class_list":{"0":"post-40296","1":"product","2":"type-product","3":"status-publish","4":"has-post-thumbnail","6":"product_cat-cac-nuoc-khac","7":"product_cat-kem-lanh","9":"first","10":"instock","11":"sale","12":"shipping-taxable","13":"purchasable","14":"product-type-simple"},"_links":{"self":[{"href":"https:\/\/havamall.vn\/en\/wp-json\/wp\/v2\/product\/40296"}],"collection":[{"href":"https:\/\/havamall.vn\/en\/wp-json\/wp\/v2\/product"}],"about":[{"href":"https:\/\/havamall.vn\/en\/wp-json\/wp\/v2\/types\/product"}],"replies":[{"embeddable":true,"href":"https:\/\/havamall.vn\/en\/wp-json\/wp\/v2\/comments?post=40296"}],"version-history":[{"count":0,"href":"https:\/\/havamall.vn\/en\/wp-json\/wp\/v2\/product\/40296\/revisions"}],"wp:featuredmedia":[{"embeddable":true,"href":"https:\/\/havamall.vn\/en\/wp-json\/wp\/v2\/media\/40297"}],"wp:attachment":[{"href":"https:\/\/havamall.vn\/en\/wp-json\/wp\/v2\/media?parent=40296"}],"wp:term":[{"taxonomy":"product_brand","embeddable":true,"href":"https:\/\/havamall.vn\/en\/wp-json\/wp\/v2\/product_brand?post=40296"},{"taxonomy":"product_cat","embeddable":true,"href":"https:\/\/havamall.vn\/en\/wp-json\/wp\/v2\/product_cat?post=40296"},{"taxonomy":"product_tag","embeddable":true,"href":"https:\/\/havamall.vn\/en\/wp-json\/wp\/v2\/product_tag?post=40296"}],"curies":[{"name":"wp","href":"https:\/\/api.w.org\/{rel}","templated":true}]}}