{"id":40274,"date":"2025-07-25T09:34:30","date_gmt":"2025-07-25T02:34:30","guid":{"rendered":"https:\/\/havamall.vn\/?post_type=product&#038;p=40274"},"modified":"2025-07-25T09:34:30","modified_gmt":"2025-07-25T02:34:30","slug":"thach-dua-vien-thom-nhu-quynh-1-kg-coconut-cube-jelly-nhu-quynh","status":"publish","type":"product","link":"https:\/\/havamall.vn\/en\/shop\/thach-dua-vien-thom-nhu-quynh-1-kg-coconut-cube-jelly-nhu-quynh\/","title":{"rendered":"Th\u1ea1ch D\u1eeba Vi\u00ean Th\u01a1m Nh\u01b0 Qu\u1ef3nh 1\u202fkg \u2013 Coconut Cube Jelly Nh\u01b0 Qu\u1ef3nh"},"content":{"rendered":"<blockquote>\n<h3 data-start=\"165\" data-end=\"191\"><em><strong data-start=\"169\" data-end=\"191\">TH\u00d4NG TIN S\u1ea2N PH\u1ea8M<\/strong><\/em><\/h3>\n<\/blockquote>\n<div class=\"_tableContainer_80l1q_1\">\n<div class=\"_tableWrapper_80l1q_14 group flex w-fit flex-col-reverse\">\n<table class=\"w-fit min-w-(--thread-content-width)\" style=\"width: 63.3522%\" data-start=\"92\" data-end=\"794\">\n<tbody data-start=\"287\" data-end=\"794\">\n<tr data-start=\"287\" data-end=\"383\">\n<td style=\"width: 21.5789%\" data-start=\"287\" data-end=\"308\" data-col-size=\"sm\"><strong data-start=\"289\" data-end=\"304\">Th\u01b0\u01a1ng hi\u1ec7u<\/strong><\/td>\n<td style=\"width: 91.4268%\" data-col-size=\"sm\" data-start=\"308\" data-end=\"383\">Nh\u01b0 Qu\u1ef3nh<\/td>\n<\/tr>\n<tr data-start=\"384\" data-end=\"481\">\n<td style=\"width: 21.5789%\" data-start=\"384\" data-end=\"405\" data-col-size=\"sm\"><strong data-start=\"386\" data-end=\"397\">Xu\u1ea5t x\u1ee9<\/strong><\/td>\n<td style=\"width: 91.4268%\" data-start=\"405\" data-end=\"481\" data-col-size=\"sm\">Vi\u1ec7t Nam<\/td>\n<\/tr>\n<tr data-start=\"482\" data-end=\"544\">\n<td style=\"width: 21.5789%\" data-start=\"482\" data-end=\"503\" data-col-size=\"sm\"><strong data-start=\"484\" data-end=\"498\">Th\u00e0nh ph\u1ea7n<\/strong><\/td>\n<td style=\"width: 91.4268%\" data-col-size=\"sm\" data-start=\"503\" data-end=\"544\"><span class=\"relative -mx-px my-[-0.2rem] rounded px-px py-[0.2rem] transition-colors duration-100 ease-in-out\">C\u00f9i th\u1ea1ch d\u1eeba, n\u01b0\u1edbc d\u1eeba, \u0111\u01b0\u1eddng c\u00e1t (kh\u00f4ng s\u1eed d\u1ee5ng \u0111\u01b0\u1eddng h\u00f3a h\u1ecdc)<\/span><\/td>\n<\/tr>\n<tr data-start=\"545\" data-end=\"629\">\n<td style=\"width: 21.5789%\" data-start=\"545\" data-end=\"588\" data-col-size=\"sm\"><span class=\"relative -mx-px my-[-0.2rem] rounded px-px py-[0.2rem] transition-colors duration-100 ease-in-out\"><strong data-start=\"0\" data-end=\"15\" data-is-last-node=\"\" data-is-only-node=\"\">H\u1ea1n s\u1eed d\u1ee5ng<\/strong><\/span><\/td>\n<td style=\"width: 91.4268%\" data-start=\"588\" data-end=\"629\" data-col-size=\"sm\"><span class=\"relative -mx-px my-[-0.2rem] rounded px-px py-[0.2rem] transition-colors duration-100 ease-in-out\">12 th\u00e1ng k\u1ec3 t\u1eeb ng\u00e0y s\u1ea3n xu\u1ea5t, th\u00f4ng tin in tr\u00ean bao b\u00ec\u00a0<\/span><\/td>\n<\/tr>\n<tr data-start=\"630\" data-end=\"712\">\n<td style=\"width: 21.5789%\" data-start=\"630\" data-end=\"671\" data-col-size=\"sm\"><span class=\"relative -mx-px my-[-0.2rem] rounded px-px py-[0.2rem] transition-colors duration-100 ease-in-out\"><strong data-start=\"0\" data-end=\"17\" data-is-last-node=\"\" data-is-only-node=\"\">C\u00e1ch b\u1ea3o qu\u1ea3n<\/strong><\/span><\/td>\n<td style=\"width: 91.4268%\" data-start=\"671\" data-end=\"712\" data-col-size=\"sm\"><span class=\"relative -mx-px my-[-0.2rem] rounded px-px py-[0.2rem] transition-colors duration-100 ease-in-out\">B\u1ea3o qu\u1ea3n n\u01a1i kh\u00f4 r\u00e1o, tho\u00e1ng m\u00e1t, tr\u00e1nh \u00e1nh n\u1eafng; \u0111\u1ec3 ng\u0103n m\u00e1t sau khi m\u1edf bao b\u00ec<\/span><\/td>\n<\/tr>\n<tr data-start=\"713\" data-end=\"794\">\n<td style=\"width: 21.5789%\" data-start=\"713\" data-end=\"753\" data-col-size=\"sm\"><span class=\"relative -mx-px my-[-0.2rem] rounded px-px py-[0.2rem] transition-colors duration-100 ease-in-out\"><strong data-start=\"0\" data-end=\"23\" data-is-last-node=\"\" data-is-only-node=\"\">Quy c\u00e1ch\/kh\u1ed1i l\u01b0\u1ee3ng<\/strong><\/span><\/td>\n<td style=\"width: 91.4268%\" data-col-size=\"sm\" data-start=\"753\" data-end=\"794\"><span class=\"relative -mx-px my-[-0.2rem] rounded px-px py-[0.2rem] transition-colors duration-100 ease-in-out\">T\u00fai 1\u202fkg, vi\u00ean th\u1ea1ch d\u1eeba to, dai v\u00e0 th\u01a1m t\u1ef1 nhi\u00ean<\/span><\/td>\n<\/tr>\n<\/tbody>\n<\/table>\n<p>Th\u1ea1ch d\u1eeba v\u1ed1n l\u00e0 topping quen thu\u1ed9c trong \u1ea9m th\u1ef1c gi\u1ea3i kh\u00e1t Vi\u1ec7t Nam. Tr\u00ean n\u1ec1n nhi\u1ec7t \u0111\u1edbi c\u1ee7a c\u00e1c v\u00f9ng qu\u00ea mi\u1ec1n Nam, lo\u1ea1i topping n\u00e0y tr\u1edf n\u00ean quen thu\u1ed9c trong ch\u00e8, tr\u00e0 s\u1eefa, sinh t\u1ed1&#8230; Th\u1ea1ch D\u1eeba Nh\u01b0 Qu\u1ef3nh 1\u202fkg \u0111\u00e3 ra \u0111\u1eddi t\u1eeb nhu c\u1ea7u k\u1ebft h\u1ee3p gi\u1eefa ti\u1ec7n l\u1ee3i v\u00e0 ch\u1ea5t l\u01b0\u1ee3ng, \u0111\u00e1p \u1ee9ng mong \u0111\u1ee3i v\u1ec1 topping m\u00e1t l\u1ea1nh, gi\u1eef \u0111\u01b0\u1ee3c \u0111\u1ed9 dai m\u1ec1m v\u00e0 v\u1ecb ng\u1ecdt thanh khi d\u00f9ng l\u1ea1nh.<\/p>\n<p><img fetchpriority=\"high\" decoding=\"async\" class=\"aligncenter  wp-image-41338\" src=\"https:\/\/havamall.com\/wp-content\/uploads\/2025\/07\/me-rim-thach-dua-4.jpg\" alt=\"\" width=\"800\" height=\"800\" \/><\/p>\n<blockquote>\n<h3 data-start=\"857\" data-end=\"908\"><span style=\"font-size: 18pt\"><strong><em>Th\u00e0nh ph\u1ea7n t\u1ef1 nhi\u00ean v\u00e0 c\u1ea3m gi\u00e1c khi th\u01b0\u1edfng th\u1ee9c<\/em><\/strong><\/span><\/h3>\n<\/blockquote>\n<p data-start=\"910\" data-end=\"1072\"><span class=\"relative -mx-px my-[-0.2rem] rounded px-px py-[0.2rem] transition-colors duration-100 ease-in-out\">\u2013 C\u00f9i th\u1ea1ch d\u1eeba k\u1ebft h\u1ee3p c\u00f9ng n\u01b0\u1edbc d\u1eeba nguy\u00ean ch\u1ea5t t\u1ea1o ra l\u1edbp th\u1ea1ch m\u1ecdng n\u01b0\u1edbc v\u00e0 gi\u00f2n dai.<\/span><br data-start=\"947\" data-end=\"950\" \/><span class=\"relative -mx-px my-[-0.2rem] rounded px-px py-[0.2rem] transition-colors duration-100 ease-in-out\">\u2013 \u0110\u01b0\u1eddng c\u00e1t \u0111\u01b0\u1ee3c s\u1eed d\u1ee5ng thu\u1ea7n t\u1ef1 nhi\u00ean, kh\u00f4ng c\u00f3 ch\u1ea5t t\u1ea1o m\u00e0u hay ch\u1ea5t t\u1ea1o ng\u1ecdt t\u1ed5ng h\u1ee3p.<\/span><br data-start=\"989\" data-end=\"992\" \/><span class=\"relative -mx-px my-[-0.2rem] rounded px-px py-[0.2rem] transition-colors duration-100 ease-in-out\">Th\u1ea1ch gi\u1eef \u0111\u01b0\u1ee3c h\u01b0\u01a1ng v\u1ecb t\u1ef1 nhi\u00ean, r\u00f5 n\u00e9t c\u1ee7a c\u00f9i d\u1eeba m\u00e0\u00a0<strong><em>kh\u00f4ng b\u1ecb ng\u1ecdt g\u1eaft<\/em><\/strong>, ph\u00f9 h\u1ee3p v\u1edbi xu h\u01b0\u1edbng ti\u00eau d\u00f9ng l\u00e0nh m\u1ea1nh hi\u1ec7n nay.\u00a0<\/span>H\u1ea1t th\u1ea1ch c\u00f3\u00a0<strong><em>k\u00edch th\u01b0\u1edbc l\u1edbn, \u0111\u1ed9 dai v\u1eeba ph\u1ea3i<\/em><\/strong>, khi k\u1ebft h\u1ee3p c\u00f9ng \u0111\u00e1 l\u1ea1nh hay \u0111\u1ed3 u\u1ed1ng t\u1ea1o c\u1ea3m gi\u00e1c m\u00e1t l\u1ea1nh, s\u1ea3ng kho\u00e1i. \u0110\u1ed9 gi\u1eef n\u01b0\u1edbc t\u1ed1t mang l\u1ea1i c\u1ea3m gi\u00e1c gi\u00f2n l\u00e2u v\u00e0 v\u1ecb m\u00e1t mi\u1ec7ng khi th\u01b0\u1edfng th\u1ee9c.<\/p>\n<p data-start=\"910\" data-end=\"1072\"><img decoding=\"async\" class=\"aligncenter  wp-image-41339\" src=\"https:\/\/havamall.com\/wp-content\/uploads\/2025\/07\/z6408659211743_077fb74ae61c23ba3f18adee11ae3287_dbc3280fe86748e3b3bc375b89690384.jpg\" alt=\"\" width=\"801\" height=\"566\" \/><\/p>\n<blockquote>\n<h3 data-start=\"1285\" data-end=\"1321\"><strong><em><span style=\"font-size: 18pt\">\u1ee8ng d\u1ee5ng trong c\u00f4ng th\u1ee9c \u1ea9m th\u1ef1c<\/span><\/em><\/strong><\/h3>\n<\/blockquote>\n<p data-start=\"1323\" data-end=\"1446\"><span class=\"relative -mx-px my-[-0.2rem] rounded px-px py-[0.2rem] transition-colors duration-100 ease-in-out\">\u2013 C\u00f3 th\u1ec3 d\u00f9ng l\u00e0m topping trong ch\u00e8, tr\u00e0 s\u1eefa, sinh t\u1ed1, tr\u00e0 tr\u00e1i c\u00e2y ho\u1eb7c s\u1eefa chua \u0111\u1ec3 t\u1ea1o th\u00eam \u0111\u1ed9 dai m\u1ec1m, m\u1ecdng m\u00e1t.<\/span><br data-start=\"1362\" data-end=\"1365\" \/><span class=\"relative -mx-px my-[-0.2rem] rounded px-px py-[0.2rem] transition-colors duration-100 ease-in-out\">\u2013 Th\u1ea1ch d\u1ec5 k\u1ebft h\u1ee3p c\u00f9ng c\u00e1c topping kh\u00e1c: tr\u00e2n ch\u00e2u, th\u1ed1t n\u1ed1t, s\u01b0\u01a1ng s\u00e1o\u2026 gi\u00fap t\u1ea1o n\u00ean tr\u1ea3i nghi\u1ec7m k\u1ebft c\u1ea5u \u0111a d\u1ea1ng.<\/span><br data-start=\"1404\" data-end=\"1407\" \/><span class=\"relative -mx-px my-[-0.2rem] rounded px-px py-[0.2rem] transition-colors duration-100 ease-in-out\">\u2013 C\u00f3 th\u1ec3 d\u00f9ng \u0111\u1ec3 l\u00e0m salad tr\u00e1i c\u00e2y ho\u1eb7c m\u00f3n tr\u00e1ng mi\u1ec7ng \u0111\u01a1n gi\u1ea3n k\u1ebft h\u1ee3p d\u1eeba t\u01b0\u01a1i, hoa qu\u1ea3 l\u1ea1nh.<\/span><\/p>\n<p data-start=\"1448\" data-end=\"1487\"><span class=\"relative -mx-px my-[-0.2rem] rounded px-px py-[0.2rem] transition-colors duration-100 ease-in-out\">S\u1ef1 linh ho\u1ea1t trong \u1ee9ng d\u1ee5ng gi\u00fap ti\u1ebft ki\u1ec7m th\u1eddi gian chu\u1ea9n b\u1ecb m\u00e0 v\u1eabn \u0111\u1ea3m b\u1ea3o hi\u1ec7u qu\u1ea3 th\u1ecb gi\u00e1c v\u00e0 v\u1ecb gi\u00e1c.<\/span><\/p>\n<p data-start=\"1448\" data-end=\"1487\"><img decoding=\"async\" class=\"aligncenter  wp-image-41340\" src=\"https:\/\/havamall.com\/wp-content\/uploads\/2025\/07\/1.webp\" alt=\"\" width=\"800\" height=\"800\" \/><\/p>\n<p data-start=\"1508\" data-end=\"1547\"><span class=\"relative -mx-px my-[-0.2rem] rounded px-px py-[0.2rem] transition-colors duration-100 ease-in-out\"><em><strong>Th\u1ea1ch D\u1eeba Nh\u01b0 Qu\u1ef3nh 1\u202fkg<\/strong>\u00a0<\/em>mang \u0111\u1ebfn s\u1ef1 h\u00e0i h\u00f2a gi\u1eefa ti\u1ec7n l\u1ee3i s\u1eed d\u1ee5ng v\u00e0 ch\u1ea5t l\u01b0\u1ee3ng t\u1ef1 nhi\u00ean. Kh\u00f4ng c\u1ea7n s\u01a1 ch\u1ebf ph\u1ee9c t\u1ea1p, th\u00e0nh ph\u1ea7n \u0111\u01a1n gi\u1ea3n, k\u1ebft c\u1ea5u dai m\u1ec1m m\u00e1t l\u1ea1nh t\u1ea1o n\u00ean tr\u1ea3i nghi\u1ec7m gi\u1ea3i kh\u00e1t d\u1ec5 ch\u1ecbu v\u00e0 tinh t\u1ebf. H\u1ea1n s\u1eed d\u1ee5ng d\u00e0i c\u00f9ng c\u00e1ch b\u1ea3o qu\u1ea3n \u0111\u01a1n gi\u1ea3n c\u00e0ng l\u00e0m t\u0103ng gi\u00e1 tr\u1ecb s\u1eed d\u1ee5ng. \u0110ang c\u00f3 m\u1eb7t t\u1ea1i\u00a0<strong><em>Havamall<\/em>\u00a0<\/strong>\u2013 n\u01a1i cung c\u1ea5p nguy\u00ean li\u1ec7u s\u1ea1ch, ch\u1ea5t l\u01b0\u1ee3ng. N\u1ebfu mong mu\u1ed1n t\u1eadn h\u01b0\u1edfng topping t\u1ef1 nhi\u00ean, \u0111\u00e1p \u1ee9ng nhu c\u1ea7u pha ch\u1ebf ho\u1eb7c th\u01b0\u1edfng th\u1ee9c m\u1ed9t c\u00e1ch nhanh ch\u00f3ng v\u00e0 tinh t\u1ebf, \u0111\u00e2y l\u00e0 l\u1ef1a ch\u1ecdn \u0111\u00e1ng c\u00e2n nh\u1eafc.<\/span><\/p>\n<\/div>\n<\/div>\n","protected":false},"excerpt":{"rendered":"<p>TH\u00d4NG TIN S\u1ea2N PH\u1ea8M Th\u01b0\u01a1ng hi\u1ec7u Nh\u01b0 Qu\u1ef3nh Xu\u1ea5t x\u1ee9 Vi\u1ec7t Nam Th\u00e0nh ph\u1ea7n C\u00f9i th\u1ea1ch d\u1eeba, n\u01b0\u1edbc d\u1eeba, \u0111\u01b0\u1eddng<\/p>","protected":false},"featured_media":40275,"comment_status":"open","ping_status":"closed","template":"","meta":[],"product_brand":[],"product_cat":[677,135],"product_tag":[],"class_list":{"0":"post-40274","1":"product","2":"type-product","3":"status-publish","4":"has-post-thumbnail","6":"product_cat-cac-nuoc-khac","7":"product_cat-sua-do-uong","9":"first","10":"instock","11":"sale","12":"shipping-taxable","13":"purchasable","14":"product-type-simple"},"_links":{"self":[{"href":"https:\/\/havamall.vn\/en\/wp-json\/wp\/v2\/product\/40274"}],"collection":[{"href":"https:\/\/havamall.vn\/en\/wp-json\/wp\/v2\/product"}],"about":[{"href":"https:\/\/havamall.vn\/en\/wp-json\/wp\/v2\/types\/product"}],"replies":[{"embeddable":true,"href":"https:\/\/havamall.vn\/en\/wp-json\/wp\/v2\/comments?post=40274"}],"version-history":[{"count":0,"href":"https:\/\/havamall.vn\/en\/wp-json\/wp\/v2\/product\/40274\/revisions"}],"wp:featuredmedia":[{"embeddable":true,"href":"https:\/\/havamall.vn\/en\/wp-json\/wp\/v2\/media\/40275"}],"wp:attachment":[{"href":"https:\/\/havamall.vn\/en\/wp-json\/wp\/v2\/media?parent=40274"}],"wp:term":[{"taxonomy":"product_brand","embeddable":true,"href":"https:\/\/havamall.vn\/en\/wp-json\/wp\/v2\/product_brand?post=40274"},{"taxonomy":"product_cat","embeddable":true,"href":"https:\/\/havamall.vn\/en\/wp-json\/wp\/v2\/product_cat?post=40274"},{"taxonomy":"product_tag","embeddable":true,"href":"https:\/\/havamall.vn\/en\/wp-json\/wp\/v2\/product_tag?post=40274"}],"curies":[{"name":"wp","href":"https:\/\/api.w.org\/{rel}","templated":true}]}}