{"id":40266,"date":"2025-07-24T16:37:13","date_gmt":"2025-07-24T09:37:13","guid":{"rendered":"https:\/\/havamall.vn\/?post_type=product&#038;p=40266"},"modified":"2025-07-24T16:42:14","modified_gmt":"2025-07-24T09:42:14","slug":"nuoc-tuong-mat-hoa-dua-organic-dong-it-muoi-sokfarm-organic-low-sodium-coconut-blossom-soy-sauce","status":"publish","type":"product","link":"https:\/\/havamall.vn\/en\/shop\/nuoc-tuong-mat-hoa-dua-organic-dong-it-muoi-sokfarm-organic-low-sodium-coconut-blossom-soy-sauce\/","title":{"rendered":"N\u01b0\u1edbc T\u01b0\u01a1ng M\u1eadt Hoa D\u1eeba Organic D\u00f2ng \u00cdt Mu\u1ed1i Sokfarm \u2013 Organic Low Sodium Coconut Blossom Soy Sauce"},"content":{"rendered":"<blockquote>\n<h3 data-start=\"644\" data-end=\"666\"><strong><em><span style=\"font-size: 18pt\">TH\u00d4NG TIN S\u1ea2N PH\u1ea8M<\/span><\/em><\/strong><\/h3>\n<\/blockquote>\n<div class=\"_tableContainer_80l1q_1\">\n<div class=\"_tableWrapper_80l1q_14 group flex w-fit flex-col-reverse\">\n<table class=\"w-fit min-w-(--thread-content-width)\" style=\"width: 59.5512%;height: 198px\" data-start=\"668\" data-end=\"1169\">\n<thead data-start=\"668\" data-end=\"725\">\n<tr style=\"height: 24px\" data-start=\"668\" data-end=\"725\">\n<th style=\"height: 24px;width: 19.5068%\" data-start=\"668\" data-end=\"689\" data-col-size=\"sm\">Th\u01b0\u01a1ng hi\u1ec7u<\/th>\n<th style=\"height: 24px;width: 93.8689%\" data-start=\"689\" data-end=\"725\" data-col-size=\"md\">Sokfarm<\/th>\n<\/tr>\n<\/thead>\n<tbody data-start=\"784\" data-end=\"1169\">\n<tr style=\"height: 24px\" data-start=\"784\" data-end=\"840\">\n<td style=\"height: 24px;width: 19.5068%\" data-start=\"784\" data-end=\"805\" data-col-size=\"sm\">Xu\u1ea5t x\u1ee9<\/td>\n<td style=\"height: 24px;width: 93.8689%\" data-col-size=\"md\" data-start=\"805\" data-end=\"840\">Vi\u1ec7t Nam (Tr\u00e0 Vinh)<\/td>\n<\/tr>\n<tr style=\"height: 30px\" data-start=\"841\" data-end=\"938\">\n<td style=\"height: 30px;width: 19.5068%\" data-start=\"841\" data-end=\"862\" data-col-size=\"sm\">Th\u00e0nh ph\u1ea7n<\/td>\n<td style=\"height: 30px;width: 93.8689%\" data-col-size=\"md\" data-start=\"862\" data-end=\"938\">M\u1eadt hoa d\u1eeba h\u1eefu c\u01a1, \u0111\u1eadu n\u00e0nh, mu\u1ed1i bi\u1ec3n t\u1ef1 nhi\u00ean, men Aspergillus oryzae<\/td>\n<\/tr>\n<tr style=\"height: 24px\" data-start=\"939\" data-end=\"996\">\n<td style=\"height: 24px;width: 19.5068%\" data-start=\"939\" data-end=\"960\" data-col-size=\"sm\">H\u1ea1n s\u1eed d\u1ee5ng<\/td>\n<td style=\"height: 24px;width: 93.8689%\" data-col-size=\"md\" data-start=\"960\" data-end=\"996\">18 th\u00e1ng k\u1ec3 t\u1eeb ng\u00e0y s\u1ea3n xu\u1ea5t<\/td>\n<\/tr>\n<tr style=\"height: 48px\" data-start=\"997\" data-end=\"1111\">\n<td style=\"height: 48px;width: 19.5068%\" data-start=\"997\" data-end=\"1018\" data-col-size=\"sm\">C\u00e1ch b\u1ea3o qu\u1ea3n<\/td>\n<td style=\"height: 48px;width: 93.8689%\" data-col-size=\"md\" data-start=\"1018\" data-end=\"1111\">B\u1ea3o qu\u1ea3n n\u01a1i kh\u00f4 r\u00e1o, tho\u00e1ng m\u00e1t, tr\u00e1nh \u00e1nh n\u1eafng tr\u1ef1c ti\u1ebfp. B\u1ea3o qu\u1ea3n l\u1ea1nh sau khi m\u1edf n\u1eafp.<\/td>\n<\/tr>\n<tr style=\"height: 48px\" data-start=\"1112\" data-end=\"1169\">\n<td style=\"height: 48px;width: 19.5068%\" data-start=\"1112\" data-end=\"1133\" data-col-size=\"sm\">Quy c\u00e1ch kh\u1ed1i l\u01b0\u1ee3ng<\/td>\n<td style=\"height: 48px;width: 93.8689%\" data-col-size=\"md\" data-start=\"1133\" data-end=\"1169\">Chai th\u1ee7y tinh 200ml v\u00e0 500ml<\/td>\n<\/tr>\n<\/tbody>\n<\/table>\n<p data-start=\"1250\" data-end=\"1646\">Gia v\u1ecb l\u00e0 linh h\u1ed3n c\u1ee7a \u1ea9m th\u1ef1c, t\u1ea1o n\u00ean h\u01b0\u01a1ng v\u1ecb v\u00e0 chi\u1ec1u s\u00e2u cho t\u1eebng m\u00f3n \u0103n. Trong s\u1ed1 c\u00e1c lo\u1ea1i gia v\u1ecb truy\u1ec1n th\u1ed1ng, n\u01b0\u1edbc t\u01b0\u01a1ng l\u00e0 s\u1ea3n ph\u1ea9m kh\u00f4ng th\u1ec3 thi\u1ebfu, \u0111\u1eb7c bi\u1ec7t v\u1edbi ng\u01b0\u1eddi Vi\u1ec7t Nam.\u00a0<em><strong>N\u01b0\u1edbc T\u01b0\u01a1ng M\u1eadt Hoa D\u1eeba Organic D\u00f2ng \u00cdt Mu\u1ed1i Sokfarm<\/strong><\/em>\u00a0\u0111\u01b0\u1ee3c ra \u0111\u1eddi nh\u01b0 m\u1ed9t s\u1ef1 l\u1ef1a ch\u1ecdn m\u1edbi m\u1ebb, l\u00e0nh m\u1ea1nh d\u00e0nh cho nh\u1eefng ng\u01b0\u1eddi y\u00eau th\u00edch h\u01b0\u01a1ng v\u1ecb t\u1ef1 nhi\u00ean v\u00e0 mong mu\u1ed1n gi\u1ea3m l\u01b0\u1ee3ng mu\u1ed1i trong kh\u1ea9u ph\u1ea7n \u0103n h\u00e0ng ng\u00e0y.<\/p>\n<p data-start=\"1250\" data-end=\"1646\"><img fetchpriority=\"high\" decoding=\"async\" class=\"aligncenter wp-image-41327\" src=\"https:\/\/havamall.com\/wp-content\/uploads\/2025\/07\/nuoc-tuong-mat-hoa-dua-sokfarm-dung-nhu-the-nao-4.png\" alt=\"\" width=\"800\" height=\"800\" \/><\/p>\n<p data-start=\"1698\" data-end=\"2037\">Kh\u00e1c bi\u1ec7t v\u1edbi n\u01b0\u1edbc t\u01b0\u01a1ng truy\u1ec1n th\u1ed1ng l\u00e0m t\u1eeb \u0111\u1eadu n\u00e0nh,\u00a0<strong><em>Sokfarm<\/em>\u00a0<\/strong>s\u1eed d\u1ee5ng m\u1eadt hoa d\u1eeba h\u1eefu c\u01a1 v\u00e0 mu\u1ed1i bi\u1ec3n t\u1ef1 nhi\u00ean trong c\u00f4ng th\u1ee9c. S\u1ea3n ph\u1ea9m<strong><em>\u00a0kh\u00f4ng ch\u1ee9a \u0111\u1eadu n\u00e0nh, gluten, ch\u1ea5t b\u1ea3o qu\u1ea3n hay h\u00f3a ch\u1ea5t nh\u00e2n t\u1ea1o<\/em><\/strong>. Quy tr\u00ecnh l\u00ean men t\u1ef1 nhi\u00ean k\u00e9o d\u00e0i 3 th\u00e1ng gi\u00fap ph\u00e1t tri\u1ec3n\u00a0<strong><em>h\u01b0\u01a1ng v\u1ecb Umami \u0111\u1eb7c tr\u01b0ng, gi\u00e0u axit amin v\u00e0 kho\u00e1ng ch\u1ea5t c\u00f3 l\u1ee3i cho s\u1ee9c kh\u1ecfe.<\/em><\/strong><\/p>\n<p data-start=\"2039\" data-end=\"2360\">H\u00e0m l\u01b0\u1ee3ng mu\u1ed1i trong n\u01b0\u1edbc t\u01b0\u01a1ng n\u00e0y \u0111\u01b0\u1ee3c\u00a0<strong><em>gi\u1ea3m \u0111\u1ebfn 50%<\/em><\/strong>\u00a0so v\u1edbi c\u00e1c lo\u1ea1i n\u01b0\u1edbc t\u01b0\u01a1ng l\u00e0m t\u1eeb \u0111\u1eadu n\u00e0nh ph\u1ed5 bi\u1ebfn tr\u00ean th\u1ecb tr\u01b0\u1eddng,<strong><em>\u00a0ph\u00f9 h\u1ee3p v\u1edbi ng\u01b0\u1eddi c\u1ea7n ki\u1ec3m so\u00e1t l\u01b0\u1ee3ng mu\u1ed1i, ng\u01b0\u1eddi cao tu\u1ed5i v\u00e0 c\u1ea3 tr\u1ebb nh\u1ecf<\/em><\/strong>. Vi\u1ec7c kh\u00f4ng s\u1eed d\u1ee5ng \u0111\u1eadu n\u00e0nh c\u00f2n gi\u00fap gi\u1ea3m nguy c\u01a1 d\u1ecb \u1ee9ng, mang \u0111\u1ebfn l\u1ef1a ch\u1ecdn an to\u00e0n v\u00e0 th\u00e2n thi\u1ec7n cho m\u1ecdi gia \u0111\u00ecnh.<\/p>\n<p><img decoding=\"async\" class=\"wp-image-41329 aligncenter\" src=\"https:\/\/havamall.com\/wp-content\/uploads\/2025\/07\/nuoc-tuong-khong-tu-dau-nanh-sokfarm-2-1.jpg\" alt=\"\" width=\"800\" height=\"800\" \/><\/p>\n<p data-start=\"2413\" data-end=\"2685\">M\u1eadt hoa d\u1eeba \u0111\u01b0\u1ee3c thu ho\u1ea1ch th\u1ee7 c\u00f4ng t\u1eeb nh\u1eefng c\u00e2y d\u1eeba h\u1eefu c\u01a1 tr\u1ed3ng theo ph\u01b0\u01a1ng ph\u00e1p truy\u1ec1n th\u1ed1ng t\u1ea1i Tr\u00e0 Vinh, n\u01a1i c\u00f3 c\u1ed9ng \u0111\u1ed3ng Khmer duy tr\u00ec ngh\u1ec1 thu m\u1eadt h\u01a1n nhi\u1ec1u th\u1ebf k\u1ef7. S\u1ea3n ph\u1ea9m v\u1eeba \u0111\u1ea3m b\u1ea3o ch\u1ea5t l\u01b0\u1ee3ng cao v\u1eeba gi\u1eef g\u00ecn gi\u00e1 tr\u1ecb v\u0103n h\u00f3a v\u00e0 sinh k\u1ebf c\u1ee7a ng\u01b0\u1eddi d\u00e2n \u0111\u1ecba ph\u01b0\u01a1ng. Quy tr\u00ecnh s\u1ea3n xu\u1ea5t \u0111\u01b0\u1ee3c ki\u1ec3m so\u00e1t nghi\u00eam ng\u1eb7t, m\u1eadt hoa d\u1eeba \u0111\u01b0\u1ee3c l\u1ecdc v\u00e0 thanh tr\u00f9ng r\u1ed3i tr\u1ed9n c\u00f9ng mu\u1ed1i bi\u1ec3n t\u1ef1 nhi\u00ean. H\u1ed7n h\u1ee3p \u0111\u01b0\u1ee3c \u1ee7 l\u00ean men t\u1ef1 nhi\u00ean trong v\u00f2ng 3 th\u00e1ng \u0111\u1ec3 t\u1ea1o ra h\u01b0\u01a1ng v\u1ecb \u0111\u1eadm \u0111\u00e0, thanh khi\u1ebft, s\u00e1nh m\u1ecbn \u0111\u1eb7c tr\u01b0ng.<\/p>\n<p data-start=\"2413\" data-end=\"2685\"><img decoding=\"async\" class=\"aligncenter wp-image-41330\" src=\"https:\/\/havamall.com\/wp-content\/uploads\/2025\/07\/nuoc-tuong-mat-hoa-dua-sokfarm-dung-nhu-the-nao-2-1.png\" alt=\"\" width=\"800\" height=\"800\" \/><\/p>\n<p data-start=\"2957\" data-end=\"3231\"><strong><em>N\u01b0\u1edbc t\u01b0\u01a1ng m\u1eadt hoa d\u1eeba \u00edt mu\u1ed1i c\u1ee7a Sokfarm<\/em>\u00a0<\/strong>c\u00f3 th\u1ec3 s\u1eed d\u1ee5ng cho nhi\u1ec1u m\u00f3n \u0103n kh\u00e1c nhau. S\u1ea3n ph\u1ea9m\u00a0<strong><em>ph\u00f9 h\u1ee3p \u0111\u1ec3 ch\u1ea5m, n\u00eam n\u1ebfm, t\u1ea9m \u01b0\u1edbp th\u1ef1c ph\u1ea9m ho\u1eb7c l\u00e0m n\u01b0\u1edbc s\u1ed1t cho c\u00e1c m\u00f3n x\u00e0o, kho, n\u01b0\u1edbng. H\u01b0\u01a1ng v\u1ecb nh\u1eb9 nh\u00e0ng, kh\u00f4ng qu\u00e1 m\u1eb7n gi\u00fap gi\u1eef nguy\u00ean \u0111\u1ed9 ngon v\u00e0 ch\u1ea5t dinh d\u01b0\u1ee1ng c\u1ee7a m\u00f3n \u0103n.\u00a0<\/em><\/strong>\u0110\u1eb7c bi\u1ec7t, s\u1ea3n ph\u1ea9m r\u1ea5t \u0111\u01b0\u1ee3c \u01b0a chu\u1ed9ng trong c\u00e1c m\u00f3n \u0103n chay, m\u00f3n cu\u1ed1n, salad v\u00e0 c\u00e1c m\u00f3n sushi nh\u1edd h\u01b0\u01a1ng v\u1ecb umami t\u1ef1 nhi\u00ean v\u00e0 s\u1ef1 an to\u00e0n tuy\u1ec7t \u0111\u1ed1i. S\u1ea3n ph\u1ea9m c\u0169ng c\u00f3 th\u1ec3 k\u1ebft h\u1ee3p c\u00f9ng c\u00e1c lo\u1ea1i d\u1ea7u, gi\u1ea5m h\u1eefu c\u01a1 \u0111\u1ec3 t\u1ea1o n\u00ean nh\u1eefng lo\u1ea1i n\u01b0\u1edbc ch\u1ea5m v\u00e0 s\u1ed1t m\u1edbi l\u1ea1, phong ph\u00fa cho th\u1ef1c \u0111\u01a1n h\u00e0ng ng\u00e0y.<\/p>\n<p data-start=\"2957\" data-end=\"3231\"><img loading=\"lazy\" decoding=\"async\" class=\"aligncenter wp-image-41331\" src=\"https:\/\/havamall.com\/wp-content\/uploads\/2025\/07\/nuoc-tuong-mat-hoa-dua-sokfarm-dung-nhu-the-nao-3.png\" alt=\"\" width=\"800\" height=\"800\" \/><\/p>\n<p data-start=\"3575\" data-end=\"3792\"><em><strong>Sokfarm<\/strong>\u00a0<\/em>s\u1edf h\u1eefu nhi\u1ec1u ch\u1ee9ng nh\u1eadn h\u1eefu c\u01a1 qu\u1ed1c t\u1ebf nh\u01b0\u00a0<strong><em>USDA, EU, JAS c\u00f9ng c\u00e1c ch\u1ee9ng nh\u1eadn an to\u00e0n th\u1ef1c ph\u1ea9m ISO22000, FDA, OCOP 4 sao<\/em><\/strong>, kh\u1eb3ng \u0111\u1ecbnh ch\u1ea5t l\u01b0\u1ee3ng cao v\u00e0 an to\u00e0n c\u1ee7a s\u1ea3n ph\u1ea9m khi \u0111\u1ebfn tay ng\u01b0\u1eddi ti\u00eau d\u00f9ng. B\u00ean c\u1ea1nh \u0111\u00f3, Sokfarm g\u00f3p ph\u1ea7n ph\u00e1t tri\u1ec3n b\u1ec1n v\u1eefng b\u1eb1ng c\u00e1ch h\u1ed7 tr\u1ee3 c\u1ed9ng \u0111\u1ed3ng n\u00f4ng d\u00e2n Khmer, b\u1ea3o t\u1ed3n k\u1ef9 thu\u1eadt truy\u1ec1n th\u1ed1ng v\u00e0 th\u00fac \u0111\u1ea9y canh t\u00e1c h\u1eefu c\u01a1. Vi\u1ec7c s\u1eed d\u1ee5ng m\u1eadt hoa d\u1eeba thay th\u1ebf \u0111\u1eadu n\u00e0nh c\u0169ng gi\u00fap gi\u1ea3m \u00e1p l\u1ef1c cho ngu\u1ed3n t\u00e0i nguy\u00ean \u0111\u1ea5t v\u00e0 n\u01b0\u1edbc, \u0111\u1ed3ng th\u1eddi th\u00e2n thi\u1ec7n h\u01a1n v\u1edbi m\u00f4i tr\u01b0\u1eddng.<\/p>\n<p data-start=\"4106\" data-end=\"4583\"><em><strong>N\u01b0\u1edbc T\u01b0\u01a1ng M\u1eadt Hoa D\u1eeba Organic D\u00f2ng \u00cdt Mu\u1ed1i Sokfarm<\/strong><\/em>\u00a0kh\u00f4ng ch\u1ec9 l\u00e0 m\u1ed9t lo\u1ea1i gia v\u1ecb th\u01a1m ngon, m\u00e0 c\u00f2n \u0111\u1ea1i di\u1ec7n cho xu h\u01b0\u1edbng s\u1ed1ng kh\u1ecfe v\u00e0 b\u1ec1n v\u1eefng. S\u1ea3n ph\u1ea9m mang \u0111\u1ebfn h\u01b0\u01a1ng v\u1ecb t\u1ef1 nhi\u00ean, t\u1ed1t cho s\u1ee9c kh\u1ecfe v\u00e0 g\u00f3p ph\u1ea7n gi\u1eef g\u00ecn gi\u00e1 tr\u1ecb v\u0103n h\u00f3a c\u00f9ng m\u00f4i tr\u01b0\u1eddng. S\u1ea3n ph\u1ea9m hi\u1ec7n \u0111\u01b0\u1ee3c ph\u00e2n ph\u1ed1i ch\u00ednh th\u1ee9c t\u1ea1i Havamall, n\u01a1i cung c\u1ea5p c\u00e1c s\u1ea3n ph\u1ea9m h\u1eefu c\u01a1, s\u1ea1ch v\u00e0 ch\u1ea5t l\u01b0\u1ee3ng cao.<\/p>\n<\/div>\n<\/div>","protected":false},"excerpt":{"rendered":"<p>TH\u00d4NG TIN S\u1ea2N PH\u1ea8M Th\u01b0\u01a1ng hi\u1ec7u Sokfarm Xu\u1ea5t x\u1ee9 Vi\u1ec7t Nam (Tr\u00e0 Vinh) Th\u00e0nh ph\u1ea7n M\u1eadt hoa d\u1eeba h\u1eefu c\u01a1,<\/p>","protected":false},"featured_media":40267,"comment_status":"open","ping_status":"closed","template":"","meta":[],"product_brand":[],"product_cat":[677,256,154],"product_tag":[],"class_list":{"0":"post-40266","1":"product","2":"type-product","3":"status-publish","4":"has-post-thumbnail","6":"product_cat-cac-nuoc-khac","7":"product_cat-thuc-pham-huu-co","8":"product_cat-gia-vi","10":"first","11":"instock","12":"sale","13":"shipping-taxable","14":"purchasable","15":"product-type-variable"},"_links":{"self":[{"href":"https:\/\/havamall.vn\/en\/wp-json\/wp\/v2\/product\/40266"}],"collection":[{"href":"https:\/\/havamall.vn\/en\/wp-json\/wp\/v2\/product"}],"about":[{"href":"https:\/\/havamall.vn\/en\/wp-json\/wp\/v2\/types\/product"}],"replies":[{"embeddable":true,"href":"https:\/\/havamall.vn\/en\/wp-json\/wp\/v2\/comments?post=40266"}],"version-history":[{"count":0,"href":"https:\/\/havamall.vn\/en\/wp-json\/wp\/v2\/product\/40266\/revisions"}],"wp:featuredmedia":[{"embeddable":true,"href":"https:\/\/havamall.vn\/en\/wp-json\/wp\/v2\/media\/40267"}],"wp:attachment":[{"href":"https:\/\/havamall.vn\/en\/wp-json\/wp\/v2\/media?parent=40266"}],"wp:term":[{"taxonomy":"product_brand","embeddable":true,"href":"https:\/\/havamall.vn\/en\/wp-json\/wp\/v2\/product_brand?post=40266"},{"taxonomy":"product_cat","embeddable":true,"href":"https:\/\/havamall.vn\/en\/wp-json\/wp\/v2\/product_cat?post=40266"},{"taxonomy":"product_tag","embeddable":true,"href":"https:\/\/havamall.vn\/en\/wp-json\/wp\/v2\/product_tag?post=40266"}],"curies":[{"name":"wp","href":"https:\/\/api.w.org\/{rel}","templated":true}]}}