{"id":40262,"date":"2025-07-24T14:59:49","date_gmt":"2025-07-24T07:59:49","guid":{"rendered":"https:\/\/havamall.vn\/?post_type=product&#038;p=40262"},"modified":"2025-07-24T14:59:49","modified_gmt":"2025-07-24T07:59:49","slug":"giam-mat-hoa-dua-huu-co-265ml-organic-coconut-flower-vinegar-sokfarm","status":"publish","type":"product","link":"https:\/\/havamall.vn\/en\/shop\/giam-mat-hoa-dua-huu-co-265ml-organic-coconut-flower-vinegar-sokfarm\/","title":{"rendered":"Gi\u1ea5m M\u1eadt Hoa D\u1eeba H\u1eefu C\u01a1 265ML \u2013 ORGANIC COCONUT FLOWER VINEGAR SOKFARM"},"content":{"rendered":"<blockquote>\n<h3 data-start=\"165\" data-end=\"191\"><em><strong data-start=\"169\" data-end=\"191\">TH\u00d4NG TIN S\u1ea2N PH\u1ea8M<\/strong><\/em><\/h3>\n<\/blockquote>\n<div class=\"_tableContainer_80l1q_1\">\n<table class=\"w-fit min-w-(--thread-content-width)\" style=\"width: 59.9203%;height: 198px\" data-start=\"304\" data-end=\"1027\">\n<tbody data-start=\"456\" data-end=\"1027\">\n<tr data-start=\"456\" data-end=\"532\">\n<td data-start=\"456\" data-end=\"489\" data-col-size=\"sm\"><strong data-start=\"458\" data-end=\"486\">Th\u01b0\u01a1ng hi\u1ec7u\/Nh\u00e0 s\u1ea3n xu\u1ea5t<\/strong><\/td>\n<td data-col-size=\"md\" data-start=\"489\" data-end=\"532\">SokFarm<\/td>\n<\/tr>\n<tr data-start=\"533\" data-end=\"609\">\n<td data-start=\"533\" data-end=\"566\" data-col-size=\"sm\"><strong data-start=\"535\" data-end=\"546\">Xu\u1ea5t x\u1ee9<\/strong><\/td>\n<td data-col-size=\"md\" data-start=\"566\" data-end=\"609\">Tr\u00e0 Vinh, Vi\u1ec7t Nam<\/td>\n<\/tr>\n<tr data-start=\"610\" data-end=\"686\">\n<td data-start=\"610\" data-end=\"643\" data-col-size=\"sm\"><strong data-start=\"612\" data-end=\"625\">Dung t\u00edch<\/strong><\/td>\n<td data-col-size=\"md\" data-start=\"643\" data-end=\"686\">265ml<\/td>\n<\/tr>\n<tr data-start=\"687\" data-end=\"762\">\n<td data-start=\"687\" data-end=\"720\" data-col-size=\"sm\"><strong data-start=\"689\" data-end=\"703\">Th\u00e0nh ph\u1ea7n<\/strong><\/td>\n<td data-col-size=\"md\" data-start=\"720\" data-end=\"762\">100% n\u01b0\u1edbc m\u1eadt hoa d\u1eeba l\u00ean men t\u1ef1 nhi\u00ean<\/td>\n<\/tr>\n<tr data-start=\"763\" data-end=\"839\">\n<td data-start=\"763\" data-end=\"796\" data-col-size=\"sm\"><strong data-start=\"765\" data-end=\"781\">D\u1ea1ng s\u1eed d\u1ee5ng<\/strong><\/td>\n<td data-col-size=\"md\" data-start=\"796\" data-end=\"839\">D\u1ea1ng l\u1ecfng, m\u00e0u n\u00e2u s\u00e1ng trong<\/td>\n<\/tr>\n<tr data-start=\"840\" data-end=\"916\">\n<td data-start=\"840\" data-end=\"873\" data-col-size=\"sm\"><strong data-start=\"842\" data-end=\"857\">H\u1ea1n s\u1eed d\u1ee5ng<\/strong><\/td>\n<td data-col-size=\"md\" data-start=\"873\" data-end=\"916\">18 th\u00e1ng k\u1ec3 t\u1eeb ng\u00e0y s\u1ea3n xu\u1ea5t<\/td>\n<\/tr>\n<tr data-start=\"917\" data-end=\"1027\">\n<td data-start=\"917\" data-end=\"950\" data-col-size=\"sm\"><strong data-start=\"919\" data-end=\"941\">H\u01b0\u1edbng d\u1eabn b\u1ea3o qu\u1ea3n<\/strong><\/td>\n<td data-col-size=\"md\" data-start=\"950\" data-end=\"1027\">B\u1ea3o qu\u1ea3n n\u01a1i tho\u00e1ng m\u00e1t, tr\u00e1nh \u00e1nh n\u1eafng tr\u1ef1c ti\u1ebfp, \u0111\u1eady k\u00edn sau khi m\u1edf n\u1eafp<\/td>\n<\/tr>\n<\/tbody>\n<\/table>\n<p data-start=\"1034\" data-end=\"1522\">V\u1ecb chua thanh nh\u1eb9 c\u00f3 g\u1ed1c g\u00e1c t\u1eeb thi\u00ean nhi\u00ean kh\u00f4ng ch\u1ec9 khi\u1ebfn m\u00f3n \u0103n ngon mi\u1ec7ng h\u01a1n m\u00e0 c\u00f2n \u0111em l\u1ea1i l\u1ee3i \u00edch \u0111\u00e1ng k\u1ec3 cho s\u1ee9c kh\u1ecfe. Trong s\u1ed1 nh\u1eefng lo\u1ea1i gi\u1ea5m l\u00ean men \u0111\u01b0\u1ee3c \u01b0a chu\u1ed9ng hi\u1ec7n nay, gi\u1ea5m m\u1eadt hoa d\u1eeba n\u1ed5i b\u1eadt nh\u01b0 m\u1ed9t l\u1ef1a ch\u1ecdn m\u1edbi m\u1ebb, gi\u00e0u gi\u00e1 tr\u1ecb truy\u1ec1n th\u1ed1ng v\u00e0 ho\u00e0n to\u00e0n t\u1ef1 nhi\u00ean.\u00a0<strong><em>GI\u1ea4M M\u1eacT HOA D\u1eeaA H\u1eeeU C\u01a0<\/em><\/strong>\u00a0h\u00ecnh th\u00e0nh t\u1eeb qu\u00e1 tr\u00ecnh l\u00ean men m\u1eadt hoa d\u1eeba \u2013 m\u1ed9t nguy\u00ean li\u1ec7u v\u1ed1n \u0111\u00e3 qu\u00fd, ch\u1ec9 thu ho\u1ea1ch \u0111\u01b0\u1ee3c t\u1eeb nh\u1eefng gi\u1ecdt m\u1eadt ch\u1ea3y ra t\u1eeb b\u00f4ng d\u1eeba v\u00e0o s\u00e1ng s\u1edbm tinh kh\u00f4i, \u0111\u1eadm h\u01b0\u01a1ng v\u1ecb c\u1ee7a \u0111\u1ea5t tr\u1eddi Nam B\u1ed9.<\/p>\n<p data-start=\"1034\" data-end=\"1522\"><img fetchpriority=\"high\" decoding=\"async\" class=\"aligncenter  wp-image-41316\" src=\"https:\/\/havamall.com\/wp-content\/uploads\/2025\/07\/484142868_978979787680137_2293015482131628418_n.jpg\" alt=\"\" width=\"800\" height=\"914\" \/><\/p>\n<p data-start=\"1524\" data-end=\"2013\">Qu\u00e1 tr\u00ecnh l\u00ean men gi\u1ea5m m\u1eadt hoa d\u1eeba ho\u00e0n to\u00e0n\u00a0<strong><em>kh\u00f4ng s\u1eed d\u1ee5ng h\u00f3a ch\u1ea5t hay ph\u1ee5 gia.<\/em><\/strong>\u00a0N\u01b0\u1edbc m\u1eadt hoa d\u1eeba t\u01b0\u01a1i sau khi thu ho\u1ea1ch s\u1ebd \u0111\u01b0\u1ee3c<strong><em>\u00a0\u1ee7 b\u1eb1ng ph\u01b0\u01a1ng ph\u00e1p truy\u1ec1n th\u1ed1ng, l\u00ean men ch\u1eadm t\u1ef1 nhi\u00ean trong m\u00f4i tr\u01b0\u1eddng s\u1ea1ch chu\u1ea9n h\u1eefu c\u01a1<\/em><\/strong>, gi\u00fap gi\u1eef l\u1ea1i to\u00e0n b\u1ed9 enzyme s\u1ed1ng, acid amin t\u1ef1 nhi\u00ean v\u00e0 c\u00e1c nh\u00f3m men c\u00f3 l\u1ee3i cho ti\u00eau h\u00f3a. Ch\u00ednh ph\u01b0\u01a1ng ph\u00e1p th\u1ee7 c\u00f4ng k\u1ebft h\u1ee3p v\u1edbi c\u00f4ng ngh\u1ec7 ki\u1ec3m so\u00e1t nhi\u1ec7t \u0111\u1ed9 v\u00e0 \u0111\u1ed9 \u1ea9m hi\u1ec7n \u0111\u1ea1i \u0111\u00e3 l\u00e0m n\u00ean lo\u1ea1i gi\u1ea5m c\u00f3 m\u00e0u n\u00e2u s\u00e1ng \u00f3ng \u00e1nh, h\u01b0\u01a1ng th\u01a1m thanh tao, h\u1eadu v\u1ecb d\u1ecbu nh\u1eb9 kh\u00f4ng g\u1eaft.<\/p>\n<p data-start=\"2015\" data-end=\"2548\">H\u00e0m l\u01b0\u1ee3ng axit axetic t\u1ef1 nhi\u00ean trong gi\u1ea5m m\u1eadt hoa d\u1eeba c\u00f3 t\u00e1c d\u1ee5ng c\u00e2n b\u1eb1ng m\u00f4i tr\u01b0\u1eddng axit\u2013ki\u1ec1m trong c\u01a1 th\u1ec3, h\u1ed7 tr\u1ee3 ti\u00eau h\u00f3a, k\u00edch th\u00edch v\u1ecb gi\u00e1c v\u00e0 g\u00f3p ph\u1ea7n c\u1ea3i thi\u1ec7n chuy\u1ec3n h\u00f3a \u0111\u01b0\u1eddng trong m\u00e1u. Nhi\u1ec1u nghi\u00ean c\u1ee9u g\u1ea7n \u0111\u00e2y cho th\u1ea5y axit h\u1eefu c\u01a1 t\u1eeb ngu\u1ed3n th\u1ef1c v\u1eadt nh\u01b0 gi\u1ea5m l\u00ean men t\u1ef1 nhi\u00ean c\u00f2n gi\u00fap h\u1ed7 tr\u1ee3 kh\u00e1ng khu\u1ea9n \u0111\u01b0\u1eddng ru\u1ed9t, gi\u1ea3m m\u1ee1 m\u00e1u v\u00e0 c\u1ea3i thi\u1ec7n ch\u1ee9c n\u0103ng gan khi s\u1eed d\u1ee5ng \u0111i\u1ec1u \u0111\u1ed9. Gi\u1ea5m m\u1eadt hoa d\u1eeba c\u0169ng ch\u1ee9a nhi\u1ec1u ch\u1ea5t ch\u1ed1ng oxy h\u00f3a t\u1ef1 nhi\u00ean nh\u01b0 polyphenol \u2013 g\u00f3p ph\u1ea7n ch\u1ed1ng vi\u00eam, h\u1ed7 tr\u1ee3 l\u00e0m \u0111\u1eb9p da v\u00e0 l\u00e0m ch\u1eadm qu\u00e1 tr\u00ecnh l\u00e3o h\u00f3a.<\/p>\n<p data-start=\"2015\" data-end=\"2548\"><img decoding=\"async\" class=\"aligncenter  wp-image-41317\" src=\"https:\/\/havamall.com\/wp-content\/uploads\/2025\/07\/giam-mat-hoa-dua-organic-sokfarm-cach-su-dung-1.png\" alt=\"\" width=\"800\" height=\"800\" \/><\/p>\n<p data-start=\"2550\" data-end=\"3095\">Kh\u00f4ng ch\u1ec9 l\u00e0 gia v\u1ecb, lo\u1ea1i gi\u1ea5m n\u00e0y c\u00f2n c\u00f3 th\u1ec3 \u0111\u01b0\u1ee3c d\u00f9ng nh\u01b0 m\u1ed9t ph\u1ea7n trong li\u1ec7u tr\u00ecnh ch\u0103m s\u00f3c s\u1ee9c kh\u1ecfe h\u00e0ng ng\u00e0y. C\u00f3 th\u1ec3<strong><em>\u00a0pha 1\u20132 mu\u1ed7ng gi\u1ea5m v\u1edbi n\u01b0\u1edbc \u1ea5m<\/em><\/strong>\u00a0\u0111\u1ec3 u\u1ed1ng tr\u01b0\u1edbc b\u1eefa \u0103n ho\u1eb7c k\u1ebft h\u1ee3p v\u1edbi m\u1eadt ong t\u1ea1o th\u00e0nh detox nh\u1eb9 nh\u00e0ng v\u00e0o bu\u1ed5i s\u00e1ng. Trong \u1ea9m th\u1ef1c, gi\u1ea5m m\u1eadt hoa d\u1eeba l\u00fd t\u01b0\u1edfng \u0111\u1ec3 pha n\u01b0\u1edbc tr\u1ed9n salad, l\u00e0m n\u01b0\u1edbc ch\u1ea5m thanh nh\u1eb9, hay d\u00f9ng trong m\u00f3n c\u00e1 kho, g\u1ecfi cu\u1ed1n, rau tr\u1ed9n \u0111\u1ec3 t\u1ea1o v\u1ecb chua thanh m\u01b0\u1ee3t m\u00e0 kh\u00f4ng l\u1ea5n \u00e1t nguy\u00ean li\u1ec7u ch\u00ednh. V\u1edbi m\u00e0u s\u1eafc v\u00e0 h\u01b0\u01a1ng v\u1ecb nh\u1eb9 nh\u00e0ng, s\u1ea3n ph\u1ea9m n\u00e0y r\u1ea5t \u0111\u01b0\u1ee3c \u01b0a chu\u1ed9ng trong ch\u1ebf \u0111\u1ed9 \u0103n th\u1ef1c d\u01b0\u1ee1ng v\u00e0 thu\u1ea7n chay.<\/p>\n<p data-start=\"3097\" data-end=\"3257\">\u2013 Kh\u00f4ng h\u00f3a ch\u1ea5t, kh\u00f4ng ph\u1ee5 gia<br \/>\n\u2013 \u1ee6 ch\u1eadm b\u1eb1ng ph\u01b0\u01a1ng ph\u00e1p truy\u1ec1n th\u1ed1ng<br \/>\n\u2013 Duy tr\u00ec to\u00e0n v\u1eb9n d\u01b0\u1ee1ng ch\u1ea5t t\u1eeb m\u1eadt hoa d\u1eeba<br \/>\n\u2013 Ph\u00f9 h\u1ee3p m\u1ecdi \u0111\u1ed1i t\u01b0\u1ee3ng, k\u1ec3 c\u1ea3 ng\u01b0\u1eddi \u0103n chay<\/p>\n<p data-start=\"3097\" data-end=\"3257\"><img decoding=\"async\" class=\"aligncenter  wp-image-41318\" src=\"https:\/\/havamall.com\/wp-content\/uploads\/2025\/07\/giam-mat-hoa-dua-organic-sokfarm-uong-detox.png\" alt=\"\" width=\"800\" height=\"800\" \/><\/p>\n<p data-start=\"3259\" data-end=\"3624\">B\u00ean c\u1ea1nh nh\u1eefng l\u1ee3i \u00edch cho s\u1ee9c kh\u1ecfe, vi\u1ec7c s\u1eed d\u1ee5ng gi\u1ea5m m\u1eadt hoa d\u1eeba c\u0169ng l\u00e0 h\u00e0nh \u0111\u1ed9ng \u1ee7ng h\u1ed9 cho c\u00e1c m\u00f4 h\u00ecnh canh t\u00e1c b\u1ec1n v\u1eefng v\u00e0 sinh k\u1ebf c\u1ee7a ng\u01b0\u1eddi n\u00f4ng d\u00e2n mi\u1ec1n T\u00e2y. Th\u01b0\u01a1ng hi\u1ec7u SokFarm \u0111\u00e3 v\u00e0 \u0111ang g\u00ecn gi\u1eef ngh\u1ec1 khai th\u00e1c m\u1eadt hoa d\u1eeba \u2013 m\u1ed9t ngh\u1ec1 th\u1ee7 c\u00f4ng t\u1ec9 m\u1ec9 c\u1ea7n s\u1ef1 am hi\u1ec3u c\u00e2y tr\u1ed3ng, ch\u0103m s\u00f3c chu \u0111\u00e1o v\u00e0 ki\u00ean tr\u00ec m\u1ed7i s\u00e1ng s\u1edbm m\u1edbi thu \u0111\u01b0\u1ee3c t\u1eebng gi\u1ecdt m\u1eadt nguy\u00ean ch\u1ea5t.\u00a0<strong>S\u1ea3n ph\u1ea9m hi\u1ec7n \u0111\u00e3 c\u00f3 m\u1eb7t t\u1ea1i Havamall.<\/strong><\/p>\n<\/div>","protected":false},"excerpt":{"rendered":"<p>TH\u00d4NG TIN S\u1ea2N PH\u1ea8M Th\u01b0\u01a1ng hi\u1ec7u\/Nh\u00e0 s\u1ea3n xu\u1ea5t SokFarm Xu\u1ea5t x\u1ee9 Tr\u00e0 Vinh, Vi\u1ec7t Nam Dung t\u00edch 265ml Th\u00e0nh ph\u1ea7n<\/p>","protected":false},"featured_media":40263,"comment_status":"open","ping_status":"closed","template":"","meta":[],"product_brand":[],"product_cat":[677,256,154],"product_tag":[],"class_list":{"0":"post-40262","1":"product","2":"type-product","3":"status-publish","4":"has-post-thumbnail","6":"product_cat-cac-nuoc-khac","7":"product_cat-thuc-pham-huu-co","8":"product_cat-gia-vi","10":"first","11":"instock","12":"sale","13":"shipping-taxable","14":"purchasable","15":"product-type-simple"},"_links":{"self":[{"href":"https:\/\/havamall.vn\/en\/wp-json\/wp\/v2\/product\/40262"}],"collection":[{"href":"https:\/\/havamall.vn\/en\/wp-json\/wp\/v2\/product"}],"about":[{"href":"https:\/\/havamall.vn\/en\/wp-json\/wp\/v2\/types\/product"}],"replies":[{"embeddable":true,"href":"https:\/\/havamall.vn\/en\/wp-json\/wp\/v2\/comments?post=40262"}],"version-history":[{"count":0,"href":"https:\/\/havamall.vn\/en\/wp-json\/wp\/v2\/product\/40262\/revisions"}],"wp:featuredmedia":[{"embeddable":true,"href":"https:\/\/havamall.vn\/en\/wp-json\/wp\/v2\/media\/40263"}],"wp:attachment":[{"href":"https:\/\/havamall.vn\/en\/wp-json\/wp\/v2\/media?parent=40262"}],"wp:term":[{"taxonomy":"product_brand","embeddable":true,"href":"https:\/\/havamall.vn\/en\/wp-json\/wp\/v2\/product_brand?post=40262"},{"taxonomy":"product_cat","embeddable":true,"href":"https:\/\/havamall.vn\/en\/wp-json\/wp\/v2\/product_cat?post=40262"},{"taxonomy":"product_tag","embeddable":true,"href":"https:\/\/havamall.vn\/en\/wp-json\/wp\/v2\/product_tag?post=40262"}],"curies":[{"name":"wp","href":"https:\/\/api.w.org\/{rel}","templated":true}]}}