{"id":40255,"date":"2025-07-24T10:38:56","date_gmt":"2025-07-24T03:38:56","guid":{"rendered":"https:\/\/havamall.vn\/?post_type=product&#038;p=40255"},"modified":"2025-07-24T10:39:48","modified_gmt":"2025-07-24T03:39:48","slug":"duong-hoa-dua-vi-tu-nhien-organic-sokfarm-300g-1000g-sokfarm-natural-coconut-flower-sugar","status":"publish","type":"product","link":"https:\/\/havamall.vn\/en\/shop\/duong-hoa-dua-vi-tu-nhien-organic-sokfarm-300g-1000g-sokfarm-natural-coconut-flower-sugar\/","title":{"rendered":"\u0110\u01b0\u1eddng Hoa D\u1eeba V\u1ecb T\u1ef1 Nhi\u00ean Organic Sokfarm (300g\/1000g) \u2013 Sokfarm Natural Coconut Flower Sugar"},"content":{"rendered":"<blockquote>\n<h3 data-start=\"165\" data-end=\"191\"><em><strong data-start=\"169\" data-end=\"191\">TH\u00d4NG TIN S\u1ea2N PH\u1ea8M<\/strong><\/em><\/h3>\n<\/blockquote>\n<div class=\"_tableContainer_80l1q_1\">\n<div class=\"_tableWrapper_80l1q_14 group flex w-fit flex-col-reverse\">\n<table class=\"w-fit min-w-(--thread-content-width)\" style=\"width: 63.8451%;height: 141px\" data-start=\"281\" data-end=\"960\">\n<tbody data-start=\"427\" data-end=\"960\">\n<tr data-start=\"427\" data-end=\"500\">\n<td data-start=\"427\" data-end=\"460\" data-col-size=\"sm\"><strong data-start=\"429\" data-end=\"457\">Th\u01b0\u01a1ng hi\u1ec7u\/Nh\u00e0 s\u1ea3n xu\u1ea5t<\/strong><\/td>\n<td data-col-size=\"md\" data-start=\"460\" data-end=\"500\">SokFarm<\/td>\n<\/tr>\n<tr data-start=\"501\" data-end=\"574\">\n<td data-start=\"501\" data-end=\"534\" data-col-size=\"sm\"><strong data-start=\"503\" data-end=\"514\">Xu\u1ea5t x\u1ee9<\/strong><\/td>\n<td data-col-size=\"md\" data-start=\"534\" data-end=\"574\">Tr\u00e0 Vinh, Vi\u1ec7t Nam<\/td>\n<\/tr>\n<tr data-start=\"575\" data-end=\"648\">\n<td data-start=\"575\" data-end=\"608\" data-col-size=\"sm\"><strong data-start=\"577\" data-end=\"592\">Tr\u1ecdng l\u01b0\u1ee3ng<\/strong><\/td>\n<td data-col-size=\"md\" data-start=\"608\" data-end=\"648\">300g<\/td>\n<\/tr>\n<tr data-start=\"649\" data-end=\"722\">\n<td data-start=\"649\" data-end=\"682\" data-col-size=\"sm\"><strong data-start=\"651\" data-end=\"665\">Th\u00e0nh ph\u1ea7n<\/strong><\/td>\n<td data-col-size=\"md\" data-start=\"682\" data-end=\"722\">100% m\u1eadt hoa d\u1eeba c\u00f4 \u0111\u1eb7c s\u1ea5y kh\u00f4<\/td>\n<\/tr>\n<tr data-start=\"797\" data-end=\"870\">\n<td data-start=\"797\" data-end=\"830\" data-col-size=\"sm\"><strong data-start=\"799\" data-end=\"814\">H\u1ea1n s\u1eed d\u1ee5ng<\/strong><\/td>\n<td data-col-size=\"md\" data-start=\"830\" data-end=\"870\">18 th\u00e1ng k\u1ec3 t\u1eeb ng\u00e0y s\u1ea3n xu\u1ea5t<\/td>\n<\/tr>\n<tr data-start=\"871\" data-end=\"960\">\n<td data-start=\"871\" data-end=\"904\" data-col-size=\"sm\"><strong data-start=\"873\" data-end=\"895\">H\u01b0\u1edbng d\u1eabn b\u1ea3o qu\u1ea3n<\/strong><\/td>\n<td data-col-size=\"md\" data-start=\"904\" data-end=\"960\">\u0110\u1eady k\u00edn sau khi d\u00f9ng, tr\u00e1nh \u1ea9m v\u00e0 \u00e1nh s\u00e1ng tr\u1ef1c ti\u1ebfp<\/td>\n<\/tr>\n<\/tbody>\n<\/table>\n<p data-start=\"822\" data-end=\"1238\">Trong b\u1ed1i c\u1ea3nh ng\u00e0y c\u00e0ng nhi\u1ec1u ng\u01b0\u1eddi quan t\u00e2m \u0111\u1ebfn ch\u1ebf \u0111\u1ed9 \u0103n u\u1ed1ng l\u00e0nh m\u1ea1nh, vi\u1ec7c l\u1ef1a ch\u1ecdn \u0111\u01b0\u1eddng t\u1ef1 nhi\u00ean thay th\u1ebf cho c\u00e1c lo\u1ea1i \u0111\u01b0\u1eddng tinh luy\u1ec7n \u0111\u00e3 tr\u1edf th\u00e0nh xu h\u01b0\u1edbng ph\u1ed5 bi\u1ebfn. T\u1eeb ngu\u1ed3n nguy\u00ean li\u1ec7u ho\u00e0n to\u00e0n t\u1ef1 nhi\u00ean, quy tr\u00ecnh s\u1ea3n xu\u1ea5t h\u1eefu c\u01a1 nghi\u00eam ng\u1eb7t v\u00e0 h\u01b0\u01a1ng v\u1ecb \u0111\u1eadm \u0111\u00e0 \u0111\u1eb7c tr\u01b0ng, lo\u1ea1i \u0111\u01b0\u1eddng n\u00e0y kh\u00f4ng ch\u1ec9 \u0111\u00e1p \u1ee9ng nhu c\u1ea7u v\u1ecb gi\u00e1c m\u00e0 c\u00f2n ph\u00f9 h\u1ee3p v\u1edbi \u0111\u1ecbnh h\u01b0\u1edbng ti\u00eau d\u00f9ng c\u00f3 tr\u00e1ch nhi\u1ec7m v\u1edbi s\u1ee9c kh\u1ecfe v\u00e0 m\u00f4i tr\u01b0\u1eddng.<\/p>\n<p data-start=\"822\" data-end=\"1238\"><img fetchpriority=\"high\" decoding=\"async\" class=\"aligncenter wp-image-41307\" src=\"https:\/\/havamall.com\/wp-content\/uploads\/2025\/07\/duong-hoa-dua-huu-co-sokfarm-anh__2__22feadb4648746e684845c588abf218d_master.jpg\" alt=\"\" width=\"800\" height=\"800\" \/><\/p>\n<p data-start=\"1240\" data-end=\"1756\">\u0110\u01b0\u1ee3c s\u1ea3n xu\u1ea5t t\u1eeb m\u1eadt hoa d\u1eeba \u2013 tinh t\u00fay c\u1ee7a nh\u1eefng gi\u1ecdt hoa \u0111\u01b0\u1ee3c l\u1ea5y t\u1eeb c\u00e2y d\u1eeba n\u01b0\u1edbc \u1edf v\u00f9ng \u0111\u1ea5t Tr\u00e0 Vinh, lo\u1ea1i \u0111\u01b0\u1eddng n\u00e0y mang trong m\u00ecnh s\u1ef1 nguy\u00ean ch\u1ea5t v\u00e0 t\u1ef1 nhi\u00ean c\u1ee7a v\u00f9ng s\u00f4ng n\u01b0\u1edbc mi\u1ec1n T\u00e2y.\u00a0<strong><em>Kh\u00f4ng qua tinh luy\u1ec7n, kh\u00f4ng th\u00eam h\u00f3a ch\u1ea5t<\/em><\/strong>, m\u1ed7i gram \u0111\u01b0\u1eddng l\u00e0 m\u1ed9t ph\u1ea7n c\u1ee7a qu\u00e1 tr\u00ecnh k\u1ebft tinh thu\u1ea7n khi\u1ebft gi\u1eefa thi\u00ean nhi\u00ean v\u00e0 b\u00e0n tay con ng\u01b0\u1eddi. Qu\u00e1 tr\u00ecnh thu m\u1eadt hoa th\u1ee7 c\u00f4ng, sau \u0111\u00f3 c\u00f4 \u0111\u1eb7c r\u1ed3i s\u1ea5y kh\u00f4 \u1edf nhi\u1ec7t \u0111\u1ed9 th\u1ea5p gi\u00fap b\u1ea3o to\u00e0n t\u1ed1i \u0111a h\u00e0m l\u01b0\u1ee3ng d\u01b0\u1ee1ng ch\u1ea5t nh\u01b0 kali, magi\u00ea, k\u1ebdm v\u00e0 c\u00e1c ch\u1ea5t ch\u1ed1ng oxy h\u00f3a c\u00f3 trong m\u1eadt d\u1eeba.<\/p>\n<p data-start=\"1240\" data-end=\"1756\"><img decoding=\"async\" class=\"aligncenter wp-image-41308\" src=\"https:\/\/havamall.com\/wp-content\/uploads\/2025\/07\/duong-hoa-dua-sokfarm-dung-lam-gi-1.png\" alt=\"\" width=\"801\" height=\"801\" \/><\/p>\n<p data-start=\"1758\" data-end=\"2328\">H\u01b0\u01a1ng v\u1ecb c\u1ee7a \u0111\u01b0\u1eddng hoa d\u1eeba h\u1eefu c\u01a1 l\u00e0 s\u1ef1 h\u00f2a quy\u1ec7n tinh t\u1ebf gi\u1eefa<strong><em>\u00a0v\u1ecb ng\u1ecdt d\u1ecbu nh\u1eb9, h\u1eadu tho\u1ea3ng ch\u00fat caramel thanh m\u00e1t<\/em><\/strong>. Ch\u00ednh \u0111i\u1ec1u \u0111\u00f3 khi\u1ebfn s\u1ea3n ph\u1ea9m tr\u1edf th\u00e0nh l\u1ef1a ch\u1ecdn l\u00fd t\u01b0\u1edfng \u0111\u1ec3 d\u00f9ng cho c\u1ea3 ng\u01b0\u1eddi \u0103n chay, ng\u01b0\u1eddi theo ch\u1ebf \u0111\u1ed9 th\u1ef1c d\u01b0\u1ee1ng ho\u1eb7c nh\u1eefng ai \u0111ang mu\u1ed1n ki\u1ec3m so\u00e1t l\u01b0\u1ee3ng \u0111\u01b0\u1eddng trong kh\u1ea9u ph\u1ea7n \u0103n. Khi s\u1eed d\u1ee5ng, s\u1ea3n ph\u1ea9m tan \u0111\u1ec1u trong c\u00e1c lo\u1ea1i \u0111\u1ed3 u\u1ed1ng n\u00f3ng \u2013 l\u1ea1nh, kh\u00f4ng g\u00e2y g\u1eaft c\u1ed5, kh\u00f4ng \u0111\u1ec3 l\u1ea1i v\u1ecb \u0111\u1eafng v\u00e0 kh\u00f4ng \u00e1t m\u00f9i nguy\u00ean li\u1ec7u g\u1ed1c. Nh\u1edd v\u1eady, \u0111\u01b0\u1eddng hoa d\u1eeba kh\u00f4ng ch\u1ec9 l\u00e0 ch\u1ea5t t\u1ea1o ng\u1ecdt, m\u00e0 c\u00f2n l\u00e0 th\u00e0nh ph\u1ea7n l\u00e0m n\u1ed5i b\u1eadt s\u1ef1 h\u00e0i h\u00f2a trong t\u1eebng c\u00f4ng th\u1ee9c n\u1ea5u \u0103n hay pha ch\u1ebf.<\/p>\n<\/div>\n<p data-start=\"1758\" data-end=\"2328\"><img decoding=\"async\" class=\"aligncenter wp-image-41309\" src=\"https:\/\/havamall.com\/wp-content\/uploads\/2025\/07\/duong-hoa-dua-huu-co-sokfarm-01.jpg\" alt=\"\" width=\"803\" height=\"803\" \/><\/p>\n<div class=\"_tableWrapper_80l1q_14 group flex w-fit flex-col-reverse\">\n<blockquote>\n<p data-start=\"2330\" data-end=\"2355\"><span style=\"font-size: 18pt\"><strong><em>M\u1ed9t s\u1ed1 \u1ee9ng d\u1ee5ng ph\u1ed5 bi\u1ebfn:<\/em><\/strong><\/span><\/p>\n<\/blockquote>\n<p data-start=\"2357\" data-end=\"2636\">\u2013 Pha c\u00f9ng c\u00e0 ph\u00ea, tr\u00e0 ho\u1eb7c sinh t\u1ed1 \u0111\u1ec3 t\u1ea1o \u0111\u1ed9 ng\u1ecdt t\u1ef1 nhi\u00ean<br data-start=\"2416\" data-end=\"2419\" \/>\u2013 D\u00f9ng l\u00e0m nguy\u00ean li\u1ec7u trong c\u00e1c m\u00f3n b\u00e1nh chay ho\u1eb7c \u0111\u1ed3 tr\u00e1ng mi\u1ec7ng l\u00e0nh m\u1ea1nh<br data-start=\"2495\" data-end=\"2498\" \/>\u2013 K\u1ebft h\u1ee3p c\u00f9ng ng\u0169 c\u1ed1c, y\u1ebfn m\u1ea1ch, tr\u00e1i c\u00e2y kh\u00f4 trong kh\u1ea9u ph\u1ea7n s\u00e1ng<br data-start=\"2565\" data-end=\"2568\" \/>\u2013 R\u1eafc l\u00ean hoa qu\u1ea3 t\u01b0\u01a1i, s\u1eefa chua ho\u1eb7c m\u00f3n salad gi\u00fap t\u0103ng h\u01b0\u01a1ng v\u1ecb<\/p>\n<p data-start=\"2357\" data-end=\"2636\"><img loading=\"lazy\" decoding=\"async\" class=\"aligncenter wp-image-41310\" src=\"https:\/\/havamall.com\/wp-content\/uploads\/2025\/07\/484539539_977579704486812_4408907849695628004_n.jpg\" alt=\"\" width=\"801\" height=\"801\" \/><\/p>\n<p data-start=\"2638\" data-end=\"3080\">S\u1ea3n ph\u1ea9m kh\u00f4ng ch\u1ec9 th\u00e2n thi\u1ec7n v\u1edbi c\u01a1 th\u1ec3 m\u00e0 c\u00f2n g\u00f3p ph\u1ea7n v\u00e0o ph\u00e1t tri\u1ec3n kinh t\u1ebf xanh t\u1ea1i \u0111\u1ecba ph\u01b0\u01a1ng. SokFarm \u2013 th\u01b0\u01a1ng hi\u1ec7u ch\u1ee7 l\u1ef1c trong vi\u1ec7c ph\u00e1t tri\u1ec3n n\u00f4ng nghi\u1ec7p h\u1eefu c\u01a1 t\u1ea1i Tr\u00e0 Vinh \u2013 \u0111\u00e3 x\u00e2y d\u1ef1ng quy tr\u00ecnh s\u1ea3n xu\u1ea5t kh\u00e9p k\u00edn, minh b\u1ea1ch, kh\u00f4ng can thi\u1ec7p ch\u1ea5t t\u0103ng tr\u01b0\u1edfng, kh\u00f4ng d\u00f9ng thu\u1ed1c tr\u1eeb s\u00e2u. M\u1ed7i s\u1ea3n ph\u1ea9m kh\u00f4ng ch\u1ec9 l\u00e0 th\u1ef1c ph\u1ea9m, m\u00e0 c\u00f2n l\u00e0 \u0111\u1ea1i di\u1ec7n cho m\u1ed9t n\u1ed7 l\u1ef1c b\u1ec1n v\u1eefng gi\u1eefa doanh nghi\u1ec7p v\u00e0 c\u1ed9ng \u0111\u1ed3ng n\u00f4ng d\u00e2n tr\u1ed3ng d\u1eeba truy\u1ec1n th\u1ed1ng.<\/p>\n<p data-start=\"3082\" data-end=\"3292\">Bao b\u00ec c\u1ee7a s\u1ea3n ph\u1ea9m \u0111\u01b0\u1ee3c thi\u1ebft k\u1ebf t\u1ed1i gi\u1ea3n, d\u1ec5 b\u1ea3o qu\u1ea3n v\u00e0 t\u00e1i s\u1eed d\u1ee5ng.\u00a0<strong>S\u1ea3n ph\u1ea9m \u0111\u00e3 c\u00f3 m\u1eb7t t\u1ea1i Havamall.<\/strong><\/p>\n<\/div>\n<\/div>","protected":false},"excerpt":{"rendered":"<p>TH\u00d4NG TIN S\u1ea2N PH\u1ea8M Th\u01b0\u01a1ng hi\u1ec7u\/Nh\u00e0 s\u1ea3n xu\u1ea5t SokFarm Xu\u1ea5t x\u1ee9 Tr\u00e0 Vinh, Vi\u1ec7t Nam Tr\u1ecdng l\u01b0\u1ee3ng 300g Th\u00e0nh ph\u1ea7n<\/p>","protected":false},"featured_media":40256,"comment_status":"open","ping_status":"closed","template":"","meta":[],"product_brand":[],"product_cat":[677,255,154,131],"product_tag":[],"class_list":{"0":"post-40255","1":"product","2":"type-product","3":"status-publish","4":"has-post-thumbnail","6":"product_cat-cac-nuoc-khac","7":"product_cat-nguyen-lieu-lam-banh","8":"product_cat-gia-vi","9":"product_cat-nguyen-lieu-lam-bep","11":"first","12":"instock","13":"sale","14":"shipping-taxable","15":"purchasable","16":"product-type-variable"},"_links":{"self":[{"href":"https:\/\/havamall.vn\/en\/wp-json\/wp\/v2\/product\/40255"}],"collection":[{"href":"https:\/\/havamall.vn\/en\/wp-json\/wp\/v2\/product"}],"about":[{"href":"https:\/\/havamall.vn\/en\/wp-json\/wp\/v2\/types\/product"}],"replies":[{"embeddable":true,"href":"https:\/\/havamall.vn\/en\/wp-json\/wp\/v2\/comments?post=40255"}],"version-history":[{"count":0,"href":"https:\/\/havamall.vn\/en\/wp-json\/wp\/v2\/product\/40255\/revisions"}],"wp:featuredmedia":[{"embeddable":true,"href":"https:\/\/havamall.vn\/en\/wp-json\/wp\/v2\/media\/40256"}],"wp:attachment":[{"href":"https:\/\/havamall.vn\/en\/wp-json\/wp\/v2\/media?parent=40255"}],"wp:term":[{"taxonomy":"product_brand","embeddable":true,"href":"https:\/\/havamall.vn\/en\/wp-json\/wp\/v2\/product_brand?post=40255"},{"taxonomy":"product_cat","embeddable":true,"href":"https:\/\/havamall.vn\/en\/wp-json\/wp\/v2\/product_cat?post=40255"},{"taxonomy":"product_tag","embeddable":true,"href":"https:\/\/havamall.vn\/en\/wp-json\/wp\/v2\/product_tag?post=40255"}],"curies":[{"name":"wp","href":"https:\/\/api.w.org\/{rel}","templated":true}]}}