{"id":40238,"date":"2025-07-22T15:27:33","date_gmt":"2025-07-22T08:27:33","guid":{"rendered":"https:\/\/havamall.vn\/?post_type=product&#038;p=40238"},"modified":"2025-07-22T15:33:26","modified_gmt":"2025-07-22T08:33:26","slug":"bot-mi-caputo-nuvola-super-tipo-0-chuyen-lam-pizza-bich-25kg-caputo-0-flour-nuvola-super","status":"publish","type":"product","link":"https:\/\/havamall.vn\/en\/shop\/bot-mi-caputo-nuvola-super-tipo-0-chuyen-lam-pizza-bich-25kg-caputo-0-flour-nuvola-super\/","title":{"rendered":"B\u1ed9t M\u00ec Caputo Nuvola Super Tipo &#8220;0&#8221; Chuy\u00ean L\u00e0m Pizza B\u1ecbch 25KG \u2013 Caputo &#8220;0&#8221; Flour Nuvola Super"},"content":{"rendered":"<blockquote>\n<h2><strong>TH\u00d4NG TIN S\u1ea2N PH\u1ea8M<\/strong><\/h2>\n<\/blockquote>\n<table style=\"width: 56.8657%;height: 139px\">\n<tbody>\n<tr>\n<td>Th\u01b0\u01a1ng hi\u1ec7u<\/td>\n<td>Caputo<\/td>\n<\/tr>\n<tr>\n<td>Xu\u1ea5t x\u1ee9<\/td>\n<td>\u00dd<\/td>\n<\/tr>\n<tr>\n<td>Th\u00e0nh ph\u1ea7n<\/td>\n<td>b\u1ed9t m\u00ec<\/td>\n<\/tr>\n<tr>\n<td>H\u1ea1n s\u1eed d\u1ee5ng<\/td>\n<td>12 th\u00e1ng k\u1ec3 t\u1eeb ng\u00e0y s\u1ea3n xu\u1ea5t<\/td>\n<\/tr>\n<tr>\n<td>B\u1ea3o qu\u1ea3n<\/td>\n<td>B\u1ea3o qu\u1ea3n n\u01a1i tho\u00e1ng m\u00e1t, tr\u00e1nh \u00e1nh n\u1eafng tr\u1ef1c ti\u1ebfp<\/td>\n<\/tr>\n<tr>\n<td>Kh\u1ed1i l\u01b0\u1ee3ng<\/td>\n<td>1000g<\/td>\n<\/tr>\n<\/tbody>\n<\/table>\n<p data-start=\"211\" data-end=\"923\">Trong th\u1ebf gi\u1edbi \u1ea9m th\u1ef1c \u00dd, n\u1ebfu pizza Neapolitan \u0111\u01b0\u1ee3c xem l\u00e0 chu\u1ea9n m\u1ef1c c\u1ee7a ngh\u1ec7 thu\u1eadt n\u01b0\u1edbng b\u00e1nh th\u00ec Caputo l\u00e0 c\u00e1i t\u00ean g\u1eafn li\u1ec1n v\u1edbi tinh hoa \u1ea5y su\u1ed1t g\u1ea7n m\u1ed9t th\u1ebf k\u1ef7. \u0110\u01b0\u1ee3c th\u00e0nh l\u1eadp t\u1eeb n\u0103m 1924 t\u1ea1i Naples \u2013 c\u00e1i n\u00f4i c\u1ee7a pizza truy\u1ec1n th\u1ed1ng, nh\u00e0 m\u00e1y xay b\u1ed9t Caputo l\u00e0 bi\u1ec3u t\u01b0\u1ee3ng cho ch\u1ea5t l\u01b0\u1ee3ng v\u00e0 s\u1ef1 ki\u00ean \u0111\u1ecbnh trong g\u00ecn gi\u1eef k\u1ef9 thu\u1eadt xay x\u00e1t c\u1ed5 \u0111i\u1ec3n, \u0111\u1ed3ng th\u1eddi kh\u00f4ng ng\u1eebng nghi\u00ean c\u1ee9u ph\u00e1t tri\u1ec3n nh\u1eefng d\u00f2ng s\u1ea3n ph\u1ea9m ph\u1ee5c v\u1ee5 nhu c\u1ea7u hi\u1ec7n \u0111\u1ea1i. Trong s\u1ed1 c\u00e1c lo\u1ea1i b\u1ed9t m\u00ec cao c\u1ea5p m\u00e0 Caputo cung c\u1ea5p, d\u00f2ng\u00a0<strong data-start=\"702\" data-end=\"718\">Nuvola Super<\/strong>\u00a0l\u00e0 l\u1ef1a ch\u1ecdn h\u00e0ng \u0111\u1ea7u cho nh\u1eefng ng\u01b0\u1eddi th\u1ee3 b\u00e1nh mong mu\u1ed1n t\u1ea1o ra chi\u1ebfc pizza c\u00f3 vi\u1ec1n b\u00e1nh n\u1edf cao, ru\u1ed9t r\u1ed7ng nh\u1eb9 nh\u01b0 m\u00e2y \u2013 m\u1ed9t xu h\u01b0\u1edbng \u0111ang r\u1ea5t \u0111\u01b0\u1ee3c \u01b0a chu\u1ed9ng t\u1ea1i c\u00e1c ti\u1ec7m pizza hi\u1ec7n \u0111\u1ea1i tr\u00ean kh\u1eafp th\u1ebf gi\u1edbi.<\/p>\n<p data-start=\"211\" data-end=\"923\"><img fetchpriority=\"high\" decoding=\"async\" class=\"aligncenter\" src=\"https:\/\/havamall.com\/wp-content\/uploads\/2024\/06\/Caputo-Nuvola-Pizza-Flour.jpg\" width=\"800\" height=\"799\" \/><\/p>\n<p data-start=\"925\" data-end=\"1582\"><em><strong>Caputo Nuvola Super<\/strong><\/em>\u00a0l\u00e0 d\u00f2ng b\u1ed9t m\u00ec m\u1ec1m\u00a0<em><strong>(grano tenero)<\/strong><\/em>\u00a0lo\u1ea1i\u00a0<strong><em>&#8220;Tipo 0&#8221;<\/em><\/strong>, t\u1ee9c l\u00e0\u00a0<em><strong>\u0111\u00e3 \u0111\u01b0\u1ee3c l\u1ecdc b\u1ecf ph\u1ea7n c\u00e1m<\/strong><\/em>\u00a0nh\u01b0ng v\u1eabn\u00a0<strong><em>gi\u1eef l\u1ea1i l\u01b0\u1ee3ng l\u1edbn kho\u00e1ng ch\u1ea5t v\u00e0 protein<\/em><\/strong>\u00a0t\u1eeb ph\u1ea7n n\u1ed9i nh\u0169 c\u1ee7a h\u1ea1t l\u00faa m\u00ec. V\u1edbi\u00a0<em><strong>h\u00e0m l\u01b0\u1ee3ng protein x\u1ea5p x\u1ec9 13.5%<\/strong>\u00a0<\/em>v\u00e0 ch\u1ec9 s\u1ed1 W (<em><strong>kh\u1ea3 n\u0103ng h\u00fat n\u01b0\u1edbc v\u00e0 gi\u1eef kh\u00ed) l\u00ean \u0111\u1ebfn 330\u2013350<\/strong><\/em>,<strong><em>\u00a0Nuvola Super<\/em><\/strong>\u00a0cho ph\u00e9p nh\u00e0o b\u1ed9t v\u1edbi\u00a0<em><strong>l\u01b0\u1ee3ng n\u01b0\u1edbc l\u1edbn m\u00e0 v\u1eabn duy tr\u00ec k\u1ebft c\u1ea5u \u1ed5n \u0111\u1ecbnh, d\u1ebbo dai,<\/strong><\/em>\u00a0ph\u00f9 h\u1ee3p cho k\u1ef9 thu\u1eadt<strong><em>\u00a0\u1ee7 ch\u1eadm l\u00ean \u0111\u1ebfn 72 gi\u1edd<\/em><\/strong>. Ch\u00ednh kh\u1ea3 n\u0103ng n\u00e0y gi\u00fap h\u00ecnh th\u00e0nh m\u1ea1ng gluten linh ho\u1ea1t, gi\u1eef \u0111\u01b0\u1ee3c kh\u00ed CO\u2082 sinh ra trong qu\u00e1 tr\u00ecnh l\u00ean men, t\u1ea1o n\u00ean nh\u1eefng chi\u1ebfc b\u00e1nh c\u00f3 l\u1edbp ru\u1ed9t r\u1ed7ng \u0111\u1ec1u, v\u00e0nh b\u00e1nh ph\u1ed3ng cao v\u00e0 nh\u1eb9 \u2013 \u0111\u00fang nh\u01b0 t\u00ean g\u1ecdi \u201cNuvola\u201d trong ti\u1ebfng \u00dd, ngh\u0129a l\u00e0 \u201c\u0111\u00e1m m\u00e2y\u201d.<\/p>\n<p data-start=\"925\" data-end=\"1582\"><img decoding=\"async\" class=\"aligncenter  wp-image-40242\" src=\"https:\/\/havamall.com\/wp-content\/uploads\/2025\/07\/zz.png\" alt=\"\" width=\"800\" height=\"800\" srcset=\"https:\/\/havamall.vn\/wp-content\/uploads\/2025\/07\/zz.png 960w, https:\/\/havamall.vn\/wp-content\/uploads\/2025\/07\/zz-300x300.png 300w, https:\/\/havamall.vn\/wp-content\/uploads\/2025\/07\/zz-800x800.png 800w, https:\/\/havamall.vn\/wp-content\/uploads\/2025\/07\/zz-150x150.png 150w, https:\/\/havamall.vn\/wp-content\/uploads\/2025\/07\/zz-768x768.png 768w, https:\/\/havamall.vn\/wp-content\/uploads\/2025\/07\/zz-12x12.png 12w, https:\/\/havamall.vn\/wp-content\/uploads\/2025\/07\/zz-430x430.png 430w, https:\/\/havamall.vn\/wp-content\/uploads\/2025\/07\/zz-700x700.png 700w\" sizes=\"(max-width: 800px) 100vw, 800px\" \/><\/p>\n<p data-start=\"1584\" data-end=\"2049\">\u0110i\u1ec1u \u0111\u00e1ng ch\u00fa \u00fd l\u00e0 Caputo ho\u00e0n to\u00e0n kh\u00f4ng s\u1eed d\u1ee5ng ph\u1ee5 gia h\u00f3a h\u1ecdc trong qu\u00e1 tr\u00ecnh s\u1ea3n xu\u1ea5t.\u00a0<strong><em>B\u1ed9t Nuvola Super<\/em><\/strong>\u00a0\u0111\u01b0\u1ee3c nghi\u1ec1n t\u1eeb nh\u1eefng gi\u1ed1ng l\u00faa m\u00ec ch\u00e2u \u00c2u ch\u1ea5t l\u01b0\u1ee3ng cao, tr\u1ea3i qua quy tr\u00ecnh xay x\u00e1t truy\u1ec1n th\u1ed1ng ch\u1eadm r\u00e3i nh\u1eb1m gi\u1eef l\u1ea1i h\u01b0\u01a1ng v\u1ecb nguy\u00ean b\u1ea3n v\u00e0 gi\u00e1 tr\u1ecb dinh d\u01b0\u1ee1ng t\u1ef1 nhi\u00ean. Ch\u00ednh \u0111i\u1ec1u n\u00e0y kh\u00f4ng ch\u1ec9 mang l\u1ea1i \u0111\u1ed9 thu\u1ea7n khi\u1ebft cho th\u00e0nh ph\u1ea9m, m\u00e0 c\u00f2n khi\u1ebfn b\u1ed9t d\u1ec5 ti\u00eau h\u00f3a h\u01a1n nh\u1edd qu\u00e1 tr\u00ecnh \u1ee7 d\u00e0i gi\u00fap enzyme trong men t\u1ef1 nhi\u00ean ph\u00e2n gi\u1ea3i gluten m\u1ed9t c\u00e1ch hi\u1ec7u qu\u1ea3.<\/p>\n<p data-start=\"1584\" data-end=\"2049\"><img decoding=\"async\" class=\"aligncenter wp-image-41280\" src=\"https:\/\/havamall.com\/wp-content\/uploads\/2025\/07\/z.png\" alt=\"\" width=\"800\" height=\"800\" \/><\/p>\n<p data-start=\"2051\" data-end=\"2460\">V\u1ec1 h\u01b0\u01a1ng v\u1ecb, pizza l\u00e0m t\u1eeb Nuvola Super c\u00f3\u00a0<strong><em>v\u1ecb ng\u1ecdt h\u1eadu nh\u1eb9 nh\u00e0ng<\/em><\/strong>, ph\u1ea7n<strong><em>\u00a0v\u1ecf b\u00ean ngo\u00e0i gi\u00f2n m\u1ecfng<\/em><\/strong>\u00a0nh\u01b0ng\u00a0<strong><em>b\u00ean trong dai m\u1ec1m v\u00e0 x\u1ed1p r\u1ed7ng<\/em><\/strong>, r\u1ea5t l\u00fd t\u01b0\u1edfng \u0111\u1ec3 \u0103n c\u00f9ng c\u00e1c lo\u1ea1i topping \u0111\u01a1n gi\u1ea3n nh\u01b0 mozzarella t\u01b0\u01a1i, c\u00e0 chua bi, d\u1ea7u olive nguy\u00ean ch\u1ea5t v\u00e0 l\u00e1 h\u00fang qu\u1ebf. Ch\u00ednh s\u1ef1 t\u1ed1i gi\u1ea3n trong nguy\u00ean li\u1ec7u c\u00e0ng l\u00e0m n\u1ed5i b\u1eadt ph\u1ea7n \u0111\u1ebf b\u00e1nh \u2013 y\u1ebfu t\u1ed1 th\u01b0\u1eddng b\u1ecb xem nh\u1eb9 nh\u01b0ng l\u1ea1i \u0111\u00f3ng vai tr\u00f2 quy\u1ebft \u0111\u1ecbnh trong m\u1ed9t chi\u1ebfc pizza h\u1ea3o h\u1ea1ng.<\/p>\n<p data-start=\"2051\" data-end=\"2460\"><img loading=\"lazy\" decoding=\"async\" class=\"aligncenter\" src=\"https:\/\/havamall.com\/wp-content\/uploads\/2025\/07\/nuova-farina-Caputo-Nuvola-cornicione.jpg\" alt=\"Nuvola o Nuvola Super? Le farine del Mulino Caputo per la pizza contemporanea - Baronale\" width=\"800\" height=\"389\" \/><\/p>\n<blockquote>\n<p data-start=\"2462\" data-end=\"3161\"><span style=\"font-size: 18pt\"><strong><em>C\u00e1ch s\u1eed d\u1ee5ng Nuvola Super \u0111\u00f2i h\u1ecfi s\u1ef1 ki\u00ean nh\u1eabn v\u00e0 tu\u00e2n th\u1ee7 \u0111\u00fang k\u1ef9 thu\u1eadt \u1ee7 ch\u1eadm.<\/em><\/strong><\/span><\/p>\n<\/blockquote>\n<p data-start=\"2462\" data-end=\"3161\">Th\u00f4ng th\u01b0\u1eddng,\u00a0<strong><em>t\u1ec9 l\u1ec7 pha b\u1ed9t v\u1edbi n\u01b0\u1edbc dao \u0111\u1ed9ng t\u1eeb 65% \u0111\u1ebfn 75% t\u00f9y \u0111i\u1ec1u ki\u1ec7n kh\u00ed h\u1eadu<\/em><\/strong>. Sau khi tr\u1ed9n b\u1ed9t, n\u00ean \u0111\u1ec3\u00a0<strong><em>b\u1ed9t ngh\u1ec9 \u1edf nhi\u1ec7t \u0111\u1ed9 ph\u00f2ng 1-2 gi\u1edd<\/em><\/strong>, sau \u0111\u00f3 chia ph\u1ea7n, v\u00ea tr\u00f2n v\u00e0 cho v\u00e0o h\u1ed9p \u0111\u1eady k\u00edn \u0111\u1ec3\u00a0<strong><em>\u1ee7 l\u1ea1nh \u1edf 4\u20136\u00b0C trong kho\u1ea3ng 48 \u0111\u1ebfn 72 gi\u1edd<\/em><\/strong>. Tr\u01b0\u1edbc khi t\u1ea1o h\u00ecnh, n\u00ean \u0111\u1ec3 b\u1ed9t h\u1ed3i nhi\u1ec7t 2 ti\u1ebfng \u0111\u1ec3 \u0111\u1ea1t \u0111\u1ed9 \u0111\u00e0n h\u1ed3i t\u1ed1i \u01b0u. Trong qu\u00e1 tr\u00ecnh n\u01b0\u1edbng,\u00a0<strong><em>n\u00ean d\u00f9ng l\u00f2 c\u00f3 \u0111\u00e1 n\u01b0\u1edbng<\/em><\/strong>\u00a0pizza ho\u1eb7c\u00a0<strong><em>l\u00f2 chuy\u00ean d\u1ee5ng v\u1edbi nhi\u1ec7t \u0111\u1ed9 t\u1eeb 450\u2013500\u00b0C<\/em>\u00a0<\/strong>\u0111\u1ec3 b\u00e1nh n\u1edf ph\u1ed3ng ngay l\u1eadp t\u1ee9c trong v\u00e0i ph\u00fat \u0111\u1ea7u ti\u00ean. Nh\u1edd \u0111\u1eb7c t\u00ednh gi\u1eef kh\u00ed t\u1ed1t, b\u1ea1n s\u1ebd d\u1ec5 d\u00e0ng \u0111\u1ea1t \u0111\u01b0\u1ee3c l\u1edbp vi\u1ec1n b\u00e1nh l\u1edbn, r\u1ed7ng ru\u1ed9t, v\u00e0ng \u0111\u1ec1u m\u00e0 kh\u00f4ng c\u1ea7n can thi\u1ec7p b\u1eb1ng ph\u1ee5 gia hay ph\u1ee5 tr\u1ee3 k\u1ef9 thu\u1eadt n\u00e0o.<\/p>\n<p data-start=\"2462\" data-end=\"3161\"><img loading=\"lazy\" decoding=\"async\" class=\"aligncenter\" src=\"https:\/\/i.redd.it\/my-caputo-nuvola-super-extravangaza-v0-uvynan1q9bv81.jpg?width=3024&amp;format=pjpg&amp;auto=webp&amp;s=13fa08e406ef84d079336912d210dbb422d9164b\" alt=\"My Caputo Nuvola Super Extravangaza : r\/Pizza\" width=\"801\" height=\"1068\" \/><\/p>\n<blockquote>\n<h2 data-start=\"3185\" data-end=\"3241\">\u00a0So s\u00e1nh chi ti\u1ebft Caputo Nuvola Super vs\u00a0<strong>SaccoRosso<\/strong><\/h2>\n<\/blockquote>\n<div class=\"_tableContainer_80l1q_1\">\n<div class=\"_tableWrapper_80l1q_14 group flex w-fit flex-col-reverse\">\n<table class=\"w-fit min-w-(--thread-content-width) aligncenter\" style=\"width: 81.8205%;height: 419px\" data-start=\"3243\" data-end=\"4667\">\n<thead data-start=\"3243\" data-end=\"3372\">\n<tr style=\"height: 24px\" data-start=\"3243\" data-end=\"3372\">\n<th style=\"width: 17.3729%;height: 24px\" data-start=\"3243\" data-end=\"3269\" data-col-size=\"sm\">Ti\u00eau ch\u00ed<\/th>\n<th style=\"width: 22.3803%;height: 24px\" data-start=\"3320\" data-end=\"3372\" data-col-size=\"md\"><strong data-start=\"3322\" data-end=\"3348\">SaccoRosso (Tipo \u201c00\u201d)<\/strong><\/th>\n<th style=\"width: 25.3497%;height: 24px\"><strong data-start=\"3322\" data-end=\"3348\">Nuvola Super (Tipo \u201c0\u201d)<\/strong><\/th>\n<\/tr>\n<\/thead>\n<tbody data-start=\"3502\" data-end=\"4667\">\n<tr style=\"height: 48px\" data-start=\"3502\" data-end=\"3629\">\n<td style=\"width: 17.3729%;height: 48px\" data-start=\"3502\" data-end=\"3527\" data-col-size=\"sm\"><strong data-start=\"3504\" data-end=\"3522\">M\u1ee5c \u0111\u00edch ch\u00ednh<\/strong><\/td>\n<td style=\"width: 22.3803%;height: 48px\" data-col-size=\"md\" data-start=\"3578\" data-end=\"3629\">B\u00e1nh m\u00ec, pizza truy\u1ec1n th\u1ed1ng, b\u00e1nh ng\u1ecdt \u0111a n\u0103ng<\/td>\n<td style=\"width: 25.3497%;height: 48px\">Pizza vi\u1ec1n cao, n\u1edf x\u1ed1p nh\u01b0 m\u00e2y<\/td>\n<\/tr>\n<tr style=\"height: 24px\" data-start=\"3630\" data-end=\"3759\">\n<td style=\"width: 17.3729%;height: 24px\" data-start=\"3630\" data-end=\"3655\" data-col-size=\"sm\"><strong data-start=\"3632\" data-end=\"3644\">Lo\u1ea1i b\u1ed9t<\/strong><\/td>\n<td style=\"width: 22.3803%;height: 24px\" data-col-size=\"md\" data-start=\"3706\" data-end=\"3759\">Tipo &#8220;00&#8221;<\/td>\n<td style=\"width: 25.3497%;height: 24px\">Tipo &#8220;0&#8221;<\/td>\n<\/tr>\n<tr style=\"height: 24px\" data-start=\"3760\" data-end=\"3889\">\n<td style=\"width: 17.3729%;height: 24px\" data-start=\"3760\" data-end=\"3785\" data-col-size=\"sm\"><strong data-start=\"3762\" data-end=\"3783\">H\u00e0m l\u01b0\u1ee3ng protein<\/strong><\/td>\n<td style=\"width: 22.3803%;height: 24px\" data-col-size=\"md\" data-start=\"3836\" data-end=\"3889\">~13%<\/td>\n<td style=\"width: 25.3497%;height: 24px\">~13.5%<\/td>\n<\/tr>\n<tr style=\"height: 24px\" data-start=\"3890\" data-end=\"4019\">\n<td style=\"width: 17.3729%;height: 24px\" data-start=\"3890\" data-end=\"3915\" data-col-size=\"sm\"><strong data-start=\"3892\" data-end=\"3915\">\u0110\u1ed9 m\u1ea1nh c\u1ee7a b\u1ed9t (W)<\/strong><\/td>\n<td style=\"width: 22.3803%;height: 24px\" data-col-size=\"md\" data-start=\"3966\" data-end=\"4019\">~300\u2013320<\/td>\n<td style=\"width: 25.3497%;height: 24px\">~330\u2013350<\/td>\n<\/tr>\n<tr style=\"height: 48px\" data-start=\"4020\" data-end=\"4149\">\n<td style=\"width: 17.3729%;height: 48px\" data-start=\"4020\" data-end=\"4046\" data-col-size=\"sm\"><strong data-start=\"4022\" data-end=\"4046\">Th\u1eddi gian \u1ee7 l\u00fd t\u01b0\u1edfng<\/strong><\/td>\n<td style=\"width: 22.3803%;height: 48px\" data-col-size=\"md\" data-start=\"4097\" data-end=\"4149\">8\u201348 gi\u1edd (\u0111a d\u1ea1ng ph\u01b0\u01a1ng ph\u00e1p)<\/td>\n<td style=\"width: 25.3497%;height: 48px\">48\u201372 gi\u1edd (\u1ee7 ch\u1eadm, l\u1ea1nh)<\/td>\n<\/tr>\n<tr style=\"height: 48px\" data-start=\"4150\" data-end=\"4278\">\n<td style=\"width: 17.3729%;height: 48px\" data-start=\"4150\" data-end=\"4175\" data-col-size=\"sm\"><strong data-start=\"4152\" data-end=\"4167\">\u0110\u1ed9 h\u00fat n\u01b0\u1edbc<\/strong><\/td>\n<td style=\"width: 22.3803%;height: 48px\" data-col-size=\"md\" data-start=\"4226\" data-end=\"4278\">Trung b\u00ecnh \u2192 B\u1ed9t \u1ed5n \u0111\u1ecbnh, ki\u1ec3m so\u00e1t d\u1ec5 h\u01a1n<\/td>\n<td style=\"width: 25.3497%;height: 48px\">Cao \u2192 B\u1ed9t n\u1edf nhi\u1ec1u, crust l\u1edbn<\/td>\n<\/tr>\n<tr style=\"height: 10px\" data-start=\"4279\" data-end=\"4408\">\n<td style=\"width: 17.3729%;height: 10px\" data-start=\"4279\" data-end=\"4304\" data-col-size=\"sm\"><strong data-start=\"4281\" data-end=\"4297\">K\u1ebft c\u1ea5u b\u00e1nh<\/strong><\/td>\n<td style=\"width: 22.3803%;height: 10px\" data-col-size=\"md\" data-start=\"4355\" data-end=\"4408\">M\u1ec1m, m\u1ecbn, dai nh\u1eb9<\/td>\n<td style=\"width: 25.3497%;height: 10px\">R\u1ed7ng ru\u1ed9t, x\u1ed1p, nh\u1eb9, v\u1ecf gi\u00f2n<\/td>\n<\/tr>\n<tr style=\"height: 48px\" data-start=\"4409\" data-end=\"4537\">\n<td style=\"width: 17.3729%;height: 48px\" data-start=\"4409\" data-end=\"4434\" data-col-size=\"sm\"><strong data-start=\"4411\" data-end=\"4428\">T\u00ednh \u1ee9ng d\u1ee5ng<\/strong><\/td>\n<td style=\"width: 22.3803%;height: 48px\" data-col-size=\"md\" data-start=\"4485\" data-end=\"4537\">\u0110a n\u0103ng: pizza, b\u00e1nh m\u00ec, b\u00e1nh ng\u1ecdt<\/td>\n<td style=\"width: 25.3497%;height: 48px\">Chuy\u00ean cho pizza vi\u1ec1n ph\u1ed3ng<\/td>\n<\/tr>\n<tr style=\"height: 48px\" data-start=\"4538\" data-end=\"4667\">\n<td style=\"width: 17.3729%;height: 48px\" data-start=\"4538\" data-end=\"4563\" data-col-size=\"sm\"><strong data-start=\"4540\" data-end=\"4560\">Bao b\u00ec \u0111\u1eb7c tr\u01b0ng<\/strong><\/td>\n<td style=\"width: 22.3803%;height: 48px\" data-col-size=\"md\" data-start=\"4614\" data-end=\"4667\">M\u00e0u \u0111\u1ecf, h\u1ecda ti\u1ebft l\u00f2 b\u00e1nh m\u00ec &amp; ph\u00f4 mai<\/td>\n<td style=\"width: 25.3497%;height: 48px\">M\u00e0u tr\u1eafng \u2013 t\u00edm, h\u00ecnh v\u1ecf s\u00f2 &amp; pizza<\/td>\n<\/tr>\n<\/tbody>\n<\/table>\n<\/div>\n<\/div>\n<p data-start=\"3163\" data-end=\"3493\"><img loading=\"lazy\" decoding=\"async\" class=\"aligncenter\" src=\"https:\/\/havamall.com\/wp-content\/uploads\/2025\/07\/Bot-mi-Y.webp\" width=\"800\" height=\"448\" \/><\/p>\n<p data-start=\"3163\" data-end=\"3493\"><strong><em>Caputo Nuvola Super<\/em><\/strong>\u00a0kh\u00f4ng ch\u1ec9 d\u00e0nh cho c\u00e1c \u0111\u1ea7u b\u1ebfp chuy\u00ean nghi\u1ec7p m\u00e0 c\u00f2n l\u00e0 l\u1ef1a ch\u1ecdn ho\u00e0n h\u1ea3o cho nh\u1eefng ng\u01b0\u1eddi y\u00eau th\u00edch l\u00e0m b\u00e1nh t\u1ea1i nh\u00e0 mu\u1ed1n kh\u00e1m ph\u00e1 \u0111\u1ed9 cao c\u1ea5p th\u1ef1c s\u1ef1 c\u1ee7a b\u1ed9t m\u00ec \u00dd. \u0110\u00e2y l\u00e0 minh ch\u1ee9ng cho tri\u1ebft l\u00fd c\u1ee7a Caputo: t\u00f4n tr\u1ecdng nguy\u00ean li\u1ec7u, gi\u1eef g\u00ecn truy\u1ec1n th\u1ed1ng v\u00e0 n\u00e2ng t\u1ea7m tr\u1ea3i nghi\u1ec7m \u1ea9m th\u1ef1c b\u1eb1ng s\u1ef1 tinh t\u1ebf v\u00e0 t\u1ef1 nhi\u00ean. S<strong><em>\u1ea3n ph\u1ea9m c\u00f3 s\u1eb5n t\u1ea1i c\u1eeda h\u00e0ng, \u0111\u1eb7t mua li\u00ean h\u1ec7 ngay v\u1edbi Havamall.<\/em><\/strong><\/p>","protected":false},"excerpt":{"rendered":"<p>TH\u00d4NG TIN S\u1ea2N PH\u1ea8M Th\u01b0\u01a1ng hi\u1ec7u Caputo Xu\u1ea5t x\u1ee9 \u00dd Th\u00e0nh ph\u1ea7n b\u1ed9t m\u00ec H\u1ea1n s\u1eed d\u1ee5ng 12 th\u00e1ng k\u1ec3<\/p>","protected":false},"featured_media":40239,"comment_status":"open","ping_status":"closed","template":"","meta":[],"product_brand":[],"product_cat":[255,672],"product_tag":[],"class_list":{"0":"post-40238","1":"product","2":"type-product","3":"status-publish","4":"has-post-thumbnail","6":"product_cat-nguyen-lieu-lam-banh","7":"product_cat-nhap-khau-y","9":"first","10":"instock","11":"sale","12":"shipping-taxable","13":"purchasable","14":"product-type-simple"},"_links":{"self":[{"href":"https:\/\/havamall.vn\/en\/wp-json\/wp\/v2\/product\/40238"}],"collection":[{"href":"https:\/\/havamall.vn\/en\/wp-json\/wp\/v2\/product"}],"about":[{"href":"https:\/\/havamall.vn\/en\/wp-json\/wp\/v2\/types\/product"}],"replies":[{"embeddable":true,"href":"https:\/\/havamall.vn\/en\/wp-json\/wp\/v2\/comments?post=40238"}],"version-history":[{"count":0,"href":"https:\/\/havamall.vn\/en\/wp-json\/wp\/v2\/product\/40238\/revisions"}],"wp:featuredmedia":[{"embeddable":true,"href":"https:\/\/havamall.vn\/en\/wp-json\/wp\/v2\/media\/40239"}],"wp:attachment":[{"href":"https:\/\/havamall.vn\/en\/wp-json\/wp\/v2\/media?parent=40238"}],"wp:term":[{"taxonomy":"product_brand","embeddable":true,"href":"https:\/\/havamall.vn\/en\/wp-json\/wp\/v2\/product_brand?post=40238"},{"taxonomy":"product_cat","embeddable":true,"href":"https:\/\/havamall.vn\/en\/wp-json\/wp\/v2\/product_cat?post=40238"},{"taxonomy":"product_tag","embeddable":true,"href":"https:\/\/havamall.vn\/en\/wp-json\/wp\/v2\/product_tag?post=40238"}],"curies":[{"name":"wp","href":"https:\/\/api.w.org\/{rel}","templated":true}]}}