{"id":40222,"date":"2025-07-22T11:04:28","date_gmt":"2025-07-22T04:04:28","guid":{"rendered":"https:\/\/havamall.vn\/?post_type=product&#038;p=40222"},"modified":"2025-07-22T11:04:28","modified_gmt":"2025-07-22T04:04:28","slug":"nuoc-tuong-mat-hoa-dua-huu-co-sokfarm-organic-coconut-blossom-soy-sauce","status":"publish","type":"product","link":"https:\/\/havamall.vn\/en\/shop\/nuoc-tuong-mat-hoa-dua-huu-co-sokfarm-organic-coconut-blossom-soy-sauce\/","title":{"rendered":"N\u01b0\u1edbc T\u01b0\u01a1ng M\u1eadt Hoa D\u1eeba H\u1eefu C\u01a1 Sokfarm \u2013 Organic Coconut Blossom Soy Sauce"},"content":{"rendered":"<blockquote>\n<h3 data-start=\"165\" data-end=\"191\"><em><strong data-start=\"169\" data-end=\"191\">TH\u00d4NG TIN S\u1ea2N PH\u1ea8M<\/strong><\/em><\/h3>\n<\/blockquote>\n<div class=\"_tableContainer_80l1q_1\">\n<div class=\"_tableWrapper_80l1q_14 group flex w-fit flex-col-reverse\">\n<table class=\"w-fit min-w-(--thread-content-width)\" style=\"width: 69.6197%;height: 232px\" data-start=\"193\" data-end=\"1335\">\n<tbody data-start=\"413\" data-end=\"1335\">\n<tr data-start=\"413\" data-end=\"523\">\n<td data-start=\"413\" data-end=\"442\" data-col-size=\"sm\">Th\u01b0\u01a1ng hi\u1ec7u<\/td>\n<td data-start=\"442\" data-end=\"523\" data-col-size=\"md\">SokFarm<\/td>\n<\/tr>\n<tr data-start=\"524\" data-end=\"652\">\n<td data-start=\"524\" data-end=\"553\" data-col-size=\"sm\">Xu\u1ea5t x\u1ee9<\/td>\n<td data-start=\"553\" data-end=\"652\" data-col-size=\"md\"><span class=\"relative -mx-px my-[-0.2rem] rounded px-px py-[0.2rem] transition-colors duration-100 ease-in-out\">Vi\u1ec7t Nam (Tr\u00e0 Vinh)<\/span><\/td>\n<\/tr>\n<tr data-start=\"653\" data-end=\"763\">\n<td data-start=\"653\" data-end=\"682\" data-col-size=\"sm\">Dung t\u00edch<\/td>\n<td data-col-size=\"md\" data-start=\"682\" data-end=\"763\">500 ml v\u00e0 1 L\u00edt<\/td>\n<\/tr>\n<tr data-start=\"764\" data-end=\"860\">\n<td data-start=\"764\" data-end=\"793\" data-col-size=\"sm\">Th\u00e0nh ph\u1ea7n<\/td>\n<td data-start=\"793\" data-end=\"860\" data-col-size=\"md\"><span class=\"relative -mx-px my-[-0.2rem] rounded px-px py-[0.2rem] transition-colors duration-100 ease-in-out\">Xem chi ti\u1ebft tr\u00ean bao b\u00ec<\/span><\/td>\n<\/tr>\n<tr data-start=\"861\" data-end=\"963\">\n<td data-start=\"861\" data-end=\"890\" data-col-size=\"sm\">Ch\u1ee9ng nh\u1eadn<\/td>\n<td data-start=\"890\" data-end=\"963\" data-col-size=\"md\"><span class=\"relative -mx-px my-[-0.2rem] rounded px-px py-[0.2rem] transition-colors duration-100 ease-in-out\">H\u1eefu c\u01a1 (USDA, JAS, EU), ISO\u202f22000, HACCP, FDA<\/span><\/td>\n<\/tr>\n<tr data-start=\"964\" data-end=\"1090\">\n<td data-start=\"964\" data-end=\"1012\" data-col-size=\"sm\"><span class=\"relative -mx-px my-[-0.2rem] rounded px-px py-[0.2rem] transition-colors duration-100 ease-in-out\">C\u00f4ng ngh\u1ec7 s\u1ea3n xu\u1ea5t<\/span><\/td>\n<td data-start=\"1012\" data-end=\"1090\" data-col-size=\"md\"><span class=\"relative -mx-px my-[-0.2rem] rounded px-px py-[0.2rem] transition-colors duration-100 ease-in-out\">Thanh tr\u00f9ng, \u0111\u00f3ng chai n\u00f3ng, b\u1ea3o qu\u1ea3n l\u1ea1nh \u0111\u1ec3 gi\u1eef v\u1ecb t\u01b0\u01a1i nguy\u00ean<\/span><\/td>\n<\/tr>\n<tr data-start=\"1091\" data-end=\"1199\">\n<td data-start=\"1091\" data-end=\"1120\" data-col-size=\"sm\">Kh\u00f4ng ch\u1ee9a<\/td>\n<td data-start=\"1120\" data-end=\"1199\" data-col-size=\"md\">\u0110\u01b0\u1eddng tinh luy\u1ec7n, ch\u1ea5t b\u1ea3o qu\u1ea3n<\/td>\n<\/tr>\n<tr data-start=\"1200\" data-end=\"1335\">\n<td data-start=\"1200\" data-end=\"1229\" data-col-size=\"sm\">B\u1ea3o qu\u1ea3n<\/td>\n<td data-start=\"1229\" data-end=\"1335\" data-col-size=\"md\">\u0110\u1eady k\u00edn sau khi m\u1edf, b\u1ea3o qu\u1ea3n n\u01a1i kh\u00f4 r\u00e1o, tho\u00e1ng m\u00e1t, tr\u00e1nh \u00e1nh n\u1eafng tr\u1ef1c ti\u1ebfp<\/td>\n<\/tr>\n<\/tbody>\n<\/table>\n<p data-start=\"129\" data-end=\"648\">D\u01b0 v\u1ecb \u0111\u1eb7c tr\u01b0ng c\u1ee7a \u1ea9m th\u1ef1c Vi\u1ec7t lu\u00f4n \u0111\u01b0\u1ee3c vun \u0111\u1eafp t\u1eeb nh\u1eefng nguy\u00ean li\u1ec7u thu\u1ea7n t\u1ef1 nhi\u00ean, k\u1ebft tinh t\u1eeb s\u1ef1 t\u1ec9 m\u1ec9 trong t\u1eebng kh\u00e2u ch\u1ecdn l\u1ef1a, ch\u1ebf bi\u1ebfn v\u00e0 l\u00ean men. Khi n\u00f3i \u0111\u1ebfn n\u01b0\u1edbc t\u01b0\u01a1ng \u2013 m\u1ed9t lo\u1ea1i gia v\u1ecb quen thu\u1ed9c trong h\u1ea7u h\u1ebft b\u1eefa c\u01a1m Vi\u1ec7t \u2013 nhi\u1ec1u ng\u01b0\u1eddi s\u1ebd ngh\u0129 ngay \u0111\u1ebfn v\u1ecb \u0111\u1eadm \u0111\u00e0, th\u01a1m d\u1ecbu, h\u1eadu ng\u1ecdt nh\u1eb9 \u0111\u1eb7c tr\u01b0ng t\u1eeb \u0111\u1eadu n\u00e0nh. Tuy nhi\u00ean, n\u1ebfu k\u1ebft h\u1ee3p v\u1edbi ngu\u1ed3n \u0111\u01b0\u1eddng t\u1ef1 nhi\u00ean tinh khi\u1ebft t\u1eeb hoa d\u1eeba t\u01b0\u01a1i, l\u1ea1i c\u00e0ng l\u00e0m n\u00ean m\u1ed9t bi\u1ebfn t\u1ea5u \u0111\u1ea7y th\u00fa v\u1ecb, v\u1eeba m\u1edbi l\u1ea1 v\u1eeba l\u00e0nh m\u1ea1nh, \u0111em \u0111\u1ebfn tr\u1ea3i nghi\u1ec7m ho\u00e0n to\u00e0n kh\u00e1c bi\u1ec7t cho v\u1ecb gi\u00e1c.<\/p>\n<p data-start=\"650\" data-end=\"1162\">D\u1ef1a tr\u00ean tri\u1ebft l\u00fd s\u1ea3n xu\u1ea5t n\u00f4ng nghi\u1ec7p sinh th\u00e1i,\u00a0<em><strong>N\u01b0\u1edbc T\u01b0\u01a1ng M\u1eadt Hoa D\u1eeba H\u1eefu C\u01a1 Sokfarm \u2013 Organic Coconut Blossom Soy Sauce<\/strong><\/em>\u00a0\u0111\u1ebfn t\u1eeb th\u01b0\u01a1ng hi\u1ec7u\u00a0<strong>SokFarm<\/strong>\u00a0\u0111\u01b0\u1ee3c ch\u1ebf bi\u1ebfn t\u1eeb \u0111\u1eadu n\u00e0nh kh\u00f4ng bi\u1ebfn \u0111\u1ed5i gen, l\u00ean men t\u1ef1 nhi\u00ean c\u00f9ng m\u1eadt hoa d\u1eeba h\u1eefu c\u01a1 nguy\u00ean ch\u1ea5t. Qu\u00e1 tr\u00ecnh s\u1ea3n xu\u1ea5t kh\u00f4ng s\u1eed d\u1ee5ng ch\u1ea5t b\u1ea3o qu\u1ea3n, h\u01b0\u01a1ng li\u1ec7u t\u1ed5ng h\u1ee3p hay t\u1ea1o m\u00e0u, gi\u1eef v\u1eb9n nguy\u00ean b\u1ea3n ch\u1ea5t thanh l\u00e0nh c\u1ee7a t\u1eebng nguy\u00ean li\u1ec7u. Kh\u00f4ng ch\u1ec9 l\u00e0 m\u1ed9t s\u1ea3n ph\u1ea9m an to\u00e0n v\u1edbi s\u1ee9c kh\u1ecfe, \u0111\u00e2y c\u00f2n l\u00e0 m\u1ed9t l\u1ef1a ch\u1ecdn ph\u00f9 h\u1ee3p v\u1edbi xu h\u01b0\u1edbng s\u1ed1ng xanh, \u0103n s\u1ea1ch ng\u00e0y nay.<\/p>\n<p data-start=\"650\" data-end=\"1162\"><img fetchpriority=\"high\" decoding=\"async\" class=\"aligncenter\" src=\"https:\/\/havamall.com\/wp-content\/uploads\/2025\/07\/nuoc-tuong-mat-hoa-dua-sokfarm-dung-nhu-the-nao-2.png\" width=\"800\" height=\"800\" \/><\/p>\n<p data-start=\"1164\" data-end=\"1770\"><em><strong>N\u01b0\u1edbc t\u01b0\u01a1ng m\u1eadt hoa d\u1eeba<\/strong>\u00a0<\/em>c\u00f3\u00a0<strong><em>m\u00e0u n\u00e2u c\u00e1nh gi\u00e1n \u0111\u1eadm, s\u00e1nh nh\u1eb9, m\u00f9i th\u01a1m d\u1ecbu<\/em><\/strong>\u00a0c\u1ee7a \u0111\u1eadu l\u00ean men h\u00f2a quy\u1ec7n c\u00f9ng h\u01b0\u01a1ng ng\u1ecdt thanh t\u1eeb m\u1eadt hoa d\u1eeba. V\u1ecb c\u1ee7a n\u01b0\u1edbc t\u01b0\u01a1ng\u00a0<strong><em>kh\u00f4ng qu\u00e1 m\u1eb7n, h\u1eadu v\u1ecb ng\u1ecdt t\u1ef1 nhi\u00ean<\/em>\u00a0<\/strong>khi\u1ebfn m\u00f3n \u0103n th\u00eam ph\u1ea7n c\u00e2n b\u1eb1ng, kh\u00f4ng g\u00e2y c\u1ea3m gi\u00e1c g\u1eaft c\u1ed5 hay d\u01b0 v\u1ecb nh\u00e2n t\u1ea1o nh\u01b0 m\u1ed9t s\u1ed1 lo\u1ea1i n\u01b0\u1edbc t\u01b0\u01a1ng c\u00f4ng nghi\u1ec7p tr\u00ean th\u1ecb tr\u01b0\u1eddng. S\u1ea3n ph\u1ea9m n\u00e0y \u0111\u1eb7c bi\u1ec7t\u00a0<strong><em>ph\u00f9 h\u1ee3p \u0111\u1ec3 ch\u1ea5m tr\u1ef1c ti\u1ebfp, n\u00eam n\u1ebfm m\u00f3n chay ho\u1eb7c d\u00f9ng l\u00e0m n\u01b0\u1edbc s\u1ed1t n\u1ec1n cho c\u00e1c m\u00f3n cu\u1ed1n, salad, x\u00e0o rau c\u1ee7.<\/em><\/strong>\u00a0Nh\u1edd \u0111\u1eb7c t\u00ednh d\u1ecbu nh\u1eb9 v\u00e0 t\u1ef1 nhi\u00ean, n\u00f3 c\u00f3 th\u1ec3 d\u00f9ng cho c\u1ea3 ng\u01b0\u1eddi l\u1edbn tu\u1ed5i v\u00e0 tr\u1ebb em, k\u1ec3 c\u1ea3 nh\u1eefng ai \u0103n ki\u00eang ho\u1eb7c c\u1ea7n gi\u1ea3m l\u01b0\u1ee3ng natri trong kh\u1ea9u ph\u1ea7n.<\/p>\n<p data-start=\"1164\" data-end=\"1770\"><img decoding=\"async\" class=\"aligncenter  wp-image-41275\" src=\"https:\/\/havamall.com\/wp-content\/uploads\/2025\/07\/440424032-772742364970548-4432910499475023957-n.jpg\" alt=\"\" width=\"800\" height=\"781\" \/><\/p>\n<p data-start=\"1772\" data-end=\"2131\">Kh\u00f4ng d\u1eebng l\u1ea1i \u1edf vi\u1ec7c thay th\u1ebf \u0111\u01b0\u1eddng c\u00f4ng nghi\u1ec7p b\u1eb1ng m\u1eadt hoa d\u1eeba,\u00a0<em><strong>SokFarm<\/strong>\u00a0<\/em>c\u00f2n \u00e1p d\u1ee5ng quy tr\u00ecnh s\u1ea3n xu\u1ea5t\u00a0<strong><em>\u0111\u1ea1t chu\u1ea9n h\u1eefu c\u01a1 USDA &amp; EU Organic<\/em><\/strong>, t\u1eeb kh\u00e2u thu ho\u1ea1ch m\u1eadt \u0111\u1ebfn kh\u00e2u \u0111\u00f3ng chai. Nh\u1edd \u0111\u00f3, m\u1ed7i gi\u1ecdt n\u01b0\u1edbc t\u01b0\u01a1ng kh\u00f4ng ch\u1ec9 l\u00e0 gia v\u1ecb, m\u00e0 c\u00f2n l\u00e0 k\u1ebft tinh c\u1ee7a tri th\u1ee9c b\u1ea3n \u0111\u1ecba k\u1ebft h\u1ee3p v\u1edbi ti\u1ebfn b\u1ed9 khoa h\u1ecdc, mang l\u1ea1i l\u1ee3i \u00edch to\u00e0n di\u1ec7n cho s\u1ee9c kh\u1ecfe v\u00e0 m\u00f4i tr\u01b0\u1eddng.<\/p>\n<p data-start=\"1772\" data-end=\"2131\"><img decoding=\"async\" class=\"aligncenter  wp-image-41276\" src=\"https:\/\/havamall.com\/wp-content\/uploads\/2025\/07\/514280364_1063763532535095_6279582299098545059_n.jpg\" alt=\"\" width=\"800\" height=\"800\" \/><\/p>\n<blockquote>\n<p data-start=\"2133\" data-end=\"2164\"><span style=\"font-size: 18pt\"><em><strong>\u01afU \u0110I\u1ec2M N\u1ed4I B\u1eacT C\u1ee6A S\u1ea2N PH\u1ea8M<\/strong><\/em><\/span><\/p>\n<\/blockquote>\n<ul data-start=\"2165\" data-end=\"2522\">\n<li data-start=\"2165\" data-end=\"2216\">\n<p data-start=\"2167\" data-end=\"2216\">L\u00ean men t\u1ef1 nhi\u00ean t\u1eeb \u0111\u1eadu n\u00e0nh kh\u00f4ng bi\u1ebfn \u0111\u1ed5i gen<\/p>\n<\/li>\n<li data-start=\"2217\" data-end=\"2277\">\n<p data-start=\"2219\" data-end=\"2277\">Kh\u00f4ng ch\u1ee9a ch\u1ea5t b\u1ea3o qu\u1ea3n, ph\u1ea9m m\u00e0u ho\u1eb7c \u0111\u01b0\u1eddng tinh luy\u1ec7n<\/p>\n<\/li>\n<li data-start=\"2278\" data-end=\"2347\">\n<p data-start=\"2280\" data-end=\"2347\">S\u1eed d\u1ee5ng m\u1eadt hoa d\u1eeba h\u1eefu c\u01a1 SokFarm thay th\u1ebf ho\u00e0n to\u00e0n \u0111\u01b0\u1eddng tr\u1eafng<\/p>\n<\/li>\n<li data-start=\"2348\" data-end=\"2407\">\n<p data-start=\"2350\" data-end=\"2407\">H\u00e0m l\u01b0\u1ee3ng natri th\u1ea5p h\u01a1n so v\u1edbi n\u01b0\u1edbc t\u01b0\u01a1ng th\u00f4ng th\u01b0\u1eddng<\/p>\n<\/li>\n<li data-start=\"2408\" data-end=\"2460\">\n<p data-start=\"2410\" data-end=\"2460\">\u0110\u1ea1t ch\u1ee9ng nh\u1eadn h\u1eefu c\u01a1 theo ti\u00eau chu\u1ea9n USDA v\u00e0 EU<\/p>\n<\/li>\n<li data-start=\"2461\" data-end=\"2522\">\n<p data-start=\"2463\" data-end=\"2522\">Ph\u00f9 h\u1ee3p v\u1edbi ng\u01b0\u1eddi \u0103n chay, ng\u01b0\u1eddi theo ch\u1ebf \u0111\u1ed9 thu\u1ea7n th\u1ef1c v\u1eadt<\/p>\n<\/li>\n<\/ul>\n<p><img loading=\"lazy\" decoding=\"async\" class=\"aligncenter\" src=\"https:\/\/scontent.fsgn19-1.fna.fbcdn.net\/v\/t39.30808-6\/515435832_1063112972600151_3058519214810722275_n.jpg?_nc_cat=111&amp;ccb=1-7&amp;_nc_sid=127cfc&amp;_nc_ohc=YqEZdWE4wGUQ7kNvwGQalgM&amp;_nc_oc=Adk-7ANQfeznzEoZhNkWa7MbWI17tfP8ZTOKGK025tt3GOt-xKkGACbeJW1shuF1GrE3Rpve_3OOyKaGnbKk-69p&amp;_nc_zt=23&amp;_nc_ht=scontent.fsgn19-1.fna&amp;_nc_gid=TUro76Th6FbjUNsk8sDQsw&amp;oh=00_AfSZuthZLro9NJq3on9pYRs_-sAuAcHcvpYAjF3Ey2L5bg&amp;oe=6884F7B2\" width=\"800\" height=\"533\" \/><\/p>\n<p data-start=\"2524\" data-end=\"2815\">S\u1ef1 kh\u00e1c bi\u1ec7t \u0111\u1ebfn t\u1eeb ngu\u1ed3n nguy\u00ean li\u1ec7u \u0111\u1eb7c h\u1eefu \u2013 m\u1eadt hoa d\u1eeba \u2013 kh\u00f4ng ch\u1ec9 l\u00e0 \u0111i\u1ec3m s\u00e1ng trong h\u01b0\u01a1ng v\u1ecb m\u00e0 c\u00f2n g\u00f3p ph\u1ea7n b\u1ea3o t\u1ed3n sinh k\u1ebf c\u1ed9ng \u0111\u1ed3ng n\u00f4ng d\u00e2n v\u00f9ng B\u1ebfn Tre. \u0110\u00e2y l\u00e0 minh ch\u1ee9ng cho m\u00f4 h\u00ecnh s\u1ea3n xu\u1ea5t b\u1ec1n v\u1eefng, g\u1eafn k\u1ebft gi\u1eefa l\u1ee3i \u00edch s\u1ee9c kh\u1ecfe ng\u01b0\u1eddi ti\u00eau d\u00f9ng v\u00e0 tr\u00e1ch nhi\u1ec7m v\u1edbi thi\u00ean nhi\u00ean.\u00a0<strong data-start=\"2817\" data-end=\"2853\">S\u1ea3n ph\u1ea9m \u0111\u00e3 c\u00f3 m\u1eb7t t\u1ea1i Havamall.<\/strong><\/p>\n<\/div>\n<\/div>\n","protected":false},"excerpt":{"rendered":"<p>TH\u00d4NG TIN S\u1ea2N PH\u1ea8M Th\u01b0\u01a1ng hi\u1ec7u SokFarm Xu\u1ea5t x\u1ee9 Vi\u1ec7t Nam (Tr\u00e0 Vinh) Dung t\u00edch 500 ml v\u00e0 1 L\u00edt<\/p>","protected":false},"featured_media":40223,"comment_status":"open","ping_status":"closed","template":"","meta":[],"product_brand":[],"product_cat":[677,256],"product_tag":[],"class_list":{"0":"post-40222","1":"product","2":"type-product","3":"status-publish","4":"has-post-thumbnail","6":"product_cat-cac-nuoc-khac","7":"product_cat-thuc-pham-huu-co","9":"first","10":"instock","11":"sale","12":"shipping-taxable","13":"purchasable","14":"product-type-variable"},"_links":{"self":[{"href":"https:\/\/havamall.vn\/en\/wp-json\/wp\/v2\/product\/40222"}],"collection":[{"href":"https:\/\/havamall.vn\/en\/wp-json\/wp\/v2\/product"}],"about":[{"href":"https:\/\/havamall.vn\/en\/wp-json\/wp\/v2\/types\/product"}],"replies":[{"embeddable":true,"href":"https:\/\/havamall.vn\/en\/wp-json\/wp\/v2\/comments?post=40222"}],"version-history":[{"count":0,"href":"https:\/\/havamall.vn\/en\/wp-json\/wp\/v2\/product\/40222\/revisions"}],"wp:featuredmedia":[{"embeddable":true,"href":"https:\/\/havamall.vn\/en\/wp-json\/wp\/v2\/media\/40223"}],"wp:attachment":[{"href":"https:\/\/havamall.vn\/en\/wp-json\/wp\/v2\/media?parent=40222"}],"wp:term":[{"taxonomy":"product_brand","embeddable":true,"href":"https:\/\/havamall.vn\/en\/wp-json\/wp\/v2\/product_brand?post=40222"},{"taxonomy":"product_cat","embeddable":true,"href":"https:\/\/havamall.vn\/en\/wp-json\/wp\/v2\/product_cat?post=40222"},{"taxonomy":"product_tag","embeddable":true,"href":"https:\/\/havamall.vn\/en\/wp-json\/wp\/v2\/product_tag?post=40222"}],"curies":[{"name":"wp","href":"https:\/\/api.w.org\/{rel}","templated":true}]}}