{"id":40217,"date":"2025-07-21T17:20:54","date_gmt":"2025-07-21T10:20:54","guid":{"rendered":"https:\/\/havamall.vn\/?post_type=product&#038;p=40217"},"modified":"2025-07-21T17:20:54","modified_gmt":"2025-07-21T10:20:54","slug":"nuoc-uong-mat-hoa-dua-tuoi-sokfarm-250-ml-bao-quan-lanh-sokfarm-coconut-flower-nectar-drink-250-ml","status":"publish","type":"product","link":"https:\/\/havamall.vn\/en\/shop\/nuoc-uong-mat-hoa-dua-tuoi-sokfarm-250-ml-bao-quan-lanh-sokfarm-coconut-flower-nectar-drink-250-ml\/","title":{"rendered":"N\u01b0\u1edbc U\u1ed1ng M\u1eadt Hoa D\u1eeba T\u01b0\u01a1i SokFarm 250\u202fml [B\u1ea3o Qu\u1ea3n L\u1ea1nh] \u2013 SokFarm Coconut Flower Nectar Drink 250\u202fml"},"content":{"rendered":"<blockquote>\n<h3 data-start=\"165\" data-end=\"191\"><em><span style=\"font-size: 18pt\"><strong data-start=\"169\" data-end=\"191\">TH\u00d4NG TIN S\u1ea2N PH\u1ea8M<\/strong><\/span><\/em><\/h3>\n<\/blockquote>\n<div class=\"_tableContainer_80l1q_1\">\n<div class=\"_tableWrapper_80l1q_14 group flex w-fit flex-col-reverse\">\n<table class=\"w-fit min-w-(--thread-content-width)\" style=\"width: 57.5761%\" data-start=\"193\" data-end=\"1335\">\n<thead data-start=\"193\" data-end=\"302\">\n<tr data-start=\"193\" data-end=\"302\">\n<th style=\"width: 23.3974%\" data-start=\"193\" data-end=\"222\" data-col-size=\"sm\"><strong data-start=\"195\" data-end=\"209\">Thu\u1ed9c T\u00ednh<\/strong><\/th>\n<th style=\"width: 101.763%\" data-start=\"222\" data-end=\"302\" data-col-size=\"md\"><strong data-start=\"224\" data-end=\"236\">Chi Ti\u1ebft<\/strong><\/th>\n<\/tr>\n<\/thead>\n<tbody data-start=\"413\" data-end=\"1335\">\n<tr data-start=\"413\" data-end=\"523\">\n<td style=\"width: 23.3974%\" data-start=\"413\" data-end=\"442\" data-col-size=\"sm\">Th\u01b0\u01a1ng hi\u1ec7u<\/td>\n<td style=\"width: 101.763%\" data-start=\"442\" data-end=\"523\" data-col-size=\"md\">SokFarm<\/td>\n<\/tr>\n<tr data-start=\"524\" data-end=\"652\">\n<td style=\"width: 23.3974%\" data-start=\"524\" data-end=\"553\" data-col-size=\"sm\">Xu\u1ea5t x\u1ee9<\/td>\n<td style=\"width: 101.763%\" data-start=\"553\" data-end=\"652\" data-col-size=\"md\"><span class=\"relative -mx-px my-[-0.2rem] rounded px-px py-[0.2rem] transition-colors duration-100 ease-in-out\">Vi\u1ec7t Nam (Tr\u00e0 Vinh)<\/span><\/td>\n<\/tr>\n<tr data-start=\"653\" data-end=\"763\">\n<td style=\"width: 23.3974%\" data-start=\"653\" data-end=\"682\" data-col-size=\"sm\">Dung t\u00edch<\/td>\n<td style=\"width: 101.763%\" data-col-size=\"md\" data-start=\"682\" data-end=\"763\">250\u202fml<\/td>\n<\/tr>\n<tr data-start=\"764\" data-end=\"860\">\n<td style=\"width: 23.3974%\" data-start=\"764\" data-end=\"793\" data-col-size=\"sm\">Th\u00e0nh ph\u1ea7n<\/td>\n<td style=\"width: 101.763%\" data-start=\"793\" data-end=\"860\" data-col-size=\"md\"><span class=\"relative -mx-px my-[-0.2rem] rounded px-px py-[0.2rem] transition-colors duration-100 ease-in-out\">100% m\u1eadt hoa d\u1eeba thu th\u1ee7 c\u00f4ng t\u1eeb hoa d\u1eeba t\u1ef1 nhi\u00ean<\/span><\/td>\n<\/tr>\n<tr data-start=\"861\" data-end=\"963\">\n<td style=\"width: 23.3974%\" data-start=\"861\" data-end=\"890\" data-col-size=\"sm\">Ch\u1ee9ng nh\u1eadn<\/td>\n<td style=\"width: 101.763%\" data-start=\"890\" data-end=\"963\" data-col-size=\"md\"><span class=\"relative -mx-px my-[-0.2rem] rounded px-px py-[0.2rem] transition-colors duration-100 ease-in-out\">H\u1eefu c\u01a1 (USDA, JAS, EU), ISO\u202f22000, HACCP, FDA<\/span><\/td>\n<\/tr>\n<tr data-start=\"964\" data-end=\"1090\">\n<td style=\"width: 23.3974%\" data-start=\"964\" data-end=\"1012\" data-col-size=\"sm\"><span class=\"relative -mx-px my-[-0.2rem] rounded px-px py-[0.2rem] transition-colors duration-100 ease-in-out\">C\u00f4ng ngh\u1ec7 s\u1ea3n xu\u1ea5t<\/span><\/td>\n<td style=\"width: 101.763%\" data-start=\"1012\" data-end=\"1090\" data-col-size=\"md\"><span class=\"relative -mx-px my-[-0.2rem] rounded px-px py-[0.2rem] transition-colors duration-100 ease-in-out\">Thanh tr\u00f9ng, \u0111\u00f3ng chai n\u00f3ng, b\u1ea3o qu\u1ea3n l\u1ea1nh \u0111\u1ec3 gi\u1eef v\u1ecb t\u01b0\u01a1i nguy\u00ean<\/span><\/td>\n<\/tr>\n<tr data-start=\"1091\" data-end=\"1199\">\n<td style=\"width: 23.3974%\" data-start=\"1091\" data-end=\"1120\" data-col-size=\"sm\">Kh\u00f4ng ch\u1ee9a<\/td>\n<td style=\"width: 101.763%\" data-start=\"1120\" data-end=\"1199\" data-col-size=\"md\">\u0110\u01b0\u1eddng tinh luy\u1ec7n, ch\u1ea5t b\u1ea3o qu\u1ea3n<\/td>\n<\/tr>\n<tr data-start=\"1200\" data-end=\"1335\">\n<td style=\"width: 23.3974%\" data-start=\"1200\" data-end=\"1229\" data-col-size=\"sm\">B\u1ea3o qu\u1ea3n<\/td>\n<td style=\"width: 101.763%\" data-start=\"1229\" data-end=\"1335\" data-col-size=\"md\">Gi\u1eef l\u1ea1nh: ng\u0103n \u0111\u00f4ng (-15\u202f\u00b0C) 6 th\u00e1ng \/ ng\u0103n m\u00e1t (5\u20137\u202f\u00b0C) 1 th\u00e1ng<\/td>\n<\/tr>\n<\/tbody>\n<\/table>\n<p>Trong cu\u1ed9c ch\u1ea1y \u0111ua gi\u1eefa c\u00e1c lo\u1ea1i th\u1ee9c u\u1ed1ng ng\u00e0y c\u00e0ng tinh ch\u1ebf,\u00a0<strong data-start=\"64\" data-end=\"102\">N\u01b0\u1edbc u\u1ed1ng m\u1eadt hoa d\u1eeba t\u01b0\u01a1i SokFarm<\/strong>\u00a0xu\u1ea5t hi\u1ec7n nh\u01b0 m\u1ed9t \u0111i\u1ec3m s\u00e1ng \u0111\u00e1ng ch\u00fa \u00fd khi cung c\u1ea5p h\u01b0\u01a1ng v\u1ecb nguy\u00ean th\u1ee7y, gi\u00e0u kho\u00e1ng ch\u1ea5t t\u1ef1 nhi\u00ean v\u00e0 th\u00e2n thi\u1ec7n v\u1edbi s\u1ee9c kh\u1ecfe. D\u1ea7u d\u1eeba v\u1ed1n l\u00e0 bi\u1ec3u t\u01b0\u1ee3ng c\u1ee7a mi\u1ec1n T\u00e2y s\u00f4ng n\u01b0\u1edbc, nh\u01b0ng pha l\u1eabn trong t\u1eebng gi\u1ecdt m\u1eadt hoa d\u1eeba c\u1ee7a SokFarm c\u00f2n c\u00f3 c\u1ea3 n\u00e9t v\u0103n h\u00f3a v\u1eadt li\u1ec7u truy\u1ec1n th\u1ed1ng c\u1ee7a ng\u01b0\u1eddi Khmer Tr\u00e0 Vinh \u2013 n\u01a1i k\u1ef9 thu\u1eadt \u201cm\u00e1t-xa\u201d v\u00e0 khai th\u00e1c m\u1eadt v\u1eabn \u0111\u01b0\u1ee3c g\u00ecn gi\u1eef \u0111\u1ec3 t\u1ea1o ra s\u1ea3n ph\u1ea9m ho\u00e0n h\u1ea3o nh\u1ea5t.<\/p>\n<p><img fetchpriority=\"high\" decoding=\"async\" class=\"aligncenter  wp-image-41263\" src=\"https:\/\/havamall.com\/wp-content\/uploads\/2025\/07\/cach-su-dung-mat-hoa-dua-1.png\" alt=\"\" width=\"800\" height=\"800\" \/><\/p>\n<p>Quy tr\u00ecnh thu m\u1eadt t\u01b0\u1ee3ng tr\u01b0ng cho s\u1ef1 t\u1ec9 m\u1eabn v\u00e0 g\u1eafn b\u00f3 v\u1edbi thi\u00ean nhi\u00ean. M\u1eadt \u0111\u01b0\u1ee3c thu h\u00e0ng ng\u00e0y, sau \u0111\u00f3 \u0111\u01b0\u1ee3c thanh tr\u00f9ng ngay t\u1ea1i nh\u00e0 m\u00e1y \u0111\u1ea1t ch\u1ee9ng nh\u1eadn ISO v\u00e0 FDA r\u1ed3i \u0111\u00f3ng chai n\u00f3ng \u2013 \u0111\u1ea3m b\u1ea3o h\u01b0\u01a1ng v\u1ecb t\u01b0\u01a1i m\u1edbi nh\u01b0 v\u1eeba h\u00e1i t\u1eeb c\u00e2y \u2013 tr\u01b0\u1edbc khi b\u1ea3o qu\u1ea3n l\u1ea1nh \u0111\u1ec3 kh\u00f4ng b\u1ecb bi\u1ebfn ch\u1ea5t. S\u1ea3n ph\u1ea9m c\u00f3 ch\u1ec9\u00a0<strong><em>s\u1ed1 \u0111\u01b0\u1eddng huy\u1ebft th\u1ea5p, kh\u00f4ng ph\u1ee5 gia, m\u00e0 c\u00f2n gi\u00e0u natri, kali, magie v\u00e0 ph\u1ed1t pho<\/em><\/strong>\u00a0\u2013 \u0111\u1eb7c bi\u1ec7t c\u00f3 l\u1ee3i cho nh\u1eefng ng\u01b0\u1eddi c\u1ea7n b\u1ed5 sung \u0111i\u1ec7n gi\u1ea3i sau v\u1eadn \u0111\u1ed9ng ho\u1eb7c\/ng\u01b0\u1eddi m\u1edbi \u1ed1m d\u1eady.<\/p>\n<p><img decoding=\"async\" class=\"aligncenter  wp-image-41264\" src=\"https:\/\/havamall.com\/wp-content\/uploads\/2025\/07\/nuoc-mat-hoa-dua-tuoi-organic-sokfarm-250ml.jpg\" alt=\"\" width=\"800\" height=\"1019\" \/><\/p>\n<p><em><strong>H\u01b0\u01a1ng v\u1ecb<\/strong>\u00a0<\/em>c\u1ee7a s\u1ea3n ph\u1ea9m m\u1edf ra b\u1eb1ng\u00a0<strong><em>s\u1ef1 thanh d\u1ecbu, \u0111\u1ec3 l\u1ea1i h\u1eadu v\u1ecb nh\u1eb9 nh\u00e0ng v\u00e0 h\u1eadu ng\u1ecdt k\u00e9o d\u00e0i, kh\u00f4ng g\u1eaft<\/em><\/strong>\u00a0nh\u01b0 \u0111\u01b0\u1eddng th\u00f4ng th\u01b0\u1eddng. M\u00f9i th\u01a1m ph\u1ea3ng ph\u1ea5t\u00a0<em><strong>m\u00f9i \u201choa d\u1eeba t\u01b0\u01a1i\u201d<\/strong><\/em>\u00a0t\u1ea1o c\u1ea3m gi\u00e1c t\u01b0\u01a1i m\u1edbi, d\u1ec5 ch\u1ecbu.\u00a0<em><strong>K\u1ebft c\u1ea5u d\u1ecbu nh\u1eb9, kh\u00f4ng \u0111\u1eb7c s\u00e1nh<\/strong><\/em>\u00a0nh\u01b0 m\u1eadt c\u00f4 \u0111\u1eb7c, l\u00e0m s\u1ea3n ph\u1ea9m tr\u1edf n\u00ean r\u1ea5t d\u1ec5 u\u1ed1ng, ph\u00f9 h\u1ee3p m\u1ecdi \u0111\u1ed1i t\u01b0\u1ee3ng, bao g\u1ed3m c\u1ea3 tr\u1ebb em, ng\u01b0\u1eddi \u0103n ki\u00eang, b\u1ec7nh nh\u00e2n ti\u1ec3u \u0111\u01b0\u1eddng ho\u1eb7c ng\u01b0\u1eddi ch\u01a1i th\u1ec3 thao.<\/p>\n<p><img decoding=\"async\" class=\"aligncenter  wp-image-41265\" src=\"https:\/\/havamall.com\/wp-content\/uploads\/2025\/07\/515437323_1064546122456836_1199644902358010639_n.jpg\" alt=\"\" width=\"800\" height=\"800\" \/><\/p>\n<p data-start=\"1661\" data-end=\"1700\"><span class=\"relative -mx-px my-[-0.2rem] rounded px-px py-[0.2rem] transition-colors duration-100 ease-in-out\">Kh\u1ea3 n\u0103ng \u1ee9ng d\u1ee5ng cao khi\u00a0<strong><em>c\u00f3 th\u1ec3 d\u00f9ng tr\u1ef1c ti\u1ebfp, pha v\u1edbi n\u01b0\u1edbc \u1ea5m\/\u00e9p\/ tr\u00e0\/ c\u00e0 ph\u00ea, d\u00f9ng n\u1ea5u ch\u00e8, n\u1ea5u y\u1ebfn s\u00e0o, l\u00e0m gia v\u1ecb cho h\u1ea7m, \u01b0\u1edbp th\u1ecbt ho\u1eb7c d\u00f9ng nh\u01b0 ch\u1ea5t t\u1ea1o ng\u1ecdt cho c\u00e1c m\u00f3n tr\u00e1ng mi\u1ec7ng,\u00a0<\/em><\/strong>c\u0169ng c\u00f3 th\u1ec3 d\u00f9ng nh\u01b0 th\u1ee9c u\u1ed1ng b\u00f9 kho\u00e1ng t\u1ef1 nhi\u00ean trong nh\u1eefng ng\u00e0y h\u00e8 ho\u1eb7c sau ho\u1ea1t \u0111\u1ed9ng th\u1ec3 ch\u1ea5t. Quy c\u00e1ch chai 250\u202fml ph\u00f9 h\u1ee3p cho c\u1ea3 s\u1eed d\u1ee5ng c\u00e1 nh\u00e2n ho\u1eb7c d\u00f9ng th\u1eed s\u1ea3n ph\u1ea9m l\u1ea7n \u0111\u1ea7u.<\/span><\/p>\n<p data-start=\"1661\" data-end=\"1700\"><img loading=\"lazy\" decoding=\"async\" class=\"aligncenter  wp-image-41266\" src=\"https:\/\/havamall.com\/wp-content\/uploads\/2025\/07\/cach-su-dung-mat-hoa-dua-4.png\" alt=\"\" width=\"800\" height=\"800\" \/><\/p>\n<p data-start=\"1702\" data-end=\"1781\"><span class=\"relative -mx-px my-[-0.2rem] rounded px-px py-[0.2rem] transition-colors duration-100 ease-in-out\">V\u1edbi cam k\u1ebft v\u1ec1 b\u1ec1n v\u1eefng, SokFarm duy tr\u00ec v\u00f9ng tr\u1ed3ng d\u1eeba h\u1eefu c\u01a1 t\u1ea1i Tr\u00e0 Vinh v\u00e0 trao quy\u1ec1n cho n\u00f4ng d\u00e2n \u0111\u1ecba ph\u01b0\u01a1ng nh\u1edd m\u00f4 h\u00ecnh thu ho\u1ea1ch truy\u1ec1n th\u1ed1ng. S\u1ea3n ph\u1ea9m \u0111\u00e3 c\u00f3 m\u1eb7t trong nhi\u1ec1u k\u00eanh b\u00e1n l\u1ebb v\u00e0 \u0111\u01b0\u1ee3c ch\u1ee9ng nh\u1eadn xu\u1ea5t kh\u1ea9u \u0111\u1ebfn nhi\u1ec1u qu\u1ed1c gia.\u00a0<strong data-start=\"1783\" data-end=\"1828\">N\u01b0\u1edbc U\u1ed1ng M\u1eadt Hoa D\u1eeba T\u01b0\u01a1i SokFarm 250\u202fml<\/strong>\u00a0h\u1ed9i t\u1ee5 v\u1ecb t\u01b0\u01a1i m\u1edbi, dinh d\u01b0\u1ee1ng, an to\u00e0n \u2013 l\u00e0 l\u1ef1a ch\u1ecdn l\u00fd t\u01b0\u1edfng cho nh\u1eefng ng\u01b0\u1eddi theo \u0111u\u1ed5i l\u1ed1i s\u1ed1ng l\u00e0nh m\u1ea1nh, th\u00e2n thi\u1ec7n v\u1edbi thi\u00ean nhi\u00ean.\u00a0<strong><em data-start=\"1968\" data-end=\"2007\">S\u1ea3n ph\u1ea9m hi\u1ec7n \u0111\u00e3 c\u00f3 m\u1eb7t t\u1ea1i Havamall.<\/em><\/strong><\/span><\/p>\n<\/div>\n<\/div>\n","protected":false},"excerpt":{"rendered":"<p>TH\u00d4NG TIN S\u1ea2N PH\u1ea8M Thu\u1ed9c T\u00ednh Chi Ti\u1ebft Th\u01b0\u01a1ng hi\u1ec7u SokFarm Xu\u1ea5t x\u1ee9 Vi\u1ec7t Nam (Tr\u00e0 Vinh) Dung t\u00edch 250\u202fml<\/p>","protected":false},"featured_media":40218,"comment_status":"open","ping_status":"closed","template":"","meta":[],"product_brand":[],"product_cat":[677,256],"product_tag":[],"class_list":{"0":"post-40217","1":"product","2":"type-product","3":"status-publish","4":"has-post-thumbnail","6":"product_cat-cac-nuoc-khac","7":"product_cat-thuc-pham-huu-co","9":"first","10":"instock","11":"sale","12":"shipping-taxable","13":"purchasable","14":"product-type-simple"},"_links":{"self":[{"href":"https:\/\/havamall.vn\/en\/wp-json\/wp\/v2\/product\/40217"}],"collection":[{"href":"https:\/\/havamall.vn\/en\/wp-json\/wp\/v2\/product"}],"about":[{"href":"https:\/\/havamall.vn\/en\/wp-json\/wp\/v2\/types\/product"}],"replies":[{"embeddable":true,"href":"https:\/\/havamall.vn\/en\/wp-json\/wp\/v2\/comments?post=40217"}],"version-history":[{"count":0,"href":"https:\/\/havamall.vn\/en\/wp-json\/wp\/v2\/product\/40217\/revisions"}],"wp:featuredmedia":[{"embeddable":true,"href":"https:\/\/havamall.vn\/en\/wp-json\/wp\/v2\/media\/40218"}],"wp:attachment":[{"href":"https:\/\/havamall.vn\/en\/wp-json\/wp\/v2\/media?parent=40217"}],"wp:term":[{"taxonomy":"product_brand","embeddable":true,"href":"https:\/\/havamall.vn\/en\/wp-json\/wp\/v2\/product_brand?post=40217"},{"taxonomy":"product_cat","embeddable":true,"href":"https:\/\/havamall.vn\/en\/wp-json\/wp\/v2\/product_cat?post=40217"},{"taxonomy":"product_tag","embeddable":true,"href":"https:\/\/havamall.vn\/en\/wp-json\/wp\/v2\/product_tag?post=40217"}],"curies":[{"name":"wp","href":"https:\/\/api.w.org\/{rel}","templated":true}]}}