{"id":40130,"date":"2025-07-19T09:45:38","date_gmt":"2025-07-19T02:45:38","guid":{"rendered":"https:\/\/havamall.vn\/?post_type=product&#038;p=40130"},"modified":"2025-07-19T09:48:27","modified_gmt":"2025-07-19T02:48:27","slug":"40130","status":"publish","type":"product","link":"https:\/\/havamall.vn\/en\/shop\/40130\/","title":{"rendered":"M\u1eadt Ong Vi\u1ec7t Nguy\u00ean Ch\u1ea5t 600ml \u2013 Vietnamese Pure Honey"},"content":{"rendered":"<blockquote>\n<h2><strong>TH\u00d4NG TIN CHUNG<\/strong><\/h2>\n<\/blockquote>\n<table class=\"w-fit min-w-(--thread-content-width)\" style=\"width: 67.6184%;height: 187px\" data-start=\"292\" data-end=\"1247\">\n<tbody data-start=\"482\" data-end=\"1247\">\n<tr data-start=\"482\" data-end=\"577\">\n<td data-start=\"482\" data-end=\"509\" data-col-size=\"sm\"><strong data-start=\"484\" data-end=\"499\">Th\u01b0\u01a1ng Hi\u1ec7u<\/strong><\/td>\n<td data-col-size=\"md\" data-start=\"509\" data-end=\"577\">C\u00f4ng Ty \u0110\u00f4ng T\u00e2m<\/td>\n<\/tr>\n<tr data-start=\"578\" data-end=\"673\">\n<td data-start=\"578\" data-end=\"605\" data-col-size=\"sm\"><strong data-start=\"580\" data-end=\"591\">Xu\u1ea5t X\u1ee9<\/strong><\/td>\n<td data-col-size=\"md\" data-start=\"605\" data-end=\"673\">Vi\u1ec7t Nam<\/td>\n<\/tr>\n<tr data-start=\"769\" data-end=\"864\">\n<td data-start=\"769\" data-end=\"796\" data-col-size=\"sm\"><strong data-start=\"771\" data-end=\"784\">Dung T\u00edch<\/strong><\/td>\n<td data-col-size=\"md\" data-start=\"796\" data-end=\"864\">600ml<\/td>\n<\/tr>\n<tr data-start=\"865\" data-end=\"960\">\n<td data-start=\"865\" data-end=\"892\" data-col-size=\"sm\"><strong data-start=\"867\" data-end=\"881\">Th\u00e0nh Ph\u1ea7n<\/strong><\/td>\n<td data-col-size=\"md\" data-start=\"892\" data-end=\"960\">Xem tr\u00ean bao b\u00ec<\/td>\n<\/tr>\n<tr data-start=\"961\" data-end=\"1055\">\n<td data-start=\"961\" data-end=\"988\" data-col-size=\"sm\"><strong data-start=\"963\" data-end=\"973\">Bao B\u00ec<\/strong><\/td>\n<td data-col-size=\"md\" data-start=\"988\" data-end=\"1055\">Chai nh\u1ef1a PET cao c\u1ea5p, n\u1eafp v\u1eb7n k\u00edn<\/td>\n<\/tr>\n<tr data-start=\"1056\" data-end=\"1150\">\n<td data-start=\"1056\" data-end=\"1083\" data-col-size=\"sm\"><strong data-start=\"1058\" data-end=\"1070\">B\u1ea3o Qu\u1ea3n<\/strong><\/td>\n<td data-col-size=\"md\" data-start=\"1083\" data-end=\"1150\">\u0110\u1ec3 n\u01a1i kh\u00f4 r\u00e1o, tr\u00e1nh \u00e1nh n\u1eafng tr\u1ef1c ti\u1ebfp, \u0111\u1eady k\u00edn sau khi m\u1edf<\/td>\n<\/tr>\n<tr data-start=\"1151\" data-end=\"1247\">\n<td data-start=\"1151\" data-end=\"1178\" data-col-size=\"sm\"><strong data-start=\"1153\" data-end=\"1174\">H\u01b0\u1edbng D\u1eabn S\u1eed D\u1ee5ng<\/strong><\/td>\n<td data-col-size=\"md\" data-start=\"1178\" data-end=\"1247\">Pha v\u1edbi n\u01b0\u1edbc \u1ea5m, d\u00f9ng v\u1edbi chanh, l\u00e0m nguy\u00ean li\u1ec7u n\u1ea5u \u0103n, d\u01b0\u1ee1ng da<\/td>\n<\/tr>\n<\/tbody>\n<\/table>\n<p>Gi\u1eefa s\u1ef1 phong ph\u00fa c\u1ee7a c\u00e1c lo\u1ea1i nguy\u00ean li\u1ec7u truy\u1ec1n th\u1ed1ng, <strong>m\u1eadt ong<\/strong> lu\u00f4n gi\u1eef m\u1ed9t v\u1ecb tr\u00ed \u0111\u00e1ng qu\u00fd trong \u0111\u1eddi s\u1ed1ng \u1ea9m th\u1ef1c v\u00e0 ch\u0103m s\u00f3c s\u1ee9c kh\u1ecfe. Nh\u1eafc \u0111\u1ebfn m\u1eadt ong, ng\u01b0\u1eddi ta th\u01b0\u1eddng ngh\u0129 \u0111\u1ebfn v\u1ecb ng\u1ecdt thanh nh\u1eb9, h\u01b0\u01a1ng th\u01a1m t\u1ef1 nhi\u00ean v\u00e0 gi\u00e1 tr\u1ecb d\u01b0\u1ee1ng ch\u1ea5t \u0111\u1eadm \u0111\u00e0 \u0111\u01b0\u1ee3c g\u00ecn gi\u1eef t\u1eeb ch\u00ednh ngu\u1ed3n \u0111\u1ea5t tr\u00f9 ph\u00fa. Nh\u1eefng \u0111\u00e0n ong \u0111\u01b0\u1ee3c nu\u00f4i d\u01b0\u1ee1ng trong m\u00f4i tr\u01b0\u1eddng kh\u00f4ng h\u00f3a ch\u1ea5t, kh\u00f4ng \u00f4 nhi\u1ec5m \u0111\u00e3 g\u00f3p ph\u1ea7n t\u1ea1o ra lo\u1ea1i m\u1eadt ong ch\u1ea5t l\u01b0\u1ee3ng, kh\u00f4ng pha t\u1ea1p, gi\u1eef nguy\u00ean h\u01b0\u01a1ng v\u1ecb thu\u1ea7n khi\u1ebft v\u00e0 \u0111\u1ed9 s\u00e1nh \u0111\u1eb7c t\u1ef1 nhi\u00ean.<\/p>\n<p><img fetchpriority=\"high\" decoding=\"async\" class=\"aligncenter\" src=\"https:\/\/havamall.com\/wp-content\/uploads\/2025\/07\/cover-mat-ong-tu-nhien-scaled.jpg\" alt=\"M\u1eadt ong t\u1ef1 nhi\u00ean c\u00f9ng s\u1ef1 suy t\u00e0n c\u1ee7a lo\u00e0i ong - LUXUO.VN\" width=\"800\" height=\"450\" \/><\/p>\n<p><em><strong>M\u1eadt Ong Vi\u1ec7t<\/strong><\/em> \u0111\u01b0\u1ee3c t\u1ea1o n\u00ean t\u1eeb <em><strong>qu\u00e1 tr\u00ecnh khai th\u00e1c v\u00e0 x\u1eed l\u00fd ho\u00e0n to\u00e0n theo ph\u01b0\u01a1ng ph\u00e1p truy\u1ec1n th\u1ed1ng<\/strong><\/em>, k\u1ebft h\u1ee3p c\u00f9ng ti\u00eau chu\u1ea9n v\u1ec7 sinh nghi\u00eam ng\u1eb7t. Trong m\u1ed7i gi\u1ecdt m\u1eadt l\u00e0 s\u1ef1 k\u1ebft tinh c\u1ee7a th\u1eddi gian, c\u00f4ng s\u1ee9c v\u00e0 s\u1ef1 ch\u0103m ch\u00fat t\u1ec9 m\u1ec9.<em><strong> M\u00e0u s\u1eafc v\u00e0ng \u00f3ng, h\u01b0\u01a1ng th\u01a1m ng\u1ecdt ng\u00e0o, v\u1ecb \u0111\u1eadm \u0111\u00e0 \u0111\u1eb7c tr\u01b0ng<\/strong><\/em> l\u00e0 nh\u1eefng y\u1ebfu t\u1ed1 khi\u1ebfn s\u1ea3n ph\u1ea9m chi\u1ebfm tr\u1ecdn ni\u1ec1m tin t\u1eeb ng\u01b0\u1eddi ti\u00eau d\u00f9ng y\u00eau th\u00edch h\u01b0\u01a1ng v\u1ecb thu\u1ea7n nhi\u00ean.<\/p>\n<p><img decoding=\"async\" class=\"aligncenter\" src=\"https:\/\/havamall.com\/wp-content\/uploads\/2025\/07\/de-mo-co-duoc-uong-mat-ong-khong-1.jpg\" alt=\"Sau \u0111\u1ebb m\u1ed5 c\u00f3 \u0111\u01b0\u1ee3c u\u1ed1ng m\u1eadt ong hay kh\u00f4ng?\" width=\"801\" height=\"497\" \/><\/p>\n<p>V\u1edbi <strong><em>h\u00e0m l\u01b0\u1ee3ng vitamin v\u00e0 kho\u00e1ng ch\u1ea5t d\u1ed3i d\u00e0o nh\u01b0 vitamin B, C, kali, k\u1ebdm v\u00e0 c\u00e1c enzyme t\u1ef1 nhi\u00ean<\/em><\/strong>, m\u1eadt ong t\u1eeb l\u00e2u \u0111\u00e3 \u0111\u01b0\u1ee3c \u1ee9ng d\u1ee5ng r\u1ed9ng r\u00e3i trong ch\u1ebf bi\u1ebfn m\u00f3n \u0103n v\u00e0 th\u1ee9c u\u1ed1ng, c\u0169ng nh\u01b0 h\u1ed7 tr\u1ee3 s\u1ee9c kh\u1ecfe \u0111\u01b0\u1eddng ru\u1ed9t v\u00e0 h\u1ec7 mi\u1ec5n d\u1ecbch. M\u1eadt Ong Vi\u1ec7t c\u00f3 th\u1ec3 d\u00f9ng \u0111\u1ec3 pha c\u00f9ng n\u01b0\u1edbc \u1ea5m m\u1ed7i s\u00e1ng, \u01b0\u1edbp th\u1ecbt \u0111\u1ec3 t\u0103ng \u0111\u1ed9 m\u1ec1m v\u00e0 t\u1ea1o m\u00e0u s\u1eafc h\u1ea5p d\u1eabn, ho\u1eb7c k\u1ebft h\u1ee3p v\u1edbi n\u01b0\u1edbc chanh t\u1ea1o th\u00e0nh th\u1ee9c u\u1ed1ng thanh m\u00e1t ng\u00e0y h\u00e8.<\/p>\n<p><img decoding=\"async\" class=\"aligncenter wp-image-41231\" src=\"https:\/\/havamall.com\/wp-content\/uploads\/2025\/07\/shutterstock-655719550-8062-scaled.jpg\" alt=\"\" width=\"801\" height=\"534\" \/><\/p>\n<p data-start=\"2966\" data-end=\"3269\">Kh\u00f4ng d\u1eebng l\u1ea1i \u1edf l\u0129nh v\u1ef1c \u1ea9m th\u1ef1c, m\u1eadt ong c\u00f2n l\u00e0 nguy\u00ean li\u1ec7u ph\u1ed5 bi\u1ebfn trong ch\u0103m s\u00f3c da v\u00e0 t\u00f3c. Nh\u1edd <em><strong>t\u00ednh kh\u00e1ng khu\u1ea9n, ch\u1ed1ng vi\u00eam v\u00e0 c\u1ea5p \u1ea9m t\u1ef1 nhi\u00ean<\/strong><\/em>, s\u1ea3n ph\u1ea9m n\u00e0y th\u01b0\u1eddng \u0111\u01b0\u1ee3c d\u00f9ng trong c\u00e1c c\u00f4ng th\u1ee9c m\u1eb7t n\u1ea1 d\u01b0\u1ee1ng da, t\u1ea9y t\u1ebf b\u00e0o ch\u1ebft ho\u1eb7c ph\u1ee5c h\u1ed3i t\u00f3c kh\u00f4 x\u01a1. M\u1ed9t s\u1ed1 c\u00f4ng d\u1ee5ng ph\u1ed5 bi\u1ebfn c\u00f3 th\u1ec3 k\u1ec3 \u0111\u1ebfn nh\u01b0:<\/p>\n<p data-start=\"3271\" data-end=\"3473\">\u2013 L\u00e0m d\u1ecbu c\u1ed5 h\u1ecdng, h\u1ed7 tr\u1ee3 gi\u1ea3m ho v\u00e0 c\u1ea3m l\u1ea1nh<br data-start=\"3316\" data-end=\"3319\" \/>\u2013 H\u1ed7 tr\u1ee3 ti\u00eau h\u00f3a, t\u0103ng c\u01b0\u1eddng l\u1ee3i khu\u1ea9n \u0111\u01b0\u1eddng ru\u1ed9t<br data-start=\"3369\" data-end=\"3372\" \/>\u2013 Gi\u00fap l\u00e0m s\u00e1ng v\u00e0 d\u01b0\u1ee1ng \u1ea9m da khi s\u1eed d\u1ee5ng ngo\u00e0i da<br data-start=\"3423\" data-end=\"3426\" \/>\u2013 T\u0103ng c\u01b0\u1eddng n\u0103ng l\u01b0\u1ee3ng, h\u1ed7 tr\u1ee3 ch\u1ed1ng m\u1ec7t m\u1ecfi<\/p>\n<p data-start=\"3271\" data-end=\"3473\"><img loading=\"lazy\" decoding=\"async\" class=\"aligncenter\" src=\"https:\/\/havamall.com\/wp-content\/uploads\/2025\/07\/an-mat-ong-voi-trung-ga-1.jpg\" width=\"801\" height=\"657\" \/><\/p>\n<p data-start=\"3475\" data-end=\"3766\">V\u1edbi thi\u1ebft k\u1ebf chai nh\u1ef1a cao c\u1ea5p ch\u1eafc ch\u1eafn, n\u1eafp v\u1eb7n ti\u1ec7n l\u1ee3i v\u00e0 th\u1ec3 t\u00edch 600ml ph\u00f9 h\u1ee3p cho c\u1ea3 gia \u0111\u00ecnh, s\u1ea3n ph\u1ea9m d\u1ec5 d\u00e0ng b\u1ea3o qu\u1ea3n trong \u0111i\u1ec1u ki\u1ec7n th\u01b0\u1eddng m\u00e0 v\u1eabn gi\u1eef \u0111\u01b0\u1ee3c ch\u1ea5t l\u01b0\u1ee3ng l\u00e2u d\u00e0i. Nh\u00e3n s\u1ea3n ph\u1ea9m r\u00f5 r\u00e0ng, b\u1eaft m\u1eaft v\u00e0 truy\u1ec1n t\u1ea3i \u0111\u1ea7y \u0111\u1ee7 th\u00f4ng tin gi\u00fap ng\u01b0\u1eddi ti\u00eau d\u00f9ng y\u00ean t\u00e2m khi l\u1ef1a ch\u1ecdn. <strong data-start=\"3768\" data-end=\"3809\">S\u1ea3n ph\u1ea9m hi\u1ec7n \u0111\u00e3 c\u00f3 m\u1eb7t t\u1ea1i Havamall.<\/strong><\/p>","protected":false},"excerpt":{"rendered":"<p>TH\u00d4NG TIN CHUNG Th\u01b0\u01a1ng Hi\u1ec7u C\u00f4ng Ty \u0110\u00f4ng T\u00e2m Xu\u1ea5t X\u1ee9 Vi\u1ec7t Nam Dung T\u00edch 600ml Th\u00e0nh Ph\u1ea7n Xem tr\u00ean<\/p>","protected":false},"featured_media":40131,"comment_status":"open","ping_status":"closed","template":"","meta":[],"product_brand":[],"product_cat":[677,255,131,36],"product_tag":[],"class_list":{"0":"post-40130","1":"product","2":"type-product","3":"status-publish","4":"has-post-thumbnail","6":"product_cat-cac-nuoc-khac","7":"product_cat-nguyen-lieu-lam-banh","8":"product_cat-nguyen-lieu-lam-bep","9":"product_cat-thuc-pham-tieu-dung","11":"first","12":"instock","13":"sale","14":"shipping-taxable","15":"purchasable","16":"product-type-simple"},"_links":{"self":[{"href":"https:\/\/havamall.vn\/en\/wp-json\/wp\/v2\/product\/40130"}],"collection":[{"href":"https:\/\/havamall.vn\/en\/wp-json\/wp\/v2\/product"}],"about":[{"href":"https:\/\/havamall.vn\/en\/wp-json\/wp\/v2\/types\/product"}],"replies":[{"embeddable":true,"href":"https:\/\/havamall.vn\/en\/wp-json\/wp\/v2\/comments?post=40130"}],"version-history":[{"count":0,"href":"https:\/\/havamall.vn\/en\/wp-json\/wp\/v2\/product\/40130\/revisions"}],"wp:featuredmedia":[{"embeddable":true,"href":"https:\/\/havamall.vn\/en\/wp-json\/wp\/v2\/media\/40131"}],"wp:attachment":[{"href":"https:\/\/havamall.vn\/en\/wp-json\/wp\/v2\/media?parent=40130"}],"wp:term":[{"taxonomy":"product_brand","embeddable":true,"href":"https:\/\/havamall.vn\/en\/wp-json\/wp\/v2\/product_brand?post=40130"},{"taxonomy":"product_cat","embeddable":true,"href":"https:\/\/havamall.vn\/en\/wp-json\/wp\/v2\/product_cat?post=40130"},{"taxonomy":"product_tag","embeddable":true,"href":"https:\/\/havamall.vn\/en\/wp-json\/wp\/v2\/product_tag?post=40130"}],"curies":[{"name":"wp","href":"https:\/\/api.w.org\/{rel}","templated":true}]}}