{"id":40122,"date":"2025-07-18T16:47:19","date_gmt":"2025-07-18T09:47:19","guid":{"rendered":"https:\/\/havamall.vn\/?post_type=product&#038;p=40122"},"modified":"2025-07-18T16:47:28","modified_gmt":"2025-07-18T09:47:28","slug":"ky-tu-phuc-khang-goi-500g-phuc-khang-goji-berries-500g","status":"publish","type":"product","link":"https:\/\/havamall.vn\/en\/shop\/ky-tu-phuc-khang-goi-500g-phuc-khang-goji-berries-500g\/","title":{"rendered":"K\u1ef7 T\u1eed Ph\u00fac Khang G\u00f3i 500G \u2013 Phuc Khang Goji Berries 500G"},"content":{"rendered":"<blockquote>\n<h2><strong>TH\u00d4NG TIN CHUNG<\/strong><\/h2>\n<\/blockquote>\n<table style=\"width: 46.3905%;height: 151px\">\n<tbody>\n<tr>\n<td>Th\u01b0\u01a1ng hi\u1ec7u<\/td>\n<td>Ph\u00fac Khang<\/td>\n<\/tr>\n<tr>\n<td>Xu\u1ea5t x\u1ee9<\/td>\n<td>Vi\u1ec7t Nam<\/td>\n<\/tr>\n<tr>\n<td>Th\u00e0nh ph\u1ea7n<\/td>\n<td>Xem tr\u00ean bao b\u00ec<\/td>\n<\/tr>\n<tr>\n<td>H\u1ea1n s\u1eed d\u1ee5ng<\/td>\n<td>Xem tren bao b\u00ec<\/td>\n<\/tr>\n<tr>\n<td>B\u1ea3o qu\u1ea3n<\/td>\n<td>N\u01a1i kh\u00f4 r\u00e1o, tho\u00e1ng m\u00e1t, tr\u00e1nh \u00e1nh n\u1eafng tr\u1ef1c ti\u1ebfp<\/td>\n<\/tr>\n<tr>\n<td>Kh\u1ed1i l\u01b0\u1ee3ng<\/td>\n<td>G\u00f3i 500g<\/td>\n<\/tr>\n<\/tbody>\n<\/table>\n<p><span class=\"relative -mx-px my-[-0.2rem] rounded px-px py-[0.2rem] transition-colors duration-100 ease-in-out\">Trong h\u00e0nh tr\u00ecnh t\u00ecm ki\u1ebfm c\u00e1c lo\u1ea1i th\u1ea3o d\u01b0\u1ee3c t\u1ef1 nhi\u00ean b\u1ed5 d\u01b0\u1ee1ng, k\u1ef7 t\u1eed kh\u00f4ng c\u00f2n l\u00e0 c\u00e1i t\u00ean xa l\u1ea1.\u00a0<strong>Ph\u00fac Khang<\/strong>\u00a0l\u1ef1a ch\u1ecdn k\u1ef9 l\u01b0\u1ee1ng lo\u1ea1i k\u1ef7 t\u1eed \u0111\u1ecf kh\u00f4 th\u01b0\u1ee3ng h\u1ea1ng, v\u1edbi h\u1ea1t to \u0111\u1ec1u, \u0111\u1ecf t\u01b0\u01a1i \u2013 nh\u1eefng \u0111\u1eb7c \u0111i\u1ec3m th\u01b0\u1eddng g\u1eafn li\u1ec1n v\u1edbi ngu\u1ed3n g\u1ed1c t\u1eeb v\u00f9ng tr\u1ed3ng n\u1ed5i ti\u1ebfng nh\u01b0 Ninh H\u1ea1. Lo\u1ea1i k\u1ef7 t\u1eed n\u00e0y mang v\u1ecb ng\u1ecdt nh\u1eb9 t\u1ef1 nhi\u00ean, k\u1ebft c\u1ea5u m\u1ec1m d\u1ebbo khi ng\u1eadm n\u01b0\u1edbc, ph\u00f9 h\u1ee3p s\u1eed d\u1ee5ng d\u01b0\u1edbi d\u1ea1ng tr\u00e0, trong c\u00e1c c\u00f4ng th\u1ee9c dinh d\u01b0\u1ee1ng ho\u1eb7c l\u00e0m m\u00f3n \u0103n b\u1ed5 sung h\u00e0ng ng\u00e0y.<\/span><\/p>\n<p><img fetchpriority=\"high\" decoding=\"async\" class=\"aligncenter\" src=\"https:\/\/havamall.com\/wp-content\/uploads\/2025\/07\/Goji-berries.jpg\" alt=\"Superfood Love: Goji Berries\" width=\"801\" height=\"534\" \/><\/p>\n<p data-start=\"479\" data-end=\"596\"><span class=\"relative -mx-px my-[-0.2rem] rounded px-px py-[0.2rem] transition-colors duration-100 ease-in-out\"><em><strong>K\u1ef7 t\u1eed thu\u1ed9c h\u1ecd Plantae<\/strong><\/em>, n\u1ed5i b\u1eadt v\u1edbi l\u01b0\u1ee3ng ch\u1ea5t ch\u1ed1ng oxy h\u00f3a cao nh\u1edd th\u00e0nh ph\u1ea7n\u00a0<em><strong>carotenoid, zeaxanthin v\u00e0 vitamin C<\/strong><\/em>\u00a0phong ph\u00fa.<\/span>\u00a0<span class=\"relative -mx-px my-[-0.2rem] rounded px-px py-[0.2rem] transition-colors duration-100 ease-in-out\">Nh\u1eefng ch\u1ea5t n\u00e0y gi\u00fap\u00a0<strong><em>h\u1ed7 tr\u1ee3 th\u1ecb l\u1ef1c, t\u0103ng c\u01b0\u1eddng h\u1ec7 mi\u1ec5n d\u1ecbch v\u00e0 b\u1ea3o v\u1ec7 t\u1ebf b\u00e0o tr\u01b0\u1edbc s\u1ef1 t\u1ea5n c\u00f4ng c\u1ee7a g\u1ed1c t\u1ef1 do<\/em><\/strong>. Trong \u0110\u00f4ng y, k\u1ef7 t\u1eed \u0111\u01b0\u1ee3c d\u00f9ng k\u00e9o d\u00e0i tu\u1ed5i th\u1ecd, d\u01b0\u1ee1ng huy\u1ebft, b\u1ed3i b\u1ed5 gan th\u1eadn v\u00e0 n\u00e2ng cao s\u1ee9c kh\u1ecfe t\u1ed5ng th\u1ec3. Vi\u1ec7c k\u1ebft h\u1ee3p k\u1ef7 t\u1eed trong ch\u1ebf \u0111\u1ed9 \u0103n h\u00e0ng ng\u00e0y gi\u00fap c\u00e2n b\u1eb1ng n\u0103ng l\u01b0\u1ee3ng, c\u1ea3i thi\u1ec7n s\u1eafc v\u00f3c v\u00e0 h\u1ed7 tr\u1ee3 t\u1ed1t cho h\u1ec7 ti\u00eau h\u00f3a.<\/span><\/p>\n<p data-start=\"479\" data-end=\"596\"><img decoding=\"async\" class=\"aligncenter\" src=\"https:\/\/havamall.com\/wp-content\/uploads\/2025\/07\/goji-lead-1280x720_e5b87836-d2bf-497f-b362-cec2a6cc9f29.jpg\" alt=\"The Ultimate Guide to Growing Goji Berries: Goji Berry Plant Care and \u2013  Grow Organic\" width=\"798\" height=\"449\" \/><\/p>\n<p data-start=\"598\" data-end=\"677\"><span class=\"relative -mx-px my-[-0.2rem] rounded px-px py-[0.2rem] transition-colors duration-100 ease-in-out\">Khi s\u1eed d\u1ee5ng d\u01b0\u1edbi d\u1ea1ng tr\u00e0, k\u1ef7 t\u1eed Ph\u00fac Khang d\u1ec5 d\u00e0ng t\u1ea1o ra th\u1ee9c u\u1ed1ng th\u01a1m d\u1ecbu, m\u00e0u \u0111\u1ecf nh\u1ea1t \u0111\u1eb9p m\u1eaft. C\u00e1ch pha ph\u1ed5 bi\u1ebfn l\u00e0\u00a0<strong><em>d\u00f9ng kho\u1ea3ng 10\u201315g h\u1ea1t v\u1edbi n\u01b0\u1edbc 200\u2013300ml, h\u00e3m qua n\u01b0\u1edbc s\u00f4i trong 5\u201310 ph\u00fat<\/em><\/strong>. M\u00f3n tr\u00e0 n\u00e0y c\u00f3 th\u1ec3 b\u1ed5 sung th\u00eam hoa c\u00fac, t\u00e1o \u0111\u1ecf ho\u1eb7c m\u1eadt ong \u0111\u1ec3 t\u0103ng h\u01b0\u01a1ng v\u1ecb v\u00e0 t\u00e1c d\u1ee5ng gi\u1ea3i \u0111\u1ed9c, thanh nhi\u1ec7t. Ngo\u00e0i ra, k\u1ef7 t\u1eed c\u00f2n \u0111\u01b0\u1ee3c s\u1eed d\u1ee5ng trong n\u1ea5u ch\u00e1o, h\u1ea7m g\u00e0, h\u1ea7m thu\u1ed1c b\u1ed5 ho\u1eb7c ng\u00e2m r\u01b0\u1ee3u cho c\u00e1c m\u1ee5c \u0111\u00edch b\u1ed3i b\u1ed5 s\u1ee9c kh\u1ecfe, ph\u1ee5c h\u1ed3i sau \u1ed1m.<\/span><\/p>\n<p data-start=\"598\" data-end=\"677\"><img decoding=\"async\" class=\"aligncenter\" src=\"https:\/\/asianinspirations.com.au\/wp-content\/uploads\/2020\/07\/R02579_Goji_Berry_Ginger_Tea_2.jpg\" width=\"801\" height=\"534\" \/><\/p>\n<blockquote>\n<p data-start=\"679\" data-end=\"718\"><span style=\"font-size: 14pt\"><strong><em><span class=\"relative -mx-px my-[-0.2rem] rounded px-px py-[0.2rem] transition-colors duration-100 ease-in-out\">M\u1ed9t s\u1ed1 l\u1ee3i \u00edch s\u1ee9c kh\u1ecfe \u0111\u00e1ng ch\u00fa \u00fd t\u1eeb lo\u1ea1i k\u1ef7 t\u1eed n\u00e0y:<\/span><\/em><\/strong><\/span><\/p>\n<\/blockquote>\n<p data-start=\"720\" data-end=\"1043\"><span class=\"relative -mx-px my-[-0.2rem] rounded px-px py-[0.2rem] transition-colors duration-100 ease-in-out\">\u2013\u00a0<strong data-start=\"2\" data-end=\"20\">H\u1ed7 tr\u1ee3 th\u1ecb l\u1ef1c<\/strong>\u00a0nh\u1edd h\u00e0m l\u01b0\u1ee3ng zeaxanthin cao, gi\u00fap b\u1ea3o v\u1ec7 v\u00f5ng m\u1ea1c v\u00e0 gi\u1ea3m nguy c\u01a1 tho\u00e1i h\u00f3a \u0111i\u1ec3m v\u00e0ng<\/span><br data-start=\"798\" data-end=\"801\" \/><span class=\"relative -mx-px my-[-0.2rem] rounded px-px py-[0.2rem] transition-colors duration-100 ease-in-out\">\u2013\u00a0<strong data-start=\"2\" data-end=\"26\">T\u0103ng c\u01b0\u1eddng mi\u1ec5n d\u1ecbch<\/strong>\u00a0nh\u1edd ch\u1ea5t ch\u1ed1ng oxy h\u00f3a v\u00e0 polysaccharides, c\u00f3 th\u1ec3 gi\u1ea3m vi\u00eam nhi\u1ec5m v\u00e0 h\u1ed7 tr\u1ee3 c\u01a1 th\u1ec3 ch\u1ed1ng l\u1ea1i stress oxy h\u00f3a<\/span><br data-start=\"879\" data-end=\"882\" \/><span class=\"relative -mx-px my-[-0.2rem] rounded px-px py-[0.2rem] transition-colors duration-100 ease-in-out\">\u2013\u00a0<strong data-start=\"2\" data-end=\"24\">B\u1ed5 gan, d\u01b0\u1ee1ng th\u1eadn<\/strong>\u00a0v\u00e0 l\u00e0m d\u1ecbu h\u1ec7 th\u1ea7n kinh, ph\u00f9 h\u1ee3p v\u1edbi ng\u01b0\u1eddi m\u1ec7t m\u1ecfi, ch\u00e1n \u0103n, m\u1ea5t ng\u1ee7 ho\u1eb7c sau th\u1eddi gian \u1ed1m y\u1ebfu<\/span><br data-start=\"960\" data-end=\"963\" \/><span class=\"relative -mx-px my-[-0.2rem] rounded px-px py-[0.2rem] transition-colors duration-100 ease-in-out\">\u2013\u00a0<strong data-start=\"2\" data-end=\"41\">H\u1ed7 tr\u1ee3 sinh l\u00fd, c\u1ea3i thi\u1ec7n sinh ho\u1ea1t<\/strong>\u00a0\u1edf c\u1ea3 nam l\u1eabn n\u1eef nh\u1edd t\u00e1c d\u1ee5ng b\u1ed5 huy\u1ebft v\u00e0 kh\u00e1ng vi\u00eam nh\u1eb9<\/span><\/p>\n<p data-start=\"720\" data-end=\"1043\"><img loading=\"lazy\" decoding=\"async\" class=\"aligncenter  wp-image-41223\" src=\"https:\/\/havamall.com\/wp-content\/uploads\/2025\/07\/thumb-1-2.jpg\" alt=\"\" width=\"800\" height=\"800\" \/><\/p>\n<p data-start=\"1045\" data-end=\"1298\">C\u00e1ch s\u1eed d\u1ee5ng \u0111a d\u1ea1ng, r\u1ea5t ti\u1ec7n l\u1ee3i trong cu\u1ed9c s\u1ed1ng hi\u1ec7n \u0111\u1ea1i: c\u00f3 th\u1ec3 d\u00f9ng tr\u1ef1c ti\u1ebfp, nh\u01b0 topping cho yogurt, salad ho\u1eb7c tr\u1ed9n th\u00eam v\u00e0o ng\u0169 c\u1ed1c; c\u00f3 th\u1ec3 ng\u00e2m tr\u00e0 ho\u1eb7c t\u1ea9m v\u00e0o c\u00e1c m\u00f3n h\u1ea7m gi\u00e0u dinh d\u01b0\u1ee1ng. H\u1ea1t k\u1ef7 t\u1eed m\u1ec1m sau khi ng\u00e2m n\u00ean d\u1ec5 \u0103n v\u00e0 h\u1ea5p thu h\u01a1n.<\/p>\n<p data-start=\"1045\" data-end=\"1298\"><img loading=\"lazy\" decoding=\"async\" class=\"aligncenter\" src=\"https:\/\/gojilife.com\/cdn\/shop\/articles\/horizontal_2_IMG_0633.jpg?v=1731656518\" alt=\"Granola Goji Yogurt Bowl \u2013 GojiLIFE\" width=\"800\" height=\"551\" \/><\/p>\n<p data-start=\"1300\" data-end=\"1529\"><em><strong>K\u1ef7 T\u1eed G\u00f3i 500G Ph\u00fac Khang<\/strong><\/em>\u00a0\u0111\u01b0\u1ee3c \u0111\u00f3ng g\u00f3i k\u00edn, ti\u1ec7n l\u1ee3i, b\u1ea3o qu\u1ea3n t\u1ed1t m\u00e0 v\u1eabn gi\u1eef \u0111\u01b0\u1ee3c h\u01b0\u01a1ng v\u1ecb t\u1ef1 nhi\u00ean. S\u1ea3n ph\u1ea9m kh\u00f4ng ch\u1ee9a ch\u1ea5t b\u1ea3o qu\u1ea3n, ph\u1ea9m m\u00e0u ho\u1eb7c ph\u1ee5 gia, ph\u00f9 h\u1ee3p cho c\u1ea3 gia \u0111\u00ecnh v\u00e0 ng\u01b0\u1eddi theo ch\u1ebf \u0111\u1ed9 \u0103n s\u1ea1ch, h\u1ea1n ch\u1ebf \u0111\u01b0\u1eddng. Hi\u1ec7n \u0111\u00e3 c\u00f3 m\u1eb7t t\u1ea1i\u00a0<strong>Havamall<\/strong>\u00a0\u2013 n\u01a1i cung c\u1ea5p th\u1ef1c ph\u1ea9m cao c\u1ea5p v\u00e0 nguy\u00ean li\u1ec7u dinh d\u01b0\u1ee1ng, l\u00e0 l\u1ef1a ch\u1ecdn \u0111\u00e1ng tin c\u1eady \u0111\u1ec3 b\u1ed3i b\u1ed5 s\u1ee9c kh\u1ecfe v\u00e0 t\u0103ng th\u00eam \u0111\u1ed9 phong ph\u00fa cho b\u1eefa \u0103n h\u00e0ng ng\u00e0y.<\/p>\n","protected":false},"excerpt":{"rendered":"<p>TH\u00d4NG TIN CHUNG Th\u01b0\u01a1ng hi\u1ec7u Ph\u00fac Khang Xu\u1ea5t x\u1ee9 Vi\u1ec7t Nam Th\u00e0nh ph\u1ea7n Xem tr\u00ean bao b\u00ec H\u1ea1n s\u1eed d\u1ee5ng<\/p>","protected":false},"featured_media":40123,"comment_status":"open","ping_status":"closed","template":"","meta":[],"product_brand":[],"product_cat":[677,674,36],"product_tag":[],"class_list":{"0":"post-40122","1":"product","2":"type-product","3":"status-publish","4":"has-post-thumbnail","6":"product_cat-cac-nuoc-khac","7":"product_cat-nhap-khau-trung-quoc","8":"product_cat-thuc-pham-tieu-dung","10":"first","11":"instock","12":"sale","13":"shipping-taxable","14":"purchasable","15":"product-type-simple"},"_links":{"self":[{"href":"https:\/\/havamall.vn\/en\/wp-json\/wp\/v2\/product\/40122"}],"collection":[{"href":"https:\/\/havamall.vn\/en\/wp-json\/wp\/v2\/product"}],"about":[{"href":"https:\/\/havamall.vn\/en\/wp-json\/wp\/v2\/types\/product"}],"replies":[{"embeddable":true,"href":"https:\/\/havamall.vn\/en\/wp-json\/wp\/v2\/comments?post=40122"}],"version-history":[{"count":0,"href":"https:\/\/havamall.vn\/en\/wp-json\/wp\/v2\/product\/40122\/revisions"}],"wp:featuredmedia":[{"embeddable":true,"href":"https:\/\/havamall.vn\/en\/wp-json\/wp\/v2\/media\/40123"}],"wp:attachment":[{"href":"https:\/\/havamall.vn\/en\/wp-json\/wp\/v2\/media?parent=40122"}],"wp:term":[{"taxonomy":"product_brand","embeddable":true,"href":"https:\/\/havamall.vn\/en\/wp-json\/wp\/v2\/product_brand?post=40122"},{"taxonomy":"product_cat","embeddable":true,"href":"https:\/\/havamall.vn\/en\/wp-json\/wp\/v2\/product_cat?post=40122"},{"taxonomy":"product_tag","embeddable":true,"href":"https:\/\/havamall.vn\/en\/wp-json\/wp\/v2\/product_tag?post=40122"}],"curies":[{"name":"wp","href":"https:\/\/api.w.org\/{rel}","templated":true}]}}