{"id":40117,"date":"2025-07-18T15:53:14","date_gmt":"2025-07-18T08:53:14","guid":{"rendered":"https:\/\/havamall.vn\/?post_type=product&#038;p=40117"},"modified":"2025-07-18T15:53:15","modified_gmt":"2025-07-18T08:53:15","slug":"rong-bien-kho-dashi-kombu-goi-50g-dashi-kombu-seaweed-flakes-50g","status":"publish","type":"product","link":"https:\/\/havamall.vn\/en\/shop\/rong-bien-kho-dashi-kombu-goi-50g-dashi-kombu-seaweed-flakes-50g\/","title":{"rendered":"Rong Bi\u1ec3n Kh\u00f4 Dashi Kombu G\u00f3i 50G \u2013 Dashi Kombu Seaweed Flakes 50G"},"content":{"rendered":"<blockquote>\n<h2><strong>TH\u00d4NG TIN CHUNG<\/strong><\/h2>\n<\/blockquote>\n<table style=\"width: 61.1274%;height: 159px\">\n<tbody>\n<tr>\n<td>Th\u01b0\u01a1ng hi\u1ec7u<\/td>\n<td>Shirakiku<\/td>\n<\/tr>\n<tr>\n<td>Xu\u1ea5t x\u1ee9<\/td>\n<td>Nh\u1eadt B\u1ea3n<\/td>\n<\/tr>\n<tr>\n<td>Th\u00e0nh ph\u1ea7n<\/td>\n<td>Xem tr\u00ean bao b\u00ec<\/td>\n<\/tr>\n<tr>\n<td>H\u1ea1n s\u1eed d\u1ee5ng<\/td>\n<td>Xem tren bao b\u00ec<\/td>\n<\/tr>\n<tr>\n<td>B\u1ea3o qu\u1ea3n<\/td>\n<td>N\u01a1i kh\u00f4 r\u00e1o, tho\u00e1ng m\u00e1t, tr\u00e1nh \u00e1nh n\u1eafng tr\u1ef1c ti\u1ebfp<\/td>\n<\/tr>\n<tr>\n<td>Kh\u1ed1i l\u01b0\u1ee3ng<\/td>\n<td>\n<p data-start=\"454\" data-end=\"772\">G\u00f3i 50g<\/p>\n<\/td>\n<\/tr>\n<\/tbody>\n<\/table>\n<p>Trong n\u1ec1n v\u0103n h\u00f3a \u1ea9m th\u1ef1c ch\u00e2u \u00c1, rong bi\u1ec3n lu\u00f4n gi\u1eef v\u1ecb tr\u00ed \u0111\u1eb7c bi\u1ec7t b\u1edfi kh\u1ea3 n\u0103ng t\u1ea1o n\u00ean nh\u1eefng h\u01b0\u01a1ng v\u1ecb umami tinh t\u1ebf c\u00f9ng c\u00f4ng n\u0103ng l\u00e0m d\u1eady v\u1ecb cho s\u00fap, n\u01b0\u1edbc d\u00f9ng v\u00e0 c\u00e1c m\u00f3n \u0103n truy\u1ec1n th\u1ed1ng. Trong \u0111\u00f3, Dashi Kombu kh\u00f4ng ch\u1ec9 \u0111\u01a1n thu\u1ea7n l\u00e0 m\u1ed9t nguy\u00ean li\u1ec7u m\u00e0 c\u00f2n l\u00e0 tinh hoa gom t\u1eeb \u0111\u1ea1i d\u01b0\u01a1ng, ph\u1ea3n \u00e1nh s\u1ef1 giao thoa gi\u1eefa t\u1ef1 nhi\u00ean v\u00e0 k\u1ef9 thu\u1eadt ch\u1ebf bi\u1ebfn kh\u00e9o l\u00e9o. Sau khi \u0111\u01b0\u1ee3c thu ho\u1ea1ch t\u1eeb v\u00f9ng n\u01b0\u1edbc l\u1ea1nh \u1edf Nh\u1eadt B\u1ea3n \u2013 n\u01a1i rong ph\u00e1t tri\u1ec3n t\u1ed1i \u01b0u \u2013 Kombu \u0111\u01b0\u1ee3c l\u00e0m s\u1ea1ch, s\u1ea5y kh\u00f4 v\u00e0 c\u1eaft nh\u1ecf \u0111\u1ec3 gi\u1eef tr\u1ecdn c\u1ea5u tr\u00fac, h\u01b0\u01a1ng v\u1ecb v\u00e0 h\u00e0m l\u01b0\u1ee3ng kho\u00e1ng t\u1eeb bi\u1ec3n.<\/p>\n<p><img fetchpriority=\"high\" decoding=\"async\" class=\"aligncenter\" src=\"https:\/\/havamall.com\/wp-content\/uploads\/2025\/07\/AdobeStock_249238202copy.jpg\" alt=\"AAA Rishiri Konbu 400g \u5929\u7136\u4e00\u7b49\u7d1a\" width=\"800\" height=\"607\" \/><\/p>\n<p><em><strong>Rong bi\u1ec3n kh\u00f4 Dashi Kombu<\/strong> <\/em>s\u1edf h\u1eefu <em><strong>v\u1ecb m\u1eb7n h\u1eadu thanh<\/strong><\/em>, k\u1ebft h\u1ee3p s\u1eafc umami nh\u1eb9 nh\u00e0ng l\u00e0m n\u00ean v\u1ecb ngon \u0111\u1eadm \u0111\u00e0 cho m\u1ecdi lo\u1ea1i n\u01b0\u1edbc d\u00f9ng v\u00e0 m\u00f3n n\u1ea5u \u0103n. Khi <strong><em>n\u1ea5u nh\u1eb9 v\u1edbi n\u01b0\u1edbc \u1ea5m t\u1eeb 50\u201360\u00b0C trong kho\u1ea3ng 30 ph\u00fat,<\/em><\/strong> Kombu s\u1ebd gi\u1ea3i ph\u00f3ng \u0111\u1ed9 ng\u1ecdt t\u1ef1 nhi\u00ean c\u00f9ng peptit, axit amin, gi\u00fap m\u00f3n \u0103n th\u00eam s\u00e2u v\u1ecb m\u00e0 kh\u00f4ng c\u1ea7n d\u00f9ng gia v\u1ecb nh\u00e2n t\u1ea1o. Sau qu\u00e1 tr\u00ecnh nh\u00fang, Kombu c\u00f3 th\u1ec3 \u0111\u01b0\u1ee3c t\u1eadn d\u1ee5ng v\u00e0o c\u00e1c m\u00f3n x\u00e0o ho\u1eb7c salad, th\u1ec3 hi\u1ec7n s\u1ef1 linh ho\u1ea1t trong s\u1eed d\u1ee5ng.<\/p>\n<p><img decoding=\"async\" class=\"wp-image-41215 aligncenter\" src=\"https:\/\/havamall.com\/wp-content\/uploads\/2025\/07\/shutterstock_1007092768-1.jpg\" alt=\"\" width=\"800\" height=\"533\" \/><\/p>\n<p>D\u1eb7m s\u00e2u v\u00e0o l\u1ee3i \u00edch s\u1ee9c kh\u1ecfe, rong bi\u1ec3n Kombu \u0111\u1eb7c bi\u1ec7t <strong><em>gi\u00e0u i-\u1ed1t, canxi, magie, vitamin v\u00e0 ch\u1ea5t x\u01a1 t\u1ef1 nhi\u00ean<\/em><\/strong>. I-\u1ed1t c\u00f3 vai tr\u00f2 h\u1ed7 tr\u1ee3 ch\u1ee9c n\u0103ng tuy\u1ebfn gi\u00e1p, ch\u1ea5t x\u01a1 gi\u00fap th\u00fac \u0111\u1ea9y ti\u00eau ho\u00e1 v\u00e0 h\u1ed7 tr\u1ee3 h\u1ec7 vi sinh \u0111\u01b0\u1eddng ru\u1ed9t. Magnesium h\u1ed7 tr\u1ee3 ch\u1ee9c n\u0103ng c\u01a1 \u2013 th\u1ea7n kinh c\u0169ng nh\u01b0 g\u00f3p ph\u1ea7n duy tr\u00ec h\u1ec7 x\u01b0\u01a1ng ch\u1eafc kh\u1ecfe. \u0110\u1eb7c bi\u1ec7t, vi\u1ec7c s\u1eed d\u1ee5ng Kombu thay th\u1ebf cho h\u1ea1t n\u00eam ho\u1eb7c b\u1ed9t ng\u1ecdt gi\u00fap gi\u1ea3m l\u01b0\u1ee3ng sodium nh\u1eadp v\u00e0o c\u01a1 th\u1ec3 m\u00e0 v\u1eabn gi\u1eef \u0111\u01b0\u1ee3c h\u01b0\u01a1ng v\u1ecb \u0111\u1eadm \u0111\u00e0.<\/p>\n<p><img decoding=\"async\" class=\"aligncenter\" src=\"https:\/\/havamall.com\/wp-content\/uploads\/2025\/07\/ImageForNews_810363_17477931905735290.jpg\" alt=\"Eating kombu daily enhances gut health and heart markers in men\" width=\"800\" height=\"533\" \/><\/p>\n<blockquote>\n<p data-start=\"2548\" data-end=\"2579\"><span style=\"font-size: 14pt\"><em><strong>M\u1ed9t s\u1ed1 g\u1ee3i \u00fd \u1ee9ng d\u1ee5ng hi\u1ec7u qu\u1ea3:<\/strong><\/em><\/span><\/p>\n<\/blockquote>\n<p data-start=\"2581\" data-end=\"3030\">\u2013\u00a0<strong data-start=\"2583\" data-end=\"2606\">N\u1ea5u n\u01b0\u1edbc d\u00f9ng dashi<\/strong>: Ng\u00e2m k\u1ebft h\u1ee3p v\u1edbi c\u00e1 b\u00e0o (bonito flakes) \u0111\u1ec3 t\u1ea1o n\u1ec1n umami \u0111\u1eadm \u0111\u00e0 cho miso soup, ramen ho\u1eb7c l\u1ea9u.<br data-start=\"2702\" data-end=\"2705\" \/>\u2013\u00a0<strong data-start=\"2707\" data-end=\"2733\">Ch\u1ebf bi\u1ebfn m\u00f3n canh, s\u00fap<\/strong>: K\u1ebft h\u1ee3p v\u1edbi rau c\u1ee7 ho\u1eb7c n\u1ea5m \u0111\u1ec3 m\u00f3n canh ng\u1ecdt d\u1ecbu t\u1ef1 nhi\u00ean.<br data-start=\"2793\" data-end=\"2796\" \/>\u2013\u00a0<strong data-start=\"2798\" data-end=\"2816\">Ph\u1ee5 gia t\u1ea1o v\u1ecb<\/strong>: Xay v\u1ee5n v\u00e0 tr\u1ed9n v\u00e0o h\u1ed7n h\u1ee3p l\u00e0m x\u1ed1t, s\u1ed1t mayonnaise ho\u1eb7c salad tr\u1ed9n, gi\u00fap v\u1ecb umami lan t\u1ecfa nh\u1eb9.<br data-start=\"2913\" data-end=\"2916\" \/>\u2013\u00a0<strong data-start=\"2918\" data-end=\"2938\">Trang tr\u00ed m\u00f3n \u0103n<\/strong>: C\u1eaft s\u1ee3i Kombu m\u1ecfng v\u00e0 chi\u00ean gi\u00f2n, d\u00f9ng \u0111\u1ec3 trang tr\u00ed ho\u1eb7c d\u00f9ng nh\u01b0 topping b\u1ed5 sung ch\u1ea5t x\u01a1.<\/p>\n<p data-start=\"2581\" data-end=\"3030\"><img loading=\"lazy\" decoding=\"async\" class=\"aligncenter  wp-image-41216\" src=\"https:\/\/havamall.com\/wp-content\/uploads\/2025\/07\/270-1.webp\" alt=\"\" width=\"798\" height=\"599\" \/><\/p>\n<p data-start=\"3032\" data-end=\"3363\">\u0110\u1ec3 \u0111\u1ea3m b\u1ea3o ch\u1ea5t l\u01b0\u1ee3ng, n\u00ean b\u1ea3o qu\u1ea3n g\u00f3i Kombu kh\u00f4 k\u00edn sau khi m\u1edf, tr\u00e1nh ti\u1ebfp x\u00fac v\u1edbi \u0111\u1ed9 \u1ea9m v\u00e0 \u00e1nh s\u00e1ng m\u1eb7t tr\u1eddi. Khi \u0111\u01b0\u1ee3c b\u1ea3o qu\u1ea3n \u0111\u00fang c\u00e1ch, s\u1ea3n ph\u1ea9m gi\u1eef tr\u1ecdn c\u1ea5u tr\u00fac, v\u1ecb ngon t\u1ef1 nhi\u00ean v\u00e0 gi\u00e1 tr\u1ecb dinh d\u01b0\u1ee1ng. G\u00f3i 50g c\u00f3 th\u1ec3 d\u00f9ng \u0111\u1ebfn nhi\u1ec1u l\u1ea7n, ph\u00f9 h\u1ee3p c\u1ea3 cho gia \u0111\u00ecnh ho\u1eb7c ng\u01b0\u1eddi y\u00eau th\u00edch n\u1ea5u \u0103n truy\u1ec1n th\u1ed1ng v\u00e0 s\u00e1ng t\u1ea1o hi\u1ec7n \u0111\u1ea1i.<\/p>\n<p data-start=\"3365\" data-end=\"3686\">S\u1ea3n ph\u1ea9m\u00a0<strong data-start=\"3374\" data-end=\"3411\">Rong Bi\u1ec3n Kh\u00f4 Dashi Kombu G\u00f3i 50G<\/strong>\u00a0hi\u1ec7n \u0111\u00e3 c\u00f3 m\u1eb7t t\u1ea1i Havamall \u2013 \u0111\u1ecba ch\u1ec9 uy t\u00edn chuy\u00ean cung c\u1ea5p nguy\u00ean li\u1ec7u nh\u1eadp kh\u1ea9u v\u00e0 th\u1ef1c ph\u1ea9m cao c\u1ea5p. \u0110\u00e2y l\u00e0 l\u1ef1a ch\u1ecdn l\u00fd t\u01b0\u1edfng cho nh\u1eefng ai y\u00eau th\u00edch tinh hoa \u1ea9m th\u1ef1c Nh\u1eadt, mong mu\u1ed1n n\u00e2ng t\u1ea7m h\u01b0\u01a1ng v\u1ecb m\u00f3n s\u00fap, m\u00f3n \u0103n truy\u1ec1n th\u1ed1ng c\u00f9ng phong c\u00e1ch s\u1ed1ng l\u00e0nh m\u1ea1nh, b\u1ec1n v\u1eefng.<\/p>","protected":false},"excerpt":{"rendered":"<p>TH\u00d4NG TIN CHUNG Th\u01b0\u01a1ng hi\u1ec7u Shirakiku Xu\u1ea5t x\u1ee9 Nh\u1eadt B\u1ea3n Th\u00e0nh ph\u1ea7n Xem tr\u00ean bao b\u00ec H\u1ea1n s\u1eed d\u1ee5ng Xem<\/p>","protected":false},"featured_media":40118,"comment_status":"open","ping_status":"closed","template":"","meta":[],"product_brand":[],"product_cat":[675,36],"product_tag":[],"class_list":{"0":"post-40117","1":"product","2":"type-product","3":"status-publish","4":"has-post-thumbnail","6":"product_cat-nhap-khau-nhat-ban","7":"product_cat-thuc-pham-tieu-dung","9":"first","10":"instock","11":"sale","12":"shipping-taxable","13":"purchasable","14":"product-type-simple"},"_links":{"self":[{"href":"https:\/\/havamall.vn\/en\/wp-json\/wp\/v2\/product\/40117"}],"collection":[{"href":"https:\/\/havamall.vn\/en\/wp-json\/wp\/v2\/product"}],"about":[{"href":"https:\/\/havamall.vn\/en\/wp-json\/wp\/v2\/types\/product"}],"replies":[{"embeddable":true,"href":"https:\/\/havamall.vn\/en\/wp-json\/wp\/v2\/comments?post=40117"}],"version-history":[{"count":0,"href":"https:\/\/havamall.vn\/en\/wp-json\/wp\/v2\/product\/40117\/revisions"}],"wp:featuredmedia":[{"embeddable":true,"href":"https:\/\/havamall.vn\/en\/wp-json\/wp\/v2\/media\/40118"}],"wp:attachment":[{"href":"https:\/\/havamall.vn\/en\/wp-json\/wp\/v2\/media?parent=40117"}],"wp:term":[{"taxonomy":"product_brand","embeddable":true,"href":"https:\/\/havamall.vn\/en\/wp-json\/wp\/v2\/product_brand?post=40117"},{"taxonomy":"product_cat","embeddable":true,"href":"https:\/\/havamall.vn\/en\/wp-json\/wp\/v2\/product_cat?post=40117"},{"taxonomy":"product_tag","embeddable":true,"href":"https:\/\/havamall.vn\/en\/wp-json\/wp\/v2\/product_tag?post=40117"}],"curies":[{"name":"wp","href":"https:\/\/api.w.org\/{rel}","templated":true}]}}