{"id":40110,"date":"2025-07-18T14:32:10","date_gmt":"2025-07-18T07:32:10","guid":{"rendered":"https:\/\/havamall.vn\/?post_type=product&#038;p=40110"},"modified":"2025-09-28T09:58:59","modified_gmt":"2025-09-28T02:58:59","slug":"40110","status":"publish","type":"product","link":"https:\/\/havamall.vn\/en\/shop\/40110\/","title":{"rendered":"S\u1eefa Y\u1ebfn M\u1ea1ch Smart Green 1L \u2013 Smart Green Oat Milk 1L"},"content":{"rendered":"<blockquote>\n<blockquote>\n<h2><strong>TH\u00d4NG TIN CHUNG<\/strong><\/h2>\n<\/blockquote>\n<table style=\"width: 64.1528%;height: 252px\">\n<tbody>\n<tr style=\"height: 48px\">\n<td style=\"height: 48px;width: 29.921%\">Th\u01b0\u01a1ng hi\u1ec7u<\/td>\n<td style=\"height: 48px;width: 69.0109%\">Smart Green<\/td>\n<\/tr>\n<tr style=\"height: 24px\">\n<td style=\"height: 24px;width: 29.921%\">Xu\u1ea5t x\u1ee9<\/td>\n<td style=\"height: 24px;width: 69.0109%\">Ba Lan<\/td>\n<\/tr>\n<tr style=\"height: 48px\">\n<td style=\"height: 48px;width: 29.921%\">Th\u00e0nh ph\u1ea7n<\/td>\n<td style=\"height: 48px;width: 69.0109%\">N\u01b0\u1edbc, y\u1ebfn m\u1ea1ch, d\u1ea7u th\u1ef1c v\u1eadt, mu\u1ed1i bi\u1ec3n, vitamin D2, B12, kho\u00e1ng ch\u1ea5t<\/td>\n<\/tr>\n<tr style=\"height: 48px\">\n<td style=\"height: 48px;width: 29.921%\">H\u1ea1n s\u1eed d\u1ee5ng<\/td>\n<td style=\"height: 48px;width: 69.0109%\">Xem tren bao b\u00ec<\/td>\n<\/tr>\n<tr style=\"height: 48px\">\n<td style=\"height: 48px;width: 29.921%\">B\u1ea3o qu\u1ea3n<\/td>\n<td style=\"height: 48px;width: 69.0109%\">N\u01a1i kh\u00f4 r\u00e1o, tr\u00e1nh \u00e1nh s\u00e1ng; sau khi m\u1edf \u0111\u1ec3 ng\u0103n m\u00e1t v\u00e0 d\u00f9ng trong v\u00f2ng 5 ng\u00e0y<\/td>\n<\/tr>\n<tr style=\"height: 24px\">\n<td style=\"height: 24px;width: 29.921%\">Kh\u1ed1i l\u01b0\u1ee3ng<\/td>\n<td style=\"height: 24px;width: 69.0109%\">H\u1ed9p Gi\u1ea5y 1 l\u00edt<\/td>\n<\/tr>\n<\/tbody>\n<\/table>\n<article class=\"text-token-text-primary w-full\" dir=\"auto\" data-testid=\"conversation-turn-32\" data-scroll-anchor=\"true\">\n<div class=\"text-base my-auto mx-auto py-5 [--thread-content-margin:--spacing(4)] @[37rem]:[--thread-content-margin:--spacing(6)] @[72rem]:[--thread-content-margin:--spacing(16)] px-(--thread-content-margin)\">\n<div class=\"[--thread-content-max-width:32rem] @[34rem]:[--thread-content-max-width:40rem] @[64rem]:[--thread-content-max-width:48rem] mx-auto flex max-w-(--thread-content-max-width) flex-1 text-base gap-4 md:gap-5 lg:gap-6 group\/turn-messages focus-visible:outline-hidden\">\n<div class=\"group\/conversation-turn relative flex w-full min-w-0 flex-col agent-turn\">\n<div class=\"relative flex-col gap-1 md:gap-3\">\n<div class=\"flex max-w-full flex-col grow\">\n<div class=\"min-h-8 text-message relative flex w-full flex-col items-end gap-2 text-start break-words whitespace-normal [.text-message+&amp;]:mt-5\" dir=\"auto\" data-message-author-role=\"assistant\" data-message-id=\"7d4824ae-8cd7-4ea3-9891-a724e51264a3\" data-message-model-slug=\"gpt-4o\">\n<div class=\"flex w-full flex-col gap-1 empty:hidden first:pt-[3px]\">\n<div class=\"markdown prose dark:prose-invert w-full break-words light\">\n<p data-start=\"627\" data-end=\"1149\">C\u00f3 nh\u1eefng l\u1ef1a ch\u1ecdn trong ch\u1ebf \u0111\u1ed9 \u0103n h\u00e0ng ng\u00e0y kh\u00f4ng ch\u1ec9 d\u1eebng l\u1ea1i \u1edf vi\u1ec7c cung c\u1ea5p n\u0103ng l\u01b0\u1ee3ng m\u00e0 c\u00f2n ph\u1ea3n \u00e1nh m\u1ed9t l\u1ed1i s\u1ed1ng \u2013 n\u01a1i s\u1ee9c kh\u1ecfe, b\u1ec1n v\u1eefng v\u00e0 t\u00ednh nh\u00e2n v\u0103n c\u00f9ng h\u1ed9i t\u1ee5. Trong xu h\u01b0\u1edbng hi\u1ec7n \u0111\u1ea1i, c\u00e1c s\u1ea3n ph\u1ea9m c\u00f3 ngu\u1ed3n g\u1ed1c th\u1ef1c v\u1eadt ng\u00e0y c\u00e0ng \u0111\u01b0\u1ee3c ch\u00fa tr\u1ecdng, \u0111\u1eb7c bi\u1ec7t trong nh\u00f3m \u0111\u1ed3 u\u1ed1ng thay th\u1ebf s\u1eefa truy\u1ec1n th\u1ed1ng. T\u1eeb c\u00e1c lo\u1ea1i h\u1ea1t, \u0111\u1eadu cho \u0111\u1ebfn ng\u0169 c\u1ed1c, m\u1ed7i nguy\u00ean li\u1ec7u \u0111\u1ec1u mang trong m\u00ecnh m\u1ed9t l\u1ee3i th\u1ebf ri\u00eang bi\u1ec7t, g\u00f3p ph\u1ea7n \u0111\u1ecbnh h\u00ecnh n\u00ean nh\u1eefng d\u00f2ng s\u1ea3n ph\u1ea9m l\u00e0nh m\u1ea1nh, tinh t\u1ebf v\u00e0 ph\u00f9 h\u1ee3p v\u1edbi \u0111a d\u1ea1ng nhu c\u1ea7u ng\u01b0\u1eddi ti\u00eau d\u00f9ng.<\/p>\n<p data-start=\"627\" data-end=\"1149\"><img fetchpriority=\"high\" decoding=\"async\" class=\"aligncenter\" src=\"https:\/\/havamall.com\/wp-content\/uploads\/2025\/07\/shutterstock_1715708896-1-e1588929486442.jpg\" width=\"801\" height=\"386\" \/><\/p>\n<p data-start=\"1151\" data-end=\"1827\"><em><strong>Y\u1ebfn m\u1ea1ch<\/strong><\/em> \u2013 m\u1ed9t lo\u1ea1i ng\u0169 c\u1ed1c v\u1ed1n quen thu\u1ed9c trong th\u1ef1c \u0111\u01a1n c\u1ee7a ng\u01b0\u1eddi \u0103n ki\u00eang v\u00e0 nh\u1eefng ai theo \u0111u\u1ed5i l\u1ed1i s\u1ed1ng thu\u1ea7n chay \u2013 gi\u1edd \u0111\u00e2y \u0111\u00e3 b\u01b0\u1edbc ra kh\u1ecfi gi\u1edbi h\u1ea1n c\u1ee7a m\u00f3n ch\u00e1o hay granola th\u00f4ng th\u01b0\u1eddng \u0111\u1ec3 hi\u1ec7n di\u1ec7n trong nh\u1eefng s\u1ea3n ph\u1ea9m ti\u1ec7n d\u1ee5ng, \u0111\u1ea7y s\u00e1ng t\u1ea1o nh\u01b0 s\u1eefa y\u1ebfn m\u1ea1ch. Kh\u00f4ng ch\u1ec9 \u0111\u01b0\u1ee3c \u0111\u00e1nh gi\u00e1 cao v\u1ec1 m\u1eb7t dinh d\u01b0\u1ee1ng, y\u1ebfn m\u1ea1ch c\u00f2n s\u1edf h\u1eefu v\u1ecb ng\u1ecdt d\u1ecbu t\u1ef1 nhi\u00ean, d\u1ec5 k\u1ebft h\u1ee3p v\u00e0 ph\u00f9 h\u1ee3p v\u1edbi kh\u1ea9u v\u1ecb \u00c1 \u0110\u00f4ng. Vi\u1ec7c ch\u1ebf bi\u1ebfn y\u1ebfn m\u1ea1ch th\u00e0nh s\u1eefa th\u1ef1c v\u1eadt kh\u00f4ng ch\u1ec9 gi\u1eef \u0111\u01b0\u1ee3c ph\u1ea7n l\u1edbn d\u01b0\u1ee1ng ch\u1ea5t m\u00e0 c\u00f2n mang \u0111\u1ebfn c\u1ea5u tr\u00fac m\u1ec1m m\u01b0\u1ee3t, b\u00e9o nh\u1eb9 \u2013 m\u1ed9t l\u1ef1a ch\u1ecdn tuy\u1ec7t v\u1eddi cho ng\u01b0\u1eddi kh\u00f4ng dung n\u1ea1p lactose, ng\u01b0\u1eddi \u0111ang ki\u1ec3m so\u00e1t c\u00e2n n\u1eb7ng, ho\u1eb7c \u0111\u01a1n gi\u1ea3n l\u00e0 \u0111ang t\u00ecm ki\u1ebfm s\u1ef1 thay \u0111\u1ed5i t\u00edch c\u1ef1c cho c\u01a1 th\u1ec3.<\/p>\n<p data-start=\"1151\" data-end=\"1827\"><img decoding=\"async\" class=\"aligncenter\" src=\"https:\/\/havamall.com\/wp-content\/uploads\/2025\/07\/OAT2520MILK25201204242520GettyImages-1371933650.jpg\" width=\"801\" height=\"534\" \/><\/p>\n<p data-start=\"1829\" data-end=\"2345\"><em><strong>S\u1eefa y\u1ebfn m\u1ea1ch Smart Green<\/strong> <\/em>k\u1ebf th\u1eeba tr\u1ecdn v\u1eb9n tinh t\u00fay t\u1eeb h\u1ea1t y\u1ebfn m\u1ea1ch nguy\u00ean ch\u1ea5t, mang l\u1ea1i <strong><em>h\u01b0\u01a1ng v\u1ecb nh\u1eb9 nh\u00e0ng<\/em><\/strong>, <strong><em>b\u00e9o m\u1ecbn nh\u01b0ng kh\u00f4ng g\u00e2y ng\u1ea5y.<\/em><\/strong> Quy tr\u00ecnh s\u1ea3n xu\u1ea5t hi\u1ec7n \u0111\u1ea1i b\u1ea3o to\u00e0n d\u01b0\u1ee1ng ch\u1ea5t thi\u00ean nhi\u00ean, k\u1ebft h\u1ee3p v\u1edbi <strong><em>b\u1ed5 sung vitamin D2, B12, c\u00f9ng kho\u00e1ng ch\u1ea5t<\/em><\/strong> gi\u00fap t\u0103ng c\u01b0\u1eddng s\u1ee9c kh\u1ecfe m\u1ed9t c\u00e1ch to\u00e0n di\u1ec7n. S\u1ea3n ph\u1ea9m <strong><em>kh\u00f4ng ch\u1ee9a lactose, ph\u00f9 h\u1ee3p v\u1edbi ng\u01b0\u1eddi \u0103n chay, ng\u01b0\u1eddi kh\u00f4ng dung n\u1ea1p s\u1eefa \u0111\u1ed9ng v\u1eadt ho\u1eb7c \u0111ang theo ch\u1ebf \u0111\u1ed9 ki\u00eang.<\/em><\/strong><\/p>\n<p data-start=\"1829\" data-end=\"2345\"><img decoding=\"async\" class=\"aligncenter\" src=\"https:\/\/scontent.fsgn19-1.fna.fbcdn.net\/v\/t39.30808-6\/511416939_1024816019809764_476525125430895620_n.jpg?_nc_cat=109&amp;ccb=1-7&amp;_nc_sid=127cfc&amp;_nc_ohc=eGXfjOxMJi4Q7kNvwGdR5mE&amp;_nc_oc=Adl0-x8kQL-P0vGtxDjzNw2Z9PJTnlIWuCkJaRg1GdyWciPuRa8bvLhqPAcRcUZzJfwFR0IHdS8PxZE3Si6_ILQr&amp;_nc_zt=23&amp;_nc_ht=scontent.fsgn19-1.fna&amp;_nc_gid=Dc7t90W6QUxMNAAKSFbZJA&amp;oh=00_AfRdlD7UYbR4tQbhszDW-TaO77PHX-ys2T95xRPOo_21QQ&amp;oe=687FDD9E\" alt=\"C\u00f3 th\u1ec3 l\u00e0 h\u00ecnh \u1ea3nh v\u1ec1 b\u00e1nh quy y\u1ebfn m\u1ea1ch, \u0111\u1ed3 u\u1ed1ng v\u00e0 v\u0103n b\u1ea3n cho bi\u1ebft 'l A smart BARISTA green green oat drink &amp; drink 1L'\" width=\"800\" height=\"800\" \/><\/p>\n<p data-start=\"2347\" data-end=\"2529\"><strong><em>M\u00e0u s\u1eafc s\u1eefa c\u00f3 s\u1eafc ng\u00e0 nh\u1eb9, v\u1ecb thanh, h\u1eadu ng\u1ecdt d\u1ecbu, kh\u00f4ng g\u1eaft, kh\u00f4ng ng\u1eady. S\u1eefa c\u00f3 \u0111\u1ed9 s\u00e1nh v\u1eeba ph\u1ea3i, th\u00edch h\u1ee3p \u0111\u1ec3 u\u1ed1ng tr\u1ef1c ti\u1ebfp ho\u1eb7c k\u1ebft h\u1ee3p trong nhi\u1ec1u c\u00f4ng th\u1ee9c ch\u1ebf bi\u1ebfn kh\u00e1c nhau:<\/em><\/strong><\/p>\n<p data-start=\"2531\" data-end=\"2862\">\u2013 Pha c\u00f9ng c\u00e0 ph\u00ea t\u1ea1o n\u00ean ly latte th\u1ef1c v\u1eadt kh\u00f4ng b\u00e9o nh\u01b0ng v\u1eabn th\u01a1m ng\u1eady<br data-start=\"2604\" data-end=\"2607\" \/>\u2013 S\u1eed d\u1ee5ng c\u00f9ng ng\u0169 c\u1ed1c ho\u1eb7c overnight oats cho b\u1eefa s\u00e1ng nh\u1eb9 nh\u00e0ng, nhanh g\u1ecdn<br data-start=\"2683\" data-end=\"2686\" \/>\u2013 L\u00e0m nguy\u00ean li\u1ec7u cho sinh t\u1ed1 tr\u00e1i c\u00e2y, smoothie bowl ho\u1eb7c m\u00f3n tr\u00e1ng mi\u1ec7ng l\u00e0nh m\u1ea1nh<br data-start=\"2770\" data-end=\"2773\" \/>\u2013 C\u00f3 th\u1ec3 d\u00f9ng l\u00e0m n\u1ec1n trong c\u00e1c m\u00f3n s\u00fap kem thu\u1ea7n chay ho\u1eb7c ch\u1ebf bi\u1ebfn b\u00e1nh n\u01b0\u1edbng kh\u00f4ng s\u1eefa<\/p>\n<p data-start=\"2531\" data-end=\"2862\"><img loading=\"lazy\" decoding=\"async\" class=\"aligncenter\" src=\"https:\/\/havamall.com\/wp-content\/uploads\/2025\/07\/milk-and-cookies-6.jpg\" alt=\"Desserts - Monson Made This\" width=\"800\" height=\"1000\" \/><\/p>\n<p data-start=\"2864\" data-end=\"3143\">Bao b\u00ec h\u1ed9p gi\u1ea5y c\u00f3 n\u1eafp v\u1eb7n, ti\u1ec7n l\u1ee3i trong vi\u1ec7c b\u1ea3o qu\u1ea3n, th\u00e2n thi\u1ec7n v\u1edbi m\u00f4i tr\u01b0\u1eddng v\u00e0 d\u1ec5 d\u00e0ng mang theo. <strong><em>\u0110\u1eb7c bi\u1ec7t, s\u1ea3n ph\u1ea9m kh\u00f4ng ch\u1ee9a lactose, kh\u00f4ng cholesterol, kh\u00f4ng ch\u1ea5t b\u1ea3o qu\u1ea3n<\/em><\/strong>, ho\u00e0n to\u00e0n ph\u00f9 h\u1ee3p v\u1edbi xu h\u01b0\u1edbng \u201c\u0103n s\u1ea1ch \u2013 s\u1ed1ng xanh\u201d \u0111ang \u0111\u01b0\u1ee3c \u0111\u1ec1 cao trong nh\u1eefng n\u0103m g\u1ea7n \u0111\u00e2y.<\/p>\n<p data-start=\"3145\" data-end=\"3354\" data-is-last-node=\"\" data-is-only-node=\"\">S\u1eefa Y\u1ebfn M\u1ea1ch Smart Green Kh\u00f4ng \u0110\u01b0\u1eddng 1L hi\u1ec7n \u0111\u00e3 c\u00f3 m\u1eb7t t\u1ea1i Havamall \u2013 n\u01a1i h\u1ed9i t\u1ee5 c\u00e1c s\u1ea3n ph\u1ea9m th\u1ef1c ph\u1ea9m dinh d\u01b0\u1ee1ng, nguy\u00ean li\u1ec7u s\u1ea1ch v\u00e0 th\u1ee9c u\u1ed1ng thu\u1ea7n chay t\u1eeb c\u00e1c th\u01b0\u01a1ng hi\u1ec7u \u0111\u00e1ng tin c\u1eady trong v\u00e0 ngo\u00e0i n\u01b0\u1edbc.<\/p>\n<\/div>\n<\/div>\n<\/div>\n<\/div>\n<\/div>\n<\/div>\n<\/div>\n<\/div>\n<\/article>\n<h2><\/h2>\n<\/blockquote>\n","protected":false},"excerpt":{"rendered":"<p>TH\u00d4NG TIN CHUNG Th\u01b0\u01a1ng hi\u1ec7u Smart Green Xu\u1ea5t x\u1ee9 Ba Lan Th\u00e0nh ph\u1ea7n N\u01b0\u1edbc, y\u1ebfn m\u1ea1ch, d\u1ea7u th\u1ef1c v\u1eadt, mu\u1ed1i<\/p>","protected":false},"featured_media":40111,"comment_status":"open","ping_status":"closed","template":"","meta":[],"product_brand":[],"product_cat":[677,135],"product_tag":[],"class_list":{"0":"post-40110","1":"product","2":"type-product","3":"status-publish","4":"has-post-thumbnail","6":"product_cat-cac-nuoc-khac","7":"product_cat-sua-do-uong","9":"first","10":"outofstock","11":"sale","12":"shipping-taxable","13":"purchasable","14":"product-type-simple"},"_links":{"self":[{"href":"https:\/\/havamall.vn\/en\/wp-json\/wp\/v2\/product\/40110"}],"collection":[{"href":"https:\/\/havamall.vn\/en\/wp-json\/wp\/v2\/product"}],"about":[{"href":"https:\/\/havamall.vn\/en\/wp-json\/wp\/v2\/types\/product"}],"replies":[{"embeddable":true,"href":"https:\/\/havamall.vn\/en\/wp-json\/wp\/v2\/comments?post=40110"}],"version-history":[{"count":0,"href":"https:\/\/havamall.vn\/en\/wp-json\/wp\/v2\/product\/40110\/revisions"}],"wp:featuredmedia":[{"embeddable":true,"href":"https:\/\/havamall.vn\/en\/wp-json\/wp\/v2\/media\/40111"}],"wp:attachment":[{"href":"https:\/\/havamall.vn\/en\/wp-json\/wp\/v2\/media?parent=40110"}],"wp:term":[{"taxonomy":"product_brand","embeddable":true,"href":"https:\/\/havamall.vn\/en\/wp-json\/wp\/v2\/product_brand?post=40110"},{"taxonomy":"product_cat","embeddable":true,"href":"https:\/\/havamall.vn\/en\/wp-json\/wp\/v2\/product_cat?post=40110"},{"taxonomy":"product_tag","embeddable":true,"href":"https:\/\/havamall.vn\/en\/wp-json\/wp\/v2\/product_tag?post=40110"}],"curies":[{"name":"wp","href":"https:\/\/api.w.org\/{rel}","templated":true}]}}