{"id":40102,"date":"2025-07-18T11:10:39","date_gmt":"2025-07-18T04:10:39","guid":{"rendered":"https:\/\/havamall.vn\/?post_type=product&#038;p=40102"},"modified":"2025-07-18T11:32:52","modified_gmt":"2025-07-18T04:32:52","slug":"bot-rau-cau-con-ca-deo-3d-goi-12g-3d-soft-fish-jelly-powder-12g","status":"publish","type":"product","link":"https:\/\/havamall.vn\/en\/shop\/bot-rau-cau-con-ca-deo-3d-goi-12g-3d-soft-fish-jelly-powder-12g\/","title":{"rendered":"B\u1ed9t Rau C\u00e2u Con C\u00e1 D\u1ebbo 3D G\u00f3i 12g \u2013 3D Soft Fish Jelly Powder 12g"},"content":{"rendered":"<blockquote>\n<h2><strong>TH\u00d4NG TIN CHUNG<\/strong><\/h2>\n<\/blockquote>\n<table style=\"width: 60.8196%;height: 207px\">\n<tbody>\n<tr>\n<td style=\"width: 19.6364%\">Th\u01b0\u01a1ng hi\u1ec7u<\/td>\n<td style=\"width: 79.5152%\">Hi\u1ec7p Long<\/td>\n<\/tr>\n<tr>\n<td style=\"width: 19.6364%\">Xu\u1ea5t x\u1ee9<\/td>\n<td style=\"width: 79.5152%\">Vi\u1ec7t Nam<\/td>\n<\/tr>\n<tr>\n<td style=\"width: 19.6364%\">Th\u00e0nh ph\u1ea7n<\/td>\n<td style=\"width: 79.5152%\">Xem chi ti\u1ebft tr\u00ean bao b\u00ec (Carrageenan (40%), Konjac (20%), Kali clorid (15%), Citrate (15%), G\u00f4m xanthan (5%), Glucose (5%))<\/td>\n<\/tr>\n<tr>\n<td style=\"width: 19.6364%\">H\u1ea1n s\u1eed d\u1ee5ng<\/td>\n<td style=\"width: 79.5152%\">Xem tren bao b\u00ec<\/td>\n<\/tr>\n<tr>\n<td style=\"width: 19.6364%\">B\u1ea3o qu\u1ea3n<\/td>\n<td style=\"width: 79.5152%\">N\u01a1i kh\u00f4 r\u00e1o, tho\u00e1ng m\u00e1t, tr\u00e1nh \u00e1nh n\u1eafng tr\u1ef1c ti\u1ebfp<\/td>\n<\/tr>\n<tr>\n<td style=\"width: 19.6364%\">Kh\u1ed1i l\u01b0\u1ee3ng<\/td>\n<td style=\"width: 79.5152%\">G\u00f3i 12g<\/td>\n<\/tr>\n<\/tbody>\n<\/table>\n<p>Trong kh\u00e1i ni\u1ec7m hi\u1ec7n \u0111\u1ea1i c\u1ee7a \u1ea9m th\u1ef1c v\u00e0 gi\u1ea3i tr\u00ed, th\u1ea1ch rau c\u00e2u 3D kh\u00f4ng c\u00f2n l\u00e0 m\u00f3n \u0103n b\u00ecnh d\u00e2n \u0111\u01a1n thu\u1ea7n m\u00e0 \u0111\u00e3 ph\u00e1t tri\u1ec3n th\u00e0nh tr\u00e0o l\u01b0u l\u00e0m \u0111\u1eb9p m\u1eaft v\u00e0 vui nh\u1ed9n, \u0111\u1eb7c bi\u1ec7t ph\u1ed5 bi\u1ebfn trong pha ch\u1ebf, ti\u1ec7c tr\u00e0 v\u00e0 c\u1ea3 kh\u00f4ng gian gia \u0111\u00ecnh. B\u1ed9t rau c\u00e2u con c\u00e1 d\u1ebbo 3D xu\u1ea5t ph\u00e1t t\u1eeb s\u1ef1 k\u1ebft h\u1ee3p gi\u1eefa k\u1ef9 thu\u1eadt \u0111\u00f4ng h\u00f3a tinh vi v\u00e0 c\u1ea3m h\u1ee9ng t\u1eeb h\u00ecnh d\u00e1ng sinh v\u1eadt bi\u1ec3n, mang l\u1ea1i th\u00e0nh ph\u1ea9m th\u1ea1ch c\u00f3 k\u1ebft c\u1ea5u m\u1ec1m d\u1ebbo, trong su\u1ed1t v\u00e0 h\u00ecnh con c\u00e1 s\u1ed1ng \u0111\u1ed9ng khi \u0111\u01b0\u1ee3c th\u1ea3 v\u00e0o n\u01b0\u1edbc l\u1ea1nh. \u0110i\u1ec3m \u0111\u1eb7c bi\u1ec7t c\u1ee7a lo\u1ea1i rau c\u00e2u n\u00e0y n\u1eb1m \u1edf ph\u1ea3n \u1ee9ng \u0111\u00f4ng nhanh g\u1ecdn, d\u1ec5 d\u00e0ng t\u1ea1o h\u00ecnh v\u00e0 mang l\u1ea1i c\u1ea3m gi\u00e1c gi\u00f2n dai v\u1eeba ph\u1ea3i khi th\u01b0\u1edfng th\u1ee9c.<\/p>\n<p><img fetchpriority=\"high\" decoding=\"async\" class=\"aligncenter\" src=\"https:\/\/havamall.com\/wp-content\/uploads\/2025\/07\/rau-cau-ngan-lop-1024x901.jpg\" alt=\"C\u00e1ch l\u00e0m rau c\u00e2u ng\u00e0n l\u1edbp ngon v\u00e0 \u0111\u01a1n gi\u1ea3n t\u1ea1i nh\u00e0\" width=\"800\" height=\"704\" \/><\/p>\n<p data-start=\"1937\" data-end=\"2364\"><strong>B\u1ed9t rau c\u00e2u con c\u00e1 3D<\/strong> c\u00f2n ph\u00f9 h\u1ee3p \u0111\u1ec3 th\u00eam h\u01b0\u01a1ng v\u1ecb tr\u00e1i c\u00e2y, syrup ho\u1eb7c n\u01b0\u1edbc \u00e9p, g\u00f3p ph\u1ea7n l\u00e0m t\u0103ng h\u01b0\u01a1ng th\u01a1m v\u00e0 m\u00e0u s\u1eafc \u0111a d\u1ea1ng. C\u00e1c s\u1ea3n ph\u1ea9m h\u1ed7 tr\u1ee3 nh\u01b0 khu\u00f4n c\u00e1, m\u00e0u tint th\u1ef1c ph\u1ea9m ho\u1eb7c tinh d\u1ea7u d\u1ec5 d\u00e0ng k\u1ebft h\u1ee3p \u0111\u1ec3 l\u00e0m phong ph\u00fa tr\u1ea3i nghi\u1ec7m. Ngo\u00e0i c\u00f4ng d\u1ee5ng l\u00e0m th\u1ea1ch truy\u1ec1n th\u1ed1ng, lo\u1ea1i b\u1ed9t n\u00e0y c\u00f2n \u1ee9ng d\u1ee5ng trong pha ch\u1ebf tr\u00e0 s\u1eefa, ch\u00e8 tr\u00e1i c\u00e2y, dessert ho\u1eb7c buffet ti\u1ec7c nh\u1ecf, n\u01a1i v\u1ebb \u0111\u1eb9p v\u00e0 \u0111\u1ed9 d\u1ebbo dai c\u1ee7a th\u1ea1ch 3D l\u00e0 \u0111i\u1ec3m nh\u1ea5n.<\/p>\n<p data-start=\"1937\" data-end=\"2364\"><img decoding=\"async\" class=\"aligncenter\" src=\"https:\/\/havamall.com\/wp-content\/uploads\/2025\/07\/16-1200x676.jpg\" alt=\"T\u1ed5ng h\u1ee3p 14 c\u00e1ch l\u00e0m b\u00e1nh trung thu rau c\u00e2u, th\u01a1m ngon, h\u1ea5p d\u1eabn, m\u1edbi l\u1ea1\" width=\"802\" height=\"452\" \/><\/p>\n<blockquote>\n<h3><span style=\"font-size: 18pt\"><strong><em>B\u00ed quy\u1ebft t\u1ea1o n\u00ean m\u00f3n rau c\u00e2u h\u1ea5p d\u1eabn v\u1edbi B\u1ed9t Rau C\u00e2u Con C\u00e1 D\u1ebbo 3D:<\/em><\/strong><\/span><\/h3>\n<\/blockquote>\n<p><span style=\"font-size: 14pt\"><b>C\u00f4ng th\u1ee9c Rau C\u00e2u N\u01b0\u1edbc C\u1ed1t D\u1eeba &amp; L\u00e1 D\u1ee9a (v\u00ed d\u1ee5):<\/b><\/span><\/p>\n<p><em><b>Nguy\u00ean li\u1ec7u:<\/b><\/em><\/p>\n<ul>\n<li>\u2013 1 g\u00f3i B\u1ed9t Rau C\u00e2u Con C\u00e1 D\u1ebbo 3D Hi\u1ec7p Long (12g)<\/li>\n<li>\u2013 200g \u0111\u01b0\u1eddng (c\u00f3 th\u1ec3 \u0111i\u1ec1u ch\u1ec9nh t\u00f9y kh\u1ea9u v\u1ecb)<\/li>\n<li>\u2013 1 l\u00edt n\u01b0\u1edbc l\u1ecdc<\/li>\n<li>\u2013 200ml n\u01b0\u1edbc c\u1ed1t d\u1eeba<\/li>\n<li>\u2013 M\u1ed9t \u00edt n\u01b0\u1edbc c\u1ed1t l\u00e1 d\u1ee9a (ho\u1eb7c m\u00e0u th\u1ef1c ph\u1ea9m xanh)<\/li>\n<\/ul>\n<p><img decoding=\"async\" class=\"aligncenter\" src=\"https:\/\/havamall.com\/wp-content\/uploads\/2025\/07\/raucauladuanglieu-800x450.jpg\" alt=\"2 C\u00e1ch l\u00e0m rau c\u00e2u l\u00e1 d\u1ee9a n\u01b0\u1edbc c\u1ed1t d\u1eeba b\u00e9o, ngon v\u00e0 kh\u00f4ng t\u00e1ch l\u1edbp\" \/><\/p>\n<p><em><b>C\u00e1ch l\u00e0m:<\/b><\/em><\/p>\n<ol start=\"1\">\n<li><b>H\u00f2a tan b\u1ed9t:<\/b> Trong m\u1ed9t n\u1ed3i, tr\u1ed9n \u0111\u1ec1u b\u1ed9t rau c\u00e2u v\u1edbi \u0111\u01b0\u1eddng. Vi\u1ec7c tr\u1ed9n kh\u00f4 v\u1edbi \u0111\u01b0\u1eddng tr\u01b0\u1edbc s\u1ebd gi\u00fap b\u1ed9t kh\u00f4ng b\u1ecb v\u00f3n c\u1ee5c khi cho v\u00e0o n\u01b0\u1edbc.<\/li>\n<li><b>\u0110un s\u00f4i:<\/b> T\u1eeb t\u1eeb \u0111\u1ed5 1 l\u00edt n\u01b0\u1edbc l\u1ecdc v\u00e0o h\u1ed7n h\u1ee3p b\u1ed9t \u0111\u01b0\u1eddng, khu\u1ea5y \u0111\u1ec1u cho tan ho\u00e0n to\u00e0n. \u0110\u1eb7t n\u1ed3i l\u00ean b\u1ebfp, \u0111un v\u1edbi l\u1eeda v\u1eeba, khu\u1ea5y li\u00ean t\u1ee5c cho \u0111\u1ebfn khi h\u1ed7n h\u1ee3p s\u00f4i m\u1ea1nh v\u00e0 b\u1ed9t rau c\u00e2u tan h\u1ebft, n\u01b0\u1edbc tr\u1edf n\u00ean trong.<\/li>\n<li><b>Chia h\u1ed7n h\u1ee3p v\u00e0 t\u1ea1o m\u00e0u:<\/b>\n<ul>\n<li>\u2013 Chia h\u1ed7n h\u1ee3p rau c\u00e2u \u0111\u00e3 \u0111un th\u00e0nh 2 ph\u1ea7n: m\u1ed9t ph\u1ea7n l\u1edbn (kho\u1ea3ng 700ml) v\u00e0 m\u1ed9t ph\u1ea7n nh\u1ecf h\u01a1n (kho\u1ea3ng 300ml).<\/li>\n<li>\u2013 Ph\u1ea7n l\u1edbn: Cho n\u01b0\u1edbc c\u1ed1t d\u1eeba v\u00e0o, khu\u1ea5y \u0111\u1ec1u. Gi\u1eef \u1ea5m nh\u1eb9 tr\u00ean b\u1ebfp ho\u1eb7c trong n\u1ed3i c\u00e1ch th\u1ee7y \u0111\u1ec3 tr\u00e1nh \u0111\u00f4ng.<\/li>\n<li>\u2013 Ph\u1ea7n nh\u1ecf: Cho n\u01b0\u1edbc c\u1ed1t l\u00e1 d\u1ee9a (ho\u1eb7c m\u00e0u xanh) v\u00e0o, khu\u1ea5y \u0111\u1ec1u. Gi\u1eef \u1ea5m.<\/li>\n<\/ul>\n<\/li>\n<li><b>\u0110\u1ed5 khu\u00f4n:<\/b>\n<ul>\n<li>\u2013 \u0110\u1ed5 m\u1ed9t l\u1edbp rau c\u00e2u n\u01b0\u1edbc c\u1ed1t d\u1eeba v\u00e0o khu\u00f4n tr\u01b0\u1edbc. Ch\u1edd kho\u1ea3ng 3-5 ph\u00fat cho l\u1edbp n\u00e0y se m\u1eb7t.<\/li>\n<li>\u2013 Ti\u1ebfp t\u1ee5c \u0111\u1ed5 m\u1ed9t l\u1edbp rau c\u00e2u l\u00e1 d\u1ee9a l\u00ean tr\u00ean. Ch\u1edd se m\u1eb7t.<\/li>\n<li>\u2013 C\u1ee9 th\u1ebf \u0111\u1ed5 xen k\u1ebd c\u00e1c l\u1edbp cho \u0111\u1ebfn khi h\u1ebft h\u1ed7n h\u1ee3p. N\u1ebfu mu\u1ed1n t\u1ea1o c\u00e1c h\u1ecda ti\u1ebft 3D, h\u00e3y \u0111\u1ed5 t\u1eebng l\u1edbp m\u1ecfng v\u00e0 ch\u1edd \u0111\u00f4ng h\u1eb3n gi\u1eefa c\u00e1c l\u1edbp \u0111\u1ec3 t\u1ea1o ranh gi\u1edbi r\u00f5 r\u00e0ng.<\/li>\n<\/ul>\n<\/li>\n<li><b>L\u00e0m l\u1ea1nh:<\/b> \u0110\u1ec3 rau c\u00e2u ngu\u1ed9i ho\u00e0n to\u00e0n \u1edf nhi\u1ec7t \u0111\u1ed9 ph\u00f2ng, sau \u0111\u00f3 cho v\u00e0o t\u1ee7 l\u1ea1nh \u00edt nh\u1ea5t 1-2 ti\u1ebfng cho \u0111\u00f4ng c\u1ee9ng v\u00e0 m\u00e1t l\u1ea1nh.<\/li>\n<li><b>Th\u01b0\u1edfng th\u1ee9c:<\/b> L\u1ea5y rau c\u00e2u ra kh\u1ecfi khu\u00f4n, c\u1eaft mi\u1ebfng v\u1eeba \u0103n v\u00e0 th\u01b0\u1edfng th\u1ee9c.<\/li>\n<\/ol>\n<p><img decoding=\"async\" class=\"aligncenter wp-image-41198\" src=\"https:\/\/havamall.com\/wp-content\/uploads\/2025\/07\/Coconut-Pandan-Jelly-Recipe-Thach-Rau-Cau-La-Dua-Takestwoeggs-sq.jpg\" alt=\"\" width=\"800\" height=\"800\" \/><\/p>\n<blockquote>\n<h3><span style=\"font-size: 18pt\"><em><strong>S\u00e1ng t\u1ea1o kh\u00f4ng gi\u1edbi h\u1ea1n!<\/strong><\/em><\/span><\/h3>\n<\/blockquote>\n<ul>\n<li><b>\u2013 Rau c\u00e2u tr\u00e1i c\u00e2y:<\/b> Cho c\u00e1c lo\u1ea1i tr\u00e1i c\u00e2y t\u01b0\u01a1i c\u1eaft h\u1ea1t l\u1ef1u (nh\u01b0 kiwi, d\u00e2u t\u00e2y, xo\u00e0i, thanh long) v\u00e0o \u0111\u00e1y khu\u00f4n ho\u1eb7c xen k\u1ebd gi\u1eefa c\u00e1c l\u1edbp rau c\u00e2u.<\/li>\n<li><b>\u2013 Rau c\u00e2u c\u00e0 ph\u00ea:<\/b> Pha b\u1ed9t rau c\u00e2u v\u1edbi c\u00e0 ph\u00ea \u0111en v\u00e0 \u0111\u01b0\u1eddng, t\u1ea1o n\u00ean m\u00f3n rau c\u00e2u c\u00f3 h\u01b0\u01a1ng v\u1ecb \u0111\u1ed9c \u0111\u00e1o.<\/li>\n<li><b>\u2013 Rau c\u00e2u nhi\u1ec1u t\u1ea7ng m\u00e0u s\u1eafc:<\/b> S\u1eed d\u1ee5ng nhi\u1ec1u lo\u1ea1i n\u01b0\u1edbc \u00e9p ho\u1eb7c m\u00e0u th\u1ef1c ph\u1ea9m kh\u00e1c nhau \u0111\u1ec3 t\u1ea1o ra nh\u1eefng t\u1ea7ng rau c\u00e2u c\u1ea7u v\u1ed3ng b\u1eaft m\u1eaft.<\/li>\n<li><b>\u2013 Rau c\u00e2u trong v\u1ecf d\u1eeba:<\/b> \u0110\u1ec3 nguy\u00ean ph\u1ea7n v\u1ecf d\u1eeba \u0111\u00e3 g\u1ecdt s\u1ea1ch, \u0111\u1ed5 rau c\u00e2u n\u01b0\u1edbc c\u1ed1t d\u1eeba v\u00e0o, sau khi \u0111\u00f4ng c\u00f3 th\u1ec3 c\u1eaft th\u00e0nh t\u1eebng mi\u1ebfng v\u00e0 th\u01b0\u1edfng th\u1ee9c trong ch\u00ednh v\u1ecf d\u1eeba.<\/li>\n<\/ul>\n<p><img loading=\"lazy\" decoding=\"async\" class=\"aligncenter wp-image-41199\" src=\"https:\/\/havamall.com\/wp-content\/uploads\/2025\/07\/fb-img-1679221011505.jpg\" alt=\"\" width=\"800\" height=\"802\" \/><\/p>\n<p data-start=\"2674\" data-end=\"2927\">S\u1ea3n ph\u1ea9m\u00a0<strong data-start=\"2683\" data-end=\"2720\">B\u1ed9t rau c\u00e2u con c\u00e1 d\u1ebbo 3D g\u00f3i 12g<\/strong>\u00a0\u0111\u00e3 c\u00f3 m\u1eb7t t\u1ea1i\u00a0<strong data-start=\"2735\" data-end=\"2747\">Havamall<\/strong>, n\u01a1i cung c\u1ea5p nguy\u00ean li\u1ec7u th\u1ef1c ph\u1ea9m ch\u1ea5t l\u01b0\u1ee3ng v\u00e0 chu\u1ea9n qu\u1ed1c t\u1ebf. \u0110\u00e2y l\u00e0 l\u1ef1a ch\u1ecdn th\u00fa v\u1ecb cho nh\u1eefng ai mu\u1ed1n t\u1ef1 l\u00e0m th\u1ea1ch 3D t\u1ea1i nh\u00e0 ho\u1eb7c trang tr\u00ed m\u00f3n \u0103n th\u00eam sinh \u0111\u1ed9ng v\u00e0 s\u00e1ng t\u1ea1o.<\/p>","protected":false},"excerpt":{"rendered":"<p>TH\u00d4NG TIN CHUNG Th\u01b0\u01a1ng hi\u1ec7u Hi\u1ec7p Long Xu\u1ea5t x\u1ee9 Vi\u1ec7t Nam Th\u00e0nh ph\u1ea7n Xem chi ti\u1ebft tr\u00ean bao b\u00ec (Carrageenan<\/p>","protected":false},"featured_media":40103,"comment_status":"open","ping_status":"closed","template":"","meta":[],"product_brand":[],"product_cat":[677,255,131],"product_tag":[],"class_list":{"0":"post-40102","1":"product","2":"type-product","3":"status-publish","4":"has-post-thumbnail","6":"product_cat-cac-nuoc-khac","7":"product_cat-nguyen-lieu-lam-banh","8":"product_cat-nguyen-lieu-lam-bep","10":"first","11":"instock","12":"sale","13":"shipping-taxable","14":"purchasable","15":"product-type-simple"},"_links":{"self":[{"href":"https:\/\/havamall.vn\/en\/wp-json\/wp\/v2\/product\/40102"}],"collection":[{"href":"https:\/\/havamall.vn\/en\/wp-json\/wp\/v2\/product"}],"about":[{"href":"https:\/\/havamall.vn\/en\/wp-json\/wp\/v2\/types\/product"}],"replies":[{"embeddable":true,"href":"https:\/\/havamall.vn\/en\/wp-json\/wp\/v2\/comments?post=40102"}],"version-history":[{"count":0,"href":"https:\/\/havamall.vn\/en\/wp-json\/wp\/v2\/product\/40102\/revisions"}],"wp:featuredmedia":[{"embeddable":true,"href":"https:\/\/havamall.vn\/en\/wp-json\/wp\/v2\/media\/40103"}],"wp:attachment":[{"href":"https:\/\/havamall.vn\/en\/wp-json\/wp\/v2\/media?parent=40102"}],"wp:term":[{"taxonomy":"product_brand","embeddable":true,"href":"https:\/\/havamall.vn\/en\/wp-json\/wp\/v2\/product_brand?post=40102"},{"taxonomy":"product_cat","embeddable":true,"href":"https:\/\/havamall.vn\/en\/wp-json\/wp\/v2\/product_cat?post=40102"},{"taxonomy":"product_tag","embeddable":true,"href":"https:\/\/havamall.vn\/en\/wp-json\/wp\/v2\/product_tag?post=40102"}],"curies":[{"name":"wp","href":"https:\/\/api.w.org\/{rel}","templated":true}]}}