{"id":40093,"date":"2025-07-18T09:32:48","date_gmt":"2025-07-18T02:32:48","guid":{"rendered":"https:\/\/havamall.vn\/?post_type=product&#038;p=40093"},"modified":"2026-02-25T10:02:54","modified_gmt":"2026-02-25T03:02:54","slug":"bot-matcha-novia-mu-xanh-100g-green-tea-powder-novia-blue-shade","status":"publish","type":"product","link":"https:\/\/havamall.vn\/en\/shop\/bot-matcha-novia-mu-xanh-100g-green-tea-powder-novia-blue-shade\/","title":{"rendered":"B\u1ed9t Matcha Novia M\u0169 Xanh 100g \u2013 Green Tea Powder Novia Blue Shade"},"content":{"rendered":"<blockquote>\n<h2><strong>TH\u00d4NG TIN CHUNG<\/strong><\/h2>\n<\/blockquote>\n<table style=\"width: 50.5672%\">\n<tbody>\n<tr>\n<td style=\"width: 21.0412%\">Th\u01b0\u01a1ng hi\u1ec7u<\/td>\n<td style=\"width: 121.711%\">Novia<\/td>\n<\/tr>\n<tr>\n<td style=\"width: 21.0412%\">Xu\u1ea5t x\u1ee9<\/td>\n<td style=\"width: 121.711%\">Vi\u1ec7t Nam<\/td>\n<\/tr>\n<tr>\n<td style=\"width: 21.0412%\">Th\u00e0nh ph\u1ea7n<\/td>\n<td style=\"width: 121.711%\">B\u1ed9t oolong matcha 99,92%, c\u00f3 th\u00eam h\u01b0\u01a1ng li\u1ec7u matcha t\u1ed5ng h\u1ee3p<\/td>\n<\/tr>\n<tr>\n<td style=\"width: 21.0412%\">H\u1ea1n s\u1eed d\u1ee5ng<\/td>\n<td style=\"width: 121.711%\">Xem tren bao b\u00ec<\/td>\n<\/tr>\n<tr>\n<td style=\"width: 21.0412%\">B\u1ea3o qu\u1ea3n<\/td>\n<td style=\"width: 121.711%\">N\u01a1i kh\u00f4 r\u00e1o, tho\u00e1ng m\u00e1t, tr\u00e1nh \u00e1nh n\u1eafng tr\u1ef1c ti\u1ebfp<\/td>\n<\/tr>\n<tr>\n<td style=\"width: 21.0412%\">Kh\u1ed1i l\u01b0\u1ee3ng<\/td>\n<td style=\"width: 121.711%\">G\u00f3i 100g<\/td>\n<\/tr>\n<\/tbody>\n<\/table>\n<p data-start=\"268\" data-end=\"853\">Trong th\u1ebf gi\u1edbi \u1ea9m th\u1ef1c hi\u1ec7n \u0111\u1ea1i, nguy\u00ean li\u1ec7u ch\u1ea5t l\u01b0\u1ee3ng cao lu\u00f4n gi\u1eef vai tr\u00f2 then ch\u1ed1t trong vi\u1ec7c t\u1ea1o n\u00ean nh\u1eefng m\u00f3n \u0103n v\u00e0 th\u1ee9c u\u1ed1ng \u0111\u1eb3ng c\u1ea5p, \u0111\u1ed3ng th\u1eddi mang l\u1ea1i gi\u00e1 tr\u1ecb dinh d\u01b0\u1ee1ng t\u1ed1i \u01b0u. Tr\u00e0 xanh nguy\u00ean ch\u1ea5t, v\u1edbi s\u1eafc xanh t\u01b0\u01a1i m\u00e1t c\u00f9ng h\u01b0\u01a1ng th\u01a1m thanh khi\u1ebft, kh\u00f4ng ch\u1ec9 l\u00e0 bi\u1ec3u t\u01b0\u1ee3ng c\u1ee7a s\u1ef1 tinh khi\u1ebft m\u00e0 c\u00f2n l\u00e0 ngu\u1ed3n c\u1ea3m h\u1ee9ng b\u1ea5t t\u1eadn cho nhi\u1ec1u n\u1ec1n v\u0103n h\u00f3a v\u00e0 ng\u00e0nh c\u00f4ng nghi\u1ec7p \u1ea9m th\u1ef1c to\u00e0n c\u1ea7u. B\u1ed9t matcha, d\u1ea1ng b\u1ed9t m\u1ecbn c\u1ee7a l\u00e1 tr\u00e0 non \u0111\u01b0\u1ee3c ch\u1ebf bi\u1ebfn theo ph\u01b0\u01a1ng ph\u00e1p truy\u1ec1n th\u1ed1ng Nh\u1eadt B\u1ea3n, th\u1ec3 hi\u1ec7n s\u1ef1 k\u1ebft tinh ho\u00e0n h\u1ea3o gi\u1eefa k\u1ef9 thu\u1eadt ch\u1ebf bi\u1ebfn tinh x\u1ea3o v\u00e0 gi\u00e1 tr\u1ecb t\u1ef1 nhi\u00ean thu\u1ea7n khi\u1ebft.<\/p>\n<p data-start=\"268\" data-end=\"853\"><img fetchpriority=\"high\" decoding=\"async\" class=\"aligncenter\" src=\"https:\/\/havamall.com\/wp-content\/uploads\/2025\/07\/iStock-1210010888.jpg\" alt=\"Matcha vs. Green Tea \u2013 Are They Different? \u2013 Encha\" width=\"801\" height=\"557\" \/><\/p>\n<p data-start=\"855\" data-end=\"1497\">Kh\u00e1c bi\u1ec7t c\u01a1 b\u1ea3n gi\u1eefa b\u1ed9t matcha v\u00e0 c\u00e1c lo\u1ea1i tr\u00e0 xanh th\u00f4ng th\u01b0\u1eddng n\u1eb1m \u1edf qu\u00e1 tr\u00ecnh canh t\u00e1c v\u00e0 ch\u1ebf bi\u1ebfn \u0111\u1eb7c th\u00f9. L\u00e1 tr\u00e0 non \u0111\u01b0\u1ee3c tr\u1ed3ng trong b\u00f3ng r\u00e2m \u0111\u1ec3 t\u0103ng h\u00e0m l\u01b0\u1ee3ng chlorophyll v\u00e0 c\u00e1c ch\u1ea5t ch\u1ed1ng oxy h\u00f3a, gi\u00fap b\u1ed9t c\u00f3 m\u00e0u xanh \u0111\u1eadm r\u1ef1c r\u1ee1 v\u00e0 h\u00e0m l\u01b0\u1ee3ng d\u01b0\u1ee1ng ch\u1ea5t cao h\u01a1n h\u1eb3n. Sau khi thu ho\u1ea1ch, l\u00e1 tr\u00e0 tr\u1ea3i qua qu\u00e1 tr\u00ecnh h\u1ea5p \u0111\u1ec3 ng\u0103n qu\u00e1 tr\u00ecnh oxy h\u00f3a, gi\u1eef nguy\u00ean h\u01b0\u01a1ng th\u01a1m v\u00e0 dinh d\u01b0\u1ee1ng, ti\u1ebfp theo l\u00e0 s\u1ea5y kh\u00f4 v\u00e0 nghi\u1ec1n th\u00e0nh b\u1ed9t si\u00eau m\u1ecbn. M\u1ee9c \u0111\u1ed9 m\u1ecbn c\u1ee7a b\u1ed9t kh\u00f4ng ch\u1ec9 gi\u00fap h\u00f2a tan d\u1ec5 d\u00e0ng trong n\u01b0\u1edbc m\u00e0 c\u00f2n t\u1ea1o n\u00ean c\u1ea3m gi\u00e1c m\u01b0\u1ee3t m\u00e0 khi th\u01b0\u1edfng th\u1ee9c. M\u00e0u s\u1eafc v\u00e0 h\u01b0\u01a1ng v\u1ecb c\u1ee7a b\u1ed9t matcha \u0111\u00f3ng vai tr\u00f2 nh\u01b0 ti\u00eau chu\u1ea9n \u0111\u00e1nh gi\u00e1 ch\u1ea5t l\u01b0\u1ee3ng s\u1ea3n ph\u1ea9m.<\/p>\n<p data-start=\"855\" data-end=\"1497\"><img decoding=\"async\" class=\"aligncenter\" src=\"https:\/\/havamall.com\/wp-content\/uploads\/2025\/07\/nWWa8bib1RgNXOafOJhz_ckYWwj1wBPKRRDuU24iGYFIRmy-nD7vK_gZf99dx9tfis43K39lt-FvQ7BLg-cfbHLzarpgmOnjtRMN9ZWFVd38Sn_PVxuT2pa3LJh8Uu-XwTotScCW3T5t6RC3NhAhdGU.png\" width=\"801\" height=\"534\" \/><\/p>\n<p data-start=\"1499\" data-end=\"1925\">B\u1ed9t matcha nguy\u00ean ch\u1ea5t \u0111\u01b0\u1ee3c \u0111\u00e1nh gi\u00e1 cao b\u1edfi s\u1ef1 tinh khi\u1ebft, kh\u00f4ng l\u1eabn t\u1ea1p ch\u1ea5t hay ph\u1ee5 gia, \u0111\u1ed3ng th\u1eddi mang l\u1ea1i h\u01b0\u01a1ng th\u01a1m nh\u1eb9 nh\u00e0ng v\u00e0 v\u1ecb \u0111\u1eafng thanh tao \u0111\u1eb7c tr\u01b0ng. Nh\u1eefng s\u1ea3n ph\u1ea9m ch\u1ea5t l\u01b0\u1ee3ng cao th\u01b0\u1eddng \u0111\u01b0\u1ee3c \u0111\u00f3ng g\u00f3i k\u1ef9 l\u01b0\u1ee1ng nh\u1eb1m duy tr\u00ec s\u1ef1 \u1ed5n \u0111\u1ecbnh v\u1ec1 m\u00e0u s\u1eafc, h\u01b0\u01a1ng v\u1ecb v\u00e0 d\u01b0\u1ee1ng ch\u1ea5t qua th\u1eddi gian s\u1eed d\u1ee5ng. Tr\u1ecdng l\u01b0\u1ee3ng g\u00f3i nh\u1ecf g\u1ecdn, nh\u01b0 100g, v\u1eeba gi\u00fap thu\u1eadn ti\u1ec7n trong b\u1ea3o qu\u1ea3n v\u1eeba ph\u00f9 h\u1ee3p cho nhi\u1ec1u m\u1ee5c \u0111\u00edch ch\u1ebf bi\u1ebfn kh\u00e1c nhau.<\/p>\n<p data-start=\"1499\" data-end=\"1925\"><img decoding=\"async\" class=\"aligncenter\" src=\"https:\/\/havamall.com\/wp-content\/uploads\/2025\/07\/1_7d48a64e-74a7-4308-a200-3e567633650a_1445x.jpg\" alt=\"Matcha Kiyo - Premium Confectionary Grade \u2013 HojichaYa\" width=\"800\" height=\"600\" \/><\/p>\n<p data-start=\"1927\" data-end=\"2481\">Trong \u1ee9ng d\u1ee5ng \u1ea9m th\u1ef1c, b\u1ed9t matcha kh\u00f4ng ch\u1ec9 gi\u1edbi h\u1ea1n trong vi\u1ec7c pha tr\u00e0 truy\u1ec1n th\u1ed1ng m\u00e0 c\u00f2n r\u1ea5t \u0111a d\u1ea1ng v\u1ec1 c\u00f4ng d\u1ee5ng, l\u00e0 nguy\u00ean li\u1ec7u l\u00fd t\u01b0\u1edfng \u0111\u1ec3 t\u1ea1o m\u00e0u s\u1eafc v\u00e0 h\u01b0\u01a1ng v\u1ecb \u0111\u1eb7c tr\u01b0ng trong c\u00e1c lo\u1ea1i b\u00e1nh ng\u1ecdt nh\u01b0 b\u00e1nh b\u00f4ng lan, b\u00e1nh quy, mousse hay kem. B\u00ean c\u1ea1nh \u0111\u00f3, s\u1ef1 k\u1ebft h\u1ee3p b\u1ed9t matcha trong c\u00e1c th\u1ee9c u\u1ed1ng nh\u01b0 latte, smoothie, yaourt c\u0169ng ng\u00e0y c\u00e0ng ph\u1ed5 bi\u1ebfn, g\u00f3p ph\u1ea7n t\u0103ng gi\u00e1 tr\u1ecb dinh d\u01b0\u1ee1ng v\u00e0 s\u1ef1 h\u1ea5p d\u1eabn v\u1ec1 m\u00e0u s\u1eafc. S\u1ef1 linh ho\u1ea1t n\u00e0y l\u00e0m cho b\u1ed9t matcha tr\u1edf th\u00e0nh nguy\u00ean li\u1ec7u \u0111\u01b0\u1ee3c \u01b0a chu\u1ed9ng trong nhi\u1ec1u phong c\u00e1ch \u1ea9m th\u1ef1c, t\u1eeb truy\u1ec1n th\u1ed1ng \u0111\u1ebfn hi\u1ec7n \u0111\u1ea1i.<\/p>\n<p data-start=\"1927\" data-end=\"2481\"><img loading=\"lazy\" decoding=\"async\" class=\"aligncenter\" src=\"https:\/\/havamall.com\/wp-content\/uploads\/2025\/07\/LRC-Matcha20powder20and20matcha20latte.jpg\" alt=\"Matcha Latte Recipe with a Blender \u2013 Crafti Singapore\" width=\"800\" height=\"500\" \/><\/p>\n<p data-start=\"2483\" data-end=\"2841\">Vi\u1ec7c b\u1ea3o qu\u1ea3n b\u1ed9t matcha \u0111\u00fang c\u00e1ch l\u00e0 y\u1ebfu t\u1ed1 quy\u1ebft \u0111\u1ecbnh \u0111\u1ec3 gi\u1eef tr\u1ecdn v\u1eb9n h\u01b0\u01a1ng v\u1ecb v\u00e0 d\u01b0\u1ee1ng ch\u1ea5t. S\u1ea3n ph\u1ea9m c\u1ea7n \u0111\u01b0\u1ee3c gi\u1eef trong m\u00f4i tr\u01b0\u1eddng kh\u00f4 r\u00e1o, tho\u00e1ng m\u00e1t, tr\u00e1nh \u00e1nh s\u00e1ng m\u1eb7t tr\u1eddi tr\u1ef1c ti\u1ebfp v\u00e0 nhi\u1ec7t \u0111\u1ed9 cao. Khi b\u1ea3o qu\u1ea3n h\u1ee3p l\u00fd, b\u1ed9t matcha c\u00f3 th\u1ec3 duy tr\u00ec ch\u1ea5t l\u01b0\u1ee3ng trong v\u00f2ng 12 th\u00e1ng k\u1ec3 t\u1eeb ng\u00e0y s\u1ea3n xu\u1ea5t, \u0111\u1ea3m b\u1ea3o s\u1ef1 t\u01b0\u01a1i m\u1edbi v\u00e0 nguy\u00ean b\u1ea3n cho ng\u01b0\u1eddi s\u1eed d\u1ee5ng.<\/p>\n<p data-start=\"2483\" data-end=\"2841\"><img loading=\"lazy\" decoding=\"async\" class=\"aligncenter\" src=\"https:\/\/havamall.com\/wp-content\/uploads\/2025\/07\/shutterstock_1586902498.jpg\" alt=\"The Do's and Don'ts of Matcha Green Tea Powder | Buying, Storage, Preparation, Quality Assessment, Different Uses, &amp; More\" width=\"801\" height=\"535\" \/><\/p>\n<p data-start=\"2843\" data-end=\"3169\">Hi\u1ec7n t\u1ea1i, b\u1ed9t matcha nguy\u00ean ch\u1ea5t \u0111\u00e3 c\u00f3 m\u1eb7t t\u1ea1i c\u00e1c c\u1eeda h\u00e0ng th\u1ef1c ph\u1ea9m cao c\u1ea5p v\u00e0 k\u00eanh th\u01b0\u01a1ng m\u1ea1i \u0111i\u1ec7n t\u1eed uy t\u00edn. Trong \u0111\u00f3, Havamall n\u1ed5i b\u1eadt nh\u01b0 m\u1ed9t \u0111\u1ecba ch\u1ec9 tin c\u1eady chuy\u00ean cung c\u1ea5p nguy\u00ean li\u1ec7u pha ch\u1ebf v\u00e0 th\u1ef1c ph\u1ea9m nh\u1eadp kh\u1ea9u ch\u1ea5t l\u01b0\u1ee3ng, mang \u0111\u1ebfn tr\u1ea3i nghi\u1ec7m t\u1ed1i \u01b0u cho ng\u01b0\u1eddi ti\u00eau d\u00f9ng y\u00eau th\u00edch c\u00e1c s\u1ea3n ph\u1ea9m tr\u00e0 xanh chu\u1ea9n Nh\u1eadt.<\/p>","protected":false},"excerpt":{"rendered":"<p>TH\u00d4NG TIN CHUNG Th\u01b0\u01a1ng hi\u1ec7u Novia Xu\u1ea5t x\u1ee9 Vi\u1ec7t Nam Th\u00e0nh ph\u1ea7n B\u1ed9t oolong matcha 99,92%, c\u00f3 th\u00eam h\u01b0\u01a1ng li\u1ec7u<\/p>","protected":false},"featured_media":43571,"comment_status":"open","ping_status":"closed","template":"","meta":[],"product_brand":[],"product_cat":[677,255,131],"product_tag":[],"class_list":{"0":"post-40093","1":"product","2":"type-product","3":"status-publish","4":"has-post-thumbnail","6":"product_cat-cac-nuoc-khac","7":"product_cat-nguyen-lieu-lam-banh","8":"product_cat-nguyen-lieu-lam-bep","10":"first","11":"instock","12":"sale","13":"shipping-taxable","14":"purchasable","15":"product-type-simple"},"_links":{"self":[{"href":"https:\/\/havamall.vn\/en\/wp-json\/wp\/v2\/product\/40093"}],"collection":[{"href":"https:\/\/havamall.vn\/en\/wp-json\/wp\/v2\/product"}],"about":[{"href":"https:\/\/havamall.vn\/en\/wp-json\/wp\/v2\/types\/product"}],"replies":[{"embeddable":true,"href":"https:\/\/havamall.vn\/en\/wp-json\/wp\/v2\/comments?post=40093"}],"version-history":[{"count":0,"href":"https:\/\/havamall.vn\/en\/wp-json\/wp\/v2\/product\/40093\/revisions"}],"wp:featuredmedia":[{"embeddable":true,"href":"https:\/\/havamall.vn\/en\/wp-json\/wp\/v2\/media\/43571"}],"wp:attachment":[{"href":"https:\/\/havamall.vn\/en\/wp-json\/wp\/v2\/media?parent=40093"}],"wp:term":[{"taxonomy":"product_brand","embeddable":true,"href":"https:\/\/havamall.vn\/en\/wp-json\/wp\/v2\/product_brand?post=40093"},{"taxonomy":"product_cat","embeddable":true,"href":"https:\/\/havamall.vn\/en\/wp-json\/wp\/v2\/product_cat?post=40093"},{"taxonomy":"product_tag","embeddable":true,"href":"https:\/\/havamall.vn\/en\/wp-json\/wp\/v2\/product_tag?post=40093"}],"curies":[{"name":"wp","href":"https:\/\/api.w.org\/{rel}","templated":true}]}}