{"id":40083,"date":"2025-07-17T14:53:34","date_gmt":"2025-07-17T07:53:34","guid":{"rendered":"https:\/\/havamall.vn\/?post_type=product&#038;p=40083"},"modified":"2025-07-17T14:53:35","modified_gmt":"2025-07-17T07:53:35","slug":"me-trang-rang-nhat-ban-kuki-goi-60g-roasted-white-sesame-seeds","status":"publish","type":"product","link":"https:\/\/havamall.vn\/en\/shop\/me-trang-rang-nhat-ban-kuki-goi-60g-roasted-white-sesame-seeds\/","title":{"rendered":"M\u00e8 Tr\u1eafng Rang Nh\u1eadt B\u1ea3n Kuki G\u00f3i 60g \u2013 Roasted White Sesame Seeds"},"content":{"rendered":"<blockquote>\n<h2><strong>TH\u00d4NG TIN CHUNG<\/strong><\/h2>\n<\/blockquote>\n<table style=\"width: 43.5644%;height: 191px\">\n<tbody>\n<tr>\n<td>Th\u01b0\u01a1ng hi\u1ec7u<\/td>\n<td>Kuki<\/td>\n<\/tr>\n<tr>\n<td>Xu\u1ea5t x\u1ee9<\/td>\n<td>Nh\u1eadt B\u1ea3n<\/td>\n<\/tr>\n<tr>\n<td>Th\u00e0nh ph\u1ea7n<\/td>\n<td>Xem tr\u00ean bao b\u00ec<\/td>\n<\/tr>\n<tr>\n<td>H\u1ea1n s\u1eed d\u1ee5ng<\/td>\n<td>Xem tren bao b\u00ec<\/td>\n<\/tr>\n<tr>\n<td>B\u1ea3o qu\u1ea3n<\/td>\n<td>N\u01a1i kh\u00f4 r\u00e1o, tho\u00e1ng m\u00e1t, tr\u00e1nh \u00e1nh n\u1eafng tr\u1ef1c ti\u1ebfp<\/td>\n<\/tr>\n<tr>\n<td>Kh\u1ed1i l\u01b0\u1ee3ng<\/td>\n<td>G\u00f3i 60g, d\u1ea1ng zip<\/td>\n<\/tr>\n<\/tbody>\n<\/table>\n<p data-start=\"908\" data-end=\"1271\"><strong data-start=\"908\" data-end=\"943\">M\u00e8 Tr\u1eafng Rang Nh\u1eadt B\u1ea3n Kuki 60g<\/strong>\u00a0l\u00e0 s\u1ea3n ph\u1ea9m \u0111\u01b0\u1ee3c rang ch\u00edn b\u1eb1ng ph\u01b0\u01a1ng ph\u00e1p\u00a0<strong data-start=\"988\" data-end=\"1004\">truy\u1ec1n th\u1ed1ng<\/strong>\u00a0trong ch\u1ea3o s\u1eaft \u0111\u1eb7c tr\u01b0ng, gi\u00fap gi\u1eef tr\u1ecdn v\u1eb9n\u00a0<strong data-start=\"1049\" data-end=\"1101\">m\u00f9i th\u01a1m t\u1ef1 nhi\u00ean v\u00e0 \u0111\u1ed9 gi\u00f2n r\u1ee5m c\u1ee7a t\u1eebng h\u1ea1t m\u00e8<\/strong>. V\u1edbi ngu\u1ed3n g\u1ed1c t\u1eeb th\u01b0\u01a1ng hi\u1ec7u l\u00e2u \u0111\u1eddi Kuki \u2013 chuy\u00ean gia trong l\u0129nh v\u1ef1c s\u1ea3n xu\u1ea5t m\u00e8 t\u1eeb th\u1eddi k\u1ef3 Meiji (Nh\u1eadt), s\u1ea3n ph\u1ea9m \u0111em \u0111\u1ebfn ch\u1ea5t l\u01b0\u1ee3ng cao c\u00f9ng h\u01b0\u01a1ng v\u1ecb tinh t\u1ebf \u0111\u1eadm \u0111\u00e0.<\/p>\n<p data-start=\"908\" data-end=\"1271\"><img fetchpriority=\"high\" decoding=\"async\" class=\"aligncenter size-full wp-image-41167\" src=\"https:\/\/havamall.com\/wp-content\/uploads\/2025\/07\/me-trangg.png\" alt=\"\" width=\"800\" height=\"800\" \/><\/p>\n<p data-start=\"903\" data-end=\"1299\">T\u1eeb kh\u00e2u\u00a0<strong data-start=\"911\" data-end=\"945\">tuy\u1ec3n ch\u1ecdn nguy\u00ean li\u1ec7u \u0111\u1ea7u v\u00e0o<\/strong>, m\u00e8 tr\u1eafng \u0111\u01b0\u1ee3c l\u1ef1a ch\u1ecdn k\u1ef9 c\u00e0ng t\u1eeb nh\u1eefng v\u00f9ng tr\u1ed3ng ch\u1ea5t l\u01b0\u1ee3ng cao, kh\u00f4ng l\u1eabn t\u1ea1p ch\u1ea5t, \u0111\u1ea3m b\u1ea3o s\u1ea1ch v\u00e0 \u0111\u1ed3ng \u0111\u1ec1u v\u1ec1 k\u00edch th\u01b0\u1edbc. Sau \u0111\u00f3, m\u00e8 \u0111\u01b0\u1ee3c l\u00e0m s\u1ea1ch nhi\u1ec1u l\u1ea7n b\u1eb1ng n\u01b0\u1edbc \u0111\u1ec3 lo\u1ea1i b\u1ecf b\u1ee5i b\u1ea9n, v\u1ecf tr\u1ea5u hay c\u00e1c h\u1ea1t l\u00e9p, kh\u00f4ng ch\u1ec9 gi\u00fap s\u1ea3n ph\u1ea9m s\u1ea1ch h\u01a1n m\u00e0 c\u00f2n t\u0103ng \u0111\u1ed9 b\u1ec1n khi b\u1ea3o qu\u1ea3n, tr\u00e1nh hi\u1ec7n t\u01b0\u1ee3ng \u1ea9m m\u1ed1c hay m\u1ea5t m\u00f9i trong qu\u00e1 tr\u00ecnh s\u1eed d\u1ee5ng.<\/p>\n<p data-start=\"903\" data-end=\"1299\"><img decoding=\"async\" class=\"aligncenter\" src=\"https:\/\/havamall.com\/wp-content\/uploads\/2025\/07\/06ff2b_826b867860954fbb8a340d5676af7143mv2.jpg\" alt=\"Roasted White Sesame Seeds 150g | Emma Basic\" width=\"800\" height=\"800\" \/><\/p>\n<p data-start=\"1301\" data-end=\"1704\">\u0110i\u1ec3m l\u00e0m n\u00ean s\u1ef1 kh\u00e1c bi\u1ec7t l\u1edbn c\u1ee7a s\u1ea3n ph\u1ea9m ch\u00ednh l\u00e0\u00a0<strong data-start=\"1353\" data-end=\"1416\">k\u1ef9 thu\u1eadt rang b\u1eb1ng ch\u1ea3o s\u1eaft th\u1ee7 c\u00f4ng (\u9244\u91dc\u7119\u714e \u2013 Tekkan Baisen)<\/strong>\u00a0\u2013 m\u1ed9t ph\u01b0\u01a1ng ph\u00e1p truy\u1ec1n th\u1ed1ng \u0111\u00e3 \u0111\u01b0\u1ee3c \u1ee9ng d\u1ee5ng t\u1ea1i Nh\u1eadt t\u1eeb th\u1eddi Minh Tr\u1ecb. V\u1edbi k\u1ef9 thu\u1eadt n\u00e0y, m\u00e8 kh\u00f4ng b\u1ecb s\u1ed1c nhi\u1ec7t nh\u01b0 c\u00e1c ph\u01b0\u01a1ng ph\u00e1p c\u00f4ng nghi\u1ec7p hi\u1ec7n \u0111\u1ea1i m\u00e0 \u0111\u01b0\u1ee3c\u00a0<strong data-start=\"1581\" data-end=\"1634\">rang \u0111\u1ec1u tay trong ch\u1ea3o s\u1eaft d\u01b0\u1edbi nhi\u1ec7t \u0111\u1ed9 \u1ed5n \u0111\u1ecbnh<\/strong>, gi\u00fap t\u1eebng h\u1ea1t ch\u00edn t\u1eeb trong ra ngo\u00e0i m\u00e0 kh\u00f4ng ch\u00e1y c\u1ea1nh hay m\u1ea5t m\u00e0u.<\/p>\n<p data-start=\"1301\" data-end=\"1704\"><img decoding=\"async\" class=\"aligncenter  wp-image-41169\" src=\"https:\/\/havamall.com\/wp-content\/uploads\/2025\/07\/honey-prawns-recipe-524194-1-scaled.jpg\" alt=\"\" width=\"801\" height=\"718\" \/><\/p>\n<p data-start=\"1706\" data-end=\"2127\">Qu\u00e1 tr\u00ecnh rang n\u00e0y c\u0169ng g\u00f3p ph\u1ea7n\u00a0<strong data-start=\"1739\" data-end=\"1792\">gi\u1ea3i ph\u00f3ng t\u1ed1i \u0111a h\u01b0\u01a1ng d\u1ea7u t\u1ef1 nhi\u00ean b\u00ean trong m\u00e8<\/strong>, t\u1ea1o ra m\u1ed9t m\u00f9i th\u01a1m b\u00f9i, nh\u1eb9 nh\u00e0ng nh\u01b0ng r\u1ea5t \u0111\u1eb7c tr\u01b0ng. Nh\u1edd v\u1eady, s\u1ea3n ph\u1ea9m sau khi ho\u00e0n thi\u1ec7n s\u1ebd gi\u1eef \u0111\u01b0\u1ee3c m\u00e0u tr\u1eafng ng\u00e0 b\u1eaft m\u1eaft, k\u1ebft c\u1ea5u kh\u00f4 gi\u00f2n nh\u01b0ng v\u1eabn b\u00e9o nh\u1eb9 khi nhai, ch\u00ednh l\u00e0 l\u00fd do v\u00ec sao m\u00e8 rang Nh\u1eadt B\u1ea3n th\u01b0\u1eddng \u0111\u01b0\u1ee3c gi\u1edbi \u0111\u1ea7u b\u1ebfp chuy\u00ean nghi\u1ec7p tin d\u00f9ng trong c\u00e1c m\u00f3n \u0103n truy\u1ec1n th\u1ed1ng nh\u01b0\u00a0<strong data-start=\"2092\" data-end=\"2126\">onigiri, sushi, soba hay bento<\/strong>.<\/p>\n<p data-start=\"1706\" data-end=\"2127\"><img loading=\"lazy\" decoding=\"async\" class=\"aligncenter  wp-image-41168\" src=\"https:\/\/havamall.com\/wp-content\/uploads\/2025\/07\/TanTanMen_7f4326b4-987d-4e01-af2d-8a0119b6288c.webp\" alt=\"\" width=\"800\" height=\"800\" \/><\/p>\n<p data-start=\"2129\" data-end=\"2534\">Kh\u00f4ng ch\u1ec9 d\u1eebng l\u1ea1i \u1edf h\u01b0\u01a1ng v\u1ecb,\u00a0<strong data-start=\"2160\" data-end=\"2177\">m\u00e8 tr\u1eafng Kuki<\/strong>\u00a0c\u00f2n \u0111em l\u1ea1i nhi\u1ec1u gi\u00e1 tr\u1ecb cho s\u1ee9c kh\u1ecfe. L\u00e0 ngu\u1ed3n cung c\u1ea5p\u00a0<strong data-start=\"2236\" data-end=\"2262\">ch\u1ea5t b\u00e9o kh\u00f4ng b\u00e3o h\u00f2a<\/strong>,\u00a0<strong data-start=\"2264\" data-end=\"2284\">protein th\u1ef1c v\u1eadt<\/strong>,\u00a0<strong data-start=\"2286\" data-end=\"2295\">canxi<\/strong>,\u00a0<strong data-start=\"2297\" data-end=\"2304\">s\u1eaft<\/strong>,\u00a0<strong data-start=\"2306\" data-end=\"2315\">magie<\/strong>\u00a0v\u00e0\u00a0<strong data-start=\"2319\" data-end=\"2330\">ch\u1ea5t x\u01a1<\/strong>, m\u00e8 gi\u00fap t\u0103ng c\u01b0\u1eddng s\u1ee9c \u0111\u1ec1 kh\u00e1ng, h\u1ed7 tr\u1ee3 ti\u00eau h\u00f3a v\u00e0 g\u00f3p ph\u1ea7n l\u00e0m \u0111\u1eb9p da, t\u00f3c. Ngo\u00e0i ra, m\u00e8 c\u00f2n ch\u1ee9a c\u00e1c ch\u1ea5t ch\u1ed1ng oxy h\u00f3a nh\u01b0 sesamin, sesamol gi\u00fap ng\u0103n ng\u1eeba l\u00e3o h\u00f3a t\u1ebf b\u00e0o v\u00e0 b\u1ea3o v\u1ec7 tim m\u1ea1ch hi\u1ec7u qu\u1ea3.<\/p>\n<blockquote>\n<p data-start=\"2536\" data-end=\"2818\"><span style=\"font-size: 18pt\"><em><strong data-start=\"2563\" data-end=\"2636\">C\u00d4NG D\u1ee4NG N\u1ed4I B\u1eacT<\/strong><\/em><\/span><\/p>\n<\/blockquote>\n<p data-start=\"2536\" data-end=\"2818\"><strong data-start=\"2563\" data-end=\"2636\"><em data-start=\"2565\" data-end=\"2634\">\u2013 D\u00f9ng l\u00e0m topping cho c\u01a1m tr\u1ed9n, sushi, m\u00ec l\u1ea1nh, salad ho\u1eb7c b\u00e1nh m\u00ec<\/em><\/strong><br data-start=\"2636\" data-end=\"2639\" \/><strong data-start=\"2639\" data-end=\"2712\"><em data-start=\"2641\" data-end=\"2710\">\u2013 Th\u00eam v\u00e0o m\u00f3n ch\u00e1o, b\u00e1nh quy, s\u1ed1t m\u00e8 rang ho\u1eb7c n\u01b0\u1edbc ch\u1ea5m ki\u1ec3u Nh\u1eadt<\/em><\/strong><br data-start=\"2712\" data-end=\"2715\" \/><strong data-start=\"2715\" data-end=\"2816\"><em data-start=\"2717\" data-end=\"2814\">\u2013 D\u00f9ng l\u00e0m nguy\u00ean li\u1ec7u trong c\u00e1c m\u00f3n b\u00e1nh chay ho\u1eb7c b\u00e1nh truy\u1ec1n th\u1ed1ng nh\u01b0 b\u00e1nh in, b\u00e1nh m\u00e8 x\u1eedng<\/em><\/strong><\/p>\n<p data-start=\"2536\" data-end=\"2818\"><img loading=\"lazy\" decoding=\"async\" class=\"aligncenter  wp-image-41170\" src=\"https:\/\/havamall.com\/wp-content\/uploads\/2025\/07\/IMG_1878_1.jpg\" alt=\"\" width=\"800\" height=\"449\" \/><\/p>\n<p data-start=\"2820\" data-end=\"3075\">Thi\u1ebft k\u1ebf\u00a0<strong data-start=\"2829\" data-end=\"2861\">bao b\u00ec d\u1ea1ng t\u00fai zip hi\u1ec7n \u0111\u1ea1i<\/strong>\u00a0c\u0169ng l\u00e0 m\u1ed9t \u0111i\u1ec3m c\u1ed9ng l\u1edbn, \u0111\u1ea3m b\u1ea3o m\u00e8 lu\u00f4n gi\u1eef \u0111\u01b0\u1ee3c \u0111\u1ed9 gi\u00f2n, kh\u00f4ng h\u00fat \u1ea9m sau khi m\u1edf n\u1eafp. G\u00f3i 60g v\u1eeba v\u1eb7n cho nh\u1eefng ng\u01b0\u1eddi d\u00f9ng \u00edt, thu\u1eadn ti\u1ec7n khi \u0111em \u0111i l\u00e0m, picnic ho\u1eb7c \u0111\u1ec3 trong gian b\u1ebfp m\u00e0 kh\u00f4ng chi\u1ebfm di\u1ec7n t\u00edch.S\u1ea3n ph\u1ea9m\u00a0<strong data-start=\"3086\" data-end=\"3141\">kh\u00f4ng s\u1eed d\u1ee5ng ch\u1ea5t b\u1ea3o qu\u1ea3n hay h\u01b0\u01a1ng li\u1ec7u t\u1ed5ng h\u1ee3p<\/strong>, ho\u00e0n to\u00e0n t\u1ef1 nhi\u00ean v\u00e0 ph\u00f9 h\u1ee3p v\u1edbi m\u1ecdi \u0111\u1ed1i t\u01b0\u1ee3ng \u2013 t\u1eeb ng\u01b0\u1eddi l\u1edbn tu\u1ed5i c\u1ea7n \u0103n thanh \u0111\u1ea1m \u0111\u1ebfn ng\u01b0\u1eddi \u0103n chay, \u0103n th\u1ef1c d\u01b0\u1ee1ng ho\u1eb7c theo \u0111u\u1ed5i l\u1ed1i s\u1ed1ng l\u00e0nh m\u1ea1nh.<\/p>\n<p data-start=\"3297\" data-end=\"3490\">V\u1edbi s\u1ef1 k\u1ebft h\u1ee3p gi\u1eefa\u00a0<strong data-start=\"3317\" data-end=\"3381\">truy\u1ec1n th\u1ed1ng ch\u1ebf bi\u1ebfn l\u00e2u \u0111\u1eddi v\u00e0 c\u00f4ng ngh\u1ec7 b\u1ea3o qu\u1ea3n hi\u1ec7n \u0111\u1ea1i<\/strong>,\u00a0<strong data-start=\"3383\" data-end=\"3414\">M\u00e8 Tr\u1eafng Rang Nh\u1eadt B\u1ea3n Kuki<\/strong>\u00a0x\u1ee9ng \u0111\u00e1ng tr\u1edf th\u00e0nh nguy\u00ean li\u1ec7u kh\u00f4ng th\u1ec3 thi\u1ebfu trong c\u0103n b\u1ebfp gia \u0111\u00ecnh b\u1ea1n.\u00a0<strong data-start=\"3492\" data-end=\"3584\">Mua ngay t\u1ea1i Havamall \u0111\u1ec3 t\u1eadn h\u01b0\u1edfng ch\u1ea5t l\u01b0\u1ee3ng Nh\u1eadt B\u1ea3n \u2013 n\u01a1i m\u1ed7i h\u1ea1t m\u00e8 l\u00e0 m\u1ed9t tinh t\u00fay.<\/strong><\/p>","protected":false},"excerpt":{"rendered":"<p>TH\u00d4NG TIN CHUNG Th\u01b0\u01a1ng hi\u1ec7u Kuki Xu\u1ea5t x\u1ee9 Nh\u1eadt B\u1ea3n Th\u00e0nh ph\u1ea7n Xem tr\u00ean bao b\u00ec H\u1ea1n s\u1eed d\u1ee5ng Xem<\/p>","protected":false},"featured_media":40084,"comment_status":"open","ping_status":"closed","template":"","meta":[],"product_brand":[],"product_cat":[675],"product_tag":[],"class_list":{"0":"post-40083","1":"product","2":"type-product","3":"status-publish","4":"has-post-thumbnail","6":"product_cat-nhap-khau-nhat-ban","8":"first","9":"instock","10":"sale","11":"shipping-taxable","12":"purchasable","13":"product-type-simple"},"_links":{"self":[{"href":"https:\/\/havamall.vn\/en\/wp-json\/wp\/v2\/product\/40083"}],"collection":[{"href":"https:\/\/havamall.vn\/en\/wp-json\/wp\/v2\/product"}],"about":[{"href":"https:\/\/havamall.vn\/en\/wp-json\/wp\/v2\/types\/product"}],"replies":[{"embeddable":true,"href":"https:\/\/havamall.vn\/en\/wp-json\/wp\/v2\/comments?post=40083"}],"version-history":[{"count":0,"href":"https:\/\/havamall.vn\/en\/wp-json\/wp\/v2\/product\/40083\/revisions"}],"wp:featuredmedia":[{"embeddable":true,"href":"https:\/\/havamall.vn\/en\/wp-json\/wp\/v2\/media\/40084"}],"wp:attachment":[{"href":"https:\/\/havamall.vn\/en\/wp-json\/wp\/v2\/media?parent=40083"}],"wp:term":[{"taxonomy":"product_brand","embeddable":true,"href":"https:\/\/havamall.vn\/en\/wp-json\/wp\/v2\/product_brand?post=40083"},{"taxonomy":"product_cat","embeddable":true,"href":"https:\/\/havamall.vn\/en\/wp-json\/wp\/v2\/product_cat?post=40083"},{"taxonomy":"product_tag","embeddable":true,"href":"https:\/\/havamall.vn\/en\/wp-json\/wp\/v2\/product_tag?post=40083"}],"curies":[{"name":"wp","href":"https:\/\/api.w.org\/{rel}","templated":true}]}}