{"id":40068,"date":"2025-07-15T13:48:34","date_gmt":"2025-07-15T06:48:34","guid":{"rendered":"https:\/\/havamall.vn\/?post_type=product&#038;p=40068"},"modified":"2025-07-15T13:48:54","modified_gmt":"2025-07-15T06:48:54","slug":"snack-dua-vietcoco-vi-truyen-thong-45g-traditional-coconut-snack","status":"publish","type":"product","link":"https:\/\/havamall.vn\/en\/shop\/snack-dua-vietcoco-vi-truyen-thong-45g-traditional-coconut-snack\/","title":{"rendered":"Snack D\u1eeba Vietcoco V\u1ecb Truy\u1ec1n Th\u1ed1ng 45g \u2013 Traditional Coconut Snack"},"content":{"rendered":"<blockquote>\n<h2><strong>TH\u00d4NG TIN CHUNG<\/strong><\/h2>\n<\/blockquote>\n<table>\n<tbody>\n<tr>\n<td>Th\u01b0\u01a1ng hi\u1ec7u<\/td>\n<td>Vietcoco<\/td>\n<\/tr>\n<tr>\n<td>Xu\u1ea5t x\u1ee9<\/td>\n<td>Vi\u1ec7t Nam<\/td>\n<\/tr>\n<tr>\n<td>Th\u00e0nh ph\u1ea7n<\/td>\n<td>Xem tr\u00ean bao b\u00ec<\/td>\n<\/tr>\n<tr>\n<td>H\u1ea1n s\u1eed d\u1ee5ng<\/td>\n<td>Xem tren bao b\u00ec<\/td>\n<\/tr>\n<tr>\n<td>B\u1ea3o qu\u1ea3n<\/td>\n<td>N\u01a1i kh\u00f4 r\u00e1o, tho\u00e1ng m\u00e1t, tr\u00e1nh \u00e1nh n\u1eafng tr\u1ef1c ti\u1ebfp<\/td>\n<\/tr>\n<tr>\n<td>Kh\u1ed1i l\u01b0\u1ee3ng<\/td>\n<td>G\u00f3i 45g<\/td>\n<\/tr>\n<\/tbody>\n<\/table>\n<p data-start=\"1032\" data-end=\"1437\"><strong data-start=\"1032\" data-end=\"1070\">Snack D\u1eeba Vietcoco V\u1ecb Truy\u1ec1n Th\u1ed1ng<\/strong>\u00a0mang trong m\u00ecnh h\u01b0\u01a1ng v\u1ecb m\u1ed9c m\u1ea1c c\u1ee7a mi\u1ec1n nhi\u1ec7t \u0111\u1edbi, \u0111\u01b0\u1ee3c ch\u1ebf bi\u1ebfn t\u1eeb\u00a0<strong data-start=\"1141\" data-end=\"1173\">100% c\u01a1m d\u1eeba t\u01b0\u01a1i tuy\u1ec3n ch\u1ecdn<\/strong>, s\u1ea5y gi\u00f2n theo c\u00f4ng ngh\u1ec7 hi\u1ec7n \u0111\u1ea1i \u0111\u1ec3 gi\u1eef tr\u1ecdn v\u1eb9n v\u1ecb ng\u1ecdt t\u1ef1 nhi\u00ean, b\u00e9o nh\u1eb9 v\u00e0 m\u00f9i th\u01a1m \u0111\u1eb7c tr\u01b0ng c\u1ee7a d\u1eeba. Kh\u00f4ng th\u00eam \u0111\u01b0\u1eddng, kh\u00f4ng ph\u1ee5 gia hay ch\u1ea5t b\u1ea3o qu\u1ea3n, snack d\u1eeba c\u1ee7a Vietcoco ghi \u0111i\u1ec3m nh\u1edd s\u1ef1 tinh khi\u1ebft, g\u1ea7n g\u0169i v\u00e0 d\u1ec5 s\u1eed d\u1ee5ng trong nhi\u1ec1u ho\u00e0n c\u1ea3nh kh\u00e1c nhau.<\/p>\n<p data-start=\"1032\" data-end=\"1437\"><img fetchpriority=\"high\" decoding=\"async\" class=\"aligncenter\" src=\"https:\/\/havamall.com\/wp-content\/uploads\/2025\/07\/vn-11134201-23030-ndvjreh1h5nv0f.jpg\" alt=\"T\u1eb7ng b\u00e1t g\u00e1o d\u1eeba v\u00e0 mu\u1ed7ng] Combo Picnic Socola Vietcoco S\u1eefa d\u1eeba 330ml v\u1ecb Socola x2, Snack d\u1eeba 45g Nguy\u00ean B\u1ea3n + T\u1ecfi \u1edat | Shopee Vi\u1ec7t Nam\" width=\"800\" height=\"800\" \/><\/p>\n<p data-start=\"1439\" data-end=\"1818\">T\u1eebng l\u00e1t d\u1eeba \u0111\u01b0\u1ee3c th\u00e1i m\u1ecfng \u0111\u1ec1u tay, s\u1ea5y kh\u00f4 \u1edf nhi\u1ec7t \u0111\u1ed9 l\u00fd t\u01b0\u1edfng \u0111\u1ec3 \u0111\u1ea1t \u0111\u1ebfn \u0111\u1ed9 gi\u00f2n mong mu\u1ed1n m\u00e0 kh\u00f4ng m\u1ea5t \u0111i m\u00e0u s\u1eafc v\u00e0 v\u1ecb d\u1eeba nguy\u00ean b\u1ea3n. Khi c\u1eafn v\u00e0o, c\u1ea3m gi\u00e1c\u00a0<strong data-start=\"1601\" data-end=\"1634\">gi\u00f2n r\u1ee5m, b\u00e9o nh\u1eb9, ng\u1ecdt thanh<\/strong>\u00a0lan t\u1ecfa tr\u00ean \u0111\u1ea7u l\u01b0\u1ee1i, t\u1ea1o n\u00ean m\u1ed9t tr\u1ea3i nghi\u1ec7m \u0103n v\u1eb7t \u0111\u01a1n gi\u1ea3n nh\u01b0ng \u0111\u1ea7y cu\u1ed1n h\u00fat. Kh\u00f4ng c\u1ea7n ph\u1ea3i l\u00e0 ng\u01b0\u1eddi y\u00eau th\u00edch \u0111\u1ed3 ng\u1ecdt, b\u1ea1n v\u1eabn d\u1ec5 d\u00e0ng b\u1ecb thuy\u1ebft ph\u1ee5c b\u1edfi h\u01b0\u01a1ng v\u1ecb t\u1ef1 nhi\u00ean n\u00e0y.<\/p>\n<p data-start=\"1820\" data-end=\"2182\">D\u1eeba \u0111\u01b0\u1ee3c bi\u1ebft \u0111\u1ebfn nh\u01b0 m\u1ed9t lo\u1ea1i th\u1ef1c ph\u1ea9m gi\u00e0u gi\u00e1 tr\u1ecb dinh d\u01b0\u1ee1ng. Trong t\u1eebng mi\u1ebfng snack nh\u1ecf g\u1ecdn l\u00e0 ngu\u1ed3n cung c\u1ea5p ch\u1ea5t x\u01a1, ch\u1ea5t b\u00e9o t\u1ed1t v\u00e0 kho\u00e1ng ch\u1ea5t c\u00f3 l\u1ee3i cho s\u1ee9c kh\u1ecfe. Khi d\u00f9ng \u0111\u00fang l\u01b0\u1ee3ng, snack d\u1eeba kh\u00f4ng ch\u1ec9 ngon m\u00e0 c\u00f2n mang l\u1ea1i c\u1ea3m gi\u00e1c no l\u00e2u, r\u1ea5t th\u00edch h\u1ee3p \u0111\u1ec3 s\u1eed d\u1ee5ng nh\u01b0 m\u1ed9t m\u00f3n \u0103n v\u1eb7t th\u00f4ng minh thay th\u1ebf cho nh\u1eefng lo\u1ea1i b\u00e1nh k\u1eb9o nhi\u1ec1u \u0111\u01b0\u1eddng v\u00e0 d\u1ea7u m\u1ee1.<\/p>\n<p data-start=\"1820\" data-end=\"2182\"><img decoding=\"async\" class=\"aligncenter\" src=\"https:\/\/havamall.com\/wp-content\/uploads\/2025\/07\/vn-11134201-23030-8opmtch1h5nv71.jpg\" width=\"801\" height=\"801\" \/><\/p>\n<p data-start=\"2184\" data-end=\"2529\">Kh\u00e1c v\u1edbi c\u00e1c lo\u1ea1i snack th\u00f4ng th\u01b0\u1eddng v\u1ed1n ch\u1ee9a nhi\u1ec1u gia v\u1ecb, b\u1ed9t ng\u1ecdt hay ph\u1ee5 gia t\u1ed5ng h\u1ee3p,\u00a0<strong data-start=\"2275\" data-end=\"2325\">Vietcoco ch\u1ecdn c\u00e1ch gi\u1eef nguy\u00ean b\u1ea3n ch\u1ea5t c\u1ee7a d\u1eeba<\/strong>. Ch\u00ednh nh\u1edd s\u1ef1 t\u1ed1i gi\u1ea3n trong nguy\u00ean li\u1ec7u m\u00e0 s\u1ea3n ph\u1ea9m c\u00f3 th\u1ec3 chi\u1ec1u l\u00f2ng nhi\u1ec1u \u0111\u1ed1i t\u01b0\u1ee3ng s\u1eed d\u1ee5ng, t\u1eeb ng\u01b0\u1eddi theo ch\u1ebf \u0111\u1ed9 \u0103n l\u00e0nh m\u1ea1nh, \u0103n chay, \u0111\u1ebfn ng\u01b0\u1eddi cao tu\u1ed5i ho\u1eb7c tr\u1ebb nh\u1ecf \u0111\u1ec1u c\u00f3 th\u1ec3 y\u00ean t\u00e2m th\u01b0\u1edfng th\u1ee9c.<\/p>\n<p data-start=\"2531\" data-end=\"2818\">G\u00f3i 45g nh\u1ecf g\u1ecdn, d\u1ec5 mang theo trong t\u00fai x\u00e1ch, balo, ho\u1eb7c \u0111\u1ec3 s\u1eb5n t\u1ea1i b\u00e0n l\u00e0m vi\u1ec7c. D\u00f9 l\u00e0 l\u00fac b\u1ea1n c\u1ea7n nh\u00e2m nhi m\u1ed9t ch\u00fat g\u00ec \u0111\u00f3 trong gi\u1edd ngh\u1ec9 tr\u01b0a, \u0111ang \u0111i tr\u00ean xe hay c\u1ea7n m\u1ed9t m\u00f3n \u0103n nh\u1eb9 sau gi\u1edd t\u1eadp th\u1ec3 d\u1ee5c,\u00a0<strong data-start=\"2736\" data-end=\"2758\">Snack D\u1eeba Vietcoco<\/strong>\u00a0v\u1eabn l\u00e0 l\u1ef1a ch\u1ecdn v\u1eeba ti\u1ec7n, v\u1eeba an to\u00e0n v\u00e0 gi\u00e0u n\u0103ng l\u01b0\u1ee3ng.<\/p>\n<p data-start=\"2531\" data-end=\"2818\"><img decoding=\"async\" class=\"aligncenter\" src=\"https:\/\/havamall.com\/wp-content\/uploads\/2025\/07\/vn-11134201-23030-xqpmtch1h5nv3f.jpg\" width=\"800\" height=\"800\" \/><\/p>\n<p data-start=\"2820\" data-end=\"3112\">Kh\u00f4ng ch\u1ec9 th\u00edch h\u1ee3p \u0111\u1ec3 \u0103n li\u1ec1n, snack d\u1eeba c\u00f2n c\u00f3 th\u1ec3 r\u1eafc l\u00ean s\u1eefa chua, y\u1ebfn m\u1ea1ch, salad ho\u1eb7c b\u00e1nh ng\u1ecdt \u0111\u1ec3 t\u0103ng th\u00eam \u0111\u1ed9 gi\u00f2n v\u00e0 m\u00f9i th\u01a1m t\u1ef1 nhi\u00ean. \u0110\u00e2y l\u00e0 nguy\u00ean li\u1ec7u ph\u1ee5 tr\u1ee3 l\u00fd t\u01b0\u1edfng cho nh\u1eefng ai th\u00edch bi\u1ebfn t\u1ea5u b\u1eefa \u0103n h\u00e0ng ng\u00e0y th\u00eam ph\u1ea7n s\u00e1ng t\u1ea1o m\u00e0 v\u1eabn gi\u1eef \u0111\u01b0\u1ee3c tinh th\u1ea7n\u00a0<em data-start=\"3091\" data-end=\"3111\">\u0103n ngon, s\u1ed1ng kh\u1ecfe<\/em>.<\/p>\n<p data-start=\"2820\" data-end=\"3112\"><img loading=\"lazy\" decoding=\"async\" class=\"aligncenter wp-image-41155\" src=\"https:\/\/havamall.com\/wp-content\/uploads\/2025\/07\/z6806227338640_0cfb4fa05062e4fc421f5fbf92de5b45.jpg\" alt=\"\" width=\"800\" height=\"1000\" \/><\/p>\n<p data-start=\"3114\" data-end=\"3433\"><strong data-start=\"3114\" data-end=\"3126\">Vietcoco<\/strong>, th\u01b0\u01a1ng hi\u1ec7u chuy\u00ean v\u1ec1 c\u00e1c s\u1ea3n ph\u1ea9m t\u1eeb d\u1eeba c\u00f3 ngu\u1ed3n g\u1ed1c t\u1ea1i B\u1ebfn Tre, lu\u00f4n cam k\u1ebft s\u1eed d\u1ee5ng nguy\u00ean li\u1ec7u s\u1ea1ch, quy tr\u00ecnh s\u1ea3n xu\u1ea5t kh\u00e9p k\u00edn v\u00e0 kh\u00f4ng can thi\u1ec7p h\u00f3a h\u1ecdc trong ch\u1ebf bi\u1ebfn. Ch\u00ednh s\u1ef1 r\u00f5 r\u00e0ng v\u00e0 minh b\u1ea1ch trong t\u1eebng kh\u00e2u \u0111\u00e3 gi\u00fap s\u1ea3n ph\u1ea9m c\u1ee7a Vietcoco \u0111\u01b0\u1ee3c \u0111\u00f3n nh\u1eadn t\u1ea1i c\u1ea3 th\u1ecb tr\u01b0\u1eddng n\u1ed9i \u0111\u1ecba v\u00e0 qu\u1ed1c t\u1ebf.<\/p>\n<p data-start=\"3435\" data-end=\"3757\"><strong data-start=\"3435\" data-end=\"3477\">Snack D\u1eeba Vietcoco V\u1ecb Truy\u1ec1n Th\u1ed1ng 45g<\/strong>\u00a0l\u00e0 m\u00f3n \u0103n v\u1eb7t ho\u00e0n h\u1ea3o cho ng\u01b0\u1eddi y\u00eau th\u00edch s\u1ef1 t\u1ef1 nhi\u00ean, c\u1ea7n m\u1ed9t ch\u00fat g\u00ec \u0111\u00f3 \u0111\u1ec3 nh\u00e2m nhi nh\u01b0ng v\u1eabn mu\u1ed1n c\u01a1 th\u1ec3 nh\u1eb9 nh\u00e0ng, kh\u1ecfe kho\u1eafn. M\u1ed7i mi\u1ebfng d\u1eeba gi\u00f2n kh\u00f4ng ch\u1ec9 mang theo v\u1ecb ngon, m\u00e0 c\u00f2n l\u00e0 m\u1ed9t ph\u1ea7n nh\u1ecf c\u1ee7a h\u1ed3n qu\u00ea Vi\u1ec7t \u2013 m\u1ed9c m\u1ea1c, thu\u1ea7n khi\u1ebft nh\u01b0ng \u0111\u1ee7 s\u1ee9c khi\u1ebfn ng\u01b0\u1eddi ta nh\u1edb m\u00e3i.<\/p>\n<p data-start=\"3435\" data-end=\"3757\"><img loading=\"lazy\" decoding=\"async\" class=\"aligncenter wp-image-41156\" src=\"https:\/\/havamall.com\/wp-content\/uploads\/2025\/07\/z6806227365350_46ca1e902ded9f8df5bbe39b38e28239.jpg\" alt=\"\" width=\"800\" height=\"1067\" \/><\/p>\n<p data-start=\"3759\" data-end=\"3868\">Mua ngay t\u1ea1i\u00a0<strong data-start=\"3772\" data-end=\"3784\">havamall<\/strong>\u00a0\u0111\u1ec3 t\u1eadn h\u01b0\u1edfng h\u01b0\u01a1ng d\u1eeba gi\u00f2n tan nguy\u00ean ch\u1ea5t, ti\u1ec7n l\u1ee3i v\u00e0 t\u1ed1t cho s\u1ee9c kh\u1ecfe m\u1ed7i ng\u00e0y.<\/p>","protected":false},"excerpt":{"rendered":"<p>TH\u00d4NG TIN CHUNG Th\u01b0\u01a1ng hi\u1ec7u Vietcoco Xu\u1ea5t x\u1ee9 Vi\u1ec7t Nam Th\u00e0nh ph\u1ea7n Xem tr\u00ean bao b\u00ec H\u1ea1n s\u1eed d\u1ee5ng Xem<\/p>","protected":false},"featured_media":40069,"comment_status":"open","ping_status":"closed","template":"","meta":[],"product_brand":[],"product_cat":[677,133],"product_tag":[],"class_list":{"0":"post-40068","1":"product","2":"type-product","3":"status-publish","4":"has-post-thumbnail","6":"product_cat-cac-nuoc-khac","7":"product_cat-banh-keo-chocolate","9":"first","10":"instock","11":"sale","12":"shipping-taxable","13":"purchasable","14":"product-type-simple"},"_links":{"self":[{"href":"https:\/\/havamall.vn\/en\/wp-json\/wp\/v2\/product\/40068"}],"collection":[{"href":"https:\/\/havamall.vn\/en\/wp-json\/wp\/v2\/product"}],"about":[{"href":"https:\/\/havamall.vn\/en\/wp-json\/wp\/v2\/types\/product"}],"replies":[{"embeddable":true,"href":"https:\/\/havamall.vn\/en\/wp-json\/wp\/v2\/comments?post=40068"}],"version-history":[{"count":0,"href":"https:\/\/havamall.vn\/en\/wp-json\/wp\/v2\/product\/40068\/revisions"}],"wp:featuredmedia":[{"embeddable":true,"href":"https:\/\/havamall.vn\/en\/wp-json\/wp\/v2\/media\/40069"}],"wp:attachment":[{"href":"https:\/\/havamall.vn\/en\/wp-json\/wp\/v2\/media?parent=40068"}],"wp:term":[{"taxonomy":"product_brand","embeddable":true,"href":"https:\/\/havamall.vn\/en\/wp-json\/wp\/v2\/product_brand?post=40068"},{"taxonomy":"product_cat","embeddable":true,"href":"https:\/\/havamall.vn\/en\/wp-json\/wp\/v2\/product_cat?post=40068"},{"taxonomy":"product_tag","embeddable":true,"href":"https:\/\/havamall.vn\/en\/wp-json\/wp\/v2\/product_tag?post=40068"}],"curies":[{"name":"wp","href":"https:\/\/api.w.org\/{rel}","templated":true}]}}