{"id":40064,"date":"2025-07-15T10:59:12","date_gmt":"2025-07-15T03:59:12","guid":{"rendered":"https:\/\/havamall.vn\/?post_type=product&#038;p=40064"},"modified":"2026-02-25T10:13:00","modified_gmt":"2026-02-25T03:13:00","slug":"com-dua-say-kho-vietcoco-200g-dried-coconut-flakes-by-vietcoco","status":"publish","type":"product","link":"https:\/\/havamall.vn\/en\/shop\/com-dua-say-kho-vietcoco-200g-dried-coconut-flakes-by-vietcoco\/","title":{"rendered":"C\u01a1m D\u1eeba S\u1ea5y Kh\u00f4 Vietcoco 200g \u2013 Dried Coconut Flakes by Vietcoco"},"content":{"rendered":"<blockquote>\n<h2><strong>TH\u00d4NG TIN CHUNG<\/strong><\/h2>\n<\/blockquote>\n<table style=\"width: 49.4143%;height: 157px\">\n<tbody>\n<tr>\n<td>Th\u01b0\u01a1ng hi\u1ec7u<\/td>\n<td>Vietcoco<\/td>\n<\/tr>\n<tr>\n<td>Xu\u1ea5t x\u1ee9<\/td>\n<td>Vi\u1ec7t Nam<\/td>\n<\/tr>\n<tr>\n<td>Th\u00e0nh ph\u1ea7n<\/td>\n<td>Xem tr\u00ean bao b\u00ec<\/td>\n<\/tr>\n<tr>\n<td>H\u1ea1n s\u1eed d\u1ee5ng<\/td>\n<td>Xem tren bao b\u00ec<\/td>\n<\/tr>\n<tr>\n<td>B\u1ea3o qu\u1ea3n<\/td>\n<td>N\u01a1i kh\u00f4 r\u00e1o, tho\u00e1ng m\u00e1t, tr\u00e1nh \u00e1nh n\u1eafng tr\u1ef1c ti\u1ebfp<\/td>\n<\/tr>\n<tr>\n<td>Kh\u1ed1i l\u01b0\u1ee3ng<\/td>\n<td>G\u00f3i 200g<\/td>\n<\/tr>\n<\/tbody>\n<\/table>\n<p data-start=\"1018\" data-end=\"1465\"><strong data-start=\"1018\" data-end=\"1051\">C\u01a1m D\u1eeba S\u1ea5y Kh\u00f4 Vietcoco 200g<\/strong>\u00a0l\u00e0 l\u1ef1a ch\u1ecdn l\u00fd t\u01b0\u1edfng cho nh\u1eefng ai \u0111ang t\u00ecm ki\u1ebfm m\u1ed9t lo\u1ea1i nguy\u00ean li\u1ec7u v\u1eeba ti\u1ec7n d\u1ee5ng, v\u1eeba thu\u1ea7n t\u1ef1 nhi\u00ean \u0111\u1ec3 ph\u1ee5c v\u1ee5 cho nhu c\u1ea7u \u0103n v\u1eb7t, ch\u1ebf bi\u1ebfn m\u00f3n \u0103n ho\u1eb7c l\u00e0m topping. \u0110\u01b0\u1ee3c l\u00e0m t\u1eeb\u00a0<strong data-start=\"1232\" data-end=\"1253\">100% c\u01a1m d\u1eeba t\u01b0\u01a1i<\/strong>\u00a0ch\u1ecdn l\u1ecdc k\u1ef9 t\u1ea1i v\u00f9ng nguy\u00ean li\u1ec7u d\u1eeba B\u1ebfn Tre \u2013 th\u1ee7 ph\u1ee7 d\u1eeba c\u1ee7a Vi\u1ec7t Nam \u2013 s\u1ea3n ph\u1ea9m mang h\u01b0\u01a1ng th\u01a1m \u0111\u1eb7c tr\u01b0ng, v\u1ecb b\u00e9o b\u00f9i v\u00e0 \u0111\u1ed9 gi\u00f2n t\u1ef1 nhi\u00ean nh\u1edd c\u00f4ng ngh\u1ec7 s\u1ea5y hi\u1ec7n \u0111\u1ea1i, kh\u00f4ng chi\u00ean qua d\u1ea7u v\u00e0 kh\u00f4ng th\u00eam ph\u1ee5 gia.<\/p>\n<p data-start=\"1018\" data-end=\"1465\"><img fetchpriority=\"high\" decoding=\"async\" class=\"aligncenter wp-image-41146\" src=\"https:\/\/havamall.com\/wp-content\/uploads\/2025\/07\/com-dua-say-kho-_2.jpg\" alt=\"\" width=\"802\" height=\"688\" \/><\/p>\n<p data-start=\"1018\" data-end=\"1465\">D\u1eeba v\u1ed1n l\u00e0 lo\u1ea1i th\u1ef1c ph\u1ea9m ch\u1ee9a nhi\u1ec1u d\u01b0\u1ee1ng ch\u1ea5t c\u00f3 l\u1ee3i: ch\u1ea5t x\u01a1 h\u1ed7 tr\u1ee3 ti\u00eau h\u00f3a, axit b\u00e9o chu\u1ed7i trung b\u00ecnh gi\u00fap t\u1ea1o n\u0103ng l\u01b0\u1ee3ng nhanh m\u00e0 kh\u00f4ng t\u00edch tr\u1eef th\u00e0nh m\u1ee1, \u0111\u1ed3ng th\u1eddi c\u00f2n ch\u1ee9a s\u1eaft, mangan, \u0111\u1ed3ng c\u00f9ng nhi\u1ec1u kho\u00e1ng ch\u1ea5t t\u1ed1t cho da v\u00e0 t\u00f3c. Vi\u1ec7c b\u1ed5 sung d\u1eeba v\u00e0o ch\u1ebf \u0111\u1ed9 \u0103n h\u00e0ng ng\u00e0y kh\u00f4ng ch\u1ec9 gi\u00fap c\u00e2n b\u1eb1ng dinh d\u01b0\u1ee1ng m\u00e0 c\u00f2n mang l\u1ea1i c\u1ea3m gi\u00e1c no l\u00e2u, h\u1ea1n ch\u1ebf \u0103n v\u1eb7t linh tinh kh\u00f4ng l\u00e0nh m\u1ea1nh.<\/p>\n<p data-start=\"1018\" data-end=\"1465\"><img decoding=\"async\" class=\"aligncenter wp-image-41147\" src=\"https:\/\/havamall.com\/wp-content\/uploads\/2025\/07\/6d761203-238e-4100-8851-b2a80f79c81c-40c63810-cb3e-4e95-bc1c-f1c68b255dc4.webp\" alt=\"\" width=\"800\" height=\"800\" \/><\/p>\n<p data-start=\"1467\" data-end=\"1818\">Nh\u1eefng l\u00e1t c\u01a1m d\u1eeba \u0111\u01b0\u1ee3c b\u00e0o m\u1ecfng, s\u1ea5y kh\u00f4 \u0111\u1ec1u \u1edf nhi\u1ec7t \u0111\u1ed9 th\u1ea5p gi\u00fap gi\u1eef nguy\u00ean m\u00e0u tr\u1eafng ng\u00e0 t\u1ef1 nhi\u00ean c\u00f9ng \u0111\u1ed9 ng\u1ecdt nh\u1eb9 v\u1ed1n c\u00f3 trong th\u1ecbt d\u1eeba. Khi th\u01b0\u1edfng th\u1ee9c tr\u1ef1c ti\u1ebfp, b\u1ea1n c\u00f3 th\u1ec3 c\u1ea3m nh\u1eadn \u0111\u01b0\u1ee3c\u00a0<strong data-start=\"1659\" data-end=\"1678\">\u0111\u1ed9 gi\u00f2n r\u00f4m r\u1ed1p<\/strong>, m\u00f9i th\u01a1m thoang tho\u1ea3ng c\u00f9ng c\u1ea3m gi\u00e1c b\u00e9o nh\u1eb9 n\u01a1i \u0111\u1ea7u l\u01b0\u1ee1i \u2013 m\u1ed9t tr\u1ea3i nghi\u1ec7m r\u1ea5t ri\u00eang m\u00e0 kh\u00f4ng ph\u1ea3i lo\u1ea1i snack n\u00e0o c\u0169ng c\u00f3 th\u1ec3 mang l\u1ea1i.<\/p>\n<p data-start=\"1467\" data-end=\"1818\"><img decoding=\"async\" class=\"aligncenter wp-image-41149\" src=\"https:\/\/havamall.com\/wp-content\/uploads\/2025\/07\/san-hap-nuoc-cot-dua.jpg\" alt=\"\" width=\"801\" height=\"601\" \/><\/p>\n<p data-start=\"1820\" data-end=\"2152\">S\u1ea3n ph\u1ea9m ho\u00e0n to\u00e0n kh\u00f4ng t\u1ea9m \u0111\u01b0\u1eddng, kh\u00f4ng th\u00eam ch\u1ea5t b\u1ea3o qu\u1ea3n hay ph\u1ea9m m\u00e0u, ph\u00f9 h\u1ee3p cho ng\u01b0\u1eddi \u0103n chay, \u0103n ki\u00eang, ho\u1eb7c \u0111ang theo \u0111u\u1ed5i l\u1ed1i s\u1ed1ng l\u00e0nh m\u1ea1nh. Ngo\u00e0i \u0103n tr\u1ef1c ti\u1ebfp, c\u01a1m d\u1eeba s\u1ea5y c\u00f2n l\u00e0 nguy\u00ean li\u1ec7u l\u00fd t\u01b0\u1edfng \u0111\u1ec3 r\u1eafc l\u00ean s\u1eefa chua, ng\u0169 c\u1ed1c, tr\u00e1i c\u00e2y tr\u1ed9n, l\u00e0m topping cho b\u00e1nh, ho\u1eb7c d\u00f9ng trong c\u00e1c c\u00f4ng th\u1ee9c granola, smoothie bowl.<\/p>\n<p data-start=\"1820\" data-end=\"2152\"><img loading=\"lazy\" decoding=\"async\" class=\"aligncenter wp-image-41148\" src=\"https:\/\/havamall.com\/wp-content\/uploads\/2025\/07\/R3N9136.jpg\" alt=\"\" width=\"801\" height=\"574\" \/><\/p>\n<p data-start=\"1820\" data-end=\"2152\">Kh\u00f4ng gi\u1ed1ng c\u00e1c lo\u1ea1i m\u1ee9t d\u1eeba c\u00f4ng nghi\u1ec7p th\u01b0\u1eddng nhi\u1ec1u \u0111\u01b0\u1eddng v\u00e0 d\u1ea7u,\u00a0<strong data-start=\"2866\" data-end=\"2894\">C\u01a1m D\u1eeba S\u1ea5y Kh\u00f4 Vietcoco<\/strong>\u00a0t\u1eadp trung v\u00e0o y\u1ebfu t\u1ed1 \u201cthu\u1ea7n\u201d v\u00e0 \u201cth\u1eadt\u201d. S\u1ef1 \u0111\u01a1n gi\u1ea3n v\u1ec1 th\u00e0nh ph\u1ea7n ch\u00ednh l\u00e0 \u0111i\u1ec1u khi\u1ebfn s\u1ea3n ph\u1ea9m n\u00e0y \u0111\u01b0\u1ee3c tin d\u00f9ng kh\u00f4ng ch\u1ec9 t\u1ea1i th\u1ecb tr\u01b0\u1eddng n\u1ed9i \u0111\u1ecba m\u00e0 c\u00f2n xu\u1ea5t kh\u1ea9u sang nhi\u1ec1u qu\u1ed1c gia kh\u00e1c. V\u1edbi Vietcoco, m\u1ed7i l\u00e1t d\u1eeba kh\u00f4ng ch\u1ec9 l\u00e0 m\u1ed9t mi\u1ebfng \u0103n m\u00e0 c\u00f2n mang theo c\u00e2u chuy\u1ec7n v\u1ec1 v\u00f9ng \u0111\u1ea5t d\u1eeba, v\u1ec1 c\u00e1ch ng\u01b0\u1eddi Vi\u1ec7t t\u00f4n tr\u1ecdng t\u1ef1 nhi\u00ean v\u00e0 gi\u1eef tr\u1ecdn tinh t\u00fay trong t\u1eebng s\u1ea3n ph\u1ea9m.<\/p>\n<p data-start=\"1820\" data-end=\"2152\"><img loading=\"lazy\" decoding=\"async\" class=\"aligncenter wp-image-41150\" src=\"https:\/\/havamall.com\/wp-content\/uploads\/2025\/07\/Thanh-pham-1-6778-1645781140.jpg\" alt=\"\" width=\"801\" height=\"580\" \/><\/p>\n<p data-start=\"2154\" data-end=\"2404\"><strong data-start=\"2154\" data-end=\"2173\">Dung l\u01b0\u1ee3ng 200g<\/strong>\u00a0gi\u00fap ng\u01b0\u1eddi d\u00f9ng c\u00f3 th\u1ec3 s\u1eed d\u1ee5ng linh ho\u1ea1t: v\u1eeba \u0111\u1ee7 \u0111\u1ec3 d\u00f9ng d\u1ea7n trong v\u00e0i ng\u00e0y, v\u1eeba ti\u1ebft ki\u1ec7m h\u01a1n so v\u1edbi c\u00e1c g\u00f3i nh\u1ecf l\u1ebb. Thi\u1ebft k\u1ebf bao b\u00ec t\u00fai k\u00edn ti\u1ec7n l\u1ee3i cho vi\u1ec7c b\u1ea3o qu\u1ea3n sau khi m\u1edf g\u00f3i m\u00e0 v\u1eabn gi\u1eef \u0111\u01b0\u1ee3c \u0111\u1ed9 gi\u00f2n v\u00e0 h\u01b0\u01a1ng th\u01a1m c\u1ee7a d\u1eeba.<\/p>\n<p data-start=\"3262\" data-end=\"3486\">N\u1ebfu b\u1ea1n \u0111ang c\u1ea7n m\u1ed9t nguy\u00ean li\u1ec7u ch\u1ebf bi\u1ebfn b\u1ed5 d\u01b0\u1ee1ng, ho\u1eb7c m\u1ed9t m\u00f3n \u0103n v\u1eb7t kh\u00f4ng d\u1ea7u, kh\u00f4ng \u0111\u01b0\u1eddng nh\u01b0ng v\u1eabn th\u01a1m ngon v\u00e0 d\u1ec5 k\u1ebft h\u1ee3p, th\u00ec\u00a0<strong data-start=\"3396\" data-end=\"3429\">C\u01a1m D\u1eeba S\u1ea5y Kh\u00f4 Vietcoco 200g<\/strong>\u00a0ch\u1eafc ch\u1eafn s\u1ebd l\u00e0m h\u00e0i l\u00f2ng kh\u1ea9u v\u1ecb l\u1eabn ti\u00eau ch\u00ed s\u1ee9c kh\u1ecfe. \u0110\u1eb7t mua ngay t\u1ea1i\u00a0<strong data-start=\"3505\" data-end=\"3517\">havamall<\/strong>\u00a0\u0111\u1ec3 b\u1ed5 sung v\u00e0o c\u0103n b\u1ebfp c\u1ee7a b\u1ea1n m\u1ed9t s\u1ea3n ph\u1ea9m ti\u1ec7n l\u1ee3i, l\u00e0nh m\u1ea1nh v\u00e0 gi\u00e0u h\u01b0\u01a1ng v\u1ecb Vi\u1ec7t.<\/p>","protected":false},"excerpt":{"rendered":"<p>TH\u00d4NG TIN CHUNG Th\u01b0\u01a1ng hi\u1ec7u Vietcoco Xu\u1ea5t x\u1ee9 Vi\u1ec7t Nam Th\u00e0nh ph\u1ea7n Xem tr\u00ean bao b\u00ec H\u1ea1n s\u1eed d\u1ee5ng Xem<\/p>","protected":false},"featured_media":40065,"comment_status":"open","ping_status":"closed","template":"","meta":[],"product_brand":[],"product_cat":[677,36],"product_tag":[],"class_list":{"0":"post-40064","1":"product","2":"type-product","3":"status-publish","4":"has-post-thumbnail","6":"product_cat-cac-nuoc-khac","7":"product_cat-thuc-pham-tieu-dung","9":"first","10":"outofstock","11":"sale","12":"shipping-taxable","13":"purchasable","14":"product-type-simple"},"_links":{"self":[{"href":"https:\/\/havamall.vn\/en\/wp-json\/wp\/v2\/product\/40064"}],"collection":[{"href":"https:\/\/havamall.vn\/en\/wp-json\/wp\/v2\/product"}],"about":[{"href":"https:\/\/havamall.vn\/en\/wp-json\/wp\/v2\/types\/product"}],"replies":[{"embeddable":true,"href":"https:\/\/havamall.vn\/en\/wp-json\/wp\/v2\/comments?post=40064"}],"version-history":[{"count":0,"href":"https:\/\/havamall.vn\/en\/wp-json\/wp\/v2\/product\/40064\/revisions"}],"wp:featuredmedia":[{"embeddable":true,"href":"https:\/\/havamall.vn\/en\/wp-json\/wp\/v2\/media\/40065"}],"wp:attachment":[{"href":"https:\/\/havamall.vn\/en\/wp-json\/wp\/v2\/media?parent=40064"}],"wp:term":[{"taxonomy":"product_brand","embeddable":true,"href":"https:\/\/havamall.vn\/en\/wp-json\/wp\/v2\/product_brand?post=40064"},{"taxonomy":"product_cat","embeddable":true,"href":"https:\/\/havamall.vn\/en\/wp-json\/wp\/v2\/product_cat?post=40064"},{"taxonomy":"product_tag","embeddable":true,"href":"https:\/\/havamall.vn\/en\/wp-json\/wp\/v2\/product_tag?post=40064"}],"curies":[{"name":"wp","href":"https:\/\/api.w.org\/{rel}","templated":true}]}}