{"id":40060,"date":"2025-07-15T09:24:15","date_gmt":"2025-07-15T02:24:15","guid":{"rendered":"https:\/\/havamall.vn\/?post_type=product&#038;p=40060"},"modified":"2025-07-15T09:24:16","modified_gmt":"2025-07-15T02:24:16","slug":"snack-polinky-vi-bap-orion-95g-corn-snack-by-orion","status":"publish","type":"product","link":"https:\/\/havamall.vn\/en\/shop\/snack-polinky-vi-bap-orion-95g-corn-snack-by-orion\/","title":{"rendered":"Snack Polinky V\u1ecb B\u1eafp Orion 95g \u2013 Corn Snack by Orion"},"content":{"rendered":"<blockquote>\n<h2><strong>TH\u00d4NG TIN CHUNG<\/strong><\/h2>\n<\/blockquote>\n<table style=\"width: 61.0769%;height: 209px\">\n<tbody>\n<tr style=\"height: 48px\">\n<td style=\"height: 48px\">Th\u01b0\u01a1ng hi\u1ec7u<\/td>\n<td style=\"height: 48px\">Orion<\/td>\n<\/tr>\n<tr style=\"height: 24px\">\n<td style=\"height: 24px\">Xu\u1ea5t x\u1ee9<\/td>\n<td style=\"height: 24px\">H\u00e0n Qu\u1ed1c<\/td>\n<\/tr>\n<tr style=\"height: 24px\">\n<td style=\"height: 24px\">Th\u00e0nh ph\u1ea7n<\/td>\n<td style=\"height: 24px\">Xem tr\u00ean bao b\u00ec<\/td>\n<\/tr>\n<tr style=\"height: 48px\">\n<td style=\"height: 48px\">H\u1ea1n s\u1eed d\u1ee5ng<\/td>\n<td style=\"height: 48px\">Xem tren bao b\u00ec<\/td>\n<\/tr>\n<tr style=\"height: 48px\">\n<td style=\"height: 48px\">B\u1ea3o qu\u1ea3n<\/td>\n<td style=\"height: 48px\">N\u01a1i kh\u00f4 r\u00e1o, tho\u00e1ng m\u00e1t, tr\u00e1nh \u00e1nh n\u1eafng tr\u1ef1c ti\u1ebfp<\/td>\n<\/tr>\n<tr style=\"height: 24px\">\n<td style=\"height: 24px\">Kh\u1ed1i l\u01b0\u1ee3ng<\/td>\n<td style=\"height: 24px\">G\u00f3i 95g<\/td>\n<\/tr>\n<\/tbody>\n<\/table>\n<p data-start=\"728\" data-end=\"996\"><strong data-start=\"728\" data-end=\"758\">Snack Polinky V\u1ecb B\u1eafp Orion<\/strong>\u00a0l\u00e0 m\u00f3n snack n\u1ed5i ti\u1ebfng \u0111\u1ebfn t\u1eeb H\u00e0n Qu\u1ed1c, g\u00e2y \u1ea5n t\u01b0\u1ee3ng v\u1edbi h\u00ecnh tam gi\u00e1c ng\u1ed9 ngh\u0129nh c\u00f9ng k\u1ebft c\u1ea5u gi\u00f2n r\u1ee5m \u0111\u1ed9c \u0111\u00e1o. \u0110\u1ebfn t\u1eeb th\u01b0\u01a1ng hi\u1ec7u b\u00e1nh k\u1eb9o l\u00e2u \u0111\u1eddi\u00a0<strong data-start=\"1160\" data-end=\"1169\">Orion<\/strong>\u00a0\u2013 n\u1ed5i ti\u1ebfng v\u1edbi c\u00e1c s\u1ea3n ph\u1ea9m ch\u1ea5t l\u01b0\u1ee3ng nh\u01b0 Choco Pie hay Marine Boy \u2013\u00a0<strong data-start=\"1241\" data-end=\"1252\">Polinky<\/strong>\u00a0l\u00e0 m\u00f3n snack \u0111\u01b0\u1ee3c y\u00eau th\u00edch nh\u1edd s\u1ef1 k\u1ebft h\u1ee3p gi\u1eefa\u00a0<strong data-start=\"1301\" data-end=\"1375\">h\u00ecnh d\u00e1ng \u0111\u1ed9c \u0111\u00e1o, \u0111\u1ed9 gi\u00f2n r\u00f4m r\u1ed1p v\u00e0 h\u01b0\u01a1ng b\u1eafp t\u1ef1 nhi\u00ean.<\/strong><\/p>\n<p data-start=\"728\" data-end=\"996\"><img fetchpriority=\"high\" decoding=\"async\" class=\"aligncenter size-full wp-image-41111\" src=\"https:\/\/havamall.com\/wp-content\/uploads\/2025\/07\/Snack-bap-polinky-vi-sua-bap-goi-95gg.png\" alt=\"\" width=\"800\" height=\"800\" \/><\/p>\n<p data-start=\"1378\" data-end=\"1780\">\u0110i\u1ec3m n\u1ed5i b\u1eadt \u0111\u1ea7u ti\u00ean c\u1ee7a Polinky ch\u00ednh l\u00e0\u00a0<strong data-start=\"1421\" data-end=\"1457\">c\u1ea5u tr\u00fac r\u1ed7ng ru\u1ed9t h\u00ecnh tam gi\u00e1c<\/strong>\u00a0c\u1ef1c k\u1ef3 b\u1eaft m\u1eaft v\u00e0 vui nh\u1ed9n. H\u00ecnh d\u00e1ng n\u00e0y kh\u00f4ng ch\u1ec9 khi\u1ebfn s\u1ea3n ph\u1ea9m tr\u1edf n\u00ean h\u1ea5p d\u1eabn v\u1edbi tr\u1ebb em m\u00e0 c\u00f2n gi\u00fap t\u0103ng c\u1ea3m gi\u00e1c nhai gi\u00f2n x\u1ed1p \u2013 \u0111i\u1ec1u m\u00e0 nh\u1eefng ai y\u00eau th\u00edch \u0103n v\u1eb7t ch\u1eafc ch\u1eafn s\u1ebd th\u00edch m\u00ea. M\u1ed7i mi\u1ebfng snack mang l\u1ea1i c\u1ea3m gi\u00e1c r\u00f4m r\u1ed1p trong mi\u1ec7ng, v\u1eeba gi\u00f2n, v\u1eeba nh\u1eb9, t\u1ea1o n\u00ean tr\u1ea3i nghi\u1ec7m\u00a0<em data-start=\"1745\" data-end=\"1779\">\u0103n vui tai \u2013 vui mi\u1ec7ng \u2013 vui m\u1eaft<\/em>.<\/p>\n<p data-start=\"1378\" data-end=\"1780\"><img decoding=\"async\" class=\"aligncenter  wp-image-41112\" src=\"https:\/\/havamall.com\/wp-content\/uploads\/2025\/07\/3c356c39-260c-4630-bf62-8d5ad719deee-1024x1024-1.jpg\" alt=\"\" width=\"800\" height=\"800\" \/><\/p>\n<p data-start=\"1191\" data-end=\"1569\">H\u01b0\u01a1ng b\u1eafp th\u01a1m nh\u1eb9 lan t\u1ecfa ngay khi m\u1edf g\u00f3i, mang \u0111\u1ebfn c\u1ea3m gi\u00e1c g\u1ea7n g\u0169i v\u00e0 d\u1ec5 ch\u1ecbu. Kh\u00f4ng s\u1eed d\u1ee5ng v\u1ecb m\u1eb7n g\u1eaft hay t\u1ea9m qu\u00e1 nhi\u1ec1u d\u1ea7u, Polinky t\u1eadp trung v\u00e0o \u0111\u1ed9 gi\u00f2n x\u1ed1p v\u1eeba ph\u1ea3i v\u00e0 v\u1ecb b\u1eafp t\u1ef1 nhi\u00ean, \u0111\u1ee7 \u0111\u1ec3 khi\u1ebfn ng\u01b0\u1eddi \u0103n c\u1ea3m th\u1ea5y h\u00e0i l\u00f2ng sau t\u1eebng mi\u1ebfng. K\u1ebft c\u1ea5u \u0111\u1eb7c bi\u1ec7t gi\u00fap snack kh\u00f4ng ch\u1ec9 gi\u00f2n mi\u1ec7ng m\u00e0 c\u00f2n t\u1ea1o c\u1ea3m gi\u00e1c th\u00fa v\u1ecb khi nhai \u2013 v\u1eeba x\u1ed1p nh\u1eb9, v\u1eeba r\u00f4m r\u1ed1p m\u00e0 kh\u00f4ng kh\u00f4 c\u1ee9ng.<\/p>\n<p data-start=\"1191\" data-end=\"1569\"><img decoding=\"async\" class=\"aligncenter  wp-image-41113\" src=\"https:\/\/havamall.com\/wp-content\/uploads\/2025\/07\/nichokichi_10230_4_d_20230630135253.jpg\" alt=\"\" width=\"800\" height=\"800\" \/><\/p>\n<p data-start=\"1571\" data-end=\"1894\">So v\u1edbi c\u00e1c lo\u1ea1i snack chi\u00ean truy\u1ec1n th\u1ed1ng th\u01b0\u1eddng kh\u00e1 \u0111\u1eadm v\u1ecb v\u00e0 n\u1eb7ng d\u1ea7u, Polinky nh\u1eb9 h\u01a1n c\u1ea3 v\u1ec1 h\u01b0\u01a1ng l\u1eabn kh\u1ea9u c\u1ea3m. Th\u00e0nh ph\u1ea7n ch\u00ednh t\u1eeb b\u1ed9t ng\u00f4 v\u00e0 h\u01b0\u01a1ng b\u1eafp t\u1ef1 nhi\u00ean mang l\u1ea1i v\u1ecb b\u00f9i d\u1ecbu, h\u1ee3p kh\u1ea9u v\u1ecb nhi\u1ec1u l\u1ee9a tu\u1ed5i. Snack ph\u00f9 h\u1ee3p d\u00f9ng trong gi\u1edd gi\u1ea3i lao, khi xem phim, tr\u00f2 chuy\u1ec7n ho\u1eb7c c\u1ea7n l\u00f3t d\u1ea1 nh\u1eb9 nh\u00e0ng m\u00e0 v\u1eabn \u0111\u1ee7 vui mi\u1ec7ng.<\/p>\n<p data-start=\"1896\" data-end=\"2211\">Dung l\u01b0\u1ee3ng g\u00f3i 95g \u0111\u01b0\u1ee3c xem l\u00e0 v\u1eeba v\u1eb7n cho nh\u1eefng ai mu\u1ed1n \u0103n trong th\u1eddi gian d\u00e0i h\u01a1n ho\u1eb7c chia s\u1ebb c\u00f9ng b\u1ea1n b\u00e8. Bao b\u00ec \u0111\u01b0\u1ee3c thi\u1ebft k\u1ebf ti\u1ec7n d\u1ee5ng, d\u1ec5 mang theo khi \u0111i h\u1ecdc, \u0111i l\u00e0m ho\u1eb7c du l\u1ecbch. Nh\u1edd gi\u1eef \u0111\u01b0\u1ee3c \u0111\u1ed9 gi\u00f2n trong su\u1ed1t qu\u00e1 tr\u00ecnh s\u1eed d\u1ee5ng, snack kh\u00f4ng c\u1ea7n ph\u1ea3i d\u00f9ng ngay m\u1ed9t l\u1ea7n m\u00e0 v\u1eabn \u0111\u1ea3m b\u1ea3o ch\u1ea5t l\u01b0\u1ee3ng sau khi m\u1edf.<\/p>\n<p data-start=\"1896\" data-end=\"2211\"><img loading=\"lazy\" decoding=\"async\" class=\"aligncenter  wp-image-41115\" src=\"https:\/\/havamall.com\/wp-content\/uploads\/2025\/07\/fb96cd75-c0c1-41ea-b9f9-a9e6746feba2-1024x1024-1.jpg\" alt=\"\" width=\"800\" height=\"800\" \/><\/p>\n<p data-start=\"2213\" data-end=\"2497\">S\u1ea3n ph\u1ea9m \u0111\u01b0\u1ee3c s\u1ea3n xu\u1ea5t b\u1edfi\u00a0<strong data-start=\"2240\" data-end=\"2249\">Orion<\/strong>, th\u01b0\u01a1ng hi\u1ec7u H\u00e0n Qu\u1ed1c l\u00e2u n\u0103m \u0111\u00e3 kh\u1eb3ng \u0111\u1ecbnh v\u1ecb th\u1ebf tr\u00ean th\u1ecb tr\u01b0\u1eddng b\u00e1nh k\u1eb9o v\u00e0 snack ch\u00e2u \u00c1. V\u1edbi quy tr\u00ecnh s\u1ea3n xu\u1ea5t hi\u1ec7n \u0111\u1ea1i, ki\u1ec3m so\u00e1t nghi\u00eam ng\u1eb7t t\u1eeb nguy\u00ean li\u1ec7u \u0111\u1ebfn th\u00e0nh ph\u1ea9m, Polinky \u0111\u1ea3m b\u1ea3o \u0111\u01b0\u1ee3c s\u1ef1 an to\u00e0n, v\u1ec7 sinh v\u00e0 \u1ed5n \u0111\u1ecbnh v\u1ec1 ch\u1ea5t l\u01b0\u1ee3ng.<\/p>\n<p data-start=\"2499\" data-end=\"2758\">Kh\u00f4ng ch\u1ee9a ch\u1ea5t b\u1ea3o qu\u1ea3n \u0111\u1ed9c h\u1ea1i hay ph\u1ea9m m\u00e0u t\u1ed5ng h\u1ee3p, snack c\u00f3 th\u1ec3 s\u1eed d\u1ee5ng th\u01b0\u1eddng xuy\u00ean m\u00e0 kh\u00f4ng g\u00e2y c\u1ea3m gi\u00e1c lo ng\u1ea1i. H\u01b0\u01a1ng b\u1eafp d\u1ecbu nh\u1eb9 ph\u00f9 h\u1ee3p v\u1edbi tr\u1ebb nh\u1ecf, \u0111\u1ed3ng th\u1eddi v\u1eabn \u0111\u1ee7 \u0111\u1ed9 \u201cg\u00e2y ghi\u1ec1n\u201d cho ng\u01b0\u1eddi l\u1edbn \u0111ang t\u00ecm m\u1ed9t m\u00f3n \u0103n v\u1eb7t \u0111\u01a1n gi\u1ea3n nh\u01b0ng kh\u00f4ng t\u1ebb nh\u1ea1t.<\/p>\n<p data-start=\"2499\" data-end=\"2758\"><img loading=\"lazy\" decoding=\"async\" class=\"aligncenter  wp-image-41116\" src=\"https:\/\/havamall.com\/wp-content\/uploads\/2025\/07\/nichokichi_10230_5_d_20230630135305.jpg\" alt=\"\" width=\"800\" height=\"800\" \/><\/p>\n<p data-start=\"3552\" data-end=\"3699\">Mua\u00a0<strong data-start=\"3556\" data-end=\"3590\">Snack Polinky V\u1ecb B\u1eafp Orion 95g<\/strong>\u00a0ngay t\u1ea1i\u00a0<strong data-start=\"3600\" data-end=\"3612\">havamall<\/strong>\u00a0\u0111\u1ec3 t\u1eadn h\u01b0\u1edfng s\u1ef1 ti\u1ec7n l\u1ee3i, h\u01b0\u01a1ng v\u1ecb th\u01a1m ngon v\u00e0 \u01b0u \u0111\u00e3i giao h\u00e0ng nhanh ch\u00f3ng, d\u1ec5 d\u00e0ng.<\/p>","protected":false},"excerpt":{"rendered":"<p>TH\u00d4NG TIN CHUNG Th\u01b0\u01a1ng hi\u1ec7u Orion Xu\u1ea5t x\u1ee9 H\u00e0n Qu\u1ed1c Th\u00e0nh ph\u1ea7n Xem tr\u00ean bao b\u00ec H\u1ea1n s\u1eed d\u1ee5ng Xem<\/p>","protected":false},"featured_media":40061,"comment_status":"open","ping_status":"closed","template":"","meta":[],"product_brand":[],"product_cat":[676,133],"product_tag":[],"class_list":{"0":"post-40060","1":"product","2":"type-product","3":"status-publish","4":"has-post-thumbnail","6":"product_cat-nhap-khau-han-quoc","7":"product_cat-banh-keo-chocolate","9":"first","10":"instock","11":"sale","12":"shipping-taxable","13":"purchasable","14":"product-type-simple"},"_links":{"self":[{"href":"https:\/\/havamall.vn\/en\/wp-json\/wp\/v2\/product\/40060"}],"collection":[{"href":"https:\/\/havamall.vn\/en\/wp-json\/wp\/v2\/product"}],"about":[{"href":"https:\/\/havamall.vn\/en\/wp-json\/wp\/v2\/types\/product"}],"replies":[{"embeddable":true,"href":"https:\/\/havamall.vn\/en\/wp-json\/wp\/v2\/comments?post=40060"}],"version-history":[{"count":0,"href":"https:\/\/havamall.vn\/en\/wp-json\/wp\/v2\/product\/40060\/revisions"}],"wp:featuredmedia":[{"embeddable":true,"href":"https:\/\/havamall.vn\/en\/wp-json\/wp\/v2\/media\/40061"}],"wp:attachment":[{"href":"https:\/\/havamall.vn\/en\/wp-json\/wp\/v2\/media?parent=40060"}],"wp:term":[{"taxonomy":"product_brand","embeddable":true,"href":"https:\/\/havamall.vn\/en\/wp-json\/wp\/v2\/product_brand?post=40060"},{"taxonomy":"product_cat","embeddable":true,"href":"https:\/\/havamall.vn\/en\/wp-json\/wp\/v2\/product_cat?post=40060"},{"taxonomy":"product_tag","embeddable":true,"href":"https:\/\/havamall.vn\/en\/wp-json\/wp\/v2\/product_tag?post=40060"}],"curies":[{"name":"wp","href":"https:\/\/api.w.org\/{rel}","templated":true}]}}