{"id":40056,"date":"2025-07-14T12:02:43","date_gmt":"2025-07-14T05:02:43","guid":{"rendered":"https:\/\/havamall.vn\/?post_type=product&#038;p=40056"},"modified":"2025-08-25T10:58:52","modified_gmt":"2025-08-25T03:58:52","slug":"snack-khoai-tay-plaza-del-sol-trufa-vi-nam-truffle-den-40g-black-truffle-flavor-potato-chips","status":"publish","type":"product","link":"https:\/\/havamall.vn\/en\/shop\/snack-khoai-tay-plaza-del-sol-trufa-vi-nam-truffle-den-40g-black-truffle-flavor-potato-chips\/","title":{"rendered":"Snack Khoai T\u00e2y Plaza Del Sol Trufa V\u1ecb N\u1ea5m Truffle \u0110en 40g \u2013 Black Truffle Flavor Potato Chips"},"content":{"rendered":"<blockquote>\n<h2><strong>TH\u00d4NG TIN CHUNG<\/strong><\/h2>\n<\/blockquote>\n<table>\n<tbody>\n<tr>\n<td>Th\u01b0\u01a1ng hi\u1ec7u<\/td>\n<td>Plaza Del Sol<\/td>\n<\/tr>\n<tr>\n<td>Xu\u1ea5t x\u1ee9<\/td>\n<td>\u00a0T\u00e2y Ban Nha<\/td>\n<\/tr>\n<tr>\n<td>Th\u00e0nh ph\u1ea7n<\/td>\n<td>Xem tr\u00ean bao b\u00ec<\/td>\n<\/tr>\n<tr>\n<td>H\u1ea1n s\u1eed d\u1ee5ng<\/td>\n<td>Xem tren bao b\u00ec<\/td>\n<\/tr>\n<tr>\n<td>B\u1ea3o qu\u1ea3n<\/td>\n<td>B\u1ea3o qu\u1ea3n n\u01a1i kh\u00f4 r\u00e1o, tho\u00e1ng m\u00e1t, tr\u00e1nh \u00e1nh n\u1eafng m\u1eb7t tr\u1eddi.<\/td>\n<\/tr>\n<tr>\n<td>Kh\u1ed1i l\u01b0\u1ee3ng<\/td>\n<td>G\u00f3i 40g<\/td>\n<\/tr>\n<\/tbody>\n<\/table>\n<p>Plaza Del Sol t\u1ef1 h\u00e0o l\u00e0 th\u01b0\u01a1ng hi\u1ec7u \u0111\u1ea1i di\u1ec7n cho tinh hoa \u1ea9m th\u1ef1c T\u00e2y Ban Nha, mang \u0111\u1ebfn nh\u1eefng s\u1ea3n ph\u1ea9m ch\u1ea5t l\u01b0\u1ee3ng cao, \u0111\u1eadm \u0111\u00e0 b\u1ea3n s\u1eafc \u0110\u1ecba Trung H\u1ea3i. V\u1edbi tri\u1ebft l\u00fd \u201cThe Spanish touch\u201d \u2013 \u201cCh\u1ea1m T\u00e2y Ban Nha\u201d, m\u1ed7i s\u1ea3n ph\u1ea9m c\u1ee7a Plaza Del Sol kh\u00f4ng ch\u1ec9 l\u00e0 m\u1ed9t m\u00f3n \u0103n m\u00e0 c\u00f2n l\u00e0 m\u1ed9t c\u00e2u chuy\u1ec7n v\u1ec1 v\u0103n h\u00f3a, v\u1ec1 s\u1ef1 k\u1ebft h\u1ee3p h\u00e0i h\u00f2a gi\u1eefa truy\u1ec1n th\u1ed1ng v\u00e0 hi\u1ec7n \u0111\u1ea1i. Snack Khoai T\u00e2y Chips v\u1ecb \u1edat Cay &amp; Chanh l\u00e0 m\u1ed9t v\u00ed d\u1ee5 \u0111i\u1ec3n h\u00ecnh cho s\u1ef1 s\u00e1ng t\u1ea1o \u0111\u00f3, k\u1ebft h\u1ee3p gi\u1eefa nguy\u00ean li\u1ec7u quen thu\u1ed9c v\u1edbi phong c\u00e1ch n\u00eam n\u1ebfm \u0111\u1eb7c tr\u01b0ng, t\u1ea1o n\u00ean h\u01b0\u01a1ng v\u1ecb kh\u00f3 qu\u00ean.<\/p>\n<p><img fetchpriority=\"high\" decoding=\"async\" class=\"aligncenter size-full wp-image-41101\" src=\"https:\/\/havamall.com\/wp-content\/uploads\/2025\/07\/Snack-Khoai-Tay-trufa-Plaza-Del.png\" alt=\"\" width=\"800\" height=\"800\" \/><\/p>\n<p data-start=\"1256\" data-end=\"1628\">\u0110i\u1ec3m n\u1ed5i b\u1eadt nh\u1ea5t c\u1ee7a s\u1ea3n ph\u1ea9m n\u1eb1m \u1edf <strong data-start=\"1293\" data-end=\"1319\">m\u00f9i v\u1ecb n\u1ea5m truffle \u0111en<\/strong> \u2013 m\u1ed9t trong nh\u1eefng lo\u1ea1i n\u1ea5m qu\u00fd hi\u1ebfm v\u00e0 \u0111\u01b0\u1ee3c xem l\u00e0 bi\u1ec3u t\u01b0\u1ee3ng c\u1ee7a \u1ea9m th\u1ef1c cao c\u1ea5p ch\u00e2u \u00c2u. Plaza Del Sol kh\u00f4ng s\u1eed d\u1ee5ng h\u01b0\u01a1ng li\u1ec7u nh\u00e2n t\u1ea1o n\u1ed3ng g\u1eaft, m\u00e0 k\u1ebft h\u1ee3p <strong data-start=\"1480\" data-end=\"1510\">h\u01b0\u01a1ng truffle \u0111en t\u1ef1 nhi\u00ean<\/strong> v\u1edbi t\u1ef7 l\u1ec7 v\u1eeba ph\u1ea3i, t\u1ea1o ra m\u00f9i th\u01a1m s\u00e2u, tr\u00f2n v\u1ecb, \u0111\u1ee7 \u0111\u1ec3 nh\u1eadn ra s\u1ef1 \u0111\u1eb7c tr\u01b0ng m\u00e0 kh\u00f4ng b\u1ecb \u00e1t b\u1edfi v\u1ecb m\u1eb7n hay d\u1ea7u chi\u00ean.<\/p>\n<p data-start=\"1256\" data-end=\"1628\"><img decoding=\"async\" class=\"aligncenter wp-image-41102\" src=\"https:\/\/havamall.com\/wp-content\/uploads\/2025\/07\/vg-06.jpg\" alt=\"\" width=\"801\" height=\"478\" \/><\/p>\n<h4 data-start=\"1654\" data-end=\"1710\"><strong data-start=\"1659\" data-end=\"1710\">T\u1ed1i gi\u1ea3n v\u1ec1 th\u00e0nh ph\u1ea7n \u2013 tinh t\u1ebf trong h\u01b0\u01a1ng v\u1ecb<\/strong><\/h4>\n<p data-start=\"1630\" data-end=\"2093\">Th\u00e0nh ph\u1ea7n c\u1ee7a snack n\u00e0y c\u1ef1c k\u1ef3 \u0111\u01a1n gi\u1ea3n: <strong data-start=\"1672\" data-end=\"1734\">khoai t\u00e2y, d\u1ea7u h\u01b0\u1edbng d\u01b0\u01a1ng, mu\u1ed1i bi\u1ec3n v\u00e0 h\u01b0\u01a1ng truffle \u0111en<\/strong> \u2013 kh\u00f4ng ch\u1ea5t b\u1ea3o qu\u1ea3n, kh\u00f4ng ph\u1ea9m m\u00e0u, kh\u00f4ng ph\u1ee5 gia kh\u00f4ng c\u1ea7n thi\u1ebft. Khoai \u0111\u01b0\u1ee3c ch\u1ecdn l\u1ecdc, th\u00e1i l\u00e1t m\u1ecfng \u0111\u1ec1u v\u00e0 chi\u00ean trong d\u1ea7u h\u01b0\u1edbng d\u01b0\u01a1ng \u2013 lo\u1ea1i d\u1ea7u nh\u1eb9, \u00edt m\u00f9i, gi\u00fap gi\u1eef \u0111\u01b0\u1ee3c v\u1ecb khoai t\u1ef1 nhi\u00ean m\u00e0 kh\u00f4ng g\u00e2y ng\u1ea5y. C\u00e1ch k\u1ebft h\u1ee3p mu\u1ed1i bi\u1ec3n m\u1ecbn c\u0169ng khi\u1ebfn h\u01b0\u01a1ng v\u1ecb c\u1ee7a truffle \u0111en tr\u1edf n\u00ean n\u1ed5i b\u1eadt h\u01a1n, thay v\u00ec b\u1ecb l\u1ea5n \u00e1t nh\u01b0 \u1edf c\u00e1c lo\u1ea1i snack qu\u00e1 \u0111\u1eadm gia v\u1ecb kh\u00e1c.<\/p>\n<p data-start=\"1630\" data-end=\"2093\"><img decoding=\"async\" class=\"aligncenter\" src=\"https:\/\/havamall.com\/wp-content\/uploads\/2025\/07\/afb67edb-78f8-4f80-a615-819b8404af82.jpg\" alt=\"Truffle Chips - Soft Grand Opening - Sibling Revelry Brewing - Brewpub in OH\" width=\"801\" height=\"534\" \/><\/p>\n<p data-start=\"2095\" data-end=\"2425\">V\u1ec1 k\u1ebft c\u1ea5u, t\u1eebng l\u00e1t khoai c\u1ee7a Plaza Del Sol Trufa c\u00f3 \u0111\u1ed9 gi\u00f2n m\u1ecfng v\u1eeba ph\u1ea3i, kh\u00f4ng qu\u00e1 d\u00e0y c\u1ee9ng hay qu\u00e1 v\u1ee5n d\u1ec5 v\u1ee1. Khi \u0103n, c\u1ea3m gi\u00e1c gi\u00f2n tan r\u00f5 r\u1ec7t nh\u01b0ng v\u1eabn gi\u1eef \u0111\u01b0\u1ee3c k\u1ebft c\u1ea5u khoai t\u00e2y nguy\u00ean b\u1ea3n, kh\u00f4ng b\u1ecb v\u1ee5n hay b\u1edf. \u0110\u00e2y ch\u00ednh l\u00e0 \u0111i\u1ec3m khi\u1ebfn ng\u01b0\u1eddi d\u00f9ng c\u1ea3m nh\u1eadn r\u00f5 s\u1ef1 kh\u00e1c bi\u1ec7t gi\u1eefa m\u1ed9t lo\u1ea1i snack cao c\u1ea5p v\u00e0 c\u00e1c s\u1ea3n ph\u1ea9m \u0111\u1ea1i tr\u00e0.<\/p>\n<p data-start=\"2095\" data-end=\"2425\"><img loading=\"lazy\" decoding=\"async\" class=\"aligncenter wp-image-41103\" src=\"https:\/\/havamall.com\/wp-content\/uploads\/2025\/07\/View-recent-photos.jpg\" alt=\"\" width=\"800\" height=\"1265\" \/><\/p>\n<p data-start=\"3153\" data-end=\"3442\"><strong data-start=\"3153\" data-end=\"3215\">Snack Khoai T\u00e2y Plaza Del Sol Trufa V\u1ecb N\u1ea5m Truffle \u0110en 40g<\/strong>\u00a0l\u00e0 l\u1ef1a ch\u1ecdn \u0111\u00e1ng gi\u00e1 cho nh\u1eefng ai y\u00eau th\u00edch s\u1ef1 \u0111\u01a1n gi\u1ea3n nh\u01b0ng \u0111\u1eadm ch\u1ea5t. H\u01b0\u01a1ng truffle \u0111en tinh t\u1ebf, nguy\u00ean li\u1ec7u s\u1ea1ch, k\u1ebft c\u1ea5u gi\u00f2n l\u00fd t\u01b0\u1edfng \u2013 t\u1ea5t c\u1ea3 l\u00e0m n\u00ean m\u1ed9t m\u00f3n snack mang phong c\u00e1ch \u1ea9m th\u1ef1c T\u00e2y Ban Nha r\u00f5 n\u00e9t v\u00e0 kh\u00e1c bi\u1ec7t.<\/p>\n<p data-start=\"3444\" data-end=\"3465\"><strong data-start=\"3444\" data-end=\"3465\">Mua t\u1ea1i Havamall.<\/strong><\/p>","protected":false},"excerpt":{"rendered":"<p>TH\u00d4NG TIN CHUNG Th\u01b0\u01a1ng hi\u1ec7u Plaza Del Sol Xu\u1ea5t x\u1ee9 \u00a0T\u00e2y Ban Nha Th\u00e0nh ph\u1ea7n Xem tr\u00ean bao b\u00ec H\u1ea1n<\/p>","protected":false},"featured_media":40057,"comment_status":"open","ping_status":"closed","template":"","meta":[],"product_brand":[],"product_cat":[683,133],"product_tag":[],"class_list":{"0":"post-40056","1":"product","2":"type-product","3":"status-publish","4":"has-post-thumbnail","6":"product_cat-nhap-khau-tay-ban-nha","7":"product_cat-banh-keo-chocolate","9":"first","10":"outofstock","11":"sale","12":"shipping-taxable","13":"purchasable","14":"product-type-simple"},"_links":{"self":[{"href":"https:\/\/havamall.vn\/en\/wp-json\/wp\/v2\/product\/40056"}],"collection":[{"href":"https:\/\/havamall.vn\/en\/wp-json\/wp\/v2\/product"}],"about":[{"href":"https:\/\/havamall.vn\/en\/wp-json\/wp\/v2\/types\/product"}],"replies":[{"embeddable":true,"href":"https:\/\/havamall.vn\/en\/wp-json\/wp\/v2\/comments?post=40056"}],"version-history":[{"count":0,"href":"https:\/\/havamall.vn\/en\/wp-json\/wp\/v2\/product\/40056\/revisions"}],"wp:featuredmedia":[{"embeddable":true,"href":"https:\/\/havamall.vn\/en\/wp-json\/wp\/v2\/media\/40057"}],"wp:attachment":[{"href":"https:\/\/havamall.vn\/en\/wp-json\/wp\/v2\/media?parent=40056"}],"wp:term":[{"taxonomy":"product_brand","embeddable":true,"href":"https:\/\/havamall.vn\/en\/wp-json\/wp\/v2\/product_brand?post=40056"},{"taxonomy":"product_cat","embeddable":true,"href":"https:\/\/havamall.vn\/en\/wp-json\/wp\/v2\/product_cat?post=40056"},{"taxonomy":"product_tag","embeddable":true,"href":"https:\/\/havamall.vn\/en\/wp-json\/wp\/v2\/product_tag?post=40056"}],"curies":[{"name":"wp","href":"https:\/\/api.w.org\/{rel}","templated":true}]}}