{"id":40052,"date":"2025-07-14T11:45:19","date_gmt":"2025-07-14T04:45:19","guid":{"rendered":"https:\/\/havamall.vn\/?post_type=product&#038;p=40052"},"modified":"2025-07-14T11:45:19","modified_gmt":"2025-07-14T04:45:19","slug":"snack-khoai-tay-gion-plaza-del-sol-feria-extra-crunchy-40g-potato-chips-feria-extra-crunchy","status":"publish","type":"product","link":"https:\/\/havamall.vn\/en\/shop\/snack-khoai-tay-gion-plaza-del-sol-feria-extra-crunchy-40g-potato-chips-feria-extra-crunchy\/","title":{"rendered":"Snack Khoai T\u00e2y Gi\u00f2n Plaza Del Sol Feria Extra Crunchy 40g \u2013 Potato Chips Feria (Extra Crunchy)"},"content":{"rendered":"<blockquote>\n<h2><strong>TH\u00d4NG TIN CHUNG<\/strong><\/h2>\n<\/blockquote>\n<table style=\"width: 52.1222%;height: 165px\">\n<tbody>\n<tr>\n<td>Th\u01b0\u01a1ng hi\u1ec7u<\/td>\n<td>Plaza Del Sol<\/td>\n<\/tr>\n<tr>\n<td>Xu\u1ea5t x\u1ee9<\/td>\n<td>\u00a0T\u00e2y Ban Nha<\/td>\n<\/tr>\n<tr>\n<td>Th\u00e0nh ph\u1ea7n<\/td>\n<td>Xem tr\u00ean bao b\u00ec<\/td>\n<\/tr>\n<tr>\n<td>H\u1ea1n s\u1eed d\u1ee5ng<\/td>\n<td>Xem tren bao b\u00ec<\/td>\n<\/tr>\n<tr>\n<td>B\u1ea3o qu\u1ea3n<\/td>\n<td>B\u1ea3o qu\u1ea3n n\u01a1i kh\u00f4 r\u00e1o, tho\u00e1ng m\u00e1t, tr\u00e1nh \u00e1nh n\u1eafng m\u1eb7t tr\u1eddi.<\/td>\n<\/tr>\n<tr>\n<td>Kh\u1ed1i l\u01b0\u1ee3ng<\/td>\n<td>G\u00f3i 40g<\/td>\n<\/tr>\n<\/tbody>\n<\/table>\n<p data-start=\"872\" data-end=\"1302\">Plaza Del Sol \u2013 th\u01b0\u01a1ng hi\u1ec7u snack \u0111\u1ebfn t\u1eeb T\u00e2y Ban Nha \u2013 n\u1ed5i b\u1eadt v\u1edbi c\u00e1c d\u00f2ng s\u1ea3n ph\u1ea9m khoai t\u00e2y chi\u00ean gi\u00f2n nguy\u00ean b\u1ea3n, mang d\u1ea5u \u1ea5n r\u00f5 n\u00e9t c\u1ee7a phong c\u00e1ch \u1ea9m th\u1ef1c \u0110\u1ecba Trung H\u1ea3i. D\u00f2ng <strong data-start=\"1052\" data-end=\"1079\">Feria Extra Crunchy 40g<\/strong> l\u00e0 phi\u00ean b\u1ea3n khoai t\u00e2y l\u00e1t chi\u00ean gi\u00f2n h\u01a1n b\u00ecnh th\u01b0\u1eddng, mang l\u1ea1i tr\u1ea3i nghi\u1ec7m nhai r\u00f4m r\u1ed1p, th\u1ecfa m\u00e3n c\u01a1n th\u00e8m snack c\u1ee7a b\u1ea1n m\u1ed9t c\u00e1ch tr\u1ecdn v\u1eb9n, d\u00f9 l\u00e0 l\u00fac ngh\u1ec9 tr\u01b0a, bu\u1ed5i chi\u1ec1u bu\u1ed3n mi\u1ec7ng hay \u0111\u00eam khuya mu\u1ed1n nh\u00e2m nhi nh\u1eb9 nh\u00e0ng.<\/p>\n<p data-start=\"872\" data-end=\"1302\"><img fetchpriority=\"high\" decoding=\"async\" class=\"aligncenter size-full wp-image-41092\" src=\"https:\/\/havamall.com\/wp-content\/uploads\/2025\/07\/Snack-Khoai-Tay-Chips-Feria-Plaza-Del-Sol-40.png\" alt=\"\" width=\"800\" height=\"800\" \/><\/p>\n<p data-start=\"1304\" data-end=\"1720\">\u0110i\u1ec3m \u0111\u1eb7c bi\u1ec7t \u1edf d\u00f2ng Feria n\u00e0y ch\u00ednh l\u00e0 \u0111\u1ed9 gi\u00f2n. \u0110\u00e2y kh\u00f4ng ph\u1ea3i ki\u1ec3u gi\u00f2n nh\u1eb9 d\u1ec5 v\u1ee1 nh\u01b0 nhi\u1ec1u d\u00f2ng khoai t\u00e2y c\u00f4ng nghi\u1ec7p ph\u1ed5 th\u00f4ng, m\u00e0 l\u00e0 gi\u00f2n d\u00e0y, c\u1ee9ng c\u00e1p, ph\u00f9 h\u1ee3p v\u1edbi ng\u01b0\u1eddi th\u00edch c\u1ea3m gi\u00e1c \u0103n ch\u1eafc tay. S\u1ef1 k\u1ebft h\u1ee3p gi\u1eefa khoai t\u00e2y l\u00e1t m\u1ecfng v\u1eeba ph\u1ea3i, chi\u00ean trong d\u1ea7u h\u01b0\u1edbng d\u01b0\u01a1ng tinh khi\u1ebft v\u00e0 r\u1eafc nh\u1eb9 mu\u1ed1i bi\u1ec3n gi\u00fap gi\u1eef \u0111\u01b0\u1ee3c v\u1ecb nguy\u00ean b\u1ea3n, kh\u00f4ng qu\u00e1 m\u1eb7n hay ng\u1ea5y, t\u1ea1o n\u00ean m\u1ed9t m\u00f3n snack tuy \u0111\u01a1n gi\u1ea3n nh\u01b0ng \u0111\u1ea7y cu\u1ed1n h\u00fat.<\/p>\n<p data-start=\"1304\" data-end=\"1720\"><img decoding=\"async\" class=\"aligncenter wp-image-41094\" src=\"https:\/\/havamall.com\/wp-content\/uploads\/2025\/07\/Potato-Chips-Recipe-6.jpg\" alt=\"\" width=\"801\" height=\"716\" \/><\/p>\n<blockquote>\n<h4 data-start=\"1727\" data-end=\"1807\"><em><span style=\"font-size: 18pt\"><strong data-start=\"1732\" data-end=\"1807\">Kh\u00f4ng ch\u1ec9 l\u00e0 m\u00f3n \u0103n v\u1eb7t \u2013 m\u00e0 l\u00e0 m\u1ed9t th\u00f3i quen nh\u1ecf t\u1ea1o c\u1ea3m gi\u00e1c th\u01b0 gi\u00e3n<\/strong><\/span><\/em><\/h4>\n<\/blockquote>\n<p data-start=\"1809\" data-end=\"2225\">Kh\u00e1c v\u1edbi nhi\u1ec1u lo\u1ea1i snack c\u00f3 th\u00eam h\u01b0\u01a1ng li\u1ec7u ho\u1eb7c gia v\u1ecb n\u1eb7ng, Plaza Del Sol Feria l\u1ea1i \u0111i theo h\u01b0\u1edbng t\u1ed1i gi\u1ea3n, \u0111\u1ec1 cao nguy\u00ean li\u1ec7u. C\u0169ng nh\u1edd v\u1eady m\u00e0 snack n\u00e0y d\u1ec5 k\u1ebft h\u1ee3p v\u1edbi nhi\u1ec1u m\u00f3n kh\u00e1c, nh\u01b0 k\u1eb9p b\u00e1nh m\u00ec, \u0103n c\u00f9ng salad ho\u1eb7c nh\u00e2m nhi v\u1edbi ph\u00f4 mai, s\u1ed1t chua hay c\u00e1c lo\u1ea1i th\u1ecbt ngu\u1ed9i. \u0110\u00f3 l\u00e0 l\u00fd do v\u00ec sao n\u00f3 th\u01b0\u1eddng \u0111\u01b0\u1ee3c ng\u01b0\u1eddi T\u00e2y Ban Nha d\u00f9ng trong c\u00e1c bu\u1ed5i \u0103n nh\u1eb9 bu\u1ed5i chi\u1ec1u, nh\u01b0 m\u1ed9t m\u00f3n \u0103n th\u01b0 gi\u00e3n gi\u1eefa nh\u1ecbp s\u1ed1ng nhanh.<\/p>\n<p data-start=\"1809\" data-end=\"2225\"><img decoding=\"async\" class=\"aligncenter wp-image-41095\" src=\"https:\/\/havamall.com\/wp-content\/uploads\/2025\/07\/Cheddar-and-Chive-Mashed-Potatoes-029_1200x1200_0.png\" alt=\"\" width=\"800\" height=\"800\" \/><\/p>\n<p data-start=\"2227\" data-end=\"2504\">D\u1ea1ng g\u00f3i nh\u1ecf 40g c\u1ef1c k\u1ef3 ti\u1ec7n \u0111\u1ec3 mang theo khi \u0111i h\u1ecdc, \u0111i l\u00e0m, \u0111i ch\u01a1i ho\u1eb7c \u0111\u1ec3 s\u1eb5n trong t\u00fai x\u00e1ch. Kh\u00f4ng chi\u1ebfm nhi\u1ec1u di\u1ec7n t\u00edch, kh\u00f4ng b\u1ecb d\u1ea7u ch\u1ea3y ra ngo\u00e0i, d\u1ec5 b\u1ea3o qu\u1ea3n, d\u1ec5 s\u1eed d\u1ee5ng \u2013 t\u1ea5t c\u1ea3 nh\u1eefng y\u1ebfu t\u1ed1 n\u00e0y khi\u1ebfn s\u1ea3n ph\u1ea9m tr\u1edf th\u00e0nh m\u1ed9t m\u00f3n \u0103n v\u1eb7t l\u00fd t\u01b0\u1edfng cho cu\u1ed9c s\u1ed1ng hi\u1ec7n \u0111\u1ea1i.<\/p>\n<blockquote>\n<h4 data-start=\"2511\" data-end=\"2576\"><em><span style=\"font-size: 18pt\"><strong data-start=\"2516\" data-end=\"2576\">Ch\u1ea5t l\u01b0\u1ee3ng t\u1eeb s\u1ef1 t\u1ed1i gi\u1ea3n \u2013 \u00edt th\u00e0nh ph\u1ea7n, nhi\u1ec1u gi\u00e1 tr\u1ecb<\/strong><\/span><\/em><\/h4>\n<\/blockquote>\n<p data-start=\"2578\" data-end=\"3136\">S\u1ea3n ph\u1ea9m ch\u1ec9 c\u00f3 ba th\u00e0nh ph\u1ea7n: khoai t\u00e2y, d\u1ea7u h\u01b0\u1edbng d\u01b0\u01a1ng v\u00e0 mu\u1ed1i bi\u1ec3n \u2013 t\u1ea5t c\u1ea3 \u0111\u1ec1u \u0111\u01b0\u1ee3c l\u1ef1a ch\u1ecdn k\u1ef9 c\u00e0ng. Kh\u00f4ng ch\u1ee9a ch\u1ea5t b\u1ea3o qu\u1ea3n, kh\u00f4ng ph\u1ea9m m\u00e0u, kh\u00f4ng h\u01b0\u01a1ng li\u1ec7u t\u1ed5ng h\u1ee3p, snack Feria ch\u00fa tr\u1ecdng v\u00e0o \u0111\u1ed9 nguy\u00ean ch\u1ea5t v\u00e0 an to\u00e0n cho ng\u01b0\u1eddi d\u00f9ng. Khoai \u0111\u01b0\u1ee3c c\u1eaft l\u00e1t \u0111\u1ec1u, chi\u00ean \u0111\u1ebfn \u0111\u1ed9 v\u00e0ng \u0111\u1ec1u \u0111\u1eb9p m\u1eaft, kh\u00f4ng b\u1ecb ch\u00e1y, kh\u00f4ng qu\u00e1 ng\u1ea5y. Mu\u1ed1i bi\u1ec3n \u0111\u01b0\u1ee3c s\u1eed d\u1ee5ng \u1edf m\u1ee9c \u0111\u1ed9 r\u1ea5t nh\u1eb9, v\u1eeba \u0111\u1ee7 \u0111\u1ec3 t\u00f4n l\u00ean v\u1ecb b\u00f9i c\u1ee7a khoai m\u00e0 kh\u00f4ng \u00e1t \u0111i v\u1ecb nguy\u00ean b\u1ea3n. \u0110\u00e2y l\u00e0 l\u1ef1a ch\u1ecdn ph\u00f9 h\u1ee3p v\u1edbi c\u1ea3 ng\u01b0\u1eddi l\u1edbn l\u1eabn tr\u1ebb nh\u1ecf, k\u1ec3 c\u1ea3 nh\u1eefng ng\u01b0\u1eddi \u0111ang c\u1ea7n m\u1ed9t m\u00f3n snack \u00edt ph\u1ee9c t\u1ea1p v\u00e0 d\u1ec5 ti\u00eau h\u00f3a.<\/p>\n<p data-start=\"2578\" data-end=\"3136\"><img loading=\"lazy\" decoding=\"async\" class=\"aligncenter wp-image-41096\" src=\"https:\/\/havamall.com\/wp-content\/uploads\/2025\/07\/spiced-up-potato-chips-1601911089.avif\" alt=\"\" width=\"851\" height=\"853\" \/><\/p>\n<p data-start=\"3161\" data-end=\"3513\">N\u1ebfu b\u1ea1n \u0111ang t\u00ecm m\u1ed9t lo\u1ea1i snack gi\u00f2n v\u1eeba \u0111\u1ee7, kh\u00f4ng qu\u00e1 m\u1eb7n, kh\u00f4ng nhi\u1ec1u ph\u1ee5 gia, m\u00e0 v\u1eabn c\u00f3 c\u1ea3m gi\u00e1c nhai vui tai \u2013 th\u00ec\u00a0<strong data-start=\"3280\" data-end=\"3337\">Snack Khoai T\u00e2y Plaza Del Sol Feria Extra Crunchy 40g<\/strong>\u00a0ch\u00ednh l\u00e0 m\u1ed9t l\u1ef1a ch\u1ecdn \u0111\u00e1ng th\u1eed. S\u1ef1 tinh gi\u1ea3n trong th\u00e0nh ph\u1ea7n nh\u01b0ng ch\u1ec9n chu trong h\u01b0\u01a1ng v\u1ecb khi\u1ebfn s\u1ea3n ph\u1ea9m n\u00e0y tr\u1edf th\u00e0nh m\u00f3n \u0103n v\u1eb7t l\u00fd t\u01b0\u1edfng cho m\u1ecdi l\u1ee9a tu\u1ed5i, m\u1ecdi ho\u00e0n c\u1ea3nh.<\/p>\n<p data-start=\"3515\" data-end=\"3537\"><strong data-start=\"3515\" data-end=\"3536\">Mua t\u1ea1i Havamall.<\/strong><\/p>","protected":false},"excerpt":{"rendered":"<p>TH\u00d4NG TIN CHUNG Th\u01b0\u01a1ng hi\u1ec7u Plaza Del Sol Xu\u1ea5t x\u1ee9 \u00a0T\u00e2y Ban Nha Th\u00e0nh ph\u1ea7n Xem tr\u00ean bao b\u00ec H\u1ea1n<\/p>","protected":false},"featured_media":40053,"comment_status":"open","ping_status":"closed","template":"","meta":[],"product_brand":[],"product_cat":[683,133],"product_tag":[],"class_list":{"0":"post-40052","1":"product","2":"type-product","3":"status-publish","4":"has-post-thumbnail","6":"product_cat-nhap-khau-tay-ban-nha","7":"product_cat-banh-keo-chocolate","9":"first","10":"instock","11":"sale","12":"shipping-taxable","13":"purchasable","14":"product-type-simple"},"_links":{"self":[{"href":"https:\/\/havamall.vn\/en\/wp-json\/wp\/v2\/product\/40052"}],"collection":[{"href":"https:\/\/havamall.vn\/en\/wp-json\/wp\/v2\/product"}],"about":[{"href":"https:\/\/havamall.vn\/en\/wp-json\/wp\/v2\/types\/product"}],"replies":[{"embeddable":true,"href":"https:\/\/havamall.vn\/en\/wp-json\/wp\/v2\/comments?post=40052"}],"version-history":[{"count":0,"href":"https:\/\/havamall.vn\/en\/wp-json\/wp\/v2\/product\/40052\/revisions"}],"wp:featuredmedia":[{"embeddable":true,"href":"https:\/\/havamall.vn\/en\/wp-json\/wp\/v2\/media\/40053"}],"wp:attachment":[{"href":"https:\/\/havamall.vn\/en\/wp-json\/wp\/v2\/media?parent=40052"}],"wp:term":[{"taxonomy":"product_brand","embeddable":true,"href":"https:\/\/havamall.vn\/en\/wp-json\/wp\/v2\/product_brand?post=40052"},{"taxonomy":"product_cat","embeddable":true,"href":"https:\/\/havamall.vn\/en\/wp-json\/wp\/v2\/product_cat?post=40052"},{"taxonomy":"product_tag","embeddable":true,"href":"https:\/\/havamall.vn\/en\/wp-json\/wp\/v2\/product_tag?post=40052"}],"curies":[{"name":"wp","href":"https:\/\/api.w.org\/{rel}","templated":true}]}}