{"id":40047,"date":"2025-07-14T10:19:40","date_gmt":"2025-07-14T03:19:40","guid":{"rendered":"https:\/\/havamall.vn\/?post_type=product&#038;p=40047"},"modified":"2025-07-14T10:19:40","modified_gmt":"2025-07-14T03:19:40","slug":"snack-khoai-tay-plaza-del-sol-vi-ot-cay-chanh-115g-potato-chips-chili-and-lime-flavor","status":"publish","type":"product","link":"https:\/\/havamall.vn\/en\/shop\/snack-khoai-tay-plaza-del-sol-vi-ot-cay-chanh-115g-potato-chips-chili-and-lime-flavor\/","title":{"rendered":"Snack Khoai T\u00e2y Plaza Del Sol V\u1ecb \u1edat Cay &amp; Chanh 115g \u2013 Potato Chips Chili and Lime Flavor"},"content":{"rendered":"<blockquote>\n<h2><strong>TH\u00d4NG TIN CHUNG<\/strong><\/h2>\n<\/blockquote>\n<table style=\"width: 65.2026%;height: 186px\">\n<tbody>\n<tr style=\"height: 56px\">\n<td style=\"width: 97px;height: 56px\">Th\u01b0\u01a1ng hi\u1ec7u<\/td>\n<td style=\"width: 607px;height: 56px\">Plaza Del Sol<\/td>\n<\/tr>\n<tr style=\"height: 24px\">\n<td style=\"width: 97px;height: 24px\">Xu\u1ea5t x\u1ee9<\/td>\n<td style=\"width: 607px;height: 24px\">\u00a0T\u00e2y Ban Nha<\/td>\n<\/tr>\n<tr style=\"height: 24px\">\n<td style=\"width: 97px;height: 24px\">Th\u00e0nh ph\u1ea7n<\/td>\n<td style=\"width: 607px;height: 24px\">Xem tr\u00ean bao b\u00ec<\/td>\n<\/tr>\n<tr style=\"height: 24px\">\n<td style=\"width: 97px;height: 24px\">H\u1ea1n s\u1eed d\u1ee5ng<\/td>\n<td style=\"width: 607px;height: 24px\">Xem tren bao b\u00ec<\/td>\n<\/tr>\n<tr style=\"height: 34px\">\n<td style=\"width: 97px;height: 34px\">B\u1ea3o qu\u1ea3n<\/td>\n<td style=\"width: 607px;height: 34px\">B\u1ea3o qu\u1ea3n n\u01a1i kh\u00f4 r\u00e1o, tho\u00e1ng m\u00e1t, tr\u00e1nh \u00e1nh n\u1eafng m\u1eb7t tr\u1eddi.<\/td>\n<\/tr>\n<tr style=\"height: 24px\">\n<td style=\"width: 97px;height: 24px\">Kh\u1ed1i l\u01b0\u1ee3ng<\/td>\n<td style=\"width: 607px;height: 24px\">G\u00f3i 115g<\/td>\n<\/tr>\n<\/tbody>\n<\/table>\n<p>Plaza Del Sol t\u1ef1 h\u00e0o l\u00e0 th\u01b0\u01a1ng hi\u1ec7u \u0111\u1ea1i di\u1ec7n cho tinh hoa \u1ea9m th\u1ef1c T\u00e2y Ban Nha, mang \u0111\u1ebfn nh\u1eefng s\u1ea3n ph\u1ea9m ch\u1ea5t l\u01b0\u1ee3ng cao, \u0111\u1eadm \u0111\u00e0 b\u1ea3n s\u1eafc \u0110\u1ecba Trung H\u1ea3i. V\u1edbi tri\u1ebft l\u00fd &#8220;The Spanish touch&#8221; \u2013 &#8220;Ch\u1ea1m T\u00e2y Ban Nha&#8221;, m\u1ed7i s\u1ea3n ph\u1ea9m c\u1ee7a Plaza Del Sol kh\u00f4ng ch\u1ec9 l\u00e0 m\u1ed9t m\u00f3n \u0103n m\u00e0 c\u00f2n l\u00e0 m\u1ed9t c\u00e2u chuy\u1ec7n v\u1ec1 v\u0103n h\u00f3a, v\u1ec1 s\u1ef1 k\u1ebft h\u1ee3p h\u00e0i h\u00f2a gi\u1eefa truy\u1ec1n th\u1ed1ng v\u00e0 hi\u1ec7n \u0111\u1ea1i. Snack Khoai T\u00e2y Chips v\u1ecb \u1edat Cay &amp; Chanh l\u00e0 m\u1ed9t v\u00ed d\u1ee5 \u0111i\u1ec3n h\u00ecnh cho s\u1ef1 s\u00e1ng t\u1ea1o \u0111\u00f3, k\u1ebft h\u1ee3p gi\u1eefa nguy\u00ean li\u1ec7u quen thu\u1ed9c v\u1edbi phong c\u00e1ch n\u00eam n\u1ebfm \u0111\u1eb7c tr\u01b0ng, t\u1ea1o n\u00ean h\u01b0\u01a1ng v\u1ecb kh\u00f3 qu\u00ean.<\/p>\n<p><img fetchpriority=\"high\" decoding=\"async\" class=\"aligncenter\" src=\"https:\/\/havamall.com\/wp-content\/uploads\/2025\/07\/PLAZA-DEL-SOL_GROUP-Photo.png\" width=\"750\" height=\"388\" \/><\/p>\n<blockquote><p><em><span style=\"font-size: 18pt\"><b>H\u01b0\u01a1ng V\u1ecb \u0110\u1ed9c \u0110\u00e1o \u2013 H\u00f2a Quy\u1ec7n V\u1ecb Cay N\u1ed3ng V\u00e0 Chua Thanh<\/b><\/span><\/em><\/p><\/blockquote>\n<p>\u0110i\u1ec1u l\u00e0m n\u00ean s\u1ef1 \u0111\u1eb7c bi\u1ec7t c\u1ee7a Snack Khoai T\u00e2y Plaza Del Sol ch\u00ednh l\u00e0 s\u1ef1 k\u1ebft h\u1ee3p t\u00e1o b\u1ea1o v\u00e0 tinh t\u1ebf gi\u1eefa v\u1ecb <b>\u1edbt cay n\u1ed3ng<\/b> v\u00e0 <b>chanh t\u01b0\u01a1i m\u00e1t<\/b>. Ngay t\u1eeb mi\u1ebfng c\u1eafn \u0111\u1ea7u ti\u00ean, b\u1ea1n s\u1ebd c\u1ea3m nh\u1eadn \u0111\u01b0\u1ee3c \u0111\u1ed9 gi\u00f2n r\u1ee5m ho\u00e0n h\u1ea3o c\u1ee7a l\u00e1t khoai t\u00e2y t\u01b0\u01a1i ngon. Sau \u0111\u00f3, h\u01b0\u01a1ng v\u1ecb \u1edbt cay nh\u1eb9 nh\u00e0ng lan t\u1ecfa, k\u00edch th\u00edch v\u1ecb gi\u00e1c m\u1ed9t c\u00e1ch v\u1eeba ph\u1ea3i, kh\u00f4ng qu\u00e1 g\u1eaft m\u00e0 l\u1ea1i \u0111\u1ee7 \u0111\u1ec3 t\u1ea1o s\u1ef1 ph\u1ea5n kh\u00edch. Ti\u1ebfp n\u1ed1i l\u00e0 n\u1ed1t h\u01b0\u01a1ng chanh t\u01b0\u01a1i t\u1eafn, chua nh\u1eb9, c\u00e2n b\u1eb1ng l\u1ea1i v\u1ecb cay v\u00e0 mang \u0111\u1ebfn c\u1ea3m gi\u00e1c s\u1ea3ng kho\u00e1i, b\u1eebng t\u1ec9nh. \u0110\u00e2y kh\u00f4ng ch\u1ec9 l\u00e0 s\u1ef1 k\u1ebft h\u1ee3p ng\u1eabu nhi\u00ean m\u00e0 l\u00e0 m\u1ed9t c\u00f4ng th\u1ee9c \u0111\u01b0\u1ee3c t\u00ednh to\u00e1n k\u1ef9 l\u01b0\u1ee1ng, t\u1ea1o n\u00ean m\u1ed9t b\u1ea3n giao h\u01b0\u1edfng h\u01b0\u01a1ng v\u1ecb \u0111\u1ed9c \u0111\u00e1o, v\u1eeba l\u00f4i cu\u1ed1n v\u1eeba d\u1ec5 g\u00e2y nghi\u1ec7n.<\/p>\n<p><img decoding=\"async\" class=\"aligncenter wp-image-41086\" src=\"https:\/\/havamall.com\/wp-content\/uploads\/2025\/07\/cn-1200x676-14-9584.jpg\" alt=\"\" width=\"850\" height=\"479\" \/><\/p>\n<blockquote><p><em><span style=\"font-size: 18pt\"><b>Quy Tr\u00ecnh Ch\u1ebf Bi\u1ebfn \u0110\u1ea3m B\u1ea3o Ch\u1ea5t L\u01b0\u1ee3ng<\/b><\/span><\/em><\/p><\/blockquote>\n<p>Snack Khoai T\u00e2y Plaza Del Sol \u0111\u01b0\u1ee3c s\u1ea3n xu\u1ea5t t\u1eeb nh\u1eefng c\u1ee7 khoai t\u00e2y t\u01b0\u01a1i ngon, tuy\u1ec3n ch\u1ecdn k\u1ef9 l\u01b0\u1ee1ng, sau \u0111\u00f3 \u0111\u01b0\u1ee3c c\u1eaft l\u00e1t m\u1ecfng v\u00e0 chi\u00ean gi\u00f2n theo quy tr\u00ecnh hi\u1ec7n \u0111\u1ea1i. \u0110i\u1ec1u n\u00e0y \u0111\u1ea3m b\u1ea3o m\u1ed7i mi\u1ebfng snack \u0111\u1ea1t \u0111\u01b0\u1ee3c \u0111\u1ed9 gi\u00f2n tan l\u00fd t\u01b0\u1edfng, kh\u00f4ng qu\u00e1 c\u1ee9ng c\u0169ng kh\u00f4ng qu\u00e1 m\u1ec1m. C\u00f4ng ngh\u1ec7 s\u1ea3n xu\u1ea5t ti\u00ean ti\u1ebfn gi\u00fap gi\u1eef l\u1ea1i h\u01b0\u01a1ng v\u1ecb t\u1ef1 nhi\u00ean c\u1ee7a khoai t\u00e2y, \u0111\u1ed3ng th\u1eddi ph\u1ee7 \u0111\u1ec1u gia v\u1ecb \u1edbt cay v\u00e0 chanh, t\u1ea1o n\u00ean m\u1ed9t l\u1edbp \u00e1o h\u01b0\u01a1ng v\u1ecb \u0111\u1ed3ng nh\u1ea5t tr\u00ean t\u1eebng mi\u1ebfng snack. S\u1ea3n ph\u1ea9m \u0111\u01b0\u1ee3c \u0111\u00f3ng g\u00f3i trong t\u00fai 115g ti\u1ec7n l\u1ee3i, d\u1ec5 d\u00e0ng mang theo trong m\u1ecdi chuy\u1ebfn \u0111i, bu\u1ed5i t\u1ee5 t\u1eadp hay nh\u1eefng l\u00fac c\u1ea7n n\u1ea1p n\u0103ng l\u01b0\u1ee3ng nhanh ch\u00f3ng.<\/p>\n<p><img decoding=\"async\" class=\"aligncenter wp-image-41087\" src=\"https:\/\/havamall.com\/wp-content\/uploads\/2025\/07\/cach-lam-snack-khoai-tay-bang-noi-chien-khong-dau-1_b5d8.png\" alt=\"\" width=\"851\" height=\"638\" \/><\/p>\n<blockquote><p><span style=\"font-size: 18pt\"><em><b>L\u1ef1a Ch\u1ecdn L\u00fd T\u01b0\u1edfng Cho M\u1ecdi Kho\u1ea3nh Kh\u1eafc<\/b><\/em><\/span><\/p><\/blockquote>\n<p>Snack Khoai T\u00e2y Plaza Del Sol v\u1ecb \u1edat Cay &amp; Chanh kh\u00f4ng ch\u1ec9 l\u00e0 m\u1ed9t m\u00f3n \u0103n v\u1eb7t th\u00f4ng th\u01b0\u1eddng, m\u00e0 l\u00e0 ng\u01b0\u1eddi b\u1ea1n \u0111\u1ed3ng h\u00e0nh l\u00fd t\u01b0\u1edfng cho nhi\u1ec1u ho\u1ea1t \u0111\u1ed9ng:<\/p>\n<ul>\n<li><b>Bu\u1ed5i chi\u1ebfu phim t\u1ea1i nh\u00e0:<\/b> Th\u00eam ph\u1ea7n k\u1ecbch t\u00ednh cho nh\u1eefng b\u1ed9 phim y\u00eau th\u00edch v\u1edbi h\u01b0\u01a1ng v\u1ecb b\u00f9ng n\u1ed5.<\/li>\n<li><b>T\u1ee5 t\u1eadp b\u1ea1n b\u00e8:<\/b> M\u00f3n khai v\u1ecb tuy\u1ec7t v\u1eddi, k\u00edch th\u00edch v\u1ecb gi\u00e1c v\u00e0 t\u1ea1o kh\u00f4ng kh\u00ed vui v\u1ebb.<\/li>\n<li><b>D\u00e3 ngo\u1ea1i, picnic:<\/b> Nh\u1eb9 g\u1ecdn, d\u1ec5 mang theo v\u00e0 l\u00e0 m\u00f3n \u0103n v\u1eb7t l\u00fd t\u01b0\u1edfng \u0111\u1ec3 chia s\u1ebb.<\/li>\n<li><b>Gi\u1eefa gi\u1edd l\u00e0m vi\u1ec7c hay h\u1ecdc t\u1eadp:<\/b> N\u1ea1p n\u0103ng l\u01b0\u1ee3ng nhanh ch\u00f3ng, \u0111\u00e1nh bay c\u01a1n bu\u1ed3n ng\u1ee7.<\/li>\n<li><b>B\u1eefa ti\u1ec7c nh\u1ecf:<\/b> K\u1ebft h\u1ee3p c\u00f9ng c\u00e1c lo\u1ea1i \u0111\u1ed3 ch\u1ea5m ho\u1eb7c d\u00f9ng tr\u1ef1c ti\u1ebfp \u0111\u1ec1u h\u1ea5p d\u1eabn.<\/li>\n<\/ul>\n<p><img loading=\"lazy\" decoding=\"async\" class=\"aligncenter wp-image-41088\" src=\"https:\/\/havamall.com\/wp-content\/uploads\/2025\/07\/3EZe6m9l-1280.jpg\" alt=\"\" width=\"850\" height=\"478\" \/><\/p>\n<p>V\u1edbi h\u01b0\u01a1ng v\u1ecb \u0111\u1ed9c \u0111\u00e1o, ch\u1ea5t l\u01b0\u1ee3ng \u0111\u1ea3m b\u1ea3o v\u00e0 s\u1ef1 ti\u1ec7n l\u1ee3i t\u1ed1i \u01b0u, Snack Khoai T\u00e2y Plaza Del Sol v\u1ecb \u1edat Cay &amp; Chanh ch\u1eafc ch\u1eafn s\u1ebd tr\u1edf th\u00e0nh m\u00f3n \u0103n v\u1eb7t y\u00eau th\u00edch c\u1ee7a b\u1ea1n v\u00e0 gia \u0111\u00ecnh. S\u1ea3n ph\u1ea9m \u0111ang \u0111\u01b0\u1ee3c b\u00e1n t\u1ea1i Havamall !<\/p>","protected":false},"excerpt":{"rendered":"<p>TH\u00d4NG TIN CHUNG Th\u01b0\u01a1ng hi\u1ec7u Plaza Del Sol Xu\u1ea5t x\u1ee9 \u00a0T\u00e2y Ban Nha Th\u00e0nh ph\u1ea7n Xem tr\u00ean bao b\u00ec H\u1ea1n<\/p>","protected":false},"featured_media":40048,"comment_status":"open","ping_status":"closed","template":"","meta":[],"product_brand":[],"product_cat":[683,133],"product_tag":[],"class_list":{"0":"post-40047","1":"product","2":"type-product","3":"status-publish","4":"has-post-thumbnail","6":"product_cat-nhap-khau-tay-ban-nha","7":"product_cat-banh-keo-chocolate","9":"first","10":"instock","11":"sale","12":"shipping-taxable","13":"purchasable","14":"product-type-simple"},"_links":{"self":[{"href":"https:\/\/havamall.vn\/en\/wp-json\/wp\/v2\/product\/40047"}],"collection":[{"href":"https:\/\/havamall.vn\/en\/wp-json\/wp\/v2\/product"}],"about":[{"href":"https:\/\/havamall.vn\/en\/wp-json\/wp\/v2\/types\/product"}],"replies":[{"embeddable":true,"href":"https:\/\/havamall.vn\/en\/wp-json\/wp\/v2\/comments?post=40047"}],"version-history":[{"count":0,"href":"https:\/\/havamall.vn\/en\/wp-json\/wp\/v2\/product\/40047\/revisions"}],"wp:featuredmedia":[{"embeddable":true,"href":"https:\/\/havamall.vn\/en\/wp-json\/wp\/v2\/media\/40048"}],"wp:attachment":[{"href":"https:\/\/havamall.vn\/en\/wp-json\/wp\/v2\/media?parent=40047"}],"wp:term":[{"taxonomy":"product_brand","embeddable":true,"href":"https:\/\/havamall.vn\/en\/wp-json\/wp\/v2\/product_brand?post=40047"},{"taxonomy":"product_cat","embeddable":true,"href":"https:\/\/havamall.vn\/en\/wp-json\/wp\/v2\/product_cat?post=40047"},{"taxonomy":"product_tag","embeddable":true,"href":"https:\/\/havamall.vn\/en\/wp-json\/wp\/v2\/product_tag?post=40047"}],"curies":[{"name":"wp","href":"https:\/\/api.w.org\/{rel}","templated":true}]}}