{"id":40010,"date":"2025-07-10T15:07:28","date_gmt":"2025-07-10T08:07:28","guid":{"rendered":"https:\/\/havamall.vn\/?post_type=product&#038;p=40010"},"modified":"2025-11-13T14:39:39","modified_gmt":"2025-11-13T07:39:39","slug":"dau-tay-dong-lanh-andros-300g-strawberry-frozen-fruits","status":"publish","type":"product","link":"https:\/\/havamall.vn\/en\/shop\/dau-tay-dong-lanh-andros-300g-strawberry-frozen-fruits\/","title":{"rendered":"D\u00e2u T\u00e2y \u0110\u00f4ng L\u1ea1nh Andros 300g \u2013 Strawberry Frozen Fruits"},"content":{"rendered":"<h2><strong>TH\u00d4NG TIN CHUNG<\/strong><\/h2>\n<div dir=\"auto\">\n<div dir=\"auto\">\n<table>\n<tbody>\n<tr>\n<td>Th\u01b0\u01a1ng hi\u1ec7u<\/td>\n<td>Andros<\/td>\n<\/tr>\n<tr>\n<td>Xu\u1ea5t x\u1ee9 th\u01b0\u01a1ng hi\u1ec7u<\/td>\n<td>Ph\u00e1p<\/td>\n<\/tr>\n<tr>\n<td>H\u1ea1n s\u1eed d\u1ee5ng<\/td>\n<td>12 th\u00e1ng k\u1ec3 t\u1eeb ng\u00e0y s\u1ea3n xu\u1ea5t<\/td>\n<\/tr>\n<tr>\n<td>H\u01b0\u1edbng d\u1eabn b\u1ea3o qu\u1ea3n<\/td>\n<td>B\u1ea3o qu\u1ea3n \u0111\u00f4ng l\u1ea1nh<\/td>\n<\/tr>\n<tr>\n<td>H\u01b0\u1edbng d\u1eabn s\u1eed d\u1ee5ng<\/td>\n<td>D\u00f9ng \u0111\u1ec3 pha ch\u1ebf n\u01b0\u1edbc u\u1ed1ng, l\u00e0m b\u00e1nh, n\u1ea5u \u0103n,\u2026<\/td>\n<\/tr>\n<tr>\n<td>Quy c\u00e1ch \u0111\u00f3ng g\u00f3i<\/td>\n<td>T\u00fai zip 300g<\/td>\n<\/tr>\n<tr>\n<td>Th\u00e0nh ph\u1ea7n<\/td>\n<td>100% d\u00e2u \u0111\u00f4ng l\u1ea1nh<\/td>\n<\/tr>\n<\/tbody>\n<\/table>\n<p data-start=\"287\" data-end=\"837\"><strong>Andros Asia<\/strong> l\u00e0 chi nh\u00e1nh c\u1ee7a t\u1eadp \u0111o\u00e0n Andros \u2013 th\u01b0\u01a1ng hi\u1ec7u th\u1ef1c ph\u1ea9m \u0111\u1ebfn t\u1eeb Ph\u00e1p v\u1edbi h\u01a1n m\u1ed9t th\u1ebf k\u1ef7 ph\u00e1t tri\u1ec3n trong l\u0129nh v\u1ef1c ch\u1ebf bi\u1ebfn tr\u00e1i c\u00e2y. L\u00e0 m\u1ed9t c\u00f4ng ty gia \u0111\u00ecnh c\u00f3 xu\u1ea5t ph\u00e1t \u0111i\u1ec3m t\u1ea1i v\u00f9ng n\u00f4ng th\u00f4n n\u01b0\u1edbc Ph\u00e1p, Andros kh\u00f4ng ng\u1eebng gi\u1eef v\u1eefng nh\u1eefng gi\u00e1 tr\u1ecb truy\u1ec1n th\u1ed1ng, \u0111\u1ed3ng th\u1eddi m\u1edf r\u1ed9ng quy m\u00f4 tr\u1edf th\u00e0nh t\u1eadp \u0111o\u00e0n c\u00f4ng nghi\u1ec7p \u0111a qu\u1ed1c gia.<\/p>\n<p data-start=\"839\" data-end=\"1258\">T\u1ea1i Vi\u1ec7t Nam, Andros Asia t\u1eadp trung ph\u00e1t tri\u1ec3n c\u00e1c s\u1ea3n ph\u1ea9m ch\u1ebf bi\u1ebfn t\u1eeb nguy\u00ean li\u1ec7u \u0111\u1ecba ph\u01b0\u01a1ng, v\u1edbi th\u1ebf m\u1ea1nh n\u1ed5i b\u1eadt trong ng\u00e0nh nguy\u00ean li\u1ec7u d\u00e0nh cho ng\u00e0nh th\u1ee9c u\u1ed1ng v\u00e0 b\u00e1nh ng\u1ecdt. V\u1edbi b\u1ec1 d\u00e0y kinh nghi\u1ec7m trong s\u1ea3n xu\u1ea5t m\u1ee9t v\u00e0 ni\u1ec1m \u0111am m\u00ea t\u1ea1o ra nh\u1eefng s\u1ea3n ph\u1ea9m t\u1eeb tr\u00e1i c\u00e2y ch\u1ea5t l\u01b0\u1ee3ng, Andros mang \u0111\u1ebfn nh\u1eefng d\u00f2ng nguy\u00ean li\u1ec7u \u0111\u1ea1t ti\u00eau chu\u1ea9n qu\u1ed1c t\u1ebf, \u0111\u01b0\u1ee3c ch\u1ebf bi\u1ebfn d\u1ef1a tr\u00ean chuy\u00ean m\u00f4n v\u00e0 b\u00ed quy\u1ebft k\u1ef9 thu\u1eadt truy\u1ec1n th\u1ed1ng Ph\u00e1p.<\/p>\n<p data-start=\"839\" data-end=\"1258\"><img fetchpriority=\"high\" decoding=\"async\" class=\"aligncenter\" src=\"https:\/\/scontent.fsgn19-1.fna.fbcdn.net\/v\/t39.30808-6\/454638958_919170540254393_7461382745511272114_n.png?_nc_cat=111&amp;ccb=1-7&amp;_nc_sid=cc71e4&amp;_nc_ohc=IqpWxa-hEw8Q7kNvwHKnYCU&amp;_nc_oc=AdnI5O9ripQCi-Q-TlcUklsLiVW8Eto1bEC0RKBhAk2SZDi5yZt-HbneU0hvA9ErlvJl9dInyXDIdN-_I54Ps2N9&amp;_nc_zt=23&amp;_nc_ht=scontent.fsgn19-1.fna&amp;_nc_gid=DyqcM-s3B3YaXPA5JfPKVw&amp;oh=00_AfQyOVDAhLE5iCNPS80lsgLMU5MXYkDrh7OL-u05Nc74kw&amp;oe=6875369C\" alt=\"Kh\u00f4ng c\u00f3 m\u00f4 t\u1ea3 \u1ea3nh.\" width=\"850\" height=\"297\" \/><\/p>\n<p data-start=\"1629\" data-end=\"2063\">To\u00e0n b\u1ed9 d\u00e2u t\u00e2y \u0111\u01b0\u1ee3c ch\u1ecdn l\u1ecdc t\u1eeb nh\u1eefng gi\u1ed1ng t\u1ed1t nh\u1ea5t, kh\u00f4ng s\u1eed d\u1ee5ng \u0111\u01b0\u1eddng, ch\u1ea5t t\u1ea1o m\u00e0u, h\u01b0\u01a1ng li\u1ec7u hay ch\u1ea5t b\u1ea3o qu\u1ea3n, \u0111\u1ea3m b\u1ea3o \u0111\u1ed9 an to\u00e0n cho ng\u01b0\u1eddi ti\u00eau d\u00f9ng v\u00e0 gi\u1eef \u0111\u01b0\u1ee3c h\u01b0\u01a1ng v\u1ecb t\u1ef1 nhi\u00ean thu\u1ea7n khi\u1ebft. S\u1ea3n ph\u1ea9m \u0111\u00f3ng g\u00f3i ti\u1ec7n d\u1ee5ng, gi\u00fap ng\u01b0\u1eddi d\u00f9ng d\u1ec5 d\u00e0ng s\u1eed d\u1ee5ng t\u1eebng ph\u1ea7n m\u00e0 kh\u00f4ng c\u1ea7n r\u00e3 \u0111\u00f4ng to\u00e0n b\u1ed9, r\u1ea5t th\u00edch h\u1ee3p \u0111\u1ec3 ch\u1ebf bi\u1ebfn c\u00e1c m\u00f3n sinh t\u1ed1, n\u01b0\u1edbc \u00e9p, m\u1ee9t, b\u00e1nh ng\u1ecdt, s\u1eefa chua ho\u1eb7c c\u00e1c m\u00f3n \u0103n \u00c2u c\u1ea7n s\u1ed1t tr\u00e1i c\u00e2y t\u1ef1 nhi\u00ean.<\/p>\n<p data-start=\"1629\" data-end=\"2063\"><img decoding=\"async\" class=\"aligncenter  wp-image-41051\" src=\"https:\/\/havamall.com\/wp-content\/uploads\/2025\/07\/recipes-how-to-food-storage-safety-how-to-freeze-strawberries-01-88f418b4c7694030a36bfc20d4aa6ba6-scaled.jpg\" alt=\"\" width=\"850\" height=\"567\" \/><\/p>\n<p data-start=\"2065\" data-end=\"2521\">D\u00e2u t\u00e2y kh\u00f4ng ch\u1ec9 n\u1ed5i b\u1eadt v\u1edbi h\u01b0\u01a1ng th\u01a1m h\u1ea5p d\u1eabn v\u00e0 v\u1ecb ng\u1ecdt thanh m\u00e1t m\u00e0 trong d\u00e2u t\u00e2y c\u00f3 ch\u1ee9a l\u01b0\u1ee3ng vitamin C d\u1ed3i d\u00e0o \u2013 m\u1ed9t ch\u1ea5t ch\u1ed1ng oxy h\u00f3a m\u1ea1nh m\u1ebd gi\u00fap t\u0103ng c\u01b0\u1eddng \u0111\u1ec1 kh\u00e1ng v\u00e0 h\u1ed7 tr\u1ee3 c\u01a1 th\u1ec3 ch\u1ed1ng l\u1ea1i c\u00e1c t\u00e1c nh\u00e2n g\u00e2y h\u1ea1i t\u1eeb m\u00f4i tr\u01b0\u1eddng. Ngo\u00e0i ra, d\u00e2u t\u00e2y c\u00f2n gi\u00e0u vitamin B6, niacin, riboflavin, acid folic v\u00e0 pantothenic acid \u2013 c\u00e1c vi ch\u1ea5t thi\u1ebft y\u1ebfu gi\u00fap c\u01a1 th\u1ec3 chuy\u1ec3n h\u00f3a n\u0103ng l\u01b0\u1ee3ng t\u1eeb th\u1ef1c ph\u1ea9m hi\u1ec7u qu\u1ea3 h\u01a1n.<\/p>\n<p data-start=\"2065\" data-end=\"2521\"><img decoding=\"async\" class=\"aligncenter  wp-image-41052\" src=\"https:\/\/havamall.com\/wp-content\/uploads\/2025\/07\/froyo-ingredients.jpg\" alt=\"\" width=\"850\" height=\"1282\" \/><\/p>\n<p data-start=\"2523\" data-end=\"3001\">B\u00ean c\u1ea1nh \u0111\u00f3, d\u00e2u t\u00e2y c\u0169ng ch\u1ee9a c\u00e1c vitamin A, E c\u00f9ng c\u00e1c h\u1ee3p ch\u1ea5t phenolic nh\u01b0 lutein, zeaxanthin v\u00e0 beta-carotene \u2013 nh\u1eefng y\u1ebfu t\u1ed1 gi\u00fap l\u00e0m ch\u1eadm qu\u00e1 tr\u00ecnh l\u00e3o h\u00f3a, b\u1ea3o v\u1ec7 da, c\u1ea3i thi\u1ec7n th\u1ecb l\u1ef1c v\u00e0 ng\u0103n ng\u1eeba nhi\u1ec1u b\u1ec7nh m\u00e3n t\u00ednh. \u0110\u1eb7c bi\u1ec7t, d\u00e2u t\u00e2y cung c\u1ea5p anthocyanin v\u00e0 acid ellagic \u2013 hai h\u1ee3p ch\u1ea5t c\u00f3 kh\u1ea3 n\u0103ng ch\u1ed1ng oxy h\u00f3a m\u1ea1nh, \u0111\u01b0\u1ee3c c\u00e1c nh\u00e0 khoa h\u1ecdc ch\u1ee9ng minh c\u00f3 li\u00ean quan \u0111\u1ebfn vi\u1ec7c gi\u1ea3m t\u1ef7 l\u1ec7 t\u1eed vong do ung th\u01b0 v\u00e0 h\u1ed7 tr\u1ee3 b\u1ea3o v\u1ec7 t\u1ebf b\u00e0o n\u00e3o kh\u1ecfi qu\u00e1 tr\u00ecnh tho\u00e1i h\u00f3a do tu\u1ed5i t\u00e1c.<\/p>\n<p data-start=\"2523\" data-end=\"3001\"><img loading=\"lazy\" decoding=\"async\" class=\"aligncenter  wp-image-41053\" src=\"https:\/\/havamall.com\/wp-content\/uploads\/2025\/07\/11-frozen-strawberries-recipe.jpg\" alt=\"\" width=\"850\" height=\"1275\" \/><\/p>\n<p data-start=\"3450\" data-end=\"3732\"><b>\u0110\u1eb6C \u0110I\u1ec2M N\u1ed4I B\u1eacT<\/b><\/p>\n<p data-start=\"3450\" data-end=\"3732\">\u2013 S\u1eed d\u1ee5ng c\u00f4ng ngh\u1ec7 c\u1ea5p \u0111\u00f4ng si\u00eau t\u1ed1c IQF, gi\u00fap gi\u1eef nguy\u00ean h\u01b0\u01a1ng v\u1ecb v\u00e0 d\u01b0\u1ee1ng ch\u1ea5t c\u1ee7a qu\u1ea3 d\u00e2u t\u01b0\u01a1i.<br data-start=\"3584\" data-end=\"3587\" \/>\u2013 \u0110\u00f3ng g\u00f3i ti\u1ec7n l\u1ee3i, d\u1ec5 b\u1ea3o qu\u1ea3n v\u00e0 d\u00f9ng d\u1ea7n trong th\u1eddi gian d\u00e0i.<br data-start=\"3652\" data-end=\"3655\" \/>\u2013 Kh\u00f4ng ch\u1ea5t b\u1ea3o qu\u1ea3n, kh\u00f4ng h\u01b0\u01a1ng li\u1ec7u, kh\u00f4ng ph\u1ea9m m\u00e0u \u2013 ho\u00e0n to\u00e0n t\u1ef1 nhi\u00ean.<\/p>\n<p data-start=\"3450\" data-end=\"3732\"><img loading=\"lazy\" decoding=\"async\" class=\"aligncenter\" src=\"https:\/\/havamall.com\/wp-content\/uploads\/2025\/07\/Fresh-vs-Frozen-Fruit-1_0.jpg\" alt=\"Frozen fruit vs. fresh fruit in baking | King Arthur Baking\" width=\"851\" height=\"567\" \/><\/p>\n<p data-start=\"3734\" data-end=\"4127\"><b>L\u1ee2I \u00cdCH<\/b><\/p>\n<p data-start=\"3734\" data-end=\"4127\">\u2013 B\u1ea3o v\u1ec7 c\u01a1 th\u1ec3 ch\u1ed1ng l\u1ea1i stress oxy h\u00f3a nh\u1edd h\u00e0m l\u01b0\u1ee3ng anthocyanin v\u00e0 ellagitannin cao.<br data-start=\"3863\" data-end=\"3866\" \/>\u2013 Gi\u00fap t\u0103ng c\u01b0\u1eddng tr\u00ed nh\u1edb, l\u00e0m ch\u1eadm suy gi\u1ea3m ch\u1ee9c n\u0103ng n\u00e3o theo tu\u1ed5i t\u00e1c.<br data-start=\"3939\" data-end=\"3942\" \/>\u2013 H\u1ed7 tr\u1ee3 th\u1ecb l\u1ef1c, l\u00e0m ch\u1eadm l\u00e3o h\u00f3a, gi\u1ea3m vi\u00eam v\u00e0 t\u0103ng kh\u1ea3 n\u0103ng mi\u1ec5n d\u1ecbch.<br data-start=\"4015\" data-end=\"4018\" \/>\u2013 G\u00f3p ph\u1ea7n ph\u00f2ng ch\u1ed1ng vi\u00eam \u0111a kh\u1edbp v\u00e0 ung th\u01b0.<br data-start=\"4065\" data-end=\"4068\" \/>\u2013 H\u1ed7 tr\u1ee3 ti\u00eau h\u00f3a, l\u00e0m \u0111\u1eb9p da v\u00e0 duy tr\u00ec s\u1ee9c kh\u1ecfe t\u1ed5ng th\u1ec3.<\/p>\n<p data-start=\"3734\" data-end=\"4127\"><img loading=\"lazy\" decoding=\"async\" class=\"aligncenter\" src=\"https:\/\/havamall.com\/wp-content\/uploads\/2025\/07\/frozen-strawberries-in-food-processor.jpg\" alt=\"Strawberry Sorbet - Sweet Potato Soul\" width=\"850\" height=\"1063\" \/><\/p>\n<p data-start=\"4129\" data-end=\"4382\"><strong data-start=\"4129\" data-end=\"4157\">D\u00e2u T\u00e2y \u0110\u00f4ng L\u1ea1nh Andros<\/strong>\u00a0hi\u1ec7n \u0111\u00e3 c\u00f3 m\u1eb7t t\u1ea1i\u00a0<strong data-start=\"4177\" data-end=\"4189\">Havamall<\/strong>\u00a0v\u00e0 nhi\u1ec1u \u0111i\u1ec3m b\u00e1n th\u1ef1c ph\u1ea9m s\u1ea1ch uy t\u00edn. N\u1ebfu b\u1ea1n \u0111ang t\u00ecm ki\u1ebfm m\u1ed9t s\u1ea3n ph\u1ea9m v\u1eeba ngon, s\u1ea1ch, ti\u1ec7n d\u1ee5ng l\u1ea1i gi\u00e0u dinh d\u01b0\u1ee1ng \u0111\u1ec3 s\u1eed d\u1ee5ng quanh n\u0103m, \u0111\u00e2y ch\u00ednh l\u00e0 l\u1ef1a ch\u1ecdn ho\u00e0n h\u1ea3o cho m\u1ecdi gian b\u1ebfp.<\/p>\n<\/div>\n<\/div>","protected":false},"excerpt":{"rendered":"<p>TH\u00d4NG TIN CHUNG Th\u01b0\u01a1ng hi\u1ec7u Andros Xu\u1ea5t x\u1ee9 th\u01b0\u01a1ng hi\u1ec7u Ph\u00e1p H\u1ea1n s\u1eed d\u1ee5ng 12 th\u00e1ng k\u1ec3 t\u1eeb ng\u00e0y s\u1ea3n<\/p>","protected":false},"featured_media":40011,"comment_status":"open","ping_status":"closed","template":"","meta":[],"product_brand":[],"product_cat":[671,678],"product_tag":[],"class_list":{"0":"post-40010","1":"product","2":"type-product","3":"status-publish","4":"has-post-thumbnail","6":"product_cat-nhap-khau-phap","7":"product_cat-trai-cay-dong-lanh","9":"first","10":"instock","11":"sale","12":"shipping-taxable","13":"purchasable","14":"product-type-simple"},"_links":{"self":[{"href":"https:\/\/havamall.vn\/en\/wp-json\/wp\/v2\/product\/40010"}],"collection":[{"href":"https:\/\/havamall.vn\/en\/wp-json\/wp\/v2\/product"}],"about":[{"href":"https:\/\/havamall.vn\/en\/wp-json\/wp\/v2\/types\/product"}],"replies":[{"embeddable":true,"href":"https:\/\/havamall.vn\/en\/wp-json\/wp\/v2\/comments?post=40010"}],"version-history":[{"count":0,"href":"https:\/\/havamall.vn\/en\/wp-json\/wp\/v2\/product\/40010\/revisions"}],"wp:featuredmedia":[{"embeddable":true,"href":"https:\/\/havamall.vn\/en\/wp-json\/wp\/v2\/media\/40011"}],"wp:attachment":[{"href":"https:\/\/havamall.vn\/en\/wp-json\/wp\/v2\/media?parent=40010"}],"wp:term":[{"taxonomy":"product_brand","embeddable":true,"href":"https:\/\/havamall.vn\/en\/wp-json\/wp\/v2\/product_brand?post=40010"},{"taxonomy":"product_cat","embeddable":true,"href":"https:\/\/havamall.vn\/en\/wp-json\/wp\/v2\/product_cat?post=40010"},{"taxonomy":"product_tag","embeddable":true,"href":"https:\/\/havamall.vn\/en\/wp-json\/wp\/v2\/product_tag?post=40010"}],"curies":[{"name":"wp","href":"https:\/\/api.w.org\/{rel}","templated":true}]}}