{"id":40005,"date":"2025-07-10T14:47:32","date_gmt":"2025-07-10T07:47:32","guid":{"rendered":"https:\/\/havamall.vn\/?post_type=product&#038;p=40005"},"modified":"2025-11-13T14:40:03","modified_gmt":"2025-11-13T07:40:03","slug":"viet-quat-dong-lanh-andros-300g-blueberry-frozen-fruits","status":"publish","type":"product","link":"https:\/\/havamall.vn\/en\/shop\/viet-quat-dong-lanh-andros-300g-blueberry-frozen-fruits\/","title":{"rendered":"Vi\u1ec7t Qu\u1ea5t \u0110\u00f4ng L\u1ea1nh Andros 300g \u2013 Blueberry Frozen Fruits"},"content":{"rendered":"<h2><strong>TH\u00d4NG TIN CHUNG<\/strong><\/h2>\n<div dir=\"auto\">\n<div dir=\"auto\">\n<table>\n<tbody>\n<tr>\n<td>Th\u01b0\u01a1ng hi\u1ec7u<\/td>\n<td>Andros<\/td>\n<\/tr>\n<tr>\n<td>Xu\u1ea5t x\u1ee9 th\u01b0\u01a1ng hi\u1ec7u<\/td>\n<td>Ph\u00e1p<\/td>\n<\/tr>\n<tr>\n<td>H\u1ea1n s\u1eed d\u1ee5ng<\/td>\n<td>12 th\u00e1ng k\u1ec3 t\u1eeb ng\u00e0y s\u1ea3n xu\u1ea5t<\/td>\n<\/tr>\n<tr>\n<td>H\u01b0\u1edbng d\u1eabn b\u1ea3o qu\u1ea3n<\/td>\n<td>B\u1ea3o qu\u1ea3n \u0111\u00f4ng l\u1ea1nh<\/td>\n<\/tr>\n<tr>\n<td>H\u01b0\u1edbng d\u1eabn s\u1eed d\u1ee5ng<\/td>\n<td>D\u00f9ng \u0111\u1ec3 pha ch\u1ebf n\u01b0\u1edbc u\u1ed1ng, l\u00e0m b\u00e1nh, n\u1ea5u \u0103n,\u2026<\/td>\n<\/tr>\n<tr>\n<td>Quy c\u00e1ch \u0111\u00f3ng g\u00f3i<\/td>\n<td>T\u00fai zip 300g<\/td>\n<\/tr>\n<tr>\n<td>Th\u00e0nh ph\u1ea7n<\/td>\n<td>100% vi\u1ec7t qu\u1ea5t \u0111\u00f4ng l\u1ea1nh<\/td>\n<\/tr>\n<\/tbody>\n<\/table>\n<p data-start=\"285\" data-end=\"784\">L\u00e0 m\u1ed9t trong nh\u1eefng chuy\u00ean gia ch\u1ebf bi\u1ebfn tr\u00e1i c\u00e2y h\u00e0ng \u0111\u1ea7u t\u1ea1i Vi\u1ec7t Nam,\u00a0<strong data-start=\"356\" data-end=\"371\">Andros Asia<\/strong>\u00a0l\u00e0 chi nh\u00e1nh c\u1ee7a t\u1eadp \u0111o\u00e0n Andros \u2013 th\u01b0\u01a1ng hi\u1ec7u th\u1ef1c ph\u1ea9m l\u00e2u \u0111\u1eddi \u0111\u1ebfn t\u1eeb Ph\u00e1p v\u1edbi h\u01a1n 100 n\u0103m ph\u00e1t tri\u1ec3n. Kh\u1edfi ngu\u1ed3n t\u1eeb m\u1ed9t c\u00f4ng ty gia \u0111\u00ecnh v\u00f9ng qu\u00ea Ph\u00e1p, Andros \u0111\u00e3 v\u01b0\u01a1n m\u00ecnh th\u00e0nh t\u1eadp \u0111o\u00e0n c\u00f4ng nghi\u1ec7p \u0111a qu\u1ed1c gia v\u1edbi danh m\u1ee5c s\u1ea3n ph\u1ea9m phong ph\u00fa t\u1eeb tr\u00e1i c\u00e2y ch\u1ebf bi\u1ebfn, b\u00e1nh k\u1eb9o, s\u1ea3n ph\u1ea9m s\u1eefa \u0111\u1ebfn tr\u00e1ng mi\u1ec7ng \u0111\u00f4ng l\u1ea1nh. D\u00f9 \u1edf quy m\u00f4 n\u00e0o, tr\u00e1i c\u00e2y v\u1eabn lu\u00f4n l\u00e0 c\u1ed1t l\u00f5i trong t\u1ea7m nh\u00ecn v\u00e0 cam k\u1ebft ch\u1ea5t l\u01b0\u1ee3ng c\u1ee7a Andros.<\/p>\n<p data-start=\"285\" data-end=\"784\"><img fetchpriority=\"high\" decoding=\"async\" class=\"aligncenter\" src=\"https:\/\/havamall.com\/wp-content\/uploads\/2025\/07\/E-Shop_Category_Photo-09_12.png\" width=\"849\" height=\"398\" \/><\/p>\n<p data-start=\"1281\" data-end=\"1802\"><strong data-start=\"1281\" data-end=\"1316\">Vi\u1ec7t Qu\u1ea5t \u0110\u00f4ng L\u1ea1nh Andros 300g<\/strong>\u00a0l\u00e0 m\u1ed9t trong nh\u1eefng d\u00f2ng s\u1ea3n ph\u1ea9m n\u1ed5i b\u1eadt, s\u1eed d\u1ee5ng c\u00f4ng ngh\u1ec7 c\u1ea5p \u0111\u00f4ng si\u00eau t\u1ed1c IQF (Individual Quick Freezing) \u2013 quy tr\u00ecnh l\u00e0m l\u1ea1nh t\u1eebng qu\u1ea3 ri\u00eang l\u1ebb ngay sau thu ho\u1ea1ch, gi\u00fap gi\u1eef nguy\u00ean h\u00ecnh d\u1ea1ng, m\u00e0u s\u1eafc, k\u1ebft c\u1ea5u v\u00e0 gi\u00e1 tr\u1ecb dinh d\u01b0\u1ee1ng. Qu\u1ea3 vi\u1ec7t qu\u1ea5t \u0111\u01b0\u1ee3c ch\u1ecdn l\u1ecdc t\u1eeb nh\u1eefng gi\u1ed1ng ch\u1ea5t l\u01b0\u1ee3ng cao, kh\u00f4ng ch\u1ee9a \u0111\u01b0\u1eddng, kh\u00f4ng ph\u1ea9m m\u00e0u, kh\u00f4ng h\u01b0\u01a1ng li\u1ec7u t\u1ed5ng h\u1ee3p v\u00e0 ho\u00e0n to\u00e0n kh\u00f4ng c\u00f3 ch\u1ea5t b\u1ea3o qu\u1ea3n. Nh\u1edd \u0111\u00f3, ng\u01b0\u1eddi d\u00f9ng c\u00f3 th\u1ec3 y\u00ean t\u00e2m s\u1eed d\u1ee5ng s\u1ea3n ph\u1ea9m nh\u01b0 tr\u00e1i c\u00e2y t\u01b0\u01a1i m\u1ed7i ng\u00e0y, b\u1ea5t k\u1ec3 m\u00f9a v\u1ee5.<\/p>\n<p data-start=\"1281\" data-end=\"1802\"><img decoding=\"async\" class=\"aligncenter\" src=\"https:\/\/havamall.com\/wp-content\/uploads\/2025\/07\/538704b.jpg\" alt=\"Very Berry Fruits Fresh Frozen Blueberry Price - Buy Online at Best Price  in India\" width=\"850\" height=\"850\" \/><\/p>\n<p data-start=\"1804\" data-end=\"2532\">Kh\u00f4ng ch\u1ec9 c\u00f3 h\u01b0\u01a1ng v\u1ecb th\u01a1m ngon v\u00e0 d\u1ec5 k\u1ebft h\u1ee3p trong nhi\u1ec1u m\u00f3n \u0103n, vi\u1ec7t qu\u1ea5t c\u00f2n l\u00e0 m\u1ed9t \u201csi\u00eau th\u1ef1c ph\u1ea9m\u201d n\u1ed5i b\u1eadt v\u1edbi h\u00e0m l\u01b0\u1ee3ng dinh d\u01b0\u1ee1ng d\u1ed3i d\u00e0o. Qu\u1ea3 vi\u1ec7t qu\u1ea5t ch\u1ee9a nhi\u1ec1u vitamin A v\u00e0 C, kali, s\u1eaft, canxi, k\u1ebdm v\u00e0 \u0111\u1eb7c bi\u1ec7t l\u00e0 ch\u1ea5t x\u01a1 c\u00f9ng ch\u1ea5t ch\u1ed1ng oxy h\u00f3a anthocyanin \u2013 h\u1ee3p ch\u1ea5t mang l\u1ea1i m\u00e0u t\u00edm \u0111\u1eb7c tr\u01b0ng. Theo c\u00e1c nghi\u00ean c\u1ee9u t\u1ea1i \u0110\u1ea1i h\u1ecdc John Hopkins, vi\u1ec7t qu\u1ea5t \u0111\u01b0\u1ee3c c\u1ea5p \u0111\u00f4ng \u0111\u00fang c\u00e1ch s\u1ebd gi\u1eef \u0111\u01b0\u1ee3c h\u00e0m l\u01b0\u1ee3ng dinh d\u01b0\u1ee1ng g\u1ea7n nh\u01b0 nguy\u00ean v\u1eb9n trong nhi\u1ec1u th\u00e1ng. \u0110\u1ed3ng th\u1eddi, nghi\u00ean c\u1ee9u t\u1eeb \u0110\u1ea1i h\u1ecdc Bang Nam Dakota c\u00f2n ch\u1ec9 ra r\u1eb1ng vi\u1ec7c c\u1ea5p \u0111\u00f4ng c\u00f2n gi\u00fap ph\u00e1 v\u1ee1 nh\u1eb9 l\u1edbp v\u1ecf t\u1ebf b\u00e0o, t\u1eeb \u0111\u00f3 c\u01a1 th\u1ec3 d\u1ec5 d\u00e0ng h\u1ea5p th\u1ee5 h\u01a1n c\u00e1c ch\u1ea5t ch\u1ed1ng oxy h\u00f3a nh\u01b0 anthocyanin \u2013 m\u1ed9t y\u1ebfu t\u1ed1 quan tr\u1ecdng trong vi\u1ec7c ph\u00f2ng ng\u1eeba l\u00e3o h\u00f3a, ung th\u01b0 v\u00e0 c\u00e1c b\u1ec7nh m\u00e3n t\u00ednh.<\/p>\n<p data-start=\"1804\" data-end=\"2532\"><img decoding=\"async\" class=\"aligncenter  wp-image-41043\" src=\"https:\/\/havamall.com\/wp-content\/uploads\/2025\/07\/EWL-Frozen-Lemon-Blueberry-Yogurt-Bites-step-1-015_preview_maxWidth_4000_maxHeight_4000_ppi_300_quality_100-1719e947e209409d946df0290ea9e514.jpg\" alt=\"\" width=\"850\" height=\"850\" \/><\/p>\n<p data-start=\"2534\" data-end=\"3178\">Vi\u1ec7t qu\u1ea5t c\u0169ng n\u1ed5i b\u1eadt v\u1edbi lo\u1ea1t l\u1ee3i \u00edch s\u1ee9c kh\u1ecfe \u0111\u00e3 \u0111\u01b0\u1ee3c khoa h\u1ecdc ghi nh\u1eadn. T\u1eeb kh\u1ea3 n\u0103ng trung h\u00f2a c\u00e1c g\u1ed1c t\u1ef1 do, h\u1ed7 tr\u1ee3 c\u1ea3i thi\u1ec7n tr\u00ed nh\u1edb, t\u0103ng c\u01b0\u1eddng th\u1ecb l\u1ef1c \u0111\u1ebfn vi\u1ec7c l\u00e0m gi\u1ea3m cholesterol, b\u1ea3o v\u1ec7 h\u1ec7 tim m\u1ea1ch, ph\u00f2ng ng\u1eeba nhi\u1ec5m tr\u00f9ng \u0111\u01b0\u1eddng ti\u1ebft ni\u1ec7u, h\u1ed7 tr\u1ee3 ti\u00eau h\u00f3a v\u00e0 gi\u1ea3m nguy c\u01a1 t\u00e1o b\u00f3n. Kh\u00f4ng d\u1eebng l\u1ea1i \u1edf \u0111\u00f3, lo\u1ea1i qu\u1ea3 n\u00e0y c\u00f2n c\u00f3 vai tr\u00f2 t\u00edch c\u1ef1c trong vi\u1ec7c gi\u1ea3m m\u1ee1 b\u1ee5ng, l\u00e0m ch\u1eadm qu\u00e1 tr\u00ecnh l\u00e3o h\u00f3a, t\u0103ng c\u01b0\u1eddng h\u1ec7 mi\u1ec5n d\u1ecbch, gi\u1ea3m vi\u00eam nhi\u1ec5m v\u00e0 h\u1ed7 tr\u1ee3 s\u1ee9c kh\u1ecfe l\u00e0n da, m\u00e1i t\u00f3c. \u0110\u1ed1i v\u1edbi ph\u1ee5 n\u1eef, vi\u1ec7t qu\u1ea5t c\u00f2n l\u00e0 l\u1ef1a ch\u1ecdn l\u00fd t\u01b0\u1edfng \u0111\u1ec3 ch\u0103m s\u00f3c c\u01a1 th\u1ec3 trong giai \u0111o\u1ea1n thai k\u1ef3 ho\u1eb7c ti\u1ec1n m\u00e3n kinh, nh\u1edd kh\u1ea3 n\u0103ng t\u0103ng c\u01b0\u1eddng vi ch\u1ea5t v\u00e0 b\u1ea3o v\u1ec7 th\u1ea7n kinh.<\/p>\n<p data-start=\"2534\" data-end=\"3178\"><img loading=\"lazy\" decoding=\"async\" class=\"aligncenter  wp-image-41044\" src=\"https:\/\/havamall.com\/wp-content\/uploads\/2025\/07\/blueberry-avocado-smoothie-72d6d6ce3d5a4483bb242d4b1c5c2f42.jpg\" alt=\"\" width=\"850\" height=\"567\" \/><\/p>\n<p data-start=\"3180\" data-end=\"3718\">H\u01b0\u1edbng d\u1eabn s\u1eed d\u1ee5ng s\u1ea3n ph\u1ea9m v\u00f4 c\u00f9ng linh ho\u1ea1t v\u00e0 ti\u1ec7n l\u1ee3i. Ng\u01b0\u1eddi d\u00f9ng ch\u1ec9 c\u1ea7n l\u1ea5y l\u01b0\u1ee3ng v\u1eeba \u0111\u1ee7 \u0111\u1ec3 r\u00e3 \u0111\u00f4ng \u1edf nhi\u1ec7t \u0111\u1ed9 ph\u00f2ng ho\u1eb7c trong ng\u0103n m\u00e1t t\u1ee7 l\u1ea1nh (1\u20133\u00b0C), sau \u0111\u00f3 d\u00f9ng trong v\u00f2ng 2\u20133 ng\u00e0y. Vi\u1ec7t qu\u1ea5t \u0111\u00f4ng l\u1ea1nh c\u00f3 th\u1ec3 \u0111\u01b0\u1ee3c s\u1eed d\u1ee5ng nh\u01b0 tr\u00e1i c\u00e2y t\u01b0\u01a1i: d\u00f9ng tr\u1ef1c ti\u1ebfp, k\u1ebft h\u1ee3p c\u00f9ng s\u1eefa chua, xay sinh t\u1ed1, l\u00e0m m\u1ee9t, l\u00e0m nh\u00e2n b\u00e1nh, topping ng\u0169 c\u1ed1c ho\u1eb7c d\u00f9ng l\u00e0m n\u01b0\u1edbc s\u1ed1t cho c\u00e1c m\u00f3n \u00c2u \u0111\u1ec1u r\u1ea5t ngon v\u00e0 b\u1ed5 d\u01b0\u1ee1ng. \u01afu \u0111i\u1ec3m v\u01b0\u1ee3t tr\u1ed9i c\u1ee7a s\u1ea3n ph\u1ea9m l\u00e0 c\u00f3 th\u1ec3 b\u1ea3o qu\u1ea3n d\u00e0i h\u1ea1n trong ng\u0103n \u0111\u00f4ng m\u00e0 v\u1eabn gi\u1eef \u0111\u01b0\u1ee3c \u0111\u1ed9 ngon v\u00e0 d\u01b0\u1ee1ng ch\u1ea5t g\u1ea7n nh\u01b0 nguy\u00ean v\u1eb9n.<\/p>\n<p data-start=\"3180\" data-end=\"3718\"><img loading=\"lazy\" decoding=\"async\" class=\"aligncenter  wp-image-41045\" src=\"https:\/\/havamall.com\/wp-content\/uploads\/2025\/07\/blueberry-pie-recipe-featured-image.jpg\" alt=\"\" width=\"850\" height=\"850\" \/><\/p>\n<p data-start=\"3720\" data-end=\"4053\">Hi\u1ec7n nay,\u00a0<strong data-start=\"3730\" data-end=\"3765\">Vi\u1ec7t Qu\u1ea5t \u0110\u00f4ng L\u1ea1nh Andros 300g<\/strong>\u00a0\u0111\u00e3 c\u00f3 m\u1eb7t t\u1ea1i Havamall v\u00e0 nhi\u1ec1u k\u00eanh ph\u00e2n ph\u1ed1i th\u1ef1c ph\u1ea9m ch\u1ea5t l\u01b0\u1ee3ng tr\u00ean to\u00e0n qu\u1ed1c. \u0110\u00e2y l\u00e0 l\u1ef1a ch\u1ecdn kh\u00f4ng th\u1ec3 thi\u1ebfu cho nh\u1eefng ai mu\u1ed1n th\u01b0\u1edfng th\u1ee9c h\u01b0\u01a1ng v\u1ecb tr\u00e1i c\u00e2y t\u01b0\u01a1i ngon m\u1ed7i ng\u00e0y, \u0111\u1ed3ng th\u1eddi ch\u0103m s\u00f3c s\u1ee9c kh\u1ecfe to\u00e0n di\u1ec7n v\u1edbi ngu\u1ed3n dinh d\u01b0\u1ee1ng t\u1eeb thi\u00ean nhi\u00ean m\u1ed9t c\u00e1ch an to\u00e0n v\u00e0 ti\u1ec7n l\u1ee3i.<\/p>\n<\/div>\n<\/div>","protected":false},"excerpt":{"rendered":"<p>TH\u00d4NG TIN CHUNG Th\u01b0\u01a1ng hi\u1ec7u Andros Xu\u1ea5t x\u1ee9 th\u01b0\u01a1ng hi\u1ec7u Ph\u00e1p H\u1ea1n s\u1eed d\u1ee5ng 12 th\u00e1ng k\u1ec3 t\u1eeb ng\u00e0y s\u1ea3n<\/p>","protected":false},"featured_media":40006,"comment_status":"open","ping_status":"closed","template":"","meta":[],"product_brand":[],"product_cat":[671,678],"product_tag":[],"class_list":{"0":"post-40005","1":"product","2":"type-product","3":"status-publish","4":"has-post-thumbnail","6":"product_cat-nhap-khau-phap","7":"product_cat-trai-cay-dong-lanh","9":"first","10":"instock","11":"sale","12":"shipping-taxable","13":"purchasable","14":"product-type-simple"},"_links":{"self":[{"href":"https:\/\/havamall.vn\/en\/wp-json\/wp\/v2\/product\/40005"}],"collection":[{"href":"https:\/\/havamall.vn\/en\/wp-json\/wp\/v2\/product"}],"about":[{"href":"https:\/\/havamall.vn\/en\/wp-json\/wp\/v2\/types\/product"}],"replies":[{"embeddable":true,"href":"https:\/\/havamall.vn\/en\/wp-json\/wp\/v2\/comments?post=40005"}],"version-history":[{"count":0,"href":"https:\/\/havamall.vn\/en\/wp-json\/wp\/v2\/product\/40005\/revisions"}],"wp:featuredmedia":[{"embeddable":true,"href":"https:\/\/havamall.vn\/en\/wp-json\/wp\/v2\/media\/40006"}],"wp:attachment":[{"href":"https:\/\/havamall.vn\/en\/wp-json\/wp\/v2\/media?parent=40005"}],"wp:term":[{"taxonomy":"product_brand","embeddable":true,"href":"https:\/\/havamall.vn\/en\/wp-json\/wp\/v2\/product_brand?post=40005"},{"taxonomy":"product_cat","embeddable":true,"href":"https:\/\/havamall.vn\/en\/wp-json\/wp\/v2\/product_cat?post=40005"},{"taxonomy":"product_tag","embeddable":true,"href":"https:\/\/havamall.vn\/en\/wp-json\/wp\/v2\/product_tag?post=40005"}],"curies":[{"name":"wp","href":"https:\/\/api.w.org\/{rel}","templated":true}]}}