{"id":39985,"date":"2025-07-10T14:05:02","date_gmt":"2025-07-10T07:05:02","guid":{"rendered":"https:\/\/havamall.vn\/?post_type=product&#038;p=39985"},"modified":"2025-11-13T14:40:51","modified_gmt":"2025-11-13T07:40:51","slug":"phuc-bon-tu-dong-lanh-andros-goi-300g-raspberry-frozen-fruits","status":"publish","type":"product","link":"https:\/\/havamall.vn\/en\/shop\/phuc-bon-tu-dong-lanh-andros-goi-300g-raspberry-frozen-fruits\/","title":{"rendered":"Ph\u00fac B\u1ed3n T\u1eed \u0110\u00f4ng L\u1ea1nh Andros G\u00f3i 300g \u2013 Raspberry Frozen Fruits"},"content":{"rendered":"<h2><strong>TH\u00d4NG TIN CHUNG<\/strong><\/h2>\n<div dir=\"auto\">\n<div dir=\"auto\">\n<table style=\"width: 56.4088%;height: 220px\">\n<tbody>\n<tr>\n<td>Th\u01b0\u01a1ng hi\u1ec7u<\/td>\n<td>Andros<\/td>\n<\/tr>\n<tr>\n<td>Xu\u1ea5t x\u1ee9 th\u01b0\u01a1ng hi\u1ec7u<\/td>\n<td>Ph\u00e1p<\/td>\n<\/tr>\n<tr>\n<td>H\u1ea1n s\u1eed d\u1ee5ng<\/td>\n<td>12 th\u00e1ng k\u1ec3 t\u1eeb ng\u00e0y s\u1ea3n xu\u1ea5t<\/td>\n<\/tr>\n<tr>\n<td>H\u01b0\u1edbng d\u1eabn b\u1ea3o qu\u1ea3n<\/td>\n<td>B\u1ea3o qu\u1ea3n \u0111\u00f4ng l\u1ea1nh<\/td>\n<\/tr>\n<tr>\n<td>H\u01b0\u1edbng d\u1eabn s\u1eed d\u1ee5ng<\/td>\n<td>D\u00f9ng \u0111\u1ec3 pha ch\u1ebf n\u01b0\u1edbc u\u1ed1ng, l\u00e0m b\u00e1nh, n\u1ea5u \u0103n,\u2026<\/td>\n<\/tr>\n<tr>\n<td>Quy c\u00e1ch \u0111\u00f3ng g\u00f3i<\/td>\n<td>T\u00fai zip 300g<\/td>\n<\/tr>\n<tr>\n<td>Th\u00e0nh ph\u1ea7n<\/td>\n<td>100% ph\u00fac b\u1ed3n t\u1eed \u0111\u00f4ng l\u1ea1nh<\/td>\n<\/tr>\n<\/tbody>\n<\/table>\n<p data-start=\"932\" data-end=\"1369\"><strong>Andros<\/strong> l\u00e0 m\u1ed9t doanh nghi\u1ec7p gia \u0111\u00ecnh c\u00f3 l\u1ecbch s\u1eed h\u01a1n 100 n\u0103m t\u1ea1i v\u00f9ng qu\u00ea n\u01b0\u1edbc Ph\u00e1p, ph\u00e1t tri\u1ec3n t\u1eeb truy\u1ec1n th\u1ed1ng tr\u1ed3ng v\u00e0 ch\u1ebf bi\u1ebfn tr\u00e1i c\u00e2y, \u0111\u1ebfn nay \u0111\u00e3 tr\u1edf th\u00e0nh t\u1eadp \u0111o\u00e0n th\u1ef1c ph\u1ea9m \u0111a qu\u1ed1c gia v\u1edbi danh m\u1ee5c s\u1ea3n ph\u1ea9m \u0111a d\u1ea1ng bao g\u1ed3m tr\u00e1i c\u00e2y ch\u1ebf bi\u1ebfn, b\u00e1nh k\u1eb9o, s\u1ea3n ph\u1ea9m t\u1eeb s\u1eefa v\u00e0 m\u00f3n tr\u00e1ng mi\u1ec7ng \u0111\u00f4ng l\u1ea1nh. D\u00f9 m\u1edf r\u1ed9ng quy m\u00f4 to\u00e0n c\u1ea7u, Andros v\u1eabn gi\u1eef v\u1eefng cam k\u1ebft v\u1edbi gi\u00e1 tr\u1ecb c\u1ed1t l\u00f5i l\u00e0 ch\u1ea5t l\u01b0\u1ee3ng, s\u1ef1 t\u1ef1 nhi\u00ean v\u00e0 an to\u00e0n trong t\u1eebng s\u1ea3n ph\u1ea9m.<\/p>\n<p data-start=\"932\" data-end=\"1369\"><img fetchpriority=\"high\" decoding=\"async\" class=\"aligncenter wp-image-41034\" src=\"https:\/\/havamall.com\/wp-content\/uploads\/2025\/07\/peach_6948-scaled.jpg\" alt=\"\" width=\"850\" height=\"567\" \/><\/p>\n<p data-start=\"1371\" data-end=\"1839\"><strong>Ph\u00fac B\u1ed3n T\u1eed (Raspberry)<\/strong> l\u00e0 m\u1ed9t trong nh\u1eefng lo\u1ea1i qu\u1ea3 \u0111\u01b0\u1ee3c y\u00eau th\u00edch nh\u1ea5t b\u1edfi v\u1ecb ng\u1ecdt thanh xen l\u1eabn chua nh\u1eb9, m\u00e0u s\u1eafc h\u1ea5p d\u1eabn v\u00e0 gi\u00e1 tr\u1ecb dinh d\u01b0\u1ee1ng cao. V\u1edbi c\u00f4ng ngh\u1ec7 c\u1ea5p \u0111\u00f4ng nhanh <strong>IQF (Individual Quick Freezing)<\/strong>, s\u1ea3n ph\u1ea9m gi\u1eef \u0111\u01b0\u1ee3c h\u00ecnh d\u1ea1ng nguy\u00ean v\u1eb9n, m\u00e0u s\u1eafc t\u01b0\u01a1i s\u00e1ng v\u00e0 \u0111\u1eb7c bi\u1ec7t l\u00e0 <em><strong>kh\u00f4ng d\u00ednh ch\u00f9m<\/strong><\/em>, d\u1ec5 d\u00e0ng s\u1eed d\u1ee5ng theo t\u1eebng ph\u1ea7n nh\u1ecf. \u0110\u01b0\u1ee3c c\u1ea5p \u0111\u00f4ng ngay sau khi thu ho\u1ea1ch \u0111\u1ec3 \u0111\u1ea3m b\u1ea3o gi\u1eef tr\u1ecdn vitamin, kho\u00e1ng ch\u1ea5t v\u00e0 h\u01b0\u01a1ng v\u1ecb t\u1ef1 nhi\u00ean. <strong><em>S\u1ea3n ph\u1ea9m 100% t\u1eeb qu\u1ea3 th\u1eadt<\/em><\/strong>, kh\u00f4ng ch\u1ee9a \u0111\u01b0\u1eddng tinh luy\u1ec7n, kh\u00f4ng ch\u1ea5t b\u1ea3o qu\u1ea3n, kh\u00f4ng ph\u1ea9m m\u00e0u hay h\u01b0\u01a1ng li\u1ec7u nh\u00e2n t\u1ea1o.<\/p>\n<p data-start=\"1371\" data-end=\"1839\"><img decoding=\"async\" class=\"aligncenter\" src=\"https:\/\/havamall.com\/wp-content\/uploads\/2025\/07\/agrophonics-frozen-raspberry.jpg\" width=\"851\" height=\"567\" \/><\/p>\n<p data-start=\"2241\" data-end=\"2801\">Qu\u1ea3 ph\u00fac b\u1ed3n t\u1eed, hay c\u00f2n g\u1ecdi l\u00e0 m\u00e2m x\u00f4i \u0111\u1ecf, ch\u1ee9a nhi\u1ec1u acid h\u1eefu c\u01a1 nh\u01b0 citric, malic, salicylic c\u00f9ng c\u00e1c h\u1ee3p ch\u1ea5t th\u1ef1c v\u1eadt v\u00e0 vitamin qu\u00fd gi\u00e1. Kh\u00f4ng ch\u1ec9 l\u00e0 nguy\u00ean li\u1ec7u trang tr\u00ed cho c\u00e1c m\u00f3n b\u00e1nh, yogurt hay smoothie, ph\u00fac b\u1ed3n t\u1eed c\u00f2n mang l\u1ea1i nhi\u1ec1u l\u1ee3i \u00edch s\u1ee9c kh\u1ecfe n\u1ed5i b\u1eadt. C\u1ee5 th\u1ec3, nh\u1edd l\u01b0\u1ee3ng ch\u1ea5t x\u01a1 cao, qu\u1ea3 c\u00f3 kh\u1ea3 n\u0103ng h\u1ed7 tr\u1ee3 \u1ed5n \u0111\u1ecbnh \u0111\u01b0\u1eddng huy\u1ebft, r\u1ea5t t\u1ed1t cho ng\u01b0\u1eddi m\u1eafc ti\u1ec3u \u0111\u01b0\u1eddng, b\u00ean c\u1ea1nh \u0111\u00f3, h\u00e0m l\u01b0\u1ee3ng l\u1edbn ellagitannin, anthocyanin v\u00e0 vitamin C gi\u00fap t\u0103ng kh\u1ea3 n\u0103ng ch\u1ed1ng oxy h\u00f3a, l\u00e0m ch\u1eadm qu\u00e1 tr\u00ecnh l\u00e3o h\u00f3a, h\u1ed7 tr\u1ee3 ng\u0103n ng\u1eeba ung th\u01b0 v\u00e0 kh\u00e1ng khu\u1ea9n hi\u1ec7u qu\u1ea3.<\/p>\n<p data-start=\"2241\" data-end=\"2801\"><img decoding=\"async\" class=\"aligncenter\" src=\"https:\/\/havamall.com\/wp-content\/uploads\/2025\/07\/Southern-Living-Raspberry_lemonade_3x4_002-1-6a362c988664437c91adf46d87305871.jpg\" width=\"851\" height=\"639\" \/><\/p>\n<p data-start=\"2803\" data-end=\"3382\">\u0110\u1ed1i v\u1edbi s\u1ee9c kh\u1ecfe th\u1ecb l\u1ef1c, ph\u00fac b\u1ed3n t\u1eed cung c\u1ea5p c\u00e1c d\u01b0\u1ee1ng ch\u1ea5t nh\u01b0 carotenoid, vitamin A, C, E v\u00e0 c\u00e1c vi l\u01b0\u1ee3ng kho\u00e1ng nh\u01b0 \u0111\u1ed3ng v\u00e0 k\u1ebdm, gi\u00fap b\u1ea3o v\u1ec7 m\u1eaft kh\u1ecfi tho\u00e1i h\u00f3a \u0111i\u1ec3m v\u00e0ng v\u00e0 t\u0103ng c\u01b0\u1eddng ch\u1ee9c n\u0103ng v\u00f5ng m\u1ea1c. Kh\u00f4ng nh\u1eefng v\u1eady, lo\u1ea1i qu\u1ea3 n\u00e0y c\u00f2n \u0111\u01b0\u1ee3c bi\u1ebft \u0111\u1ebfn v\u1edbi kh\u1ea3 n\u0103ng h\u1ed7 tr\u1ee3 tu\u1ea7n ho\u00e0n m\u00e1u, c\u1ea3i thi\u1ec7n tr\u00ed nh\u1edb, ch\u1ed1ng r\u1ed1i lo\u1ea1n ti\u1ec1n m\u00e3n kinh v\u00e0 t\u0103ng c\u01b0\u1eddng sinh l\u1ef1c. Theo y h\u1ecdc c\u1ed5 truy\u1ec1n, ph\u00fac b\u1ed3n t\u1eed c\u00f2n \u0111\u01b0\u1ee3c xem l\u00e0 v\u1ecb thu\u1ed1c gi\u00fap b\u1ed5 th\u1eadn, t\u0103ng c\u01b0\u1eddng sinh l\u00fd, h\u1ed7 tr\u1ee3 \u0111i\u1ec1u h\u00f2a kinh nguy\u1ec7t \u1edf ph\u1ee5 n\u1eef v\u00e0 gi\u1ea3m r\u1ee5ng t\u00f3c, l\u00e0m \u0111\u1eb9p da, \u0111en t\u00f3c nh\u1edd ch\u1ee9a nhi\u1ec1u flavonoid v\u00e0 vitamin E t\u1ef1 nhi\u00ean.<\/p>\n<p data-start=\"2803\" data-end=\"3382\"><img loading=\"lazy\" decoding=\"async\" class=\"aligncenter\" src=\"https:\/\/havamall.com\/wp-content\/uploads\/2025\/07\/Greek-yogurt-frozen-berries.jpg\" width=\"850\" height=\"1133\" \/><\/p>\n<p data-start=\"3384\" data-end=\"3748\">H\u01b0\u1edbng d\u1eabn s\u1eed d\u1ee5ng v\u00f4 c\u00f9ng linh ho\u1ea1t. B\u1ea1n c\u00f3 th\u1ec3 r\u00e3 \u0111\u00f4ng nh\u1eb9 \u1edf ng\u0103n m\u00e1t t\u1ee7 l\u1ea1nh t\u1eeb 1\u20133\u00b0C v\u00e0 d\u00f9ng d\u1ea7n trong 2\u20133 ng\u00e0y. Tr\u00e1i c\u00e2y sau khi r\u00e3 \u0111\u00f4ng c\u00f3 th\u1ec3 \u0103n tr\u1ef1c ti\u1ebfp ho\u1eb7c d\u00f9ng \u0111\u1ec3 ch\u1ebf bi\u1ebfn m\u00f3n ng\u1ecdt nh\u01b0 sinh t\u1ed1, m\u1ee9t, b\u00e1nh, n\u01b0\u1edbc s\u1ed1t ho\u1eb7c k\u1ebft h\u1ee3p c\u00f9ng s\u1eefa chua, salad hay \u0111\u1ed3 u\u1ed1ng gi\u1ea3i kh\u00e1t. L\u01b0u \u00fd kh\u00f4ng t\u00e1i c\u1ea5p \u0111\u00f4ng sau khi \u0111\u00e3 r\u00e3 \u0111\u1ec3 \u0111\u1ea3m b\u1ea3o ch\u1ea5t l\u01b0\u1ee3ng v\u00e0 an to\u00e0n th\u1ef1c ph\u1ea9m.<\/p>\n<p data-start=\"3384\" data-end=\"3748\"><img loading=\"lazy\" decoding=\"async\" class=\"aligncenter wp-image-41035\" src=\"https:\/\/havamall.com\/wp-content\/uploads\/2025\/07\/DSC_1076.jpg\" alt=\"\" width=\"850\" height=\"545\" \/><\/p>\n<p data-start=\"3750\" data-end=\"3955\">S\u1ea3n ph\u1ea9m \u0111\u01b0\u1ee3c \u0111\u00f3ng t\u00fai 300g nh\u1ecf g\u1ecdn, th\u00edch h\u1ee3p cho c\u1ea3 h\u1ed9 gia \u0111\u00ecnh v\u00e0 ng\u01b0\u1eddi ti\u00eau d\u00f9ng c\u00e1 nh\u00e2n. Ph\u00fac B\u1ed3n T\u1eed \u0110\u00f4ng L\u1ea1nh Andros hi\u1ec7n \u0111\u00e3 c\u00f3 m\u1eb7t t\u1ea1i Havamall v\u00e0 nhi\u1ec1u k\u00eanh ph\u00e2n ph\u1ed1i th\u1ef1c ph\u1ea9m s\u1ea1ch tr\u00ean to\u00e0n qu\u1ed1c.<\/p>\n<\/div>\n<\/div>","protected":false},"excerpt":{"rendered":"<p>TH\u00d4NG TIN CHUNG Th\u01b0\u01a1ng hi\u1ec7u Andros Xu\u1ea5t x\u1ee9 th\u01b0\u01a1ng hi\u1ec7u Ph\u00e1p H\u1ea1n s\u1eed d\u1ee5ng 12 th\u00e1ng k\u1ec3 t\u1eeb ng\u00e0y s\u1ea3n<\/p>","protected":false},"featured_media":39996,"comment_status":"open","ping_status":"closed","template":"","meta":[],"product_brand":[],"product_cat":[671,678],"product_tag":[],"class_list":{"0":"post-39985","1":"product","2":"type-product","3":"status-publish","4":"has-post-thumbnail","6":"product_cat-nhap-khau-phap","7":"product_cat-trai-cay-dong-lanh","9":"first","10":"instock","11":"sale","12":"shipping-taxable","13":"purchasable","14":"product-type-simple"},"_links":{"self":[{"href":"https:\/\/havamall.vn\/en\/wp-json\/wp\/v2\/product\/39985"}],"collection":[{"href":"https:\/\/havamall.vn\/en\/wp-json\/wp\/v2\/product"}],"about":[{"href":"https:\/\/havamall.vn\/en\/wp-json\/wp\/v2\/types\/product"}],"replies":[{"embeddable":true,"href":"https:\/\/havamall.vn\/en\/wp-json\/wp\/v2\/comments?post=39985"}],"version-history":[{"count":0,"href":"https:\/\/havamall.vn\/en\/wp-json\/wp\/v2\/product\/39985\/revisions"}],"wp:featuredmedia":[{"embeddable":true,"href":"https:\/\/havamall.vn\/en\/wp-json\/wp\/v2\/media\/39996"}],"wp:attachment":[{"href":"https:\/\/havamall.vn\/en\/wp-json\/wp\/v2\/media?parent=39985"}],"wp:term":[{"taxonomy":"product_brand","embeddable":true,"href":"https:\/\/havamall.vn\/en\/wp-json\/wp\/v2\/product_brand?post=39985"},{"taxonomy":"product_cat","embeddable":true,"href":"https:\/\/havamall.vn\/en\/wp-json\/wp\/v2\/product_cat?post=39985"},{"taxonomy":"product_tag","embeddable":true,"href":"https:\/\/havamall.vn\/en\/wp-json\/wp\/v2\/product_tag?post=39985"}],"curies":[{"name":"wp","href":"https:\/\/api.w.org\/{rel}","templated":true}]}}