{"id":39980,"date":"2025-07-10T11:34:15","date_gmt":"2025-07-10T04:34:15","guid":{"rendered":"https:\/\/havamall.vn\/?post_type=product&#038;p=39980"},"modified":"2025-10-14T14:54:17","modified_gmt":"2025-10-14T07:54:17","slug":"pho-mai-que-emborg-goi-84g-4-thanh-x-21g-mild-creamy-cheese-strips","status":"publish","type":"product","link":"https:\/\/havamall.vn\/en\/shop\/pho-mai-que-emborg-goi-84g-4-thanh-x-21g-mild-creamy-cheese-strips\/","title":{"rendered":"Ph\u00f4 Mai Que Emborg G\u00f3i 84g (4 Thanh x 21g) \u2013 Mild &amp; Creamy Cheese Strips"},"content":{"rendered":"<h2 class=\"product-detail__specs-title\"><strong>TH\u00d4NG TIN CHUNG<\/strong><\/h2>\n<div id=\"js-product-detail__specs\" class=\"product-detail__specs\">\n<div class=\"row\">\n<div class=\"col-sm-12\">\n<div class=\"product-specs__table\">\n<table style=\"width: 45.3333%;height: 180px\">\n<tbody>\n<tr>\n<td class=\"specs-table__property\">Th\u01b0\u01a1ng hi\u1ec7u<\/td>\n<td class=\"specs-table__value\">Emborg<\/td>\n<\/tr>\n<tr>\n<td class=\"specs-table__property\">Xu\u1ea5t x\u1ee9<\/td>\n<td class=\"specs-table__value\">Ch\u00e2u \u00c2u<\/td>\n<\/tr>\n<tr>\n<td class=\"specs-table__property\">H\u1ea1n s\u1eed d\u1ee5ng<\/td>\n<td class=\"specs-table__value\">Xem tr\u00ean bao b\u00ec<\/td>\n<\/tr>\n<tr>\n<td class=\"specs-table__property\">H\u01b0\u1edbng d\u1eabn b\u1ea3o qu\u1ea3n<\/td>\n<td class=\"specs-table__value\">\u00a0Gi\u1eef trong ng\u0103n m\u00e1t t\u1ee7 l\u1ea1nh, \u1edf nhi\u1ec7t \u0111\u1ed9 t\u1eeb <b>2\u00b0C \u0111\u1ebfn 8\u00b0C<\/b>.<\/td>\n<\/tr>\n<tr>\n<td class=\"specs-table__property\">Th\u00e0nh ph\u1ea7n nguy\u00ean li\u1ec7u<\/td>\n<td class=\"specs-table__value\">\n<div id=\"ingredients\" class=\"data item content resp-tab-content d-block\" role=\"tabpanel\" data-role=\"content\" aria-labelledby=\"tab-label-ingredients\" aria-hidden=\"true\">\n<div class=\"product attribute ingredients\">\n<div class=\"value\">Xem tr\u00ean bao b\u00ec<\/div>\n<\/div>\n<\/div>\n<\/td>\n<\/tr>\n<tr>\n<td class=\"specs-table__property\">Kh\u1ed1i l\u01b0\u1ee3ng<\/td>\n<td class=\"specs-table__value\">84g (4 Thanh x 21g)<\/td>\n<\/tr>\n<\/tbody>\n<\/table>\n<p data-start=\"121\" data-end=\"158\"><span class=\"relative -mx-px my-[-0.2rem] rounded px-px py-[0.2rem] transition-colors duration-100 ease-in-out\">Trong s\u1ed1 c\u00e1c l\u1ef1a ch\u1ecdn snack l\u00e0nh m\u1ea1nh v\u00e0 ti\u1ec7n l\u1ee3i hi\u1ec7n nay, ph\u00f4 mai que lu\u00f4n c\u00f3 s\u1ee9c h\u00fat b\u1ec1n v\u1eefng b\u1edfi s\u1ef1 k\u1ebft h\u1ee3p gi\u1eefa h\u01b0\u01a1ng v\u1ecb \u0111\u1eb7c tr\u01b0ng v\u00e0 kh\u1ea3 n\u0103ng cung c\u1ea5p dinh d\u01b0\u1ee1ng. Gi\u1eefa v\u00f4 v\u00e0n s\u1ea3n ph\u1ea9m tr\u00ean th\u1ecb tr\u01b0\u1eddng,\u00a0<strong data-start=\"207\" data-end=\"264\">Ph\u00f4 Mai Que Emborg Mild &amp; Creamy Cheese Strips (84\u202fg)<\/strong>\u00a0n\u1ed5i b\u1eadt nh\u1edd ngu\u1ed3n g\u1ed1c ch\u00e2u \u00c2u, h\u01b0\u01a1ng v\u1ecb d\u1ecbu nh\u1eb9, d\u1ec5 \u0103n, c\u00f9ng thi\u1ebft k\u1ebf ti\u1ec7n l\u1ee3i cho c\u1ea3 gia \u0111\u00ecnh.<\/span><\/p>\n<p data-start=\"121\" data-end=\"158\"><img fetchpriority=\"high\" decoding=\"async\" class=\"aligncenter wp-image-41024\" src=\"https:\/\/havamall.com\/wp-content\/uploads\/2025\/07\/489886488_18364954543121086_2216063410196049679_n.png\" alt=\"\" width=\"850\" height=\"1063\" \/><\/p>\n<p data-start=\"160\" data-end=\"236\"><span class=\"relative -mx-px my-[-0.2rem] rounded px-px py-[0.2rem] transition-colors duration-100 ease-in-out\"><strong>Emborg<\/strong> l\u00e0 th\u01b0\u01a1ng hi\u1ec7u ph\u00f4 mai \u0110an M\u1ea1ch danh ti\u1ebfng, n\u1ed5i ti\u1ebfng v\u1edbi c\u00e1c s\u1ea3n ph\u1ea9m b\u01a1, ph\u00f4 mai cao c\u1ea5p xu\u1ea5t kh\u1ea9u tr\u00ean to\u00e0n th\u1ebf gi\u1edbi. M\u1eabu\u00a0<strong data-start=\"132\" data-end=\"154\">Cheese Strips 84\u202fg<\/strong> bao g\u1ed3m 4 thanh nh\u1ecf, m\u1ed7i thanh 21\u202fg, \u0111\u01b0\u1ee3c b\u1ecdc k\u00edn ri\u00eang bi\u1ec7t, d\u1ec5 d\u00e0ng mang theo v\u00e0 th\u01b0\u1edfng th\u1ee9c \u1edf b\u1ea5t c\u1ee9 \u0111\u00e2u. S\u1ea3n ph\u1ea9m \u0111\u01b0\u1ee3c s\u1ea3n xu\u1ea5t t\u1ea1i ch\u00e2u \u00c2u, r\u00f5 r\u00e0ng t\u1eeb kh\u00e2u nguy\u00ean li\u1ec7u \u0111\u1ebfn quy tr\u00ecnh chu\u1ea9n, \u0111\u1ea3m b\u1ea3o an to\u00e0n th\u1ef1c ph\u1ea9m v\u00e0 \u1ed5n \u0111\u1ecbnh ch\u1ea5t l\u01b0\u1ee3ng.<\/span><\/p>\n<p data-start=\"160\" data-end=\"236\"><img decoding=\"async\" class=\"aligncenter wp-image-41025\" src=\"https:\/\/havamall.com\/wp-content\/uploads\/2025\/07\/489886488_18364954543121086_2216063410196049679_n-1.png\" alt=\"\" width=\"850\" height=\"1062\" \/><\/p>\n<p data-start=\"238\" data-end=\"352\"><span class=\"relative -mx-px my-[-0.2rem] rounded px-px py-[0.2rem] transition-colors duration-100 ease-in-out\"><strong>Ph\u00f4 mai que Emborg<\/strong> thu\u1ed9c lo\u1ea1i cheddar xu h\u01b0\u1edbng nh\u1eb9 (Mild &amp; Creamy), d\u00f9ng <strong>ph\u00f4 mai cheddar m\u1ec1m<\/strong> k\u1ebft h\u1ee3p c\u00f9ng th\u00e0nh ph\u1ea7n nh\u0169 h\u00f3a gi\u00fap \u0111\u1ecbnh h\u00ecnh que ti\u1ec7n \u0103n, kh\u00f4ng ch\u1ec9 th\u01a1m ngon m\u00e0 c\u00f2n l\u00e0 ngu\u1ed3n cung c\u1ea5p canxi v\u00e0 protein h\u1eefu \u00edch cho s\u1ee9c kh\u1ecfe. T<\/span><span class=\"relative -mx-px my-[-0.2rem] rounded px-px py-[0.2rem] transition-colors duration-100 ease-in-out\">hi\u1ebft k\u1ebf bao b\u00ec c\u1ee7a s\u1ea3n ph\u1ea9m \u0111\u01b0\u1ee3c t\u1ed1i \u01b0u h\u00f3a cho s\u1ef1 ti\u1ec7n l\u1ee3i., m\u1ed7i thanh ph\u00f4 mai \u0111\u01b0\u1ee3c b\u1ecdc m\u00e0ng ri\u00eang, \u0111\u1ea3m b\u1ea3o v\u1ec7 sinh, gi\u1eef form ph\u00f4 mai th\u1eb3ng \u0111\u1eb9p v\u00e0 d\u1ec5 b\u1ea3o qu\u1ea3n, c\u00f3 th\u1ec3 c\u1ea5t g\u00f3i ph\u00f4 mai v\u00e0o t\u00fai \u0111i l\u00e0m, balo \u0111i h\u1ecdc ho\u1eb7c l\u00e0m \u0111\u1ed3 \u0103n nhanh sau bu\u1ed5i t\u1eadp gym.<\/span><\/p>\n<p data-start=\"238\" data-end=\"352\"><img decoding=\"async\" class=\"aligncenter wp-image-41027\" src=\"https:\/\/havamall.com\/wp-content\/uploads\/2025\/07\/GettyImages-1165982957-18d6a9c58a7144f793cba1a02ad47d84.jpg\" alt=\"\" width=\"857\" height=\"571\" \/><\/p>\n<p data-start=\"592\" data-end=\"631\"><span class=\"relative -mx-px my-[-0.2rem] rounded px-px py-[0.2rem] transition-colors duration-100 ease-in-out\">V\u1ec1 h\u01b0\u01a1ng v\u1ecb, ph\u00f4 mai que Emborg mang <strong>v\u1ecb cheddar nh\u1eb9, m\u1ec1m m\u1ecbn<\/strong> v\u00e0 d\u1ec5 d\u00f9ng. Ng\u01b0\u1eddi d\u00f9ng <strong>kh\u00f4ng c\u1ea7n \u0111un n\u1ea5u<\/strong>, ph\u00f4 mai \u0111\u00e3 <strong>ch\u00edn s\u1eb5n v\u00e0 c\u00f3 c\u1ea5u tr\u00fac \u201cd\u1ec5 k\u00e9o s\u1ee3i\u201d<\/strong> nh\u01b0 nhi\u1ec1u lo\u1ea1i string cheese truy\u1ec1n th\u1ed1ng. <\/span><span class=\"relative -mx-px my-[-0.2rem] rounded px-px py-[0.2rem] transition-colors duration-100 ease-in-out\">Kh\u00f4ng ch\u1ec9 d\u00f9ng tr\u1ef1c ti\u1ebfp, ph\u00f4 mai que Emborg c\u00f2n th\u00edch h\u1ee3p l\u00e0m<strong> topping salad, k\u1eb9p b\u00e1nh m\u00ec, ho\u1eb7c \u0103n k\u00e8m tr\u00e1i c\u00e2y<\/strong>.<\/span><\/p>\n<p><img loading=\"lazy\" decoding=\"async\" class=\"wp-image-41026 aligncenter\" src=\"https:\/\/havamall.com\/wp-content\/uploads\/2025\/07\/l-intro-1719959501.jpg\" alt=\"\" width=\"851\" height=\"479\" \/><\/p>\n<p data-start=\"715\" data-end=\"999\">V\u1edbi nh\u1eefng gia \u0111\u00ecnh t\u00ecm ki\u1ebfm snack l\u00e0nh m\u1ea1nh, d\u1ec5 \u0103n cho b\u00e9, ph\u00f4 mai que <strong>Emborg<\/strong> l\u00e0 l\u1ef1a ch\u1ecdn \u0111\u00e1ng c\u00e2n nh\u1eafc v\u00ec t\u00ednh ti\u1ec7n l\u1ee3i v\u00e0 dinh d\u01b0\u1ee1ng. V\u1edbi ng\u01b0\u1eddi l\u1edbn, \u0111\u00e2y c\u0169ng l\u00e0 gi\u1ea3i ph\u00e1p l\u00fd t\u01b0\u1edfng khi c\u1ea7n b\u1eefa ph\u1ee5 nhanh g\u1ecdn, cung c\u1ea5p \u0111\u1ea1m v\u00e0 canxi, nh\u1ea5t l\u00e0 trong ch\u1ebf \u0111\u1ed9 \u0103n c\u00e2n b\u1eb1ng ho\u1eb7c gi\u1ea3m tinh b\u1ed9t. \u0110\u01b0\u1ee3c s\u1ea3n xu\u1ea5t t\u1ea1i ch\u00e2u \u00c2u theo ti\u00eau chu\u1ea9n kh\u1eaft khe, s\u1ea3n ph\u1ea9m \u0111\u00e3 c\u00f3 m\u1eb7t t\u1ea1i <strong>Havamall<\/strong>.<\/p>\n<\/div>\n<\/div>\n<\/div>\n<\/div>\n","protected":false},"excerpt":{"rendered":"<p>TH\u00d4NG TIN CHUNG Th\u01b0\u01a1ng hi\u1ec7u Emborg Xu\u1ea5t x\u1ee9 Ch\u00e2u \u00c2u H\u1ea1n s\u1eed d\u1ee5ng Xem tr\u00ean bao b\u00ec H\u01b0\u1edbng d\u1eabn b\u1ea3o<\/p>","protected":false},"featured_media":39981,"comment_status":"open","ping_status":"closed","template":"","meta":[],"product_brand":[],"product_cat":[677,275],"product_tag":[],"class_list":{"0":"post-39980","1":"product","2":"type-product","3":"status-publish","4":"has-post-thumbnail","6":"product_cat-cac-nuoc-khac","7":"product_cat-thuc-pham-dong-lanh","9":"first","10":"instock","11":"sale","12":"shipping-taxable","13":"purchasable","14":"product-type-simple"},"_links":{"self":[{"href":"https:\/\/havamall.vn\/en\/wp-json\/wp\/v2\/product\/39980"}],"collection":[{"href":"https:\/\/havamall.vn\/en\/wp-json\/wp\/v2\/product"}],"about":[{"href":"https:\/\/havamall.vn\/en\/wp-json\/wp\/v2\/types\/product"}],"replies":[{"embeddable":true,"href":"https:\/\/havamall.vn\/en\/wp-json\/wp\/v2\/comments?post=39980"}],"version-history":[{"count":0,"href":"https:\/\/havamall.vn\/en\/wp-json\/wp\/v2\/product\/39980\/revisions"}],"wp:featuredmedia":[{"embeddable":true,"href":"https:\/\/havamall.vn\/en\/wp-json\/wp\/v2\/media\/39981"}],"wp:attachment":[{"href":"https:\/\/havamall.vn\/en\/wp-json\/wp\/v2\/media?parent=39980"}],"wp:term":[{"taxonomy":"product_brand","embeddable":true,"href":"https:\/\/havamall.vn\/en\/wp-json\/wp\/v2\/product_brand?post=39980"},{"taxonomy":"product_cat","embeddable":true,"href":"https:\/\/havamall.vn\/en\/wp-json\/wp\/v2\/product_cat?post=39980"},{"taxonomy":"product_tag","embeddable":true,"href":"https:\/\/havamall.vn\/en\/wp-json\/wp\/v2\/product_tag?post=39980"}],"curies":[{"name":"wp","href":"https:\/\/api.w.org\/{rel}","templated":true}]}}