{"id":39959,"date":"2025-07-09T16:54:06","date_gmt":"2025-07-09T09:54:06","guid":{"rendered":"https:\/\/havamall.vn\/?post_type=product&#038;p=39959"},"modified":"2025-07-09T16:56:06","modified_gmt":"2025-07-09T09:56:06","slug":"duong-mia-huu-co-wangkanai-hu-220g-organic-cane-sugar","status":"publish","type":"product","link":"https:\/\/havamall.vn\/en\/shop\/duong-mia-huu-co-wangkanai-hu-220g-organic-cane-sugar\/","title":{"rendered":"\u0110\u01b0\u1eddng M\u00eda H\u1eefu C\u01a1 Wangkanai H\u0169 220g \u2013 Organic Cane Sugar"},"content":{"rendered":"<h2 class=\"product-detail__specs-title\"><strong>TH\u00d4NG TIN CHUNG<\/strong><\/h2>\n<div id=\"js-product-detail__specs\" class=\"product-detail__specs\">\n<div class=\"row\">\n<div class=\"col-sm-12\">\n<div class=\"product-specs__table\">\n<table>\n<tbody>\n<tr>\n<td class=\"specs-table__property\">Th\u01b0\u01a1ng hi\u1ec7u<\/td>\n<td class=\"specs-table__value\"><strong data-start=\"692\" data-end=\"722\">Wangkanai<\/strong><\/td>\n<\/tr>\n<tr>\n<td class=\"specs-table__property\">Xu\u1ea5t x\u1ee9<\/td>\n<td class=\"specs-table__value\">Th\u00e1i Lan<\/td>\n<\/tr>\n<tr>\n<td class=\"specs-table__property\">H\u1ea1n s\u1eed d\u1ee5ng<\/td>\n<td class=\"specs-table__value\">Xem tr\u00ean bao b\u00ec<\/td>\n<\/tr>\n<tr>\n<td class=\"specs-table__property\">H\u01b0\u1edbng d\u1eabn s\u1eed d\u1ee5ng<\/td>\n<td class=\"specs-table__value\">S\u1eed d\u1ee5ng tr\u1ef1c ti\u1ebfp ho\u1eb7c ch\u1ebf bi\u1ebfn m\u00f3n \u0103n<\/td>\n<\/tr>\n<tr>\n<td class=\"specs-table__property\">H\u01b0\u1edbng d\u1eabn b\u1ea3o qu\u1ea3n<\/td>\n<td class=\"specs-table__value\">N\u01a1i kh\u00f4 r\u00e1o, tho\u00e1ng m\u00e1t, tr\u00e1nh \u00e1nh n\u1eafng tr\u1ef1c ti\u1ebfp<\/td>\n<\/tr>\n<tr>\n<td class=\"specs-table__property\">Th\u00e0nh ph\u1ea7n nguy\u00ean li\u1ec7u<\/td>\n<td class=\"specs-table__value\">\n<div id=\"ingredients\" class=\"data item content resp-tab-content d-block\" role=\"tabpanel\" data-role=\"content\" aria-labelledby=\"tab-label-ingredients\" aria-hidden=\"true\">\n<div class=\"product attribute ingredients\">\n<div class=\"value\">Xem tr\u00ean bao b\u00ec<\/div>\n<\/div>\n<\/div>\n<\/td>\n<\/tr>\n<tr>\n<td class=\"specs-table__property\">Kh\u1ed1i l\u01b0\u1ee3ng<\/td>\n<td class=\"specs-table__value\">220g<\/td>\n<\/tr>\n<\/tbody>\n<\/table>\n<p>Trong h\u00e0nh tr\u00ecnh h\u01b0\u1edbng \u0111\u1ebfn m\u1ed9t l\u1ed1i s\u1ed1ng l\u00e0nh m\u1ea1nh v\u00e0 b\u1ec1n v\u1eefng, ng\u01b0\u1eddi ti\u00eau d\u00f9ng hi\u1ec7n \u0111\u1ea1i kh\u00f4ng ch\u1ec9 quan t\u00e2m \u0111\u1ebfn h\u01b0\u01a1ng v\u1ecb m\u00e0 c\u00f2n \u0111\u1eb7c bi\u1ec7t ch\u00fa tr\u1ecdng \u0111\u1ebfn ngu\u1ed3n g\u1ed1c v\u00e0 c\u00e1ch s\u1ea3n xu\u1ea5t th\u1ef1c ph\u1ea9m. V\u1edbi nh\u1eefng ai y\u00eau th\u00edch n\u1ea5u \u0103n v\u00e0 quan t\u00e2m \u0111\u1ebfn s\u1ee9c kh\u1ecfe, vi\u1ec7c l\u1ef1a ch\u1ecdn lo\u1ea1i \u0111\u01b0\u1eddng s\u1eed d\u1ee5ng m\u1ed7i ng\u00e0y \u0111\u00e3 tr\u1edf th\u00e0nh m\u1ed9t quy\u1ebft \u0111\u1ecbnh kh\u00f4ng th\u1ec3 xem nh\u1eb9. Trong v\u00f4 v\u00e0n l\u1ef1a ch\u1ecdn tr\u00ean th\u1ecb tr\u01b0\u1eddng,\u00a0<strong data-start=\"692\" data-end=\"722\">\u0110\u01b0\u1eddng M\u00eda H\u1eefu C\u01a1 Wangkanai<\/strong>\u00a0n\u1ed5i b\u1eadt nh\u01b0 m\u1ed9t s\u1ea3n ph\u1ea9m v\u1eeba th\u00e2n thi\u1ec7n v\u1edbi c\u01a1 th\u1ec3 v\u1eeba gi\u1eef \u0111\u01b0\u1ee3c tr\u1ecdn v\u1eb9n v\u1ecb ng\u1ecdt t\u1ef1 nhi\u00ean, nguy\u00ean b\u1ea3n t\u1eeb c\u00e2y m\u00eda s\u1ea1ch.<\/p>\n<p><img fetchpriority=\"high\" decoding=\"async\" class=\"aligncenter\" src=\"https:\/\/havamall.com\/wp-content\/uploads\/2025\/07\/th-11134207-7r98t-lv8mde2vtn31f1.jpg\" width=\"850\" height=\"850\" \/><\/p>\n<p><strong>Wangkanai<\/strong> l\u00e0 th\u01b0\u01a1ng hi\u1ec7u \u0111\u1ebfn t\u1eeb Th\u00e1i Lan, \u0111\u01b0\u1ee3c bi\u1ebft \u0111\u1ebfn v\u1edbi c\u00e1c s\u1ea3n ph\u1ea9m n\u00f4ng nghi\u1ec7p h\u1eefu c\u01a1 \u0111\u01b0\u1ee3c ch\u1ee9ng nh\u1eadn qu\u1ed1c t\u1ebf. Lo\u1ea1i \u0111\u01b0\u1eddng m\u00eda h\u1eefu c\u01a1 n\u00e0y \u0111\u01b0\u1ee3c s\u1ea3n xu\u1ea5t t\u1eeb nh\u1eefng c\u00e2y m\u00eda \u0111\u01b0\u1ee3c tr\u1ed3ng theo <strong><em>ph\u01b0\u01a1ng ph\u00e1p h\u1eefu c\u01a1 b\u1ec1n v\u1eefng, kh\u00f4ng s\u1eed d\u1ee5ng thu\u1ed1c tr\u1eeb s\u00e2u h\u00f3a h\u1ecdc, ph\u00e2n b\u00f3n t\u1ed5ng h\u1ee3p hay b\u1ea5t k\u1ef3 ch\u1ea5t bi\u1ebfn \u0111\u1ed5i gen n\u00e0o<\/em><\/strong>. Kh\u00f4ng gi\u1ed1ng nh\u01b0 \u0111\u01b0\u1eddng tr\u1eafng tinh luy\u1ec7n th\u00f4ng th\u01b0\u1eddng v\u1ed1n \u0111\u00e3 b\u1ecb lo\u1ea1i b\u1ecf g\u1ea7n nh\u01b0 to\u00e0n b\u1ed9 gi\u00e1 tr\u1ecb dinh d\u01b0\u1ee1ng, \u0110\u01b0\u1eddng M\u00eda H\u1eefu C\u01a1 Wangkanai v\u1eabn gi\u1eef l\u1ea1i m\u1ed9t l\u01b0\u1ee3ng nh\u1ecf vi kho\u00e1ng t\u1ef1 nhi\u00ean c\u00f3 trong m\u00eda, \u0111\u1ed3ng th\u1eddi mang \u0111\u1ebfn v\u1ecb ng\u1ecdt thanh, kh\u00f4ng g\u1eaft v\u00e0 kh\u00f4ng g\u00e2y c\u1ea3m gi\u00e1c kh\u00e9 c\u1ed5 khi d\u00f9ng l\u00e2u d\u00e0i.<\/p>\n<p><img decoding=\"async\" class=\"aligncenter\" src=\"https:\/\/havamall.com\/wp-content\/uploads\/2025\/07\/th-11134207-7r98w-lv8myshe5p99db.jpg\" width=\"850\" height=\"850\" \/><\/p>\n<p><strong>\u0110\u01b0\u1eddng M\u00eda H\u1eefu C\u01a1 Wangkanai<\/strong> c\u00f3 th\u1ec3 s\u1eed d\u1ee5ng linh ho\u1ea1t trong nhi\u1ec1u m\u00f3n \u0103n v\u00e0 \u0111\u1ed3 u\u1ed1ng. T\u1eeb c\u00e1c m\u00f3n n\u01b0\u1edbc nh\u01b0 <em><strong>tr\u00e0, c\u00e0 ph\u00ea, n\u01b0\u1edbc \u00e9p tr\u00e1i c\u00e2y \u0111\u1ebfn c\u00e1c m\u00f3n tr\u00e1ng mi\u1ec7ng nh\u01b0 b\u00e1nh ng\u1ecdt, ch\u00e8, m\u1ee9t, th\u1ea1ch hay th\u1eadm ch\u00ed l\u00e0 c\u00e1c m\u00f3n kho, m\u00f3n s\u1ed1t c\u1ea7n \u0111\u1ed9 ng\u1ecdt d\u1ecbu t\u1ef1 nhi\u00ean, \u0111\u01b0\u1eddng \u0111\u1ec1u th\u1ec3 hi\u1ec7n \u0111\u01b0\u1ee3c vai tr\u00f2 \u0111i\u1ec1u v\u1ecb hi\u1ec7u qu\u1ea3<\/strong><\/em>. <strong>Kh\u1ea3 n\u0103ng h\u00f2a tan t\u1ed1t<\/strong>, kh\u00f4ng l\u1ea5n \u00e1t c\u00e1c m\u00f9i h\u01b0\u01a1ng kh\u00e1c v\u00e0 t\u1ea1o c\u1ea3m gi\u00e1c nh\u1eb9 nh\u00e0ng tr\u00ean \u0111\u1ea7u l\u01b0\u1ee1i khi\u1ebfn n\u00f3 tr\u1edf th\u00e0nh m\u1ed9t l\u1ef1a ch\u1ecdn thay th\u1ebf l\u00fd t\u01b0\u1edfng cho \u0111\u01b0\u1eddng tr\u1eafng th\u00f4ng th\u01b0\u1eddng, nh\u1ea5t l\u00e0 khi b\u1ea1n \u0111ang mu\u1ed1n gi\u1ea3m l\u01b0\u1ee3ng \u0111\u01b0\u1eddng ti\u00eau th\u1ee5 h\u1eb1ng ng\u00e0y m\u00e0 v\u1eabn mu\u1ed1n gi\u1eef l\u1ea1i s\u1ef1 h\u1ea5p d\u1eabn trong m\u00f3n \u0103n.<\/p>\n<p><img decoding=\"async\" class=\"aligncenter\" src=\"https:\/\/havamall.com\/wp-content\/uploads\/2025\/07\/518-15-59-20.jpg\" alt=\"B\u00e1nh tr\u00f4i t\u00e0u ph\u1ed1 c\u1ed5 H\u00e0 N\u1ed9i\" width=\"850\" height=\"567\" \/><\/p>\n<p>Trong th\u1eddi \u0111\u1ea1i m\u00e0 m\u1ed7i quy\u1ebft \u0111\u1ecbnh ti\u00eau d\u00f9ng \u0111\u1ec1u c\u00f3 th\u1ec3 t\u1ea1o ra s\u1ef1 thay \u0111\u1ed5i, l\u1ef1a ch\u1ecdn \u0110\u01b0\u1eddng M\u00eda H\u1eefu C\u01a1 Wangkanai l\u00e0 m\u1ed9t h\u00e0nh \u0111\u1ed9ng nh\u1ecf nh\u01b0ng mang l\u1ea1i \u1ea3nh h\u01b0\u1edfng l\u00e2u d\u00e0i. D\u00f9 b\u1ea1n l\u00e0 ng\u01b0\u1eddi n\u1ed9i tr\u1ee3 k\u1ef9 t\u00ednh, m\u1ed9t ng\u01b0\u1eddi y\u00eau b\u1ebfp, hay \u0111\u01a1n gi\u1ea3n l\u00e0 m\u1ed9t c\u00e1 nh\u00e2n \u0111ang t\u00ecm ki\u1ebfm nh\u1eefng l\u1ef1a ch\u1ecdn th\u1ef1c ph\u1ea9m l\u00e0nh m\u1ea1nh h\u01a1n, s\u1ea3n ph\u1ea9m n\u00e0y ch\u1eafc ch\u1eafn s\u1ebd tr\u1edf th\u00e0nh m\u1ed9t ph\u1ea7n kh\u00f4ng th\u1ec3 thi\u1ebfu trong c\u0103n b\u1ebfp c\u1ee7a b\u1ea1n. S\u1ea3n ph\u1ea9m hi\u1ec7n \u0111\u00e3 c\u00f3 m\u1eb7t t\u1ea1i <strong>Havamall<\/strong>.<\/p>\n<\/div>\n<\/div>\n<\/div>\n<\/div>","protected":false},"excerpt":{"rendered":"<p>TH\u00d4NG TIN CHUNG Th\u01b0\u01a1ng hi\u1ec7u Wangkanai Xu\u1ea5t x\u1ee9 Th\u00e1i Lan H\u1ea1n s\u1eed d\u1ee5ng Xem tr\u00ean bao b\u00ec H\u01b0\u1edbng d\u1eabn s\u1eed<\/p>","protected":false},"featured_media":39960,"comment_status":"open","ping_status":"closed","template":"","meta":[],"product_brand":[],"product_cat":[677,143],"product_tag":[],"class_list":{"0":"post-39959","1":"product","2":"type-product","3":"status-publish","4":"has-post-thumbnail","6":"product_cat-cac-nuoc-khac","7":"product_cat-thuc-pham-dong-hop","9":"first","10":"instock","11":"sale","12":"shipping-taxable","13":"purchasable","14":"product-type-simple"},"_links":{"self":[{"href":"https:\/\/havamall.vn\/en\/wp-json\/wp\/v2\/product\/39959"}],"collection":[{"href":"https:\/\/havamall.vn\/en\/wp-json\/wp\/v2\/product"}],"about":[{"href":"https:\/\/havamall.vn\/en\/wp-json\/wp\/v2\/types\/product"}],"replies":[{"embeddable":true,"href":"https:\/\/havamall.vn\/en\/wp-json\/wp\/v2\/comments?post=39959"}],"version-history":[{"count":0,"href":"https:\/\/havamall.vn\/en\/wp-json\/wp\/v2\/product\/39959\/revisions"}],"wp:featuredmedia":[{"embeddable":true,"href":"https:\/\/havamall.vn\/en\/wp-json\/wp\/v2\/media\/39960"}],"wp:attachment":[{"href":"https:\/\/havamall.vn\/en\/wp-json\/wp\/v2\/media?parent=39959"}],"wp:term":[{"taxonomy":"product_brand","embeddable":true,"href":"https:\/\/havamall.vn\/en\/wp-json\/wp\/v2\/product_brand?post=39959"},{"taxonomy":"product_cat","embeddable":true,"href":"https:\/\/havamall.vn\/en\/wp-json\/wp\/v2\/product_cat?post=39959"},{"taxonomy":"product_tag","embeddable":true,"href":"https:\/\/havamall.vn\/en\/wp-json\/wp\/v2\/product_tag?post=39959"}],"curies":[{"name":"wp","href":"https:\/\/api.w.org\/{rel}","templated":true}]}}