{"id":39952,"date":"2025-07-09T16:28:34","date_gmt":"2025-07-09T09:28:34","guid":{"rendered":"https:\/\/havamall.vn\/?post_type=product&#038;p=39952"},"modified":"2025-07-09T16:28:35","modified_gmt":"2025-07-09T09:28:35","slug":"sua-dua-co-dac-thuan-chay-natures-charm-360ml-evaporated-coconut-milk","status":"publish","type":"product","link":"https:\/\/havamall.vn\/en\/shop\/sua-dua-co-dac-thuan-chay-natures-charm-360ml-evaporated-coconut-milk\/","title":{"rendered":"S\u1eefa D\u1eeba C\u00f4 \u0110\u1eb7c Thu\u1ea7n Chay Nature\u2019s Charm 360ml \u2013 Evaporated Coconut Milk"},"content":{"rendered":"<h2 class=\"product-detail__specs-title\"><strong>TH\u00d4NG TIN CHUNG<\/strong><\/h2>\n<div id=\"js-product-detail__specs\" class=\"product-detail__specs\">\n<div class=\"row\">\n<div class=\"col-sm-12\">\n<div class=\"product-specs__table\">\n<table>\n<tbody>\n<tr>\n<td class=\"specs-table__property\">Th\u01b0\u01a1ng hi\u1ec7u<\/td>\n<td class=\"specs-table__value\">Nature\u2019s Charma<\/td>\n<\/tr>\n<tr>\n<td class=\"specs-table__property\">Xu\u1ea5t x\u1ee9<\/td>\n<td class=\"specs-table__value\">Th\u00e1i Lan<\/td>\n<\/tr>\n<tr>\n<td class=\"specs-table__property\">H\u1ea1n s\u1eed d\u1ee5ng<\/td>\n<td class=\"specs-table__value\">Xem tr\u00ean bao b\u00ec<\/td>\n<\/tr>\n<tr>\n<td class=\"specs-table__property\">H\u01b0\u1edbng d\u1eabn s\u1eed d\u1ee5ng<\/td>\n<td class=\"specs-table__value\">S\u1eed d\u1ee5ng tr\u1ef1c ti\u1ebfp ho\u1eb7c ch\u1ebf bi\u1ebfn m\u00f3n \u0103n<\/td>\n<\/tr>\n<tr>\n<td class=\"specs-table__property\">H\u01b0\u1edbng d\u1eabn b\u1ea3o qu\u1ea3n<\/td>\n<td class=\"specs-table__value\">N\u01a1i kh\u00f4 r\u00e1o, tho\u00e1ng m\u00e1t, tr\u00e1nh \u00e1nh n\u1eafng tr\u1ef1c ti\u1ebfp<\/td>\n<\/tr>\n<tr>\n<td class=\"specs-table__property\">Th\u00e0nh ph\u1ea7n nguy\u00ean li\u1ec7u<\/td>\n<td class=\"specs-table__value\">\n<div id=\"ingredients\" class=\"data item content resp-tab-content d-block\" role=\"tabpanel\" data-role=\"content\" aria-labelledby=\"tab-label-ingredients\" aria-hidden=\"true\">\n<div class=\"product attribute ingredients\">\n<div class=\"value\">Xem tr\u00ean bao b\u00ec<\/div>\n<\/div>\n<\/div>\n<\/td>\n<\/tr>\n<tr>\n<td class=\"specs-table__property\">Kh\u1ed1i l\u01b0\u1ee3ng<\/td>\n<td class=\"specs-table__value\">360ml<\/td>\n<\/tr>\n<\/tbody>\n<\/table>\n<p>Trong th\u1ebf gi\u1edbi \u1ea9m th\u1ef1c ng\u00e0y c\u00e0ng \u0111a d\u1ea1ng v\u00e0 phong ph\u00fa, xu h\u01b0\u1edbng t\u00ecm ki\u1ebfm nh\u1eefng nguy\u00ean li\u1ec7u l\u00e0nh m\u1ea1nh, c\u00f3 ngu\u1ed3n g\u1ed1c t\u1eeb th\u1ef1c v\u1eadt, \u0111ang tr\u1edf n\u00ean ph\u1ed5 bi\u1ebfn h\u01a1n bao gi\u1edd h\u1ebft. Kh\u00f4ng ch\u1ec9 nh\u1eefng ng\u01b0\u1eddi theo l\u1ed1i s\u1ed1ng thu\u1ea7n chay m\u00e0 c\u1ea3 nh\u1eefng ai y\u00eau th\u00edch s\u1ef1 t\u1ef1 nhi\u00ean, nh\u1eb9 nh\u00e0ng v\u00e0 t\u1ed1t cho s\u1ee9c kh\u1ecfe c\u0169ng \u0111ang d\u1ea7n chuy\u1ec3n sang c\u00e1c s\u1ea3n ph\u1ea9m thay th\u1ebf c\u00f3 ngu\u1ed3n g\u1ed1c t\u1eeb th\u1ef1c v\u1eadt. Trong s\u1ed1 \u0111\u00f3,\u00a0<strong data-start=\"707\" data-end=\"751\">S\u1eefa D\u1eeba C\u00f4 \u0110\u1eb7c Thu\u1ea7n Chay Nature\u2019s Charm<\/strong>\u00a0\u0111ang d\u1ea7n kh\u1eb3ng \u0111\u1ecbnh v\u1ecb tr\u00ed c\u1ee7a m\u00ecnh nh\u01b0 m\u1ed9t nguy\u00ean li\u1ec7u kh\u00f4ng th\u1ec3 thi\u1ebfu trong c\u0103n b\u1ebfp c\u1ee7a c\u00e1c t\u00edn \u0111\u1ed3 \u1ea9m th\u1ef1c hi\u1ec7n \u0111\u1ea1i.<\/p>\n<p><img fetchpriority=\"high\" decoding=\"async\" class=\"aligncenter\" src=\"https:\/\/havamall.com\/wp-content\/uploads\/2025\/07\/Vegan-Evaporated-Milk-Evaporated-Coconut-Milk-by-Nature_s-Charm-FastDeliveryMetroManilaAlabangMakatiSanPedroLaguna_BerdeEats-Vegan-Grocery-Store_2.jpg\" alt=\"Coconut Evaporated Milk (GF) | Nature's Charm | Laguna and Metro Manila \u2013  Berde Eats - Vegan Grocery\" width=\"850\" height=\"850\" \/><\/p>\n<p>\u0110\u1ebfn t\u1eeb th\u01b0\u01a1ng hi\u1ec7u <strong>Nature\u2019s Charm<\/strong> \u2013 m\u1ed9t th\u01b0\u01a1ng hi\u1ec7u n\u1ed5i ti\u1ebfng qu\u1ed1c t\u1ebf v\u1edbi c\u00e1c s\u1ea3n ph\u1ea9m thu\u1ea7n chay ch\u1ea5t l\u01b0\u1ee3ng cao, chuy\u00ean v\u1ec1 c\u00e1c d\u00f2ng s\u1ea3n ph\u1ea9m thay th\u1ebf s\u1eefa \u0111\u1ed9ng v\u1eadt b\u1eb1ng nguy\u00ean li\u1ec7u th\u1ef1c v\u1eadt. S\u1eefa d\u1eeba c\u00f4 \u0111\u1eb7c c\u1ee7a h\u1ecd l\u00e0 m\u1ed9t l\u1ef1a ch\u1ecdn l\u00fd t\u01b0\u1edfng cho nh\u1eefng ai y\u00eau th\u00edch v\u1ecb b\u00e9o nh\u1eb9, th\u01a1m d\u1ecbu c\u1ee7a d\u1eeba m\u00e0 v\u1eabn mu\u1ed1n \u0111\u1ea3m b\u1ea3o ti\u00eau ch\u00ed l\u00e0nh m\u1ea1nh, kh\u00f4ng s\u1eed d\u1ee5ng s\u1ea3n ph\u1ea9m t\u1eeb \u0111\u1ed9ng v\u1eadt, kh\u00f4ng ch\u1ea5t b\u1ea3o qu\u1ea3n v\u00e0 kh\u00f4ng cholesterol.<\/p>\n<p><img decoding=\"async\" class=\"aligncenter\" src=\"https:\/\/havamall.com\/wp-content\/uploads\/2025\/07\/f45e43_fc2f29b01d6447fca5bd26b26e149b3fmv2.jpg\" alt=\"HOME | Nature's Charm\" width=\"850\" height=\"490\" \/><\/p>\n<p data-start=\"1347\" data-end=\"1941\">\u0110i\u1ec3m \u0111\u1eb7c bi\u1ec7t khi\u1ebfn <strong>S\u1eefa D\u1eeba C\u00f4 \u0110\u1eb7c Thu\u1ea7n Chay Nature\u2019s Charm<\/strong> tr\u1edf th\u00e0nh l\u1ef1a ch\u1ecdn \u01b0u ti\u00ean trong v\u00f4 s\u1ed1 s\u1ea3n ph\u1ea9m c\u00f9ng ph\u00e2n kh\u00fac l\u00e0 \u1edf th\u00e0nh ph\u1ea7n t\u1ed1i gi\u1ea3n nh\u01b0ng ch\u1ea5t l\u01b0\u1ee3ng. S\u1ea3n ph\u1ea9m \u0111\u01b0\u1ee3c l\u00e0m t\u1eeb n\u01b0\u1edbc <strong>c\u1ed1t d\u1eeba nguy\u00ean ch\u1ea5t<\/strong>, k\u1ebft h\u1ee3p c\u00f9ng m\u1ed9t l\u01b0\u1ee3ng nh\u1ecf ch\u1ea5t \u1ed5n \u0111\u1ecbnh v\u00e0 ch\u1ea5t t\u1ea1o \u0111\u1eb7c t\u1eeb th\u1ef1c v\u1eadt, ho\u00e0n to\u00e0n kh\u00f4ng c\u00f3 s\u1eefa b\u00f2 hay lactose, ph\u00f9 h\u1ee3p v\u1edbi c\u1ea3 ng\u01b0\u1eddi \u0103n chay tr\u01b0\u1eddng v\u00e0 nh\u1eefng ng\u01b0\u1eddi d\u1ecb \u1ee9ng s\u1eefa \u0111\u1ed9ng v\u1eadt. S\u1ef1 c\u00e2n b\u1eb1ng ho\u00e0n h\u1ea3o gi\u1eefa k\u1ebft c\u1ea5u s\u00e1nh m\u1ecbn v\u00e0 h\u01b0\u01a1ng v\u1ecb thu\u1ea7n khi\u1ebft t\u1ea1o n\u00ean m\u1ed9t lo\u1ea1i s\u1eefa d\u1eeba c\u00f4 \u0111\u1eb7c kh\u00f4ng ch\u1ec9 d\u00f9ng \u0111\u1ec3 u\u1ed1ng m\u00e0 c\u00f2n c\u1ef1c k\u1ef3 l\u00fd t\u01b0\u1edfng khi s\u1eed d\u1ee5ng trong n\u1ea5u \u0103n, l\u00e0m b\u00e1nh hay pha ch\u1ebf \u0111\u1ed3 u\u1ed1ng.<\/p>\n<p data-start=\"1347\" data-end=\"1941\"><img decoding=\"async\" class=\"aligncenter\" src=\"https:\/\/havamall.com\/wp-content\/uploads\/2025\/07\/NC-Evaporated-Milk-360ml.png\" alt=\"Nature's Charm Evaporated Coconut Milk 360g - Origreens Plant-based Grocery\" width=\"850\" height=\"850\" \/><\/p>\n<p data-start=\"1943\" data-end=\"2571\">S\u1eed d\u1ee5ng \u0111\u1ec3 thay th\u1ebf s\u1eefa \u0111\u1eb7c trong c\u00e1c c\u00f4ng th\u1ee9c b\u00e1nh ng\u1ecdt nh\u01b0 b\u00e1nh <strong>flan, panna cotta, mousse d\u1eeba<\/strong>, hay s\u1eed d\u1ee5ng \u0111\u1ec3 t\u0103ng \u0111\u1ed9 b\u00e9o cho <strong>m\u00f3n c\u00e0 ri, m\u00f3n kho, soup, th\u1eadm ch\u00ed l\u00e0 c\u00e0 ph\u00ea s\u1eefa d\u1eeba, sinh t\u1ed1 tr\u00e1i c\u00e2y ho\u1eb7c tr\u00e0 s\u1eefa<\/strong>. So v\u1edbi s\u1eefa \u0111\u1eb7c th\u00f4ng th\u01b0\u1eddng, <strong>s\u1ea3n ph\u1ea9m mang l\u1ea1i v\u1ecb ng\u1ecdt thanh t\u1ef1 nhi\u00ean h\u01a1n<\/strong>, d\u1ec5 ch\u1ecbu h\u01a1n v\u00e0 \u0111\u1eb7c bi\u1ec7t <strong>kh\u00f4ng g\u00e2y c\u1ea3m gi\u00e1c ng\u1ea5y, ng\u00e1n<\/strong> sau khi d\u00f9ng.<\/p>\n<p data-start=\"1943\" data-end=\"2571\"><img loading=\"lazy\" decoding=\"async\" class=\"aligncenter\" src=\"https:\/\/pbs.twimg.com\/media\/EUglIrGUUAEV8wI?format=jpg&amp;name=4096x4096\" alt=\"Nature's Charm (@naturescharm_v) \/ X\" width=\"852\" height=\"1065\" \/><\/p>\n<p data-start=\"2960\" data-end=\"3386\">N\u1ebfu b\u1ea1n \u0111ang t\u00ecm ki\u1ebfm m\u1ed9t lo\u1ea1i s\u1eefa th\u1ef1c v\u1eadt c\u00f3 \u0111\u1ed9 \u0111\u1eadm \u0111\u00e0 cao, d\u1ec5 s\u1eed d\u1ee5ng trong nhi\u1ec1u c\u00f4ng th\u1ee9c, c\u00f3 h\u01b0\u01a1ng th\u01a1m t\u1ef1 nhi\u00ean, kh\u00f4ng ch\u1ea5t ph\u1ee5 gia \u0111\u1ed9c h\u1ea1i v\u00e0 ho\u00e0n to\u00e0n thu\u1ea7n chay th\u00ec S\u1eefa D\u1eeba C\u00f4 \u0110\u1eb7c Nature\u2019s Charm l\u00e0 m\u1ed9t l\u1ef1a ch\u1ecdn \u0111\u00e1ng \u0111\u1ec3 th\u1eed. Kh\u00f4ng ch\u1ec9 l\u00e0 m\u1ed9t s\u1ea3n ph\u1ea9m ph\u00f9 h\u1ee3p v\u1edbi xu h\u01b0\u1edbng s\u1ed1ng xanh, s\u1ed1ng s\u1ea1ch m\u00e0 c\u00f2n l\u00e0 m\u1ed9t b\u01b0\u1edbc ti\u1ebfn trong h\u00e0nh tr\u00ecnh l\u1ef1a ch\u1ecdn th\u1ef1c ph\u1ea9m c\u00f3 tr\u00e1ch nhi\u1ec7m, v\u1eeba t\u1ed1t cho s\u1ee9c kh\u1ecfe, v\u1eeba t\u1ed1t cho h\u00e0nh tinh, hi\u1ec7n \u0111\u00e3 m\u1eb7t tai Havamall.<\/p>\n<\/div>\n<\/div>\n<\/div>\n<\/div>","protected":false},"excerpt":{"rendered":"<p>TH\u00d4NG TIN CHUNG Th\u01b0\u01a1ng hi\u1ec7u Nature\u2019s Charma Xu\u1ea5t x\u1ee9 Th\u00e1i Lan H\u1ea1n s\u1eed d\u1ee5ng Xem tr\u00ean bao b\u00ec H\u01b0\u1edbng d\u1eabn<\/p>","protected":false},"featured_media":39953,"comment_status":"open","ping_status":"closed","template":"","meta":[],"product_brand":[],"product_cat":[677,255,496,131,143],"product_tag":[],"class_list":{"0":"post-39952","1":"product","2":"type-product","3":"status-publish","4":"has-post-thumbnail","6":"product_cat-cac-nuoc-khac","7":"product_cat-nguyen-lieu-lam-banh","8":"product_cat-thuc-pham-thuan-chay","9":"product_cat-nguyen-lieu-lam-bep","10":"product_cat-thuc-pham-dong-hop","12":"first","13":"instock","14":"sale","15":"shipping-taxable","16":"purchasable","17":"product-type-simple"},"_links":{"self":[{"href":"https:\/\/havamall.vn\/en\/wp-json\/wp\/v2\/product\/39952"}],"collection":[{"href":"https:\/\/havamall.vn\/en\/wp-json\/wp\/v2\/product"}],"about":[{"href":"https:\/\/havamall.vn\/en\/wp-json\/wp\/v2\/types\/product"}],"replies":[{"embeddable":true,"href":"https:\/\/havamall.vn\/en\/wp-json\/wp\/v2\/comments?post=39952"}],"version-history":[{"count":0,"href":"https:\/\/havamall.vn\/en\/wp-json\/wp\/v2\/product\/39952\/revisions"}],"wp:featuredmedia":[{"embeddable":true,"href":"https:\/\/havamall.vn\/en\/wp-json\/wp\/v2\/media\/39953"}],"wp:attachment":[{"href":"https:\/\/havamall.vn\/en\/wp-json\/wp\/v2\/media?parent=39952"}],"wp:term":[{"taxonomy":"product_brand","embeddable":true,"href":"https:\/\/havamall.vn\/en\/wp-json\/wp\/v2\/product_brand?post=39952"},{"taxonomy":"product_cat","embeddable":true,"href":"https:\/\/havamall.vn\/en\/wp-json\/wp\/v2\/product_cat?post=39952"},{"taxonomy":"product_tag","embeddable":true,"href":"https:\/\/havamall.vn\/en\/wp-json\/wp\/v2\/product_tag?post=39952"}],"curies":[{"name":"wp","href":"https:\/\/api.w.org\/{rel}","templated":true}]}}