{"id":39930,"date":"2025-07-05T14:51:05","date_gmt":"2025-07-05T07:51:05","guid":{"rendered":"https:\/\/havamall.vn\/?post_type=product&#038;p=39930"},"modified":"2025-07-05T16:25:22","modified_gmt":"2025-07-05T09:25:22","slug":"keo-deo-mini-burger-oki-oki-40g-120g-oki-oki-mini-burger-gummies-40g-120g","status":"publish","type":"product","link":"https:\/\/havamall.vn\/en\/shop\/keo-deo-mini-burger-oki-oki-40g-120g-oki-oki-mini-burger-gummies-40g-120g\/","title":{"rendered":"K\u1eb9o D\u1ebbo Mini Burger Oki Oki 40g\/120g \u2013 Oki Oki Mini Burger Gummies 40g\/120g"},"content":{"rendered":"<h3 data-start=\"1762\" data-end=\"1784\">TH\u00d4NG TIN S\u1ea2N PH\u1ea8M<\/h3>\n<div class=\"_tableContainer_80l1q_1\">\n<div class=\"_tableWrapper_80l1q_14 group flex w-fit flex-col-reverse\">\n<table class=\"w-fit min-w-(--thread-content-width)\" style=\"width: 58.8425%;height: 230px\" data-start=\"1786\" data-end=\"2491\">\n<tbody data-start=\"1911\" data-end=\"2491\">\n<tr data-start=\"1911\" data-end=\"1973\">\n<td style=\"width: 22.7696%\" data-start=\"1911\" data-end=\"1938\" data-col-size=\"sm\"><strong data-start=\"1913\" data-end=\"1928\">Th\u01b0\u01a1ng hi\u1ec7u<\/strong><\/td>\n<td style=\"width: 76.1651%\" data-col-size=\"md\" data-start=\"1938\" data-end=\"1973\">Oki Oki<\/td>\n<\/tr>\n<tr data-start=\"1974\" data-end=\"2035\">\n<td style=\"width: 22.7696%\" data-start=\"1974\" data-end=\"2000\" data-col-size=\"sm\"><strong data-start=\"1976\" data-end=\"1987\">Xu\u1ea5t x\u1ee9<\/strong><\/td>\n<td style=\"width: 76.1651%\" data-col-size=\"md\" data-start=\"2000\" data-end=\"2035\">Vi\u1ec7t Nam<\/td>\n<\/tr>\n<tr data-start=\"2036\" data-end=\"2153\">\n<td style=\"width: 22.7696%\" data-start=\"2036\" data-end=\"2062\" data-col-size=\"sm\"><strong data-start=\"2038\" data-end=\"2052\">Th\u00e0nh ph\u1ea7n<\/strong><\/td>\n<td style=\"width: 76.1651%\" data-col-size=\"md\" data-start=\"2062\" data-end=\"2153\">\u0110\u01b0\u1eddng, siro glucose, gelatin, h\u01b0\u01a1ng li\u1ec7u t\u1ef1 nhi\u00ean, ch\u1ea5t t\u1ea1o m\u00e0u, ch\u1ea5t b\u1ea3o qu\u1ea3n (n\u1ebfu c\u00f3)<\/td>\n<\/tr>\n<tr data-start=\"2154\" data-end=\"2215\">\n<td style=\"width: 22.7696%\" data-start=\"2154\" data-end=\"2180\" data-col-size=\"sm\"><strong data-start=\"2156\" data-end=\"2171\">H\u1ea1n s\u1eed d\u1ee5ng<\/strong><\/td>\n<td style=\"width: 76.1651%\" data-col-size=\"md\" data-start=\"2180\" data-end=\"2215\">12 th\u00e1ng k\u1ec3 t\u1eeb ng\u00e0y s\u1ea3n xu\u1ea5t<\/td>\n<\/tr>\n<tr data-start=\"2216\" data-end=\"2277\">\n<td style=\"width: 22.7696%\" data-start=\"2216\" data-end=\"2242\" data-col-size=\"sm\"><strong data-start=\"2218\" data-end=\"2232\">Kh\u1ed1i l\u01b0\u1ee3ng<\/strong><\/td>\n<td style=\"width: 76.1651%\" data-col-size=\"md\" data-start=\"2242\" data-end=\"2277\">120g v\u00e0 40g<\/td>\n<\/tr>\n<tr data-start=\"2278\" data-end=\"2386\">\n<td style=\"width: 22.7696%\" data-start=\"2278\" data-end=\"2304\" data-col-size=\"sm\"><strong data-start=\"2280\" data-end=\"2297\">C\u00e1ch b\u1ea3o qu\u1ea3n<\/strong><\/td>\n<td style=\"width: 76.1651%\" data-col-size=\"md\" data-start=\"2304\" data-end=\"2386\">B\u1ea3o qu\u1ea3n n\u01a1i kh\u00f4 r\u00e1o, tho\u00e1ng m\u00e1t, tr\u00e1nh \u00e1nh n\u1eafng tr\u1ef1c ti\u1ebfp<\/td>\n<\/tr>\n<tr data-start=\"2387\" data-end=\"2491\">\n<td style=\"width: 22.7696%\" data-start=\"2387\" data-end=\"2413\" data-col-size=\"sm\"><strong data-start=\"2389\" data-end=\"2403\">Khuy\u1ebfn c\u00e1o<\/strong><\/td>\n<td style=\"width: 76.1651%\" data-col-size=\"md\" data-start=\"2413\" data-end=\"2491\">Kh\u00f4ng n\u00ean \u0103n qu\u00e1 nhi\u1ec1u k\u1eb9o ng\u1ecdt \u0111\u1ec3 tr\u00e1nh \u1ea3nh h\u01b0\u1edfng \u0111\u1ebfn s\u1ee9c kh\u1ecfe r\u0103ng mi\u1ec7ng<\/td>\n<\/tr>\n<\/tbody>\n<\/table>\n<p data-start=\"654\" data-end=\"700\"><span style=\"font-size: 18pt\"><strong data-start=\"654\" data-end=\"700\">K\u1eb9o d\u1ebbo mini burger Oki Oki c\u00f3 g\u00ec h\u1ea5p d\u1eabn?<\/strong><\/span><\/p>\n<p data-start=\"64\" data-end=\"385\"><strong>K\u1eb9o d\u1ebbo mini burger Oki Oki 120g\/40g<\/strong> \u0111\u01b0\u1ee3c thi\u1ebft k\u1ebf v\u00f4 c\u00f9ng tinh t\u1ebf v\u1edbi h\u00ecnh d\u00e1ng chi\u1ebfc b\u00e1nh <strong>burger mini<\/strong> thu nh\u1ecf, t\u1ea1o n\u00ean s\u1ef1 \u0111\u1ed9c \u0111\u00e1o v\u00e0 h\u1ea5p d\u1eabn ngay t\u1eeb c\u00e1i nh\u00ecn \u0111\u1ea7u ti\u00ean. M\u1ed7i chi\u1ebfc k\u1eb9o l\u00e0 s\u1ef1 k\u1ebft h\u1ee3p ho\u00e0n h\u1ea3o gi\u1eefa l\u1edbp b\u00e1nh m\u1ec1m d\u1ebbo, l\u1edbp nh\u00e2n ng\u1ecdt d\u1ecbu v\u00e0 l\u1edbp rau c\u1ee7 t\u1ea1o m\u00e0u s\u1eafc b\u1eaft m\u1eaft, gi\u00fap k\u00edch th\u00edch th\u1ecb gi\u00e1c l\u1eabn v\u1ecb gi\u00e1c.<\/p>\n<p data-start=\"64\" data-end=\"385\"><img fetchpriority=\"high\" decoding=\"async\" class=\"aligncenter size-full wp-image-40964\" src=\"https:\/\/havamall.com\/wp-content\/uploads\/2025\/07\/rrrrr.png\" alt=\"\" width=\"800\" height=\"800\" \/><\/p>\n<p data-start=\"387\" data-end=\"697\">K\u1eb9o d\u1ebbo \u0111\u01b0\u1ee3c ch\u1ebf bi\u1ebfn t\u1eeb nh\u1eefng nguy\u00ean li\u1ec7u ch\u1ecdn l\u1ecdc k\u1ef9 c\u00e0ng nh\u01b0 \u0111\u01b0\u1eddng tinh luy\u1ec7n, siro glucose gi\u00fap k\u1eb9o gi\u1eef \u0111\u01b0\u1ee3c \u0111\u1ed9 m\u1ec1m m\u1ea1i v\u00e0 \u0111\u1ed9 dai v\u1eeba ph\u1ea3i, gelatin l\u00e0m t\u0103ng k\u1ebft c\u1ea5u d\u1ebbo dai \u0111\u1eb7c tr\u01b0ng, c\u00f9ng c\u00e1c ch\u1ea5t t\u1ea1o m\u00e0u v\u00e0 h\u01b0\u01a1ng li\u1ec7u t\u1ef1 nhi\u00ean nh\u1eb1m \u0111\u1ea3m b\u1ea3o h\u01b0\u01a1ng v\u1ecb tr\u00e1i c\u00e2y th\u01a1m ngon, t\u01b0\u01a1i m\u00e1t v\u00e0 an to\u00e0n cho s\u1ee9c kh\u1ecfe.<\/p>\n<p data-start=\"387\" data-end=\"697\"><img decoding=\"async\" class=\"aligncenter\" src=\"https:\/\/havamall.com\/wp-content\/uploads\/2025\/07\/giant_gummy_burger_1.jpg\" alt=\"This Giant Gummy Burger Needs Strawberry Jam Ketchup\" width=\"800\" height=\"800\" \/><\/p>\n<p data-start=\"699\" data-end=\"965\">Nh\u1edd s\u1ef1 \u0111a d\u1ea1ng v\u1ec1 h\u01b0\u01a1ng v\u1ecb tr\u00e1i c\u00e2y v\u00e0 k\u1ebft c\u1ea5u d\u1ebbo m\u1ec1m, k\u1eb9o d\u1ebbo mini burger Oki Oki kh\u00f4ng ch\u1ec9 thu h\u00fat c\u00e1c b\u1ea1n nh\u1ecf m\u00e0 c\u00f2n l\u00e0m h\u00e0i l\u00f2ng c\u1ea3 ng\u01b0\u1eddi l\u1edbn \u2013 nh\u1eefng ai y\u00eau th\u00edch nh\u1eefng m\u00f3n \u0103n v\u1eb7t vui nh\u1ed9n, s\u00e1ng t\u1ea1o m\u00e0 v\u1eabn gi\u1eef \u0111\u01b0\u1ee3c \u0111\u1ed9 ng\u1ecdt v\u1eeba ph\u1ea3i, kh\u00f4ng g\u00e2y ng\u00e1n hay kh\u00f3 ch\u1ecbu.<\/p>\n<h3 data-start=\"414\" data-end=\"434\">\u0110\u1eb6C \u0110I\u1ec2M N\u1ed4I B\u1eacT<\/h3>\n<ul data-start=\"436\" data-end=\"1138\">\n<li data-start=\"436\" data-end=\"557\">\n<p data-start=\"438\" data-end=\"557\"><strong data-start=\"438\" data-end=\"468\">H\u01b0\u01a1ng v\u1ecb tr\u00e1i c\u00e2y h\u1ea5p d\u1eabn:<\/strong> K\u1eb9o c\u00f3 nhi\u1ec1u v\u1ecb ng\u1ecdt thanh, th\u01a1m m\u00e1t, gi\u00fap k\u00edch th\u00edch v\u1ecb gi\u00e1c \u0111a d\u1ea1ng khi th\u01b0\u1edfng th\u1ee9c.<\/p>\n<\/li>\n<li data-start=\"558\" data-end=\"723\">\n<p data-start=\"560\" data-end=\"723\"><strong data-start=\"560\" data-end=\"591\">H\u00ecnh d\u00e1ng \u0111\u1ed9c \u0111\u00e1o, b\u1eaft m\u1eaft:<\/strong> Nh\u1eefng chi\u1ebfc mini burger nh\u1ecf xinh, m\u00e0u s\u1eafc t\u01b0\u01a1i s\u00e1ng t\u1ea1o c\u1ea3m gi\u00e1c vui nh\u1ed9n, ph\u00f9 h\u1ee3p l\u00e0m qu\u00e0 t\u1eb7ng ho\u1eb7c d\u00f9ng l\u00e0m m\u00f3n \u0103n v\u1eb7t h\u1ea5p d\u1eabn.<\/p>\n<\/li>\n<li data-start=\"724\" data-end=\"841\">\n<p data-start=\"726\" data-end=\"841\"><strong data-start=\"726\" data-end=\"756\">K\u1ebft c\u1ea5u d\u1ebbo m\u1ec1m, dai ngon:<\/strong> K\u1eb9o m\u1ec1m d\u1ebbo v\u1eeba ph\u1ea3i, kh\u00f4ng g\u00e2y d\u00ednh r\u0103ng, t\u1ea1o c\u1ea3m gi\u00e1c nhai vui mi\u1ec7ng v\u00e0 d\u1ec5 ch\u1ecbu.<\/p>\n<\/li>\n<li data-start=\"842\" data-end=\"1011\">\n<p data-start=\"844\" data-end=\"1011\"><strong data-start=\"844\" data-end=\"880\">Nguy\u00ean li\u1ec7u an to\u00e0n, ch\u1ea5t l\u01b0\u1ee3ng:<\/strong> S\u1ea3n ph\u1ea9m \u0111\u01b0\u1ee3c l\u00e0m t\u1eeb \u0111\u01b0\u1eddng, siro glucose, gelatin v\u00e0 h\u01b0\u01a1ng li\u1ec7u t\u1ef1 nhi\u00ean, \u0111\u1ea3m b\u1ea3o an to\u00e0n s\u1ee9c kh\u1ecfe v\u00e0 gi\u1eef tr\u1ecdn v\u1ecb ngon t\u1ef1 nhi\u00ean.<\/p>\n<\/li>\n<li data-start=\"1012\" data-end=\"1138\">\n<p data-start=\"1014\" data-end=\"1138\"><strong data-start=\"1014\" data-end=\"1039\">Ti\u1ec7n l\u1ee3i khi s\u1eed d\u1ee5ng:<\/strong> \u0110\u00f3ng g\u00f3i v\u1edbi tr\u1ecdng l\u01b0\u1ee3ng 120g ho\u1eb7c 40g nh\u1ecf g\u1ecdn, d\u1ec5 d\u00e0ng mang theo khi \u0111i h\u1ecdc, \u0111i l\u00e0m hay d\u00e3 ngo\u1ea1i.<\/p>\n<\/li>\n<\/ul>\n<p><img decoding=\"async\" class=\"aligncenter\" src=\"https:\/\/havamall.com\/wp-content\/uploads\/2025\/07\/b90278adaada00e7f92d3e7e71a82211.png\" alt=\"Wholesale Park Lane Fun Gummy Burgers - 2.5kg | Appleton Sweets\" width=\"800\" height=\"800\" \/><\/p>\n<p data-start=\"1145\" data-end=\"1401\"><strong data-start=\"1145\" data-end=\"1176\">K\u1eb9o d\u1ebbo mini burger Oki Oki<\/strong> phi\u00ean b\u1ea3n 120g\/40g l\u00e0 l\u1ef1a ch\u1ecdn tuy\u1ec7t v\u1eddi cho nh\u1eefng ai y\u00eau th\u00edch m\u00f3n k\u1eb9o d\u1ebbo ng\u1ecdt ng\u00e0o, \u0111\u1ed9c \u0111\u00e1o v\u00e0 \u0111\u1ea7y s\u00e1ng t\u1ea1o. S\u1ea3n ph\u1ea9m hi\u1ec7n \u0111\u00e3 c\u00f3 m\u1eb7t tr\u00ean th\u1ecb tr\u01b0\u1eddng v\u00e0 \u0111\u01b0\u1ee3c nhi\u1ec1u ng\u01b0\u1eddi y\u00eau th\u00edch b\u1edfi h\u01b0\u01a1ng v\u1ecb v\u00e0 h\u00ecnh d\u00e1ng \u0111\u00e1ng y\u00eau c\u1ee7a n\u00f3.<\/p>\n<\/div>\n<\/div>","protected":false},"excerpt":{"rendered":"<p>TH\u00d4NG TIN S\u1ea2N PH\u1ea8M Th\u01b0\u01a1ng hi\u1ec7u Oki Oki Xu\u1ea5t x\u1ee9 Vi\u1ec7t Nam Th\u00e0nh ph\u1ea7n \u0110\u01b0\u1eddng, siro glucose, gelatin, h\u01b0\u01a1ng li\u1ec7u<\/p>","protected":false},"featured_media":39931,"comment_status":"open","ping_status":"closed","template":"","meta":[],"product_brand":[],"product_cat":[677,133],"product_tag":[],"class_list":{"0":"post-39930","1":"product","2":"type-product","3":"status-publish","4":"has-post-thumbnail","6":"product_cat-cac-nuoc-khac","7":"product_cat-banh-keo-chocolate","9":"first","10":"instock","11":"sale","12":"shipping-taxable","13":"purchasable","14":"product-type-variable"},"_links":{"self":[{"href":"https:\/\/havamall.vn\/en\/wp-json\/wp\/v2\/product\/39930"}],"collection":[{"href":"https:\/\/havamall.vn\/en\/wp-json\/wp\/v2\/product"}],"about":[{"href":"https:\/\/havamall.vn\/en\/wp-json\/wp\/v2\/types\/product"}],"replies":[{"embeddable":true,"href":"https:\/\/havamall.vn\/en\/wp-json\/wp\/v2\/comments?post=39930"}],"version-history":[{"count":0,"href":"https:\/\/havamall.vn\/en\/wp-json\/wp\/v2\/product\/39930\/revisions"}],"wp:featuredmedia":[{"embeddable":true,"href":"https:\/\/havamall.vn\/en\/wp-json\/wp\/v2\/media\/39931"}],"wp:attachment":[{"href":"https:\/\/havamall.vn\/en\/wp-json\/wp\/v2\/media?parent=39930"}],"wp:term":[{"taxonomy":"product_brand","embeddable":true,"href":"https:\/\/havamall.vn\/en\/wp-json\/wp\/v2\/product_brand?post=39930"},{"taxonomy":"product_cat","embeddable":true,"href":"https:\/\/havamall.vn\/en\/wp-json\/wp\/v2\/product_cat?post=39930"},{"taxonomy":"product_tag","embeddable":true,"href":"https:\/\/havamall.vn\/en\/wp-json\/wp\/v2\/product_tag?post=39930"}],"curies":[{"name":"wp","href":"https:\/\/api.w.org\/{rel}","templated":true}]}}