{"id":39925,"date":"2025-07-05T14:21:51","date_gmt":"2025-07-05T07:21:51","guid":{"rendered":"https:\/\/havamall.vn\/?post_type=product&#038;p=39925"},"modified":"2025-07-05T16:24:40","modified_gmt":"2025-07-05T09:24:40","slug":"tao-do-kep-sua-va-hat-hanh-nhan-tasami-60g","status":"publish","type":"product","link":"https:\/\/havamall.vn\/en\/shop\/tao-do-kep-sua-va-hat-hanh-nhan-tasami-60g\/","title":{"rendered":"T\u00e1o \u0110\u1ecf K\u1eb9p S\u1eefa V\u00e0 H\u1ea1t H\u1ea1nh Nh\u00e2n Tasami 60g"},"content":{"rendered":"<h2 data-start=\"195\" data-end=\"216\">TH\u00d4NG TIN S\u1ea2N PH\u1ea8M<\/h2>\n<div class=\"_tableContainer_80l1q_1\">\n<div class=\"_tableWrapper_80l1q_14 group flex w-fit flex-col-reverse\">\n<table class=\"w-fit min-w-(--thread-content-width)\" data-start=\"125\" data-end=\"923\">\n<tbody data-start=\"272\" data-end=\"923\">\n<tr data-start=\"272\" data-end=\"346\">\n<td data-start=\"272\" data-end=\"306\" data-col-size=\"sm\"><strong data-start=\"274\" data-end=\"289\">Th\u01b0\u01a1ng hi\u1ec7u<\/strong><\/td>\n<td data-col-size=\"md\" data-start=\"306\" data-end=\"346\">Tasami<\/td>\n<\/tr>\n<tr data-start=\"347\" data-end=\"419\">\n<td data-start=\"347\" data-end=\"380\" data-col-size=\"sm\"><strong data-start=\"349\" data-end=\"360\">Xu\u1ea5t x\u1ee9<\/strong><\/td>\n<td data-col-size=\"md\" data-start=\"380\" data-end=\"419\">Vi\u1ec7t Nam<\/td>\n<\/tr>\n<tr data-start=\"420\" data-end=\"523\">\n<td data-start=\"420\" data-end=\"453\" data-col-size=\"sm\"><strong data-start=\"422\" data-end=\"436\">Th\u00e0nh ph\u1ea7n<\/strong><\/td>\n<td data-col-size=\"md\" data-start=\"453\" data-end=\"523\">T\u00e1o \u0111\u1ecf, s\u1eefa, h\u1ea1t h\u1ea1nh nh\u00e2n, \u0111\u01b0\u1eddng, ch\u1ea5t \u1ed5n \u0111\u1ecbnh th\u1ef1c ph\u1ea9m (n\u1ebfu c\u00f3)<\/td>\n<\/tr>\n<tr data-start=\"524\" data-end=\"596\">\n<td data-start=\"524\" data-end=\"557\" data-col-size=\"sm\"><strong data-start=\"526\" data-end=\"541\">H\u1ea1n s\u1eed d\u1ee5ng<\/strong><\/td>\n<td data-col-size=\"md\" data-start=\"557\" data-end=\"596\">12 th\u00e1ng k\u1ec3 t\u1eeb ng\u00e0y s\u1ea3n xu\u1ea5t<\/td>\n<\/tr>\n<tr data-start=\"597\" data-end=\"669\">\n<td data-start=\"597\" data-end=\"630\" data-col-size=\"sm\"><strong data-start=\"599\" data-end=\"613\">Kh\u1ed1i l\u01b0\u1ee3ng<\/strong><\/td>\n<td data-col-size=\"md\" data-start=\"630\" data-end=\"669\">60g<\/td>\n<\/tr>\n<tr data-start=\"670\" data-end=\"785\">\n<td data-start=\"670\" data-end=\"703\" data-col-size=\"sm\"><strong data-start=\"672\" data-end=\"689\">C\u00e1ch b\u1ea3o qu\u1ea3n<\/strong><\/td>\n<td data-col-size=\"md\" data-start=\"703\" data-end=\"785\">B\u1ea3o qu\u1ea3n n\u01a1i kh\u00f4 r\u00e1o, tho\u00e1ng m\u00e1t, tr\u00e1nh \u00e1nh n\u1eafng tr\u1ef1c ti\u1ebfp, nhi\u1ec7t \u0111\u1ed9 d\u01b0\u1edbi 25\u00b0C<\/td>\n<\/tr>\n<tr data-start=\"786\" data-end=\"923\">\n<td data-start=\"786\" data-end=\"819\" data-col-size=\"sm\"><strong data-start=\"788\" data-end=\"802\">Khuy\u1ebfn c\u00e1o<\/strong><\/td>\n<td data-start=\"819\" data-end=\"923\" data-col-size=\"md\">S\u1ea3n ph\u1ea9m c\u00f3 th\u1ec3 ch\u1ee9a d\u1ea5u v\u1ebft c\u1ee7a c\u00e1c lo\u1ea1i h\u1ea1t kh\u00e1c. Ng\u01b0\u1eddi d\u1ecb \u1ee9ng h\u1ea1t n\u00ean c\u00e2n nh\u1eafc tr\u01b0\u1edbc khi s\u1eed d\u1ee5ng.<\/td>\n<\/tr>\n<\/tbody>\n<\/table>\n<p data-start=\"235\" data-end=\"553\">B\u00ean c\u1ea1nh s\u1ef1 hot hit c\u1ee7a trend T\u00e1o \u0110\u1ecf T\u00e2n C\u01b0\u01a1ng K\u1eb9p H\u1ea1t \u0110i\u1ec1u S\u1eefa L\u1ea1c \u0110\u00e0 M\u00f4ng C\u1ed5, th\u00ec nay <strong>Tasami<\/strong> \u0111\u00e3 bi\u1ebfn t\u1ea5u \u0111a d\u1ea1ng c\u00e1c lo\u1ea1i h\u1ea1t h\u01a1n nh\u01b0 h\u1ea1t h\u1ea1nh nh\u00e2n v\u00e0 h\u1ea1t \u00f3c ch\u00f3. <strong>T\u00e1o \u0111\u1ecf k\u1eb9p s\u1eefa v\u00e0 h\u1ea1t h\u1ea1nh nh\u00e2n Tasami<\/strong> l\u00e0 s\u1ef1 h\u00f2a quy\u1ec7n tuy\u1ec7t v\u1eddi gi\u1eefa v\u1ecb ng\u1ecdt thanh m\u00e1t c\u1ee7a t\u00e1o \u0111\u1ecf ch\u1ecdn l\u1ecdc c\u00f9ng v\u1ecb b\u00e9o b\u00f9i c\u1ee7a h\u1ea1t h\u1ea1nh nh\u00e2n rang th\u01a1m v\u00e0 l\u1edbp s\u1eefa m\u1ecbn m\u00e0ng, ng\u1eady d\u1ecbu. S\u1ea3n ph\u1ea9m mang \u0111\u1ebfn m\u1ed9t tr\u1ea3i nghi\u1ec7m \u0103n v\u1eb7t m\u1edbi l\u1ea1, v\u1eeba th\u01a1m ngon v\u1eeba gi\u00e0u dinh d\u01b0\u1ee1ng, r\u1ea5t ph\u00f9 h\u1ee3p \u0111\u1ec3 b\u1ed5 sung n\u0103ng l\u01b0\u1ee3ng nhanh trong ng\u00e0y.<\/p>\n<p data-start=\"235\" data-end=\"553\"><img fetchpriority=\"high\" decoding=\"async\" class=\"aligncenter\" src=\"https:\/\/scontent.fsgn19-1.fna.fbcdn.net\/v\/t39.30808-6\/505847337_1418360223438051_364228810745951837_n.jpg?_nc_cat=100&amp;ccb=1-7&amp;_nc_sid=127cfc&amp;_nc_ohc=x15-qpu1zm0Q7kNvwGs5qTo&amp;_nc_oc=AdlAFQQ2-CeeV5wbAFHYG9lNpGScwAFQ9fKLjB59bf4Zgf2d-olz4IXlhuN7XYjg_zb9yZBPMq6r77t0b-QpVpI9&amp;_nc_zt=23&amp;_nc_ht=scontent.fsgn19-1.fna&amp;_nc_gid=et6yZlsSQmjz_v__twb9Pg&amp;oh=00_AfR1zMqmp1xbPXgWCRaM7Iukds0bdDjy0VSn4cjQDtgBYA&amp;oe=686EB643\" alt=\"C\u00f3 th\u1ec3 l\u00e0 h\u00ecnh \u1ea3nh v\u1ec1 v\u0103n b\u1ea3n\" width=\"850\" height=\"1062\" \/><\/p>\n<p data-start=\"621\" data-end=\"923\">S\u1ef1 k\u1ebft h\u1ee3p gi\u1eefa t\u00e1o \u0111\u1ecf m\u1ec1m d\u1ebbo, ng\u1ecdt d\u1ecbu c\u00f9ng h\u1ea1t h\u1ea1nh nh\u00e2n b\u00f9i b\u00f9i v\u00e0 s\u1eefa Tasami gi\u00e0u d\u01b0\u1ee1ng ch\u1ea5t t\u1ea1o n\u00ean m\u00f3n \u0103n v\u1eb7t \u0111\u01b0\u1ee3c nhi\u1ec1u ng\u01b0\u1eddi y\u00eau th\u00edch. T\u00e1o \u0111\u1ecf v\u1ed1n l\u00e0 ngu\u1ed3n cung c\u1ea5p vitamin v\u00e0 kho\u00e1ng ch\u1ea5t qu\u00fd gi\u00e1, c\u00f2n h\u1ea1t h\u1ea1nh nh\u00e2n n\u1ed5i ti\u1ebfng v\u1edbi l\u01b0\u1ee3ng ch\u1ea5t b\u00e9o l\u00e0nh m\u1ea1nh, vitamin E v\u00e0 protein t\u1ed1t cho s\u1ee9c kh\u1ecfe.<\/p>\n<p data-start=\"621\" data-end=\"923\"><img decoding=\"async\" class=\"aligncenter\" src=\"https:\/\/scontent.fsgn19-1.fna.fbcdn.net\/v\/t39.30808-6\/505649947_1418359916771415_5025149557819738396_n.jpg?_nc_cat=109&amp;ccb=1-7&amp;_nc_sid=127cfc&amp;_nc_ohc=lXVC79RWPqcQ7kNvwG3n51f&amp;_nc_oc=AdlNdeF0TJ8TpUgC8vZgr3xSwZNUumkj1K2MHe9upRLEhPoXbQKJVctNrFY8QqBIxFIUCCSx1j2_JSQ7ymvyoXQP&amp;_nc_zt=23&amp;_nc_ht=scontent.fsgn19-1.fna&amp;_nc_gid=pR0exnsapv1vtaDXMAtvNQ&amp;oh=00_AfSxppFGqLqHgCrqjXiFa75Q2kGQA5cOFlh-ffcBUD7PyQ&amp;oe=686EA86C\" alt=\"C\u00f3 th\u1ec3 l\u00e0 h\u00ecnh \u1ea3nh v\u1ec1 v\u0103n b\u1ea3n\" width=\"850\" height=\"1275\" \/><\/p>\n<p data-start=\"925\" data-end=\"1225\">S\u1eefa trong s\u1ea3n ph\u1ea9m c\u00f3 v\u1ecb ng\u1ecdt thanh t\u1ef1 nhi\u00ean, m\u1ecbn m\u00e0ng, gi\u00fap c\u00e2n b\u1eb1ng h\u01b0\u01a1ng v\u1ecb v\u00e0 t\u1ea1o c\u1ea3m gi\u00e1c b\u00e9o ng\u1eady v\u1eeba ph\u1ea3i, kh\u00f4ng g\u00e2y ng\u00e1n. S\u1ea3n ph\u1ea9m kh\u00f4ng ch\u1ec9 ngon m\u00e0 c\u00f2n ph\u00f9 h\u1ee3p cho nhi\u1ec1u \u0111\u1ed1i t\u01b0\u1ee3ng, t\u1eeb tr\u1ebb em, ng\u01b0\u1eddi l\u1edbn \u0111\u1ebfn ng\u01b0\u1eddi cao tu\u1ed5i, \u0111\u1eb7c bi\u1ec7t l\u00e0 nh\u1eefng ai y\u00eau th\u00edch c\u00e1c m\u00f3n \u0103n v\u1eb7t l\u00e0nh m\u1ea1nh, \u00edt ch\u1ea5t b\u00e9o.<\/p>\n<p data-start=\"925\" data-end=\"1225\"><img decoding=\"async\" class=\"aligncenter\" src=\"https:\/\/scontent.fsgn19-1.fna.fbcdn.net\/v\/t39.30808-6\/505997119_1418359896771417_8638898294021211736_n.jpg?_nc_cat=105&amp;ccb=1-7&amp;_nc_sid=127cfc&amp;_nc_ohc=DnuB6XbuJYIQ7kNvwHbkDrv&amp;_nc_oc=AdnOjgwHkIFJLqh8bfgtK6M2d3rqi9F22ELzg6KivtQlz97USYyfmxeaIWxAX5P8ecvjhpqNwW7ckL3x1I9GK777&amp;_nc_zt=23&amp;_nc_ht=scontent.fsgn19-1.fna&amp;_nc_gid=J3IQ769DCV7tLuvvDM56_g&amp;oh=00_AfSAVUnJYu-ABsg3-oQ1Gy5MFdedyXWdBupyOeCD7aYDwg&amp;oe=686EB988\" alt=\"Kh\u00f4ng c\u00f3 m\u00f4 t\u1ea3 \u1ea3nh.\" width=\"850\" height=\"1275\" \/><\/p>\n<p data-start=\"925\" data-end=\"1225\"><strong><span style=\"font-size: 18pt\">TH\u01af\u01a0NG TH\u1ee8C S\u1ea2N PH\u1ea8M THEO C\u00c1CH RI\u00caNG<\/span><\/strong><\/p>\n<ul>\n<li><strong>\u0102n n\u00f3ng\/ Hot Food:<\/strong>\u00a0Cho t\u00e1o \u0111\u1ecf 3in1 v\u00e0o l\u00f2 vi s\u00f3ng \u1edf nhi\u1ec7t \u0111\u1ed9 th\u1ea5p trong 3 ph\u00fat, s\u1eefa l\u1ea1c \u0111\u00e0 s\u1ebd tan ch\u1ea3y v\u00e0 t\u1ea1o th\u00e0nh s\u1ee3i. \u0110\u1ec3 ngu\u1ed9i v\u00e0 th\u01b0\u1edfng th\u1ee9c.<\/li>\n<li><strong>\u0102n L\u1ea1nh\/ Cool Food:<\/strong>\u00a0Cho t\u00e1o \u0111\u1ecf 3in1 v\u00e0o t\u1ee7 l\u1ea1nh \u0111\u1ec3 trong nhi\u1ec7t \u0111\u1ed9 20-25 \u00b0C trong v\u00f2ng 10 ph\u00fat. L\u1ea5y ra v\u00e0 th\u01b0\u1edfng th\u1ee9c c\u00f9ng v\u1edbi m\u1ed9t t\u00e1ch tr\u00e0 th\u1ea3o m\u1ed9c.<\/li>\n<\/ul>\n<p><img loading=\"lazy\" decoding=\"async\" class=\"aligncenter\" src=\"https:\/\/scontent.fsgn19-1.fna.fbcdn.net\/v\/t39.30808-6\/505829651_1418359976771409_2006810572725007693_n.jpg?_nc_cat=106&amp;ccb=1-7&amp;_nc_sid=127cfc&amp;_nc_ohc=lwsVHJI004YQ7kNvwHba4R4&amp;_nc_oc=AdnlwMBysTeFEiQmyGB09QZBKl6aSzYHqC-rJCoZdtLvhNtjNoZ-tbXpL9pkKAGafxHlzmn7p-xGpD6VNVmWnTID&amp;_nc_zt=23&amp;_nc_ht=scontent.fsgn19-1.fna&amp;_nc_gid=KuQsFdx-DMDBkIXBqbBAmQ&amp;oh=00_AfTHrPy-dCtw428v3VPGrmnmUjC58QGX6PxGcER5WdQqZw&amp;oe=686E9DFE\" alt=\"C\u00f3 th\u1ec3 l\u00e0 h\u00ecnh \u1ea3nh v\u1ec1 tr\u00e0 v\u00e0 v\u0103n b\u1ea3n\" width=\"850\" height=\"1275\" \/><\/p>\n<p><strong>T\u00e1o \u0111\u1ecf k\u1eb9p s\u1eefa v\u00e0 h\u1ea1t h\u1ea1nh nh\u00e2n Tasami 60g<\/strong> cung c\u1ea5p nhi\u1ec1u kho\u00e1ng ch\u1ea5t, vitamin v\u00e0 dinh d\u01b0\u1ee1ng t\u1ed1t cho s\u1ee9c kh\u1ecfe n\u00ean r\u1ea5t th\u00edch h\u1ee3p \u0111\u1ec3 l\u00e0m m\u00f3n \u0103n v\u1eb7t, \u0111\u1ed3 tr\u00e1ng mi\u1ec7ng trong c\u00e1c bu\u1ed5i ti\u1ec7c, d\u1ecbp T\u1ebft\u2026 hay l\u00e0m m\u00f3n qu\u00e0 t\u1eb7ng cho ng\u01b0\u1eddi th\u00e2n, b\u1ea1n b\u00e8. S\u1ea3n ph\u1ea9m nay \u0111\u00e3 c\u00f3 m\u1eb7t t\u1ea1i <strong>Havamall<\/strong>.<\/p>\n<\/div>\n<\/div>","protected":false},"excerpt":{"rendered":"<p>TH\u00d4NG TIN S\u1ea2N PH\u1ea8M Th\u01b0\u01a1ng hi\u1ec7u Tasami Xu\u1ea5t x\u1ee9 Vi\u1ec7t Nam Th\u00e0nh ph\u1ea7n T\u00e1o \u0111\u1ecf, s\u1eefa, h\u1ea1t h\u1ea1nh nh\u00e2n, \u0111\u01b0\u1eddng,<\/p>","protected":false},"featured_media":39926,"comment_status":"open","ping_status":"closed","template":"","meta":[],"product_brand":[],"product_cat":[677,133],"product_tag":[],"class_list":{"0":"post-39925","1":"product","2":"type-product","3":"status-publish","4":"has-post-thumbnail","6":"product_cat-cac-nuoc-khac","7":"product_cat-banh-keo-chocolate","9":"first","10":"instock","11":"sale","12":"shipping-taxable","13":"purchasable","14":"product-type-simple"},"_links":{"self":[{"href":"https:\/\/havamall.vn\/en\/wp-json\/wp\/v2\/product\/39925"}],"collection":[{"href":"https:\/\/havamall.vn\/en\/wp-json\/wp\/v2\/product"}],"about":[{"href":"https:\/\/havamall.vn\/en\/wp-json\/wp\/v2\/types\/product"}],"replies":[{"embeddable":true,"href":"https:\/\/havamall.vn\/en\/wp-json\/wp\/v2\/comments?post=39925"}],"version-history":[{"count":0,"href":"https:\/\/havamall.vn\/en\/wp-json\/wp\/v2\/product\/39925\/revisions"}],"wp:featuredmedia":[{"embeddable":true,"href":"https:\/\/havamall.vn\/en\/wp-json\/wp\/v2\/media\/39926"}],"wp:attachment":[{"href":"https:\/\/havamall.vn\/en\/wp-json\/wp\/v2\/media?parent=39925"}],"wp:term":[{"taxonomy":"product_brand","embeddable":true,"href":"https:\/\/havamall.vn\/en\/wp-json\/wp\/v2\/product_brand?post=39925"},{"taxonomy":"product_cat","embeddable":true,"href":"https:\/\/havamall.vn\/en\/wp-json\/wp\/v2\/product_cat?post=39925"},{"taxonomy":"product_tag","embeddable":true,"href":"https:\/\/havamall.vn\/en\/wp-json\/wp\/v2\/product_tag?post=39925"}],"curies":[{"name":"wp","href":"https:\/\/api.w.org\/{rel}","templated":true}]}}