{"id":3992,"date":"2018-03-19T12:41:36","date_gmt":"2018-03-19T05:41:36","guid":{"rendered":"https:\/\/www.ovidesign.studio\/?post_type=product&#038;p=3992"},"modified":"2021-06-04T17:35:39","modified_gmt":"2021-06-04T10:35:39","slug":"bo-dao-cao-rau-6-luoi-dao-cao-rau-gillette-fusion-proglide-51","status":"publish","type":"product","link":"https:\/\/havamall.vn\/en\/shop\/bo-dao-cao-rau-6-luoi-dao-cao-rau-gillette-fusion-proglide-51\/","title":{"rendered":"B\u1ed9 dao c\u1ea1o r\u00e2u + 6 l\u01b0\u1ee1i dao c\u1ea1o R\u00e2u Gillette Fusion Proglide 5+1"},"content":{"rendered":"<div id=\"primary-project-content\" class=\"project-styles zero-top\">\n<div id=\"project-canvas\" class=\"project-canvas-view project-styles\">\n<div id=\"project-modules\">\n<div class=\"project-module module image project-module-image image-full project-module-image-full\">\n<div class=\"js-project-lightbox-link project-module-image-inner-wrap lightbox-link hover-icon-enabled\">\n<h2 class=\"pdp-mod-section-title outer-title\">M\u00f4 t\u1ea3 s\u1ea3n ph\u1ea9m<\/h2>\n<div class=\"pdp-product-detail\">\n<div class=\"pdp-product-desc\">\n<div class=\"html-content pdp-product-highlights\">\n<ul class=\"\">\n<li class=\"\">Nh\u1eb9 nh\u00e0ng l\u00e0m gi\u1ea3m \u0111\u1ed9 ma s\u00e1t<\/li>\n<li class=\"\">Cho b\u1ea1n c\u1ea3 gi\u00e1c tho\u1ea3i m\u00e1i; d\u1ec5 ch\u1ecbu.<\/li>\n<li class=\"\">V\u1ec9 L\u01b0\u1ee1i Dao C\u1ea1o R\u00e2u Gillette Fusion Proglide 5+1.<\/li>\n<li class=\"\">L\u01b0\u1ee1i dao \u0111\u01b0\u1ee3c bao ph\u1ee7 b\u1edfi ch\u1ea5t titan; \u00edt g\u00e2y k\u00edch \u1ee9ng da<\/li>\n<li class=\"\">L\u01b0\u1ee1i dao s\u1eafc v\u00e0 \u0111i s\u00e2u v\u00e0o ch\u00e2n r\u00e2u nh\u1edd b\u00e0n dao m\u1ea1 titan.<\/li>\n<li class=\"\">R\u00e3nh b\u00f4i tr\u01a1n ch\u1ee9a Aloe Vera; Vitamin Ev\u00e0 Pro B-5<\/li>\n<\/ul>\n<\/div>\n<div class=\"html-content detail-content\">\n<h1>Dao c\u1ea1o r\u00e2u Gillette Fusion Proglide<\/h1>\n<p>Xu\u1ea5t x\u1ee9: Gillette Nh\u1eadt B\u1ea3n \u2013 P&amp;G<\/p>\n<p>K\u00edch th\u01b0\u1edbc: (r\u1ed9ng x s\u00e2u x cao): 101mm \u00d7 200mm \u00d7 48mm.<\/p>\n<p>Tr\u1ecdng l\u01b0\u1ee3ng: 100g<\/p>\n<p><img decoding=\"async\" class=\"aligncenter\" src=\"https:\/\/havamall.vn\/wp-content\/uploads\/2018\/03\/101488919-d33d3ea7f95fb4329c08486b1cbe327b.jpg\" alt=\"K\u1ebft qu\u1ea3 h\u00ecnh \u1ea3nh cho \u30b8\u30ec\u30c3\u30c8 \u30d7\u30ed\u30b0\u30e9\u30a4\u30c9 \u30d5\u30ec\u30c3\u30af\u30b9\u30dc\u30fc\u30eb \u30de\u30cb\u30e5\u30a2\u30eb\u30db\u30eb\u30c0\u30fc ( \u30db\u30eb\u30c0\u30fc+\u66ff\u52032\u30b3\u5165 )\/ \u30b8\u30ec\u30c3\u30c8\" \/><\/p>\n<p><img decoding=\"async\" class=\"aligncenter\" src=\"https:\/\/havamall.vn\/wp-content\/uploads\/2018\/03\/101488919-5e3c5e56f77d11305b9c86163522003b.jpg\" alt=\"image\" \/><\/p>\n<p>Dao c\u1ea1o r\u00e2u Gillete Fusion Proglide n\u1ed9i \u0111\u1ecba Nh\u1eadt thi\u1ebft k\u1ebf v\u1edbi 6 l\u01b0\u1ee1i dao gi\u00fap c\u1ea1o s\u1ea1ch s\u00e2u, ngay c\u1ea3 nh\u1eefng s\u1ee3i r\u00e2u liti d\u01b0\u1edbi m\u0169i, \u0111\u1eb7c bi\u1ec7t c\u00f3 th\u1ec3 t\u1ea1o ki\u1ec3u r\u00e2u d\u1ec5 d\u00e0ng theo \u00fd th\u00edch.Dao Gillete Fusion Proglide nh\u1eb9 nh\u00e0ng, l\u00e0m gi\u1ea3m \u0111\u1ed9 ma s\u00e1t cho b\u1ea1n c\u1ea3 gi\u00e1c tho\u1ea3i m\u00e1i, d\u1ec5 ch\u1ecbu.<\/p>\n<p>L\u01b0\u1ee1i dao c\u1ea1o Gillete Fusion Proglide 5+1 l\u01b0\u1ee1i \u0111\u01b0\u1ee3c thi\u1ebft k\u1ebf \u0111\u1ed9c \u0111\u00e1o c\u00f3 ch\u1ee9a L\u00f4 h\u1ed9i &amp; Vitamin E gi\u00fap l\u00e0m d\u1ecbu v\u00e0 m\u1ec1m v\u00f9ng da c\u1ea1o, kh\u00f4ng g\u00e2y \u0111au r\u00e1t.<\/p>\n<h2>\u01afu \u0111i\u1ec3m c\u1ee7a dao c\u1ea1o r\u00e2u Gillette Fusion Proglide:<\/h2>\n<ul>\n<li>Dao c\u1ea1o Gillette linh ho\u1ea1t sang tr\u00e1i, sang ph\u1ea3i, l\u00ean tr\u00ean v\u00e0 d\u01b0\u1edbi r\u1ea5t nh\u1eb9 nh\u00e0ng v\u00e0 \u00eam \u00e1i.<\/li>\n<li>L\u01b0\u1ee1i dao c\u1ea1o Gillette Nh\u1eadt B\u1ea3n \u0111\u01b0\u1ee3c bao ph\u1ee7 b\u1edfi ch\u1ea5t titan, \u00edt g\u00e2y k\u00edch \u1ee9ng da.<\/li>\n<li>L\u01b0\u1ee1i dao Gillete Fusion Proglide 6 l\u01b0\u1ee1i c\u00f3 l\u01b0\u1ee1i si\u00eau m\u1ecfng, s\u1eafc v\u00e0 \u0111i s\u00e2u v\u00e0o ch\u00e2n r\u00e2u nh\u1edd b\u00e0n dao m\u1ea1 titan.<\/li>\n<li>L\u01b0\u1ee1i dao \u0111\u01b0\u1ee3c thi\u1ebft k\u1ebf v\u1edbi g\u1edd ph\u00ed sau gi\u00fap b\u1ea1n c\u00f3 th\u1ec3 t\u1ea1o d\u00e1ng tho\u1ea3i m\u00e1i cho b\u1ed9 r\u00e2u c\u1ee7a m\u00ecnh v\u1edbi phong c\u00e1ch ri\u00eang.<\/li>\n<li>R\u00e3nh b\u00f4i tr\u01a1n ch\u1ee9a Aloe Vera, Vitamin E v\u00e0 Pro B-5 gi\u00fap l\u01b0\u1edbt nhanh, nh\u1eb9 nh\u00e0ng t\u1ea1o s\u1ef1 d\u1ec5 ch\u1ecbu cho l\u00e0n da.<\/li>\n<li>R\u00eca cao su r\u1ed9ng gi\u00fap b\u1ea1n k\u00e9o c\u0103ng da v\u00e0 n\u00e2ng cao c\u00e1c l\u1ecdn t\u00f3c tr\u01b0\u1edbc khi c\u1ea1o r\u00e2u.<\/li>\n<li>S\u1ef1 thay \u0111\u1ed3i m\u00e0u s\u1eafc c\u1ee7a r\u00e3nh b\u00f4i tr\u01a1n l\u00e0 d\u1ea5u hi\u1ec7u nh\u1eafc b\u1ea1n n\u00ean thay l\u01b0\u1ee1i dao c\u1ea1o. M\u1ed9t l\u01b0\u1ee1i dao c\u00f3 th\u1ec3 d\u00f9ng \u0111\u01b0\u1ee3c \u0111\u1ebfn 1-2 th\u00e1ng, r\u1ea5t ti\u1ebft ki\u1ec7m.<\/li>\n<li><img decoding=\"async\" class=\"aligncenter\" src=\"https:\/\/havamall.vn\/wp-content\/uploads\/2018\/03\/101488919-e313e1d403b4510950ef84dc52388aa2.jpg\" alt=\"K\u1ebft qu\u1ea3 h\u00ecnh \u1ea3nh cho 4902430698856\" \/><\/li>\n<\/ul>\n<p><strong>Dao c\u1ea1o r\u00e2u Gillette Fusion 5+ 1<\/strong>\u00a0mang \u0111\u1ebfn cho b\u1ea1n s\u1ef1 tho\u1ea3i m\u00e1i tuy\u1ec7t \u0111\u1ed1i b\u1eb1ng vi\u1ec7c kh\u00f4ng g\u00e2y k\u00edch \u1ee9ng da. L\u01b0\u1ee1i dao \u0111\u01b0\u1ee3c thi\u1ebft k\u1ebf \u0111\u1eb7c bi\u1ebft gi\u00fap b\u1ea1n t\u1ea1o ki\u1ec3u d\u00e1ng y\u00eau th\u00edch cho b\u1ed9 r\u00e2u c\u1ee7a m\u00ecnh.<br \/>\n\u0110\u1eb7c \u0111i\u1ec3m:<\/p>\n<p>* l\u01b0\u1ee1i dao \u0111\u01b0\u1ee3c bao ph\u1ee7 b\u1edfi ch\u1ea5t titan, \u00edt g\u00e2y k\u00edch \u1ee9ng da.<br \/>\n* L\u01b0\u1ee1i dao s\u1eafc v\u00e0 \u0111i s\u00e2u v\u00e0o ch\u00e2n r\u00e2u nh\u1edd b\u00e0n dao m\u1ea1 titan.<br \/>\n* L\u01b0\u1ee1i dao \u0111\u01b0\u1ee3c thi\u1ebft k\u1ebf v\u1edbi g\u1edd ph\u00ed sau gi\u00fap b\u1ea1n c\u00f3 th\u1ec3 t\u1ea1o d\u00e1ng tho\u1ea3i m\u00e1i cho b\u1ed9 r\u00e2u c\u1ee7a m\u00ecnh v\u1edbi phong c\u00e1ch ri\u00eang.<br \/>\n* R\u00e3nh b\u00f4i tr\u01a1n ch\u1ee9a Aloe Vera, Vitamin Ev\u00e0 Pro B-5 t\u1ea1o Lubricating strip contains Aloe Vera, Vitamins E and ProB-5 gi\u00fap l\u01b0\u1ee1i dao l\u01b0\u1edbt nh anh, nh\u1eb9 nh\u00e0ng t\u1ea1o s\u1ef1 d\u1ec5 ch\u1ecbu cho l\u00e0n da.<\/p>\n<p>* R\u00eca cao su r\u1ed9ng gi\u00fap b\u1ea1n k\u00e9o c\u0103ng da v\u00e0 n\u00e2ng cao c\u00e1c l\u1ecdn t\u00f3c tr\u01b0\u1edbc khi c\u1ea1o r\u00e2u.<br \/>\n* S\u1ef1 thay \u0111\u1ed3i m\u00e0u s\u1eafc c\u1ee7a r\u00e3nh b\u00f4i tr\u01a1n l\u00e0 d\u1ea5u hi\u1ec7u nh\u1eafc b\u1ea1n n\u00ean thay l\u01b0\u1ee1i dao c\u1ea1o.<\/p>\n<p><img decoding=\"async\" class=\"aligncenter\" src=\"https:\/\/havamall.vn\/wp-content\/uploads\/2018\/03\/101488919-248983480d267c991350dcc8741cdd40.jpg\" alt=\"K\u1ebft qu\u1ea3 h\u00ecnh \u1ea3nh cho 4902430698870\" \/><\/p>\n<\/div>\n<div class=\"pdp-mod-specification\">\n<h2 class=\"pdp-mod-section-title\">\u0110\u1eb7c t\u00ednh s\u1ea3n ph\u1ea9m<\/h2>\n<div class=\"pdp-general-features\">\n<ul class=\"specification-keys\">\n<li class=\"key-li\"><span class=\"key-title\">Th\u01b0\u01a1ng hi\u1ec7u :\u00a0<\/span>gillette<\/li>\n<li class=\"key-li\"><span class=\"key-title\">SKU :\u00a0<\/span>GI383HBAA33UORVNAMZ-5415128<\/li>\n<li class=\"key-li\"><span class=\"key-title\">M\u1eabu m\u00e3:\u00a0<\/span>dao c\u1ea1o r\u00e2u<\/li>\n<li class=\"key-li\"><span class=\"key-title\">Lo\u1ea1i b\u1ea3o h\u00e0nh:\u00a0<\/span>No Warranty<\/li>\n<li class=\"key-li\">B\u1ed9 s\u1ea3n ph\u1ea9m bao g\u1ed3m: 1 x dao c\u1ea1o r\u00e2u\u00a0 &#8211; 4 x \u00a0l\u01b0\u1ee1i thay th\u1ebf<\/li>\n<\/ul>\n<\/div>\n<\/div>\n<\/div>\n<\/div>\n<\/div>\n<\/div>\n<\/div>\n<\/div>\n<\/div>","protected":false},"excerpt":{"rendered":"<p>M\u00f4 t\u1ea3 s\u1ea3n ph\u1ea9m Nh\u1eb9 nh\u00e0ng l\u00e0m gi\u1ea3m \u0111\u1ed9 ma s\u00e1t Cho b\u1ea1n c\u1ea3 gi\u00e1c tho\u1ea3i m\u00e1i; d\u1ec5 ch\u1ecbu. V\u1ec9<\/p>","protected":false},"featured_media":4320,"comment_status":"open","ping_status":"closed","template":"","meta":[],"product_brand":[],"product_cat":[626],"product_tag":[],"class_list":{"0":"post-3992","1":"product","2":"type-product","3":"status-publish","4":"has-post-thumbnail","6":"product_cat-het-hang","8":"first","9":"outofstock","10":"sale","11":"shipping-taxable","12":"purchasable","13":"product-type-simple"},"_links":{"self":[{"href":"https:\/\/havamall.vn\/en\/wp-json\/wp\/v2\/product\/3992"}],"collection":[{"href":"https:\/\/havamall.vn\/en\/wp-json\/wp\/v2\/product"}],"about":[{"href":"https:\/\/havamall.vn\/en\/wp-json\/wp\/v2\/types\/product"}],"replies":[{"embeddable":true,"href":"https:\/\/havamall.vn\/en\/wp-json\/wp\/v2\/comments?post=3992"}],"version-history":[{"count":0,"href":"https:\/\/havamall.vn\/en\/wp-json\/wp\/v2\/product\/3992\/revisions"}],"wp:featuredmedia":[{"embeddable":true,"href":"https:\/\/havamall.vn\/en\/wp-json\/wp\/v2\/media\/4320"}],"wp:attachment":[{"href":"https:\/\/havamall.vn\/en\/wp-json\/wp\/v2\/media?parent=3992"}],"wp:term":[{"taxonomy":"product_brand","embeddable":true,"href":"https:\/\/havamall.vn\/en\/wp-json\/wp\/v2\/product_brand?post=3992"},{"taxonomy":"product_cat","embeddable":true,"href":"https:\/\/havamall.vn\/en\/wp-json\/wp\/v2\/product_cat?post=3992"},{"taxonomy":"product_tag","embeddable":true,"href":"https:\/\/havamall.vn\/en\/wp-json\/wp\/v2\/product_tag?post=3992"}],"curies":[{"name":"wp","href":"https:\/\/api.w.org\/{rel}","templated":true}]}}