{"id":39919,"date":"2025-07-03T17:05:20","date_gmt":"2025-07-03T10:05:20","guid":{"rendered":"https:\/\/havamall.vn\/?post_type=product&#038;p=39919"},"modified":"2025-07-03T17:05:20","modified_gmt":"2025-07-03T10:05:20","slug":"sua-yen-mach-barista-cho-ca-phe-milklab-1l-milklab-oat-milk-for-coffee-1l","status":"publish","type":"product","link":"https:\/\/havamall.vn\/en\/shop\/sua-yen-mach-barista-cho-ca-phe-milklab-1l-milklab-oat-milk-for-coffee-1l\/","title":{"rendered":"S\u1eefa Y\u1ebfn M\u1ea1ch Barista Cho C\u00e0 Ph\u00ea MILKLAB 1L \u2013 MILKLAB Oat Milk for Coffee 1L"},"content":{"rendered":"<h2 data-start=\"4060\" data-end=\"4081\">TH\u00d4NG TIN S\u1ea2N PH\u1ea8M<\/h2>\n<div class=\"_tableContainer_80l1q_1\">\n<div class=\"_tableWrapper_80l1q_14 group flex w-fit flex-col-reverse\">\n<table class=\"w-fit min-w-(--thread-content-width)\" style=\"width: 82.9372%;height: 227px\" data-start=\"4083\" data-end=\"5001\">\n<tbody data-start=\"4276\" data-end=\"5001\">\n<tr data-start=\"4276\" data-end=\"4371\">\n<td style=\"width: 23.1076%\" data-start=\"4276\" data-end=\"4301\" data-col-size=\"sm\"><strong data-start=\"4278\" data-end=\"4293\">Th\u01b0\u01a1ng hi\u1ec7u<\/strong><\/td>\n<td style=\"width: 76.0956%\" data-start=\"4301\" data-end=\"4371\" data-col-size=\"lg\">MILKLAB<\/td>\n<\/tr>\n<tr data-start=\"4372\" data-end=\"4467\">\n<td style=\"width: 23.1076%\" data-start=\"4372\" data-end=\"4397\" data-col-size=\"sm\"><strong data-start=\"4374\" data-end=\"4385\">Xu\u1ea5t x\u1ee9<\/strong><\/td>\n<td style=\"width: 76.0956%\" data-start=\"4397\" data-end=\"4467\" data-col-size=\"lg\">\u00dac<\/td>\n<\/tr>\n<tr data-start=\"4468\" data-end=\"4608\">\n<td style=\"width: 23.1076%\" data-start=\"4468\" data-end=\"4493\" data-col-size=\"sm\"><strong data-start=\"4470\" data-end=\"4484\">Th\u00e0nh ph\u1ea7n<\/strong><\/td>\n<td style=\"width: 76.0956%\" data-start=\"4493\" data-end=\"4608\" data-col-size=\"lg\">N\u01b0\u1edbc, y\u1ebfn m\u1ea1ch (15%), d\u1ea7u h\u01b0\u1edbng d\u01b0\u01a1ng, ch\u1ea5t \u1ed5n \u0111\u1ecbnh (gellan gum), ch\u1ea5t \u0111i\u1ec1u ch\u1ec9nh \u0111\u1ed9 axit, mu\u1ed1i, h\u01b0\u01a1ng t\u1ef1 nhi\u00ean<\/td>\n<\/tr>\n<tr data-start=\"4609\" data-end=\"4703\">\n<td style=\"width: 23.1076%\" data-start=\"4609\" data-end=\"4634\" data-col-size=\"sm\"><strong data-start=\"4611\" data-end=\"4626\">H\u1ea1n s\u1eed d\u1ee5ng<\/strong><\/td>\n<td style=\"width: 76.0956%\" data-start=\"4634\" data-end=\"4703\" data-col-size=\"lg\">12 th\u00e1ng k\u1ec3 t\u1eeb ng\u00e0y s\u1ea3n xu\u1ea5t (xem tr\u00ean bao b\u00ec)<\/td>\n<\/tr>\n<tr data-start=\"4704\" data-end=\"4810\">\n<td style=\"width: 23.1076%\" data-start=\"4704\" data-end=\"4729\" data-col-size=\"sm\"><strong data-start=\"4706\" data-end=\"4723\">C\u00e1ch b\u1ea3o qu\u1ea3n<\/strong><\/td>\n<td style=\"width: 76.0956%\" data-start=\"4729\" data-end=\"4810\" data-col-size=\"lg\">B\u1ea3o qu\u1ea3n n\u01a1i kh\u00f4 m\u00e1t; sau khi m\u1edf n\u1eafp gi\u1eef l\u1ea1nh d\u01b0\u1edbi 4\u00b0C v\u00e0 d\u00f9ng trong 5\u20137 ng\u00e0y<\/td>\n<\/tr>\n<tr data-start=\"4811\" data-end=\"4906\">\n<td style=\"width: 23.1076%\" data-start=\"4811\" data-end=\"4836\" data-col-size=\"sm\"><strong data-start=\"4813\" data-end=\"4836\">Quy c\u00e1ch\/Kh\u1ed1i l\u01b0\u1ee3ng<\/strong><\/td>\n<td style=\"width: 76.0956%\" data-start=\"4836\" data-end=\"4906\" data-col-size=\"lg\">H\u1ed9p gi\u1ea5y 1L<\/td>\n<\/tr>\n<tr data-start=\"4907\" data-end=\"5001\">\n<td style=\"width: 23.1076%\" data-start=\"4907\" data-end=\"4932\" data-col-size=\"sm\"><strong data-start=\"4909\" data-end=\"4923\">Khuy\u1ebfn c\u00e1o<\/strong><\/td>\n<td style=\"width: 76.0956%\" data-start=\"4932\" data-end=\"5001\" data-col-size=\"lg\">Kh\u00f4ng ph\u00f9 h\u1ee3p v\u1edbi ng\u01b0\u1eddi d\u1ecb \u1ee9ng y\u1ebfn m\u1ea1ch ho\u1eb7c gluten<\/td>\n<\/tr>\n<\/tbody>\n<\/table>\n<p>Trong b\u1ed1i c\u1ea3nh ng\u00e0nh c\u00e0 ph\u00ea kh\u00f4ng ng\u1eebng \u0111\u1ed5i m\u1edbi, vi\u1ec7c t\u00ecm ki\u1ebfm nh\u1eefng nguy\u00ean li\u1ec7u \u0111\u1ed9c \u0111\u00e1o \u0111\u1ec3 n\u00e2ng cao ch\u1ea5t l\u01b0\u1ee3ng \u0111\u1ed3 u\u1ed1ng \u0111\u00e3 tr\u1edf th\u00e0nh m\u1ed9t xu h\u01b0\u1edbng t\u1ea5t y\u1ebfu. B\u00ean c\u1ea1nh h\u1ea1t c\u00e0 ph\u00ea h\u1ea3o h\u1ea1ng v\u00e0 k\u1ef9 n\u0103ng pha ch\u1ebf \u0111i\u00eau luy\u1ec7n, lo\u1ea1i s\u1eefa \u0111\u01b0\u1ee3c s\u1eed d\u1ee5ng \u0111\u00f3ng vai tr\u00f2 then ch\u1ed1t trong vi\u1ec7c \u0111\u1ecbnh h\u00ecnh h\u01b0\u01a1ng v\u1ecb v\u00e0 k\u1ebft c\u1ea5u cu\u1ed1i c\u00f9ng c\u1ee7a m\u1ed9t ly c\u00e0 ph\u00ea. Trong s\u1ed1 \u0111\u00f3, s\u1eefa y\u1ebfn m\u1ea1ch \u0111\u00e3 nhanh ch\u00f3ng tr\u1edf th\u00e0nh m\u1ed9t &#8220;ng\u00f4i sao&#8221; nh\u1edd kh\u1ea3 n\u0103ng k\u1ebft h\u1ee3p tuy\u1ec7t v\u1eddi v\u1edbi c\u00e0 ph\u00ea, t\u1ea1o n\u00ean h\u01b0\u01a1ng v\u1ecb \u00eam d\u1ecbu v\u00e0 k\u1ebft c\u1ea5u ho\u00e0n h\u1ea3o.<\/p>\n<p><img fetchpriority=\"high\" decoding=\"async\" class=\"aligncenter  wp-image-40946\" src=\"https:\/\/havamall.com\/wp-content\/uploads\/2025\/07\/66f210b8d2505dd96e4023a3_3_coffees_V2-hero_LR-p-1600.webp\" alt=\"\" width=\"850\" height=\"567\" \/><\/p>\n<p>Th\u00e0nh l\u1eadp t\u1ea1i \u00dac, <strong>MILKLAB<\/strong> l\u00e0 th\u01b0\u01a1ng hi\u1ec7u \u0111\u01b0\u1ee3c ph\u00e1t tri\u1ec3n ri\u00eang cho gi\u1edbi pha ch\u1ebf chuy\u00ean nghi\u1ec7p. Kh\u00f4ng gi\u1ed1ng c\u00e1c lo\u1ea1i s\u1eefa th\u1ef1c v\u1eadt th\u00f4ng th\u01b0\u1eddng, d\u00f2ng s\u1ea3n ph\u1ea9m MILKLAB c\u00f3 \u0111\u1ed9 \u1ed5n \u0111\u1ecbnh cao khi \u0111\u00e1nh n\u00f3ng, t\u1ea1o b\u1ecdt \u0111\u1eb9p v\u00e0 duy tr\u00ec v\u1ecb ngon b\u00ean c\u1ea1nh c\u00e0 ph\u00ea \u0111\u1eadm v\u1ecb. D\u00f2ng s\u1eefa y\u1ebfn m\u1ea1ch c\u1ee7a MILKLAB \u0111\u01b0\u1ee3c \u0111\u00e1nh gi\u00e1 cao trong c\u00e1c qu\u00e1n c\u00e0 ph\u00ea cao c\u1ea5p, nh\u1edd k\u1ebft c\u1ea5u m\u01b0\u1ee3t, v\u1ecb ng\u1ecdt d\u1ecbu v\u00e0 d\u1ec5 ph\u1ed1i v\u1edbi espresso.<\/p>\n<p><img decoding=\"async\" class=\"aligncenter  wp-image-40948\" src=\"https:\/\/havamall.com\/wp-content\/uploads\/2025\/07\/MILKLAB-1.jpg\" alt=\"\" width=\"851\" height=\"642\" \/><\/p>\n<p><strong data-start=\"6217\" data-end=\"6251\">MILKLAB Oat Milk for Coffee 1L<\/strong>\u00a0l\u00e0 s\u1ef1 k\u1ebft h\u1ee3p ho\u00e0n h\u1ea3o gi\u1eefa y\u1ebfn m\u1ea1ch nghi\u1ec1n m\u1ecbn v\u00e0 d\u1ea7u h\u01b0\u1edbng d\u01b0\u01a1ng \u2013 mang l\u1ea1i ch\u1ea5t s\u1eefa b\u00e9o nh\u1eb9, v\u1ecb ng\u1ecdt t\u1ef1 nhi\u00ean v\u00e0 kh\u1ea3 n\u0103ng t\u1ea1o foam \u1ea5n t\u01b0\u1ee3ng. V\u1edbi t\u1ef7 l\u1ec7 y\u1ebfn m\u1ea1ch l\u00ean t\u1edbi 15%, s\u1ea3n ph\u1ea9m c\u00f3 \u0111\u1ed9 s\u00e1nh cao h\u01a1n nhi\u1ec1u d\u00f2ng y\u1ebfn m\u1ea1ch th\u00f4ng th\u01b0\u1eddng, kh\u00f4ng t\u00e1ch l\u1edbp khi \u0111\u00e1nh n\u00f3ng, ph\u00f9 h\u1ee3p pha ch\u1ebf latte art ho\u1eb7c cappuccino \u0111\u1eb9p m\u1eaft.<\/p>\n<p><img decoding=\"async\" class=\"aligncenter  wp-image-40947\" src=\"https:\/\/havamall.com\/wp-content\/uploads\/2025\/07\/RAW-Coffee-Company_Milk-Lab-Oat-Milk.webp\" alt=\"\" width=\"850\" height=\"850\" \/><\/p>\n<p><strong>S\u1eefa Y\u1ebfn M\u1ea1ch MILKLAB<\/strong> c\u00f3<strong> m\u00e0u tr\u1eafng kem<\/strong> \u0111\u1eb7c tr\u01b0ng c\u1ee7a y\u1ebfn m\u1ea1ch, k\u1ebft c\u1ea5u c\u1ee7a s\u1eefa r\u1ea5t m\u1ecbn, s\u00e1nh v\u00e0 m\u01b0\u1ee3t m\u00e0 khi u\u1ed1ng. \u0110i\u1ec3m m\u1ea1nh v\u01b0\u1ee3t tr\u1ed9i c\u1ee7a s\u1ea3n ph\u1ea9m n\u00e0y ch\u00ednh l\u00e0 kh\u1ea3 n\u0103ng t\u1ea1o b\u1ecdt v\u00e0 gi\u1eef b\u1ecdt t\u1ea1o ra l\u1edbp b\u1ecdt kem d\u00e0y, m\u1ecbn, b\u00f3ng b\u1ea9y, c\u1ef1c k\u1ef3 d\u1ec5 d\u00e0ng \u0111\u1ec3 th\u1ef1c hi\u1ec7n c\u00e1c k\u1ef9 thu\u1eadt latte art ph\u1ee9c t\u1ea1p v\u00e0 gi\u1eef \u0111\u01b0\u1ee3c h\u00ecnh d\u00e1ng l\u00e2u. H\u01b0\u01a1ng v\u1ecb y\u1ebfn m\u1ea1ch d\u1ecbu nh\u1eb9 khi k\u1ebft h\u1ee3p v\u1edbi espresso t\u1ea1o n\u00ean m\u1ed9t ly c\u00e0 ph\u00ea c\u00f3 v\u1ecb b\u00e9o ng\u1eady, ng\u1ecdt thanh t\u1ef1 nhi\u00ean, gi\u00fap l\u00e0m m\u1ec1m v\u1ecb \u0111\u1eafng c\u1ee7a c\u00e0 ph\u00ea v\u00e0 t\u1ea1o ra m\u1ed9t tr\u1ea3i nghi\u1ec7m u\u1ed1ng m\u01b0\u1ee3t m\u00e0, c\u00e2n b\u1eb1ng.<\/p>\n<p><img loading=\"lazy\" decoding=\"async\" class=\"aligncenter  wp-image-40949\" src=\"https:\/\/havamall.com\/wp-content\/uploads\/2025\/07\/611yc4G8EIL._AC_SL1000.jpg\" alt=\"\" width=\"850\" height=\"850\" \/><\/p>\n<h2 data-start=\"6752\" data-end=\"6795\">C\u00e1ch s\u1eed d\u1ee5ng \u2013 Kh\u00f4ng ch\u1ec9 d\u00e0nh cho c\u00e0 ph\u00ea<\/h2>\n<ul>\n<li><b>Pha c\u00e0 ph\u00ea:<\/b> Pha c\u00e1c lo\u1ea1i \u0111\u1ed3 u\u1ed1ng c\u00e0 ph\u00ea nh\u01b0 Latte, Cappuccino, Flat White, hay Cold Brew s\u1eefa. Ch\u1ec9 c\u1ea7n l\u1eafc \u0111\u1ec1u h\u1ed9p s\u1eefa tr\u01b0\u1edbc khi d\u00f9ng, \u0111\u00e1nh n\u00f3ng \u1edf 60\u201365\u00b0C, t\u1ea1o foam m\u1ecbn nh\u01b0 s\u1eefa b\u00f2, gi\u1eef h\u00ecnh latte art l\u00e2u v\u00e0 \u0111\u1eb9p.<\/li>\n<li><b>Pha ch\u1ebf \u0111\u1ed3 u\u1ed1ng kh\u00e1c:<\/b> Ngo\u00e0i c\u00e0 ph\u00ea, s\u1eefa y\u1ebfn m\u1ea1ch MILKLAB c\u0169ng r\u1ea5t ngon khi d\u00f9ng \u0111\u1ec3 pha sinh t\u1ed1, l\u00e0m smoothies, ho\u1eb7c k\u1ebft h\u1ee3p v\u1edbi ng\u0169 c\u1ed1c \u0103n s\u00e1ng, t\u1ea1o n\u00ean b\u1eefa \u0103n b\u1ed5 d\u01b0\u1ee1ng v\u00e0 th\u01a1m ngon.<\/li>\n<li><b>N\u1ea5u \u0103n v\u00e0 l\u00e0m b\u00e1nh:<\/b> V\u1edbi h\u01b0\u01a1ng v\u1ecb b\u00e9o ng\u1eady v\u00e0 ng\u1ecdt nh\u1eb9 t\u1ef1 nhi\u00ean, s\u1eefa y\u1ebfn m\u1ea1ch n\u00e0y c\u00f3 th\u1ec3 \u0111\u01b0\u1ee3c d\u00f9ng l\u00e0m nguy\u00ean li\u1ec7u trong m\u1ed9t s\u1ed1 c\u00f4ng th\u1ee9c n\u1ea5u \u0103n ho\u1eb7c l\u00e0m b\u00e1nh thu\u1ea7n chay, thay th\u1ebf cho s\u1eefa b\u00f2.<\/li>\n<\/ul>\n<p><img loading=\"lazy\" decoding=\"async\" class=\"aligncenter  wp-image-40950\" src=\"https:\/\/havamall.com\/wp-content\/uploads\/2025\/07\/coffee-oat.jpg\" alt=\"\" width=\"850\" height=\"567\" \/><\/p>\n<p data-start=\"7204\" data-end=\"7529\"><strong data-start=\"7204\" data-end=\"7238\">MILKLAB Oat Milk for Coffee 1L<\/strong>\u00a0l\u00e0 l\u1ef1a ch\u1ecdn tuy\u1ec7t v\u1eddi cho ng\u01b0\u1eddi y\u00eau c\u00e0 ph\u00ea, s\u1ed1ng l\u00e0nh m\u1ea1nh v\u00e0 quan t\u00e2m \u0111\u1ebfn ch\u1ea5t l\u01b0\u1ee3ng. Kh\u00f4ng ch\u1ec9 ph\u00f9 h\u1ee3p v\u1edbi barista chuy\u00ean nghi\u1ec7p, s\u1ea3n ph\u1ea9m c\u00f2n l\u00fd t\u01b0\u1edfng \u0111\u1ec3 s\u1eed d\u1ee5ng t\u1ea1i nh\u00e0 \u2013 v\u1eeba ngon, v\u1eeba d\u1ec5 ti\u00eau h\u00f3a.\u00a0<strong data-start=\"7441\" data-end=\"7481\">S\u1ea3n ph\u1ea9m hi\u1ec7n \u0111\u00e3 c\u00f3 m\u1eb7t t\u1ea1i Havamall<\/strong>, s\u1eb5n s\u00e0ng \u0111\u1ec3 b\u1ea1n n\u00e2ng c\u1ea5p t\u00e1ch c\u00e0 ph\u00ea m\u1ed7i s\u00e1ng.<\/p>\n<\/div>\n<\/div>","protected":false},"excerpt":{"rendered":"<p>TH\u00d4NG TIN S\u1ea2N PH\u1ea8M Th\u01b0\u01a1ng hi\u1ec7u MILKLAB Xu\u1ea5t x\u1ee9 \u00dac Th\u00e0nh ph\u1ea7n N\u01b0\u1edbc, y\u1ebfn m\u1ea1ch (15%), d\u1ea7u h\u01b0\u1edbng d\u01b0\u01a1ng, ch\u1ea5t<\/p>","protected":false},"featured_media":39920,"comment_status":"open","ping_status":"closed","template":"","meta":[],"product_brand":[],"product_cat":[677,135],"product_tag":[],"class_list":{"0":"post-39919","1":"product","2":"type-product","3":"status-publish","4":"has-post-thumbnail","6":"product_cat-cac-nuoc-khac","7":"product_cat-sua-do-uong","9":"first","10":"instock","11":"sale","12":"shipping-taxable","13":"purchasable","14":"product-type-simple"},"_links":{"self":[{"href":"https:\/\/havamall.vn\/en\/wp-json\/wp\/v2\/product\/39919"}],"collection":[{"href":"https:\/\/havamall.vn\/en\/wp-json\/wp\/v2\/product"}],"about":[{"href":"https:\/\/havamall.vn\/en\/wp-json\/wp\/v2\/types\/product"}],"replies":[{"embeddable":true,"href":"https:\/\/havamall.vn\/en\/wp-json\/wp\/v2\/comments?post=39919"}],"version-history":[{"count":0,"href":"https:\/\/havamall.vn\/en\/wp-json\/wp\/v2\/product\/39919\/revisions"}],"wp:featuredmedia":[{"embeddable":true,"href":"https:\/\/havamall.vn\/en\/wp-json\/wp\/v2\/media\/39920"}],"wp:attachment":[{"href":"https:\/\/havamall.vn\/en\/wp-json\/wp\/v2\/media?parent=39919"}],"wp:term":[{"taxonomy":"product_brand","embeddable":true,"href":"https:\/\/havamall.vn\/en\/wp-json\/wp\/v2\/product_brand?post=39919"},{"taxonomy":"product_cat","embeddable":true,"href":"https:\/\/havamall.vn\/en\/wp-json\/wp\/v2\/product_cat?post=39919"},{"taxonomy":"product_tag","embeddable":true,"href":"https:\/\/havamall.vn\/en\/wp-json\/wp\/v2\/product_tag?post=39919"}],"curies":[{"name":"wp","href":"https:\/\/api.w.org\/{rel}","templated":true}]}}